{"id":1502,"date":"2013-05-24T09:09:41","date_gmt":"2013-05-24T09:09:41","guid":{"rendered":"http:\/\/www.humanium.org\/es\/?page_id=1502"},"modified":"2025-12-05T17:45:33","modified_gmt":"2025-12-05T17:45:33","slug":"camboya","status":"publish","type":"page","link":"https:\/\/www.humanium.org\/es\/camboya\/","title":{"rendered":"Ni\u00f1os de Camboya"},"content":{"rendered":"<h1>Ni\u00f1os de Camboya<\/h1>\n<h2>Descubriendo los derechos del ni\u00f1o en Camboya<\/h2>\n<p style=\"text-align: center;\"><img loading=\"lazy\" decoding=\"async\" class=\" wp-image-27256 alignnone\" title=\"Ni\u00f1a de Camboya \u00a9 P.Sudhakaran (UN photo)\" src=\"https:\/\/www.humanium.org\/fr\/wp-content\/uploads\/2011\/07\/fillette-cambodge-un-photo-p-sudhakaran.jpg\" alt=\"\" width=\"183\" height=\"200\" \/> <img loading=\"lazy\" decoding=\"async\" class=\"alignnone wp-image-27262\" title=\"Ni\u00f1o de Camboya \u00a9 Getty Images\" src=\"https:\/\/www.humanium.org\/fr\/wp-content\/uploads\/2011\/07\/garcon-cambodge-getty-images.jpg\" alt=\"\" width=\"187\" height=\"200\" \/><\/p>\n<p>Aunque en la actualidad su econom\u00eda constituye una de las m\u00e1s din\u00e1micas de Asia, Camboya a\u00fan est\u00e1 lejos de proteger lo suficiente los derechos de los ni\u00f1os. En efecto, la situaci\u00f3n de \u00e9stos es grave, cruel y tr\u00e1gica. Por lo que, este pa\u00eds debe volcarse en realizar esfuerzos para que los ni\u00f1os puedan gozar de mejores condiciones de vida.<\/p>\n<h3>Principales problemas que afectan a los ni\u00f1os en Camboya:<\/h3>\n<p><strong>Pobreza<br \/>\n<\/strong><br \/>\nAproximadamente un tercio de la poblaci\u00f3n camboyana vive por debajo del umbral de la pobreza. El pa\u00eds apenas se repone de una violenta guerra que la destroz\u00f3 al final del siglo veinte. En Camboya existe un gran contraste entre las \u00e1reas urbanas y rurales. Estas \u00faltimas son las m\u00e1s afectadas por la pobreza. La mayor\u00eda de los ni\u00f1os de las regiones pobres est\u00e1n expuestos a la malnutrici\u00f3n y a condiciones de vida muy marginales.<\/p>\n<p><strong>Derecho a la salud<br \/>\n<\/strong><br \/>\n<img loading=\"lazy\" decoding=\"async\" class=\"size-full wp-image-11369 alignright\" title=\"\u2022 El derecho a la salud es todav\u00eda una problem\u00e1tica en Camboya. \u00a9 John-Isaac (UN photo)\" src=\"https:\/\/www.humanium.org\/fr\/wp-content\/uploads\/2011\/07\/sante-cambodge-un-photo-john-isaac.jpg\" alt=\"\" width=\"188\" height=\"178\" \/>La situaci\u00f3n es grave y la salud de los ni\u00f1os mediocre en Camboya.<\/p>\n<p>El SIDA est\u00e1 ampliamente propagado. Un tercio de nuevas infecciones se transmiten de la madre al ni\u00f1o. Adem\u00e1s, un gran n\u00famero de ellos quedan hu\u00e9rfanos despu\u00e9s de la muerte de sus padres por SIDA.<\/p>\n<p>Las instalaciones hospitalarias son insuficientes y sobre todo est\u00e1n en muy mal estado. A menudo, no disponen de servicio de pediatr\u00eda. Con lo que los ni\u00f1os se enfrentan a todas las infecciones y enfermedades presentes en el hospital.<\/p>\n<p>La salud de los ni\u00f1os tambi\u00e9n se ve afectada por las consecuencias de los conflictos que golpean a Camboya. Por ejemplo, la mitad de las v\u00edctimas de las minas antipersonal son ni\u00f1os.<\/p>\n<p>M\u00e1s de tres cuartos de los nacimientos se dan en la casa de la madre, lo que explica, en parte, el alto \u00edndice de mortalidad infantil en el pa\u00eds.<\/p>\n<p><strong>Derecho al agua<br \/>\n<\/strong><br \/>\nLa falta de acceso al agua potable es un problema muy grave en Camboya. En particular, las zonas rurales son las m\u00e1s afectadas. En estas regiones, aproximadamente, s\u00f3lo el 16% de la poblaci\u00f3n dispone de agua potable, mientras que alrededor del 80% de los camboyanos viven en el campo. Numerosos ni\u00f1os mueren as\u00ed de enfermedades diarreicas. La higiene es tambi\u00e9n una problem\u00e1tica: las familias y a\u00fan las escuelas no est\u00e1n equipadas con ba\u00f1os.<\/p>\n<p><strong>Derecho a la educaci\u00f3n<br \/>\n<\/strong><br \/>\n<img loading=\"lazy\" decoding=\"async\" class=\"alignright size-full wp-image-11370\" title=\"M\u00e1s de 10 % de los ni\u00f1os camboyanos no van a la escuela. \u00a9 Daniel Riffet (Unesco)\" src=\"https:\/\/www.humanium.org\/fr\/wp-content\/uploads\/2011\/07\/education-cambodge-Unesco-Daniel-Riffet.jpg\" alt=\"\" width=\"167\" height=\"200\" \/>M\u00e1s del 10% de los ni\u00f1os camboyanos no van a la escuela en la actualidad. El acceso a la educaci\u00f3n para las ni\u00f1as es a\u00fan m\u00e1s restringido: s\u00f3lo el 20% de ellas van a una escuela secundaria. Aunque el \u00edndice de escolarizaci\u00f3n mejor\u00f3 en los \u00faltimos a\u00f1os, las condiciones de escolaridad son deplorables. El material y la higiene en las escuelas son ampliamente insuficientes. Adem\u00e1s, los ni\u00f1os combinan trabajo y escuela. As\u00ed pues, no pueden estudiar en buenas condiciones.<\/p>\n<p><strong>Trabajo infantil<br \/>\n<\/strong><br \/>\nEl trabajo es una realidad diaria para aproximadamente 45% de los ni\u00f1os de 5 a 14 a\u00f1os en Camboya. Se estima que m\u00e1s de 300 000 ni\u00f1os son obligados a trabajar para cubrir las necesidades de su familia. Tareas extremamente peligrosas esperan a los ni\u00f1os de las familias m\u00e1s pobres. Algunos de ellos trabajan de forma abusiva en las salinas, f\u00e1bricas o para las industrias de construcci\u00f3n en pleno auge. Otros, a menudo, se enfrentan al comercio sexual o de la droga.<\/p>\n<p><strong>Tr\u00e1fico de ni\u00f1os y explotaci\u00f3n sexual<br \/>\n<\/strong><br \/>\n<img loading=\"lazy\" decoding=\"async\" class=\"size-full wp-image-11371 alignright\" title=\"El tr\u00e1fico de los ni\u00f1os y su explotaci\u00f3n es una realidad diaria en Camboya. \u00a9 J.Bleibtreu (UN photo)\" src=\"https:\/\/www.humanium.org\/fr\/wp-content\/uploads\/2011\/07\/cambodge-conflit-un-photo-j-bleibtreu.jpg\" alt=\"\" width=\"164\" height=\"194\" \/>Muchos ni\u00f1os camboyanos en la b\u00fasqueda de empleo son, a menudo, v\u00edctimas de explotaciones y agresiones sexuales. Una gran parte de este tr\u00e1fico se lleva a cabo en la frontera con Tailandia. As\u00ed, muchos son vendidos para formar parte de la red tailandesa de prostituci\u00f3n. Los j\u00f3venes camboyanos que huyen de la pobreza de su pa\u00eds se encuentran en el seno del comercio sexual donde se enfrentan a maltratos, agresiones, embarazos no deseados y condiciones de vida muy miserables.<\/p>\n<p>Tambi\u00e9n, se practica \u201cla esclavitud por deuda\u201d: la joven es vendida al propietario de una casa cerrada. Sus ingresos se confiscan y sirven para reembolsar la deuda de la familia y remunerar a su empleador.<\/p>\n<p>La legislaci\u00f3n camboyana reprime estos tratos de ni\u00f1os y explotaci\u00f3n sexual. Desafortunadamente, los polic\u00edas no son dignos de confianza. Ellos mismos son frecuentemente autores de acoso, abuso y violencia con aquellos y aquellas que arrestan. As\u00ed, las escasas violaciones y agresiones que se denuncian se pierden en un sistema judicial totalmente corrupto.<\/p>\n<p><strong>Matrimonio infantil<br \/>\n<\/strong><br \/>\nEl 23% de las j\u00f3venes camboyanas interrogadas confiesan haberse casado antes de los 18 a\u00f1os.<\/p>\n<p>Cuando una ni\u00f1a es violada y el agresor es conocido, la familia de la v\u00edctima, avergonzada de la impureza de su hija, propone matrimonio al violador. Entonces, la joven debe sobrellevar las consecuencias deplorables de la violaci\u00f3n y las de un matrimonio a una corta edad. Adem\u00e1s, tiene que aceptar compartir su vida con su violador. Tal situaci\u00f3n es dram\u00e1tica y las consecuencias psicol\u00f3gicas que engendra son generalmente irremediables.<\/p>\n<p><strong>Derecho a la identidad<\/strong><br \/>\n<img loading=\"lazy\" decoding=\"async\" class=\"alignright size-full wp-image-11372\" title=\"M\u00e1s de 30% de los nacimientos no se registran en Camboya. \u00a9 Georges Malempr\u00e9 (UNESCO)\" src=\"https:\/\/www.humanium.org\/fr\/wp-content\/uploads\/2011\/07\/cambodge-fille-georges-malempre-unesco.jpg\" alt=\"\" width=\"103\" height=\"183\" \/><br \/>\nM\u00e1s de 30% de los nacimientos no son declarados oficialmente en Camboya.<\/p>\n<p>El registro del nacimiento y la atribuci\u00f3n de la nacionalidad al ni\u00f1o le otorga su capacidad jur\u00eddica. Para los ni\u00f1os cuya identidad no se registra, significa que no se reconocer\u00e1n oficialmente como miembros de la sociedad. No podr\u00e1n hacer valer sus derechos. Entonces, ser\u00e1n invisibles a los ojos de la sociedad.<\/p>\n","protected":false},"excerpt":{"rendered":"<p>Ni\u00f1os de Camboya Descubriendo los derechos del ni\u00f1o en Camboya Aunque en la actualidad su econom\u00eda constituye una de las m\u00e1s din\u00e1micas de Asia, Camboya a\u00fan est\u00e1 lejos de proteger lo suficiente los derechos de los ni\u00f1os. En efecto, la situaci\u00f3n de \u00e9stos es grave, cruel y tr\u00e1gica. Por lo que, este pa\u00eds debe volcarse [&hellip;]<\/p>\n","protected":false},"author":1,"featured_media":0,"parent":0,"menu_order":0,"comment_status":"closed","ping_status":"open","template":"","meta":{"footnotes":""},"class_list":["post-1502","page","type-page","status-publish","hentry"],"yoast_head":"<!-- This site is optimized with the Yoast SEO plugin v26.5 - https:\/\/yoast.com\/wordpress\/plugins\/seo\/ -->\n<title>Ni\u00f1os de Camboya - Humanium<\/title>\n<meta name=\"description\" content=\"Camboya a\u00fan est\u00e1 lejos de proteger lo suficiente los derechos de los ni\u00f1os. En efecto, la situaci\u00f3n de \u00e9stos es grave, cruel y tr\u00e1gica.\" \/>\n<meta name=\"robots\" content=\"index, follow, max-snippet:-1, max-image-preview:large, max-video-preview:-1\" \/>\n<link rel=\"canonical\" href=\"https:\/\/www.humanium.org\/es\/camboya\/\" \/>\n<meta property=\"og:locale\" content=\"es_ES\" \/>\n<meta property=\"og:type\" content=\"article\" \/>\n<meta property=\"og:title\" content=\"Ni\u00f1os de Camboya - Humanium\" \/>\n<meta property=\"og:description\" content=\"Camboya a\u00fan est\u00e1 lejos de proteger lo suficiente los derechos de los ni\u00f1os. En efecto, la situaci\u00f3n de \u00e9stos es grave, cruel y tr\u00e1gica.\" \/>\n<meta property=\"og:url\" content=\"https:\/\/www.humanium.org\/es\/camboya\/\" \/>\n<meta property=\"og:site_name\" content=\"Humanium\" \/>\n<meta property=\"article:modified_time\" content=\"2025-12-05T17:45:33+00:00\" \/>\n<meta name=\"twitter:card\" content=\"summary_large_image\" \/>\n<meta name=\"twitter:label1\" content=\"Tiempo de lectura\" \/>\n\t<meta name=\"twitter:data1\" content=\"6 minutos\" \/>\n<script type=\"application\/ld+json\" class=\"yoast-schema-graph\">{\"@context\":\"https:\/\/schema.org\",\"@graph\":[{\"@type\":\"WebPage\",\"@id\":\"https:\/\/www.humanium.org\/es\/camboya\/\",\"url\":\"https:\/\/www.humanium.org\/es\/camboya\/\",\"name\":\"Ni\u00f1os de Camboya - Humanium\",\"isPartOf\":{\"@id\":\"https:\/\/www.humanium.org\/es\/#website\"},\"primaryImageOfPage\":{\"@id\":\"https:\/\/www.humanium.org\/es\/camboya\/#primaryimage\"},\"image\":{\"@id\":\"https:\/\/www.humanium.org\/es\/camboya\/#primaryimage\"},\"thumbnailUrl\":\"https:\/\/www.humanium.org\/fr\/wp-content\/uploads\/2011\/07\/fillette-cambodge-un-photo-p-sudhakaran.jpg\",\"datePublished\":\"2013-05-24T09:09:41+00:00\",\"dateModified\":\"2025-12-05T17:45:33+00:00\",\"description\":\"Camboya a\u00fan est\u00e1 lejos de proteger lo suficiente los derechos de los ni\u00f1os. En efecto, la situaci\u00f3n de \u00e9stos es grave, cruel y tr\u00e1gica.\",\"breadcrumb\":{\"@id\":\"https:\/\/www.humanium.org\/es\/camboya\/#breadcrumb\"},\"inLanguage\":\"es\",\"potentialAction\":[{\"@type\":\"ReadAction\",\"target\":[\"https:\/\/www.humanium.org\/es\/camboya\/\"]}]},{\"@type\":\"ImageObject\",\"inLanguage\":\"es\",\"@id\":\"https:\/\/www.humanium.org\/es\/camboya\/#primaryimage\",\"url\":\"https:\/\/www.humanium.org\/fr\/wp-content\/uploads\/2011\/07\/fillette-cambodge-un-photo-p-sudhakaran.jpg\",\"contentUrl\":\"https:\/\/www.humanium.org\/fr\/wp-content\/uploads\/2011\/07\/fillette-cambodge-un-photo-p-sudhakaran.jpg\"},{\"@type\":\"BreadcrumbList\",\"@id\":\"https:\/\/www.humanium.org\/es\/camboya\/#breadcrumb\",\"itemListElement\":[{\"@type\":\"ListItem\",\"position\":1,\"name\":\"Home\",\"item\":\"https:\/\/www.humanium.org\/es\/\"},{\"@type\":\"ListItem\",\"position\":2,\"name\":\"Ni\u00f1os de Camboya\"}]},{\"@type\":\"WebSite\",\"@id\":\"https:\/\/www.humanium.org\/es\/#website\",\"url\":\"https:\/\/www.humanium.org\/es\/\",\"name\":\"Humanium\",\"description\":\"\u00a1Los ni\u00f1os primero!\",\"potentialAction\":[{\"@type\":\"SearchAction\",\"target\":{\"@type\":\"EntryPoint\",\"urlTemplate\":\"https:\/\/www.humanium.org\/es\/?s={search_term_string}\"},\"query-input\":{\"@type\":\"PropertyValueSpecification\",\"valueRequired\":true,\"valueName\":\"search_term_string\"}}],\"inLanguage\":\"es\"}]}<\/script>\n<!-- \/ Yoast SEO plugin. -->","yoast_head_json":{"title":"Ni\u00f1os de Camboya - Humanium","description":"Camboya a\u00fan est\u00e1 lejos de proteger lo suficiente los derechos de los ni\u00f1os. En efecto, la situaci\u00f3n de \u00e9stos es grave, cruel y tr\u00e1gica.","robots":{"index":"index","follow":"follow","max-snippet":"max-snippet:-1","max-image-preview":"max-image-preview:large","max-video-preview":"max-video-preview:-1"},"canonical":"https:\/\/www.humanium.org\/es\/camboya\/","og_locale":"es_ES","og_type":"article","og_title":"Ni\u00f1os de Camboya - Humanium","og_description":"Camboya a\u00fan est\u00e1 lejos de proteger lo suficiente los derechos de los ni\u00f1os. En efecto, la situaci\u00f3n de \u00e9stos es grave, cruel y tr\u00e1gica.","og_url":"https:\/\/www.humanium.org\/es\/camboya\/","og_site_name":"Humanium","article_modified_time":"2025-12-05T17:45:33+00:00","twitter_card":"summary_large_image","twitter_misc":{"Tiempo de lectura":"6 minutos"},"schema":{"@context":"https:\/\/schema.org","@graph":[{"@type":"WebPage","@id":"https:\/\/www.humanium.org\/es\/camboya\/","url":"https:\/\/www.humanium.org\/es\/camboya\/","name":"Ni\u00f1os de Camboya - Humanium","isPartOf":{"@id":"https:\/\/www.humanium.org\/es\/#website"},"primaryImageOfPage":{"@id":"https:\/\/www.humanium.org\/es\/camboya\/#primaryimage"},"image":{"@id":"https:\/\/www.humanium.org\/es\/camboya\/#primaryimage"},"thumbnailUrl":"https:\/\/www.humanium.org\/fr\/wp-content\/uploads\/2011\/07\/fillette-cambodge-un-photo-p-sudhakaran.jpg","datePublished":"2013-05-24T09:09:41+00:00","dateModified":"2025-12-05T17:45:33+00:00","description":"Camboya a\u00fan est\u00e1 lejos de proteger lo suficiente los derechos de los ni\u00f1os. En efecto, la situaci\u00f3n de \u00e9stos es grave, cruel y tr\u00e1gica.","breadcrumb":{"@id":"https:\/\/www.humanium.org\/es\/camboya\/#breadcrumb"},"inLanguage":"es","potentialAction":[{"@type":"ReadAction","target":["https:\/\/www.humanium.org\/es\/camboya\/"]}]},{"@type":"ImageObject","inLanguage":"es","@id":"https:\/\/www.humanium.org\/es\/camboya\/#primaryimage","url":"https:\/\/www.humanium.org\/fr\/wp-content\/uploads\/2011\/07\/fillette-cambodge-un-photo-p-sudhakaran.jpg","contentUrl":"https:\/\/www.humanium.org\/fr\/wp-content\/uploads\/2011\/07\/fillette-cambodge-un-photo-p-sudhakaran.jpg"},{"@type":"BreadcrumbList","@id":"https:\/\/www.humanium.org\/es\/camboya\/#breadcrumb","itemListElement":[{"@type":"ListItem","position":1,"name":"Home","item":"https:\/\/www.humanium.org\/es\/"},{"@type":"ListItem","position":2,"name":"Ni\u00f1os de Camboya"}]},{"@type":"WebSite","@id":"https:\/\/www.humanium.org\/es\/#website","url":"https:\/\/www.humanium.org\/es\/","name":"Humanium","description":"\u00a1Los ni\u00f1os primero!","potentialAction":[{"@type":"SearchAction","target":{"@type":"EntryPoint","urlTemplate":"https:\/\/www.humanium.org\/es\/?s={search_term_string}"},"query-input":{"@type":"PropertyValueSpecification","valueRequired":true,"valueName":"search_term_string"}}],"inLanguage":"es"}]}},"_links":{"self":[{"href":"https:\/\/www.humanium.org\/es\/wp-json\/wp\/v2\/pages\/1502","targetHints":{"allow":["GET"]}}],"collection":[{"href":"https:\/\/www.humanium.org\/es\/wp-json\/wp\/v2\/pages"}],"about":[{"href":"https:\/\/www.humanium.org\/es\/wp-json\/wp\/v2\/types\/page"}],"author":[{"embeddable":true,"href":"https:\/\/www.humanium.org\/es\/wp-json\/wp\/v2\/users\/1"}],"replies":[{"embeddable":true,"href":"https:\/\/www.humanium.org\/es\/wp-json\/wp\/v2\/comments?post=1502"}],"version-history":[{"count":4,"href":"https:\/\/www.humanium.org\/es\/wp-json\/wp\/v2\/pages\/1502\/revisions"}],"predecessor-version":[{"id":20427,"href":"https:\/\/www.humanium.org\/es\/wp-json\/wp\/v2\/pages\/1502\/revisions\/20427"}],"wp:attachment":[{"href":"https:\/\/www.humanium.org\/es\/wp-json\/wp\/v2\/media?parent=1502"}],"curies":[{"name":"wp","href":"https:\/\/api.w.org\/{rel}","templated":true}]}}