{"id":1506,"date":"2013-05-24T09:29:24","date_gmt":"2013-05-24T09:29:24","guid":{"rendered":"http:\/\/www.humanium.org\/es\/?page_id=1506"},"modified":"2025-12-05T17:45:25","modified_gmt":"2025-12-05T17:45:25","slug":"china","status":"publish","type":"page","link":"https:\/\/www.humanium.org\/es\/china\/","title":{"rendered":"Ni\u00f1os de China"},"content":{"rendered":"<h1>Ni\u00f1os de China<\/h1>\n<h2>Descubriendo los derechos infantiles en China<\/h2>\n<p style=\"text-align: center;\"><img loading=\"lazy\" decoding=\"async\" class=\" wp-image-27256 alignnone\" title=\"Ni\u00f1a de China \u00a9 Brian Yap\" src=\"https:\/\/www.humanium.org\/fr\/wp-content\/uploads\/2011\/07\/fillette-chine-Brian-yap.jpg\" alt=\"\" width=\"166\" height=\"200\" \/> <img loading=\"lazy\" decoding=\"async\" class=\"alignnone wp-image-27262\" title=\"Ni\u00f1o de China \u00a9 Rodrigo Benenson\" src=\"https:\/\/www.humanium.org\/fr\/wp-content\/uploads\/2011\/07\/chine-garcon-rodrigo-benenson.jpg\" alt=\"\" width=\"154\" height=\"200\" \/><\/p>\n<p>A pesar de que en estos \u00faltimos a\u00f1os se ha experimentado un cierto progreso, los ni\u00f1os chinos contin\u00faan sin beneficiarse plenamente de sus derechos. El tr\u00e1fico infantil, las desigualdades a nivel sanitario y educativo entre las diferentes regiones, la situaci\u00f3n del T\u00edbet, entre otros, siguen siendo problemas alarmantes.<\/p>\n<h3>Principales problemas que afectan a los ni\u00f1os en China:<\/h3>\n<p><strong>Pobreza<br \/>\n<\/strong><br \/>\nA pesar de las iniciativas del gobierno chino para reducir el nivel de pobreza, la repartici\u00f3n de la riqueza en China sigue siendo muy desigual. Se considera que cerca de 4,3 millones de ni\u00f1os viven en condiciones de pobreza extrema; adem\u00e1s, se calcula que cerca de 9 millones de ni\u00f1os son \u201cdesfavorecidos\u201d. Las familias que sufren m\u00e1s la pobreza son aquellas que viven en regiones rurales o las que pertenecen a minor\u00edas \u00e9tnicas.<\/p>\n<p><strong>Pol\u00edtica del hijo \u00fanico<br \/>\n<\/strong><br \/>\n<img loading=\"lazy\" decoding=\"async\" class=\"size-full wp-image-11397 alignright\" title=\"La familia china ideal: una pareja y un hijo \u00fanico \u00a9 Lane Oatey\" src=\"https:\/\/www.humanium.org\/fr\/wp-content\/uploads\/2011\/07\/chine-enfant-unique-lane-oatey.jpg\" alt=\"\" width=\"283\" height=\"200\" \/>\u00bfC\u00f3mo no vamos a mencionar la pol\u00edtica del hijo \u00fanico si hablamos de los ni\u00f1os en China? Este sistema de control de la tasa de natalidad, puesto en marcha en 1979 por el gobierno chino para regularizar los \u00edndices demogr\u00e1ficos del pa\u00eds, favorece con todo tipo de ventajas (alojamiento, educaci\u00f3n, sanidad, etc.) a las parejas que se limitan a tener un solo hijo. Sin embargo, las familias numerosas deben pagar una tasa. Aunque la etnia Han, la m\u00e1s grande en China, est\u00e1 exenta de pagar dicha tasa.<\/p>\n<p>Estas medidas causan muchos problemas a las familias pobres del campo, quienes cuentan con sus hijos, preferentemente con los varones, como mano de obra y como \u201cseguro de vida\u201d para cuando ya est\u00e9n al final de su vida. Desde 2002, esta pol\u00edtica se ha oficialmente dulcificado un poco para autorizar a estas familias del campo el nacimiento de un segundo hijo si el primero se trata de una ni\u00f1a o de un hijo discapacitado.<\/p>\n<p>Sin embargo, seg\u00fan las autoridades, se han \u201cevitado\u201d m\u00e1s de 400 millones de nacimientos a cambio de asegurar una mejor calidad de vida a las familias chinas.<\/p>\n<p>Una lamentable consecuencia de estas restricciones es el abandono de muchos ni\u00f1os, en particular ni\u00f1as peque\u00f1as, o tambi\u00e9n el infanticidio, en ciertas regiones, a pesar de que haya sido oficialmente impugnado por la ciudad de Pek\u00edn. El aborto selectivo (dependiendo del sexo del beb\u00e9) est\u00e1 prohibido por la ley, a pesar de que se practica mucho, lo que conlleva un desequilibrio importante entre el n\u00famero de ni\u00f1as y ni\u00f1os. Esta pol\u00edtica es, por tanto, muy problem\u00e1tica si la relacionamos con el derecho a la vida que garantiza el art\u00edculo 6 de la Convenci\u00f3n sobre los Derechos del Ni\u00f1o (CDN).<\/p>\n<p><strong>Tr\u00e1fico de ni\u00f1os<br \/>\n<\/strong><br \/>\nSeg\u00fan las estad\u00edsticas del gobierno chino, cerca de 100 000 mujeres y ni\u00f1os son v\u00edctimas de la trata de personas en China. Se calcula que los ni\u00f1os representan al menos un 10% de esa cifra. La mayor\u00eda de las v\u00edctimas son ni\u00f1os peque\u00f1os originarios de regiones pobres y rurales del oeste del pa\u00eds o a veces de otros pa\u00edses asi\u00e1ticos. \u00c9stos ni\u00f1os son vendidos al mejor postor. En cuanto a las ni\u00f1as, tambi\u00e9n v\u00edctimas de la trata de personas, son utilizadas a menudo para la explotaci\u00f3n sexual. La pol\u00edtica del hijo \u00fanico es tambi\u00e9n una de las causas de la explotaci\u00f3n sexual ya que muchos padres no dudan en vender sus hijas para tener una segunda oportunidad de tener un ni\u00f1o.<\/p>\n<p><strong>Derecho a la sanidad<br \/>\n<\/strong><br \/>\n<img loading=\"lazy\" decoding=\"async\" class=\"size-full wp-image-11399 alignright\" title=\"La tasa de mortalidad de ni\u00f1os menores de 5 a\u00f1os ha disminuido bastante en China. (Blue Jean Images)\" src=\"https:\/\/www.humanium.org\/fr\/wp-content\/uploads\/2011\/07\/chine-sante-blue-jean-images.jpg\" alt=\"\" width=\"148\" height=\"99\" \/>Estos \u00faltimos veinte a\u00f1os, China ha logrado grandes progresos en el acceso a la sanidad, reduciendo la mortalidad infantil de 65 a 19 muertes de media por cada mil nacimientos. La esperanza de vida tambi\u00e9n ha aumentado, siendo ahora de m\u00e1s de 70 a\u00f1os.<\/p>\n<p>Sin embargo, entre las diferentes regiones y etnias chinas contin\u00faan existiendo grandes contrastes en el \u00e1mbito de la sanidad. Se puede observar que los m\u00e9dicos escasean mucho m\u00e1s entre la poblaci\u00f3n proveniente de regiones rurales y pobres, que los de minor\u00edas \u00e9tnicas. Por ejemplo, mientras que en Shanghai la tasa de mortalidad de ni\u00f1os menores de 5 a\u00f1os se eleva a menos de un 10%, en el T\u00edbet \u00e9sta es de un 450%.<\/p>\n<p><strong>Derecho a la educaci\u00f3n<br \/>\n<\/strong><br \/>\n<img loading=\"lazy\" decoding=\"async\" class=\"alignright size-medium wp-image-11400\" title=\"Un 75% de los ni\u00f1os que abandonan el colegio son ni\u00f1as.(Blue Jean Images)\" src=\"https:\/\/www.humanium.org\/fr\/wp-content\/uploads\/2011\/07\/chine-education-blu-jean-images-300x192.jpg\" alt=\"\" width=\"218\" height=\"140\" \/>El objetivo fijado por China es ofrecer la escolaridad obligatoria durante nueve a\u00f1os a cada ni\u00f1o. Sin embargo, cada a\u00f1o, miles de ni\u00f1os abandonan el colegio.<\/p>\n<p>En China, los m\u00e9todos de ense\u00f1anza siguen siendo muy tradicionales y no fomentan la participaci\u00f3n activa de los alumnos. Uno de los principales problemas es que s\u00f3lo se ense\u00f1a y se habla en clase el chino, pero no las lenguas de las minor\u00edas \u00e9tnicas. Adem\u00e1s, en China, muchos colegios de primaria no est\u00e1n provistos del material ni del personal cualificado que se necesita. La universidad es muy cara, lo que impide que algunos estudiantes puedan acceder a una formaci\u00f3n superior ya que sus familias no disponen de medios para poder financiarles los estudios.<\/p>\n<p>Hay que hacer hincapi\u00e9 en el hecho de que dos tercios de los ni\u00f1os no escolarizados en China son ni\u00f1as. De toda la poblaci\u00f3n analfabeta, las mujeres representan un 70%. Los ni\u00f1os discapacitados tambi\u00e9n sufren discriminaci\u00f3n escolar: seg\u00fan las estad\u00edsticas oficiales, s\u00f3lo un 76% de ellos tienen acceso a la educaci\u00f3n.<\/p>\n<p><strong>Migraciones infantiles<br \/>\n<\/strong><br \/>\n<img loading=\"lazy\" decoding=\"async\" class=\"size-full wp-image-11401 alignright\" title=\"Se han censado cerca de 19 millones de ni\u00f1os que est\u00e1n sujetos a migraciones en China; la mayor\u00eda de ellos viven en condiciones precarias. (Blue Jean Images)\" src=\"https:\/\/www.humanium.org\/fr\/wp-content\/uploads\/2011\/07\/chine-migrant-blue-jean-images.jpg\" alt=\"\" width=\"134\" height=\"154\" \/>Se calcula que alrededor de 19 millones de ni\u00f1os migran en China. Provenientes de regiones rurales, han seguido a sus padres, desplaz\u00e1ndose a zonas urbanas con la esperanza de encontrar trabajo. La gran mayor\u00eda de estos ni\u00f1os tienen un acceso muy limitado a la educaci\u00f3n y a la sanidad, viviendo a menudo en condiciones muy precarias.<\/p>\n<p>Muchos de ellos viven en la calle: de los 150 000 ni\u00f1os sin techo censados en China, la mayor\u00eda son ni\u00f1os desplazados.<\/p>\n<p>Adem\u00e1s, son v\u00edctimas de una discriminaci\u00f3n generalizada por su pobreza y, a veces, por su dificultad para aprender otro dialecto. Existen colegios especializados para ni\u00f1os desplazados, pero la mayor\u00eda no est\u00e1n reconocidos por lo que los diplomas expedidos no sirven de nada y la b\u00fasqueda de un empleo cualificado es casi imposible.<\/p>\n<p><strong>Libertad de expresi\u00f3n<br \/>\n<\/strong><br \/>\n<img loading=\"lazy\" decoding=\"async\" class=\"alignright size-full wp-image-11403\" title=\"Los ni\u00f1os tienen derecho a la informaci\u00f3n y a la libertad de expresi\u00f3n. \u00a9 Mike Kemp\" src=\"https:\/\/www.humanium.org\/fr\/wp-content\/uploads\/2011\/07\/chine-expression-mike-kemp.jpg\" alt=\"\" width=\"215\" height=\"180\" \/>Aunque la constituci\u00f3n china dispone que la libertad de expresi\u00f3n est\u00e1 garantizada, en la pr\u00e1ctica esta libertad est\u00e1 muy limitada. Los medios de comunicaci\u00f3n est\u00e1n muy controlados, los defensores de los derechos humanos son a menudo encarcelados y el gobierno ejerce una pol\u00edtica de censura muy estricta, sobre todo en Internet.<\/p>\n<p>Estas restricciones impiden a los ni\u00f1os chinos ejercer su derecho a la informaci\u00f3n y a expresarse libremente, violando, as\u00ed, el art\u00edculo 13 de la Convenci\u00f3n sobre los Derechos del Ni\u00f1o.<\/p>\n<p><strong>Justicia de menores<\/strong><\/p>\n<p>Las estad\u00edsticas han mostrado que la delincuencia juvenil en China tiende a aumentar. El Estado, por tanto, ha introducido un r\u00e9gimen de derecho penal de menores muy estricto; el 99% de los casos que pasan por la justicia terminan con una condena. Las condiciones en las que se detienen a estos menores son criticadas por las ONG activas en este asunto ya que los ni\u00f1os, en la mayor\u00eda de los casos, son arrestados en las mismas prisiones que los adultos, sin ning\u00fan tipo de separaci\u00f3n, al contrario de lo que indica el CIDE (Centro de Investigaci\u00f3n y Desarrollo de la Educaci\u00f3n).<\/p>\n<p>Los ni\u00f1os que son condenados con ciertas medidas de reeducaci\u00f3n, en los que llaman colegios de \u201ctrabajo y educaci\u00f3n\u201d, no tienen derecho a ser representados por un abogado durante el procedimiento, ni de recurrir la sentencia. En estos reformatorios, los j\u00f3venes delincuentes son obligados a trabajar en f\u00e1bricas o factor\u00edas, y no tienen derecho a comunicarse con sus familiares.<\/p>\n<p><strong>La violaci\u00f3n de los derechos infantiles del T\u00edbet<\/strong><\/p>\n<p><strong>Discriminaciones<br \/>\n<\/strong><br \/>\n<img loading=\"lazy\" decoding=\"async\" class=\"size-full wp-image-11404 alignright\" title=\"Los ni\u00f1os monjes en el T\u00edbet. \u00a9 Yungshu Chao\" src=\"https:\/\/www.humanium.org\/fr\/wp-content\/uploads\/2011\/07\/chine-tibet-discrimination-yungshu-chao.jpg\" alt=\"\" width=\"187\" height=\"144\" \/>En el T\u00edbet, el pleno cumplimiento de los derechos de los ni\u00f1os est\u00e1 lejos de ser alcanzado. Los ni\u00f1os tibetanos son v\u00edctimas de muchas discriminaciones, particularmente al nivel de formaci\u00f3n. Cerca del 49% de los j\u00f3venes tibetanos son analfabetos o incapaces de leer y escribir correctamente. Muchos ni\u00f1os que viven en regiones apartadas no tienen ni siquiera acceso a un colegio. Algunas familias no tienen medios para financiar la escolaridad de sus hijos.<\/p>\n<p>El gobierno chino invita a sus residentes extranjeros a que colonicen el T\u00edbet a cambio de atractivas ofertas salariales, poniendo en peligro, de esta forma, la econom\u00eda tibetana y causando una gran situaci\u00f3n de pobreza entre los ind\u00edgenas. Los ni\u00f1os son los primeros que sufren este cambio.<\/p>\n<p><strong>Derecho a la salud<br \/>\n<\/strong><br \/>\nPor otro lado, el acceso a los servicios sanitarios est\u00e1 muy limitado, haciendo del T\u00edbet la peor regi\u00f3n de China para vivir en cuestiones de salud. Los hospitales est\u00e1n concentrados en las zonas urbanas, mientras que cerca de un 40% de la poblaci\u00f3n tibetana a\u00fan es n\u00f3mada o semin\u00f3mada. Adem\u00e1s, los m\u00e9dicos les aplican tarifas prohibitivas a los tibetanos. La tasa de mortalidad infantil de China es una de las m\u00e1s elevadas del mundo. Los m\u00e9dicos que practican medicina tradicional en los pueblos no saben ni siquiera curar las infecciones y enfermedades m\u00e1s b\u00e1sicas de los ni\u00f1os (como por ejemplo, la rub\u00e9ola o incluso los problemas dentales).<\/p>\n<p><strong>Derecho a la alimentaci\u00f3n<br \/>\n<\/strong><br \/>\nLa alimentaci\u00f3n de algunos ni\u00f1os tibetanos es muy poco variada ya que el clima no favorece la agricultura. Comen muy poca o casi nada de verdura, lo que les crea carencias alimenticias importantes. Son muchos los ni\u00f1os que sufren desnutrici\u00f3n.<\/p>\n<p><strong>Libertad de culto<br \/>\n<\/strong><br \/>\nSon sobre todo los ni\u00f1os tibetanos los que sufren violaciones a su libertad de culto. Las autoridades chinas intentan controlar la religi\u00f3n budista tibetana. El caso del onceavo Panchen Lama, el jefe espiritual m\u00e1s importante tras el Dala\u00ef-Lama, ilustra bien este problema: unos d\u00edas despu\u00e9s de ser reconocido como la nueva reencarnaci\u00f3n del Panchen Lama, el joven designado es raptado y encarcelado por las autoridades chinas que nombran a otro chico en su lugar. Todav\u00eda hoy, persiste el misterio sobre qu\u00e9 le habr\u00e1 pasado al que los tibetanos consideraban el \u201cverdadero\u201d Panchen Lama.<\/p>\n<p>Otro problema es el de la edad con la que algunos ni\u00f1os son introducidos en el monasterio. En el T\u00edbet podemos encontrar peque\u00f1os monjes que apenas tienen 5 a\u00f1os. Las razones que llevan a las familias a confiar sus hijos tan peque\u00f1os a los religiosos son muchas (pobreza, razones hist\u00f3ricas, etc.), pero s\u00ed es verdad que el derecho de estos ni\u00f1os a elegir entre esta vida o a expresarse sobre esta elecci\u00f3n es totalmente ignorado.<\/p>\n<p>Adem\u00e1s, estos peque\u00f1os monjes son a menudo arrestados por oponerse al gobierno e incluso, ciertos informes de las ONG, establecen que algunos de ellos son torturados.<\/p>\n<p>Por tanto, la situaci\u00f3n de los derechos humanos en el T\u00edbet est\u00e1 a\u00fan bastante tensa. Las ONG tienen problemas para ofrecer su ayuda ya que las autoridades chinas est\u00e1n muy reticentes y s\u00f3lo lo ven como una injerencia.<\/p>\n","protected":false},"excerpt":{"rendered":"<p>Ni\u00f1os de China Descubriendo los derechos infantiles en China A pesar de que en estos \u00faltimos a\u00f1os se ha experimentado un cierto progreso, los ni\u00f1os chinos contin\u00faan sin beneficiarse plenamente de sus derechos. El tr\u00e1fico infantil, las desigualdades a nivel sanitario y educativo entre las diferentes regiones, la situaci\u00f3n del T\u00edbet, entre otros, siguen siendo [&hellip;]<\/p>\n","protected":false},"author":1,"featured_media":0,"parent":0,"menu_order":0,"comment_status":"closed","ping_status":"open","template":"","meta":{"footnotes":""},"class_list":["post-1506","page","type-page","status-publish","hentry"],"yoast_head":"<!-- This site is optimized with the Yoast SEO plugin v26.5 - https:\/\/yoast.com\/wordpress\/plugins\/seo\/ -->\n<title>Ni\u00f1os de China - Humanium<\/title>\n<meta name=\"description\" content=\"Los ni\u00f1os chinos a\u00fan no se benefician plenamente de sus derechos. El tr\u00e1fico infantil, la situaci\u00f3n del T\u00edbet, entre otros, siguen siendo problemas graves.\" \/>\n<meta name=\"robots\" content=\"index, follow, max-snippet:-1, max-image-preview:large, max-video-preview:-1\" \/>\n<link rel=\"canonical\" href=\"https:\/\/www.humanium.org\/es\/china\/\" \/>\n<meta property=\"og:locale\" content=\"es_ES\" \/>\n<meta property=\"og:type\" content=\"article\" \/>\n<meta property=\"og:title\" content=\"Ni\u00f1os de China - Humanium\" \/>\n<meta property=\"og:description\" content=\"Los ni\u00f1os chinos a\u00fan no se benefician plenamente de sus derechos. El tr\u00e1fico infantil, la situaci\u00f3n del T\u00edbet, entre otros, siguen siendo problemas graves.\" \/>\n<meta property=\"og:url\" content=\"https:\/\/www.humanium.org\/es\/china\/\" \/>\n<meta property=\"og:site_name\" content=\"Humanium\" \/>\n<meta property=\"article:modified_time\" content=\"2025-12-05T17:45:25+00:00\" \/>\n<meta name=\"twitter:card\" content=\"summary_large_image\" \/>\n<meta name=\"twitter:label1\" content=\"Tiempo de lectura\" \/>\n\t<meta name=\"twitter:data1\" content=\"10 minutos\" \/>\n<script type=\"application\/ld+json\" class=\"yoast-schema-graph\">{\"@context\":\"https:\/\/schema.org\",\"@graph\":[{\"@type\":\"WebPage\",\"@id\":\"https:\/\/www.humanium.org\/es\/china\/\",\"url\":\"https:\/\/www.humanium.org\/es\/china\/\",\"name\":\"Ni\u00f1os de China - Humanium\",\"isPartOf\":{\"@id\":\"https:\/\/www.humanium.org\/es\/#website\"},\"primaryImageOfPage\":{\"@id\":\"https:\/\/www.humanium.org\/es\/china\/#primaryimage\"},\"image\":{\"@id\":\"https:\/\/www.humanium.org\/es\/china\/#primaryimage\"},\"thumbnailUrl\":\"https:\/\/www.humanium.org\/fr\/wp-content\/uploads\/2011\/07\/fillette-chine-Brian-yap.jpg\",\"datePublished\":\"2013-05-24T09:29:24+00:00\",\"dateModified\":\"2025-12-05T17:45:25+00:00\",\"description\":\"Los ni\u00f1os chinos a\u00fan no se benefician plenamente de sus derechos. El tr\u00e1fico infantil, la situaci\u00f3n del T\u00edbet, entre otros, siguen siendo problemas graves.\",\"breadcrumb\":{\"@id\":\"https:\/\/www.humanium.org\/es\/china\/#breadcrumb\"},\"inLanguage\":\"es\",\"potentialAction\":[{\"@type\":\"ReadAction\",\"target\":[\"https:\/\/www.humanium.org\/es\/china\/\"]}]},{\"@type\":\"ImageObject\",\"inLanguage\":\"es\",\"@id\":\"https:\/\/www.humanium.org\/es\/china\/#primaryimage\",\"url\":\"https:\/\/www.humanium.org\/fr\/wp-content\/uploads\/2011\/07\/fillette-chine-Brian-yap.jpg\",\"contentUrl\":\"https:\/\/www.humanium.org\/fr\/wp-content\/uploads\/2011\/07\/fillette-chine-Brian-yap.jpg\"},{\"@type\":\"BreadcrumbList\",\"@id\":\"https:\/\/www.humanium.org\/es\/china\/#breadcrumb\",\"itemListElement\":[{\"@type\":\"ListItem\",\"position\":1,\"name\":\"Home\",\"item\":\"https:\/\/www.humanium.org\/es\/\"},{\"@type\":\"ListItem\",\"position\":2,\"name\":\"Ni\u00f1os de China\"}]},{\"@type\":\"WebSite\",\"@id\":\"https:\/\/www.humanium.org\/es\/#website\",\"url\":\"https:\/\/www.humanium.org\/es\/\",\"name\":\"Humanium\",\"description\":\"\u00a1Los ni\u00f1os primero!\",\"potentialAction\":[{\"@type\":\"SearchAction\",\"target\":{\"@type\":\"EntryPoint\",\"urlTemplate\":\"https:\/\/www.humanium.org\/es\/?s={search_term_string}\"},\"query-input\":{\"@type\":\"PropertyValueSpecification\",\"valueRequired\":true,\"valueName\":\"search_term_string\"}}],\"inLanguage\":\"es\"}]}<\/script>\n<!-- \/ Yoast SEO plugin. -->","yoast_head_json":{"title":"Ni\u00f1os de China - Humanium","description":"Los ni\u00f1os chinos a\u00fan no se benefician plenamente de sus derechos. El tr\u00e1fico infantil, la situaci\u00f3n del T\u00edbet, entre otros, siguen siendo problemas graves.","robots":{"index":"index","follow":"follow","max-snippet":"max-snippet:-1","max-image-preview":"max-image-preview:large","max-video-preview":"max-video-preview:-1"},"canonical":"https:\/\/www.humanium.org\/es\/china\/","og_locale":"es_ES","og_type":"article","og_title":"Ni\u00f1os de China - Humanium","og_description":"Los ni\u00f1os chinos a\u00fan no se benefician plenamente de sus derechos. El tr\u00e1fico infantil, la situaci\u00f3n del T\u00edbet, entre otros, siguen siendo problemas graves.","og_url":"https:\/\/www.humanium.org\/es\/china\/","og_site_name":"Humanium","article_modified_time":"2025-12-05T17:45:25+00:00","twitter_card":"summary_large_image","twitter_misc":{"Tiempo de lectura":"10 minutos"},"schema":{"@context":"https:\/\/schema.org","@graph":[{"@type":"WebPage","@id":"https:\/\/www.humanium.org\/es\/china\/","url":"https:\/\/www.humanium.org\/es\/china\/","name":"Ni\u00f1os de China - Humanium","isPartOf":{"@id":"https:\/\/www.humanium.org\/es\/#website"},"primaryImageOfPage":{"@id":"https:\/\/www.humanium.org\/es\/china\/#primaryimage"},"image":{"@id":"https:\/\/www.humanium.org\/es\/china\/#primaryimage"},"thumbnailUrl":"https:\/\/www.humanium.org\/fr\/wp-content\/uploads\/2011\/07\/fillette-chine-Brian-yap.jpg","datePublished":"2013-05-24T09:29:24+00:00","dateModified":"2025-12-05T17:45:25+00:00","description":"Los ni\u00f1os chinos a\u00fan no se benefician plenamente de sus derechos. El tr\u00e1fico infantil, la situaci\u00f3n del T\u00edbet, entre otros, siguen siendo problemas graves.","breadcrumb":{"@id":"https:\/\/www.humanium.org\/es\/china\/#breadcrumb"},"inLanguage":"es","potentialAction":[{"@type":"ReadAction","target":["https:\/\/www.humanium.org\/es\/china\/"]}]},{"@type":"ImageObject","inLanguage":"es","@id":"https:\/\/www.humanium.org\/es\/china\/#primaryimage","url":"https:\/\/www.humanium.org\/fr\/wp-content\/uploads\/2011\/07\/fillette-chine-Brian-yap.jpg","contentUrl":"https:\/\/www.humanium.org\/fr\/wp-content\/uploads\/2011\/07\/fillette-chine-Brian-yap.jpg"},{"@type":"BreadcrumbList","@id":"https:\/\/www.humanium.org\/es\/china\/#breadcrumb","itemListElement":[{"@type":"ListItem","position":1,"name":"Home","item":"https:\/\/www.humanium.org\/es\/"},{"@type":"ListItem","position":2,"name":"Ni\u00f1os de China"}]},{"@type":"WebSite","@id":"https:\/\/www.humanium.org\/es\/#website","url":"https:\/\/www.humanium.org\/es\/","name":"Humanium","description":"\u00a1Los ni\u00f1os primero!","potentialAction":[{"@type":"SearchAction","target":{"@type":"EntryPoint","urlTemplate":"https:\/\/www.humanium.org\/es\/?s={search_term_string}"},"query-input":{"@type":"PropertyValueSpecification","valueRequired":true,"valueName":"search_term_string"}}],"inLanguage":"es"}]}},"_links":{"self":[{"href":"https:\/\/www.humanium.org\/es\/wp-json\/wp\/v2\/pages\/1506","targetHints":{"allow":["GET"]}}],"collection":[{"href":"https:\/\/www.humanium.org\/es\/wp-json\/wp\/v2\/pages"}],"about":[{"href":"https:\/\/www.humanium.org\/es\/wp-json\/wp\/v2\/types\/page"}],"author":[{"embeddable":true,"href":"https:\/\/www.humanium.org\/es\/wp-json\/wp\/v2\/users\/1"}],"replies":[{"embeddable":true,"href":"https:\/\/www.humanium.org\/es\/wp-json\/wp\/v2\/comments?post=1506"}],"version-history":[{"count":4,"href":"https:\/\/www.humanium.org\/es\/wp-json\/wp\/v2\/pages\/1506\/revisions"}],"predecessor-version":[{"id":20426,"href":"https:\/\/www.humanium.org\/es\/wp-json\/wp\/v2\/pages\/1506\/revisions\/20426"}],"wp:attachment":[{"href":"https:\/\/www.humanium.org\/es\/wp-json\/wp\/v2\/media?parent=1506"}],"curies":[{"name":"wp","href":"https:\/\/api.w.org\/{rel}","templated":true}]}}