{"id":1512,"date":"2013-05-24T09:41:09","date_gmt":"2013-05-24T09:41:09","guid":{"rendered":"http:\/\/www.humanium.org\/es\/?page_id=1512"},"modified":"2025-12-05T17:45:15","modified_gmt":"2025-12-05T17:45:15","slug":"corea-del-norte","status":"publish","type":"page","link":"https:\/\/www.humanium.org\/es\/corea-del-norte\/","title":{"rendered":"Ni\u00f1os de Corea del Norte"},"content":{"rendered":"<h1>Ni\u00f1os de Corea del Norte<\/h1>\n<h2>Descubriendo los derechos infantiles en Corea del Norte<\/h2>\n<p style=\"text-align: center;\"><img loading=\"lazy\" decoding=\"async\" class=\" wp-image-27256 alignnone\" title=\"Ni\u00f1a de Corea del Norte \u00a9 Lewry Fraser (Flickr)\" src=\"https:\/\/www.humanium.org\/fr\/wp-content\/uploads\/2011\/07\/fillette-coree-nord-flickr-fraser-lewry.jpg\" alt=\"\" width=\"153\" height=\"200\" \/> <img loading=\"lazy\" decoding=\"async\" class=\"alignnone wp-image-27262\" title=\"Ni\u00f1o de Corea del Norte \u00a9 John Pavelka (Flickr)\" src=\"https:\/\/www.humanium.org\/fr\/wp-content\/uploads\/2011\/07\/garcon-coree-nord-flickr-john-pavelka.jpg\" alt=\"\" width=\"131\" height=\"200\" \/><\/p>\n<p>Es dif\u00edcil obtener informaci\u00f3n acerca de Corea del Norte. Hemos intentado apoyarnos en fuentes confiables y, a la vez, tener un enfoque neutral y objetivo. En general, a partir de la informaci\u00f3n disponible, es posible concluir que no est\u00e1 asegurada la protecci\u00f3n de los ni\u00f1os de Corea del Norte, y que sus derechos son violados regularmente.<\/p>\n<h3>Principales problemas que afectan a los ni\u00f1os en Corea del Norte:<\/h3>\n<p><strong>Pobreza<br \/>\n<\/strong><br \/>\nAlrededor del 40% de la poblaci\u00f3n de Corea del Norte vive por debajo de la l\u00ednea de pobreza.<\/p>\n<p>Debido a las cat\u00e1strofes naturales que azotan al pa\u00eds, la pobreza es muy grave y se torna cada vez peor. Muchos ni\u00f1os se encuentran sin hogar y deben enfrentar condiciones de vida muy adversas.<\/p>\n<p><strong>El derecho a la alimentaci\u00f3n<br \/>\n<\/strong><br \/>\n<img loading=\"lazy\" decoding=\"async\" class=\"size-medium wp-image-11454 alignright\" title=\"El acceso a una alimentaci\u00f3n adecuada es una problem\u00e1tica generalizada en Corea del Norte. \u00a9 James Bu (UN-photo)\" src=\"https:\/\/www.humanium.org\/fr\/wp-content\/uploads\/2011\/07\/james-bu-un-photo-coree-du-nord-alimentation-300x197.jpg\" alt=\"\" width=\"214\" height=\"140\" \/>Casi un cuarto de la poblaci\u00f3n del pa\u00eds no tiene acceso a una alimentaci\u00f3n adecuada. La escasez de alimentos afecta sobre todo a los ni\u00f1os, e impacta negativamente sobre su salud. La situaci\u00f3n es cr\u00edtica, ya que, el gobierno raciona cu\u00e1nto se distribuye a la poblaci\u00f3n. Frecuentemente, los recursos alimentarios no son suficientes y, sin embargo, son la principal fuente de sustento de las familias.<\/p>\n<p>Esta situaci\u00f3n impacta especialmente en la vida de los ni\u00f1os: suelen no recibir los nutrientes que necesitan y las comidas no son lo suficientemente balanceadas. La situaci\u00f3n de salud de los ni\u00f1os de menos de cinco a\u00f1os y de las mujeres embarazadas es de lo m\u00e1s alarmante. La crisis alimentaria ha tra\u00eddo miles de muertos, entre ellos muchos ni\u00f1os.<\/p>\n<p><strong>El derecho a la salud<br \/>\n<\/strong><br \/>\nLa tasa de mortalidad infantil en Corea del Norte es del 33%.<\/p>\n<p>A menudo, los recursos en materia de infraestructura y personal de cuidado m\u00e9dico no son suficientes ni adecuados. Los medicamentos escasean, incluso aquellos empleados para luchar contra varios efectos adversos de la malnutrici\u00f3n. Por ejemplo, muchos ni\u00f1os de Corea del Norte son v\u00edctimas de tuberculosis.<\/p>\n<p>Seg\u00fan el gobierno, la atenci\u00f3n m\u00e9dica es gratuita. Sin embargo, la realidad es bien diferente. De hecho, los gastos en atenci\u00f3n m\u00e9dica pueden ser demasiado altos para algunas familias que no cuentan con los recursos suficientes como para tratar a sus hijos.<\/p>\n<p>No obstante, es visible que el pa\u00eds est\u00e1 emprendiendo esfuerzos significativos en materia de salud. No hace mucho, Corea del Norte llev\u00f3 a cabo una campa\u00f1a de vacunaci\u00f3n contra el sarampi\u00f3n que ha ayudado a inmunizar a millones de ni\u00f1os ante una epidemia.<\/p>\n<p>El acceso a la atenci\u00f3n m\u00e9dica contin\u00faa siendo dif\u00edcil durante cat\u00e1strofes naturales como inundaciones, que se llevan la vida de muchos ni\u00f1os.<\/p>\n<p><strong>Libertad de expresi\u00f3n<br \/>\n<\/strong><br \/>\n<img loading=\"lazy\" decoding=\"async\" class=\"alignright size-full wp-image-11455\" title=\"Un joven pintor de Corea del Norte en pleno trabajo. \u00a9 John Pavelka (Flickr)\" src=\"https:\/\/www.humanium.org\/fr\/wp-content\/uploads\/2011\/07\/john-pavelka-coree-du-nord-expression-flickr.jpg\" alt=\"\" width=\"131\" height=\"169\" \/>Corea del Norte es muy conocido por la corrupci\u00f3n y la falta de libertad de expresi\u00f3n y opiniones. Los medios se encuentran bajo un estricto control; muchas veces los opositores o los defensores de los derechos humanos son llevados a prisi\u00f3n, y el gobierno es famoso por su estricta pol\u00edtica de censura. Las sentencias otorgadas por delitos pol\u00edticos o de opci\u00f3n son frecuentes y acarrean penas severas.<\/p>\n<p>Estas restricciones no permiten que los ni\u00f1os de Corea del Norte ejerzan el derecho a la informaci\u00f3n y a la libre expresi\u00f3n, lo cual constituye una violaci\u00f3n al art\u00edculo 13 de la Convenci\u00f3n sobre los Derechos del Ni\u00f1o (CDN).<\/p>\n<p><strong>Ni\u00f1os desplazados<br \/>\n<\/strong><br \/>\nMuchas familias huyen del pa\u00eds hacia China para escapar de la pobreza y del estricto r\u00e9gimen de Corea del Norte, algo por dem\u00e1s peligroso. En efecto, las autoridades de Corea castigan con severidad a aquellos que intentan cruzar la frontera. Adem\u00e1s, una vez en China, las dificultades contin\u00faan. Las familias de inmigrantes enfrentan muchos problemas de los que los ni\u00f1os tampoco tienen escapatoria: deben permanecer escondidos, y es extremadamente dif\u00edcil que accedan a servicios de educaci\u00f3n y de atenci\u00f3n m\u00e9dica.<\/p>\n<p>Los miles de ni\u00f1os nacidos en China de madre norcoreana y padre chino carecen de identidad legal en China y son invisibles para la sociedad. Por lo tanto, sus madres se ven obligadas a repatriarse a Corea del Norte. Sus derechos son ignorados totalmente y las condiciones de vida de los ni\u00f1os contin\u00faan siendo extremadamente duras. Algunos de ellos caen en la explotaci\u00f3n sexual.<\/p>\n<p><strong>El derecho a la protecci\u00f3n<br \/>\n<\/strong><br \/>\nLos ni\u00f1os deben gozar de protecci\u00f3n, tanto dentro como fuera del entorno familiar. En Corea del Norte, la protecci\u00f3n de los menores, que deber\u00eda estar garantizada por las autoridades nacionales, ha sido reemplazada por: violencia, trabajos forzados y el no respeto de sus derechos.<\/p>\n<p><img loading=\"lazy\" decoding=\"async\" class=\"size-full wp-image-11456 alignright\" title=\"Todo ni\u00f1o tiene derecho a ser protegido por su familia y por el estado. \u00a9 James Bu (UN Photo)\" src=\"https:\/\/www.humanium.org\/fr\/wp-content\/uploads\/2011\/07\/un-photo-james-bu-protection-coree-du-nord.jpg\" alt=\"\" width=\"160\" height=\"178\" \/>De hecho, en varias oportunidades, el gobierno de Corea del Norte ha enviado ni\u00f1os a campos de prisi\u00f3n alegando delitos cometidos por sus familiares. En estos campos, las condiciones de vida son atroces y totalmente inadecuadas para el desarrollo de los menores. Por consiguiente, la tasa de mortalidad all\u00ed es muy alta: tortura, abuso, malnutrici\u00f3n, falta de higiene y falta de cuidados m\u00e9dicos. A pesar de lo extremadamente duro y cruel de la situaci\u00f3n, el gobierno se niega a reconocer que estos campos existen. Dadas estas circunstancias, el reconocimiento de las violaciones a los derechos de los ni\u00f1os parece una tarea imposible.<\/p>\n","protected":false},"excerpt":{"rendered":"<p>Ni\u00f1os de Corea del Norte Descubriendo los derechos infantiles en Corea del Norte Es dif\u00edcil obtener informaci\u00f3n acerca de Corea del Norte. Hemos intentado apoyarnos en fuentes confiables y, a la vez, tener un enfoque neutral y objetivo. En general, a partir de la informaci\u00f3n disponible, es posible concluir que no est\u00e1 asegurada la protecci\u00f3n [&hellip;]<\/p>\n","protected":false},"author":1,"featured_media":0,"parent":0,"menu_order":0,"comment_status":"closed","ping_status":"open","template":"","meta":{"footnotes":""},"class_list":["post-1512","page","type-page","status-publish","hentry"],"yoast_head":"<!-- This site is optimized with the Yoast SEO plugin v26.5 - https:\/\/yoast.com\/wordpress\/plugins\/seo\/ -->\n<title>Ni\u00f1os de Corea del Norte - Humanium<\/title>\n<meta name=\"description\" content=\"A partir de la informaci\u00f3n disponible, podemos decir que la protecci\u00f3n de los ni\u00f1os de Corea del Norte no est\u00e1 asegurada, y que sus derechos son violados.\" \/>\n<meta name=\"robots\" content=\"index, follow, max-snippet:-1, max-image-preview:large, max-video-preview:-1\" \/>\n<link rel=\"canonical\" href=\"https:\/\/www.humanium.org\/es\/corea-del-norte\/\" \/>\n<meta property=\"og:locale\" content=\"es_ES\" \/>\n<meta property=\"og:type\" content=\"article\" \/>\n<meta property=\"og:title\" content=\"Ni\u00f1os de Corea del Norte - Humanium\" \/>\n<meta property=\"og:description\" content=\"A partir de la informaci\u00f3n disponible, podemos decir que la protecci\u00f3n de los ni\u00f1os de Corea del Norte no est\u00e1 asegurada, y que sus derechos son violados.\" \/>\n<meta property=\"og:url\" content=\"https:\/\/www.humanium.org\/es\/corea-del-norte\/\" \/>\n<meta property=\"og:site_name\" content=\"Humanium\" \/>\n<meta property=\"article:modified_time\" content=\"2025-12-05T17:45:15+00:00\" \/>\n<meta name=\"twitter:card\" content=\"summary_large_image\" \/>\n<meta name=\"twitter:label1\" content=\"Tiempo de lectura\" \/>\n\t<meta name=\"twitter:data1\" content=\"5 minutos\" \/>\n<script type=\"application\/ld+json\" class=\"yoast-schema-graph\">{\"@context\":\"https:\/\/schema.org\",\"@graph\":[{\"@type\":\"WebPage\",\"@id\":\"https:\/\/www.humanium.org\/es\/corea-del-norte\/\",\"url\":\"https:\/\/www.humanium.org\/es\/corea-del-norte\/\",\"name\":\"Ni\u00f1os de Corea del Norte - Humanium\",\"isPartOf\":{\"@id\":\"https:\/\/www.humanium.org\/es\/#website\"},\"primaryImageOfPage\":{\"@id\":\"https:\/\/www.humanium.org\/es\/corea-del-norte\/#primaryimage\"},\"image\":{\"@id\":\"https:\/\/www.humanium.org\/es\/corea-del-norte\/#primaryimage\"},\"thumbnailUrl\":\"https:\/\/www.humanium.org\/fr\/wp-content\/uploads\/2011\/07\/fillette-coree-nord-flickr-fraser-lewry.jpg\",\"datePublished\":\"2013-05-24T09:41:09+00:00\",\"dateModified\":\"2025-12-05T17:45:15+00:00\",\"description\":\"A partir de la informaci\u00f3n disponible, podemos decir que la protecci\u00f3n de los ni\u00f1os de Corea del Norte no est\u00e1 asegurada, y que sus derechos son violados.\",\"breadcrumb\":{\"@id\":\"https:\/\/www.humanium.org\/es\/corea-del-norte\/#breadcrumb\"},\"inLanguage\":\"es\",\"potentialAction\":[{\"@type\":\"ReadAction\",\"target\":[\"https:\/\/www.humanium.org\/es\/corea-del-norte\/\"]}]},{\"@type\":\"ImageObject\",\"inLanguage\":\"es\",\"@id\":\"https:\/\/www.humanium.org\/es\/corea-del-norte\/#primaryimage\",\"url\":\"https:\/\/www.humanium.org\/fr\/wp-content\/uploads\/2011\/07\/fillette-coree-nord-flickr-fraser-lewry.jpg\",\"contentUrl\":\"https:\/\/www.humanium.org\/fr\/wp-content\/uploads\/2011\/07\/fillette-coree-nord-flickr-fraser-lewry.jpg\"},{\"@type\":\"BreadcrumbList\",\"@id\":\"https:\/\/www.humanium.org\/es\/corea-del-norte\/#breadcrumb\",\"itemListElement\":[{\"@type\":\"ListItem\",\"position\":1,\"name\":\"Home\",\"item\":\"https:\/\/www.humanium.org\/es\/\"},{\"@type\":\"ListItem\",\"position\":2,\"name\":\"Ni\u00f1os de Corea del Norte\"}]},{\"@type\":\"WebSite\",\"@id\":\"https:\/\/www.humanium.org\/es\/#website\",\"url\":\"https:\/\/www.humanium.org\/es\/\",\"name\":\"Humanium\",\"description\":\"\u00a1Los ni\u00f1os primero!\",\"potentialAction\":[{\"@type\":\"SearchAction\",\"target\":{\"@type\":\"EntryPoint\",\"urlTemplate\":\"https:\/\/www.humanium.org\/es\/?s={search_term_string}\"},\"query-input\":{\"@type\":\"PropertyValueSpecification\",\"valueRequired\":true,\"valueName\":\"search_term_string\"}}],\"inLanguage\":\"es\"}]}<\/script>\n<!-- \/ Yoast SEO plugin. -->","yoast_head_json":{"title":"Ni\u00f1os de Corea del Norte - Humanium","description":"A partir de la informaci\u00f3n disponible, podemos decir que la protecci\u00f3n de los ni\u00f1os de Corea del Norte no est\u00e1 asegurada, y que sus derechos son violados.","robots":{"index":"index","follow":"follow","max-snippet":"max-snippet:-1","max-image-preview":"max-image-preview:large","max-video-preview":"max-video-preview:-1"},"canonical":"https:\/\/www.humanium.org\/es\/corea-del-norte\/","og_locale":"es_ES","og_type":"article","og_title":"Ni\u00f1os de Corea del Norte - Humanium","og_description":"A partir de la informaci\u00f3n disponible, podemos decir que la protecci\u00f3n de los ni\u00f1os de Corea del Norte no est\u00e1 asegurada, y que sus derechos son violados.","og_url":"https:\/\/www.humanium.org\/es\/corea-del-norte\/","og_site_name":"Humanium","article_modified_time":"2025-12-05T17:45:15+00:00","twitter_card":"summary_large_image","twitter_misc":{"Tiempo de lectura":"5 minutos"},"schema":{"@context":"https:\/\/schema.org","@graph":[{"@type":"WebPage","@id":"https:\/\/www.humanium.org\/es\/corea-del-norte\/","url":"https:\/\/www.humanium.org\/es\/corea-del-norte\/","name":"Ni\u00f1os de Corea del Norte - Humanium","isPartOf":{"@id":"https:\/\/www.humanium.org\/es\/#website"},"primaryImageOfPage":{"@id":"https:\/\/www.humanium.org\/es\/corea-del-norte\/#primaryimage"},"image":{"@id":"https:\/\/www.humanium.org\/es\/corea-del-norte\/#primaryimage"},"thumbnailUrl":"https:\/\/www.humanium.org\/fr\/wp-content\/uploads\/2011\/07\/fillette-coree-nord-flickr-fraser-lewry.jpg","datePublished":"2013-05-24T09:41:09+00:00","dateModified":"2025-12-05T17:45:15+00:00","description":"A partir de la informaci\u00f3n disponible, podemos decir que la protecci\u00f3n de los ni\u00f1os de Corea del Norte no est\u00e1 asegurada, y que sus derechos son violados.","breadcrumb":{"@id":"https:\/\/www.humanium.org\/es\/corea-del-norte\/#breadcrumb"},"inLanguage":"es","potentialAction":[{"@type":"ReadAction","target":["https:\/\/www.humanium.org\/es\/corea-del-norte\/"]}]},{"@type":"ImageObject","inLanguage":"es","@id":"https:\/\/www.humanium.org\/es\/corea-del-norte\/#primaryimage","url":"https:\/\/www.humanium.org\/fr\/wp-content\/uploads\/2011\/07\/fillette-coree-nord-flickr-fraser-lewry.jpg","contentUrl":"https:\/\/www.humanium.org\/fr\/wp-content\/uploads\/2011\/07\/fillette-coree-nord-flickr-fraser-lewry.jpg"},{"@type":"BreadcrumbList","@id":"https:\/\/www.humanium.org\/es\/corea-del-norte\/#breadcrumb","itemListElement":[{"@type":"ListItem","position":1,"name":"Home","item":"https:\/\/www.humanium.org\/es\/"},{"@type":"ListItem","position":2,"name":"Ni\u00f1os de Corea del Norte"}]},{"@type":"WebSite","@id":"https:\/\/www.humanium.org\/es\/#website","url":"https:\/\/www.humanium.org\/es\/","name":"Humanium","description":"\u00a1Los ni\u00f1os primero!","potentialAction":[{"@type":"SearchAction","target":{"@type":"EntryPoint","urlTemplate":"https:\/\/www.humanium.org\/es\/?s={search_term_string}"},"query-input":{"@type":"PropertyValueSpecification","valueRequired":true,"valueName":"search_term_string"}}],"inLanguage":"es"}]}},"_links":{"self":[{"href":"https:\/\/www.humanium.org\/es\/wp-json\/wp\/v2\/pages\/1512","targetHints":{"allow":["GET"]}}],"collection":[{"href":"https:\/\/www.humanium.org\/es\/wp-json\/wp\/v2\/pages"}],"about":[{"href":"https:\/\/www.humanium.org\/es\/wp-json\/wp\/v2\/types\/page"}],"author":[{"embeddable":true,"href":"https:\/\/www.humanium.org\/es\/wp-json\/wp\/v2\/users\/1"}],"replies":[{"embeddable":true,"href":"https:\/\/www.humanium.org\/es\/wp-json\/wp\/v2\/comments?post=1512"}],"version-history":[{"count":3,"href":"https:\/\/www.humanium.org\/es\/wp-json\/wp\/v2\/pages\/1512\/revisions"}],"predecessor-version":[{"id":20425,"href":"https:\/\/www.humanium.org\/es\/wp-json\/wp\/v2\/pages\/1512\/revisions\/20425"}],"wp:attachment":[{"href":"https:\/\/www.humanium.org\/es\/wp-json\/wp\/v2\/media?parent=1512"}],"curies":[{"name":"wp","href":"https:\/\/api.w.org\/{rel}","templated":true}]}}