{"id":1521,"date":"2013-05-24T11:27:14","date_gmt":"2013-05-24T11:27:14","guid":{"rendered":"http:\/\/www.humanium.org\/es\/?page_id=1521"},"modified":"2025-12-05T18:06:13","modified_gmt":"2025-12-05T18:06:13","slug":"libano","status":"publish","type":"page","link":"https:\/\/www.humanium.org\/es\/libano\/","title":{"rendered":"Ni\u00f1os de L\u00edbano"},"content":{"rendered":"<h1>Ni\u00f1os de L\u00edbano<\/h1>\n<h2>Descubriendo los Derechos del Ni\u00f1o en L\u00edbano<\/h2>\n<p style=\"text-align: center;\"><img loading=\"lazy\" decoding=\"async\" class=\" wp-image-27256 alignnone\" title=\"Ni\u00f1a de L\u00edbano \u00a9 (Flickr\" src=\"https:\/\/www.humanium.org\/fr\/wp-content\/uploads\/2011\/06\/liban-flickr-fillette.jpg\" alt=\"\" width=\"205\" height=\"200\" \/> <img loading=\"lazy\" decoding=\"async\" class=\"alignnone wp-image-27262\" title=\"Ni\u00f1o de L\u00edbano \u00a9 Omarr (Flickr)\" src=\"https:\/\/www.humanium.org\/fr\/wp-content\/uploads\/2011\/07\/liban-garcon-flickr-omarr.jpg\" alt=\"\" width=\"180\" height=\"200\" \/><\/p>\n<p>El L\u00edbano se encuentra en continua reconstrucci\u00f3n desde los conflictos que se originaron a finales del siglo XX. El bienestar de los ni\u00f1os se ha visto debilitado por las circunstancias geopol\u00edticas, no obstante, mejora lentamente. A\u00fan queda mucho camino por recorrer para alcanzar una situaci\u00f3n ideal, con plena protecci\u00f3n de los derechos infantiles.<\/p>\n<h3>Principales problemas que afectan a los ni\u00f1os en L\u00edbano:<\/h3>\n<p><strong>Pobreza<br \/>\n<\/strong><br \/>\nCasi el 30% de la poblaci\u00f3n libanesa no tiene el m\u00ednimo necesario para vivir. En este pa\u00eds existen desigualdades sociales importantes, la mayor\u00eda a causa de conflictos recientes. Por ejemplo, un 5% de la poblaci\u00f3n controla el 95% de la riqueza.<\/p>\n<p>Desgraciadamente, este nivel de pobreza provoca que a los ni\u00f1os se les nieguen sus derechos, impidi\u00e9ndoles ir al colegio u oblig\u00e1ndoles a trabajar antes de la edad legal.<\/p>\n<p><strong>Derecho a la educaci\u00f3n<br \/>\n<\/strong><br \/>\n<img loading=\"lazy\" decoding=\"async\" class=\"size-full wp-image-11692 alignright\" title=\"A\u00fan queda mucho por hacer en el L\u00edbano en el campo de mejoras a la educaci\u00f3n. \u00a9 (Flickr)\" src=\"https:\/\/www.humanium.org\/fr\/wp-content\/uploads\/2011\/07\/liban-education-flickr.jpg\" alt=\"\" width=\"238\" height=\"178\" \/>Aproximadamente, un 10% de los ni\u00f1os libaneses no va al colegio. Para el resto, la calidad de la educaci\u00f3n y las instalaciones deja mucho que desear a pesar de los esfuerzos recientes. Por ello existe una brecha entre educaci\u00f3n y empleo: muchos j\u00f3venes que terminan sus estudios est\u00e1n desempleados y no tienen acceso a carreras t\u00e9cnicas.<\/p>\n<p>El conflicto armado de finales del siglo XX ocasion\u00f3 la destrucci\u00f3n de varias escuelas y tuvo gran repercusi\u00f3n en la calidad de la ense\u00f1anza en el L\u00edbano. El pa\u00eds a\u00fan no se ha reconstruido y el sistema educativo liban\u00e9s sigue afectado a consecuencia de la guerra.<\/p>\n<p><strong>Trabajo infantil<br \/>\n<\/strong><br \/>\nLa situaci\u00f3n en el L\u00edbano no es la m\u00e1s grave de la regi\u00f3n, pero cerca del 7% de los ni\u00f1os a\u00fan se ve obligado a trabajar para ayudar a sus familias. Muchos ni\u00f1os y j\u00f3venes trabajan en la agricultura, la metalurgia o las f\u00e1bricas. Las condiciones de trabajo son inhumanas y los ni\u00f1os trabajan hasta la extenuaci\u00f3n por un salario m\u00edsero. El L\u00edbano ha firmado el Convenio de la OIT (Organizaci\u00f3n Internacional del Trabajo) sobre el trabajo infantil, pero no cuenta con los m\u00e9todos necesarios para hacer valer y ejecutar las cl\u00e1usulas.<\/p>\n<p><strong>Derecho al agua<br \/>\n<\/strong><br \/>\nDurante la guerra muchos pueblos no ten\u00edan acceso al agua potable. Muchas ONG han suministrado los recursos necesarios para restablecer el acceso al agua, pero los ni\u00f1os de las aldeas m\u00e1s remotas a\u00fan no tienen garantizado el acceso a agua para beber.<\/p>\n<p><img loading=\"lazy\" decoding=\"async\" class=\"alignright size-full wp-image-9270\" title=\"En algunas aldeas remotas libanesas el acceso al agua potable sigue siendo dif\u00edcil. \u00a9 Daniela Cavini (European Commission Media Library)\" src=\"https:\/\/www.humanium.org\/fr\/wp-content\/uploads\/2011\/06\/liban-eau-daniela-cavini.jpg\" alt=\"\" width=\"136\" height=\"190\" \/>Adem\u00e1s, el agua potable suministrada por la obra p\u00fablica es insuficiente. De ah\u00ed que los libaneses se vean obligados a recurrir a proveedores privados. Estas circunstancias no son favorables para los ni\u00f1os, quienes deben alcanzar acuerdos si quieren tener acceso al agua: bien trabajar para ayudar a pagar a los proveedores, o recortar gastos en otras \u00e1reas (comida, ocio, etc.)<\/p>\n<p><strong>Ni\u00f1os: v\u00edctimas del conflicto<br \/>\n<\/strong><br \/>\nLos libaneses demostraron su descontento hacia el anterior gobierno (y ahora hacen lo mismo con el nuevo r\u00e9gimen) llevando la violencia a las calles. Los ni\u00f1os se ven especialmente afectados por estos conflictos, varias escuelas se han visto obligadas a cerrar y hay muy poca protecci\u00f3n de los derechos infantiles.<\/p>\n<p><img loading=\"lazy\" decoding=\"async\" class=\"size-full wp-image-11695 alignright\" title=\"Los ni\u00f1os son v\u00edctimas del conflicto armado en el L\u00edbano. \u00a9 John Isaac (UN photo)\" src=\"https:\/\/www.humanium.org\/fr\/wp-content\/uploads\/2011\/07\/liban-conflits-john-isaac-unphoto.jpg\" alt=\"\" width=\"119\" height=\"179\" \/>Muchas familias se han separado a causa de los conflictos. Algunos ni\u00f1os se ven solos, sin noticias de sus padres.<\/p>\n<p>El L\u00edbano es tambi\u00e9n v\u00edctima de ataques terroristas. Desafortunadamente, estos ataques suelen tener como objetivo lugares p\u00fablicos y afectan a ni\u00f1os inocentes.<\/p>\n<p><strong>Ni\u00f1os refugiados<br \/>\n<\/strong><br \/>\nLa situaci\u00f3n geogr\u00e1fica del L\u00edbano atrae a familias de refugiados iraqu\u00edes, sirios y palestinos al pa\u00eds. Sin embargo, dado que el L\u00edbano no ha ratificado la Convenci\u00f3n de las Naciones Unidas sobre el estatuto de los refugiados, los derechos de los ni\u00f1os en esta situaci\u00f3n no est\u00e1n protegidos. La mayor\u00eda vive en condiciones de extrema pobreza.<\/p>\n<p>Los libaneses suelen emplear a los ni\u00f1os refugiados para trabajar en condiciones miserables por sumas rid\u00edculamente bajas de dinero. Adem\u00e1s estos ni\u00f1os pueden sufrir problemas psicol\u00f3gicos por los conflictos de los que han sido testigos en sus pa\u00edses de origen; y el L\u00edbano no tiene los recursos necesarios para tratar sus traumas.<\/p>\n<p>En los campos de refugiados, los ni\u00f1os sucumben ante los peligros por la falta de protecci\u00f3n de sus derechos. Incluso cuando tienen acceso a la escuela, muchos no asisten. La violencia dom\u00e9stica es muy com\u00fan y los ni\u00f1os recurren a las drogas en busca de consuelo.<\/p>\n<p>Adem\u00e1s, el acceso a la asistencia sanitaria es m\u00ednimo en estos campos. Existen muchas ONG que ayudan a los profesionales sanitarios libaneses, pero no es suficiente. Los ni\u00f1os enfermos reciben poca o ninguna atenci\u00f3n y la falta de higiene es atroz.<\/p>\n<p><strong>Discriminaci\u00f3n de las ni\u00f1as<br \/>\n<\/strong><br \/>\nAlgunas leyes libanesas a\u00fan discriminan a las mujeres y, tanto mujeres como ni\u00f1as tienen un estatus diferente que el de sus hom\u00f3logos masculinos.<\/p>\n<p>El L\u00edbano est\u00e1 trabajando para instaurar medidas de protecci\u00f3n para las mujeres y garantizar algunos derechos a las ni\u00f1as, pero dado que ninguna ley ha funcionado a\u00fan en la pr\u00e1ctica, la discriminaci\u00f3n contin\u00faa.<img loading=\"lazy\" decoding=\"async\" class=\"alignright size-full wp-image-11696\" title=\"Existe una grave discriminaci\u00f3n de ni\u00f1as y mujeres en el L\u00edbano. \u00a9 John Isaac (UN photo)\" src=\"https:\/\/www.humanium.org\/fr\/wp-content\/uploads\/2011\/07\/liban-discrimination-john-isaac-unphoto.jpg\" alt=\"\" width=\"232\" height=\"173\" \/><\/p>\n<p>Las reglas de nacionalidad ilustran perfectamente esta divisi\u00f3n: legalmente, solo el padre puede pasar la nacionalidad a sus hijos. La madre no puede pasar la nacionalidad libanesa a sus hijos.<\/p>\n<p>Esta discriminaci\u00f3n se extiende al derecho de expresi\u00f3n. Su opini\u00f3n se da en silencio y apenas cuenta para nada.<\/p>\n<p>En cuanto al matrimonio: los matrimonios prematuros y concertados son muy comunes. Entre 2000 y 2009, m\u00e1s del 10% de las j\u00f3venes libanesas aseguraba haber contra\u00eddo matrimonio antes de los 18. Generalmente no pueden opinar respecto a la elecci\u00f3n de sus maridos.<\/p>\n","protected":false},"excerpt":{"rendered":"<p>Ni\u00f1os de L\u00edbano Descubriendo los Derechos del Ni\u00f1o en L\u00edbano El L\u00edbano se encuentra en continua reconstrucci\u00f3n desde los conflictos que se originaron a finales del siglo XX. El bienestar de los ni\u00f1os se ha visto debilitado por las circunstancias geopol\u00edticas, no obstante, mejora lentamente. A\u00fan queda mucho camino por recorrer para alcanzar una situaci\u00f3n [&hellip;]<\/p>\n","protected":false},"author":1,"featured_media":0,"parent":0,"menu_order":0,"comment_status":"closed","ping_status":"open","template":"","meta":{"footnotes":""},"class_list":["post-1521","page","type-page","status-publish","hentry"],"yoast_head":"<!-- This site is optimized with the Yoast SEO plugin v26.5 - https:\/\/yoast.com\/wordpress\/plugins\/seo\/ -->\n<title>Ni\u00f1os de L\u00edbano - Humanium<\/title>\n<meta name=\"description\" content=\"El bienestar de los ni\u00f1os en El L\u00edbano se ha visto debilitado por las circunstancias geopol\u00edticas, no obstante, mejora lentamente.\" \/>\n<meta name=\"robots\" content=\"index, follow, max-snippet:-1, max-image-preview:large, max-video-preview:-1\" \/>\n<link rel=\"canonical\" href=\"https:\/\/www.humanium.org\/es\/libano\/\" \/>\n<meta property=\"og:locale\" content=\"es_ES\" \/>\n<meta property=\"og:type\" content=\"article\" \/>\n<meta property=\"og:title\" content=\"Ni\u00f1os de L\u00edbano - Humanium\" \/>\n<meta property=\"og:description\" content=\"El bienestar de los ni\u00f1os en El L\u00edbano se ha visto debilitado por las circunstancias geopol\u00edticas, no obstante, mejora lentamente.\" \/>\n<meta property=\"og:url\" content=\"https:\/\/www.humanium.org\/es\/libano\/\" \/>\n<meta property=\"og:site_name\" content=\"Humanium\" \/>\n<meta property=\"article:modified_time\" content=\"2025-12-05T18:06:13+00:00\" \/>\n<meta name=\"twitter:card\" content=\"summary_large_image\" \/>\n<meta name=\"twitter:label1\" content=\"Tiempo de lectura\" \/>\n\t<meta name=\"twitter:data1\" content=\"6 minutos\" \/>\n<script type=\"application\/ld+json\" class=\"yoast-schema-graph\">{\"@context\":\"https:\/\/schema.org\",\"@graph\":[{\"@type\":\"WebPage\",\"@id\":\"https:\/\/www.humanium.org\/es\/libano\/\",\"url\":\"https:\/\/www.humanium.org\/es\/libano\/\",\"name\":\"Ni\u00f1os de L\u00edbano - Humanium\",\"isPartOf\":{\"@id\":\"https:\/\/www.humanium.org\/es\/#website\"},\"primaryImageOfPage\":{\"@id\":\"https:\/\/www.humanium.org\/es\/libano\/#primaryimage\"},\"image\":{\"@id\":\"https:\/\/www.humanium.org\/es\/libano\/#primaryimage\"},\"thumbnailUrl\":\"https:\/\/www.humanium.org\/fr\/wp-content\/uploads\/2011\/06\/liban-flickr-fillette.jpg\",\"datePublished\":\"2013-05-24T11:27:14+00:00\",\"dateModified\":\"2025-12-05T18:06:13+00:00\",\"description\":\"El bienestar de los ni\u00f1os en El L\u00edbano se ha visto debilitado por las circunstancias geopol\u00edticas, no obstante, mejora lentamente.\",\"breadcrumb\":{\"@id\":\"https:\/\/www.humanium.org\/es\/libano\/#breadcrumb\"},\"inLanguage\":\"es\",\"potentialAction\":[{\"@type\":\"ReadAction\",\"target\":[\"https:\/\/www.humanium.org\/es\/libano\/\"]}]},{\"@type\":\"ImageObject\",\"inLanguage\":\"es\",\"@id\":\"https:\/\/www.humanium.org\/es\/libano\/#primaryimage\",\"url\":\"https:\/\/www.humanium.org\/fr\/wp-content\/uploads\/2011\/06\/liban-flickr-fillette.jpg\",\"contentUrl\":\"https:\/\/www.humanium.org\/fr\/wp-content\/uploads\/2011\/06\/liban-flickr-fillette.jpg\"},{\"@type\":\"BreadcrumbList\",\"@id\":\"https:\/\/www.humanium.org\/es\/libano\/#breadcrumb\",\"itemListElement\":[{\"@type\":\"ListItem\",\"position\":1,\"name\":\"Home\",\"item\":\"https:\/\/www.humanium.org\/es\/\"},{\"@type\":\"ListItem\",\"position\":2,\"name\":\"Ni\u00f1os de L\u00edbano\"}]},{\"@type\":\"WebSite\",\"@id\":\"https:\/\/www.humanium.org\/es\/#website\",\"url\":\"https:\/\/www.humanium.org\/es\/\",\"name\":\"Humanium\",\"description\":\"\u00a1Los ni\u00f1os primero!\",\"potentialAction\":[{\"@type\":\"SearchAction\",\"target\":{\"@type\":\"EntryPoint\",\"urlTemplate\":\"https:\/\/www.humanium.org\/es\/?s={search_term_string}\"},\"query-input\":{\"@type\":\"PropertyValueSpecification\",\"valueRequired\":true,\"valueName\":\"search_term_string\"}}],\"inLanguage\":\"es\"}]}<\/script>\n<!-- \/ Yoast SEO plugin. -->","yoast_head_json":{"title":"Ni\u00f1os de L\u00edbano - Humanium","description":"El bienestar de los ni\u00f1os en El L\u00edbano se ha visto debilitado por las circunstancias geopol\u00edticas, no obstante, mejora lentamente.","robots":{"index":"index","follow":"follow","max-snippet":"max-snippet:-1","max-image-preview":"max-image-preview:large","max-video-preview":"max-video-preview:-1"},"canonical":"https:\/\/www.humanium.org\/es\/libano\/","og_locale":"es_ES","og_type":"article","og_title":"Ni\u00f1os de L\u00edbano - Humanium","og_description":"El bienestar de los ni\u00f1os en El L\u00edbano se ha visto debilitado por las circunstancias geopol\u00edticas, no obstante, mejora lentamente.","og_url":"https:\/\/www.humanium.org\/es\/libano\/","og_site_name":"Humanium","article_modified_time":"2025-12-05T18:06:13+00:00","twitter_card":"summary_large_image","twitter_misc":{"Tiempo de lectura":"6 minutos"},"schema":{"@context":"https:\/\/schema.org","@graph":[{"@type":"WebPage","@id":"https:\/\/www.humanium.org\/es\/libano\/","url":"https:\/\/www.humanium.org\/es\/libano\/","name":"Ni\u00f1os de L\u00edbano - Humanium","isPartOf":{"@id":"https:\/\/www.humanium.org\/es\/#website"},"primaryImageOfPage":{"@id":"https:\/\/www.humanium.org\/es\/libano\/#primaryimage"},"image":{"@id":"https:\/\/www.humanium.org\/es\/libano\/#primaryimage"},"thumbnailUrl":"https:\/\/www.humanium.org\/fr\/wp-content\/uploads\/2011\/06\/liban-flickr-fillette.jpg","datePublished":"2013-05-24T11:27:14+00:00","dateModified":"2025-12-05T18:06:13+00:00","description":"El bienestar de los ni\u00f1os en El L\u00edbano se ha visto debilitado por las circunstancias geopol\u00edticas, no obstante, mejora lentamente.","breadcrumb":{"@id":"https:\/\/www.humanium.org\/es\/libano\/#breadcrumb"},"inLanguage":"es","potentialAction":[{"@type":"ReadAction","target":["https:\/\/www.humanium.org\/es\/libano\/"]}]},{"@type":"ImageObject","inLanguage":"es","@id":"https:\/\/www.humanium.org\/es\/libano\/#primaryimage","url":"https:\/\/www.humanium.org\/fr\/wp-content\/uploads\/2011\/06\/liban-flickr-fillette.jpg","contentUrl":"https:\/\/www.humanium.org\/fr\/wp-content\/uploads\/2011\/06\/liban-flickr-fillette.jpg"},{"@type":"BreadcrumbList","@id":"https:\/\/www.humanium.org\/es\/libano\/#breadcrumb","itemListElement":[{"@type":"ListItem","position":1,"name":"Home","item":"https:\/\/www.humanium.org\/es\/"},{"@type":"ListItem","position":2,"name":"Ni\u00f1os de L\u00edbano"}]},{"@type":"WebSite","@id":"https:\/\/www.humanium.org\/es\/#website","url":"https:\/\/www.humanium.org\/es\/","name":"Humanium","description":"\u00a1Los ni\u00f1os primero!","potentialAction":[{"@type":"SearchAction","target":{"@type":"EntryPoint","urlTemplate":"https:\/\/www.humanium.org\/es\/?s={search_term_string}"},"query-input":{"@type":"PropertyValueSpecification","valueRequired":true,"valueName":"search_term_string"}}],"inLanguage":"es"}]}},"_links":{"self":[{"href":"https:\/\/www.humanium.org\/es\/wp-json\/wp\/v2\/pages\/1521","targetHints":{"allow":["GET"]}}],"collection":[{"href":"https:\/\/www.humanium.org\/es\/wp-json\/wp\/v2\/pages"}],"about":[{"href":"https:\/\/www.humanium.org\/es\/wp-json\/wp\/v2\/types\/page"}],"author":[{"embeddable":true,"href":"https:\/\/www.humanium.org\/es\/wp-json\/wp\/v2\/users\/1"}],"replies":[{"embeddable":true,"href":"https:\/\/www.humanium.org\/es\/wp-json\/wp\/v2\/comments?post=1521"}],"version-history":[{"count":3,"href":"https:\/\/www.humanium.org\/es\/wp-json\/wp\/v2\/pages\/1521\/revisions"}],"predecessor-version":[{"id":20516,"href":"https:\/\/www.humanium.org\/es\/wp-json\/wp\/v2\/pages\/1521\/revisions\/20516"}],"wp:attachment":[{"href":"https:\/\/www.humanium.org\/es\/wp-json\/wp\/v2\/media?parent=1521"}],"curies":[{"name":"wp","href":"https:\/\/api.w.org\/{rel}","templated":true}]}}