{"id":1526,"date":"2013-05-24T11:41:01","date_gmt":"2013-05-24T11:41:01","guid":{"rendered":"http:\/\/www.humanium.org\/es\/?page_id=1526"},"modified":"2025-12-05T18:02:16","modified_gmt":"2025-12-05T18:02:16","slug":"lituania","status":"publish","type":"page","link":"https:\/\/www.humanium.org\/es\/lituania\/","title":{"rendered":"Ni\u00f1os de Lituania"},"content":{"rendered":"<h1>Ni\u00f1os de Lituania<\/h1>\n<h2>Descubriendo los Derechos del Ni\u00f1o en Lituania<\/h2>\n<p style=\"text-align: center;\"><img loading=\"lazy\" decoding=\"async\" class=\" wp-image-27256 alignnone\" title=\"Ni\u00f1a de Lituania \u00a9 Jekaterina Nikitina (Getty Images)\" src=\"https:\/\/www.humanium.org\/fr\/wp-content\/uploads\/2011\/07\/getty-image-lituanie-jekaterina-nikitina-fillette.jpg\" alt=\"\" width=\"204\" height=\"200\" \/> <img loading=\"lazy\" decoding=\"async\" class=\"alignnone wp-image-27262\" title=\"Ni\u00f1o de Lituania \u00a9 Jekaterina Nikitina (Getty Images)\" src=\"https:\/\/www.humanium.org\/fr\/wp-content\/uploads\/2011\/07\/garcon-lituanie-jekaterina-nikitina-flickr.jpg\" alt=\"\" width=\"188\" height=\"200\" \/><\/p>\n<p>Desde que el pa\u00eds obtuvo su independencia, una de las prioridades de Lituania ha sido la protecci\u00f3n de la infancia. En consecuencia la situaci\u00f3n actual es, en general, buena, aunque algunos derechos se encuentran s\u00f3lo parcialmente garantizados.<\/p>\n<h3>Principales problemas que afectan a los ni\u00f1os en Lituania:<\/h3>\n<p><strong>Pobreza<br \/>\n<\/strong><br \/>\nSeg\u00fan las cifras, la pobreza no es uno de los principales problemas de Lituania. Sin embargo, la clase social m\u00e1s baja tiene dificultades para poder mantener unas condiciones de vida bastante elevadas. De este modo, la situaci\u00f3n de algunos ni\u00f1os se ve muy afectada por estas dificultades.<\/p>\n<p>El derecho de los ni\u00f1os a vivir en un entorno saludable y estable est\u00e1 tambi\u00e9n comprometido: ambos progenitores trabajan mucho y disponen de poco tiempo para dedic\u00e1rselo a sus hijos. El n\u00famero de mujeres con hijos menores de 6 a\u00f1os que tienen que trabajar es mucho mayor que la media europea.<\/p>\n<p><img loading=\"lazy\" decoding=\"async\" class=\"size-full wp-image-11706 alignright\" title=\"Las familias monoparentales y las numerosas resultan especialmente afectadas por la pobreza. \u00a9 Armana (Getty images)\" src=\"https:\/\/www.humanium.org\/fr\/wp-content\/uploads\/2011\/07\/bebe-lituanie-armana-flickr.jpg\" alt=\"\" width=\"168\" height=\"220\" \/>A\u00fan as\u00ed, los ni\u00f1os lituanos se enfrentan a problemas derivados de la pobreza: en 2008, el \u00edndice de pobreza infantil lleg\u00f3 al 22,8% e incluso era m\u00e1s elevado entre las familias monoparentales y las numerosas. En Lituania, un mayor n\u00famero de ayudas a estas familias no es prioritario. Como consecuencia, y debido a las dificultades econ\u00f3micas que experimenta Lituania, las ayudas a las familias (por ejemplo las prestaciones familiares) se redujeron en un 10% debido a la crisis financiera.<\/p>\n<p>La gran carga financiera que representa mantener a un hijo en Lituania est\u00e1 desanimando a un gran n\u00famero de mujeres, llegando al punto de que la tasa de natalidad del pa\u00eds es muy baja (con una media de 1,47 hijos por mujer).<\/p>\n<p><strong>Derecho a la educaci\u00f3n<br \/>\n<\/strong><br \/>\nCon alrededor de un 8% de ni\u00f1os sin escolarizar, el derecho a la educaci\u00f3n no est\u00e1 totalmente garantizado en Lituania. Este problema afecta especialmente a las ni\u00f1as m\u00e1s peque\u00f1as.<\/p>\n<p>Igualmente, debe resaltarse que Lituania ha hecho grandes progresos en educaci\u00f3n desde que consigui\u00f3 la independencia. De hecho, los pa\u00edses b\u00e1lticos han situado a la educaci\u00f3n entre sus prioridades de reformas y esfuerzos de progreso. Los resultados de estas pol\u00edticas son evidentes, en forma de unas mejoras notorias en cuanto al acceso de la infancia a la educaci\u00f3n.<\/p>\n<p><strong>Derecho a la protecci\u00f3n<br \/>\n<\/strong><br \/>\n<img loading=\"lazy\" decoding=\"async\" class=\"alignright size-full wp-image-11712\" title=\"Los ni\u00f1os tienen derecho a ser protegidos. \u00a9 Armana (Flickr)\" src=\"https:\/\/www.humanium.org\/fr\/wp-content\/uploads\/2011\/07\/fillette-qui-saute-lituanie-flickr-armana1.jpg\" alt=\"\" width=\"140\" height=\"191\" \/>Los ni\u00f1os deben estar protegidos, tanto dentro como fuera del entorno familiar. En Lituania, el derecho de los ni\u00f1os a estar protegidos est\u00e1 siendo burlado debido a la falta de prevenci\u00f3n y conocimientos sobre los procedimientos a seguir en casos de urgencia y rescate de ni\u00f1os y ni\u00f1as.<\/p>\n<p>As\u00ed mismo, Lituania tiene una tasa relativamente alta de muertes accidentales (por quemaduras, envenenamientos, ahogamientos, accidentes de tr\u00e1fico, etc.). Por lo tanto, el pa\u00eds debe avanzar en materia de prevenci\u00f3n y seguridad de la infancia para garantizar plenamente el derecho de los ni\u00f1os a estar protegidos.<\/p>\n<p><strong>Infancia discapacitada<br \/>\n<\/strong><br \/>\nEn los pa\u00edses que pertenecieron a la antigua Uni\u00f3n Sovi\u00e9tica, la aceptaci\u00f3n e integraci\u00f3n de los ni\u00f1os discapacitados ha sido dif\u00edcil. Todav\u00eda hoy, en Lituania, los ni\u00f1os con discapacidades no disponen de toda la asistencia que requieren.<\/p>\n<p>En particular, los centros de internamiento para j\u00f3venes que sufren trastornos mentales est\u00e1n anticuados. Falta personal cualificado y las instalaciones son obsoletas.<\/p>\n<p>Adem\u00e1s, las personas discapacitadas son consideradas una carga para sus familias. La legislaci\u00f3n lituana no prev\u00e9 la integraci\u00f3n social de estos individuos, condenados a vivir aislados y a ser invisibles a ojos de la sociedad. La mentalidad de los lituanos debe cambiar en este aspecto, para aceptar que las personas con discapacidad tienen un rol integral en la sociedad y como tal, tienen derecho a jugar un papel en ella.<\/p>\n<p><strong>Explotaci\u00f3n sexual<br \/>\n<\/strong><br \/>\n<img loading=\"lazy\" decoding=\"async\" class=\"size-full wp-image-11713 alignright\" title=\"En Lituania existen ni\u00f1os y ni\u00f1as v\u00edctimas del tr\u00e1fico sexual. \u00a9 (Flickr)\" src=\"https:\/\/www.humanium.org\/fr\/wp-content\/uploads\/2011\/07\/lituanie-deux-fillette-pas-de-modif-flickr.jpg\" alt=\"\" width=\"150\" height=\"200\" \/>Desgraciadamente, los pa\u00edses de Europa del Este son conocidos por el f\u00e1cil acceso a la prostituci\u00f3n. A pesar de que la legislaci\u00f3n en la materia es dura y estricta, Lituania sigue siendo uno de los principales pa\u00edses de destino del turismo sexual.<\/p>\n<p>En estas redes se emplea a multitud de ni\u00f1os y ni\u00f1as. Como consecuencia de ello, en Lituania m\u00e1s del 20% de las personas que ejercen la prostituci\u00f3n son menores, algunas de ellas contando con s\u00f3lo 11 a\u00f1os. Otros ni\u00f1os y ni\u00f1as han sido explotados para realizar pel\u00edculas pornogr\u00e1ficas.<\/p>\n<p><strong>Medio ambiente<br \/>\n<\/strong><br \/>\nCon 4,2 toneladas de emisi\u00f3n de CO2 por habitante y a\u00f1o, Lituania debe avanzar en la protecci\u00f3n del medio ambiente y reducir su huella ecol\u00f3gica. Esto tambi\u00e9n tiene un impacto negativo en la vida actual y futura de los ni\u00f1os. Su derecho a vivir y crecer en un entorno saludable no se respeta adecuadamente.<\/p>\n","protected":false},"excerpt":{"rendered":"<p>Ni\u00f1os de Lituania Descubriendo los Derechos del Ni\u00f1o en Lituania Desde que el pa\u00eds obtuvo su independencia, una de las prioridades de Lituania ha sido la protecci\u00f3n de la infancia. En consecuencia la situaci\u00f3n actual es, en general, buena, aunque algunos derechos se encuentran s\u00f3lo parcialmente garantizados. Principales problemas que afectan a los ni\u00f1os en [&hellip;]<\/p>\n","protected":false},"author":1,"featured_media":0,"parent":0,"menu_order":0,"comment_status":"closed","ping_status":"open","template":"","meta":{"footnotes":""},"class_list":["post-1526","page","type-page","status-publish","hentry"],"yoast_head":"<!-- This site is optimized with the Yoast SEO plugin v26.5 - https:\/\/yoast.com\/wordpress\/plugins\/seo\/ -->\n<title>Ni\u00f1os de Lituania - Humanium<\/title>\n<meta name=\"description\" content=\"Una de las prioridades en Lituania es la protecci\u00f3n de la infancia. Sin embargo algunos derechos se encuentran s\u00f3lo parcialmente garantizados.\" \/>\n<meta name=\"robots\" content=\"index, follow, max-snippet:-1, max-image-preview:large, max-video-preview:-1\" \/>\n<link rel=\"canonical\" href=\"https:\/\/www.humanium.org\/es\/lituania\/\" \/>\n<meta property=\"og:locale\" content=\"es_ES\" \/>\n<meta property=\"og:type\" content=\"article\" \/>\n<meta property=\"og:title\" content=\"Ni\u00f1os de Lituania - Humanium\" \/>\n<meta property=\"og:description\" content=\"Una de las prioridades en Lituania es la protecci\u00f3n de la infancia. Sin embargo algunos derechos se encuentran s\u00f3lo parcialmente garantizados.\" \/>\n<meta property=\"og:url\" content=\"https:\/\/www.humanium.org\/es\/lituania\/\" \/>\n<meta property=\"og:site_name\" content=\"Humanium\" \/>\n<meta property=\"article:modified_time\" content=\"2025-12-05T18:02:16+00:00\" \/>\n<meta name=\"twitter:card\" content=\"summary_large_image\" \/>\n<meta name=\"twitter:label1\" content=\"Tiempo de lectura\" \/>\n\t<meta name=\"twitter:data1\" content=\"5 minutos\" \/>\n<script type=\"application\/ld+json\" class=\"yoast-schema-graph\">{\"@context\":\"https:\/\/schema.org\",\"@graph\":[{\"@type\":\"WebPage\",\"@id\":\"https:\/\/www.humanium.org\/es\/lituania\/\",\"url\":\"https:\/\/www.humanium.org\/es\/lituania\/\",\"name\":\"Ni\u00f1os de Lituania - Humanium\",\"isPartOf\":{\"@id\":\"https:\/\/www.humanium.org\/es\/#website\"},\"primaryImageOfPage\":{\"@id\":\"https:\/\/www.humanium.org\/es\/lituania\/#primaryimage\"},\"image\":{\"@id\":\"https:\/\/www.humanium.org\/es\/lituania\/#primaryimage\"},\"thumbnailUrl\":\"https:\/\/www.humanium.org\/fr\/wp-content\/uploads\/2011\/07\/getty-image-lituanie-jekaterina-nikitina-fillette.jpg\",\"datePublished\":\"2013-05-24T11:41:01+00:00\",\"dateModified\":\"2025-12-05T18:02:16+00:00\",\"description\":\"Una de las prioridades en Lituania es la protecci\u00f3n de la infancia. Sin embargo algunos derechos se encuentran s\u00f3lo parcialmente garantizados.\",\"breadcrumb\":{\"@id\":\"https:\/\/www.humanium.org\/es\/lituania\/#breadcrumb\"},\"inLanguage\":\"es\",\"potentialAction\":[{\"@type\":\"ReadAction\",\"target\":[\"https:\/\/www.humanium.org\/es\/lituania\/\"]}]},{\"@type\":\"ImageObject\",\"inLanguage\":\"es\",\"@id\":\"https:\/\/www.humanium.org\/es\/lituania\/#primaryimage\",\"url\":\"https:\/\/www.humanium.org\/fr\/wp-content\/uploads\/2011\/07\/getty-image-lituanie-jekaterina-nikitina-fillette.jpg\",\"contentUrl\":\"https:\/\/www.humanium.org\/fr\/wp-content\/uploads\/2011\/07\/getty-image-lituanie-jekaterina-nikitina-fillette.jpg\"},{\"@type\":\"BreadcrumbList\",\"@id\":\"https:\/\/www.humanium.org\/es\/lituania\/#breadcrumb\",\"itemListElement\":[{\"@type\":\"ListItem\",\"position\":1,\"name\":\"Home\",\"item\":\"https:\/\/www.humanium.org\/es\/\"},{\"@type\":\"ListItem\",\"position\":2,\"name\":\"Ni\u00f1os de Lituania\"}]},{\"@type\":\"WebSite\",\"@id\":\"https:\/\/www.humanium.org\/es\/#website\",\"url\":\"https:\/\/www.humanium.org\/es\/\",\"name\":\"Humanium\",\"description\":\"\u00a1Los ni\u00f1os primero!\",\"potentialAction\":[{\"@type\":\"SearchAction\",\"target\":{\"@type\":\"EntryPoint\",\"urlTemplate\":\"https:\/\/www.humanium.org\/es\/?s={search_term_string}\"},\"query-input\":{\"@type\":\"PropertyValueSpecification\",\"valueRequired\":true,\"valueName\":\"search_term_string\"}}],\"inLanguage\":\"es\"}]}<\/script>\n<!-- \/ Yoast SEO plugin. -->","yoast_head_json":{"title":"Ni\u00f1os de Lituania - Humanium","description":"Una de las prioridades en Lituania es la protecci\u00f3n de la infancia. Sin embargo algunos derechos se encuentran s\u00f3lo parcialmente garantizados.","robots":{"index":"index","follow":"follow","max-snippet":"max-snippet:-1","max-image-preview":"max-image-preview:large","max-video-preview":"max-video-preview:-1"},"canonical":"https:\/\/www.humanium.org\/es\/lituania\/","og_locale":"es_ES","og_type":"article","og_title":"Ni\u00f1os de Lituania - Humanium","og_description":"Una de las prioridades en Lituania es la protecci\u00f3n de la infancia. Sin embargo algunos derechos se encuentran s\u00f3lo parcialmente garantizados.","og_url":"https:\/\/www.humanium.org\/es\/lituania\/","og_site_name":"Humanium","article_modified_time":"2025-12-05T18:02:16+00:00","twitter_card":"summary_large_image","twitter_misc":{"Tiempo de lectura":"5 minutos"},"schema":{"@context":"https:\/\/schema.org","@graph":[{"@type":"WebPage","@id":"https:\/\/www.humanium.org\/es\/lituania\/","url":"https:\/\/www.humanium.org\/es\/lituania\/","name":"Ni\u00f1os de Lituania - Humanium","isPartOf":{"@id":"https:\/\/www.humanium.org\/es\/#website"},"primaryImageOfPage":{"@id":"https:\/\/www.humanium.org\/es\/lituania\/#primaryimage"},"image":{"@id":"https:\/\/www.humanium.org\/es\/lituania\/#primaryimage"},"thumbnailUrl":"https:\/\/www.humanium.org\/fr\/wp-content\/uploads\/2011\/07\/getty-image-lituanie-jekaterina-nikitina-fillette.jpg","datePublished":"2013-05-24T11:41:01+00:00","dateModified":"2025-12-05T18:02:16+00:00","description":"Una de las prioridades en Lituania es la protecci\u00f3n de la infancia. Sin embargo algunos derechos se encuentran s\u00f3lo parcialmente garantizados.","breadcrumb":{"@id":"https:\/\/www.humanium.org\/es\/lituania\/#breadcrumb"},"inLanguage":"es","potentialAction":[{"@type":"ReadAction","target":["https:\/\/www.humanium.org\/es\/lituania\/"]}]},{"@type":"ImageObject","inLanguage":"es","@id":"https:\/\/www.humanium.org\/es\/lituania\/#primaryimage","url":"https:\/\/www.humanium.org\/fr\/wp-content\/uploads\/2011\/07\/getty-image-lituanie-jekaterina-nikitina-fillette.jpg","contentUrl":"https:\/\/www.humanium.org\/fr\/wp-content\/uploads\/2011\/07\/getty-image-lituanie-jekaterina-nikitina-fillette.jpg"},{"@type":"BreadcrumbList","@id":"https:\/\/www.humanium.org\/es\/lituania\/#breadcrumb","itemListElement":[{"@type":"ListItem","position":1,"name":"Home","item":"https:\/\/www.humanium.org\/es\/"},{"@type":"ListItem","position":2,"name":"Ni\u00f1os de Lituania"}]},{"@type":"WebSite","@id":"https:\/\/www.humanium.org\/es\/#website","url":"https:\/\/www.humanium.org\/es\/","name":"Humanium","description":"\u00a1Los ni\u00f1os primero!","potentialAction":[{"@type":"SearchAction","target":{"@type":"EntryPoint","urlTemplate":"https:\/\/www.humanium.org\/es\/?s={search_term_string}"},"query-input":{"@type":"PropertyValueSpecification","valueRequired":true,"valueName":"search_term_string"}}],"inLanguage":"es"}]}},"_links":{"self":[{"href":"https:\/\/www.humanium.org\/es\/wp-json\/wp\/v2\/pages\/1526","targetHints":{"allow":["GET"]}}],"collection":[{"href":"https:\/\/www.humanium.org\/es\/wp-json\/wp\/v2\/pages"}],"about":[{"href":"https:\/\/www.humanium.org\/es\/wp-json\/wp\/v2\/types\/page"}],"author":[{"embeddable":true,"href":"https:\/\/www.humanium.org\/es\/wp-json\/wp\/v2\/users\/1"}],"replies":[{"embeddable":true,"href":"https:\/\/www.humanium.org\/es\/wp-json\/wp\/v2\/comments?post=1526"}],"version-history":[{"count":3,"href":"https:\/\/www.humanium.org\/es\/wp-json\/wp\/v2\/pages\/1526\/revisions"}],"predecessor-version":[{"id":20500,"href":"https:\/\/www.humanium.org\/es\/wp-json\/wp\/v2\/pages\/1526\/revisions\/20500"}],"wp:attachment":[{"href":"https:\/\/www.humanium.org\/es\/wp-json\/wp\/v2\/media?parent=1526"}],"curies":[{"name":"wp","href":"https:\/\/api.w.org\/{rel}","templated":true}]}}