{"id":15596,"date":"2021-05-02T19:34:49","date_gmt":"2021-05-02T19:34:49","guid":{"rendered":"https:\/\/www.humanium.org\/es\/?page_id=15596"},"modified":"2025-12-13T21:26:50","modified_gmt":"2025-12-13T21:26:50","slug":"principio-de-no-discriminacion","status":"publish","type":"page","link":"https:\/\/www.humanium.org\/es\/principio-de-no-discriminacion\/","title":{"rendered":"Principio de no discriminaci\u00f3n"},"content":{"rendered":"\n<p><strong>La igualdad es un principio profundamente arraigado en la moralidad del ser humano y protegido por el principio de no discriminaci\u00f3n, que es un principio recurrente y predominante en muchos tratados internacionales en materia de derechos humanos. Todos tenemos derecho a recibir un trato igualitario, independientemente de nuestra raza, color, sexo, nacionalidad, idioma, religi\u00f3n y origen \u00e9tnico, nacional o social (art\u00edculo\u00a01 de la Convenci\u00f3n sobre la eliminaci\u00f3n de todas las formas de discriminaci\u00f3n racial o CERD).\u00a0<\/strong><\/p>\n\n\n\n<figure class=\"wp-block-image size-large\"><img loading=\"lazy\" decoding=\"async\" width=\"1024\" height=\"731\" src=\"https:\/\/www.humanium.org\/es\/wp-content\/uploads\/2021\/05\/shutterstock_1283062879-1024x731.jpg\" alt=\"\" class=\"wp-image-15597\" srcset=\"https:\/\/www.humanium.org\/es\/wp-content\/uploads\/2021\/05\/shutterstock_1283062879-1024x731.jpg 1024w, https:\/\/www.humanium.org\/es\/wp-content\/uploads\/2021\/05\/shutterstock_1283062879-300x214.jpg 300w, https:\/\/www.humanium.org\/es\/wp-content\/uploads\/2021\/05\/shutterstock_1283062879-768x548.jpg 768w, https:\/\/www.humanium.org\/es\/wp-content\/uploads\/2021\/05\/shutterstock_1283062879-1536x1096.jpg 1536w, https:\/\/www.humanium.org\/es\/wp-content\/uploads\/2021\/05\/shutterstock_1283062879-2048x1462.jpg 2048w, https:\/\/www.humanium.org\/es\/wp-content\/uploads\/2021\/05\/shutterstock_1283062879-830x592.jpg 830w, https:\/\/www.humanium.org\/es\/wp-content\/uploads\/2021\/05\/shutterstock_1283062879-230x164.jpg 230w, https:\/\/www.humanium.org\/es\/wp-content\/uploads\/2021\/05\/shutterstock_1283062879-350x250.jpg 350w, https:\/\/www.humanium.org\/es\/wp-content\/uploads\/2021\/05\/shutterstock_1283062879-480x343.jpg 480w\" sizes=\"auto, (max-width: 1024px) 100vw, 1024px\" \/><\/figure>\n\n\n\n<p>La discriminaci\u00f3n es todo trato injusto o perjudicial dado a una persona o a un grupo de personas debido a qui\u00e9nes son o qui\u00e9nes se sospecha que son. Dicho trato puede ser una acci\u00f3n, decisi\u00f3n, norma o ley que tenga un efecto, como la distinci\u00f3n, exclusi\u00f3n o restricci\u00f3n, para una persona o grupo de personas (art\u00edculo&nbsp;1 de la CERD). Como consecuencia de dicho trato, la persona discriminada no puede disfrutar de sus derechos humanos o de otros derechos legales o sufre una merma significativa del disfrute de dichos derechos.&nbsp;<\/p>\n\n\n\n<p>La discriminaci\u00f3n puede ser tanto directa como indirecta. Por un lado, la discriminaci\u00f3n directa es aquel trato distinto diferenciado que se da a una persona en comparaci\u00f3n con otra persona en la misma situaci\u00f3n en su detrimento bas\u00e1ndose en sus caracter\u00edsticas. Por otro lado, la discriminaci\u00f3n puede ser indirecta cuando un trato equitativo o supuestamente neutro afecta a distintos grupos de personas de forma significativamente diferente.&nbsp;<\/p>\n\n\n\n<h2 class=\"wp-block-heading\"><strong>El principio de no discriminaci\u00f3n en la Convenci\u00f3n de las Naciones Unidas sobre los Derechos del Ni\u00f1o (CDN)<\/strong><\/h2>\n\n\n\n<p>A pesar de que el principio de no discriminaci\u00f3n est\u00e1 firmemente establecido en el derecho internacional, se ha prestado menos atenci\u00f3n a las formas en las que un ni\u00f1o sufre discriminaci\u00f3n. Adem\u00e1s de la discriminaci\u00f3n en funci\u00f3n del grupo, la llamada discriminaci\u00f3n por edad y los motivos de discriminaci\u00f3n incluidos en la <a href=\"https:\/\/www.humanium.org\/es\/convencion\/\">CDN<\/a>, los ni\u00f1os se enfrentan a una serie de motivaciones de discriminaci\u00f3n espec\u00edficas de los ni\u00f1os que no se incluyen expl\u00edcitamente en las disposiciones de la <a href=\"https:\/\/www.humanium.org\/es\/convencion\/\">CDN<\/a>. <\/p>\n\n\n\n<p>La naturaleza flexible de la <a href=\"https:\/\/www.humanium.org\/es\/convencion\/\">CDN<\/a> permite incluir acontecimientos recientes para elaborar una lista orientativa y no exhaustiva de los motivos de discriminaci\u00f3n espec\u00edficos de los ni\u00f1os que el Comit\u00e9 de los Derechos del Ni\u00f1o (Comit\u00e9 CDN) elabora mediante sus observaciones generales y concluyentes (Besson, 2005). Son ejemplos los motivos relativos a la orientaci\u00f3n sexual, la identidad de g\u00e9nero (Comit\u00e9 de los Derechos del Ni\u00f1o, 2019) y el <a href=\"https:\/\/www.humanium.org\/es\/ninos-sida\/\">VIH\/SIDA<\/a> (Comit\u00e9 de los Derechos del Ni\u00f1o, 2003).\u00a0<\/p>\n\n\n\n<p>Los ni\u00f1os tambi\u00e9n tienen derecho a la no discriminaci\u00f3n.&nbsp; En consecuencia, todos los ni\u00f1os tienen el mismo derecho a disfrutar de una protecci\u00f3n efectiva y de los derechos establecidos en la <a href=\"https:\/\/www.humanium.org\/es\/convencion\/\">CDN<\/a> sin excepci\u00f3n alguna. El art\u00edculo 2.1 de la <a href=\"https:\/\/www.humanium.org\/es\/convencion\/\">CDN<\/a> proh\u00edbe expresamente la discriminaci\u00f3n de un ni\u00f1o debido a \u00abla raza, el color, el sexo, el idioma, la religi\u00f3n, la opini\u00f3n pol\u00edtica o de otra \u00edndole, el origen nacional, \u00e9tnico o social, la posici\u00f3n econ\u00f3mica, los impedimentos f\u00edsicos, el nacimiento o cualquier otra condici\u00f3n del ni\u00f1o, de sus padres o de sus representantes legales\u00bb. Adem\u00e1s, se a\u00f1aden \u00abla condici\u00f3n, las actividades, las opiniones expresadas o las creencias de sus padres, o sus tutores o de sus familiares\u00bb como motivos de discriminaci\u00f3n prohibidos en forma de obligaci\u00f3n en positivo, es decir, la obligaci\u00f3n de tomar medidas preventivas y que garanticen el cumplimiento del art\u00edculo 2.1.&nbsp;&nbsp;<\/p>\n\n\n\n<p>La base para alcanzar de verdad el trato igualitario y la igualdad para los ni\u00f1os est\u00e1 en la necesidad de plantearse la oportunidad de que todos los ni\u00f1os disfruten plenamente de sus derechos y de su desarrollo sin desventajas con respecto a otros ni\u00f1os. Eso requiere que los ni\u00f1os est\u00e9n especialmente protegidos de la discriminaci\u00f3n indirecta puesto que cada ni\u00f1o tiene sus necesidades concretas y \u00fanicas, que deben tenerse en cuenta.&nbsp;<\/p>\n\n\n\n<p>Las formas de discriminaci\u00f3n predominantes incluyen la discriminaci\u00f3n en funci\u00f3n del g\u00e9nero, del estatus social, de la raza o de la discapacidad y otros problemas de salud, que conducen a diversos problemas como la exclusi\u00f3n del sistema educativo, de las oportunidades de desarrollo y de la comunidad, as\u00ed como al abuso o la violencia f\u00edsica y sexual.&nbsp;<\/p>\n\n\n\n<p><strong><em>Escrito por Alexander Weihrauch<\/em><\/strong><\/p>\n\n\n\n<p><strong><em>Traducido por Eva Milla<\/em><\/strong><\/p>\n\n\n\n<p><strong><em>\u00daltima actualizaci\u00f3n el 2 de marzo de 2021<\/em><\/strong><\/p>\n\n\n\n<h4 class=\"wp-block-heading\"><strong>Bibliograf\u00eda:<\/strong><\/h4>\n\n\n\n<p class=\"has-small-font-size\">1969 International Convention on the Elimination of All Forms of Racial Discrimination<\/p>\n\n\n\n<p class=\"has-small-font-size\">Besson, Samantha (2005), The Principle of Non-Discrimination in the Convention on the Rights of the Child, The International Journal of Children s Rights. 13: 433-461.&nbsp;<\/p>\n\n\n\n<p class=\"has-small-font-size\"><a href=\"https:\/\/www.refworld.org\/docid\/4538834e15.html\" target=\"_blank\" rel=\"noreferrer noopener\">Committee on the Rights of the Child (17 March 2003),&nbsp;<em>General comment No. 3 on HIV\/AIDS and the Rights of the Child<\/em>,&nbsp;CRC\/GC\/2003\/3,&nbsp;retrieved from reworld.org.<\/a><\/p>\n\n\n\n<p class=\"has-small-font-size\">Committee on the Rights of the Child (28 February 2019), Concluding observations on the combined fifth and sixth periodic reports of Italy, CRC\/C\/ITA\/CO\/5-6, retrieved from hdocstore.ohchr.org.<\/p>\n","protected":false},"excerpt":{"rendered":"<p>La igualdad es un principio profundamente arraigado en la moralidad del ser humano y protegido por el principio de no discriminaci\u00f3n, que es un principio recurrente y predominante en muchos tratados internacionales en materia de derechos humanos. Todos tenemos derecho a recibir un trato igualitario, independientemente de nuestra raza, color, sexo, nacionalidad, idioma, religi\u00f3n y [&hellip;]<\/p>\n","protected":false},"author":21,"featured_media":15597,"parent":0,"menu_order":0,"comment_status":"closed","ping_status":"closed","template":"","meta":{"footnotes":""},"class_list":["post-15596","page","type-page","status-publish","has-post-thumbnail","hentry"],"yoast_head":"<!-- This site is optimized with the Yoast SEO plugin v26.5 - https:\/\/yoast.com\/wordpress\/plugins\/seo\/ -->\n<title>Principio de no discriminaci\u00f3n - Humanium<\/title>\n<meta name=\"description\" content=\"La igualdad es un principio profundamente arraigado en la moralidad del ser humano y protegido por el principio de no discriminaci\u00f3n.\" \/>\n<meta name=\"robots\" content=\"index, follow, max-snippet:-1, max-image-preview:large, max-video-preview:-1\" \/>\n<link rel=\"canonical\" href=\"https:\/\/www.humanium.org\/es\/principio-de-no-discriminacion\/\" \/>\n<meta property=\"og:locale\" content=\"es_ES\" \/>\n<meta property=\"og:type\" content=\"article\" \/>\n<meta property=\"og:title\" content=\"Principio de no discriminaci\u00f3n - Humanium\" \/>\n<meta property=\"og:description\" content=\"La igualdad es un principio profundamente arraigado en la moralidad del ser humano y protegido por el principio de no discriminaci\u00f3n.\" \/>\n<meta property=\"og:url\" content=\"https:\/\/www.humanium.org\/es\/principio-de-no-discriminacion\/\" \/>\n<meta property=\"og:site_name\" content=\"Humanium\" \/>\n<meta property=\"article:modified_time\" content=\"2025-12-13T21:26:50+00:00\" \/>\n<meta property=\"og:image\" content=\"https:\/\/www.humanium.org\/es\/wp-content\/uploads\/2021\/05\/shutterstock_1283062879-scaled.jpg\" \/>\n\t<meta property=\"og:image:width\" content=\"2560\" \/>\n\t<meta property=\"og:image:height\" content=\"1827\" \/>\n\t<meta property=\"og:image:type\" content=\"image\/jpeg\" \/>\n<meta name=\"twitter:card\" content=\"summary_large_image\" \/>\n<meta name=\"twitter:label1\" content=\"Tiempo de lectura\" \/>\n\t<meta name=\"twitter:data1\" content=\"4 minutos\" \/>\n<script type=\"application\/ld+json\" class=\"yoast-schema-graph\">{\"@context\":\"https:\/\/schema.org\",\"@graph\":[{\"@type\":\"WebPage\",\"@id\":\"https:\/\/www.humanium.org\/es\/principio-de-no-discriminacion\/\",\"url\":\"https:\/\/www.humanium.org\/es\/principio-de-no-discriminacion\/\",\"name\":\"Principio de no discriminaci\u00f3n - Humanium\",\"isPartOf\":{\"@id\":\"https:\/\/www.humanium.org\/es\/#website\"},\"primaryImageOfPage\":{\"@id\":\"https:\/\/www.humanium.org\/es\/principio-de-no-discriminacion\/#primaryimage\"},\"image\":{\"@id\":\"https:\/\/www.humanium.org\/es\/principio-de-no-discriminacion\/#primaryimage\"},\"thumbnailUrl\":\"https:\/\/www.humanium.org\/es\/wp-content\/uploads\/2021\/05\/shutterstock_1283062879-scaled.jpg\",\"datePublished\":\"2021-05-02T19:34:49+00:00\",\"dateModified\":\"2025-12-13T21:26:50+00:00\",\"description\":\"La igualdad es un principio profundamente arraigado en la moralidad del ser humano y protegido por el principio de no discriminaci\u00f3n.\",\"breadcrumb\":{\"@id\":\"https:\/\/www.humanium.org\/es\/principio-de-no-discriminacion\/#breadcrumb\"},\"inLanguage\":\"es\",\"potentialAction\":[{\"@type\":\"ReadAction\",\"target\":[\"https:\/\/www.humanium.org\/es\/principio-de-no-discriminacion\/\"]}]},{\"@type\":\"ImageObject\",\"inLanguage\":\"es\",\"@id\":\"https:\/\/www.humanium.org\/es\/principio-de-no-discriminacion\/#primaryimage\",\"url\":\"https:\/\/www.humanium.org\/es\/wp-content\/uploads\/2021\/05\/shutterstock_1283062879-scaled.jpg\",\"contentUrl\":\"https:\/\/www.humanium.org\/es\/wp-content\/uploads\/2021\/05\/shutterstock_1283062879-scaled.jpg\",\"width\":2560,\"height\":1827},{\"@type\":\"BreadcrumbList\",\"@id\":\"https:\/\/www.humanium.org\/es\/principio-de-no-discriminacion\/#breadcrumb\",\"itemListElement\":[{\"@type\":\"ListItem\",\"position\":1,\"name\":\"Home\",\"item\":\"https:\/\/www.humanium.org\/es\/\"},{\"@type\":\"ListItem\",\"position\":2,\"name\":\"Principio de no discriminaci\u00f3n\"}]},{\"@type\":\"WebSite\",\"@id\":\"https:\/\/www.humanium.org\/es\/#website\",\"url\":\"https:\/\/www.humanium.org\/es\/\",\"name\":\"Humanium\",\"description\":\"\u00a1Los ni\u00f1os primero!\",\"potentialAction\":[{\"@type\":\"SearchAction\",\"target\":{\"@type\":\"EntryPoint\",\"urlTemplate\":\"https:\/\/www.humanium.org\/es\/?s={search_term_string}\"},\"query-input\":{\"@type\":\"PropertyValueSpecification\",\"valueRequired\":true,\"valueName\":\"search_term_string\"}}],\"inLanguage\":\"es\"}]}<\/script>\n<!-- \/ Yoast SEO plugin. -->","yoast_head_json":{"title":"Principio de no discriminaci\u00f3n - Humanium","description":"La igualdad es un principio profundamente arraigado en la moralidad del ser humano y protegido por el principio de no discriminaci\u00f3n.","robots":{"index":"index","follow":"follow","max-snippet":"max-snippet:-1","max-image-preview":"max-image-preview:large","max-video-preview":"max-video-preview:-1"},"canonical":"https:\/\/www.humanium.org\/es\/principio-de-no-discriminacion\/","og_locale":"es_ES","og_type":"article","og_title":"Principio de no discriminaci\u00f3n - Humanium","og_description":"La igualdad es un principio profundamente arraigado en la moralidad del ser humano y protegido por el principio de no discriminaci\u00f3n.","og_url":"https:\/\/www.humanium.org\/es\/principio-de-no-discriminacion\/","og_site_name":"Humanium","article_modified_time":"2025-12-13T21:26:50+00:00","og_image":[{"width":2560,"height":1827,"url":"https:\/\/www.humanium.org\/es\/wp-content\/uploads\/2021\/05\/shutterstock_1283062879-scaled.jpg","type":"image\/jpeg"}],"twitter_card":"summary_large_image","twitter_misc":{"Tiempo de lectura":"4 minutos"},"schema":{"@context":"https:\/\/schema.org","@graph":[{"@type":"WebPage","@id":"https:\/\/www.humanium.org\/es\/principio-de-no-discriminacion\/","url":"https:\/\/www.humanium.org\/es\/principio-de-no-discriminacion\/","name":"Principio de no discriminaci\u00f3n - Humanium","isPartOf":{"@id":"https:\/\/www.humanium.org\/es\/#website"},"primaryImageOfPage":{"@id":"https:\/\/www.humanium.org\/es\/principio-de-no-discriminacion\/#primaryimage"},"image":{"@id":"https:\/\/www.humanium.org\/es\/principio-de-no-discriminacion\/#primaryimage"},"thumbnailUrl":"https:\/\/www.humanium.org\/es\/wp-content\/uploads\/2021\/05\/shutterstock_1283062879-scaled.jpg","datePublished":"2021-05-02T19:34:49+00:00","dateModified":"2025-12-13T21:26:50+00:00","description":"La igualdad es un principio profundamente arraigado en la moralidad del ser humano y protegido por el principio de no discriminaci\u00f3n.","breadcrumb":{"@id":"https:\/\/www.humanium.org\/es\/principio-de-no-discriminacion\/#breadcrumb"},"inLanguage":"es","potentialAction":[{"@type":"ReadAction","target":["https:\/\/www.humanium.org\/es\/principio-de-no-discriminacion\/"]}]},{"@type":"ImageObject","inLanguage":"es","@id":"https:\/\/www.humanium.org\/es\/principio-de-no-discriminacion\/#primaryimage","url":"https:\/\/www.humanium.org\/es\/wp-content\/uploads\/2021\/05\/shutterstock_1283062879-scaled.jpg","contentUrl":"https:\/\/www.humanium.org\/es\/wp-content\/uploads\/2021\/05\/shutterstock_1283062879-scaled.jpg","width":2560,"height":1827},{"@type":"BreadcrumbList","@id":"https:\/\/www.humanium.org\/es\/principio-de-no-discriminacion\/#breadcrumb","itemListElement":[{"@type":"ListItem","position":1,"name":"Home","item":"https:\/\/www.humanium.org\/es\/"},{"@type":"ListItem","position":2,"name":"Principio de no discriminaci\u00f3n"}]},{"@type":"WebSite","@id":"https:\/\/www.humanium.org\/es\/#website","url":"https:\/\/www.humanium.org\/es\/","name":"Humanium","description":"\u00a1Los ni\u00f1os primero!","potentialAction":[{"@type":"SearchAction","target":{"@type":"EntryPoint","urlTemplate":"https:\/\/www.humanium.org\/es\/?s={search_term_string}"},"query-input":{"@type":"PropertyValueSpecification","valueRequired":true,"valueName":"search_term_string"}}],"inLanguage":"es"}]}},"_links":{"self":[{"href":"https:\/\/www.humanium.org\/es\/wp-json\/wp\/v2\/pages\/15596","targetHints":{"allow":["GET"]}}],"collection":[{"href":"https:\/\/www.humanium.org\/es\/wp-json\/wp\/v2\/pages"}],"about":[{"href":"https:\/\/www.humanium.org\/es\/wp-json\/wp\/v2\/types\/page"}],"author":[{"embeddable":true,"href":"https:\/\/www.humanium.org\/es\/wp-json\/wp\/v2\/users\/21"}],"replies":[{"embeddable":true,"href":"https:\/\/www.humanium.org\/es\/wp-json\/wp\/v2\/comments?post=15596"}],"version-history":[{"count":2,"href":"https:\/\/www.humanium.org\/es\/wp-json\/wp\/v2\/pages\/15596\/revisions"}],"predecessor-version":[{"id":21348,"href":"https:\/\/www.humanium.org\/es\/wp-json\/wp\/v2\/pages\/15596\/revisions\/21348"}],"wp:featuredmedia":[{"embeddable":true,"href":"https:\/\/www.humanium.org\/es\/wp-json\/wp\/v2\/media\/15597"}],"wp:attachment":[{"href":"https:\/\/www.humanium.org\/es\/wp-json\/wp\/v2\/media?parent=15596"}],"curies":[{"name":"wp","href":"https:\/\/api.w.org\/{rel}","templated":true}]}}