{"id":15603,"date":"2021-05-02T19:49:46","date_gmt":"2021-05-02T19:49:46","guid":{"rendered":"https:\/\/www.humanium.org\/es\/?page_id=15603"},"modified":"2021-05-02T19:49:47","modified_gmt":"2021-05-02T19:49:47","slug":"principio-de-la-vida-la-supervivencia-y-el-desarrollo","status":"publish","type":"page","link":"https:\/\/www.humanium.org\/es\/principio-de-la-vida-la-supervivencia-y-el-desarrollo\/","title":{"rendered":"Principio de la vida, la supervivencia y el desarrollo"},"content":{"rendered":"\n<p><strong>El art\u00edculo\u00a06 de la <a href=\"https:\/\/www.humanium.org\/es\/convencion\/\">Convenci\u00f3n sobre los Derechos del Ni\u00f1o (CDN)<\/a> establece otro principio que rige la interpretaci\u00f3n, puesta en marcha y aplicaci\u00f3n de la <a href=\"https:\/\/www.humanium.org\/es\/convencion\/\">Convenci\u00f3n<\/a> y sus disposiciones. Este art\u00edculo recoge el derecho inherente del ni\u00f1o a la vida e incluye la obligaci\u00f3n de los Estados de garantizar la supervivencia y el desarrollo del ni\u00f1o (Comit\u00e9 de los Derechos del Ni\u00f1o, 2006).<\/strong><\/p>\n\n\n\n<figure class=\"wp-block-image size-large\"><img loading=\"lazy\" decoding=\"async\" width=\"1024\" height=\"683\" src=\"https:\/\/www.humanium.org\/es\/wp-content\/uploads\/2021\/05\/shutterstock_81178216-1024x683.jpg\" alt=\"\" class=\"wp-image-15605\" srcset=\"https:\/\/www.humanium.org\/es\/wp-content\/uploads\/2021\/05\/shutterstock_81178216-1024x683.jpg 1024w, https:\/\/www.humanium.org\/es\/wp-content\/uploads\/2021\/05\/shutterstock_81178216-300x200.jpg 300w, https:\/\/www.humanium.org\/es\/wp-content\/uploads\/2021\/05\/shutterstock_81178216-768x512.jpg 768w, https:\/\/www.humanium.org\/es\/wp-content\/uploads\/2021\/05\/shutterstock_81178216-1536x1024.jpg 1536w, https:\/\/www.humanium.org\/es\/wp-content\/uploads\/2021\/05\/shutterstock_81178216-2048x1365.jpg 2048w, https:\/\/www.humanium.org\/es\/wp-content\/uploads\/2021\/05\/shutterstock_81178216-830x553.jpg 830w, https:\/\/www.humanium.org\/es\/wp-content\/uploads\/2021\/05\/shutterstock_81178216-230x153.jpg 230w, https:\/\/www.humanium.org\/es\/wp-content\/uploads\/2021\/05\/shutterstock_81178216-350x233.jpg 350w, https:\/\/www.humanium.org\/es\/wp-content\/uploads\/2021\/05\/shutterstock_81178216-480x320.jpg 480w, https:\/\/www.humanium.org\/es\/wp-content\/uploads\/2021\/05\/shutterstock_81178216-272x182.jpg 272w\" sizes=\"auto, (max-width: 1024px) 100vw, 1024px\" \/><\/figure>\n\n\n\n<h2 class=\"wp-block-heading\"><strong><a href=\"https:\/\/www.humanium.org\/es\/derecho-vida\/\">El derecho a la vida<\/a><\/strong><\/h2>\n\n\n\n<p>El derecho a la vida debe interpretarse como un derecho civil y pol\u00edtico, as\u00ed como econ\u00f3mico, social y cultural, puesto que no debe interpretarse restrictivamente (Comit\u00e9 de los Derechos del Ni\u00f1o, 2017).\u00a0La interpretaci\u00f3n del derecho a la vida como derecho civil y pol\u00edtico ampara el derecho a ser protegido de matanzas arbitrarias y el \u00abderecho a no sufrir acciones ni omisiones destinadas o previstas para causar su muerte no natural y prematura\u00bb (Comit\u00e9 de los Derechos del Ni\u00f1o, 2017). <\/p>\n\n\n\n<p>La interpretaci\u00f3n econ\u00f3mica, social y cultural a\u00f1ade el requisito de unas condiciones m\u00ednimas para tener una vida digna para el goce efectivo del derecho (Comit\u00e9 de los Derechos del Ni\u00f1o, 2017). Esta interpretaci\u00f3n del derecho a la vida del art\u00edculo\u00a06 se complementa con la inclusi\u00f3n del derecho a la supervivencia.<\/p>\n\n\n\n<h2 class=\"wp-block-heading\"><strong>El derecho a la supervivencia<\/strong><\/h2>\n\n\n\n<p>El principio de la supervivencia y el desarrollo solo se puede aplicar de manera hol\u00edstica, ya que requiere una lectura conjunta con todos los dem\u00e1s derechos y disposiciones de la <a href=\"https:\/\/www.humanium.org\/es\/convencion\/\">CDN<\/a>, como los principios rectores y los derechos sustantivos (\u00ab<a href=\"https:\/\/www.humanium.org\/es\/derecho-salud\/\">derecho a la salud<\/a>, a la nutrici\u00f3n adecuada, a la seguridad social, a un nivel de vida adecuado, a un entorno sano y seguro, a la educaci\u00f3n y al juego (arts. 24, 27, 28, 29 y 31)\u00bb) (Comit\u00e9 de los Derechos del Ni\u00f1o, 2006).&nbsp;<\/p>\n\n\n\n<p>A los efectos del art\u00edculo\u00a06, el derecho a la supervivencia debe interpretarse en el sentido de que obliga a los Estados a adoptar todas las medidas positivas y negativas apropiadas que contribuyan a la supervivencia de un ni\u00f1o. Esto significa que los Estados est\u00e1n obligados no solo a abstenerse de privarles arbitrariamente de la vida, sino tambi\u00e9n a aplicar medidas activas para adoptar actuaciones preventivas \u00abpara prolongar la vida de los ni\u00f1os\u00bb (ACNUDH, 2007). <\/p>\n\n\n\n<p>A este respecto, el derecho a la supervivencia coincide con la interpretaci\u00f3n actual y amplia del derecho a la vida que incluye la obligaci\u00f3n de \u00abcrear las condiciones necesarias para garantizar una vida digna\u00bb (Tobin, 2019). La Declaraci\u00f3n Mundial sobre la Supervivencia, la Protecci\u00f3n y el Desarrollo del Ni\u00f1o de 1990 incluye una lista no exhaustiva de las causas que ponen en peligro la supervivencia f\u00edsica del ni\u00f1o, tales como \u00abla malnutrici\u00f3n, la enfermedad, la falta de agua potable, el saneamiento inadecuado y los efectos de las drogas\u00bb (Declaraci\u00f3n Mundial sobre la Supervivencia, la Protecci\u00f3n y el Desarrollo del Ni\u00f1o, 1990). <\/p>\n\n\n\n<p>El Comit\u00e9 de los Derechos del Ni\u00f1o (Comit\u00e9 CDN) extiende esa lista a los siguientes asuntos: \u00abla incidencia de infecciones respiratorias y diarreas agudas, anemias, enfermedades infecciosas intestinales, infecciones bacterianas, sarampi\u00f3n, neumon\u00eda y <a href=\"https:\/\/www.humanium.org\/es\/ninos-sida\/\">VIH\/SIDA,<\/a> atenci\u00f3n pre y posnatal inadecuada, bajas tasas de inmunizaci\u00f3n, saneamiento deficiente (que incluye la falta de acceso a agua potable) y malnutrici\u00f3n\u00bb. (Comit\u00e9 de los Derechos del Ni\u00f1o, 2005).\u00a0<\/p>\n\n\n\n<h2 class=\"wp-block-heading\"><strong>El derecho al desarrollo<\/strong><\/h2>\n\n\n\n<p>El concepto hol\u00edstico del derecho al desarrollo incluye la obligaci\u00f3n del Estado de garantizar el desarrollo f\u00edsico, mental, espiritual, moral, psicol\u00f3gico y social del ni\u00f1o (Comit\u00e9 de los Derechos del Ni\u00f1o, 2017). El derecho al desarrollo se basa en el r\u00e1pido y vulnerable proceso de desarrollo que diferencia a los ni\u00f1os de los adultos (Morag, 2014). Por eso, es un derecho \u00fanico de los ni\u00f1os y se centra en el desarrollo personal del ni\u00f1o (Tobin, 2019). <\/p>\n\n\n\n<p>El Comit\u00e9 CDN destac\u00f3 que el desarrollo de \u00ablas capacidades f\u00edsicas, psicol\u00f3gicas, espirituales, sociales, emocionales, cognitivas, culturales y econ\u00f3micas\u00bb (Comit\u00e9 de los Derechos del Ni\u00f1o, 2016) y el desarrollo sexual (Comit\u00e9 de los Derechos del Ni\u00f1o, 2003) de los ni\u00f1os entran dentro del \u00e1mbito de aplicaci\u00f3n del art\u00edculo\u00a06 de la CDN. El desarrollo del ni\u00f1o, similar al inter\u00e9s superior del ni\u00f1o, debe evaluarse en cada caso concreto combinando diversas disciplinas como \u00abpediatr\u00eda, psicolog\u00eda, psiquiatr\u00eda, neurociencia, trabajo social y educaci\u00f3n\u00bb (Tobin, 2019). Hay que preservar estas consideraciones frente a los prejuicios tradicionales de g\u00e9nero, raciales y de clase.\u00a0<\/p>\n\n\n\n<h2 class=\"wp-block-heading\"><strong>\u00abEn la m\u00e1xima medida posible\u00bb<\/strong><\/h2>\n\n\n\n<p>La expresi\u00f3n \u00abgarantizar\u00e1\u00bb no permite que el Estado act\u00fae a su criterio. Al incluir la expresi\u00f3n \u00aben la m\u00e1xima medida posible\u00bb, los autores contemplan las posibles excepciones para limitar las obligaciones de un Estado. Estas excepciones pueden incluir posibles problemas como los recursos limitados de que dispone el Estado (art\u00edculo&nbsp;4 de la <a href=\"https:\/\/www.humanium.org\/es\/convencion\/\">CDN<\/a>), las acciones u omisiones de los padres o tutores legales de un ni\u00f1o (art\u00edculos&nbsp;5 y 27 de la CDN), las acciones u omisiones de terceros (art\u00edculo&nbsp;2 de la <a href=\"https:\/\/www.humanium.org\/es\/convencion\/\">CDN<\/a>) y las acciones u omisiones del propio ni\u00f1o (Tobin, 2019). Las carencias debidas a esos motivos deben justificarse y su causalidad debe estar bien fundamentada.<\/p>\n\n\n\n<p><strong><em>Escrito por Alexander Weihrauch<\/em><\/strong><\/p>\n\n\n\n<p><strong><em>Traducido por Eva Milla<\/em><\/strong><\/p>\n\n\n\n<p><strong><em>\u00daltima actualizaci\u00f3n el 2 de marzo de 2021<\/em><\/strong><\/p>\n\n\n\n<h4 class=\"wp-block-heading\"><strong>Bibliograf\u00eda:<\/strong><\/h4>\n\n\n\n<p class=\"has-small-font-size\">1990 World Declaration on the Survival, Protection and Development of Children, para. 12 from the World Summit for Children on 30 September 1990. In: Tobin, John (28 March 2019), The UN Convention on the Rights of the Child: A Commentary\u201d, Oxford Commentaries on International Law, Oxford Scholarly Authorities on International Law (OSAIL).<\/p>\n\n\n\n<p class=\"has-small-font-size\">Office of the High Commissioner on Human Rights (2007), Legislative History of the Convention on the Rights of the Child (\u2018Legislative History\u2019), p. 365.&nbsp;<\/p>\n\n\n\n<p class=\"has-small-font-size\">Tobin, John (28 March 2019), The UN Convention on the Rights of the Child: A Commentary\u201d, Oxford Commentaries on International Law, Chapter 4, 7 and 13, Oxford Scholarly Authorities on International Law (OSAIL).&nbsp;<\/p>\n\n\n\n<p class=\"has-small-font-size\"><a href=\"https:\/\/www.refworld.org\/docid\/4538834e15.html\" target=\"_blank\" rel=\"noreferrer noopener\">Committee on the Rights of the Child (17 March 2003),&nbsp;<em>General comment No. 3 on HIV\/AIDS and the Rights of the Child<\/em>,&nbsp;CRC\/GC\/2003\/3,&nbsp;retrieved from refworld.com.<\/a><\/p>\n\n\n\n<p class=\"has-small-font-size\">Committee on the Rights of the Child (21 June 2017), General comment No. 21 on children in street situations, CRC\/C\/GC\/21.&nbsp;<\/p>\n\n\n\n<p class=\"has-small-font-size\">Morag, Tamar (2014), The Principles of the Un Convention on the Rights of the Child and their influence on Israeli Law, Michigan State International Law Review Vol. 22: 2.&nbsp;<\/p>\n\n\n\n<p class=\"has-small-font-size\">Committee on the Rights of the Child (21 September 2005), Concluding Observations: Nepal, 39<sup>th<\/sup>&nbsp;Session, CRC\/C\/15\/Add. 261 in: Tobin, John (28 March 2019), The UN Convention on the Rights of the Child: A Commentary\u201d, Oxford Commentaries on International Law, Oxford Scholarly Authorities on International Law (OSAIL).&nbsp;<\/p>\n\n\n\n<p class=\"has-small-font-size\"><a href=\"https:\/\/www.refworld.org\/docid\/589dad3d4.html\">Committee on the Rights of the Child (6 December 2016), General Comment No 20 on the implementation of the rights of the child during adolescence, CRC\/C\/GC\/20, para 15, retrieved from refworld.com.<\/a><\/p>\n\n\n\n<p class=\"has-small-font-size\"><a href=\"https:\/\/www.refworld.org\/docid\/460bc5a62.html\">UN Committee on the Rights of the Child (20 September 2006), General comment No. 7 on Implementing Child Rights in Early Childhood, CRC\/C\/GC\/7\/Rev.1,&nbsp;retrieved from refworld.com.<\/a><\/p>\n","protected":false},"excerpt":{"rendered":"<p>El art\u00edculo\u00a06 de la Convenci\u00f3n sobre los Derechos del Ni\u00f1o (CDN) establece otro principio que rige la interpretaci\u00f3n, puesta en marcha y aplicaci\u00f3n de la Convenci\u00f3n y sus disposiciones. Este art\u00edculo recoge el derecho inherente del ni\u00f1o a la vida e incluye la obligaci\u00f3n de los Estados de garantizar la supervivencia y el desarrollo del [&hellip;]<\/p>\n","protected":false},"author":21,"featured_media":15605,"parent":0,"menu_order":0,"comment_status":"closed","ping_status":"closed","template":"","meta":{"footnotes":""},"class_list":["post-15603","page","type-page","status-publish","has-post-thumbnail","hentry"],"yoast_head":"<!-- This site is optimized with the Yoast SEO plugin v26.5 - https:\/\/yoast.com\/wordpress\/plugins\/seo\/ -->\n<title>Principio de la vida, la supervivencia y el desarrollo - Humanium<\/title>\n<meta name=\"description\" content=\"El art\u00edculo 6 de la Convenci\u00f3n sobre los Derechos del Ni\u00f1o establece otro principio que rige la interpretaci\u00f3n de la Convenci\u00f3n.\" \/>\n<meta name=\"robots\" content=\"index, follow, max-snippet:-1, max-image-preview:large, max-video-preview:-1\" \/>\n<link rel=\"canonical\" href=\"https:\/\/www.humanium.org\/es\/principio-de-la-vida-la-supervivencia-y-el-desarrollo\/\" \/>\n<meta property=\"og:locale\" content=\"es_ES\" \/>\n<meta property=\"og:type\" content=\"article\" \/>\n<meta property=\"og:title\" content=\"Principio de la vida, la supervivencia y el desarrollo - Humanium\" \/>\n<meta property=\"og:description\" content=\"El art\u00edculo 6 de la Convenci\u00f3n sobre los Derechos del Ni\u00f1o establece otro principio que rige la interpretaci\u00f3n de la Convenci\u00f3n.\" \/>\n<meta property=\"og:url\" content=\"https:\/\/www.humanium.org\/es\/principio-de-la-vida-la-supervivencia-y-el-desarrollo\/\" \/>\n<meta property=\"og:site_name\" content=\"Humanium\" \/>\n<meta property=\"article:modified_time\" content=\"2021-05-02T19:49:47+00:00\" \/>\n<meta property=\"og:image\" content=\"https:\/\/www.humanium.org\/es\/wp-content\/uploads\/2021\/05\/shutterstock_81178216-scaled.jpg\" \/>\n\t<meta property=\"og:image:width\" content=\"2560\" \/>\n\t<meta property=\"og:image:height\" content=\"1707\" \/>\n\t<meta property=\"og:image:type\" content=\"image\/jpeg\" \/>\n<meta name=\"twitter:card\" content=\"summary_large_image\" \/>\n<meta name=\"twitter:label1\" content=\"Tiempo de lectura\" \/>\n\t<meta name=\"twitter:data1\" content=\"6 minutos\" \/>\n<script type=\"application\/ld+json\" class=\"yoast-schema-graph\">{\"@context\":\"https:\/\/schema.org\",\"@graph\":[{\"@type\":\"WebPage\",\"@id\":\"https:\/\/www.humanium.org\/es\/principio-de-la-vida-la-supervivencia-y-el-desarrollo\/\",\"url\":\"https:\/\/www.humanium.org\/es\/principio-de-la-vida-la-supervivencia-y-el-desarrollo\/\",\"name\":\"Principio de la vida, la supervivencia y el desarrollo - Humanium\",\"isPartOf\":{\"@id\":\"https:\/\/www.humanium.org\/es\/#website\"},\"primaryImageOfPage\":{\"@id\":\"https:\/\/www.humanium.org\/es\/principio-de-la-vida-la-supervivencia-y-el-desarrollo\/#primaryimage\"},\"image\":{\"@id\":\"https:\/\/www.humanium.org\/es\/principio-de-la-vida-la-supervivencia-y-el-desarrollo\/#primaryimage\"},\"thumbnailUrl\":\"https:\/\/www.humanium.org\/es\/wp-content\/uploads\/2021\/05\/shutterstock_81178216-scaled.jpg\",\"datePublished\":\"2021-05-02T19:49:46+00:00\",\"dateModified\":\"2021-05-02T19:49:47+00:00\",\"description\":\"El art\u00edculo 6 de la Convenci\u00f3n sobre los Derechos del Ni\u00f1o establece otro principio que rige la interpretaci\u00f3n de la Convenci\u00f3n.\",\"breadcrumb\":{\"@id\":\"https:\/\/www.humanium.org\/es\/principio-de-la-vida-la-supervivencia-y-el-desarrollo\/#breadcrumb\"},\"inLanguage\":\"es\",\"potentialAction\":[{\"@type\":\"ReadAction\",\"target\":[\"https:\/\/www.humanium.org\/es\/principio-de-la-vida-la-supervivencia-y-el-desarrollo\/\"]}]},{\"@type\":\"ImageObject\",\"inLanguage\":\"es\",\"@id\":\"https:\/\/www.humanium.org\/es\/principio-de-la-vida-la-supervivencia-y-el-desarrollo\/#primaryimage\",\"url\":\"https:\/\/www.humanium.org\/es\/wp-content\/uploads\/2021\/05\/shutterstock_81178216-scaled.jpg\",\"contentUrl\":\"https:\/\/www.humanium.org\/es\/wp-content\/uploads\/2021\/05\/shutterstock_81178216-scaled.jpg\",\"width\":2560,\"height\":1707},{\"@type\":\"BreadcrumbList\",\"@id\":\"https:\/\/www.humanium.org\/es\/principio-de-la-vida-la-supervivencia-y-el-desarrollo\/#breadcrumb\",\"itemListElement\":[{\"@type\":\"ListItem\",\"position\":1,\"name\":\"Home\",\"item\":\"https:\/\/www.humanium.org\/es\/\"},{\"@type\":\"ListItem\",\"position\":2,\"name\":\"Principio de la vida, la supervivencia y el desarrollo\"}]},{\"@type\":\"WebSite\",\"@id\":\"https:\/\/www.humanium.org\/es\/#website\",\"url\":\"https:\/\/www.humanium.org\/es\/\",\"name\":\"Humanium\",\"description\":\"\u00a1Los ni\u00f1os primero!\",\"potentialAction\":[{\"@type\":\"SearchAction\",\"target\":{\"@type\":\"EntryPoint\",\"urlTemplate\":\"https:\/\/www.humanium.org\/es\/?s={search_term_string}\"},\"query-input\":{\"@type\":\"PropertyValueSpecification\",\"valueRequired\":true,\"valueName\":\"search_term_string\"}}],\"inLanguage\":\"es\"}]}<\/script>\n<!-- \/ Yoast SEO plugin. -->","yoast_head_json":{"title":"Principio de la vida, la supervivencia y el desarrollo - Humanium","description":"El art\u00edculo 6 de la Convenci\u00f3n sobre los Derechos del Ni\u00f1o establece otro principio que rige la interpretaci\u00f3n de la Convenci\u00f3n.","robots":{"index":"index","follow":"follow","max-snippet":"max-snippet:-1","max-image-preview":"max-image-preview:large","max-video-preview":"max-video-preview:-1"},"canonical":"https:\/\/www.humanium.org\/es\/principio-de-la-vida-la-supervivencia-y-el-desarrollo\/","og_locale":"es_ES","og_type":"article","og_title":"Principio de la vida, la supervivencia y el desarrollo - Humanium","og_description":"El art\u00edculo 6 de la Convenci\u00f3n sobre los Derechos del Ni\u00f1o establece otro principio que rige la interpretaci\u00f3n de la Convenci\u00f3n.","og_url":"https:\/\/www.humanium.org\/es\/principio-de-la-vida-la-supervivencia-y-el-desarrollo\/","og_site_name":"Humanium","article_modified_time":"2021-05-02T19:49:47+00:00","og_image":[{"width":2560,"height":1707,"url":"https:\/\/www.humanium.org\/es\/wp-content\/uploads\/2021\/05\/shutterstock_81178216-scaled.jpg","type":"image\/jpeg"}],"twitter_card":"summary_large_image","twitter_misc":{"Tiempo de lectura":"6 minutos"},"schema":{"@context":"https:\/\/schema.org","@graph":[{"@type":"WebPage","@id":"https:\/\/www.humanium.org\/es\/principio-de-la-vida-la-supervivencia-y-el-desarrollo\/","url":"https:\/\/www.humanium.org\/es\/principio-de-la-vida-la-supervivencia-y-el-desarrollo\/","name":"Principio de la vida, la supervivencia y el desarrollo - Humanium","isPartOf":{"@id":"https:\/\/www.humanium.org\/es\/#website"},"primaryImageOfPage":{"@id":"https:\/\/www.humanium.org\/es\/principio-de-la-vida-la-supervivencia-y-el-desarrollo\/#primaryimage"},"image":{"@id":"https:\/\/www.humanium.org\/es\/principio-de-la-vida-la-supervivencia-y-el-desarrollo\/#primaryimage"},"thumbnailUrl":"https:\/\/www.humanium.org\/es\/wp-content\/uploads\/2021\/05\/shutterstock_81178216-scaled.jpg","datePublished":"2021-05-02T19:49:46+00:00","dateModified":"2021-05-02T19:49:47+00:00","description":"El art\u00edculo 6 de la Convenci\u00f3n sobre los Derechos del Ni\u00f1o establece otro principio que rige la interpretaci\u00f3n de la Convenci\u00f3n.","breadcrumb":{"@id":"https:\/\/www.humanium.org\/es\/principio-de-la-vida-la-supervivencia-y-el-desarrollo\/#breadcrumb"},"inLanguage":"es","potentialAction":[{"@type":"ReadAction","target":["https:\/\/www.humanium.org\/es\/principio-de-la-vida-la-supervivencia-y-el-desarrollo\/"]}]},{"@type":"ImageObject","inLanguage":"es","@id":"https:\/\/www.humanium.org\/es\/principio-de-la-vida-la-supervivencia-y-el-desarrollo\/#primaryimage","url":"https:\/\/www.humanium.org\/es\/wp-content\/uploads\/2021\/05\/shutterstock_81178216-scaled.jpg","contentUrl":"https:\/\/www.humanium.org\/es\/wp-content\/uploads\/2021\/05\/shutterstock_81178216-scaled.jpg","width":2560,"height":1707},{"@type":"BreadcrumbList","@id":"https:\/\/www.humanium.org\/es\/principio-de-la-vida-la-supervivencia-y-el-desarrollo\/#breadcrumb","itemListElement":[{"@type":"ListItem","position":1,"name":"Home","item":"https:\/\/www.humanium.org\/es\/"},{"@type":"ListItem","position":2,"name":"Principio de la vida, la supervivencia y el desarrollo"}]},{"@type":"WebSite","@id":"https:\/\/www.humanium.org\/es\/#website","url":"https:\/\/www.humanium.org\/es\/","name":"Humanium","description":"\u00a1Los ni\u00f1os primero!","potentialAction":[{"@type":"SearchAction","target":{"@type":"EntryPoint","urlTemplate":"https:\/\/www.humanium.org\/es\/?s={search_term_string}"},"query-input":{"@type":"PropertyValueSpecification","valueRequired":true,"valueName":"search_term_string"}}],"inLanguage":"es"}]}},"_links":{"self":[{"href":"https:\/\/www.humanium.org\/es\/wp-json\/wp\/v2\/pages\/15603","targetHints":{"allow":["GET"]}}],"collection":[{"href":"https:\/\/www.humanium.org\/es\/wp-json\/wp\/v2\/pages"}],"about":[{"href":"https:\/\/www.humanium.org\/es\/wp-json\/wp\/v2\/types\/page"}],"author":[{"embeddable":true,"href":"https:\/\/www.humanium.org\/es\/wp-json\/wp\/v2\/users\/21"}],"replies":[{"embeddable":true,"href":"https:\/\/www.humanium.org\/es\/wp-json\/wp\/v2\/comments?post=15603"}],"version-history":[{"count":3,"href":"https:\/\/www.humanium.org\/es\/wp-json\/wp\/v2\/pages\/15603\/revisions"}],"predecessor-version":[{"id":15608,"href":"https:\/\/www.humanium.org\/es\/wp-json\/wp\/v2\/pages\/15603\/revisions\/15608"}],"wp:featuredmedia":[{"embeddable":true,"href":"https:\/\/www.humanium.org\/es\/wp-json\/wp\/v2\/media\/15605"}],"wp:attachment":[{"href":"https:\/\/www.humanium.org\/es\/wp-json\/wp\/v2\/media?parent=15603"}],"curies":[{"name":"wp","href":"https:\/\/api.w.org\/{rel}","templated":true}]}}