{"id":165,"date":"2012-11-21T09:05:45","date_gmt":"2012-11-21T09:05:45","guid":{"rendered":"http:\/\/www.humanium.org\/es\/?page_id=165"},"modified":"2017-10-04T09:18:53","modified_gmt":"2017-10-04T09:18:53","slug":"comite-limites","status":"publish","type":"page","link":"https:\/\/www.humanium.org\/es\/comite-limites\/","title":{"rendered":"L\u00edmites del Comit\u00e9"},"content":{"rendered":"<h1>Comit\u00e9 de los Derechos del Ni\u00f1o<\/h1>\n<h2>L\u00edmites del comit\u00e9<\/h2>\n<p><strong>Desde su creaci\u00f3n el 27 de febrero de 1991, el Comit\u00e9 de los Derechos del Ni\u00f1o supervisa el cumplimiento de la Convenci\u00f3n sobre los Derechos del Ni\u00f1o en todos los pa\u00edses que la ratificaron. Sin embargo, el poder de este comit\u00e9 a\u00fan es limitado, lo cual impide la aplicaci\u00f3n eficaz de la Convenci\u00f3n.<\/strong><\/p>\n<h3>La falta de intercambio entre el Comit\u00e9 y las otras instituciones<\/h3>\n<p>El Comit\u00e9 de los Derechos del Ni\u00f1o vela por el respeto de la Convenci\u00f3n y de los dos protocolos facultativos a trav\u00e9s de distintos ejes de acci\u00f3n y monitoreo. El Comit\u00e9 realiza tres reuniones al a\u00f1o, durante las cuales sus miembros estudian los informes peri\u00f3dicos de los Estados, as\u00ed como de las ONG nacionales. Asimismo, elabora reportes y observaciones generales que establecen ciertos derechos bajo la Convenci\u00f3n.<\/p>\n<p><img loading=\"lazy\" decoding=\"async\" class=\"alignleft size-full wp-image-5545\" title=\" Una cooperaci\u00f3n m\u00e1s estrecha con otras instituciones y con las agencias de la ONU permitir\u00e1n alcanzar un resultado m\u00e1s eficaz para el respeto de los derechos de los ni\u00f1os.\" src=\"https:\/\/www.humanium.org\/es\/wp-content\/uploads\/portail-fr\/AP-water1.jpg\" alt=\"\" width=\"176\" height=\"140\" \/><\/p>\n<p>El Comit\u00e9 se ocupa de garantizar el respeto de los derechos consagrados en la Convenci\u00f3n. Sin embargo, sus acciones se ven rezagadas debido a la limitada colaboraci\u00f3n por parte de otros organismos especializados en los Derechos del Ni\u00f1o.<\/p>\n<p>Efectivamente, estas instituciones no participan en el trabajo del Comit\u00e9 y, por lo tanto, no pueden contribuir.<\/p>\n<p>De igual forma, el Comit\u00e9 no colabora muy a menudo con la UNICEF y otros organismos de la ONU. Todos los intercambios se realizan a trav\u00e9s del Consejo Econ\u00f3mico y Social de las Naciones Unidas.<\/p>\n<p>De este modo, la falta de intercambio directo entre el Comit\u00e9 y estas instituciones pone un freno a las posibilidades de cooperaci\u00f3n y acciones conjuntas las cuales brindar\u00edan resultados m\u00e1s efectivos.<\/p>\n<h3>El Comit\u00e9 no tiene poder vinculante<\/h3>\n<p>El Comit\u00e9 de los Derechos del Ni\u00f1o no dispone de capacidades vinculantes que garanticen la protecci\u00f3n efectiva de los derechos de los ni\u00f1os. No cuenta con la posibilidad de tomar decisiones obligatorias ni de ejecutar sanciones en caso de violaci\u00f3n de derechos.<br \/>\nEn efecto, en el marco del examen de los informes peri\u00f3dicos, los Estados tienen solo la obligaci\u00f3n de transmitirle informes peri\u00f3dicos al Comit\u00e9.<\/p>\n<p><img loading=\"lazy\" decoding=\"async\" class=\"alignleft size-full wp-image-5547\" title=\"La falta de autoridad del Comit\u00e9 le impide poder poner fin a ciertas violaciones de los derechos de los ni\u00f1os- \u00a9 IRIN\/J.Gutierrez\" src=\"https:\/\/www.humanium.org\/es\/wp-content\/uploads\/portail-fr\/IRIN-J-Gutierrez1.jpg\" alt=\"\" width=\"175\" height=\"118\" \/><\/p>\n<p>Las decisiones del Comit\u00e9 no tienen valor obligatorio para los Estados, ya que no est\u00e1n forzados a aplicarlas. De hecho, examinar los informes no permite garantizar el progreso concreto del respeto de los derechos del ni\u00f1o en los Estados.<\/p>\n<p>Por otro lado, cuando el Comit\u00e9 investiga las denuncias de violaciones de los derechos del ni\u00f1o de un Estado parte contra otro Estado parte, si las violaciones se encuentran, el Comit\u00e9 no tiene competencia para adoptar sanciones que pondr\u00edan fin a la violaci\u00f3n. La \u00fanica arma del Comit\u00e9 contra los Estados que no respeten los derechos es la publicaci\u00f3n de informes en los cuales se denuncian p\u00fablicamente las violaciones cometidas por los Estados.<\/p>\n<p>De esta forma, el poder del Comit\u00e9 depende principalmente de la buena voluntad de los Estados, tanto en su cooperaci\u00f3n como en su buena fe en la aplicaci\u00f3n de la Convenci\u00f3n. No tiene autoridad para forzarlos a respetar sus decisiones.<\/p>\n<table>\n<tbody style=\"background: #f9f9f9;\">\n<tr>\n<td>\n<div style=\"float: left; width: 65%;\">Traducido por: Sof\u00eda Edwards<br \/>\nCorregido por: Melisa Slep<\/div>\n<\/td>\n<\/tr>\n<\/tbody>\n<\/table>\n<div id=\"toggle\"><a><\/a><\/div>\n<div id=\"voir_aussi_box\" style=\"display: none;\">\n<ul>\n<li><a href=\"https:\/\/www.humanium.org\/es\/que-como\/\">El Comit\u00e9 de los Derechos del Ni\u00f1o: qu\u00e9 es y c\u00f3mo funciona<\/a><\/li>\n<li><a href=\"https:\/\/www.humanium.org\/es\/rol-competencias\/\">El papel del Comit\u00e9 y sus competencias: estudio de los informes y comunicaciones<\/a><\/li>\n<li><a href=\"https:\/\/www.humanium.org\/es\/comite-observaciones-debate\/\">Observaciones Generales y D\u00edas de Debate<\/a><\/li>\n<li><a href=\"https:\/\/www.humanium.org\/es\/convencion\/\">La Convenci\u00f3n de los Derechos del Ni\u00f1o<\/a><\/li>\n<\/ul>\n<\/div>\n<div id=\"toggle\"><a><\/a><\/div>\n<div id=\"plus_loin_box\" style=\"display: none;\">\n<ul>\n<li><a href=\"https:\/\/en.wikipedia.org\/wiki\/Committee_on_the_Rights_of_the_Child\" target=\"_blank\" rel=\"noopener noreferrer\">Wikipedia, El Comit\u00e9 de los Derechos del Ni\u00f1o (en ingl\u00e9s)<\/a><\/li>\n<\/ul>\n<\/div>\n<div id=\"toggle\"><a><\/a><\/div>\n<div id=\"sources_box\" style=\"display: none;\">\n<ul>\n<li><a href=\"http:\/\/www.ohchr.org\/EN\/HRBodies\/CRC\/Pages\/CRCIndex.aspx\" target=\"_blank\" rel=\"noopener noreferrer\">OHCHR, El Comit\u00e9 de los Derechos del Ni\u00f1o (en ingl\u00e9s)<\/a><\/li>\n<\/ul>\n<\/div>\n","protected":false},"excerpt":{"rendered":"<p>Comit\u00e9 de los Derechos del Ni\u00f1o L\u00edmites del comit\u00e9 Desde su creaci\u00f3n el 27 de febrero de 1991, el Comit\u00e9 de los Derechos del Ni\u00f1o supervisa el cumplimiento de la Convenci\u00f3n sobre los Derechos del Ni\u00f1o en todos los pa\u00edses que la ratificaron. Sin embargo, el poder de este comit\u00e9 a\u00fan es limitado, lo cual [&hellip;]<\/p>\n","protected":false},"author":1,"featured_media":0,"parent":0,"menu_order":0,"comment_status":"closed","ping_status":"closed","template":"","meta":{"footnotes":""},"class_list":["post-165","page","type-page","status-publish","hentry"],"yoast_head":"<!-- This site is optimized with the Yoast SEO plugin v26.5 - https:\/\/yoast.com\/wordpress\/plugins\/seo\/ -->\n<title>L\u00edmites del Comit\u00e9 - Humanium<\/title>\n<meta name=\"robots\" content=\"index, follow, max-snippet:-1, max-image-preview:large, max-video-preview:-1\" \/>\n<link rel=\"canonical\" href=\"https:\/\/www.humanium.org\/es\/comite-limites\/\" \/>\n<meta property=\"og:locale\" content=\"es_ES\" \/>\n<meta property=\"og:type\" content=\"article\" \/>\n<meta property=\"og:title\" content=\"L\u00edmites del Comit\u00e9 - Humanium\" \/>\n<meta property=\"og:description\" content=\"Comit\u00e9 de los Derechos del Ni\u00f1o L\u00edmites del comit\u00e9 Desde su creaci\u00f3n el 27 de febrero de 1991, el Comit\u00e9 de los Derechos del Ni\u00f1o supervisa el cumplimiento de la Convenci\u00f3n sobre los Derechos del Ni\u00f1o en todos los pa\u00edses que la ratificaron. Sin embargo, el poder de este comit\u00e9 a\u00fan es limitado, lo cual [&hellip;]\" \/>\n<meta property=\"og:url\" content=\"https:\/\/www.humanium.org\/es\/comite-limites\/\" \/>\n<meta property=\"og:site_name\" content=\"Humanium\" \/>\n<meta property=\"article:modified_time\" content=\"2017-10-04T09:18:53+00:00\" \/>\n<meta property=\"og:image\" content=\"https:\/\/www.humanium.org\/es\/wp-content\/uploads\/portail-fr\/AP-water1.jpg\" \/>\n<meta name=\"twitter:card\" content=\"summary_large_image\" \/>\n<meta name=\"twitter:label1\" content=\"Tiempo de lectura\" \/>\n\t<meta name=\"twitter:data1\" content=\"3 minutos\" \/>\n<script type=\"application\/ld+json\" class=\"yoast-schema-graph\">{\"@context\":\"https:\/\/schema.org\",\"@graph\":[{\"@type\":\"WebPage\",\"@id\":\"https:\/\/www.humanium.org\/es\/comite-limites\/\",\"url\":\"https:\/\/www.humanium.org\/es\/comite-limites\/\",\"name\":\"L\u00edmites del Comit\u00e9 - Humanium\",\"isPartOf\":{\"@id\":\"https:\/\/www.humanium.org\/es\/#website\"},\"primaryImageOfPage\":{\"@id\":\"https:\/\/www.humanium.org\/es\/comite-limites\/#primaryimage\"},\"image\":{\"@id\":\"https:\/\/www.humanium.org\/es\/comite-limites\/#primaryimage\"},\"thumbnailUrl\":\"https:\/\/www.humanium.org\/es\/wp-content\/uploads\/portail-fr\/AP-water1.jpg\",\"datePublished\":\"2012-11-21T09:05:45+00:00\",\"dateModified\":\"2017-10-04T09:18:53+00:00\",\"breadcrumb\":{\"@id\":\"https:\/\/www.humanium.org\/es\/comite-limites\/#breadcrumb\"},\"inLanguage\":\"es\",\"potentialAction\":[{\"@type\":\"ReadAction\",\"target\":[\"https:\/\/www.humanium.org\/es\/comite-limites\/\"]}]},{\"@type\":\"ImageObject\",\"inLanguage\":\"es\",\"@id\":\"https:\/\/www.humanium.org\/es\/comite-limites\/#primaryimage\",\"url\":\"https:\/\/www.humanium.org\/es\/wp-content\/uploads\/portail-fr\/AP-water1.jpg\",\"contentUrl\":\"https:\/\/www.humanium.org\/es\/wp-content\/uploads\/portail-fr\/AP-water1.jpg\"},{\"@type\":\"BreadcrumbList\",\"@id\":\"https:\/\/www.humanium.org\/es\/comite-limites\/#breadcrumb\",\"itemListElement\":[{\"@type\":\"ListItem\",\"position\":1,\"name\":\"Home\",\"item\":\"https:\/\/www.humanium.org\/es\/\"},{\"@type\":\"ListItem\",\"position\":2,\"name\":\"L\u00edmites del Comit\u00e9\"}]},{\"@type\":\"WebSite\",\"@id\":\"https:\/\/www.humanium.org\/es\/#website\",\"url\":\"https:\/\/www.humanium.org\/es\/\",\"name\":\"Humanium\",\"description\":\"\u00a1Los ni\u00f1os primero!\",\"potentialAction\":[{\"@type\":\"SearchAction\",\"target\":{\"@type\":\"EntryPoint\",\"urlTemplate\":\"https:\/\/www.humanium.org\/es\/?s={search_term_string}\"},\"query-input\":{\"@type\":\"PropertyValueSpecification\",\"valueRequired\":true,\"valueName\":\"search_term_string\"}}],\"inLanguage\":\"es\"}]}<\/script>\n<!-- \/ Yoast SEO plugin. -->","yoast_head_json":{"title":"L\u00edmites del Comit\u00e9 - Humanium","robots":{"index":"index","follow":"follow","max-snippet":"max-snippet:-1","max-image-preview":"max-image-preview:large","max-video-preview":"max-video-preview:-1"},"canonical":"https:\/\/www.humanium.org\/es\/comite-limites\/","og_locale":"es_ES","og_type":"article","og_title":"L\u00edmites del Comit\u00e9 - Humanium","og_description":"Comit\u00e9 de los Derechos del Ni\u00f1o L\u00edmites del comit\u00e9 Desde su creaci\u00f3n el 27 de febrero de 1991, el Comit\u00e9 de los Derechos del Ni\u00f1o supervisa el cumplimiento de la Convenci\u00f3n sobre los Derechos del Ni\u00f1o en todos los pa\u00edses que la ratificaron. Sin embargo, el poder de este comit\u00e9 a\u00fan es limitado, lo cual [&hellip;]","og_url":"https:\/\/www.humanium.org\/es\/comite-limites\/","og_site_name":"Humanium","article_modified_time":"2017-10-04T09:18:53+00:00","og_image":[{"url":"https:\/\/www.humanium.org\/es\/wp-content\/uploads\/portail-fr\/AP-water1.jpg","type":"","width":"","height":""}],"twitter_card":"summary_large_image","twitter_misc":{"Tiempo de lectura":"3 minutos"},"schema":{"@context":"https:\/\/schema.org","@graph":[{"@type":"WebPage","@id":"https:\/\/www.humanium.org\/es\/comite-limites\/","url":"https:\/\/www.humanium.org\/es\/comite-limites\/","name":"L\u00edmites del Comit\u00e9 - Humanium","isPartOf":{"@id":"https:\/\/www.humanium.org\/es\/#website"},"primaryImageOfPage":{"@id":"https:\/\/www.humanium.org\/es\/comite-limites\/#primaryimage"},"image":{"@id":"https:\/\/www.humanium.org\/es\/comite-limites\/#primaryimage"},"thumbnailUrl":"https:\/\/www.humanium.org\/es\/wp-content\/uploads\/portail-fr\/AP-water1.jpg","datePublished":"2012-11-21T09:05:45+00:00","dateModified":"2017-10-04T09:18:53+00:00","breadcrumb":{"@id":"https:\/\/www.humanium.org\/es\/comite-limites\/#breadcrumb"},"inLanguage":"es","potentialAction":[{"@type":"ReadAction","target":["https:\/\/www.humanium.org\/es\/comite-limites\/"]}]},{"@type":"ImageObject","inLanguage":"es","@id":"https:\/\/www.humanium.org\/es\/comite-limites\/#primaryimage","url":"https:\/\/www.humanium.org\/es\/wp-content\/uploads\/portail-fr\/AP-water1.jpg","contentUrl":"https:\/\/www.humanium.org\/es\/wp-content\/uploads\/portail-fr\/AP-water1.jpg"},{"@type":"BreadcrumbList","@id":"https:\/\/www.humanium.org\/es\/comite-limites\/#breadcrumb","itemListElement":[{"@type":"ListItem","position":1,"name":"Home","item":"https:\/\/www.humanium.org\/es\/"},{"@type":"ListItem","position":2,"name":"L\u00edmites del Comit\u00e9"}]},{"@type":"WebSite","@id":"https:\/\/www.humanium.org\/es\/#website","url":"https:\/\/www.humanium.org\/es\/","name":"Humanium","description":"\u00a1Los ni\u00f1os primero!","potentialAction":[{"@type":"SearchAction","target":{"@type":"EntryPoint","urlTemplate":"https:\/\/www.humanium.org\/es\/?s={search_term_string}"},"query-input":{"@type":"PropertyValueSpecification","valueRequired":true,"valueName":"search_term_string"}}],"inLanguage":"es"}]}},"_links":{"self":[{"href":"https:\/\/www.humanium.org\/es\/wp-json\/wp\/v2\/pages\/165","targetHints":{"allow":["GET"]}}],"collection":[{"href":"https:\/\/www.humanium.org\/es\/wp-json\/wp\/v2\/pages"}],"about":[{"href":"https:\/\/www.humanium.org\/es\/wp-json\/wp\/v2\/types\/page"}],"author":[{"embeddable":true,"href":"https:\/\/www.humanium.org\/es\/wp-json\/wp\/v2\/users\/1"}],"replies":[{"embeddable":true,"href":"https:\/\/www.humanium.org\/es\/wp-json\/wp\/v2\/comments?post=165"}],"version-history":[{"count":6,"href":"https:\/\/www.humanium.org\/es\/wp-json\/wp\/v2\/pages\/165\/revisions"}],"predecessor-version":[{"id":11647,"href":"https:\/\/www.humanium.org\/es\/wp-json\/wp\/v2\/pages\/165\/revisions\/11647"}],"wp:attachment":[{"href":"https:\/\/www.humanium.org\/es\/wp-json\/wp\/v2\/media?parent=165"}],"curies":[{"name":"wp","href":"https:\/\/api.w.org\/{rel}","templated":true}]}}