{"id":1651,"date":"2013-05-27T10:43:34","date_gmt":"2013-05-27T10:43:34","guid":{"rendered":"http:\/\/www.humanium.org\/es\/?page_id=1651"},"modified":"2025-12-05T18:00:09","modified_gmt":"2025-12-05T18:00:09","slug":"suiza","status":"publish","type":"page","link":"https:\/\/www.humanium.org\/es\/suiza\/","title":{"rendered":"Ni\u00f1os de Suiza"},"content":{"rendered":"<h1>Ni\u00f1os de Suiza<\/h1>\n<h2>Descubriendo los Derechos del Ni\u00f1o en Suiza<\/h2>\n<p style=\"text-align: center;\"><img loading=\"lazy\" decoding=\"async\" class=\" wp-image-27256 alignnone\" title=\"Ni\u00f1a de Suiza \" src=\"https:\/\/www.humanium.org\/fr\/wp-content\/uploads\/2011\/07\/fillette-suisse.jpg\" alt=\"\" width=\"244\" height=\"200\" \/> <img loading=\"lazy\" decoding=\"async\" class=\"alignnone wp-image-27262\" title=\"Ni\u00f1o de Suiza \u00a9 Sasha (Getty Images)\" src=\"https:\/\/www.humanium.org\/fr\/wp-content\/uploads\/2011\/07\/garcon-suisse-sasha-getty-imaGE.jpg\" alt=\"\" width=\"156\" height=\"200\" \/><\/p>\n<p>Lejos de su imagen de para\u00edso fiscal que fabrica chocolate, Suiza tambi\u00e9n tiene un lado oculto: a\u00fan hay que avanzar en el campo de los derechos del ni\u00f1o, sobre todo en lo que respecta al abuso, a la recepci\u00f3n de ni\u00f1os refugiados, a la discriminaci\u00f3n, a la pobreza.<\/p>\n<h3>Principales problemas que afectan a los ni\u00f1os en Suiza:<\/h3>\n<p><strong>Abuso<br \/>\n<\/strong><br \/>\n<img loading=\"lazy\" decoding=\"async\" class=\"alignright size-full wp-image-11443\" title=\"Muchos ni\u00f1os son v\u00edctimas de violencia en Suiza. \u00a9 Jodie Griggs\" src=\"https:\/\/www.humanium.org\/fr\/wp-content\/uploads\/2011\/07\/maltraitance-suisse-jodiegriggs.jpg\" alt=\"\" width=\"157\" height=\"147\" \/>La Convenci\u00f3n sobre los Derechos del Ni\u00f1o condena todo tipo de violencia ejercida contra los ni\u00f1os: en Suiza, desde 1978, ha quedado vedado el derecho de los padres a castigar f\u00edsicamente a su hijo. Sin embargo, el castigo corporal no est\u00e1 expresamente prohibido por la ley suiza. Hasta la fecha, no se dispone de estad\u00edsticas exactas sobre la frecuencia de este tipo de violencia, pero los expertos estiman que entre un 10% y un 20% de los ni\u00f1os suizos han sufrido abuso de una u otra forma a lo largo de su infancia.<\/p>\n<p>El Comit\u00e9 sobre los Derechos del Ni\u00f1o ha mostrado su preocupaci\u00f3n por esta situaci\u00f3n y ha alentado a Suiza a emprender campa\u00f1as para sensibilizar sobre los efectos negativos de la violencia contra los ni\u00f1os.<\/p>\n<p><strong>Discriminaci\u00f3n<br \/>\n<\/strong><br \/>\n<img loading=\"lazy\" decoding=\"async\" class=\"size-medium wp-image-11444 alignright\" title=\"No todos los ni\u00f1os en Suiza crecen con las mismas oportunidades. \u00a9 Debi Bishop (Getty)\" src=\"https:\/\/www.humanium.org\/fr\/wp-content\/uploads\/2011\/07\/suisse-discrimination-getty-images-debi-bishop-300x217.jpg\" alt=\"\" width=\"199\" height=\"144\" \/>En 2008, un programa de investigaci\u00f3n nacional revel\u00f3 que los ni\u00f1os suizos se cr\u00edan en condiciones de desigualdad. Hay un conjunto de ni\u00f1os que no goza por completo de los derechos garantizados en la Convenci\u00f3n sobre los Derechos del Ni\u00f1o de las Naciones Unidas. Los m\u00e9todos de aprendizaje y las condiciones laborales de los padres, as\u00ed como los or\u00edgenes sociales y culturales generan discrepancias significativas en la escolarizaci\u00f3n y el \u00e9xito de los ni\u00f1os.<\/p>\n<p>Asimismo, las divergencias entre los sistemas de los distintos cantones suizos conllevan un tratamiento diferencial de los ni\u00f1os. Por ejemplo, en los cantones donde los ni\u00f1os se dividen antes por niveles en la educaci\u00f3n secundaria, los ni\u00f1os con dificultades de aprendizaje y los hijos de inmigrantes tienen menos probabilidades de obtener resultados fruct\u00edferos. Se ha demostrado que estos ni\u00f1os tienen cuatro veces m\u00e1s probabilidades de ser colocados en una clase especial y no continuar sus estudios.<\/p>\n<p><strong>Suicidio<br \/>\n<\/strong><br \/>\nLa posici\u00f3n de Suiza es delicada pues se halla entre los pa\u00edses con una mayor tasa de suicidio. De hecho, el suicidio es la principal causa de muerte entre los j\u00f3venes de entre 15 y 24 a\u00f1os. Las estad\u00edsticas muestran que, en Suiza, uno de cada veinte j\u00f3venes ha intentado quitarse la vida: cada tres d\u00edas se suicida un adolescente. La principal causa de esto es un acceso relativamente sencillo a diversos medios letales, en concreto, las armas de fuego.<\/p>\n<p>Suiza es uno de los pocos pa\u00edses de Europa Occidental que no posee un programa nacional para la prevenci\u00f3n de suicidios. Recientemente, se present\u00f3 ante el Parlamento una moci\u00f3n para analizar y comprender mejor este fen\u00f3meno a nivel federal.<\/p>\n<p><strong>Pobreza<br \/>\n<\/strong><br \/>\n<img loading=\"lazy\" decoding=\"async\" class=\"alignright size-full wp-image-11445\" title=\"Casi la mitad de los receptores de la asistencia social en Suiza son ni\u00f1os. \u00a9 Ryan McVay\" src=\"https:\/\/www.humanium.org\/fr\/wp-content\/uploads\/2011\/07\/suisse-pauvrete-ryan-mcvay.jpg\" alt=\"\" width=\"188\" height=\"150\" \/>Suiza tiene la reputaci\u00f3n de ser un pa\u00eds rico. Aun as\u00ed, cerca de un 9% de la poblaci\u00f3n vive bajo el umbral de la pobreza. Seg\u00fan la Oficina Federal de Estad\u00edstica de Suiza, un 4,4% de los menores entre 0 y 17 a\u00f1os reciben asistencia social, lo cual representa el grupo de edad m\u00e1s afectado por la pobreza. En torno al 45% de las personas dependientes de la asistencia social son ni\u00f1os. En Suiza, las familias m\u00e1s afectadas por la pobreza son las numerosas o las administradas por un \u00fanico progenitor.<\/p>\n<p>Adem\u00e1s, se detectan diferencias importantes entre los cantones en lo que respecta al apoyo financiero que se ofrece a las familias en situaci\u00f3n precaria, lo cual da lugar a una desigualdad inaceptable en la asistencia que reciben los ni\u00f1os afectados.<\/p>\n<p><strong>Ni\u00f1os refugiados e indocumentados<br \/>\n<\/strong><br \/>\nLa pol\u00edtica de extranjer\u00eda es especialmente estricta en Suiza. Se estima que en torno a 10.000 ni\u00f1os indocumentados viven en este pa\u00eds. Un estudio realizado en 2010 por la organizaci\u00f3n <em>Terre des Hommes<\/em> revel\u00f3 que, a causa de la complejidad del proceso de solicitud de asilo, un n\u00famero alarmante de menores no acompa\u00f1ados desaparecen cada a\u00f1o, en ocasiones, antes incluso de que comenzase el proceso de asilo. Encargados de defenderse a s\u00ed mismos, estos j\u00f3venes corren el riesgo de verse involucrados en tr\u00e1fico de drogas o delincuencia, o de convertirse en v\u00edctimas de explotaci\u00f3n sexual.<\/p>\n<p>En algunos casos, se mantiene a los j\u00f3venes refugiados en detenci\u00f3n administrativa, a menudo durante varios meses, antes de ser deportados a sus pa\u00edses de origen. Esta l\u00ednea de conducta es contraria a la Convenci\u00f3n Internacional sobre los Derechos del Ni\u00f1o, que establece que un ni\u00f1o solo debe ser detenido como medida de \u00faltimo recurso.<\/p>\n<p>Asimismo, para aquellos adolescentes que obtienen el asilo temporal las posibilidades de adquirir formaci\u00f3n profesional son muy escasas, pues no siempre se les conceden permisos de trabajo. Los ni\u00f1os indocumentados pueden asistir al colegio sin llamar la atenci\u00f3n de las autoridades, pero cerca del 10% no disfrutan de una escolarizaci\u00f3n adecuada. Por lo general, las personas indocumentadas evitan ir al m\u00e9dico, por miedo a ser denunciadas, por lo que, sus hijos habitualmente no tienen acceso a los servicios b\u00e1sicos de asistencia sanitaria. Es m\u00e1s, la mayor\u00eda de ellos vive bajo el umbral de la pobreza.<\/p>\n<p>En consecuencia, las previsiones de futuro para los ni\u00f1os refugiados en Suiza son especialmente inquietantes.<\/p>\n<p><strong>El derecho a la participaci\u00f3n<br \/>\n<\/strong><br \/>\n<img loading=\"lazy\" decoding=\"async\" class=\"size-full wp-image-11446 alignright\" title=\"Los ni\u00f1os tienen derecho a participar en la toma de decisiones (art. 12 Convenci\u00f3n de los Derechos del Ni\u00f1o) \u00a9 Getty images\" src=\"https:\/\/www.humanium.org\/fr\/wp-content\/uploads\/2011\/07\/suisse-participation-getty-images.jpg\" alt=\"\" width=\"179\" height=\"134\" \/>A pesar de los esfuerzos emprendidos por Suiza, la aplicaci\u00f3n del Art\u00edculo 12 de la Convenci\u00f3n Internacional sobre los Derechos del Ni\u00f1o, \u201cpor el que se garantiza que los ni\u00f1os tienen derecho a participar en los procesos de toma de decisiones que les afectan\u201d, sigue siendo insatisfactoria, sobre todo en lo referente al sistema judicial. En los procedimientos de divorcio, por ejemplo, los ni\u00f1os tienen derecho a que un juez les escuche. Sin embargo, en la realidad s\u00f3lo se escucha la opini\u00f3n de una minor\u00eda. La representaci\u00f3n de los ni\u00f1os se solicita rara vez y los tribunales no son conscientes de la importancia que tiene la participaci\u00f3n de \u00e9stos.<\/p>\n<p>El Tribunal Supremo Federal tiende a restarle importancia al derecho de participaci\u00f3n de los ni\u00f1os, considera que el sistema judicial tan s\u00f3lo deber\u00eda escuchar a aqu\u00e9llos mayores de 12 a\u00f1os en los asuntos que les conciernen, que un menor no tiene que ser escuchado en procesos relacionados con la legislaci\u00f3n en materia de extranjer\u00eda o ni siquiera en aqu\u00e9llos referentes a su escolarizaci\u00f3n, pues la representaci\u00f3n paterna es suficiente. De este modo, muchos ni\u00f1os nunca tienen la oportunidad de expresar su opini\u00f3n, sobre todo aqu\u00e9llos que est\u00e1n en situaci\u00f3n de riesgo, como los j\u00f3venes con discapacidad, por ejemplo.<\/p>\n<p><strong>Medio ambiente<br \/>\n<\/strong><br \/>\nEl promedio de la huella ecol\u00f3gica en Suiza es de 5 hect\u00e1reas globales. Esto implica que si todo el mundo consumiera tanto como los suizos, \u00a1necesitar\u00edamos 3 planetas! La contaminaci\u00f3n y el consumo excesivo tienen un gran impacto en el futuro de los ni\u00f1os. Por tanto, los suizos deber\u00edan realizar m\u00e1s esfuerzos para reducir estas consecuencias ecol\u00f3gicas negativas.<\/p>\n","protected":false},"excerpt":{"rendered":"<p>Ni\u00f1os de Suiza Descubriendo los Derechos del Ni\u00f1o en Suiza Lejos de su imagen de para\u00edso fiscal que fabrica chocolate, Suiza tambi\u00e9n tiene un lado oculto: a\u00fan hay que avanzar en el campo de los derechos del ni\u00f1o, sobre todo en lo que respecta al abuso, a la recepci\u00f3n de ni\u00f1os refugiados, a la discriminaci\u00f3n, [&hellip;]<\/p>\n","protected":false},"author":1,"featured_media":0,"parent":0,"menu_order":0,"comment_status":"closed","ping_status":"open","template":"","meta":{"footnotes":""},"class_list":["post-1651","page","type-page","status-publish","hentry"],"yoast_head":"<!-- This site is optimized with the Yoast SEO plugin v26.5 - https:\/\/yoast.com\/wordpress\/plugins\/seo\/ -->\n<title>Ni\u00f1os de Suiza - Humanium<\/title>\n<meta name=\"description\" content=\"Suiza tiene que avanzar en el campo de los derechos del ni\u00f1o, sobre todo en lo que concierne la acogida de ni\u00f1os refugiados, la discriminaci\u00f3n o la pobreza.\" \/>\n<meta name=\"robots\" content=\"index, follow, max-snippet:-1, max-image-preview:large, max-video-preview:-1\" \/>\n<link rel=\"canonical\" href=\"https:\/\/www.humanium.org\/es\/suiza\/\" \/>\n<meta property=\"og:locale\" content=\"es_ES\" \/>\n<meta property=\"og:type\" content=\"article\" \/>\n<meta property=\"og:title\" content=\"Ni\u00f1os de Suiza - Humanium\" \/>\n<meta property=\"og:description\" content=\"Suiza tiene que avanzar en el campo de los derechos del ni\u00f1o, sobre todo en lo que concierne la acogida de ni\u00f1os refugiados, la discriminaci\u00f3n o la pobreza.\" \/>\n<meta property=\"og:url\" content=\"https:\/\/www.humanium.org\/es\/suiza\/\" \/>\n<meta property=\"og:site_name\" content=\"Humanium\" \/>\n<meta property=\"article:modified_time\" content=\"2025-12-05T18:00:09+00:00\" \/>\n<meta name=\"twitter:card\" content=\"summary_large_image\" \/>\n<meta name=\"twitter:label1\" content=\"Tiempo de lectura\" \/>\n\t<meta name=\"twitter:data1\" content=\"8 minutos\" \/>\n<script type=\"application\/ld+json\" class=\"yoast-schema-graph\">{\"@context\":\"https:\/\/schema.org\",\"@graph\":[{\"@type\":\"WebPage\",\"@id\":\"https:\/\/www.humanium.org\/es\/suiza\/\",\"url\":\"https:\/\/www.humanium.org\/es\/suiza\/\",\"name\":\"Ni\u00f1os de Suiza - Humanium\",\"isPartOf\":{\"@id\":\"https:\/\/www.humanium.org\/es\/#website\"},\"primaryImageOfPage\":{\"@id\":\"https:\/\/www.humanium.org\/es\/suiza\/#primaryimage\"},\"image\":{\"@id\":\"https:\/\/www.humanium.org\/es\/suiza\/#primaryimage\"},\"thumbnailUrl\":\"https:\/\/www.humanium.org\/fr\/wp-content\/uploads\/2011\/07\/fillette-suisse.jpg\",\"datePublished\":\"2013-05-27T10:43:34+00:00\",\"dateModified\":\"2025-12-05T18:00:09+00:00\",\"description\":\"Suiza tiene que avanzar en el campo de los derechos del ni\u00f1o, sobre todo en lo que concierne la acogida de ni\u00f1os refugiados, la discriminaci\u00f3n o la pobreza.\",\"breadcrumb\":{\"@id\":\"https:\/\/www.humanium.org\/es\/suiza\/#breadcrumb\"},\"inLanguage\":\"es\",\"potentialAction\":[{\"@type\":\"ReadAction\",\"target\":[\"https:\/\/www.humanium.org\/es\/suiza\/\"]}]},{\"@type\":\"ImageObject\",\"inLanguage\":\"es\",\"@id\":\"https:\/\/www.humanium.org\/es\/suiza\/#primaryimage\",\"url\":\"https:\/\/www.humanium.org\/fr\/wp-content\/uploads\/2011\/07\/fillette-suisse.jpg\",\"contentUrl\":\"https:\/\/www.humanium.org\/fr\/wp-content\/uploads\/2011\/07\/fillette-suisse.jpg\"},{\"@type\":\"BreadcrumbList\",\"@id\":\"https:\/\/www.humanium.org\/es\/suiza\/#breadcrumb\",\"itemListElement\":[{\"@type\":\"ListItem\",\"position\":1,\"name\":\"Home\",\"item\":\"https:\/\/www.humanium.org\/es\/\"},{\"@type\":\"ListItem\",\"position\":2,\"name\":\"Ni\u00f1os de Suiza\"}]},{\"@type\":\"WebSite\",\"@id\":\"https:\/\/www.humanium.org\/es\/#website\",\"url\":\"https:\/\/www.humanium.org\/es\/\",\"name\":\"Humanium\",\"description\":\"\u00a1Los ni\u00f1os primero!\",\"potentialAction\":[{\"@type\":\"SearchAction\",\"target\":{\"@type\":\"EntryPoint\",\"urlTemplate\":\"https:\/\/www.humanium.org\/es\/?s={search_term_string}\"},\"query-input\":{\"@type\":\"PropertyValueSpecification\",\"valueRequired\":true,\"valueName\":\"search_term_string\"}}],\"inLanguage\":\"es\"}]}<\/script>\n<!-- \/ Yoast SEO plugin. -->","yoast_head_json":{"title":"Ni\u00f1os de Suiza - Humanium","description":"Suiza tiene que avanzar en el campo de los derechos del ni\u00f1o, sobre todo en lo que concierne la acogida de ni\u00f1os refugiados, la discriminaci\u00f3n o la pobreza.","robots":{"index":"index","follow":"follow","max-snippet":"max-snippet:-1","max-image-preview":"max-image-preview:large","max-video-preview":"max-video-preview:-1"},"canonical":"https:\/\/www.humanium.org\/es\/suiza\/","og_locale":"es_ES","og_type":"article","og_title":"Ni\u00f1os de Suiza - Humanium","og_description":"Suiza tiene que avanzar en el campo de los derechos del ni\u00f1o, sobre todo en lo que concierne la acogida de ni\u00f1os refugiados, la discriminaci\u00f3n o la pobreza.","og_url":"https:\/\/www.humanium.org\/es\/suiza\/","og_site_name":"Humanium","article_modified_time":"2025-12-05T18:00:09+00:00","twitter_card":"summary_large_image","twitter_misc":{"Tiempo de lectura":"8 minutos"},"schema":{"@context":"https:\/\/schema.org","@graph":[{"@type":"WebPage","@id":"https:\/\/www.humanium.org\/es\/suiza\/","url":"https:\/\/www.humanium.org\/es\/suiza\/","name":"Ni\u00f1os de Suiza - Humanium","isPartOf":{"@id":"https:\/\/www.humanium.org\/es\/#website"},"primaryImageOfPage":{"@id":"https:\/\/www.humanium.org\/es\/suiza\/#primaryimage"},"image":{"@id":"https:\/\/www.humanium.org\/es\/suiza\/#primaryimage"},"thumbnailUrl":"https:\/\/www.humanium.org\/fr\/wp-content\/uploads\/2011\/07\/fillette-suisse.jpg","datePublished":"2013-05-27T10:43:34+00:00","dateModified":"2025-12-05T18:00:09+00:00","description":"Suiza tiene que avanzar en el campo de los derechos del ni\u00f1o, sobre todo en lo que concierne la acogida de ni\u00f1os refugiados, la discriminaci\u00f3n o la pobreza.","breadcrumb":{"@id":"https:\/\/www.humanium.org\/es\/suiza\/#breadcrumb"},"inLanguage":"es","potentialAction":[{"@type":"ReadAction","target":["https:\/\/www.humanium.org\/es\/suiza\/"]}]},{"@type":"ImageObject","inLanguage":"es","@id":"https:\/\/www.humanium.org\/es\/suiza\/#primaryimage","url":"https:\/\/www.humanium.org\/fr\/wp-content\/uploads\/2011\/07\/fillette-suisse.jpg","contentUrl":"https:\/\/www.humanium.org\/fr\/wp-content\/uploads\/2011\/07\/fillette-suisse.jpg"},{"@type":"BreadcrumbList","@id":"https:\/\/www.humanium.org\/es\/suiza\/#breadcrumb","itemListElement":[{"@type":"ListItem","position":1,"name":"Home","item":"https:\/\/www.humanium.org\/es\/"},{"@type":"ListItem","position":2,"name":"Ni\u00f1os de Suiza"}]},{"@type":"WebSite","@id":"https:\/\/www.humanium.org\/es\/#website","url":"https:\/\/www.humanium.org\/es\/","name":"Humanium","description":"\u00a1Los ni\u00f1os primero!","potentialAction":[{"@type":"SearchAction","target":{"@type":"EntryPoint","urlTemplate":"https:\/\/www.humanium.org\/es\/?s={search_term_string}"},"query-input":{"@type":"PropertyValueSpecification","valueRequired":true,"valueName":"search_term_string"}}],"inLanguage":"es"}]}},"_links":{"self":[{"href":"https:\/\/www.humanium.org\/es\/wp-json\/wp\/v2\/pages\/1651","targetHints":{"allow":["GET"]}}],"collection":[{"href":"https:\/\/www.humanium.org\/es\/wp-json\/wp\/v2\/pages"}],"about":[{"href":"https:\/\/www.humanium.org\/es\/wp-json\/wp\/v2\/types\/page"}],"author":[{"embeddable":true,"href":"https:\/\/www.humanium.org\/es\/wp-json\/wp\/v2\/users\/1"}],"replies":[{"embeddable":true,"href":"https:\/\/www.humanium.org\/es\/wp-json\/wp\/v2\/comments?post=1651"}],"version-history":[{"count":3,"href":"https:\/\/www.humanium.org\/es\/wp-json\/wp\/v2\/pages\/1651\/revisions"}],"predecessor-version":[{"id":20482,"href":"https:\/\/www.humanium.org\/es\/wp-json\/wp\/v2\/pages\/1651\/revisions\/20482"}],"wp:attachment":[{"href":"https:\/\/www.humanium.org\/es\/wp-json\/wp\/v2\/media?parent=1651"}],"curies":[{"name":"wp","href":"https:\/\/api.w.org\/{rel}","templated":true}]}}