{"id":1661,"date":"2013-05-27T11:07:04","date_gmt":"2013-05-27T11:07:04","guid":{"rendered":"http:\/\/www.humanium.org\/es\/?page_id=1661"},"modified":"2025-12-05T17:45:54","modified_gmt":"2025-12-05T17:45:54","slug":"bhutan","status":"publish","type":"page","link":"https:\/\/www.humanium.org\/es\/bhutan\/","title":{"rendered":"Ni\u00f1os de But\u00e1n"},"content":{"rendered":"<h1>Ni\u00f1os de But\u00e1n<\/h1>\n<h2>Descubriendo los derechos infantiles en But\u00e1n<\/h2>\n<p style=\"text-align: center;\"><img loading=\"lazy\" decoding=\"async\" class=\" wp-image-27256 alignnone\" title=\"Ni\u00f1a de Bhut\u00e1n \u00a9 Babasteve (Flickr)\" src=\"https:\/\/www.humanium.org\/fr\/wp-content\/uploads\/2011\/07\/bhoutan-fillette-babasteve-flickr.jpg\" alt=\"\" width=\"153\" height=\"200\" \/> <img loading=\"lazy\" decoding=\"async\" class=\"alignnone wp-image-27262\" title=\"Ni\u00f1o de Bhut\u00e1n \u00a9 Babasteve (Flickr)\" src=\"https:\/\/www.humanium.org\/fr\/wp-content\/uploads\/2011\/07\/garcon-enfant-bhoutan-babasteve-flickr.jpg\" alt=\"\" width=\"131\" height=\"200\" \/><\/p>\n<p>Se trata de un peque\u00f1o Estado situado entre dos potencias en pleno desarrollo (India y China), But\u00e1n ha demostrado ser muy discreto a nivel internacional. A pesar del progreso indiscutido de este pa\u00eds, los derechos infantiles tienen mucho camino por recorrer antes de ser totalmente reconocidos y efectivos.<\/p>\n<h3>Principales problemas que afectan a los ni\u00f1os en But\u00e1n:<\/h3>\n<p><strong>Pobreza<br \/>\n<\/strong><br \/>\n<img loading=\"lazy\" decoding=\"async\" class=\"size-full wp-image-12059 alignright\" title=\"La situaci\u00f3n econ\u00f3mica de Bhut\u00e1n afecta la vida de muchos ni\u00f1os \u00a9 Amanderson II (Flickr)\" src=\"https:\/\/www.humanium.org\/fr\/wp-content\/uploads\/2011\/07\/pauvrete-bhoutan-amandersondeux-flickr1.jpg\" alt=\"\" width=\"213\" height=\"160\" \/>Casi una cuarta parte de la poblaci\u00f3n de But\u00e1n vive por debajo de la l\u00ednea de pobreza. El Ingreso Nacional Bruto (INB) es extremadamente bajo. Se estima que el INB es 10 veces menor al de Portugal, cifra no confirmada por fuentes oficiales.<\/p>\n<p>Muchos ni\u00f1os sufren las consecuencias de la pobreza, mayormente en lo que respecta a la salud, educaci\u00f3n y trabajo. Aquellos que viven en zonas rurales se ven m\u00e1s afectados que los que viven en \u00e1reas urbanas.<\/p>\n<p><strong>Discriminaci\u00f3n<br \/>\n<\/strong><br \/>\nNi\u00f1os discapacitados: A pesar de los recientes esfuerzos que el pa\u00eds hace, la situaci\u00f3n de los ni\u00f1os discapacitados es fr\u00e1gil. Siguen siendo rezagados por la sociedad y muchos de sus derechos no son reconocidos. Los servicios de las organizaciones especializadas en ni\u00f1os discapacitados son sumamente insuficientes. Sus derechos tampoco son protegidos debidamente y el acceso a los servicios p\u00fablicos es limitado. Estos ni\u00f1os enfrentan dificultades en las \u00e1reas de educaci\u00f3n, atenci\u00f3n m\u00e9dica, etc.<\/p>\n<p><em>Ni\u00f1os migrantes:<\/em> La nacionalidad butanesa es muy dificil de adquirir, ya que requiere que ambos padres sean butaneses. Adem\u00e1s, existen muchos ni\u00f1os que nacieron y viven en But\u00e1n pero no tienen la nacionalidad. Algunos de ellos son ap\u00e1tridas, lo que implica que presenten muchas dificultades para ejercer sus derechos. Los ni\u00f1os migrantes son discriminados por los butaneses y enfrentan varios obst\u00e1culos que no le permiten beneficiarse de los sevicios p\u00fablicos. Sus derechos a recibir educaci\u00f3n, atenci\u00f3n sanitaria y nacionalidad no est\u00e1n totalmente garantizados.<\/p>\n<p><strong>El derecho a recibir educaci\u00f3n<br \/>\n<\/strong><br \/>\n<img loading=\"lazy\" decoding=\"async\" class=\"alignright size-full wp-image-12060\" title=\"En Bhut\u00e1n es muy dif\u00edcil poner en pr\u00e1ctica el derecho del ni\u00f1o a recibir educaci\u00f3n. \u00a9 Laihiu (Flickr)\" src=\"https:\/\/www.humanium.org\/fr\/wp-content\/uploads\/2011\/07\/education-bhoutan-laihiu-flickr.jpg\" alt=\"\" width=\"223\" height=\"200\" \/>En But\u00e1n,1 de cada 10 ni\u00f1os no recibe educaci\u00f3n. Sin embargo los butaneses han implementado ciertos m\u00e9todos para mejorar la inscripici\u00f3n gratuita en la educaci\u00f3n primaria. Sin embargo, los costos y tarifas adicionales propios de la educaci\u00f3n informal de los ni\u00f1os son muy elevados. Algunos padres no pueden asegurar econ\u00f3micamente la educaci\u00f3n de sus hijos.<\/p>\n<p>La educaci\u00f3n no es obligatoria. Las familias m\u00e1s pobres eligen que sus hijos trabajen y generen un ingreso, antes de mandarlos al colegio donde ser\u00edan econ\u00f3micamente in\u00fatiles.<\/p>\n<p><strong>SIDA<br \/>\n<\/strong><br \/>\nEn But\u00e1n est\u00e1 aumentando el n\u00famero de personas infectadas con el VIH. Las medidas preventivas y de concientizaci\u00f3n en el tema no son suficientes. Por lo tanto, las madres al no ser conscientes. contin\u00faan transmitiendo el virus a sus hijos.<\/p>\n<p>Adem\u00e1s, los m\u00e9todos de anticoncepci\u00f3n en general no son usados, lo que resulta en la difusi\u00f3n del VIH y en embarazos no deseados en adolescentes.<\/p>\n<p><strong>Trabajo infantil<br \/>\n<\/strong><br \/>\n<img loading=\"lazy\" decoding=\"async\" class=\"size-full wp-image-12064 alignright\" title=\"Muchos ni\u00f1os bhutaneses deben trabajar en condiciones muy dif\u00edciles. \u00a9 Joseph A Ferris Tropis (Flickr)\" src=\"https:\/\/www.humanium.org\/fr\/wp-content\/uploads\/2011\/07\/travail-bhoutan-joseph-a-ferris-tropis-flickr.jpg\" alt=\"\" width=\"217\" height=\"172\" \/>A pesar de ser 18 la edad legal para trabajar en But\u00e1n, casi uno de cada cinco ni\u00f1os necesita trabajar para mantener a sus familias. Algunos enfrentan \u00e1rduas condiciones laborales en campos y talleres.<\/p>\n<p>La explotaci\u00f3n sexual de los ni\u00f1os tambi\u00e9n es un factor de gran preocupaci\u00f3n, al no existir un requerimiento de edad para el consentimiento sexual. Es as\u00ed que el tr\u00e1fico infantil es m\u00e1s libre y el comercio sexual resulta muy dif\u00edcil de erradicar.<\/p>\n<p><strong>Ni\u00f1os de minor\u00edas<br \/>\n<\/strong><br \/>\nLa garant\u00eda y el respeto a los derechos de las minor\u00edas protegidos por la CDN son preocupantes en But\u00e1n. De hecho, este pa\u00eds no protege lo suficiente a los grupos minoritarios tales como los nepaleses, un grupo extremadamente presente en But\u00e1n. Adem\u00e1s, los ni\u00f1os son v\u00edctimas de discriminaci\u00f3n y us derechos para tener y seguir las tradiciones de sus h\u00e1bitos, religi\u00f3n y lenguaje son constantemente violados. Desafortunadamente, no son integrados apropiadamente al resto de la poblaci\u00f3n y no reciben igualdad de acceso a los servicios p\u00fablicos.<\/p>\n<p><strong>Maltrato infantil<br \/>\n<\/strong><br \/>\n<img loading=\"lazy\" decoding=\"async\" class=\"alignright size-medium wp-image-12061\" title=\"En algunos monasterios bhutaneses abusan f\u00edsicamente de los ni\u00f1os. \u00a9 Crazyegg 95 (Flickr)\" src=\"https:\/\/www.humanium.org\/fr\/wp-content\/uploads\/2011\/07\/violence-bhoutan-crazyeggquatrevinquinze-flickr-notouche-300x199.jpg\" alt=\"\" width=\"227\" height=\"150\" \/>El castigo corporal no est\u00e1 expl\u00edcitamente restringido en But\u00e1n. Por tanto, muchos ni\u00f1os son castigados a nivel familiar y en el colegio. El Comit\u00e9 sobre los Derechos del Ni\u00f1o ha manifestado su preocupaci\u00f3n por la legislaci\u00f3n butanesa que no garantiza la protecci\u00f3n del ni\u00f1o, de acuerdo a la Convenci\u00f3n de los Derechos del Ni\u00f1o. En algunos monasterios castigan f\u00edsicamente a monjes j\u00f3venes que viven all\u00ed.<\/p>\n<p>Dicho esto, es muy com\u00fan el maltrato y abuso que los ni\u00f1os sufren por parte de familiares. Adem\u00e1s, el apoyo y supervisaci\u00f3n de estos ni\u00f1os son seriamente precarias.<\/p>\n","protected":false},"excerpt":{"rendered":"<p>Ni\u00f1os de But\u00e1n Descubriendo los derechos infantiles en But\u00e1n Se trata de un peque\u00f1o Estado situado entre dos potencias en pleno desarrollo (India y China), But\u00e1n ha demostrado ser muy discreto a nivel internacional. A pesar del progreso indiscutido de este pa\u00eds, los derechos infantiles tienen mucho camino por recorrer antes de ser totalmente reconocidos [&hellip;]<\/p>\n","protected":false},"author":1,"featured_media":0,"parent":0,"menu_order":0,"comment_status":"closed","ping_status":"open","template":"","meta":{"footnotes":""},"class_list":["post-1661","page","type-page","status-publish","hentry"],"yoast_head":"<!-- This site is optimized with the Yoast SEO plugin v26.5 - https:\/\/yoast.com\/wordpress\/plugins\/seo\/ -->\n<title>Ni\u00f1os de But\u00e1n - Humanium<\/title>\n<meta name=\"description\" content=\"A pesar del progreso indiscutido de But\u00e1n, los derechos infantiles tienen mucho camino por recorrer antes de ser totalmente reconocidos y efectivos.\" \/>\n<meta name=\"robots\" content=\"index, follow, max-snippet:-1, max-image-preview:large, max-video-preview:-1\" \/>\n<link rel=\"canonical\" href=\"https:\/\/www.humanium.org\/es\/bhutan\/\" \/>\n<meta property=\"og:locale\" content=\"es_ES\" \/>\n<meta property=\"og:type\" content=\"article\" \/>\n<meta property=\"og:title\" content=\"Ni\u00f1os de But\u00e1n - Humanium\" \/>\n<meta property=\"og:description\" content=\"A pesar del progreso indiscutido de But\u00e1n, los derechos infantiles tienen mucho camino por recorrer antes de ser totalmente reconocidos y efectivos.\" \/>\n<meta property=\"og:url\" content=\"https:\/\/www.humanium.org\/es\/bhutan\/\" \/>\n<meta property=\"og:site_name\" content=\"Humanium\" \/>\n<meta property=\"article:modified_time\" content=\"2025-12-05T17:45:54+00:00\" \/>\n<meta name=\"twitter:card\" content=\"summary_large_image\" \/>\n<meta name=\"twitter:label1\" content=\"Tiempo de lectura\" \/>\n\t<meta name=\"twitter:data1\" content=\"5 minutos\" \/>\n<script type=\"application\/ld+json\" class=\"yoast-schema-graph\">{\"@context\":\"https:\/\/schema.org\",\"@graph\":[{\"@type\":\"WebPage\",\"@id\":\"https:\/\/www.humanium.org\/es\/bhutan\/\",\"url\":\"https:\/\/www.humanium.org\/es\/bhutan\/\",\"name\":\"Ni\u00f1os de But\u00e1n - Humanium\",\"isPartOf\":{\"@id\":\"https:\/\/www.humanium.org\/es\/#website\"},\"primaryImageOfPage\":{\"@id\":\"https:\/\/www.humanium.org\/es\/bhutan\/#primaryimage\"},\"image\":{\"@id\":\"https:\/\/www.humanium.org\/es\/bhutan\/#primaryimage\"},\"thumbnailUrl\":\"https:\/\/www.humanium.org\/fr\/wp-content\/uploads\/2011\/07\/bhoutan-fillette-babasteve-flickr.jpg\",\"datePublished\":\"2013-05-27T11:07:04+00:00\",\"dateModified\":\"2025-12-05T17:45:54+00:00\",\"description\":\"A pesar del progreso indiscutido de But\u00e1n, los derechos infantiles tienen mucho camino por recorrer antes de ser totalmente reconocidos y efectivos.\",\"breadcrumb\":{\"@id\":\"https:\/\/www.humanium.org\/es\/bhutan\/#breadcrumb\"},\"inLanguage\":\"es\",\"potentialAction\":[{\"@type\":\"ReadAction\",\"target\":[\"https:\/\/www.humanium.org\/es\/bhutan\/\"]}]},{\"@type\":\"ImageObject\",\"inLanguage\":\"es\",\"@id\":\"https:\/\/www.humanium.org\/es\/bhutan\/#primaryimage\",\"url\":\"https:\/\/www.humanium.org\/fr\/wp-content\/uploads\/2011\/07\/bhoutan-fillette-babasteve-flickr.jpg\",\"contentUrl\":\"https:\/\/www.humanium.org\/fr\/wp-content\/uploads\/2011\/07\/bhoutan-fillette-babasteve-flickr.jpg\"},{\"@type\":\"BreadcrumbList\",\"@id\":\"https:\/\/www.humanium.org\/es\/bhutan\/#breadcrumb\",\"itemListElement\":[{\"@type\":\"ListItem\",\"position\":1,\"name\":\"Home\",\"item\":\"https:\/\/www.humanium.org\/es\/\"},{\"@type\":\"ListItem\",\"position\":2,\"name\":\"Ni\u00f1os de But\u00e1n\"}]},{\"@type\":\"WebSite\",\"@id\":\"https:\/\/www.humanium.org\/es\/#website\",\"url\":\"https:\/\/www.humanium.org\/es\/\",\"name\":\"Humanium\",\"description\":\"\u00a1Los ni\u00f1os primero!\",\"potentialAction\":[{\"@type\":\"SearchAction\",\"target\":{\"@type\":\"EntryPoint\",\"urlTemplate\":\"https:\/\/www.humanium.org\/es\/?s={search_term_string}\"},\"query-input\":{\"@type\":\"PropertyValueSpecification\",\"valueRequired\":true,\"valueName\":\"search_term_string\"}}],\"inLanguage\":\"es\"}]}<\/script>\n<!-- \/ Yoast SEO plugin. -->","yoast_head_json":{"title":"Ni\u00f1os de But\u00e1n - Humanium","description":"A pesar del progreso indiscutido de But\u00e1n, los derechos infantiles tienen mucho camino por recorrer antes de ser totalmente reconocidos y efectivos.","robots":{"index":"index","follow":"follow","max-snippet":"max-snippet:-1","max-image-preview":"max-image-preview:large","max-video-preview":"max-video-preview:-1"},"canonical":"https:\/\/www.humanium.org\/es\/bhutan\/","og_locale":"es_ES","og_type":"article","og_title":"Ni\u00f1os de But\u00e1n - Humanium","og_description":"A pesar del progreso indiscutido de But\u00e1n, los derechos infantiles tienen mucho camino por recorrer antes de ser totalmente reconocidos y efectivos.","og_url":"https:\/\/www.humanium.org\/es\/bhutan\/","og_site_name":"Humanium","article_modified_time":"2025-12-05T17:45:54+00:00","twitter_card":"summary_large_image","twitter_misc":{"Tiempo de lectura":"5 minutos"},"schema":{"@context":"https:\/\/schema.org","@graph":[{"@type":"WebPage","@id":"https:\/\/www.humanium.org\/es\/bhutan\/","url":"https:\/\/www.humanium.org\/es\/bhutan\/","name":"Ni\u00f1os de But\u00e1n - Humanium","isPartOf":{"@id":"https:\/\/www.humanium.org\/es\/#website"},"primaryImageOfPage":{"@id":"https:\/\/www.humanium.org\/es\/bhutan\/#primaryimage"},"image":{"@id":"https:\/\/www.humanium.org\/es\/bhutan\/#primaryimage"},"thumbnailUrl":"https:\/\/www.humanium.org\/fr\/wp-content\/uploads\/2011\/07\/bhoutan-fillette-babasteve-flickr.jpg","datePublished":"2013-05-27T11:07:04+00:00","dateModified":"2025-12-05T17:45:54+00:00","description":"A pesar del progreso indiscutido de But\u00e1n, los derechos infantiles tienen mucho camino por recorrer antes de ser totalmente reconocidos y efectivos.","breadcrumb":{"@id":"https:\/\/www.humanium.org\/es\/bhutan\/#breadcrumb"},"inLanguage":"es","potentialAction":[{"@type":"ReadAction","target":["https:\/\/www.humanium.org\/es\/bhutan\/"]}]},{"@type":"ImageObject","inLanguage":"es","@id":"https:\/\/www.humanium.org\/es\/bhutan\/#primaryimage","url":"https:\/\/www.humanium.org\/fr\/wp-content\/uploads\/2011\/07\/bhoutan-fillette-babasteve-flickr.jpg","contentUrl":"https:\/\/www.humanium.org\/fr\/wp-content\/uploads\/2011\/07\/bhoutan-fillette-babasteve-flickr.jpg"},{"@type":"BreadcrumbList","@id":"https:\/\/www.humanium.org\/es\/bhutan\/#breadcrumb","itemListElement":[{"@type":"ListItem","position":1,"name":"Home","item":"https:\/\/www.humanium.org\/es\/"},{"@type":"ListItem","position":2,"name":"Ni\u00f1os de But\u00e1n"}]},{"@type":"WebSite","@id":"https:\/\/www.humanium.org\/es\/#website","url":"https:\/\/www.humanium.org\/es\/","name":"Humanium","description":"\u00a1Los ni\u00f1os primero!","potentialAction":[{"@type":"SearchAction","target":{"@type":"EntryPoint","urlTemplate":"https:\/\/www.humanium.org\/es\/?s={search_term_string}"},"query-input":{"@type":"PropertyValueSpecification","valueRequired":true,"valueName":"search_term_string"}}],"inLanguage":"es"}]}},"_links":{"self":[{"href":"https:\/\/www.humanium.org\/es\/wp-json\/wp\/v2\/pages\/1661","targetHints":{"allow":["GET"]}}],"collection":[{"href":"https:\/\/www.humanium.org\/es\/wp-json\/wp\/v2\/pages"}],"about":[{"href":"https:\/\/www.humanium.org\/es\/wp-json\/wp\/v2\/types\/page"}],"author":[{"embeddable":true,"href":"https:\/\/www.humanium.org\/es\/wp-json\/wp\/v2\/users\/1"}],"replies":[{"embeddable":true,"href":"https:\/\/www.humanium.org\/es\/wp-json\/wp\/v2\/comments?post=1661"}],"version-history":[{"count":4,"href":"https:\/\/www.humanium.org\/es\/wp-json\/wp\/v2\/pages\/1661\/revisions"}],"predecessor-version":[{"id":20429,"href":"https:\/\/www.humanium.org\/es\/wp-json\/wp\/v2\/pages\/1661\/revisions\/20429"}],"wp:attachment":[{"href":"https:\/\/www.humanium.org\/es\/wp-json\/wp\/v2\/media?parent=1661"}],"curies":[{"name":"wp","href":"https:\/\/api.w.org\/{rel}","templated":true}]}}