{"id":1665,"date":"2013-05-27T13:09:23","date_gmt":"2013-05-27T13:09:23","guid":{"rendered":"http:\/\/www.humanium.org\/es\/?page_id=1665"},"modified":"2025-12-05T17:48:32","modified_gmt":"2025-12-05T17:48:32","slug":"uzbekistan","status":"publish","type":"page","link":"https:\/\/www.humanium.org\/es\/uzbekistan\/","title":{"rendered":"Ni\u00f1os de Uzbekist\u00e1n"},"content":{"rendered":"<h1>Ni\u00f1os de Uzbekist\u00e1n<\/h1>\n<h2>Descubriendo los Derechos del Ni\u00f1o en Uzbekist\u00e1n<\/h2>\n<p style=\"text-align: center;\"><img loading=\"lazy\" decoding=\"async\" class=\" wp-image-27256 alignnone\" title=\"Ni\u00f1a de Uzbekist\u00e1n \u00a9 Giorgio Montersino (Flickr)\" src=\"https:\/\/www.humanium.org\/fr\/wp-content\/uploads\/2011\/07\/giorgio-montersino-ouzbekistan-fillette.jpg\" alt=\"\" width=\"172\" height=\"200\" \/> <img loading=\"lazy\" decoding=\"async\" class=\"alignnone wp-image-27262\" title=\"Ni\u00f1o de Uzbekist\u00e1n \u00a9 Giorgio Montersino (Flickr)\" src=\"https:\/\/www.humanium.org\/fr\/wp-content\/uploads\/2011\/07\/giorgio-montersino-ouzbekistan-garcon.jpg\" alt=\"\" width=\"154\" height=\"200\" \/><\/p>\n<p>Uzbekist\u00e1n, el pa\u00eds con la mayor poblaci\u00f3n de Asia Central, ha dado prioridad a los derechos de los ni\u00f1os desde su independencia. El reconocimiento de los derechos de los ni\u00f1os ha ido mejorando, aunque no del todo satisfactoriamente, desde un punto de vista global. Algunos problemas importantes, tales como el trabajo infantil, todav\u00eda existen y requieren medidas de prevenci\u00f3n inmediatas.<\/p>\n<h3>Principales problemas que afectan a los ni\u00f1os en Uzbekist\u00e1n:<\/h3>\n<p><img loading=\"lazy\" decoding=\"async\" class=\"size-full wp-image-13178 alignright\" title=\" M\u00e1s de un cuarto de la poblaci\u00f3n vive por debajo del umbral de pobreza en Uzbekist\u00e1n. \u00a9 Uznews.net (Flickr)\" src=\"https:\/\/www.humanium.org\/fr\/wp-content\/uploads\/2011\/07\/uznews-net-flickr-pauvrete.jpg\" alt=\"\" width=\"94\" height=\"143\" \/><strong>Pobreza<br \/>\n<\/strong><br \/>\nEn Uzbekist\u00e1n, m\u00e1s de la cuarta parte de la poblaci\u00f3n vive bajo el umbral de la pobreza. Los residentes urbanos son los m\u00e1s afectados por la pobreza, provocando un \u00e9xodo masivo hacia el campo. En algunas zonas urbanas, la pobreza afecta a casi uno de cada dos individuos. Como resultado de ello, las condiciones de vida de los ni\u00f1os son deplorables y en ese entorno sus derechos no pueden ser plenamente respetados.<\/p>\n<p><strong>Derecho a la salud<br \/>\n<\/strong><br \/>\nLa tasa de mortalidad infantil se registr\u00f3 en un 36%o (36\/1000), y es evidente que la tasa es francamente alta. Por otra parte, la atenci\u00f3n pre y post natal no est\u00e1 suficientemente provista para aquellos que la necesitan. Las madres j\u00f3venes obtienen muy poco apoyo y no reciben los conocimientos adecuados para atender las necesidades de salud de sus beb\u00e9s.<\/p>\n<p>Sin embargo, la reciente campa\u00f1a de vacunaci\u00f3n contra la polio es un buen ejemplo que indica que Uzbekist\u00e1n se esta esforzando para prevenir ciertas enfermedades.<\/p>\n<p><strong>Ni\u00f1os refugiados<br \/>\n<\/strong><br \/>\nLa ubicaci\u00f3n geogr\u00e1fica de Uzbekist\u00e1n es tal que muchos extranjeros, especialmente los habitantes de Kirguist\u00e1n, en busca de un lugar m\u00e1s seguro, tienden a hacer de Uzbekist\u00e1n su refugio. La mayor\u00eda de estos refugiados son mujeres y ni\u00f1os, que llegan al pa\u00eds de acogida, en un estado de pobreza total e incluso a veces sin equipaje.<\/p>\n<p>Aunque hoy en d\u00eda muchos de ellos han podido regresar a sus pa\u00edses de origen, algunas familias todav\u00eda permanecen en los campamentos de refugiados y dependen de la ayuda humanitaria.<\/p>\n<p>A pesar de la importante presencia de numerosas ONGs, estos campamentos no ofrecen las condiciones de vida ideales para los ni\u00f1os. Hay poca sombra y el ambiente es muy caliente. As\u00ed, muchos de los reci\u00e9n nacidos son v\u00edctimas del calor abrasador que es la principal causa de fiebre, deshidrataci\u00f3n y diarrea. Se les da agua potable, pero por desgracia, se distribuye en cantidades limitadas y s\u00f3lo se utiliza para beber. Usan el agua del grifo para cumplir con sus otras necesidades, lo que provoca graves problemas sanitarios y de higiene.<\/p>\n<p>En estos campos, la ayuda humanitaria por s\u00ed sola no puede satisfacer todas las necesidades de las familias de refugiados. Como resultado, su higiene, salud y seguridad no son debidamente aseguradas.<\/p>\n<p><strong>Trabajo infantil<br \/>\n<\/strong><br \/>\n<img loading=\"lazy\" decoding=\"async\" class=\"size-full wp-image-13179 alignright\" title=\"Certaines \u00e9coles obligent les enfants \u00e0 travailler dans des champs de coton dutant la p\u00e9riode de la r\u00e9colte. \u00a9 Flickr\" src=\"https:\/\/www.humanium.org\/fr\/wp-content\/uploads\/2011\/07\/pas-de-modif-ouzbekistan-flickr.jpg\" alt=\"\" width=\"181\" height=\"118\" \/>Uzbekist\u00e1n ha ratificado los convenios sobre la prohibici\u00f3n del trabajo infantil, sin embargo, su pr\u00e1ctica est\u00e1 lejos de ser abolida. De hecho, esta pr\u00e1ctica est\u00e1 totalmente arraigada en las tradiciones de Uzbekist\u00e1n, en la medida en que el trabajo infantil est\u00e1 integrado en el sistema escolar. Durante la temporada de cosecha, el Gobierno recibe a los ni\u00f1os de las escuelas para trabajar en los campos de algod\u00f3n. Si se niegan, corren el riesgo de ser expulsados de la escuela. Ni\u00f1os uzbekos trabajan en condiciones insatisfactorias y experimentan el hambre, la fatiga y los ambientes sucios. Estos ni\u00f1os son retribuidos con una cantidad escasa de dinero o no reciben pago alguno . Como resultado, su educaci\u00f3n se interrumpe en inter\u00e9s del comercio del algod\u00f3n y su salud se deteriora debido a las terribles condiciones en las que trabajan. Uzbekist\u00e1n debe tomar las medidas necesarias contra este grave problema que priva a sus ni\u00f1os de una parte considerable de su juventud.<\/p>\n<p><strong>Libertad de expresi\u00f3n<br \/>\n<\/strong><br \/>\n<img loading=\"lazy\" decoding=\"async\" class=\"alignright size-full wp-image-13180\" title=\"La libertad de expresi\u00f3n de los ni\u00f1os es muy restringida en Uzbekist\u00e1n. \u00a9 Giorgio Montersino (Flickr)\" src=\"https:\/\/www.humanium.org\/fr\/wp-content\/uploads\/2011\/07\/giorgio-montersino-flickr-expression-ouzbekistan.jpg\" alt=\"\" width=\"214\" height=\"161\" \/>La corrupci\u00f3n es una realidad que aumenta d\u00eda a d\u00eda en Uzbekist\u00e1n. El acoso, la tortura, la intimidaci\u00f3n y el encarcelamiento esperan a aquellos que hablan demasiado. Como resultado, la situaci\u00f3n real de los ni\u00f1os en Uzbekist\u00e1n no puede ser identificada y debido a este hecho el mejorar sus vidas se ha convertido en una tarea a\u00fan m\u00e1s dif\u00edcil. Aunque la ley uzbeka asegura la libertad de expresi\u00f3n, en la pr\u00e1ctica \u00e9sta es limitada. Los medios de comunicaci\u00f3n est\u00e1n muy controlados, los opositores del Gobierno o los activistas de los Derechos Humanos son a menudo amenazados, y el Gobierno es conocido por su pol\u00edtica de censura estricta. Estas restricciones privan a los ni\u00f1os de su derecho a la informaci\u00f3n y a la libre expresi\u00f3n, lo que es una completa violaci\u00f3n de art\u00edculo 13 de la Convenci\u00f3n sobre los Derechos del Ni\u00f1o.<\/p>\n<p><strong>Libertad de religi\u00f3n<br \/>\n<\/strong><br \/>\nEl gobierno uzbeko monitorea constantemente ciertas comunidades religiosas y limita su libertad de religi\u00f3n a pesar de que la Constituci\u00f3n de Uzbekist\u00e1n asegura la libertad de religi\u00f3n para todos los uzbekos. Por lo que s\u00f3lo siendo un miembro de una comunidad religiosa que no est\u00e9 reconocida oficialmente podr\u00eda tener graves consecuencias . Algunos est\u00e1n en prisi\u00f3n por pertenecer a estas comunidades y el gobierno no duda en calificar a estas personas como extremistas justificando as\u00ed su condena.<\/p>\n<p>Los ni\u00f1os tambi\u00e9n pueden ser identificados como v\u00edctimas de la intolerancia religiosa. Pueden ser v\u00edctimas de racismo o v\u00edctimas de tratos degradantes, pero lo que es evidente que el derecho del ni\u00f1o a elegir su religi\u00f3n o su derecho a comentar su elecci\u00f3n en gran parte ha quedado obsoleto.<\/p>\n<p><strong>Derecho a la protecci\u00f3n<br \/>\n<\/strong><br \/>\n<img loading=\"lazy\" decoding=\"async\" class=\"size-full wp-image-13181 alignright\" title=\"Todos los ni\u00f1os tienen derecho a ser protegidos en el \u00e1mbito familiar y en el marco nacional. \u00a9 Worl Bank Photo Collection (Flickr)\" src=\"https:\/\/www.humanium.org\/fr\/wp-content\/uploads\/2011\/07\/worl-bank-photo-collection-flickr-protection-ouzbekistan-pas-de-modif.jpg\" alt=\"\" width=\"288\" height=\"185\" \/>Cada ni\u00f1o tiene derecho a ser protegido tanto en su familia como en el marco nacional. Aun este derecho no est\u00e1 plenamente garantizado en Uzbekist\u00e1n. Lamentablemente los ni\u00f1os son v\u00edctimas de ataques, como lo son muchos civiles. La respuesta de las autoridades de Uzbekist\u00e1n a estos actos de terrorismo es contrario a la protecci\u00f3n del ni\u00f1o. De hecho, debido a varias \u00aboperaciones anti terroristas\u00bb, muchos uzbekos son ilegalmente arrestados y encarcelados.<\/p>\n<p>Incluso algunos adolescentes padecen este destino, ya que son \u00absospechosos\u00bb de ayudar a las organizaciones opositoras, o simplemente porque han estado en el extranjero o porque sus padres han estado en tales situaciones. Su detenci\u00f3n es ilegal y las situaciones por las que atraviesan son realmente espantosas, sin juicios, ni garant\u00edas legales. Para empeorar las cosas, los casos de<\/p>\n<p><strong>Matrimonios infantiles<br \/>\n<\/strong><br \/>\nSe estima que el 7% de las mujeres est\u00e1n casadas antes de los 18 a\u00f1os. Estos matrimonios son a menudo arreglados por las familias y en tal matrimonio la situaci\u00f3n financiera de la familia del novio es m\u00e1s importante que el bienestar de la ni\u00f1a y su voluntad de casarse. Los matrimonios infantiles son una violaci\u00f3n de los derechos del ni\u00f1o y en particular, una violaci\u00f3n de los derechos de las ni\u00f1as que no tienen la oportunidad de disfrutar su infancia ni tienen la madurez suficiente para aceptar y comprender tal compromiso.<\/p>\n","protected":false},"excerpt":{"rendered":"<p>Ni\u00f1os de Uzbekist\u00e1n Descubriendo los Derechos del Ni\u00f1o en Uzbekist\u00e1n Uzbekist\u00e1n, el pa\u00eds con la mayor poblaci\u00f3n de Asia Central, ha dado prioridad a los derechos de los ni\u00f1os desde su independencia. El reconocimiento de los derechos de los ni\u00f1os ha ido mejorando, aunque no del todo satisfactoriamente, desde un punto de vista global. Algunos [&hellip;]<\/p>\n","protected":false},"author":1,"featured_media":0,"parent":0,"menu_order":0,"comment_status":"closed","ping_status":"open","template":"","meta":{"footnotes":""},"class_list":["post-1665","page","type-page","status-publish","hentry"],"yoast_head":"<!-- This site is optimized with the Yoast SEO plugin v26.5 - https:\/\/yoast.com\/wordpress\/plugins\/seo\/ -->\n<title>Ni\u00f1os de Uzbekist\u00e1n - Humanium<\/title>\n<meta name=\"description\" content=\"Uzbekist\u00e1n, ha dado prioridad a los derechos de los ni\u00f1os desde su independencia. Sin embargo todav\u00eda hay algunos problemas que deber\u00edan resolverse.\" \/>\n<meta name=\"robots\" content=\"index, follow, max-snippet:-1, max-image-preview:large, max-video-preview:-1\" \/>\n<link rel=\"canonical\" href=\"https:\/\/www.humanium.org\/es\/uzbekistan\/\" \/>\n<meta property=\"og:locale\" content=\"es_ES\" \/>\n<meta property=\"og:type\" content=\"article\" \/>\n<meta property=\"og:title\" content=\"Ni\u00f1os de Uzbekist\u00e1n - Humanium\" \/>\n<meta property=\"og:description\" content=\"Uzbekist\u00e1n, ha dado prioridad a los derechos de los ni\u00f1os desde su independencia. Sin embargo todav\u00eda hay algunos problemas que deber\u00edan resolverse.\" \/>\n<meta property=\"og:url\" content=\"https:\/\/www.humanium.org\/es\/uzbekistan\/\" \/>\n<meta property=\"og:site_name\" content=\"Humanium\" \/>\n<meta property=\"article:modified_time\" content=\"2025-12-05T17:48:32+00:00\" \/>\n<meta name=\"twitter:card\" content=\"summary_large_image\" \/>\n<meta name=\"twitter:label1\" content=\"Tiempo de lectura\" \/>\n\t<meta name=\"twitter:data1\" content=\"7 minutos\" \/>\n<script type=\"application\/ld+json\" class=\"yoast-schema-graph\">{\"@context\":\"https:\/\/schema.org\",\"@graph\":[{\"@type\":\"WebPage\",\"@id\":\"https:\/\/www.humanium.org\/es\/uzbekistan\/\",\"url\":\"https:\/\/www.humanium.org\/es\/uzbekistan\/\",\"name\":\"Ni\u00f1os de Uzbekist\u00e1n - Humanium\",\"isPartOf\":{\"@id\":\"https:\/\/www.humanium.org\/es\/#website\"},\"primaryImageOfPage\":{\"@id\":\"https:\/\/www.humanium.org\/es\/uzbekistan\/#primaryimage\"},\"image\":{\"@id\":\"https:\/\/www.humanium.org\/es\/uzbekistan\/#primaryimage\"},\"thumbnailUrl\":\"https:\/\/www.humanium.org\/fr\/wp-content\/uploads\/2011\/07\/giorgio-montersino-ouzbekistan-fillette.jpg\",\"datePublished\":\"2013-05-27T13:09:23+00:00\",\"dateModified\":\"2025-12-05T17:48:32+00:00\",\"description\":\"Uzbekist\u00e1n, ha dado prioridad a los derechos de los ni\u00f1os desde su independencia. Sin embargo todav\u00eda hay algunos problemas que deber\u00edan resolverse.\",\"breadcrumb\":{\"@id\":\"https:\/\/www.humanium.org\/es\/uzbekistan\/#breadcrumb\"},\"inLanguage\":\"es\",\"potentialAction\":[{\"@type\":\"ReadAction\",\"target\":[\"https:\/\/www.humanium.org\/es\/uzbekistan\/\"]}]},{\"@type\":\"ImageObject\",\"inLanguage\":\"es\",\"@id\":\"https:\/\/www.humanium.org\/es\/uzbekistan\/#primaryimage\",\"url\":\"https:\/\/www.humanium.org\/fr\/wp-content\/uploads\/2011\/07\/giorgio-montersino-ouzbekistan-fillette.jpg\",\"contentUrl\":\"https:\/\/www.humanium.org\/fr\/wp-content\/uploads\/2011\/07\/giorgio-montersino-ouzbekistan-fillette.jpg\"},{\"@type\":\"BreadcrumbList\",\"@id\":\"https:\/\/www.humanium.org\/es\/uzbekistan\/#breadcrumb\",\"itemListElement\":[{\"@type\":\"ListItem\",\"position\":1,\"name\":\"Home\",\"item\":\"https:\/\/www.humanium.org\/es\/\"},{\"@type\":\"ListItem\",\"position\":2,\"name\":\"Ni\u00f1os de Uzbekist\u00e1n\"}]},{\"@type\":\"WebSite\",\"@id\":\"https:\/\/www.humanium.org\/es\/#website\",\"url\":\"https:\/\/www.humanium.org\/es\/\",\"name\":\"Humanium\",\"description\":\"\u00a1Los ni\u00f1os primero!\",\"potentialAction\":[{\"@type\":\"SearchAction\",\"target\":{\"@type\":\"EntryPoint\",\"urlTemplate\":\"https:\/\/www.humanium.org\/es\/?s={search_term_string}\"},\"query-input\":{\"@type\":\"PropertyValueSpecification\",\"valueRequired\":true,\"valueName\":\"search_term_string\"}}],\"inLanguage\":\"es\"}]}<\/script>\n<!-- \/ Yoast SEO plugin. -->","yoast_head_json":{"title":"Ni\u00f1os de Uzbekist\u00e1n - Humanium","description":"Uzbekist\u00e1n, ha dado prioridad a los derechos de los ni\u00f1os desde su independencia. Sin embargo todav\u00eda hay algunos problemas que deber\u00edan resolverse.","robots":{"index":"index","follow":"follow","max-snippet":"max-snippet:-1","max-image-preview":"max-image-preview:large","max-video-preview":"max-video-preview:-1"},"canonical":"https:\/\/www.humanium.org\/es\/uzbekistan\/","og_locale":"es_ES","og_type":"article","og_title":"Ni\u00f1os de Uzbekist\u00e1n - Humanium","og_description":"Uzbekist\u00e1n, ha dado prioridad a los derechos de los ni\u00f1os desde su independencia. Sin embargo todav\u00eda hay algunos problemas que deber\u00edan resolverse.","og_url":"https:\/\/www.humanium.org\/es\/uzbekistan\/","og_site_name":"Humanium","article_modified_time":"2025-12-05T17:48:32+00:00","twitter_card":"summary_large_image","twitter_misc":{"Tiempo de lectura":"7 minutos"},"schema":{"@context":"https:\/\/schema.org","@graph":[{"@type":"WebPage","@id":"https:\/\/www.humanium.org\/es\/uzbekistan\/","url":"https:\/\/www.humanium.org\/es\/uzbekistan\/","name":"Ni\u00f1os de Uzbekist\u00e1n - Humanium","isPartOf":{"@id":"https:\/\/www.humanium.org\/es\/#website"},"primaryImageOfPage":{"@id":"https:\/\/www.humanium.org\/es\/uzbekistan\/#primaryimage"},"image":{"@id":"https:\/\/www.humanium.org\/es\/uzbekistan\/#primaryimage"},"thumbnailUrl":"https:\/\/www.humanium.org\/fr\/wp-content\/uploads\/2011\/07\/giorgio-montersino-ouzbekistan-fillette.jpg","datePublished":"2013-05-27T13:09:23+00:00","dateModified":"2025-12-05T17:48:32+00:00","description":"Uzbekist\u00e1n, ha dado prioridad a los derechos de los ni\u00f1os desde su independencia. Sin embargo todav\u00eda hay algunos problemas que deber\u00edan resolverse.","breadcrumb":{"@id":"https:\/\/www.humanium.org\/es\/uzbekistan\/#breadcrumb"},"inLanguage":"es","potentialAction":[{"@type":"ReadAction","target":["https:\/\/www.humanium.org\/es\/uzbekistan\/"]}]},{"@type":"ImageObject","inLanguage":"es","@id":"https:\/\/www.humanium.org\/es\/uzbekistan\/#primaryimage","url":"https:\/\/www.humanium.org\/fr\/wp-content\/uploads\/2011\/07\/giorgio-montersino-ouzbekistan-fillette.jpg","contentUrl":"https:\/\/www.humanium.org\/fr\/wp-content\/uploads\/2011\/07\/giorgio-montersino-ouzbekistan-fillette.jpg"},{"@type":"BreadcrumbList","@id":"https:\/\/www.humanium.org\/es\/uzbekistan\/#breadcrumb","itemListElement":[{"@type":"ListItem","position":1,"name":"Home","item":"https:\/\/www.humanium.org\/es\/"},{"@type":"ListItem","position":2,"name":"Ni\u00f1os de Uzbekist\u00e1n"}]},{"@type":"WebSite","@id":"https:\/\/www.humanium.org\/es\/#website","url":"https:\/\/www.humanium.org\/es\/","name":"Humanium","description":"\u00a1Los ni\u00f1os primero!","potentialAction":[{"@type":"SearchAction","target":{"@type":"EntryPoint","urlTemplate":"https:\/\/www.humanium.org\/es\/?s={search_term_string}"},"query-input":{"@type":"PropertyValueSpecification","valueRequired":true,"valueName":"search_term_string"}}],"inLanguage":"es"}]}},"_links":{"self":[{"href":"https:\/\/www.humanium.org\/es\/wp-json\/wp\/v2\/pages\/1665","targetHints":{"allow":["GET"]}}],"collection":[{"href":"https:\/\/www.humanium.org\/es\/wp-json\/wp\/v2\/pages"}],"about":[{"href":"https:\/\/www.humanium.org\/es\/wp-json\/wp\/v2\/types\/page"}],"author":[{"embeddable":true,"href":"https:\/\/www.humanium.org\/es\/wp-json\/wp\/v2\/users\/1"}],"replies":[{"embeddable":true,"href":"https:\/\/www.humanium.org\/es\/wp-json\/wp\/v2\/comments?post=1665"}],"version-history":[{"count":4,"href":"https:\/\/www.humanium.org\/es\/wp-json\/wp\/v2\/pages\/1665\/revisions"}],"predecessor-version":[{"id":20435,"href":"https:\/\/www.humanium.org\/es\/wp-json\/wp\/v2\/pages\/1665\/revisions\/20435"}],"wp:attachment":[{"href":"https:\/\/www.humanium.org\/es\/wp-json\/wp\/v2\/media?parent=1665"}],"curies":[{"name":"wp","href":"https:\/\/api.w.org\/{rel}","templated":true}]}}