{"id":168,"date":"2012-11-21T09:28:41","date_gmt":"2012-11-21T09:28:41","guid":{"rendered":"http:\/\/www.humanium.org\/es\/?page_id=168"},"modified":"2017-10-04T09:18:53","modified_gmt":"2017-10-04T09:18:53","slug":"comite-observaciones-debate","status":"publish","type":"page","link":"https:\/\/www.humanium.org\/es\/comite-observaciones-debate\/","title":{"rendered":"Observaciones Generales y D\u00edas de Debate General"},"content":{"rendered":"<h1>El Comit\u00e9 de los Derechos del Ni\u00f1o<\/h1>\n<h2>Observaciones Generales y D\u00edas de Debate General<\/h2>\n<p><strong>Adem\u00e1s del an\u00e1lisis y revisi\u00f3n de los reportes y comunicaciones de los Estados, el Comit\u00e9 de los Derechos del Ni\u00f1o publica las llamadas Observaciones Generales y organiza los D\u00edas de Debate General<\/strong><\/p>\n<h3>Observaciones Generales<\/h3>\n<p><img loading=\"lazy\" decoding=\"async\" class=\"alignleft size-full wp-image-5542\" title=\"Las Observaciones Generales permiten explicar el foco y los objetivos de ciertos derechos establecidos por la Convenci\u00f3n - \u00a9 UNESCO\/P. Calinescu\" src=\"https:\/\/www.humanium.org\/es\/wp-content\/uploads\/portail-fr\/UNESCO-P-Calinescu-11.jpg\" alt=\"\" width=\"189\" height=\"126\" \/>El Comit\u00e9 de los Derechos del Ni\u00f1o formula interpretaciones sobre ciertas disposiciones de la Convenci\u00f3n de los Derechos del Ni\u00f1o con el objetivo de explicar y aclarar el foco de algunos derechos y de esta forma guiar a los Estados a implementarlos.<\/p>\n<p>Estas interpretaciones son publicadas bajo el formato de Observaciones Generales. Hasta el momento, el Comit\u00e9 ha publicado 12 Observaciones Generales:<\/p>\n<ul>\n<li>2001: Observaci\u00f3n General n\u00ba 1 \u201cLos objetivos de la educaci\u00f3n\u201d<\/li>\n<li>2002: Observaci\u00f3n General n\u00ba 2 \u201cEl rol de las instituciones nacionales independientes de\u00a0defensa de los Derechos Humanos\u201d<\/li>\n<li>2003: Observaci\u00f3n General n\u00ba 3 \u201cVIH\/SIDA y los Derechos del Ni\u00f1o\u201d<\/li>\n<li>2003: Observaci\u00f3n General n\u00ba 4 \u201cSalud y desarrollo adolescente\u201d<\/li>\n<li>2003: Observaci\u00f3n General n\u00ba 5 \u201cMedidas generales para la implementaci\u00f3n de la Convenci\u00f3n de los Derechos del Ni\u00f1o\u201d<\/li>\n<li>2005: Observaci\u00f3n General n\u00ba 6 \u201cTratamiento de los ni\u00f1os sin compa\u00f1\u00eda y ni\u00f1os llevados fuera de su pa\u00eds de origen\u201d<\/li>\n<li>2005: Observaci\u00f3n General n\u00ba 7 \u201cImplementaci\u00f3n de los Derechos del Ni\u00f1o en la temprana infancia\u201d<\/li>\n<li>2005: Observaci\u00f3n General n\u00ba 8 \u201cEl derecho del ni\u00f1o a la protecci\u00f3n contra el castigo f\u00edsico y otras formas de castigos crueles o degradantes\u201d<\/li>\n<li>2006: Observaci\u00f3n General n\u00ba 9 \u201cLos derechos de los ni\u00f1os con necesidades especiales\u201d<\/li>\n<li>2007: Observaci\u00f3n General n\u00ba 10 \u201cLos derechos de los ni\u00f1os en los sistemas de justicia para menores\u201d<\/li>\n<li>2009: Observaci\u00f3n General n\u00ba 11 \u201cNi\u00f1os ind\u00edgenas y sus derechos en virtud de la Convenci\u00f3n\u00bb<\/li>\n<li>2009: Observaci\u00f3n General n\u00ba 12 \u201cEl derecho del ni\u00f1o a ser escuchado\u201d<\/li>\n<\/ul>\n<h3>D\u00edas de Debate General<\/h3>\n<p><img loading=\"lazy\" decoding=\"async\" class=\"alignright size-full wp-image-5539\" title=\"Durante los D\u00edas de Debate General, ciertos temas y disposiciones de la Convenci\u00f3n son observados y analizados por los expertos - \u00a9 Humanium\" src=\"https:\/\/www.humanium.org\/es\/wp-content\/uploads\/portail-fr\/100_15021.jpg\" alt=\"\" width=\"227\" height=\"180\" \/>Cada a\u00f1o desde 1992, el Comit\u00e9 de los Derechos del Ni\u00f1o celebra un D\u00eda de Debate General.<\/p>\n<p>El objetivo de este d\u00eda es promover una mejor comprensi\u00f3n del contenido y los temas de la Convenci\u00f3n respecto a ciertas disposiciones o tem\u00e1ticas espec\u00edficas. A lo largo de ese d\u00eda se organizan debates p\u00fablicos con todos los representantes activos en la promoci\u00f3n y protecci\u00f3n de los derechos del ni\u00f1o.<\/p>\n<p>Los invitados son representantes de gobiernos, de organizaciones no gubernamentales, de mecanismos o de departamentos especializados de las Naciones Unidas relacionados con los Derechos Humanos, as\u00ed como de expertos en el tema.<br \/>\nAl final del d\u00eda, el Comit\u00e9 establece recomendaciones que sintetizan el n\u00facleo de las preguntas surgidas, as\u00ed como de las respuestas discutidas (2).<\/p>\n<table>\n<tbody style=\"background: #f9f9f9;\">\n<tr>\n<td>\n<div style=\"float: left; width: 65%;\">Traducido por: Camila Jara<br \/>\nCorregido por: Daniela Dimov<\/div>\n<\/td>\n<\/tr>\n<\/tbody>\n<\/table>\n<div id=\"toggle\"><a><\/a><\/div>\n<div id=\"voir_aussi_box\" style=\"display: none;\">\n<ul>\n<li><a href=\"https:\/\/www.humanium.org\/es\/que-como\/\">El Comit\u00e9 de los Derechos del Ni\u00f1o: qu\u00e9 es y c\u00f3mo funciona<\/a><\/li>\n<li><a href=\"https:\/\/www.humanium.org\/es\/rol-competencias\/\">Rol y competencias del Comit\u00e9: estudio de los informes y comunicaciones<\/a><\/li>\n<li><a title=\"L\u00edmites del Comit\u00e9\" href=\"https:\/\/www.humanium.org\/es\/comite-limites\/ \">L\u00edmites del Comit\u00e9<\/a><\/li>\n<li><a title=\"Convenci\u00f3n sobre los Derechos del Ni\u00f1o\" href=\"https:\/\/www.humanium.org\/es\/convencion\/\">Convenci\u00f3n sobre los Derechos del Ni\u00f1o<\/a><\/li>\n<\/ul>\n<\/div>\n<div id=\"toggle\"><a><\/a><\/div>\n<div id=\"plus_loin_box\" style=\"display: none;\">\n<ul>\n<li><a href=\"https:\/\/en.wikipedia.org\/wiki\/Committee_on_the_Rights_of_the_Child\" target=\"_blank\" rel=\"noopener noreferrer\">Wikipedia, El Comit\u00e9 de los Derechos del Ni\u00f1o (en ingl\u00e9s)<\/a><\/li>\n<\/ul>\n<\/div>\n<div id=\"toggle\"><a><\/a><\/div>\n<div id=\"sources_box\" style=\"display: none;\">\n<ul>\n<li><a href=\"http:\/\/www.ohchr.org\/EN\/HRBodies\/CRC\/Pages\/CRCIndex.aspx\" target=\"_blank\" rel=\"noopener noreferrer\">OHCHR, El Comit\u00e9 de los Derechos del Ni\u00f1o (en ingl\u00e9s)<\/a><\/li>\n<li><a href=\"http:\/\/www.ohchr.org\/EN\/HRBodies\/CRC\/Pages\/CRCIndex.aspx\" target=\"_blank\" rel=\"noopener noreferrer\">OHCHR, Comentarios Generales (en ingl\u00e9s)<\/a><\/li>\n<\/ul>\n<\/div>\n","protected":false},"excerpt":{"rendered":"<p>El Comit\u00e9 de los Derechos del Ni\u00f1o Observaciones Generales y D\u00edas de Debate General Adem\u00e1s del an\u00e1lisis y revisi\u00f3n de los reportes y comunicaciones de los Estados, el Comit\u00e9 de los Derechos del Ni\u00f1o publica las llamadas Observaciones Generales y organiza los D\u00edas de Debate General Observaciones Generales El Comit\u00e9 de los Derechos del Ni\u00f1o [&hellip;]<\/p>\n","protected":false},"author":1,"featured_media":0,"parent":0,"menu_order":0,"comment_status":"closed","ping_status":"closed","template":"","meta":{"footnotes":""},"class_list":["post-168","page","type-page","status-publish","hentry"],"yoast_head":"<!-- This site is optimized with the Yoast SEO plugin v26.5 - https:\/\/yoast.com\/wordpress\/plugins\/seo\/ -->\n<title>Observaciones Generales y D\u00edas de Debate General - Humanium<\/title>\n<meta name=\"robots\" content=\"index, follow, max-snippet:-1, max-image-preview:large, max-video-preview:-1\" \/>\n<link rel=\"canonical\" href=\"https:\/\/www.humanium.org\/es\/comite-observaciones-debate\/\" \/>\n<meta property=\"og:locale\" content=\"es_ES\" \/>\n<meta property=\"og:type\" content=\"article\" \/>\n<meta property=\"og:title\" content=\"Observaciones Generales y D\u00edas de Debate General - Humanium\" \/>\n<meta property=\"og:description\" content=\"El Comit\u00e9 de los Derechos del Ni\u00f1o Observaciones Generales y D\u00edas de Debate General Adem\u00e1s del an\u00e1lisis y revisi\u00f3n de los reportes y comunicaciones de los Estados, el Comit\u00e9 de los Derechos del Ni\u00f1o publica las llamadas Observaciones Generales y organiza los D\u00edas de Debate General Observaciones Generales El Comit\u00e9 de los Derechos del Ni\u00f1o [&hellip;]\" \/>\n<meta property=\"og:url\" content=\"https:\/\/www.humanium.org\/es\/comite-observaciones-debate\/\" \/>\n<meta property=\"og:site_name\" content=\"Humanium\" \/>\n<meta property=\"article:modified_time\" content=\"2017-10-04T09:18:53+00:00\" \/>\n<meta property=\"og:image\" content=\"https:\/\/www.humanium.org\/es\/wp-content\/uploads\/portail-fr\/UNESCO-P-Calinescu-11.jpg\" \/>\n<meta name=\"twitter:card\" content=\"summary_large_image\" \/>\n<meta name=\"twitter:label1\" content=\"Tiempo de lectura\" \/>\n\t<meta name=\"twitter:data1\" content=\"3 minutos\" \/>\n<script type=\"application\/ld+json\" class=\"yoast-schema-graph\">{\"@context\":\"https:\/\/schema.org\",\"@graph\":[{\"@type\":\"WebPage\",\"@id\":\"https:\/\/www.humanium.org\/es\/comite-observaciones-debate\/\",\"url\":\"https:\/\/www.humanium.org\/es\/comite-observaciones-debate\/\",\"name\":\"Observaciones Generales y D\u00edas de Debate General - Humanium\",\"isPartOf\":{\"@id\":\"https:\/\/www.humanium.org\/es\/#website\"},\"primaryImageOfPage\":{\"@id\":\"https:\/\/www.humanium.org\/es\/comite-observaciones-debate\/#primaryimage\"},\"image\":{\"@id\":\"https:\/\/www.humanium.org\/es\/comite-observaciones-debate\/#primaryimage\"},\"thumbnailUrl\":\"https:\/\/www.humanium.org\/es\/wp-content\/uploads\/portail-fr\/UNESCO-P-Calinescu-11.jpg\",\"datePublished\":\"2012-11-21T09:28:41+00:00\",\"dateModified\":\"2017-10-04T09:18:53+00:00\",\"breadcrumb\":{\"@id\":\"https:\/\/www.humanium.org\/es\/comite-observaciones-debate\/#breadcrumb\"},\"inLanguage\":\"es\",\"potentialAction\":[{\"@type\":\"ReadAction\",\"target\":[\"https:\/\/www.humanium.org\/es\/comite-observaciones-debate\/\"]}]},{\"@type\":\"ImageObject\",\"inLanguage\":\"es\",\"@id\":\"https:\/\/www.humanium.org\/es\/comite-observaciones-debate\/#primaryimage\",\"url\":\"https:\/\/www.humanium.org\/es\/wp-content\/uploads\/portail-fr\/UNESCO-P-Calinescu-11.jpg\",\"contentUrl\":\"https:\/\/www.humanium.org\/es\/wp-content\/uploads\/portail-fr\/UNESCO-P-Calinescu-11.jpg\"},{\"@type\":\"BreadcrumbList\",\"@id\":\"https:\/\/www.humanium.org\/es\/comite-observaciones-debate\/#breadcrumb\",\"itemListElement\":[{\"@type\":\"ListItem\",\"position\":1,\"name\":\"Home\",\"item\":\"https:\/\/www.humanium.org\/es\/\"},{\"@type\":\"ListItem\",\"position\":2,\"name\":\"Observaciones Generales y D\u00edas de Debate General\"}]},{\"@type\":\"WebSite\",\"@id\":\"https:\/\/www.humanium.org\/es\/#website\",\"url\":\"https:\/\/www.humanium.org\/es\/\",\"name\":\"Humanium\",\"description\":\"\u00a1Los ni\u00f1os primero!\",\"potentialAction\":[{\"@type\":\"SearchAction\",\"target\":{\"@type\":\"EntryPoint\",\"urlTemplate\":\"https:\/\/www.humanium.org\/es\/?s={search_term_string}\"},\"query-input\":{\"@type\":\"PropertyValueSpecification\",\"valueRequired\":true,\"valueName\":\"search_term_string\"}}],\"inLanguage\":\"es\"}]}<\/script>\n<!-- \/ Yoast SEO plugin. -->","yoast_head_json":{"title":"Observaciones Generales y D\u00edas de Debate General - Humanium","robots":{"index":"index","follow":"follow","max-snippet":"max-snippet:-1","max-image-preview":"max-image-preview:large","max-video-preview":"max-video-preview:-1"},"canonical":"https:\/\/www.humanium.org\/es\/comite-observaciones-debate\/","og_locale":"es_ES","og_type":"article","og_title":"Observaciones Generales y D\u00edas de Debate General - Humanium","og_description":"El Comit\u00e9 de los Derechos del Ni\u00f1o Observaciones Generales y D\u00edas de Debate General Adem\u00e1s del an\u00e1lisis y revisi\u00f3n de los reportes y comunicaciones de los Estados, el Comit\u00e9 de los Derechos del Ni\u00f1o publica las llamadas Observaciones Generales y organiza los D\u00edas de Debate General Observaciones Generales El Comit\u00e9 de los Derechos del Ni\u00f1o [&hellip;]","og_url":"https:\/\/www.humanium.org\/es\/comite-observaciones-debate\/","og_site_name":"Humanium","article_modified_time":"2017-10-04T09:18:53+00:00","og_image":[{"url":"https:\/\/www.humanium.org\/es\/wp-content\/uploads\/portail-fr\/UNESCO-P-Calinescu-11.jpg","type":"","width":"","height":""}],"twitter_card":"summary_large_image","twitter_misc":{"Tiempo de lectura":"3 minutos"},"schema":{"@context":"https:\/\/schema.org","@graph":[{"@type":"WebPage","@id":"https:\/\/www.humanium.org\/es\/comite-observaciones-debate\/","url":"https:\/\/www.humanium.org\/es\/comite-observaciones-debate\/","name":"Observaciones Generales y D\u00edas de Debate General - Humanium","isPartOf":{"@id":"https:\/\/www.humanium.org\/es\/#website"},"primaryImageOfPage":{"@id":"https:\/\/www.humanium.org\/es\/comite-observaciones-debate\/#primaryimage"},"image":{"@id":"https:\/\/www.humanium.org\/es\/comite-observaciones-debate\/#primaryimage"},"thumbnailUrl":"https:\/\/www.humanium.org\/es\/wp-content\/uploads\/portail-fr\/UNESCO-P-Calinescu-11.jpg","datePublished":"2012-11-21T09:28:41+00:00","dateModified":"2017-10-04T09:18:53+00:00","breadcrumb":{"@id":"https:\/\/www.humanium.org\/es\/comite-observaciones-debate\/#breadcrumb"},"inLanguage":"es","potentialAction":[{"@type":"ReadAction","target":["https:\/\/www.humanium.org\/es\/comite-observaciones-debate\/"]}]},{"@type":"ImageObject","inLanguage":"es","@id":"https:\/\/www.humanium.org\/es\/comite-observaciones-debate\/#primaryimage","url":"https:\/\/www.humanium.org\/es\/wp-content\/uploads\/portail-fr\/UNESCO-P-Calinescu-11.jpg","contentUrl":"https:\/\/www.humanium.org\/es\/wp-content\/uploads\/portail-fr\/UNESCO-P-Calinescu-11.jpg"},{"@type":"BreadcrumbList","@id":"https:\/\/www.humanium.org\/es\/comite-observaciones-debate\/#breadcrumb","itemListElement":[{"@type":"ListItem","position":1,"name":"Home","item":"https:\/\/www.humanium.org\/es\/"},{"@type":"ListItem","position":2,"name":"Observaciones Generales y D\u00edas de Debate General"}]},{"@type":"WebSite","@id":"https:\/\/www.humanium.org\/es\/#website","url":"https:\/\/www.humanium.org\/es\/","name":"Humanium","description":"\u00a1Los ni\u00f1os primero!","potentialAction":[{"@type":"SearchAction","target":{"@type":"EntryPoint","urlTemplate":"https:\/\/www.humanium.org\/es\/?s={search_term_string}"},"query-input":{"@type":"PropertyValueSpecification","valueRequired":true,"valueName":"search_term_string"}}],"inLanguage":"es"}]}},"_links":{"self":[{"href":"https:\/\/www.humanium.org\/es\/wp-json\/wp\/v2\/pages\/168","targetHints":{"allow":["GET"]}}],"collection":[{"href":"https:\/\/www.humanium.org\/es\/wp-json\/wp\/v2\/pages"}],"about":[{"href":"https:\/\/www.humanium.org\/es\/wp-json\/wp\/v2\/types\/page"}],"author":[{"embeddable":true,"href":"https:\/\/www.humanium.org\/es\/wp-json\/wp\/v2\/users\/1"}],"replies":[{"embeddable":true,"href":"https:\/\/www.humanium.org\/es\/wp-json\/wp\/v2\/comments?post=168"}],"version-history":[{"count":7,"href":"https:\/\/www.humanium.org\/es\/wp-json\/wp\/v2\/pages\/168\/revisions"}],"predecessor-version":[{"id":11648,"href":"https:\/\/www.humanium.org\/es\/wp-json\/wp\/v2\/pages\/168\/revisions\/11648"}],"wp:attachment":[{"href":"https:\/\/www.humanium.org\/es\/wp-json\/wp\/v2\/media?parent=168"}],"curies":[{"name":"wp","href":"https:\/\/api.w.org\/{rel}","templated":true}]}}