{"id":172,"date":"2012-11-21T09:41:34","date_gmt":"2012-11-21T09:41:34","guid":{"rendered":"http:\/\/www.humanium.org\/es\/?page_id=172"},"modified":"2017-10-04T09:18:53","modified_gmt":"2017-10-04T09:18:53","slug":"que-como","status":"publish","type":"page","link":"https:\/\/www.humanium.org\/es\/que-como\/","title":{"rendered":"Comit\u00e9 de los Derechos del Ni\u00f1o &#8211; Qu\u00e9 es y c\u00f3mo funciona"},"content":{"rendered":"<h1>El Comit\u00e9 de los Derechos del Ni\u00f1o<\/h1>\n<h2>Qu\u00e9 es y c\u00f3mo funciona<\/h2>\n<p><strong>El Comit\u00e9 de los Derechos del Ni\u00f1o es el \u00f3rgano que supervisa la aplicaci\u00f3n de la Convenci\u00f3n sobre los Derechos del Ni\u00f1o. Fue creado por la Convenci\u00f3n el 27 de febrero de 1991.<\/strong><\/p>\n<h3>Creaci\u00f3n del Comit\u00e9<\/h3>\n<p><img loading=\"lazy\" decoding=\"async\" class=\"size-full wp-image-5042 alignright\" title=\"El comit\u00e9 se encarga de supervisar la implementaci\u00f3n de la Convenci\u00f3n sobre los Derechos del Ni\u00f1o. \u00a9 Organizaci\u00f3n de las Naciones Unidas.\" src=\"https:\/\/www.humanium.org\/es\/wp-content\/uploads\/portail-fr\/16-UN-Photo-x1.jpg\" alt=\"\" width=\"165\" height=\"210\" \/>Cuando se ratific\u00f3 la Convenci\u00f3n en los a\u00f1os ochenta, Polonia propuso implementar un mecanismo de supervisi\u00f3n que le exigiera a cada Estado parte que presentara informes peri\u00f3dicos al Consejo Econ\u00f3mico y Social de las Naciones Unidas. Esta propuesta no fue aceptada, pero se comenz\u00f3 a debatir el papel que desempe\u00f1ar\u00eda el Comit\u00e9 de los Derechos del Ni\u00f1o.<\/p>\n<p>La Convenci\u00f3n se complet\u00f3 entonces con tres anexos que detallaban la creaci\u00f3n, composici\u00f3n, funcionamiento y papel del Comit\u00e9.<\/p>\n<p>Las elecciones para seleccionar a los miembros del Comit\u00e9 comenzaron cuando se ratific\u00f3 la Convenci\u00f3n, el 20 de noviembre de 1989. Los representantes de cada Estado parte de la Convenci\u00f3n se re\u00fanen para elegir a los miembros del Comit\u00e9. Este se cre\u00f3 y entr\u00f3 en vigor el 27 de febrero de 1991.<\/p>\n<h3>Composici\u00f3n y funcionamiento del Comit\u00e9<\/h3>\n<p>La composici\u00f3n y el funcionamiento del Comit\u00e9 se encuentran especificados en el art\u00edculo 43 de la <a title=\"Convenci\u00f3n sobre los Derechos del Ni\u00f1o\" href=\"https:\/\/www.humanium.org\/es\/convencion\/\">Convenci\u00f3n Internacional sobre los Derechos del Ni\u00f1o<\/a>.<\/p>\n<p>El Comit\u00e9 es un \u00f3rgano internacional e independiente que supervisa que los Estados Parte cumplan con la Convenci\u00f3n sobre los Derechos del Ni\u00f1o. Est\u00e1 compuesto por 18 expertos aut\u00f3nomos especializados en los derechos de los ni\u00f1os y que poseen altos valores morales.<\/p>\n<p><img loading=\"lazy\" decoding=\"async\" class=\"size-full wp-image-5037 aligncenter\" title=\"Los miembros actuales del Comit\u00e9 de los Derechos del Ni\u00f1o. \u00a9 Organizaci\u00f3n de las Naciones Unidas.\" src=\"https:\/\/www.humanium.org\/es\/wp-content\/uploads\/portail-fr\/un-crc.jpg\" alt=\"\" width=\"300\" height=\"141\" \/><br \/>\nEl Comit\u00e9 se re\u00fane en Ginebra y celebra tres sesiones anuales (en enero, mayo y septiembre) de tres semanas de duraci\u00f3n.<\/p>\n<p>El Comit\u00e9 asegura el cumplimiento de la Convenci\u00f3n de varias formas. Asiste a los Estados Parte en la implementaci\u00f3n de la misma, coopera con otros organismos de las Naciones Unidas y otras organizaciones no gubernamentales, y difunde informaci\u00f3n sobre los derechos de los ni\u00f1os.<\/p>\n<table>\n<tbody style=\"background: #f9f9f9;\">\n<tr>\n<td>\n<div style=\"float: left; width: 65%;\">Traducido por: Paola Muller<br \/>\nCorregido por: Laura Ibarrola<\/div>\n<\/td>\n<\/tr>\n<\/tbody>\n<\/table>\n<div id=\"toggle\"><a><\/a><\/div>\n<div id=\"voir_aussi_box\" style=\"display: none;\">\n<ul>\n<li><a href=\"https:\/\/www.humanium.org\/es\/comite-observaciones-debate\/\">Comit\u00e9: Rol y competencias de las Observaciones Generales y D\u00edas de Debate General<\/a><\/li>\n<li><a href=\"https:\/\/www.humanium.org\/es\/comite-limites\/ \">L\u00edmites del Comit\u00e9<\/a><\/li>\n<li><a href=\"https:\/\/www.humanium.org\/es\/convencion\/\">Convenci\u00f3n de los Derechos del Ni\u00f1o<\/a><\/li>\n<\/ul>\n<\/div>\n<div id=\"toggle\"><a><\/a><\/div>\n<div id=\"plus_loin_box\" style=\"display: none;\">\n<ul>\n<li><a href=\"https:\/\/en.wikipedia.org\/wiki\/Committee_on_the_Rights_of_the_Child\" target=\"_blank\" rel=\"noopener noreferrer\">Wikipedia, El Comit\u00e9 de los Derechos del Ni\u00f1o (en ingl\u00e9s)<\/a><\/li>\n<\/ul>\n<\/div>\n<div id=\"toggle\"><a><\/a><\/div>\n<div id=\"sources_box\" style=\"display: none;\">\n<ul>\n<li><a href=\"http:\/\/www.ohchr.org\/EN\/HRBodies\/CRC\/Pages\/CRCIndex.aspx\" target=\"_blank\" rel=\"noopener noreferrer\">OHCHR, El Comit\u00e9 de los Derechos del Ni\u00f1o (en ingl\u00e9s)<\/a><\/li>\n<\/ul>\n<\/div>\n","protected":false},"excerpt":{"rendered":"<p>El Comit\u00e9 de los Derechos del Ni\u00f1o Qu\u00e9 es y c\u00f3mo funciona El Comit\u00e9 de los Derechos del Ni\u00f1o es el \u00f3rgano que supervisa la aplicaci\u00f3n de la Convenci\u00f3n sobre los Derechos del Ni\u00f1o. Fue creado por la Convenci\u00f3n el 27 de febrero de 1991. Creaci\u00f3n del Comit\u00e9 Cuando se ratific\u00f3 la Convenci\u00f3n en los [&hellip;]<\/p>\n","protected":false},"author":1,"featured_media":0,"parent":0,"menu_order":0,"comment_status":"closed","ping_status":"closed","template":"","meta":{"footnotes":""},"class_list":["post-172","page","type-page","status-publish","hentry"],"yoast_head":"<!-- This site is optimized with the Yoast SEO plugin v26.5 - https:\/\/yoast.com\/wordpress\/plugins\/seo\/ -->\n<title>Comit\u00e9 de los Derechos del Ni\u00f1o - Qu\u00e9 es y c\u00f3mo funciona - Humanium<\/title>\n<meta name=\"robots\" content=\"index, follow, max-snippet:-1, max-image-preview:large, max-video-preview:-1\" \/>\n<link rel=\"canonical\" href=\"https:\/\/www.humanium.org\/es\/que-como\/\" \/>\n<meta property=\"og:locale\" content=\"es_ES\" \/>\n<meta property=\"og:type\" content=\"article\" \/>\n<meta property=\"og:title\" content=\"Comit\u00e9 de los Derechos del Ni\u00f1o - Qu\u00e9 es y c\u00f3mo funciona - Humanium\" \/>\n<meta property=\"og:description\" content=\"El Comit\u00e9 de los Derechos del Ni\u00f1o Qu\u00e9 es y c\u00f3mo funciona El Comit\u00e9 de los Derechos del Ni\u00f1o es el \u00f3rgano que supervisa la aplicaci\u00f3n de la Convenci\u00f3n sobre los Derechos del Ni\u00f1o. Fue creado por la Convenci\u00f3n el 27 de febrero de 1991. Creaci\u00f3n del Comit\u00e9 Cuando se ratific\u00f3 la Convenci\u00f3n en los [&hellip;]\" \/>\n<meta property=\"og:url\" content=\"https:\/\/www.humanium.org\/es\/que-como\/\" \/>\n<meta property=\"og:site_name\" content=\"Humanium\" \/>\n<meta property=\"article:modified_time\" content=\"2017-10-04T09:18:53+00:00\" \/>\n<meta property=\"og:image\" content=\"https:\/\/www.humanium.org\/es\/wp-content\/uploads\/portail-fr\/16-UN-Photo-x1.jpg\" \/>\n<meta name=\"twitter:card\" content=\"summary_large_image\" \/>\n<meta name=\"twitter:label1\" content=\"Tiempo de lectura\" \/>\n\t<meta name=\"twitter:data1\" content=\"2 minutos\" \/>\n<script type=\"application\/ld+json\" class=\"yoast-schema-graph\">{\"@context\":\"https:\/\/schema.org\",\"@graph\":[{\"@type\":\"WebPage\",\"@id\":\"https:\/\/www.humanium.org\/es\/que-como\/\",\"url\":\"https:\/\/www.humanium.org\/es\/que-como\/\",\"name\":\"Comit\u00e9 de los Derechos del Ni\u00f1o - Qu\u00e9 es y c\u00f3mo funciona - Humanium\",\"isPartOf\":{\"@id\":\"https:\/\/www.humanium.org\/es\/#website\"},\"primaryImageOfPage\":{\"@id\":\"https:\/\/www.humanium.org\/es\/que-como\/#primaryimage\"},\"image\":{\"@id\":\"https:\/\/www.humanium.org\/es\/que-como\/#primaryimage\"},\"thumbnailUrl\":\"https:\/\/www.humanium.org\/es\/wp-content\/uploads\/portail-fr\/16-UN-Photo-x1.jpg\",\"datePublished\":\"2012-11-21T09:41:34+00:00\",\"dateModified\":\"2017-10-04T09:18:53+00:00\",\"breadcrumb\":{\"@id\":\"https:\/\/www.humanium.org\/es\/que-como\/#breadcrumb\"},\"inLanguage\":\"es\",\"potentialAction\":[{\"@type\":\"ReadAction\",\"target\":[\"https:\/\/www.humanium.org\/es\/que-como\/\"]}]},{\"@type\":\"ImageObject\",\"inLanguage\":\"es\",\"@id\":\"https:\/\/www.humanium.org\/es\/que-como\/#primaryimage\",\"url\":\"https:\/\/www.humanium.org\/es\/wp-content\/uploads\/portail-fr\/16-UN-Photo-x1.jpg\",\"contentUrl\":\"https:\/\/www.humanium.org\/es\/wp-content\/uploads\/portail-fr\/16-UN-Photo-x1.jpg\"},{\"@type\":\"BreadcrumbList\",\"@id\":\"https:\/\/www.humanium.org\/es\/que-como\/#breadcrumb\",\"itemListElement\":[{\"@type\":\"ListItem\",\"position\":1,\"name\":\"Home\",\"item\":\"https:\/\/www.humanium.org\/es\/\"},{\"@type\":\"ListItem\",\"position\":2,\"name\":\"Comit\u00e9 de los Derechos del Ni\u00f1o &#8211; Qu\u00e9 es y c\u00f3mo funciona\"}]},{\"@type\":\"WebSite\",\"@id\":\"https:\/\/www.humanium.org\/es\/#website\",\"url\":\"https:\/\/www.humanium.org\/es\/\",\"name\":\"Humanium\",\"description\":\"\u00a1Los ni\u00f1os primero!\",\"potentialAction\":[{\"@type\":\"SearchAction\",\"target\":{\"@type\":\"EntryPoint\",\"urlTemplate\":\"https:\/\/www.humanium.org\/es\/?s={search_term_string}\"},\"query-input\":{\"@type\":\"PropertyValueSpecification\",\"valueRequired\":true,\"valueName\":\"search_term_string\"}}],\"inLanguage\":\"es\"}]}<\/script>\n<!-- \/ Yoast SEO plugin. -->","yoast_head_json":{"title":"Comit\u00e9 de los Derechos del Ni\u00f1o - Qu\u00e9 es y c\u00f3mo funciona - Humanium","robots":{"index":"index","follow":"follow","max-snippet":"max-snippet:-1","max-image-preview":"max-image-preview:large","max-video-preview":"max-video-preview:-1"},"canonical":"https:\/\/www.humanium.org\/es\/que-como\/","og_locale":"es_ES","og_type":"article","og_title":"Comit\u00e9 de los Derechos del Ni\u00f1o - Qu\u00e9 es y c\u00f3mo funciona - Humanium","og_description":"El Comit\u00e9 de los Derechos del Ni\u00f1o Qu\u00e9 es y c\u00f3mo funciona El Comit\u00e9 de los Derechos del Ni\u00f1o es el \u00f3rgano que supervisa la aplicaci\u00f3n de la Convenci\u00f3n sobre los Derechos del Ni\u00f1o. Fue creado por la Convenci\u00f3n el 27 de febrero de 1991. Creaci\u00f3n del Comit\u00e9 Cuando se ratific\u00f3 la Convenci\u00f3n en los [&hellip;]","og_url":"https:\/\/www.humanium.org\/es\/que-como\/","og_site_name":"Humanium","article_modified_time":"2017-10-04T09:18:53+00:00","og_image":[{"url":"https:\/\/www.humanium.org\/es\/wp-content\/uploads\/portail-fr\/16-UN-Photo-x1.jpg","type":"","width":"","height":""}],"twitter_card":"summary_large_image","twitter_misc":{"Tiempo de lectura":"2 minutos"},"schema":{"@context":"https:\/\/schema.org","@graph":[{"@type":"WebPage","@id":"https:\/\/www.humanium.org\/es\/que-como\/","url":"https:\/\/www.humanium.org\/es\/que-como\/","name":"Comit\u00e9 de los Derechos del Ni\u00f1o - Qu\u00e9 es y c\u00f3mo funciona - Humanium","isPartOf":{"@id":"https:\/\/www.humanium.org\/es\/#website"},"primaryImageOfPage":{"@id":"https:\/\/www.humanium.org\/es\/que-como\/#primaryimage"},"image":{"@id":"https:\/\/www.humanium.org\/es\/que-como\/#primaryimage"},"thumbnailUrl":"https:\/\/www.humanium.org\/es\/wp-content\/uploads\/portail-fr\/16-UN-Photo-x1.jpg","datePublished":"2012-11-21T09:41:34+00:00","dateModified":"2017-10-04T09:18:53+00:00","breadcrumb":{"@id":"https:\/\/www.humanium.org\/es\/que-como\/#breadcrumb"},"inLanguage":"es","potentialAction":[{"@type":"ReadAction","target":["https:\/\/www.humanium.org\/es\/que-como\/"]}]},{"@type":"ImageObject","inLanguage":"es","@id":"https:\/\/www.humanium.org\/es\/que-como\/#primaryimage","url":"https:\/\/www.humanium.org\/es\/wp-content\/uploads\/portail-fr\/16-UN-Photo-x1.jpg","contentUrl":"https:\/\/www.humanium.org\/es\/wp-content\/uploads\/portail-fr\/16-UN-Photo-x1.jpg"},{"@type":"BreadcrumbList","@id":"https:\/\/www.humanium.org\/es\/que-como\/#breadcrumb","itemListElement":[{"@type":"ListItem","position":1,"name":"Home","item":"https:\/\/www.humanium.org\/es\/"},{"@type":"ListItem","position":2,"name":"Comit\u00e9 de los Derechos del Ni\u00f1o &#8211; Qu\u00e9 es y c\u00f3mo funciona"}]},{"@type":"WebSite","@id":"https:\/\/www.humanium.org\/es\/#website","url":"https:\/\/www.humanium.org\/es\/","name":"Humanium","description":"\u00a1Los ni\u00f1os primero!","potentialAction":[{"@type":"SearchAction","target":{"@type":"EntryPoint","urlTemplate":"https:\/\/www.humanium.org\/es\/?s={search_term_string}"},"query-input":{"@type":"PropertyValueSpecification","valueRequired":true,"valueName":"search_term_string"}}],"inLanguage":"es"}]}},"_links":{"self":[{"href":"https:\/\/www.humanium.org\/es\/wp-json\/wp\/v2\/pages\/172","targetHints":{"allow":["GET"]}}],"collection":[{"href":"https:\/\/www.humanium.org\/es\/wp-json\/wp\/v2\/pages"}],"about":[{"href":"https:\/\/www.humanium.org\/es\/wp-json\/wp\/v2\/types\/page"}],"author":[{"embeddable":true,"href":"https:\/\/www.humanium.org\/es\/wp-json\/wp\/v2\/users\/1"}],"replies":[{"embeddable":true,"href":"https:\/\/www.humanium.org\/es\/wp-json\/wp\/v2\/comments?post=172"}],"version-history":[{"count":8,"href":"https:\/\/www.humanium.org\/es\/wp-json\/wp\/v2\/pages\/172\/revisions"}],"predecessor-version":[{"id":11649,"href":"https:\/\/www.humanium.org\/es\/wp-json\/wp\/v2\/pages\/172\/revisions\/11649"}],"wp:attachment":[{"href":"https:\/\/www.humanium.org\/es\/wp-json\/wp\/v2\/media?parent=172"}],"curies":[{"name":"wp","href":"https:\/\/api.w.org\/{rel}","templated":true}]}}