{"id":1741,"date":"2013-05-27T13:50:11","date_gmt":"2013-05-27T13:50:11","guid":{"rendered":"http:\/\/www.humanium.org\/es\/?page_id=1741"},"modified":"2025-12-05T17:43:23","modified_gmt":"2025-12-05T17:43:23","slug":"laos","status":"publish","type":"page","link":"https:\/\/www.humanium.org\/es\/laos\/","title":{"rendered":"Ni\u00f1os de Laos"},"content":{"rendered":"<h1>Ni\u00f1os de Laos<\/h1>\n<h2>Descubriendo los Derechos del Ni\u00f1o en Laos<\/h2>\n<p style=\"text-align: center;\"><img loading=\"lazy\" decoding=\"async\" class=\" wp-image-27256 alignnone\" title=\"Ni\u00f1a de Laos \u00a9 Elrentaplats (flickr)\" src=\"https:\/\/www.humanium.org\/fr\/wp-content\/uploads\/2011\/07\/fillette-elrentaplats-flickr1.jpg\" alt=\"\" width=\"153\" height=\"200\" \/> <img loading=\"lazy\" decoding=\"async\" class=\"alignnone wp-image-27262\" title=\"Ni\u00f1o de Laos \u00a9 Jolidbetter (flickr)\" src=\"https:\/\/www.humanium.org\/fr\/wp-content\/uploads\/2011\/07\/garcon-jolidbetter-flickr1.jpg\" alt=\"\" width=\"182\" height=\"200\" \/><\/p>\n<p>En los \u00faltimos a\u00f1os, Laos, situada en el coraz\u00f3n de Asia ha visto aumentada exponencialmente su poblaci\u00f3n. Este desarrollo sin embargo no ha logrado reducir el n\u00famero de ni\u00f1os viviendo en la pobreza.<\/p>\n<h3>Principales problemas que afectan a los ni\u00f1os en Laos:<\/h3>\n<p><strong>Pobreza<br \/>\n<\/strong><br \/>\n<img loading=\"lazy\" decoding=\"async\" class=\"size-full wp-image-11473 alignright\" title=\"La pobreza obliga a algunos ni\u00f1os a deambular por las calles todo el d\u00eda. \u00a9S Fornino (flickr)\" src=\"https:\/\/www.humanium.org\/fr\/wp-content\/uploads\/2011\/07\/pauvrete-s-fornino-flickr3.jpg\" alt=\"\" width=\"148\" height=\"223\" \/>M\u00e1s de la mitad de la poblaci\u00f3n laosiana vive bajo la l\u00ednea de la pobreza. Esta situaci\u00f3n implica serios riesgos para los derechos de los ni\u00f1os.<\/p>\n<p>Los derechos de los j\u00f3venes laosianos m\u00e1s pobres son frecuentemente violados. La discriminaci\u00f3n les impide beneficiarse de importantes derechos tales como el derecho a la salud y a la educaci\u00f3n.<\/p>\n<p><strong>Salud<br \/>\n<\/strong><br \/>\nLa tasa de mortalidad infantil en Laos es bastante alta con un 6% de los ni\u00f1os laosianos que mueren antes de cumplir los cinco a\u00f1os. Esta preocupante estad\u00edstica es resultado de la falta de higiene, suministros y equipos m\u00e9dicos as\u00ed como de personal capacitado.<\/p>\n<p>Estas deficiencias aumentan el riesgo de brote de epidemias. Hoy en Laos, la poblaci\u00f3n todav\u00eda enfrenta enfermedades como el polio e incluso t\u00e9tano, mientras las campa\u00f1as de vacunaci\u00f3n se han llevado a cabo incluso en los lugares m\u00e1s aislados con el fin de erradicar dichas enfermedades.<\/p>\n<p>Laos no tiene una alta tasa de incidencia del SIDA. Sin embargo, su ubicaci\u00f3n geogr\u00e1fica podr\u00eda generar un aumento en la tasa de contagio en el futuro. Asimismo, dado que el turismo sexual es un fen\u00f3meno com\u00fan en la regi\u00f3n, el SIDA tiene el potencial de expandirse r\u00e1pidamente.<\/p>\n<p><strong>Educaci\u00f3n<br \/>\n<\/strong><br \/>\nEn esta \u00e1rea, mayores esfuerzos se requieren para garantizar que todos y cada uno de los ni\u00f1os laosianos puedan asistir a la escuela, a diferencia de lo que ocurre actualmente. De hecho, un 20% de los ni\u00f1os no gozan del derecho a la educaci\u00f3n lo que contradice los acuerdos de la Convenci\u00f3n de los Derechos de los Ni\u00f1os.<\/p>\n<p>Asimismo, la mayor\u00eda de los ni\u00f1os viven en poblados aislados donde se hablan diversas lenguas \u00e9tnicas como el Akha mientras la lengua oficial utilizada en las escuelas es el Lao. Esta barrera ling\u00fc\u00edstica implica una forma de discriminaci\u00f3n hacia los ni\u00f1os ya que se les dificulta asistir a la escuela. Para solucionar este problema, el gobierno ha mejorado la calidad de la ense\u00f1anza en algunas escuelas mediante la inclusi\u00f3n de profesores biling\u00fces.<\/p>\n<p>La pobreza es otra raz\u00f3n que impide que los ni\u00f1os puedan ejercer su derecho a la educaci\u00f3n. Los precios de algunas escuelas pueden ser muy altos para ser pagados por una familia lo que puede impedir que los ni\u00f1os puedan educarse.<\/p>\n<p><strong>Abuso infantil<br \/>\n<\/strong><br \/>\n<img loading=\"lazy\" decoding=\"async\" class=\"alignright size-full wp-image-11494\" title=\"Los ni\u00f1os, las principales v\u00edctimas de la violencia, se encuentran viviendo solos en las calles. \u00a9Miguel Navaza (flickr)\" src=\"https:\/\/www.humanium.org\/fr\/wp-content\/uploads\/2011\/07\/violence-niguel-navaza-flickr.jpg\" alt=\"\" width=\"208\" height=\"173\" \/>Muchos ni\u00f1os en Laos son v\u00edctimas de abusos sexuales y psicol\u00f3gicos. Estos abusos se pueden dar en el c\u00edrculo \u00edntimo de los ni\u00f1os lo que tiene da\u00f1inas consecuencias para ellos. Un estudio reciente ha demostrado que cerca de la mitad de los ni\u00f1os que viven en la calles en Laos escaparon de sus hogares debido a que eran objeto de violencia familiar.<\/p>\n<p>El turismo sexual es otra forma de abuso que se observa com\u00fanmente en Laos. Muchos ni\u00f1os son comprados por proxenetas para desarrollar redes de prostituci\u00f3n.<\/p>\n<p>A menudo, estos ni\u00f1os se vuelven prisioneros en burdeles o son usados para pornograf\u00eda. Los ni\u00f1os viven en condiciones insalubres con escasez de agua y comida y con frecuencia son sometidos a malos tratos por parte de los proxenetas.<\/p>\n<p>El miedo a las represalias hace que, especialmente para las ni\u00f1as, sea muy dif\u00edcil escapar de esta situaci\u00f3n y por tanto muchos de ellos recurren a las drogas como medio de escape de la realidad.<\/p>\n<p>Por eso, el gobierno laosiano ha hecho un gran esfuerzo por proteger a los ni\u00f1os que son sometidos a tal violencia y abuso psicol\u00f3gico y f\u00edsico.<\/p>\n<p><strong>Trabajo infantil<br \/>\n<\/strong><br \/>\n<img loading=\"lazy\" decoding=\"async\" class=\"size-full wp-image-11464 alignright\" title=\"Un joven laosiano se ve obligado a pescar para poder alimentarse. \u00a9 Flydime (flickr)\" src=\"https:\/\/www.humanium.org\/fr\/wp-content\/uploads\/2011\/07\/travail-enfant-flydime-flickr.jpg\" alt=\"\" width=\"194\" height=\"189\" \/>El trabajo infantil es un problema que prevalece en Laos. Incluso en la actualidad se estima que un 10% de los ni\u00f1os laosianos trabaja.<\/p>\n<p>En lugar de asistir a la escuela, a estos ni\u00f1os se les exige trabajar para satisfacer las necesidades de sus familias. Ellos trabajan principalmente en las \u00e1reas de agricultura, pesca y manufactura.<\/p>\n<p>Debido a las deplorables condiciones de trabajo, estos ni\u00f1os son susceptibles de contraer enfermedades. Asimismo, y para evitar estas dif\u00edciles formas de trabajo f\u00edsico, muchos ni\u00f1os comienzan a trabajar en bares y desde ah\u00ed, derivan a la prostituci\u00f3n.<\/p>\n<p><strong>Ni\u00f1os hu\u00e9rfanos<br \/>\n<\/strong><br \/>\n<img loading=\"lazy\" decoding=\"async\" class=\"alignright size-full wp-image-11462\" title=\"Muchos ni\u00f1os laosianos son hu\u00e9rfanos del Sida. \u00a9 lorna87 (flickr)\" src=\"https:\/\/www.humanium.org\/fr\/wp-content\/uploads\/2011\/07\/orphelin-lorna87-flickr.jpg\" alt=\"\" width=\"139\" height=\"221\" \/>El SIDA y la pobreza afectan directamente a muchos ni\u00f1os en Laos y, al mismo tiempo, estos problemas han provocado un aumento en el n\u00famero de ni\u00f1os hu\u00e9rfanos.<\/p>\n<p>Existe un n\u00famero reducido de organizaciones dedicadas a los problemas enfrentados por los ni\u00f1os hu\u00e9rfanos. Abandonados y obligados a cuidar de ellos mismos, los ni\u00f1os hu\u00e9rfanos viven en condiciones insalubres y en extrema pobreza.<\/p>\n<p>Las condiciones de vida en las calles son terribles; cada d\u00eda es una lucha por la supervivencia y la b\u00fasqueda de agua y comida.<\/p>\n<p><strong>Derecho a identidad<br \/>\n<\/strong><br \/>\nCerca del 30% de los nacimientos no son oficialmente registrados por las autoridades laosianas. Esta situaci\u00f3n plantea dificultades para estos ni\u00f1os dado que no pueden disfrutar de sus derechos. As\u00ed, desde el d\u00eda de su nacimiento estos ni\u00f1os se vuelven invisibles para la sociedad.<\/p>\n","protected":false},"excerpt":{"rendered":"<p>Ni\u00f1os de Laos Descubriendo los Derechos del Ni\u00f1o en Laos En los \u00faltimos a\u00f1os, Laos, situada en el coraz\u00f3n de Asia ha visto aumentada exponencialmente su poblaci\u00f3n. Este desarrollo sin embargo no ha logrado reducir el n\u00famero de ni\u00f1os viviendo en la pobreza. Principales problemas que afectan a los ni\u00f1os en Laos: Pobreza M\u00e1s de [&hellip;]<\/p>\n","protected":false},"author":1,"featured_media":0,"parent":0,"menu_order":0,"comment_status":"closed","ping_status":"open","template":"","meta":{"footnotes":""},"class_list":["post-1741","page","type-page","status-publish","hentry"],"yoast_head":"<!-- This site is optimized with the Yoast SEO plugin v26.5 - https:\/\/yoast.com\/wordpress\/plugins\/seo\/ -->\n<title>Ni\u00f1os de Laos - Humanium<\/title>\n<meta name=\"description\" content=\"En los \u00faltimos a\u00f1os, Laos ha visto crecer su poblaci\u00f3n. Este desarrollo sin embargo no ha logrado reducir el n\u00famero de ni\u00f1os viviendo en la pobreza.\" \/>\n<meta name=\"robots\" content=\"index, follow, max-snippet:-1, max-image-preview:large, max-video-preview:-1\" \/>\n<link rel=\"canonical\" href=\"https:\/\/www.humanium.org\/es\/laos\/\" \/>\n<meta property=\"og:locale\" content=\"es_ES\" \/>\n<meta property=\"og:type\" content=\"article\" \/>\n<meta property=\"og:title\" content=\"Ni\u00f1os de Laos - Humanium\" \/>\n<meta property=\"og:description\" content=\"En los \u00faltimos a\u00f1os, Laos ha visto crecer su poblaci\u00f3n. Este desarrollo sin embargo no ha logrado reducir el n\u00famero de ni\u00f1os viviendo en la pobreza.\" \/>\n<meta property=\"og:url\" content=\"https:\/\/www.humanium.org\/es\/laos\/\" \/>\n<meta property=\"og:site_name\" content=\"Humanium\" \/>\n<meta property=\"article:modified_time\" content=\"2025-12-05T17:43:23+00:00\" \/>\n<meta name=\"twitter:card\" content=\"summary_large_image\" \/>\n<meta name=\"twitter:label1\" content=\"Tiempo de lectura\" \/>\n\t<meta name=\"twitter:data1\" content=\"6 minutos\" \/>\n<script type=\"application\/ld+json\" class=\"yoast-schema-graph\">{\"@context\":\"https:\/\/schema.org\",\"@graph\":[{\"@type\":\"WebPage\",\"@id\":\"https:\/\/www.humanium.org\/es\/laos\/\",\"url\":\"https:\/\/www.humanium.org\/es\/laos\/\",\"name\":\"Ni\u00f1os de Laos - Humanium\",\"isPartOf\":{\"@id\":\"https:\/\/www.humanium.org\/es\/#website\"},\"primaryImageOfPage\":{\"@id\":\"https:\/\/www.humanium.org\/es\/laos\/#primaryimage\"},\"image\":{\"@id\":\"https:\/\/www.humanium.org\/es\/laos\/#primaryimage\"},\"thumbnailUrl\":\"https:\/\/www.humanium.org\/fr\/wp-content\/uploads\/2011\/07\/fillette-elrentaplats-flickr1.jpg\",\"datePublished\":\"2013-05-27T13:50:11+00:00\",\"dateModified\":\"2025-12-05T17:43:23+00:00\",\"description\":\"En los \u00faltimos a\u00f1os, Laos ha visto crecer su poblaci\u00f3n. Este desarrollo sin embargo no ha logrado reducir el n\u00famero de ni\u00f1os viviendo en la pobreza.\",\"breadcrumb\":{\"@id\":\"https:\/\/www.humanium.org\/es\/laos\/#breadcrumb\"},\"inLanguage\":\"es\",\"potentialAction\":[{\"@type\":\"ReadAction\",\"target\":[\"https:\/\/www.humanium.org\/es\/laos\/\"]}]},{\"@type\":\"ImageObject\",\"inLanguage\":\"es\",\"@id\":\"https:\/\/www.humanium.org\/es\/laos\/#primaryimage\",\"url\":\"https:\/\/www.humanium.org\/fr\/wp-content\/uploads\/2011\/07\/fillette-elrentaplats-flickr1.jpg\",\"contentUrl\":\"https:\/\/www.humanium.org\/fr\/wp-content\/uploads\/2011\/07\/fillette-elrentaplats-flickr1.jpg\"},{\"@type\":\"BreadcrumbList\",\"@id\":\"https:\/\/www.humanium.org\/es\/laos\/#breadcrumb\",\"itemListElement\":[{\"@type\":\"ListItem\",\"position\":1,\"name\":\"Home\",\"item\":\"https:\/\/www.humanium.org\/es\/\"},{\"@type\":\"ListItem\",\"position\":2,\"name\":\"Ni\u00f1os de Laos\"}]},{\"@type\":\"WebSite\",\"@id\":\"https:\/\/www.humanium.org\/es\/#website\",\"url\":\"https:\/\/www.humanium.org\/es\/\",\"name\":\"Humanium\",\"description\":\"\u00a1Los ni\u00f1os primero!\",\"potentialAction\":[{\"@type\":\"SearchAction\",\"target\":{\"@type\":\"EntryPoint\",\"urlTemplate\":\"https:\/\/www.humanium.org\/es\/?s={search_term_string}\"},\"query-input\":{\"@type\":\"PropertyValueSpecification\",\"valueRequired\":true,\"valueName\":\"search_term_string\"}}],\"inLanguage\":\"es\"}]}<\/script>\n<!-- \/ Yoast SEO plugin. -->","yoast_head_json":{"title":"Ni\u00f1os de Laos - Humanium","description":"En los \u00faltimos a\u00f1os, Laos ha visto crecer su poblaci\u00f3n. Este desarrollo sin embargo no ha logrado reducir el n\u00famero de ni\u00f1os viviendo en la pobreza.","robots":{"index":"index","follow":"follow","max-snippet":"max-snippet:-1","max-image-preview":"max-image-preview:large","max-video-preview":"max-video-preview:-1"},"canonical":"https:\/\/www.humanium.org\/es\/laos\/","og_locale":"es_ES","og_type":"article","og_title":"Ni\u00f1os de Laos - Humanium","og_description":"En los \u00faltimos a\u00f1os, Laos ha visto crecer su poblaci\u00f3n. Este desarrollo sin embargo no ha logrado reducir el n\u00famero de ni\u00f1os viviendo en la pobreza.","og_url":"https:\/\/www.humanium.org\/es\/laos\/","og_site_name":"Humanium","article_modified_time":"2025-12-05T17:43:23+00:00","twitter_card":"summary_large_image","twitter_misc":{"Tiempo de lectura":"6 minutos"},"schema":{"@context":"https:\/\/schema.org","@graph":[{"@type":"WebPage","@id":"https:\/\/www.humanium.org\/es\/laos\/","url":"https:\/\/www.humanium.org\/es\/laos\/","name":"Ni\u00f1os de Laos - Humanium","isPartOf":{"@id":"https:\/\/www.humanium.org\/es\/#website"},"primaryImageOfPage":{"@id":"https:\/\/www.humanium.org\/es\/laos\/#primaryimage"},"image":{"@id":"https:\/\/www.humanium.org\/es\/laos\/#primaryimage"},"thumbnailUrl":"https:\/\/www.humanium.org\/fr\/wp-content\/uploads\/2011\/07\/fillette-elrentaplats-flickr1.jpg","datePublished":"2013-05-27T13:50:11+00:00","dateModified":"2025-12-05T17:43:23+00:00","description":"En los \u00faltimos a\u00f1os, Laos ha visto crecer su poblaci\u00f3n. Este desarrollo sin embargo no ha logrado reducir el n\u00famero de ni\u00f1os viviendo en la pobreza.","breadcrumb":{"@id":"https:\/\/www.humanium.org\/es\/laos\/#breadcrumb"},"inLanguage":"es","potentialAction":[{"@type":"ReadAction","target":["https:\/\/www.humanium.org\/es\/laos\/"]}]},{"@type":"ImageObject","inLanguage":"es","@id":"https:\/\/www.humanium.org\/es\/laos\/#primaryimage","url":"https:\/\/www.humanium.org\/fr\/wp-content\/uploads\/2011\/07\/fillette-elrentaplats-flickr1.jpg","contentUrl":"https:\/\/www.humanium.org\/fr\/wp-content\/uploads\/2011\/07\/fillette-elrentaplats-flickr1.jpg"},{"@type":"BreadcrumbList","@id":"https:\/\/www.humanium.org\/es\/laos\/#breadcrumb","itemListElement":[{"@type":"ListItem","position":1,"name":"Home","item":"https:\/\/www.humanium.org\/es\/"},{"@type":"ListItem","position":2,"name":"Ni\u00f1os de Laos"}]},{"@type":"WebSite","@id":"https:\/\/www.humanium.org\/es\/#website","url":"https:\/\/www.humanium.org\/es\/","name":"Humanium","description":"\u00a1Los ni\u00f1os primero!","potentialAction":[{"@type":"SearchAction","target":{"@type":"EntryPoint","urlTemplate":"https:\/\/www.humanium.org\/es\/?s={search_term_string}"},"query-input":{"@type":"PropertyValueSpecification","valueRequired":true,"valueName":"search_term_string"}}],"inLanguage":"es"}]}},"_links":{"self":[{"href":"https:\/\/www.humanium.org\/es\/wp-json\/wp\/v2\/pages\/1741","targetHints":{"allow":["GET"]}}],"collection":[{"href":"https:\/\/www.humanium.org\/es\/wp-json\/wp\/v2\/pages"}],"about":[{"href":"https:\/\/www.humanium.org\/es\/wp-json\/wp\/v2\/types\/page"}],"author":[{"embeddable":true,"href":"https:\/\/www.humanium.org\/es\/wp-json\/wp\/v2\/users\/1"}],"replies":[{"embeddable":true,"href":"https:\/\/www.humanium.org\/es\/wp-json\/wp\/v2\/comments?post=1741"}],"version-history":[{"count":3,"href":"https:\/\/www.humanium.org\/es\/wp-json\/wp\/v2\/pages\/1741\/revisions"}],"predecessor-version":[{"id":20411,"href":"https:\/\/www.humanium.org\/es\/wp-json\/wp\/v2\/pages\/1741\/revisions\/20411"}],"wp:attachment":[{"href":"https:\/\/www.humanium.org\/es\/wp-json\/wp\/v2\/media?parent=1741"}],"curies":[{"name":"wp","href":"https:\/\/api.w.org\/{rel}","templated":true}]}}