{"id":17463,"date":"2023-02-02T17:04:37","date_gmt":"2023-02-02T17:04:37","guid":{"rendered":"https:\/\/www.humanium.org\/es\/?page_id=17463"},"modified":"2024-01-06T16:25:45","modified_gmt":"2024-01-06T16:25:45","slug":"oportunidad-de-voluntariado-en-sensibilizacion-sobre-los-derechos-del-nino-y-asesoramiento-juridico","status":"publish","type":"page","link":"https:\/\/www.humanium.org\/es\/oportunidad-de-voluntariado-en-sensibilizacion-sobre-los-derechos-del-nino-y-asesoramiento-juridico\/","title":{"rendered":"Oportunidad de voluntariado &#8211; sensibilizaci\u00f3n sobre los derechos del ni\u00f1o y asesoramiento jur\u00eddico"},"content":{"rendered":"\n<h2 class=\"wp-block-heading\">Voluntariado a distancia, a trav\u00e9s de internet<\/h2>\n\n\n\n<h3 class=\"wp-block-heading\">Descripci\u00f3n<\/h3>\n\n\n\n<p>Humanium es una organizaci\u00f3n no gubernamental internacional fundada en Ginebra en 2008 con el objetivo de sensibilizar sobre los derechos de los ni\u00f1os ofreciendo asesoramiento jur\u00eddico mediante nuestras l\u00edneas de ayuda y trabajando con una red mundial de abogados. Humanium ha colaborado con las organizaciones Child Rights Connect y Alliance des Avocats (AADH). Adem\u00e1s, Humanium ha llevado a cabo con \u00e9xito proyectos en Ruanda e India y contin\u00faa apoyando a los colaboradores locales en ambos pa\u00edses.<\/p>\n\n\n\n<p>El equipo de la l\u00ednea de asesoramiento jur\u00eddico est\u00e1 formado por cuatro miembros. Las horas de colaboraci\u00f3n como voluntario son flexibles. Como norma general y de mutuo acuerdo se pide a los voluntarios que dediquen a la l\u00ednea de asesoramiento de 2 a 5 horas por semana. El motivo del n\u00famero de horas depende de la cantidad de casos que recibamos. En ocasiones podemos recibir muchos casos, pero generalmente durante el verano el n\u00famero de casos es bastante menor. Nuestra misi\u00f3n consiste en apoyar a las v\u00edctimas o testigos de infracciones de los derechos de los ni\u00f1os y ofrecerles informaci\u00f3n jur\u00eddica fiable.<\/p>\n\n\n\n<p>El puesto de voluntario es para colaborar a distancia. El equipo jur\u00eddico est\u00e1 formado por 5 \u00f3 6 miembros. Nuestra misi\u00f3n es ayudar a las v\u00edctimas de infracciones de los derechos de los ni\u00f1os y ofrecerles informaci\u00f3n general cuando sea necesario. La l\u00ednea de asesoramiento est\u00e1 organizada en 4 idiomas: ingl\u00e9s, franc\u00e9s, alem\u00e1n y espa\u00f1ol. Colaborando como voluntario en Humanium tendr\u00e1s tambi\u00e9n la posibilidad de expresar tus ideas sobre temas relacionados con los derechos de los ni\u00f1os escribiendo art\u00edculos o p\u00e1ginas web, lo que, a su vez, puede ayudarte a desarrollar tus habilidades de redacci\u00f3n e investigaci\u00f3n.<\/p>\n\n\n\n<h3 class=\"wp-block-heading\"><a><\/a>Principales funciones:<\/h3>\n\n\n\n<ul class=\"wp-block-list\">\n<li>Investigar de forma exhaustiva sobre temas sociales y jur\u00eddicos.<\/li>\n\n\n\n<li>Gestionar casos desde su inicio hasta su resoluci\u00f3n bajo una supervisi\u00f3n m\u00ednima.<\/li>\n\n\n\n<li>Ser la primera persona de contacto para las v\u00edctimas.<\/li>\n\n\n\n<li>Gestionar de forma profesional las relaciones con organismos externos.<\/li>\n\n\n\n<li>Colaborar con los compa\u00f1eros en la gesti\u00f3n de casos complejos.<\/li>\n<\/ul>\n\n\n\n<h3 class=\"wp-block-heading\">Condiciones:<\/h3>\n\n\n\n<ul class=\"wp-block-list\">\n<li>Imprescindible tener formaci\u00f3n en Derecho.<\/li>\n\n\n\n<li>Imprescindible hablar ingl\u00e9s y espa\u00f1ol. Deseable que se hable franc\u00e9s o alem\u00e1n.<\/li>\n\n\n\n<li>Imprescindible hablar ingl\u00e9s y alem\u00e1n. Deseable que se hable franc\u00e9s o espa\u00f1ol.<\/li>\n\n\n\n<li>Excelentes habilidades de organizaci\u00f3n y capacidad para gestionar una carga de trabajo en constante cambio.<\/li>\n\n\n\n<li>Capacidad para prestar atenci\u00f3n a los detalles y asegurarse de que toda la documentaci\u00f3n sea correcta.<\/li>\n\n\n\n<li>Orientaci\u00f3n al cliente.<\/li>\n\n\n\n<li>Capacidad de trabajo en equipo.<\/li>\n\n\n\n<li>Excelentes habilidades de comunicaci\u00f3n escrita.<\/li>\n\n\n\n<li>Respeto absoluto de la informaci\u00f3n confidencial.<\/li>\n\n\n\n<li>Gran inter\u00e9s por salvaguardar los derechos de los ni\u00f1os.<\/li>\n<\/ul>\n\n\n\n<hr class=\"wp-block-separator has-alpha-channel-opacity\"\/>\n\n\n\n<p><strong>Rogamos env\u00eden su CV junto con una breve carta de motivaci\u00f3n en ingl\u00e9s a igi.nederi@humanium.org<\/strong>.<\/p>\n","protected":false},"excerpt":{"rendered":"<p>Voluntariado a distancia, a trav\u00e9s de internet Descripci\u00f3n Humanium es una organizaci\u00f3n no gubernamental internacional fundada en Ginebra en 2008 con el objetivo de sensibilizar sobre los derechos de los ni\u00f1os ofreciendo asesoramiento jur\u00eddico mediante nuestras l\u00edneas de ayuda y trabajando con una red mundial de abogados. Humanium ha colaborado con las organizaciones Child Rights [&hellip;]<\/p>\n","protected":false},"author":21,"featured_media":0,"parent":0,"menu_order":0,"comment_status":"closed","ping_status":"closed","template":"","meta":{"footnotes":""},"class_list":["post-17463","page","type-page","status-publish","hentry"],"yoast_head":"<!-- This site is optimized with the Yoast SEO plugin v26.5 - https:\/\/yoast.com\/wordpress\/plugins\/seo\/ -->\n<title>Oportunidad de voluntariado - sensibilizaci\u00f3n sobre los derechos del ni\u00f1o y asesoramiento jur\u00eddico - Humanium<\/title>\n<meta name=\"description\" content=\"Nuestra misi\u00f3n es ayudar a las v\u00edctimas y testigos en materia de derechos del ni\u00f1o y proporcionarles informaci\u00f3n jur\u00eddica fiable.\" \/>\n<meta name=\"robots\" content=\"index, follow, max-snippet:-1, max-image-preview:large, max-video-preview:-1\" \/>\n<link rel=\"canonical\" href=\"https:\/\/www.humanium.org\/es\/oportunidad-de-voluntariado-en-sensibilizacion-sobre-los-derechos-del-nino-y-asesoramiento-juridico\/\" \/>\n<meta property=\"og:locale\" content=\"es_ES\" \/>\n<meta property=\"og:type\" content=\"article\" \/>\n<meta property=\"og:title\" content=\"Oportunidad de voluntariado - sensibilizaci\u00f3n sobre los derechos del ni\u00f1o y asesoramiento jur\u00eddico - Humanium\" \/>\n<meta property=\"og:description\" content=\"Nuestra misi\u00f3n es ayudar a las v\u00edctimas y testigos en materia de derechos del ni\u00f1o y proporcionarles informaci\u00f3n jur\u00eddica fiable.\" \/>\n<meta property=\"og:url\" content=\"https:\/\/www.humanium.org\/es\/oportunidad-de-voluntariado-en-sensibilizacion-sobre-los-derechos-del-nino-y-asesoramiento-juridico\/\" \/>\n<meta property=\"og:site_name\" content=\"Humanium\" \/>\n<meta property=\"article:modified_time\" content=\"2024-01-06T16:25:45+00:00\" \/>\n<meta name=\"twitter:card\" content=\"summary_large_image\" \/>\n<meta name=\"twitter:label1\" content=\"Tiempo de lectura\" \/>\n\t<meta name=\"twitter:data1\" content=\"3 minutos\" \/>\n<script type=\"application\/ld+json\" class=\"yoast-schema-graph\">{\"@context\":\"https:\/\/schema.org\",\"@graph\":[{\"@type\":\"WebPage\",\"@id\":\"https:\/\/www.humanium.org\/es\/oportunidad-de-voluntariado-en-sensibilizacion-sobre-los-derechos-del-nino-y-asesoramiento-juridico\/\",\"url\":\"https:\/\/www.humanium.org\/es\/oportunidad-de-voluntariado-en-sensibilizacion-sobre-los-derechos-del-nino-y-asesoramiento-juridico\/\",\"name\":\"Oportunidad de voluntariado - sensibilizaci\u00f3n sobre los derechos del ni\u00f1o y asesoramiento jur\u00eddico - Humanium\",\"isPartOf\":{\"@id\":\"https:\/\/www.humanium.org\/es\/#website\"},\"datePublished\":\"2023-02-02T17:04:37+00:00\",\"dateModified\":\"2024-01-06T16:25:45+00:00\",\"description\":\"Nuestra misi\u00f3n es ayudar a las v\u00edctimas y testigos en materia de derechos del ni\u00f1o y proporcionarles informaci\u00f3n jur\u00eddica fiable.\",\"breadcrumb\":{\"@id\":\"https:\/\/www.humanium.org\/es\/oportunidad-de-voluntariado-en-sensibilizacion-sobre-los-derechos-del-nino-y-asesoramiento-juridico\/#breadcrumb\"},\"inLanguage\":\"es\",\"potentialAction\":[{\"@type\":\"ReadAction\",\"target\":[\"https:\/\/www.humanium.org\/es\/oportunidad-de-voluntariado-en-sensibilizacion-sobre-los-derechos-del-nino-y-asesoramiento-juridico\/\"]}]},{\"@type\":\"BreadcrumbList\",\"@id\":\"https:\/\/www.humanium.org\/es\/oportunidad-de-voluntariado-en-sensibilizacion-sobre-los-derechos-del-nino-y-asesoramiento-juridico\/#breadcrumb\",\"itemListElement\":[{\"@type\":\"ListItem\",\"position\":1,\"name\":\"Home\",\"item\":\"https:\/\/www.humanium.org\/es\/\"},{\"@type\":\"ListItem\",\"position\":2,\"name\":\"Oportunidad de voluntariado &#8211; sensibilizaci\u00f3n sobre los derechos del ni\u00f1o y asesoramiento jur\u00eddico\"}]},{\"@type\":\"WebSite\",\"@id\":\"https:\/\/www.humanium.org\/es\/#website\",\"url\":\"https:\/\/www.humanium.org\/es\/\",\"name\":\"Humanium\",\"description\":\"\u00a1Los ni\u00f1os primero!\",\"potentialAction\":[{\"@type\":\"SearchAction\",\"target\":{\"@type\":\"EntryPoint\",\"urlTemplate\":\"https:\/\/www.humanium.org\/es\/?s={search_term_string}\"},\"query-input\":{\"@type\":\"PropertyValueSpecification\",\"valueRequired\":true,\"valueName\":\"search_term_string\"}}],\"inLanguage\":\"es\"}]}<\/script>\n<!-- \/ Yoast SEO plugin. -->","yoast_head_json":{"title":"Oportunidad de voluntariado - sensibilizaci\u00f3n sobre los derechos del ni\u00f1o y asesoramiento jur\u00eddico - Humanium","description":"Nuestra misi\u00f3n es ayudar a las v\u00edctimas y testigos en materia de derechos del ni\u00f1o y proporcionarles informaci\u00f3n jur\u00eddica fiable.","robots":{"index":"index","follow":"follow","max-snippet":"max-snippet:-1","max-image-preview":"max-image-preview:large","max-video-preview":"max-video-preview:-1"},"canonical":"https:\/\/www.humanium.org\/es\/oportunidad-de-voluntariado-en-sensibilizacion-sobre-los-derechos-del-nino-y-asesoramiento-juridico\/","og_locale":"es_ES","og_type":"article","og_title":"Oportunidad de voluntariado - sensibilizaci\u00f3n sobre los derechos del ni\u00f1o y asesoramiento jur\u00eddico - Humanium","og_description":"Nuestra misi\u00f3n es ayudar a las v\u00edctimas y testigos en materia de derechos del ni\u00f1o y proporcionarles informaci\u00f3n jur\u00eddica fiable.","og_url":"https:\/\/www.humanium.org\/es\/oportunidad-de-voluntariado-en-sensibilizacion-sobre-los-derechos-del-nino-y-asesoramiento-juridico\/","og_site_name":"Humanium","article_modified_time":"2024-01-06T16:25:45+00:00","twitter_card":"summary_large_image","twitter_misc":{"Tiempo de lectura":"3 minutos"},"schema":{"@context":"https:\/\/schema.org","@graph":[{"@type":"WebPage","@id":"https:\/\/www.humanium.org\/es\/oportunidad-de-voluntariado-en-sensibilizacion-sobre-los-derechos-del-nino-y-asesoramiento-juridico\/","url":"https:\/\/www.humanium.org\/es\/oportunidad-de-voluntariado-en-sensibilizacion-sobre-los-derechos-del-nino-y-asesoramiento-juridico\/","name":"Oportunidad de voluntariado - sensibilizaci\u00f3n sobre los derechos del ni\u00f1o y asesoramiento jur\u00eddico - Humanium","isPartOf":{"@id":"https:\/\/www.humanium.org\/es\/#website"},"datePublished":"2023-02-02T17:04:37+00:00","dateModified":"2024-01-06T16:25:45+00:00","description":"Nuestra misi\u00f3n es ayudar a las v\u00edctimas y testigos en materia de derechos del ni\u00f1o y proporcionarles informaci\u00f3n jur\u00eddica fiable.","breadcrumb":{"@id":"https:\/\/www.humanium.org\/es\/oportunidad-de-voluntariado-en-sensibilizacion-sobre-los-derechos-del-nino-y-asesoramiento-juridico\/#breadcrumb"},"inLanguage":"es","potentialAction":[{"@type":"ReadAction","target":["https:\/\/www.humanium.org\/es\/oportunidad-de-voluntariado-en-sensibilizacion-sobre-los-derechos-del-nino-y-asesoramiento-juridico\/"]}]},{"@type":"BreadcrumbList","@id":"https:\/\/www.humanium.org\/es\/oportunidad-de-voluntariado-en-sensibilizacion-sobre-los-derechos-del-nino-y-asesoramiento-juridico\/#breadcrumb","itemListElement":[{"@type":"ListItem","position":1,"name":"Home","item":"https:\/\/www.humanium.org\/es\/"},{"@type":"ListItem","position":2,"name":"Oportunidad de voluntariado &#8211; sensibilizaci\u00f3n sobre los derechos del ni\u00f1o y asesoramiento jur\u00eddico"}]},{"@type":"WebSite","@id":"https:\/\/www.humanium.org\/es\/#website","url":"https:\/\/www.humanium.org\/es\/","name":"Humanium","description":"\u00a1Los ni\u00f1os primero!","potentialAction":[{"@type":"SearchAction","target":{"@type":"EntryPoint","urlTemplate":"https:\/\/www.humanium.org\/es\/?s={search_term_string}"},"query-input":{"@type":"PropertyValueSpecification","valueRequired":true,"valueName":"search_term_string"}}],"inLanguage":"es"}]}},"_links":{"self":[{"href":"https:\/\/www.humanium.org\/es\/wp-json\/wp\/v2\/pages\/17463","targetHints":{"allow":["GET"]}}],"collection":[{"href":"https:\/\/www.humanium.org\/es\/wp-json\/wp\/v2\/pages"}],"about":[{"href":"https:\/\/www.humanium.org\/es\/wp-json\/wp\/v2\/types\/page"}],"author":[{"embeddable":true,"href":"https:\/\/www.humanium.org\/es\/wp-json\/wp\/v2\/users\/21"}],"replies":[{"embeddable":true,"href":"https:\/\/www.humanium.org\/es\/wp-json\/wp\/v2\/comments?post=17463"}],"version-history":[{"count":6,"href":"https:\/\/www.humanium.org\/es\/wp-json\/wp\/v2\/pages\/17463\/revisions"}],"predecessor-version":[{"id":18444,"href":"https:\/\/www.humanium.org\/es\/wp-json\/wp\/v2\/pages\/17463\/revisions\/18444"}],"wp:attachment":[{"href":"https:\/\/www.humanium.org\/es\/wp-json\/wp\/v2\/media?parent=17463"}],"curies":[{"name":"wp","href":"https:\/\/api.w.org\/{rel}","templated":true}]}}