{"id":1750,"date":"2013-05-27T14:09:11","date_gmt":"2013-05-27T14:09:11","guid":{"rendered":"http:\/\/www.humanium.org\/es\/?page_id=1750"},"modified":"2025-12-05T17:49:12","modified_gmt":"2025-12-05T17:49:12","slug":"tailandia","status":"publish","type":"page","link":"https:\/\/www.humanium.org\/es\/tailandia\/","title":{"rendered":"Ni\u00f1os de Tailandia"},"content":{"rendered":"<h1>Ni\u00f1os de Tailandia<\/h1>\n<h2>Descubriendo los Derechos del Ni\u00f1o en Tailandia<\/h2>\n<p style=\"text-align: center;\"><img loading=\"lazy\" decoding=\"async\" class=\" wp-image-27256 alignnone\" title=\"Ni\u00f1a de Tailandia \u00a9 Buena Vista Images(getty images)\" src=\"https:\/\/www.humanium.org\/fr\/wp-content\/uploads\/2011\/07\/fillette-buena-vista-images-getty-images.jpg\" alt=\"\" width=\"153\" height=\"200\" \/> <img loading=\"lazy\" decoding=\"async\" class=\"alignnone wp-image-27262\" title=\"Ni\u00f1o de Tailandia \u00a9 Troup (flickr)\" src=\"https:\/\/www.humanium.org\/fr\/wp-content\/uploads\/2011\/07\/garcon-troup-flickr1.jpg\" alt=\"\" width=\"171\" height=\"200\" \/><\/p>\n<p>Los derechos de los ni\u00f1os, en particular ciertos derechos fundamentales, no son respetados lo suficiente en Tailandia a pesar de que se han aprobado numerosos instrumentos legislativos.<\/p>\n<h3>Principales problemas que afectan a los ni\u00f1os en Tailandia:<\/h3>\n<p><strong>Pobreza<br \/>\n<\/strong><br \/>\nEn Tailandia los \u00edndices de pobreza son considerablemente m\u00e1s bajos ahora que en el pasado: s\u00f3lo un 10 % de la poblaci\u00f3n se encuentra por debajo del umbral de pobreza.<\/p>\n<p>A pesar de este bajo \u00edndice, hay muchas familias que sobreviven con s\u00f3lo lo m\u00ednimo. Esto significa que los ni\u00f1os no pueden disfrutar de todos sus derechos como, por ejemplo, el derecho a la educaci\u00f3n o a la salud.<\/p>\n<p><strong>SIDA<br \/>\n<\/strong><br \/>\n<img loading=\"lazy\" decoding=\"async\" class=\"alignright size-full wp-image-11538\" title=\"Muchos ni\u00f1os son portadores del VIH desde su nacimiento. \u00a9 Eliodoro (flickr)\" src=\"https:\/\/www.humanium.org\/fr\/wp-content\/uploads\/2011\/07\/sante-eliodoro-flickr.jpg\" alt=\"\" width=\"141\" height=\"204\" \/>La epidemia de sida que se propag\u00f3 durante la d\u00e9cada del 90 llev\u00f3 a una alta tasa de transmisi\u00f3n del virus de inmunodeficiencia humana (VIH) de madre a hijo. Es por esto que muchos ni\u00f1os son ahora v\u00edctimas del sida.<\/p>\n<p>Se han hecho grandes esfuerzos por proveer informaci\u00f3n a las madres afectadas de sida y han recibido atenci\u00f3n m\u00e9dica. El riesgo de transmisi\u00f3n del sida en el presente es de un 2 %.<\/p>\n<p>El acceso a la atenci\u00f3n m\u00e9dica y psicol\u00f3gica debe mejorar para que los ni\u00f1os afectados de sida puedan alcanzar una condici\u00f3n estable que les permita disfrutar de sus vidas. En el presente, hay alrededor de 20 000 ni\u00f1os con sida y s\u00f3lo 1000 de ellos tienen acceso a atenci\u00f3n m\u00e9dica y psicol\u00f3gica.<\/p>\n<p><strong>Discriminaci\u00f3n de ni\u00f1os con sida<br \/>\n<\/strong><br \/>\n<img loading=\"lazy\" decoding=\"async\" class=\"size-full wp-image-11536 alignright\" title=\"Los ni\u00f1os afectados de sida son v\u00edctimas de la discriminaci\u00f3n. \u00a9 E Mar (flickr)\" src=\"https:\/\/www.humanium.org\/fr\/wp-content\/uploads\/2011\/07\/discrimination-e-mar-no-retouch-flickr.jpg\" alt=\"\" width=\"139\" height=\"200\" \/>Algunos ni\u00f1os con sida son tratados con desd\u00e9n ya sea en la escuela o en el seno de sus familias. Se debilitan no solo f\u00edsicamente debido a su enfermedad sino tambi\u00e9n psicol\u00f3gicamente a causa de c\u00f3mo los perciben los dem\u00e1s.<\/p>\n<p>Sus familias y amigos los abandonan y les temen. Adem\u00e1s, cuando son diagnosticados con este virus, la gente a su alrededor los a\u00edsla. S\u00f3lo el apoyo psicol\u00f3gico de aquellos en quienes pueden confiar les dar\u00e1 la esperanza de vivir una vida m\u00e1s feliz y simple.<\/p>\n<p><strong>Educaci\u00f3n<br \/>\n<\/strong><br \/>\nSe han hecho notables esfuerzos en lo que respecta a la educaci\u00f3n y como resultado s\u00f3lo el 2 % de los ni\u00f1os no asisten a la escuela. Actualmente, la educaci\u00f3n primaria es gratuita y obligatoria.<\/p>\n<p>Aquellos ni\u00f1os que no asisten a la escuela viven, principalmente, demasiado lejos y no disponen de los medios para llegar a alguna en bus. Adem\u00e1s, los ni\u00f1os inmigrantes a menudo no pueden ni siquiera acceder a una educaci\u00f3n. A menudo tienen prohibido el acceso a una escuela p\u00fablica por lo que se ven obligados a acudir a una escuela privada.<\/p>\n<p>Esto significa que s\u00f3lo aquellos inmigrantes que poseen cierto nivel de ingresos pueden permitirse que sus hijos tengan acceso a la educaci\u00f3n.<\/p>\n<p><strong>Trabajo infantil<br \/>\n<\/strong><br \/>\n<img loading=\"lazy\" decoding=\"async\" class=\"alignright size-full wp-image-11539\" title=\"Todav\u00eda hay demasiados ni\u00f1os que trabajan en Tailandia. \u00a9 Alsndr (flickr)\" src=\"https:\/\/www.humanium.org\/fr\/wp-content\/uploads\/2011\/07\/travail-alsndr-flickr.jpg\" alt=\"\" width=\"150\" height=\"200\" \/>Los ni\u00f1os con familias pobres son las primeras v\u00edctimas en lo que respecta a este tema. Como todav\u00eda ocurre, estas familias prostituyen a sus hijos para poder sobrevivir.<\/p>\n<p>Estos ni\u00f1os vulnerables trabajan tanto en burdeles como en la calle en donde el turismo sexual abunda.<\/p>\n<p>Aunque la ley proh\u00edbe y castiga estas pr\u00e1cticas, todav\u00eda hay demasiados ni\u00f1os que se ven forzados a realizarlas.<\/p>\n<p>Tambi\u00e9n muchos ni\u00f1os inmigrantes se ven obligados a trabajar. Com\u00fanmente se los puede encontrar en las calles vendiendo todo lo que puedan encontrar. En la actualidad hay 20 000 ni\u00f1os viviendo en las calles de las principales ciudades de Tailandia.<\/p>\n<p><strong>Maltrato infantil<br \/>\n<\/strong><br \/>\nMuchos ni\u00f1os en Tailandia son v\u00edctimas de abuso f\u00edsico o sexual. Muchos de estos casos nunca se reportan ya que los ni\u00f1os temen represalias y a\u00fan no tienen acceso a infraestructuras capaces de ayudarlos a informar este tipo de violencia.<\/p>\n<p>Generalmente, estos ni\u00f1os son abusados en el seno de su propia familia o en la escuela.<\/p>\n<p>La mayor\u00eda de los casos de violencia sexual se dan en muchachas j\u00f3venes y esto impacta seriamente en sus vidas. Son vulnerables y no se atreven a hablar sobre el trauma causado por lo que han tenido que soportar. Adem\u00e1s, como consecuencia del abuso sexual, algunas de ellas quedan embarazadas, algo que altera radicalmente sus vidas.<\/p>\n<p>Algunas organizaciones ofrecen un programa de asistencia social que acoge y mantiene a estos ni\u00f1os. Sin embargo, Tailandia debe hacer mucho m\u00e1s para protegerlos.<\/p>\n<p><strong>Detenci\u00f3n de ni\u00f1os refugiados<br \/>\n<\/strong><br \/>\n<img loading=\"lazy\" decoding=\"async\" class=\"size-full wp-image-11541 alignright\" title=\"Muchos ni\u00f1os refugiados son detenidos en centros con condiciones de higiene insalubres \u00a9 Hanumann (flickr)\" src=\"https:\/\/www.humanium.org\/fr\/wp-content\/uploads\/2011\/07\/enfant-detenu-hanumann-flickr.jpg\" alt=\"\" width=\"197\" height=\"163\" \/>Tailandia limita con Laos, que funciona como un pa\u00eds de asilo para muchos ni\u00f1os de Lao Hmong. Estos ni\u00f1os escapan de la persecuci\u00f3n en su propio pa\u00eds con la esperanza de tener una mejor vida, algo que no sucede cuando llegan a Tailandia.<\/p>\n<p>Al llegar son detenidos por las autoridades en centros de detenci\u00f3n sucios con poca comida en donde a menudo sufren de deshidrataci\u00f3n.<\/p>\n<p>Un porcentaje importante de estos refugiados enferma debido a las dif\u00edciles condiciones de vida. Desafortunadamente, muy pocos doctores tienen acceso a estos centros. Por lo tanto, los ni\u00f1os son abandonados a su suerte y las condiciones de vida se deterioran d\u00eda tras d\u00eda.<\/p>\n<p>Es por ello que se debe encontrar una soluci\u00f3n para que los ni\u00f1os puedan volver a disfrutar de sus derechos, ya sea en Tailandia o en Laos.<\/p>\n<p><strong>Matrimonio infantil<br \/>\n<\/strong><br \/>\nEn la actualidad, los matrimonios concertados son una pr\u00e1ctica frecuente en Tailandia. Alrededor de un 20% de las mujeres entre 20 y 24 a\u00f1os de edad reportan haber contra\u00eddo matrimonio al cumplir los 18 a\u00f1os.<\/p>\n<p>En los matrimonios concertados, los padres obligan a las j\u00f3venes a contraer matrimonio con un hombre que no conocen ni aman.<\/p>\n<p>Generalmente, los padres eligen a un hombre de una familia adinerada ya que el sistema de la dote es todav\u00eda com\u00fan. En la boda, el futuro marido les entrega el dinero a los padres de la joven novia a cambio de su mano en matrimonio.<\/p>\n<p>El matrimonio precoz tiene graves repercusiones en la salud de las j\u00f3venes particularmente porque no est\u00e1n preparadas para el embarazo y el parto.<\/p>\n","protected":false},"excerpt":{"rendered":"<p>Ni\u00f1os de Tailandia Descubriendo los Derechos del Ni\u00f1o en Tailandia Los derechos de los ni\u00f1os, en particular ciertos derechos fundamentales, no son respetados lo suficiente en Tailandia a pesar de que se han aprobado numerosos instrumentos legislativos. Principales problemas que afectan a los ni\u00f1os en Tailandia: Pobreza En Tailandia los \u00edndices de pobreza son considerablemente [&hellip;]<\/p>\n","protected":false},"author":1,"featured_media":0,"parent":0,"menu_order":0,"comment_status":"closed","ping_status":"open","template":"","meta":{"footnotes":""},"class_list":["post-1750","page","type-page","status-publish","hentry"],"yoast_head":"<!-- This site is optimized with the Yoast SEO plugin v26.5 - https:\/\/yoast.com\/wordpress\/plugins\/seo\/ -->\n<title>Ni\u00f1os de Tailandia - Humanium<\/title>\n<meta name=\"description\" content=\"Los derechos de los ni\u00f1os, no son respetados lo suficiente en Tailandia a pesar de que se han aprobado numerosos instrumentos legislativos.\" \/>\n<meta name=\"robots\" content=\"index, follow, max-snippet:-1, max-image-preview:large, max-video-preview:-1\" \/>\n<link rel=\"canonical\" href=\"https:\/\/www.humanium.org\/es\/tailandia\/\" \/>\n<meta property=\"og:locale\" content=\"es_ES\" \/>\n<meta property=\"og:type\" content=\"article\" \/>\n<meta property=\"og:title\" content=\"Ni\u00f1os de Tailandia - Humanium\" \/>\n<meta property=\"og:description\" content=\"Los derechos de los ni\u00f1os, no son respetados lo suficiente en Tailandia a pesar de que se han aprobado numerosos instrumentos legislativos.\" \/>\n<meta property=\"og:url\" content=\"https:\/\/www.humanium.org\/es\/tailandia\/\" \/>\n<meta property=\"og:site_name\" content=\"Humanium\" \/>\n<meta property=\"article:modified_time\" content=\"2025-12-05T17:49:12+00:00\" \/>\n<meta name=\"twitter:card\" content=\"summary_large_image\" \/>\n<meta name=\"twitter:label1\" content=\"Tiempo de lectura\" \/>\n\t<meta name=\"twitter:data1\" content=\"7 minutos\" \/>\n<script type=\"application\/ld+json\" class=\"yoast-schema-graph\">{\"@context\":\"https:\/\/schema.org\",\"@graph\":[{\"@type\":\"WebPage\",\"@id\":\"https:\/\/www.humanium.org\/es\/tailandia\/\",\"url\":\"https:\/\/www.humanium.org\/es\/tailandia\/\",\"name\":\"Ni\u00f1os de Tailandia - Humanium\",\"isPartOf\":{\"@id\":\"https:\/\/www.humanium.org\/es\/#website\"},\"primaryImageOfPage\":{\"@id\":\"https:\/\/www.humanium.org\/es\/tailandia\/#primaryimage\"},\"image\":{\"@id\":\"https:\/\/www.humanium.org\/es\/tailandia\/#primaryimage\"},\"thumbnailUrl\":\"https:\/\/www.humanium.org\/fr\/wp-content\/uploads\/2011\/07\/fillette-buena-vista-images-getty-images.jpg\",\"datePublished\":\"2013-05-27T14:09:11+00:00\",\"dateModified\":\"2025-12-05T17:49:12+00:00\",\"description\":\"Los derechos de los ni\u00f1os, no son respetados lo suficiente en Tailandia a pesar de que se han aprobado numerosos instrumentos legislativos.\",\"breadcrumb\":{\"@id\":\"https:\/\/www.humanium.org\/es\/tailandia\/#breadcrumb\"},\"inLanguage\":\"es\",\"potentialAction\":[{\"@type\":\"ReadAction\",\"target\":[\"https:\/\/www.humanium.org\/es\/tailandia\/\"]}]},{\"@type\":\"ImageObject\",\"inLanguage\":\"es\",\"@id\":\"https:\/\/www.humanium.org\/es\/tailandia\/#primaryimage\",\"url\":\"https:\/\/www.humanium.org\/fr\/wp-content\/uploads\/2011\/07\/fillette-buena-vista-images-getty-images.jpg\",\"contentUrl\":\"https:\/\/www.humanium.org\/fr\/wp-content\/uploads\/2011\/07\/fillette-buena-vista-images-getty-images.jpg\"},{\"@type\":\"BreadcrumbList\",\"@id\":\"https:\/\/www.humanium.org\/es\/tailandia\/#breadcrumb\",\"itemListElement\":[{\"@type\":\"ListItem\",\"position\":1,\"name\":\"Home\",\"item\":\"https:\/\/www.humanium.org\/es\/\"},{\"@type\":\"ListItem\",\"position\":2,\"name\":\"Ni\u00f1os de Tailandia\"}]},{\"@type\":\"WebSite\",\"@id\":\"https:\/\/www.humanium.org\/es\/#website\",\"url\":\"https:\/\/www.humanium.org\/es\/\",\"name\":\"Humanium\",\"description\":\"\u00a1Los ni\u00f1os primero!\",\"potentialAction\":[{\"@type\":\"SearchAction\",\"target\":{\"@type\":\"EntryPoint\",\"urlTemplate\":\"https:\/\/www.humanium.org\/es\/?s={search_term_string}\"},\"query-input\":{\"@type\":\"PropertyValueSpecification\",\"valueRequired\":true,\"valueName\":\"search_term_string\"}}],\"inLanguage\":\"es\"}]}<\/script>\n<!-- \/ Yoast SEO plugin. -->","yoast_head_json":{"title":"Ni\u00f1os de Tailandia - Humanium","description":"Los derechos de los ni\u00f1os, no son respetados lo suficiente en Tailandia a pesar de que se han aprobado numerosos instrumentos legislativos.","robots":{"index":"index","follow":"follow","max-snippet":"max-snippet:-1","max-image-preview":"max-image-preview:large","max-video-preview":"max-video-preview:-1"},"canonical":"https:\/\/www.humanium.org\/es\/tailandia\/","og_locale":"es_ES","og_type":"article","og_title":"Ni\u00f1os de Tailandia - Humanium","og_description":"Los derechos de los ni\u00f1os, no son respetados lo suficiente en Tailandia a pesar de que se han aprobado numerosos instrumentos legislativos.","og_url":"https:\/\/www.humanium.org\/es\/tailandia\/","og_site_name":"Humanium","article_modified_time":"2025-12-05T17:49:12+00:00","twitter_card":"summary_large_image","twitter_misc":{"Tiempo de lectura":"7 minutos"},"schema":{"@context":"https:\/\/schema.org","@graph":[{"@type":"WebPage","@id":"https:\/\/www.humanium.org\/es\/tailandia\/","url":"https:\/\/www.humanium.org\/es\/tailandia\/","name":"Ni\u00f1os de Tailandia - Humanium","isPartOf":{"@id":"https:\/\/www.humanium.org\/es\/#website"},"primaryImageOfPage":{"@id":"https:\/\/www.humanium.org\/es\/tailandia\/#primaryimage"},"image":{"@id":"https:\/\/www.humanium.org\/es\/tailandia\/#primaryimage"},"thumbnailUrl":"https:\/\/www.humanium.org\/fr\/wp-content\/uploads\/2011\/07\/fillette-buena-vista-images-getty-images.jpg","datePublished":"2013-05-27T14:09:11+00:00","dateModified":"2025-12-05T17:49:12+00:00","description":"Los derechos de los ni\u00f1os, no son respetados lo suficiente en Tailandia a pesar de que se han aprobado numerosos instrumentos legislativos.","breadcrumb":{"@id":"https:\/\/www.humanium.org\/es\/tailandia\/#breadcrumb"},"inLanguage":"es","potentialAction":[{"@type":"ReadAction","target":["https:\/\/www.humanium.org\/es\/tailandia\/"]}]},{"@type":"ImageObject","inLanguage":"es","@id":"https:\/\/www.humanium.org\/es\/tailandia\/#primaryimage","url":"https:\/\/www.humanium.org\/fr\/wp-content\/uploads\/2011\/07\/fillette-buena-vista-images-getty-images.jpg","contentUrl":"https:\/\/www.humanium.org\/fr\/wp-content\/uploads\/2011\/07\/fillette-buena-vista-images-getty-images.jpg"},{"@type":"BreadcrumbList","@id":"https:\/\/www.humanium.org\/es\/tailandia\/#breadcrumb","itemListElement":[{"@type":"ListItem","position":1,"name":"Home","item":"https:\/\/www.humanium.org\/es\/"},{"@type":"ListItem","position":2,"name":"Ni\u00f1os de Tailandia"}]},{"@type":"WebSite","@id":"https:\/\/www.humanium.org\/es\/#website","url":"https:\/\/www.humanium.org\/es\/","name":"Humanium","description":"\u00a1Los ni\u00f1os primero!","potentialAction":[{"@type":"SearchAction","target":{"@type":"EntryPoint","urlTemplate":"https:\/\/www.humanium.org\/es\/?s={search_term_string}"},"query-input":{"@type":"PropertyValueSpecification","valueRequired":true,"valueName":"search_term_string"}}],"inLanguage":"es"}]}},"_links":{"self":[{"href":"https:\/\/www.humanium.org\/es\/wp-json\/wp\/v2\/pages\/1750","targetHints":{"allow":["GET"]}}],"collection":[{"href":"https:\/\/www.humanium.org\/es\/wp-json\/wp\/v2\/pages"}],"about":[{"href":"https:\/\/www.humanium.org\/es\/wp-json\/wp\/v2\/types\/page"}],"author":[{"embeddable":true,"href":"https:\/\/www.humanium.org\/es\/wp-json\/wp\/v2\/users\/1"}],"replies":[{"embeddable":true,"href":"https:\/\/www.humanium.org\/es\/wp-json\/wp\/v2\/comments?post=1750"}],"version-history":[{"count":4,"href":"https:\/\/www.humanium.org\/es\/wp-json\/wp\/v2\/pages\/1750\/revisions"}],"predecessor-version":[{"id":20441,"href":"https:\/\/www.humanium.org\/es\/wp-json\/wp\/v2\/pages\/1750\/revisions\/20441"}],"wp:attachment":[{"href":"https:\/\/www.humanium.org\/es\/wp-json\/wp\/v2\/media?parent=1750"}],"curies":[{"name":"wp","href":"https:\/\/api.w.org\/{rel}","templated":true}]}}