{"id":1758,"date":"2013-05-27T14:43:56","date_gmt":"2013-05-27T14:43:56","guid":{"rendered":"http:\/\/www.humanium.org\/es\/?page_id=1758"},"modified":"2025-12-05T18:01:46","modified_gmt":"2025-12-05T18:01:46","slug":"moldavia","status":"publish","type":"page","link":"https:\/\/www.humanium.org\/es\/moldavia\/","title":{"rendered":"Ni\u00f1os de Moldavia"},"content":{"rendered":"<h1>Ni\u00f1os de Moldavia<\/h1>\n<h2>Descubriendo los Derechos del Ni\u00f1o en Moldavia<\/h2>\n<p style=\"text-align: center;\"><img loading=\"lazy\" decoding=\"async\" class=\" wp-image-27256 alignnone\" title=\"Ni\u00f1a de Moldavia \u00a9 D. Proffer (Flickr\" src=\"https:\/\/www.humanium.org\/fr\/wp-content\/uploads\/2011\/09\/fillette-d-proffer-flickr.jpg\" alt=\"\" width=\"153\" height=\"200\" \/> <img loading=\"lazy\" decoding=\"async\" class=\"alignnone wp-image-27262\" title=\"Ni\u00f1o de Moldavia \u00a9 Mr Mihi (Flickr)\" src=\"https:\/\/www.humanium.org\/fr\/wp-content\/uploads\/2011\/09\/garcon-mr-mihi-flickr.jpg\" alt=\"\" width=\"131\" height=\"200\" \/><\/p>\n<p>Los ni\u00f1os de Moldavia (tambi\u00e9n conocida como la Rep\u00fablica de Moldavia) son v\u00edctimas de numerosas violaciones a sus derechos. Ellos son (especialmente los inmigrantes y aquellos que pertenecen a otras minor\u00edas) marginalizados y forzados a vivir bajo condiciones dif\u00edciles al margen de la sociedad.<\/p>\n<h3>Principales problemas que afectan a los ni\u00f1os en Moldavia:<\/h3>\n<p><strong>Pobreza<br \/>\n<\/strong><br \/>\nM\u00e1s de la cuarta parte de los habitantes de Moldavia vive por debajo de la l\u00ednea de pobreza; de los cuales casi un 30% son ni\u00f1os. Es obvio que su bienestar est\u00e1 siendo afectado por la realidad econ\u00f3mica en forma negativa, ya que no cuentan con los recursos suficientes para satisfacer muchas de sus necesidades, ni siquiera las m\u00e1s b\u00e1sicas.<\/p>\n<p><strong>Cuidado de la salud<br \/>\n<\/strong><br \/>\n<img loading=\"lazy\" decoding=\"async\" class=\"size-full wp-image-14092 alignright\" title=\"A pesar del progreso alcanzado, todav\u00eda quedan problemas por resolver respecto al cuidado de la salud moldava. \u00a9 Mr Mihi (Flickr)\" src=\"https:\/\/www.humanium.org\/fr\/wp-content\/uploads\/2011\/09\/sante-mr-mihi-flickr.jpg\" alt=\"\" width=\"153\" height=\"200\" \/>Durante las \u00faltimas d\u00e9cadas, Moldavia ha ido mejorando considerablemente sus servicios de cuidado de la salud. El impacto positivo se puede ver en los \u00edndices sobre cuidados de la salud, especialmente en los relativos a los ni\u00f1os m\u00e1s peque\u00f1os. Sin embargo, todav\u00eda hay problemas frecuentes que plantean obst\u00e1culos para el acceso completo a los cuidados de la salud.<\/p>\n<p>Los recursos financieros de esta naci\u00f3n sin litoral son todav\u00eda muy modestos. Por ejemplo, los fondos son insuficientes para poder proveer un cuidado adecuado para todos, especialmente para las familias m\u00e1s pobres. Los recursos m\u00e9dicos tampoco son suficientes y al personal m\u00e9dico le falta entrenamiento. Adicionalmente, la higiene y las normas sanitarias no siempre se ajustan a los est\u00e1ndares requeridos.<\/p>\n<p><strong>SIDA<br \/>\n<\/strong><br \/>\nEn Moldavia la tasa de infectados por el VIH est\u00e1 en aumento. El n\u00famero de ni\u00f1os VIH positivos es particularmente alto y la transmisi\u00f3n del virus est\u00e1 subiendo.<\/p>\n<p>Esta situaci\u00f3n puede ser reducida o detenida mediante efectivas campa\u00f1as de prevenci\u00f3n y concientizaci\u00f3n dirigidas a los ni\u00f1os y a la gente joven.<\/p>\n<p><strong>El derecho a la educaci\u00f3n<br \/>\n<\/strong><br \/>\n<img loading=\"lazy\" decoding=\"async\" class=\"size-full wp-image-14093 alignright\" title=\"Se necesitan muchas mejoras en la educaci\u00f3n moldava. \u00a9 United Nations Development Programme (Flickr)\" src=\"https:\/\/www.humanium.org\/fr\/wp-content\/uploads\/2011\/09\/ecole-united-nations-development-programme-flickr-notouch.jpg\" alt=\"\" width=\"285\" height=\"190\" \/>Casi uno de cada diez ni\u00f1os moldavos no va al colegio, este \u00edndice ha aumentado en los \u00faltimos a\u00f1os principalmente debido a que la asistencia escolar depende en gran medida de la situaci\u00f3n econ\u00f3mica de la familia.<\/p>\n<p>La mala calidad de los recursos y la infraestructura de los colegios tampoco contribuyen a mejorar las condiciones para el aprendizaje de los estudiantes. Es lamentable notar que la calidad de los maestros es, asimismo, pobre.<\/p>\n<p><strong>Trabajo infantil<br \/>\n<\/strong><br \/>\nMoldavia ha promulgado muchos decretos legislativos prohibiendo el trabajo infantil. Sin embargo, gran parte de los mismos es ineficaz y su pr\u00e1ctica a\u00fan contin\u00faa. M\u00e1s del 30% de los ni\u00f1os en Moldavia trabajan por una remuneraci\u00f3n.<\/p>\n<p>Desafortunadamente, algunos ni\u00f1os no tienen otra opci\u00f3n que la de trabajar en los peores tipos de empleo. De ah\u00ed que algunas veces se vuelven v\u00edctimas del tr\u00e1fico, ya sea a trav\u00e9s del trabajo forzado o de la explotaci\u00f3n sexual.<\/p>\n<p><strong>Ni\u00f1os de las minor\u00edas<br \/>\n<\/strong><br \/>\n<img loading=\"lazy\" decoding=\"async\" class=\"size-medium wp-image-14094 alignright\" title=\"En Moldavia, hay un alto nivel de discriminaci\u00f3n de ni\u00f1os pertenecientes a grupos minoritarios. \u00a9 Dasha Gaian (Flickr)\" src=\"https:\/\/www.humanium.org\/fr\/wp-content\/uploads\/2011\/09\/minorite-dasha-gaian-flickr-notouch-300x128.jpg\" alt=\"\" width=\"300\" height=\"128\" \/>Los ni\u00f1os de las minor\u00edas religiosas o \u00e9tnicas son con frecuencia v\u00edctimas de discriminaci\u00f3n. Los ni\u00f1os roman\u00edes (gitanos) son particularmente afectados y sufren la falta constante de acceso a los servicios p\u00fablicos, tales como la educaci\u00f3n, los cuidados de la salud y otros.<\/p>\n<p>Por ejemplo, la tasa de asistencia al colegio entre los ni\u00f1os roman\u00ed es m\u00e1s baja que la tasa promedio.<\/p>\n<p>S\u00f3lo la mitad de ellos asiste a la escuela secundaria de manera regular.<\/p>\n<p><strong>Los ni\u00f1os inmigrantes<br \/>\n<\/strong><br \/>\nEl terrible clima econ\u00f3mico de Moldavia conduce a algunos moldavos a huir del pa\u00eds. Incluso, algunas familias abandonan a sus hijos y los dejan para que se las arreglen por s\u00ed mismos.<\/p>\n<p>Naturalmente, muchos de estos ni\u00f1os tambi\u00e9n eligen irse del pa\u00eds. Ellos prefieren con frecuencia Ucrania o Rusia y van con el sue\u00f1o de una vida m\u00e1s f\u00e1cil y un futuro mejor. Lamentablemente, sus esperanzas y expectativas son usualmente destrozadas cuando llegan al nuevo pa\u00eds, carente de servicios que los acoja y que los cuide. Estos ni\u00f1os viven en las calles en peligro constante, se convierten en v\u00edctimas de los traficantes y son presa f\u00e1cil para ciertos adultos que no dudar\u00e1n en aprovecharse de ellos.<\/p>\n<p><strong>Matrimonio infantil<br \/>\n<\/strong><br \/>\n<img loading=\"lazy\" decoding=\"async\" class=\"alignright size-full wp-image-14095\" title=\"El matrimonio infantil es una pr\u00e1ctica com\u00fan en Moldavia. \u00a9 Laughing Tree (Flickr)\" src=\"https:\/\/www.humanium.org\/fr\/wp-content\/uploads\/2011\/09\/mariage-laughing-tree-flickr-notouch.jpg\" alt=\"\" width=\"135\" height=\"180\" \/>El 19% de las ni\u00f1as moldavas se casan antes de cumplir los 18 a\u00f1os. Esto puede afectar su bienestar en forma negativa, ya que puede ser que ellas no est\u00e9n al corriente de las consecuencias de su nuevo estado de casadas.<\/p>\n<p>Es m\u00e1s, las ni\u00f1as no siempre eligen a sus esposos, por lo tanto, son forzadas a tener relaciones sexuales no consentidas, las que pueden conducir a embarazos no deseados.<\/p>\n","protected":false},"excerpt":{"rendered":"<p>Ni\u00f1os de Moldavia Descubriendo los Derechos del Ni\u00f1o en Moldavia Los ni\u00f1os de Moldavia (tambi\u00e9n conocida como la Rep\u00fablica de Moldavia) son v\u00edctimas de numerosas violaciones a sus derechos. Ellos son (especialmente los inmigrantes y aquellos que pertenecen a otras minor\u00edas) marginalizados y forzados a vivir bajo condiciones dif\u00edciles al margen de la sociedad. Principales [&hellip;]<\/p>\n","protected":false},"author":1,"featured_media":0,"parent":0,"menu_order":0,"comment_status":"closed","ping_status":"open","template":"","meta":{"footnotes":""},"class_list":["post-1758","page","type-page","status-publish","hentry"],"yoast_head":"<!-- This site is optimized with the Yoast SEO plugin v26.5 - https:\/\/yoast.com\/wordpress\/plugins\/seo\/ -->\n<title>Ni\u00f1os de Moldavia - Humanium<\/title>\n<meta name=\"description\" content=\"Los ni\u00f1os de Moldavia, especialmente los inmigrantes y aquellos que pertenecen a otras minor\u00edas, son v\u00edctimas de numerosas violaciones a sus derechos.\" \/>\n<meta name=\"robots\" content=\"index, follow, max-snippet:-1, max-image-preview:large, max-video-preview:-1\" \/>\n<link rel=\"canonical\" href=\"https:\/\/www.humanium.org\/es\/moldavia\/\" \/>\n<meta property=\"og:locale\" content=\"es_ES\" \/>\n<meta property=\"og:type\" content=\"article\" \/>\n<meta property=\"og:title\" content=\"Ni\u00f1os de Moldavia - Humanium\" \/>\n<meta property=\"og:description\" content=\"Los ni\u00f1os de Moldavia, especialmente los inmigrantes y aquellos que pertenecen a otras minor\u00edas, son v\u00edctimas de numerosas violaciones a sus derechos.\" \/>\n<meta property=\"og:url\" content=\"https:\/\/www.humanium.org\/es\/moldavia\/\" \/>\n<meta property=\"og:site_name\" content=\"Humanium\" \/>\n<meta property=\"article:modified_time\" content=\"2025-12-05T18:01:46+00:00\" \/>\n<meta name=\"twitter:card\" content=\"summary_large_image\" \/>\n<meta name=\"twitter:label1\" content=\"Tiempo de lectura\" \/>\n\t<meta name=\"twitter:data1\" content=\"5 minutos\" \/>\n<script type=\"application\/ld+json\" class=\"yoast-schema-graph\">{\"@context\":\"https:\/\/schema.org\",\"@graph\":[{\"@type\":\"WebPage\",\"@id\":\"https:\/\/www.humanium.org\/es\/moldavia\/\",\"url\":\"https:\/\/www.humanium.org\/es\/moldavia\/\",\"name\":\"Ni\u00f1os de Moldavia - Humanium\",\"isPartOf\":{\"@id\":\"https:\/\/www.humanium.org\/es\/#website\"},\"primaryImageOfPage\":{\"@id\":\"https:\/\/www.humanium.org\/es\/moldavia\/#primaryimage\"},\"image\":{\"@id\":\"https:\/\/www.humanium.org\/es\/moldavia\/#primaryimage\"},\"thumbnailUrl\":\"https:\/\/www.humanium.org\/fr\/wp-content\/uploads\/2011\/09\/fillette-d-proffer-flickr.jpg\",\"datePublished\":\"2013-05-27T14:43:56+00:00\",\"dateModified\":\"2025-12-05T18:01:46+00:00\",\"description\":\"Los ni\u00f1os de Moldavia, especialmente los inmigrantes y aquellos que pertenecen a otras minor\u00edas, son v\u00edctimas de numerosas violaciones a sus derechos.\",\"breadcrumb\":{\"@id\":\"https:\/\/www.humanium.org\/es\/moldavia\/#breadcrumb\"},\"inLanguage\":\"es\",\"potentialAction\":[{\"@type\":\"ReadAction\",\"target\":[\"https:\/\/www.humanium.org\/es\/moldavia\/\"]}]},{\"@type\":\"ImageObject\",\"inLanguage\":\"es\",\"@id\":\"https:\/\/www.humanium.org\/es\/moldavia\/#primaryimage\",\"url\":\"https:\/\/www.humanium.org\/fr\/wp-content\/uploads\/2011\/09\/fillette-d-proffer-flickr.jpg\",\"contentUrl\":\"https:\/\/www.humanium.org\/fr\/wp-content\/uploads\/2011\/09\/fillette-d-proffer-flickr.jpg\"},{\"@type\":\"BreadcrumbList\",\"@id\":\"https:\/\/www.humanium.org\/es\/moldavia\/#breadcrumb\",\"itemListElement\":[{\"@type\":\"ListItem\",\"position\":1,\"name\":\"Home\",\"item\":\"https:\/\/www.humanium.org\/es\/\"},{\"@type\":\"ListItem\",\"position\":2,\"name\":\"Ni\u00f1os de Moldavia\"}]},{\"@type\":\"WebSite\",\"@id\":\"https:\/\/www.humanium.org\/es\/#website\",\"url\":\"https:\/\/www.humanium.org\/es\/\",\"name\":\"Humanium\",\"description\":\"\u00a1Los ni\u00f1os primero!\",\"potentialAction\":[{\"@type\":\"SearchAction\",\"target\":{\"@type\":\"EntryPoint\",\"urlTemplate\":\"https:\/\/www.humanium.org\/es\/?s={search_term_string}\"},\"query-input\":{\"@type\":\"PropertyValueSpecification\",\"valueRequired\":true,\"valueName\":\"search_term_string\"}}],\"inLanguage\":\"es\"}]}<\/script>\n<!-- \/ Yoast SEO plugin. -->","yoast_head_json":{"title":"Ni\u00f1os de Moldavia - Humanium","description":"Los ni\u00f1os de Moldavia, especialmente los inmigrantes y aquellos que pertenecen a otras minor\u00edas, son v\u00edctimas de numerosas violaciones a sus derechos.","robots":{"index":"index","follow":"follow","max-snippet":"max-snippet:-1","max-image-preview":"max-image-preview:large","max-video-preview":"max-video-preview:-1"},"canonical":"https:\/\/www.humanium.org\/es\/moldavia\/","og_locale":"es_ES","og_type":"article","og_title":"Ni\u00f1os de Moldavia - Humanium","og_description":"Los ni\u00f1os de Moldavia, especialmente los inmigrantes y aquellos que pertenecen a otras minor\u00edas, son v\u00edctimas de numerosas violaciones a sus derechos.","og_url":"https:\/\/www.humanium.org\/es\/moldavia\/","og_site_name":"Humanium","article_modified_time":"2025-12-05T18:01:46+00:00","twitter_card":"summary_large_image","twitter_misc":{"Tiempo de lectura":"5 minutos"},"schema":{"@context":"https:\/\/schema.org","@graph":[{"@type":"WebPage","@id":"https:\/\/www.humanium.org\/es\/moldavia\/","url":"https:\/\/www.humanium.org\/es\/moldavia\/","name":"Ni\u00f1os de Moldavia - Humanium","isPartOf":{"@id":"https:\/\/www.humanium.org\/es\/#website"},"primaryImageOfPage":{"@id":"https:\/\/www.humanium.org\/es\/moldavia\/#primaryimage"},"image":{"@id":"https:\/\/www.humanium.org\/es\/moldavia\/#primaryimage"},"thumbnailUrl":"https:\/\/www.humanium.org\/fr\/wp-content\/uploads\/2011\/09\/fillette-d-proffer-flickr.jpg","datePublished":"2013-05-27T14:43:56+00:00","dateModified":"2025-12-05T18:01:46+00:00","description":"Los ni\u00f1os de Moldavia, especialmente los inmigrantes y aquellos que pertenecen a otras minor\u00edas, son v\u00edctimas de numerosas violaciones a sus derechos.","breadcrumb":{"@id":"https:\/\/www.humanium.org\/es\/moldavia\/#breadcrumb"},"inLanguage":"es","potentialAction":[{"@type":"ReadAction","target":["https:\/\/www.humanium.org\/es\/moldavia\/"]}]},{"@type":"ImageObject","inLanguage":"es","@id":"https:\/\/www.humanium.org\/es\/moldavia\/#primaryimage","url":"https:\/\/www.humanium.org\/fr\/wp-content\/uploads\/2011\/09\/fillette-d-proffer-flickr.jpg","contentUrl":"https:\/\/www.humanium.org\/fr\/wp-content\/uploads\/2011\/09\/fillette-d-proffer-flickr.jpg"},{"@type":"BreadcrumbList","@id":"https:\/\/www.humanium.org\/es\/moldavia\/#breadcrumb","itemListElement":[{"@type":"ListItem","position":1,"name":"Home","item":"https:\/\/www.humanium.org\/es\/"},{"@type":"ListItem","position":2,"name":"Ni\u00f1os de Moldavia"}]},{"@type":"WebSite","@id":"https:\/\/www.humanium.org\/es\/#website","url":"https:\/\/www.humanium.org\/es\/","name":"Humanium","description":"\u00a1Los ni\u00f1os primero!","potentialAction":[{"@type":"SearchAction","target":{"@type":"EntryPoint","urlTemplate":"https:\/\/www.humanium.org\/es\/?s={search_term_string}"},"query-input":{"@type":"PropertyValueSpecification","valueRequired":true,"valueName":"search_term_string"}}],"inLanguage":"es"}]}},"_links":{"self":[{"href":"https:\/\/www.humanium.org\/es\/wp-json\/wp\/v2\/pages\/1758","targetHints":{"allow":["GET"]}}],"collection":[{"href":"https:\/\/www.humanium.org\/es\/wp-json\/wp\/v2\/pages"}],"about":[{"href":"https:\/\/www.humanium.org\/es\/wp-json\/wp\/v2\/types\/page"}],"author":[{"embeddable":true,"href":"https:\/\/www.humanium.org\/es\/wp-json\/wp\/v2\/users\/1"}],"replies":[{"embeddable":true,"href":"https:\/\/www.humanium.org\/es\/wp-json\/wp\/v2\/comments?post=1758"}],"version-history":[{"count":3,"href":"https:\/\/www.humanium.org\/es\/wp-json\/wp\/v2\/pages\/1758\/revisions"}],"predecessor-version":[{"id":20496,"href":"https:\/\/www.humanium.org\/es\/wp-json\/wp\/v2\/pages\/1758\/revisions\/20496"}],"wp:attachment":[{"href":"https:\/\/www.humanium.org\/es\/wp-json\/wp\/v2\/media?parent=1758"}],"curies":[{"name":"wp","href":"https:\/\/api.w.org\/{rel}","templated":true}]}}