{"id":177,"date":"2012-11-21T09:49:48","date_gmt":"2012-11-21T09:49:48","guid":{"rendered":"http:\/\/www.humanium.org\/es\/?page_id=177"},"modified":"2017-10-04T09:17:40","modified_gmt":"2017-10-04T09:17:40","slug":"aprobacion-convencion","status":"publish","type":"page","link":"https:\/\/www.humanium.org\/es\/aprobacion-convencion\/","title":{"rendered":"Aprobaci\u00f3n de la Convenci\u00f3n"},"content":{"rendered":"<h1>Convenci\u00f3n sobre los Derechos del Ni\u00f1o<\/h1>\n<h2>Aprobaci\u00f3n de la Convenci\u00f3n<\/h2>\n<p><strong>El 20 de noviembre de 1989, la Convenci\u00f3n sobre los Derechos del Ni\u00f1o fue aprobada por la Asamblea General de las Naciones Unidas, en representaci\u00f3n de la Comisi\u00f3n de Servicios Sociales y Voluntarios. La convenci\u00f3n se abri\u00f3 a la firma, ratificaci\u00f3n y aprobaci\u00f3n de los Estados Miembro.<br \/>\n<\/strong><\/p>\n<p>La convenci\u00f3n, conformada de 54 art\u00edculos, fue adoptada en Nueva York por aclamaci\u00f3n (sin necesidad de voto) y de forma un\u00e1nime por todos los Estados Miembro de las Naciones Unidas en la resoluci\u00f3n 44\/25.<\/p>\n<p><img loading=\"lazy\" decoding=\"async\" class=\"alignleft size-full wp-image-5552\" title=\"la Asamblea General de las Naciones Unidas aprob\u00f3 la Convenci\u00f3n sobre los Derechos del Ni\u00f1o el 20 de noviembre de 1989.\" src=\"https:\/\/www.humanium.org\/es\/wp-content\/uploads\/portail-fr\/AG-ONU-CIDE-20-11-1989.jpg\" alt=\"\" width=\"224\" height=\"125\" \/>El a\u00f1o de 1989 es simb\u00f3lico, ya que fue el 30\u00ba aniversario de la Declaraci\u00f3n de los Derechos del Ni\u00f1o y el 10\u00ba aniversario del D\u00eda Universal del Ni\u00f1o.<\/p>\n<p>La Convenci\u00f3n de 1989 va m\u00e1s all\u00e1 de la Declaraci\u00f3n de 1959, pues incluye nuevos derechos y reconoce a los ni\u00f1os como sujetos de derecho por primera vez.<\/p>\n<table>\n<tbody style=\"background: #f9f9f9;\">\n<tr>\n<td>\n<div style=\"float: left; width: 65%;\">Traducido por: Paola Muller<br \/>\nCorregido por: Sofia Edward<\/div>\n<\/td>\n<\/tr>\n<\/tbody>\n<\/table>\n<div id=\"toggle\"><a onclick=\"show_voir_aussi('voir_aussi_box')\" href=\"javascript:show_voir_aussi(id)\"><\/a><\/div>\n<div id=\"voir_aussi_box\" style=\"display: none;\">\n<ul>\n<li><a title=\"Derechos del Ni\u00f1o a trav\u00e9s de la Historia\" href=\"https:\/\/www.humanium.org\/es\/historia\/\">Los derechos del ni\u00f1o a trav\u00e9s de la historia<\/a><\/li>\n<li><a href=\"https:\/\/www.humanium.org\/es\/temas-convencion\/\">Temas de la Convenci\u00f3n sobre los Derechos del Ni\u00f1o<\/a><\/li>\n<li><a href=\"https:\/\/www.humanium.org\/es\/convencion-comienzos\/\">Comienzos de la Convenci\u00f3n sobre los Derechos del Ni\u00f1o<\/a><\/li>\n<li><a title=\"Estados signatarios y Partes de la Convenci\u00f3n\" href=\"https:\/\/www.humanium.org\/es\/signatarios-convencion\/\">Estados signatarios y Partes en la Convenci\u00f3n<\/a><\/li>\n<\/ul>\n<\/div>\n<ul>\n<\/ul>\n<div id=\"toggle\"><a onclick=\"show_plus_loin('plus_loin_box')\" href=\"javascript:show_plus_loin(id)\"><\/a><\/div>\n<div id=\"plus_loin_box\" style=\"display: none;\">\n<ul>\n<li><a href=\"https:\/\/www.unicef.org\/spanish\/why\/why_rights.html\" target=\"_blank\">UNICEF, La infancia tiene derechos<\/a><\/li>\n<li><a href=\"https:\/\/es.wikipedia.org\/wiki\/Derechos_del_ni%C3%B1o\" target=\"_blank\">Wikipedia, Derechos del Ni\u00f1o<\/a><\/li>\n<li><a href=\"https:\/\/es.wikipedia.org\/wiki\/Convenci%C3%B3n_sobre_los_Derechos_del_Ni%C3%B1o\" target=\"_blank\">Wikipedia, Convenci\u00f3n de los Derechos del Ni\u00f1o<\/a><\/li>\n<\/ul>\n<\/div>\n<ul>\n<\/ul>\n<div id=\"toggle\"><a onclick=\"show_sources('sources_box')\" href=\"javascript:show_sources(id)\"><\/a><\/div>\n<div id=\"sources_box\" style=\"display: none;\">\n<ul>\n<ul>\n<li><a href=\"https:\/\/www.unicef.org\/spanish\/rightsite\/sowc\/pdfs\/SOWC_SpecEd_CRC_MainReport_SP_100109.pdf\" target=\"_blank\">UNICEF, Estado Mundial de la Infancia 2010: Conmemoraci\u00f3n de los 20 a\u00f1os de la Convenci\u00f3n sobre los Derechos del Ni\u00f1o<\/a><\/li>\n<\/ul>\n<\/ul>\n<\/div>\n<ul>\n<\/ul>\n","protected":false},"excerpt":{"rendered":"<p>Convenci\u00f3n sobre los Derechos del Ni\u00f1o Aprobaci\u00f3n de la Convenci\u00f3n El 20 de noviembre de 1989, la Convenci\u00f3n sobre los Derechos del Ni\u00f1o fue aprobada por la Asamblea General de las Naciones Unidas, en representaci\u00f3n de la Comisi\u00f3n de Servicios Sociales y Voluntarios. La convenci\u00f3n se abri\u00f3 a la firma, ratificaci\u00f3n y aprobaci\u00f3n de los [&hellip;]<\/p>\n","protected":false},"author":1,"featured_media":0,"parent":0,"menu_order":0,"comment_status":"closed","ping_status":"closed","template":"","meta":{"footnotes":""},"class_list":["post-177","page","type-page","status-publish","hentry"],"yoast_head":"<!-- This site is optimized with the Yoast SEO plugin v26.5 - https:\/\/yoast.com\/wordpress\/plugins\/seo\/ -->\n<title>Aprobaci\u00f3n de la Convenci\u00f3n - Humanium<\/title>\n<meta name=\"robots\" content=\"index, follow, max-snippet:-1, max-image-preview:large, max-video-preview:-1\" \/>\n<link rel=\"canonical\" href=\"https:\/\/www.humanium.org\/es\/aprobacion-convencion\/\" \/>\n<meta property=\"og:locale\" content=\"es_ES\" \/>\n<meta property=\"og:type\" content=\"article\" \/>\n<meta property=\"og:title\" content=\"Aprobaci\u00f3n de la Convenci\u00f3n - Humanium\" \/>\n<meta property=\"og:description\" content=\"Convenci\u00f3n sobre los Derechos del Ni\u00f1o Aprobaci\u00f3n de la Convenci\u00f3n El 20 de noviembre de 1989, la Convenci\u00f3n sobre los Derechos del Ni\u00f1o fue aprobada por la Asamblea General de las Naciones Unidas, en representaci\u00f3n de la Comisi\u00f3n de Servicios Sociales y Voluntarios. La convenci\u00f3n se abri\u00f3 a la firma, ratificaci\u00f3n y aprobaci\u00f3n de los [&hellip;]\" \/>\n<meta property=\"og:url\" content=\"https:\/\/www.humanium.org\/es\/aprobacion-convencion\/\" \/>\n<meta property=\"og:site_name\" content=\"Humanium\" \/>\n<meta property=\"article:modified_time\" content=\"2017-10-04T09:17:40+00:00\" \/>\n<meta property=\"og:image\" content=\"https:\/\/www.humanium.org\/es\/wp-content\/uploads\/portail-fr\/AG-ONU-CIDE-20-11-1989.jpg\" \/>\n<meta name=\"twitter:card\" content=\"summary_large_image\" \/>\n<meta name=\"twitter:label1\" content=\"Tiempo de lectura\" \/>\n\t<meta name=\"twitter:data1\" content=\"1 minuto\" \/>\n<script type=\"application\/ld+json\" class=\"yoast-schema-graph\">{\"@context\":\"https:\/\/schema.org\",\"@graph\":[{\"@type\":\"WebPage\",\"@id\":\"https:\/\/www.humanium.org\/es\/aprobacion-convencion\/\",\"url\":\"https:\/\/www.humanium.org\/es\/aprobacion-convencion\/\",\"name\":\"Aprobaci\u00f3n de la Convenci\u00f3n - Humanium\",\"isPartOf\":{\"@id\":\"https:\/\/www.humanium.org\/es\/#website\"},\"primaryImageOfPage\":{\"@id\":\"https:\/\/www.humanium.org\/es\/aprobacion-convencion\/#primaryimage\"},\"image\":{\"@id\":\"https:\/\/www.humanium.org\/es\/aprobacion-convencion\/#primaryimage\"},\"thumbnailUrl\":\"https:\/\/www.humanium.org\/es\/wp-content\/uploads\/portail-fr\/AG-ONU-CIDE-20-11-1989.jpg\",\"datePublished\":\"2012-11-21T09:49:48+00:00\",\"dateModified\":\"2017-10-04T09:17:40+00:00\",\"breadcrumb\":{\"@id\":\"https:\/\/www.humanium.org\/es\/aprobacion-convencion\/#breadcrumb\"},\"inLanguage\":\"es\",\"potentialAction\":[{\"@type\":\"ReadAction\",\"target\":[\"https:\/\/www.humanium.org\/es\/aprobacion-convencion\/\"]}]},{\"@type\":\"ImageObject\",\"inLanguage\":\"es\",\"@id\":\"https:\/\/www.humanium.org\/es\/aprobacion-convencion\/#primaryimage\",\"url\":\"https:\/\/www.humanium.org\/es\/wp-content\/uploads\/portail-fr\/AG-ONU-CIDE-20-11-1989.jpg\",\"contentUrl\":\"https:\/\/www.humanium.org\/es\/wp-content\/uploads\/portail-fr\/AG-ONU-CIDE-20-11-1989.jpg\"},{\"@type\":\"BreadcrumbList\",\"@id\":\"https:\/\/www.humanium.org\/es\/aprobacion-convencion\/#breadcrumb\",\"itemListElement\":[{\"@type\":\"ListItem\",\"position\":1,\"name\":\"Home\",\"item\":\"https:\/\/www.humanium.org\/es\/\"},{\"@type\":\"ListItem\",\"position\":2,\"name\":\"Aprobaci\u00f3n de la Convenci\u00f3n\"}]},{\"@type\":\"WebSite\",\"@id\":\"https:\/\/www.humanium.org\/es\/#website\",\"url\":\"https:\/\/www.humanium.org\/es\/\",\"name\":\"Humanium\",\"description\":\"\u00a1Los ni\u00f1os primero!\",\"potentialAction\":[{\"@type\":\"SearchAction\",\"target\":{\"@type\":\"EntryPoint\",\"urlTemplate\":\"https:\/\/www.humanium.org\/es\/?s={search_term_string}\"},\"query-input\":{\"@type\":\"PropertyValueSpecification\",\"valueRequired\":true,\"valueName\":\"search_term_string\"}}],\"inLanguage\":\"es\"}]}<\/script>\n<!-- \/ Yoast SEO plugin. -->","yoast_head_json":{"title":"Aprobaci\u00f3n de la Convenci\u00f3n - Humanium","robots":{"index":"index","follow":"follow","max-snippet":"max-snippet:-1","max-image-preview":"max-image-preview:large","max-video-preview":"max-video-preview:-1"},"canonical":"https:\/\/www.humanium.org\/es\/aprobacion-convencion\/","og_locale":"es_ES","og_type":"article","og_title":"Aprobaci\u00f3n de la Convenci\u00f3n - Humanium","og_description":"Convenci\u00f3n sobre los Derechos del Ni\u00f1o Aprobaci\u00f3n de la Convenci\u00f3n El 20 de noviembre de 1989, la Convenci\u00f3n sobre los Derechos del Ni\u00f1o fue aprobada por la Asamblea General de las Naciones Unidas, en representaci\u00f3n de la Comisi\u00f3n de Servicios Sociales y Voluntarios. La convenci\u00f3n se abri\u00f3 a la firma, ratificaci\u00f3n y aprobaci\u00f3n de los [&hellip;]","og_url":"https:\/\/www.humanium.org\/es\/aprobacion-convencion\/","og_site_name":"Humanium","article_modified_time":"2017-10-04T09:17:40+00:00","og_image":[{"url":"https:\/\/www.humanium.org\/es\/wp-content\/uploads\/portail-fr\/AG-ONU-CIDE-20-11-1989.jpg","type":"","width":"","height":""}],"twitter_card":"summary_large_image","twitter_misc":{"Tiempo de lectura":"1 minuto"},"schema":{"@context":"https:\/\/schema.org","@graph":[{"@type":"WebPage","@id":"https:\/\/www.humanium.org\/es\/aprobacion-convencion\/","url":"https:\/\/www.humanium.org\/es\/aprobacion-convencion\/","name":"Aprobaci\u00f3n de la Convenci\u00f3n - Humanium","isPartOf":{"@id":"https:\/\/www.humanium.org\/es\/#website"},"primaryImageOfPage":{"@id":"https:\/\/www.humanium.org\/es\/aprobacion-convencion\/#primaryimage"},"image":{"@id":"https:\/\/www.humanium.org\/es\/aprobacion-convencion\/#primaryimage"},"thumbnailUrl":"https:\/\/www.humanium.org\/es\/wp-content\/uploads\/portail-fr\/AG-ONU-CIDE-20-11-1989.jpg","datePublished":"2012-11-21T09:49:48+00:00","dateModified":"2017-10-04T09:17:40+00:00","breadcrumb":{"@id":"https:\/\/www.humanium.org\/es\/aprobacion-convencion\/#breadcrumb"},"inLanguage":"es","potentialAction":[{"@type":"ReadAction","target":["https:\/\/www.humanium.org\/es\/aprobacion-convencion\/"]}]},{"@type":"ImageObject","inLanguage":"es","@id":"https:\/\/www.humanium.org\/es\/aprobacion-convencion\/#primaryimage","url":"https:\/\/www.humanium.org\/es\/wp-content\/uploads\/portail-fr\/AG-ONU-CIDE-20-11-1989.jpg","contentUrl":"https:\/\/www.humanium.org\/es\/wp-content\/uploads\/portail-fr\/AG-ONU-CIDE-20-11-1989.jpg"},{"@type":"BreadcrumbList","@id":"https:\/\/www.humanium.org\/es\/aprobacion-convencion\/#breadcrumb","itemListElement":[{"@type":"ListItem","position":1,"name":"Home","item":"https:\/\/www.humanium.org\/es\/"},{"@type":"ListItem","position":2,"name":"Aprobaci\u00f3n de la Convenci\u00f3n"}]},{"@type":"WebSite","@id":"https:\/\/www.humanium.org\/es\/#website","url":"https:\/\/www.humanium.org\/es\/","name":"Humanium","description":"\u00a1Los ni\u00f1os primero!","potentialAction":[{"@type":"SearchAction","target":{"@type":"EntryPoint","urlTemplate":"https:\/\/www.humanium.org\/es\/?s={search_term_string}"},"query-input":{"@type":"PropertyValueSpecification","valueRequired":true,"valueName":"search_term_string"}}],"inLanguage":"es"}]}},"_links":{"self":[{"href":"https:\/\/www.humanium.org\/es\/wp-json\/wp\/v2\/pages\/177","targetHints":{"allow":["GET"]}}],"collection":[{"href":"https:\/\/www.humanium.org\/es\/wp-json\/wp\/v2\/pages"}],"about":[{"href":"https:\/\/www.humanium.org\/es\/wp-json\/wp\/v2\/types\/page"}],"author":[{"embeddable":true,"href":"https:\/\/www.humanium.org\/es\/wp-json\/wp\/v2\/users\/1"}],"replies":[{"embeddable":true,"href":"https:\/\/www.humanium.org\/es\/wp-json\/wp\/v2\/comments?post=177"}],"version-history":[{"count":11,"href":"https:\/\/www.humanium.org\/es\/wp-json\/wp\/v2\/pages\/177\/revisions"}],"predecessor-version":[{"id":11631,"href":"https:\/\/www.humanium.org\/es\/wp-json\/wp\/v2\/pages\/177\/revisions\/11631"}],"wp:attachment":[{"href":"https:\/\/www.humanium.org\/es\/wp-json\/wp\/v2\/media?parent=177"}],"curies":[{"name":"wp","href":"https:\/\/api.w.org\/{rel}","templated":true}]}}