{"id":1770,"date":"2013-05-28T12:03:40","date_gmt":"2013-05-28T12:03:40","guid":{"rendered":"http:\/\/www.humanium.org\/es\/?page_id=1770"},"modified":"2025-12-05T17:43:06","modified_gmt":"2025-12-05T17:43:06","slug":"maldivas","status":"publish","type":"page","link":"https:\/\/www.humanium.org\/es\/maldivas\/","title":{"rendered":"Ni\u00f1os de las Maldivas"},"content":{"rendered":"<h1>Ni\u00f1os de las Maldivas<\/h1>\n<h2>Descubriendo los Derechos del Ni\u00f1o en las Maldivas<\/h2>\n<p style=\"text-align: center;\"><img loading=\"lazy\" decoding=\"async\" class=\" wp-image-27256 alignnone\" title=\"Ni\u00f1a de las Maldivas \u00a9 Easa Shamih (flickr)\" src=\"https:\/\/www.humanium.org\/fr\/wp-content\/uploads\/2011\/07\/fillette-maldivienne-easashamih-flickr.jpg\" alt=\"\" width=\"153\" height=\"200\" \/> <img loading=\"lazy\" decoding=\"async\" class=\"alignnone wp-image-27262\" title=\"Ni\u00f1o de las Maldivas \u00a9 Ibrahime Asads Photography (flickr)\" src=\"https:\/\/www.humanium.org\/fr\/wp-content\/uploads\/2011\/07\/garcon-ibrahime-asads-photography-flickr.jpg\" alt=\"\" width=\"165\" height=\"200\" \/><\/p>\n<p>El archipi\u00e9lago de Las Maldivas, una laguna azul y paradis\u00edaca, se asocia a menudo con los placeres de los complejos vacacionales junto al mar. Sin embargo, la vida diaria de la gente contrasta radicalmente con la de los turistas. Esta paradoja desconcertante requiere una atenci\u00f3n particular, especialmente en el \u00e1rea de los Derechos del Ni\u00f1o. Hace cinco a\u00f1os, el gobierno emprendi\u00f3 medidas tras las secuelas de una cat\u00e1strofe natural provocada por un tsunami. De todas formas, la situaci\u00f3n sigue siendo preocupante.<\/p>\n<h3>Principales problemas que afectan a los ni\u00f1os en las Maldivas:<\/h3>\n<p><strong>Pobreza<br \/>\n<\/strong><br \/>\n<img loading=\"lazy\" decoding=\"async\" class=\"size-full wp-image-11834 alignright\" title=\"La pobreza tiene un efecto negativo en la vida de los ni\u00f1os. \u00a9 Travellingpooh (flickr)\" src=\"https:\/\/www.humanium.org\/fr\/wp-content\/uploads\/2011\/07\/pauvrete-travellingpooh-flickr-no-retouch.jpg\" alt=\"\" width=\"200\" height=\"133\" \/>En las Maldivas, alrededor de un 15% de la poblaci\u00f3n vive por debajo de la l\u00ednea de pobreza. Esta minor\u00eda tiene que subsistir con muy poco dinero, por lo que a menudo es dif\u00edcil para ellos cubrir las necesidades b\u00e1sicas de su familia.<\/p>\n<p>Los ni\u00f1os que provienen de familias pobres son frecuentemente discriminados y han visto algunos de sus derechos vulnerados (especialmente su derecho a la educaci\u00f3n y a la salud).<\/p>\n<p><strong>Salud<br \/>\n<\/strong><br \/>\nEl consumo de drogas entre los ni\u00f1os maldivos ha aumentado considerablemente. Hoy en d\u00eda la adicci\u00f3n a las drogas afecta a casi todas las familias.<\/p>\n<p>Este problema ha generado graves consecuencias en la salud de los ni\u00f1os. El virus del VIH, transmitido durante el embarazo o por la reutilizaci\u00f3n de agujas, es uno de los riesgos m\u00e1s significativos relacionados con el consumo de drogas.<\/p>\n<p>En las Maldivas, los consumidores de drogas se arriesgan a una pena de 25 a\u00f1os de prisi\u00f3n. La sanci\u00f3n penal es una respuesta de emergencia frente a este flagelo, pero no es una soluci\u00f3n efectiva en cuanto a apoyo f\u00edsico y psicol\u00f3gico se refiere. Se han abierto numerosos centros de desintoxicaci\u00f3n para permitir a los j\u00f3venes abandonar el consumo de drogas, lo que supone un hilo de esperanza para este grupo de la poblaci\u00f3n.<\/p>\n<p>Adem\u00e1s, es com\u00fan que ni\u00f1os maldivos reci\u00e9n nacidos sufran de desnutrici\u00f3n, un problema que afecta al 22% de ellos.<\/p>\n<p>Es necesario mejorar los servicios m\u00e9dicos y el personal sanitario para permitir que un mayor n\u00famero de ni\u00f1os gocen de una buena salud. Adem\u00e1s, la falta de productos frescos (frutas y verduras) provoca deficiencias que son responsables de lentificar el crecimiento de los j\u00f3venes maldivos.<\/p>\n<p>Otro problema de salud que afecta a los maldivos es la talasemia, una extra\u00f1a enfermedad sangu\u00ednea. Uno de cada cinco habitantes es portador de este gen que provoca serios problemas. De hecho, los ni\u00f1os afectados deben recibir de una a dos transfusiones de sangre al mes.<\/p>\n<p><strong>Educaci\u00f3n<\/strong><\/p>\n<p><img loading=\"lazy\" decoding=\"async\" class=\"alignright size-full wp-image-11893\" title=\"Las mujeres j\u00f3venes son v\u00edctimas de discriminaci\u00f3n en las escuelas. \u00a9 Philguinto (flickr)\" src=\"https:\/\/www.humanium.org\/fr\/wp-content\/uploads\/2011\/07\/education-philguinto-flickr2.jpg\" alt=\"\" width=\"161\" height=\"150\" \/><\/p>\n<p>La educaci\u00f3n no es obligatoria, pero es gratuita para todos aquellos que tienen el privilegio de recibirla.<\/p>\n<p>Se puede observar que las ni\u00f1as son discriminadas. Despu\u00e9s del s\u00e9ptimo a\u00f1o, los ni\u00f1os deben dejar las Maldivas para continuar sus estudios. Es en este momento en que algunos padres proh\u00edben a sus hijas continuar su escolarizaci\u00f3n.<\/p>\n<p>El gobierno pretende solucionar este problema garantizando el acceso igualitario a la escuela a ni\u00f1os y ni\u00f1as.<\/p>\n<p><strong>Violencia<br \/>\n<\/strong><br \/>\nNumerosos ni\u00f1os en las Maldivas son v\u00edctimas de malos tratos o de violencia directa, ya sea f\u00edsica o sexual, tanto en casa como en la escuela. Como resultado, los ni\u00f1os sufren traumas f\u00edsicos y emocionales que son dif\u00edciles de superar.<\/p>\n<p>Para combatir este problema, el gobierno ha aplicado una nueva legislaci\u00f3n que condena a los individuos culpables de infracciones sexuales a 25 a\u00f1os de prisi\u00f3n. Desgraciadamente, esta legislaci\u00f3n es insuficiente porque muchos violadores han quedado en libertad y, por tanto, pueden volver a la comunidad donde viven las v\u00edctimas.<\/p>\n<p><strong>Derecho a la identidad<br \/>\n<\/strong><br \/>\nAproximadamente un 30% de los nacimientos que tienen lugar en las Maldivas no son oficialmente registrados por las autoridades. Esta situaci\u00f3n conlleva grandes dificultades para aquellos ni\u00f1os que, inexistentes a los ojos de la sociedad, no podr\u00e1n disfrutar de sus derechos.<\/p>\n","protected":false},"excerpt":{"rendered":"<p>Ni\u00f1os de las Maldivas Descubriendo los Derechos del Ni\u00f1o en las Maldivas El archipi\u00e9lago de Las Maldivas, una laguna azul y paradis\u00edaca, se asocia a menudo con los placeres de los complejos vacacionales junto al mar. Sin embargo, la vida diaria de la gente contrasta radicalmente con la de los turistas. Esta paradoja desconcertante requiere [&hellip;]<\/p>\n","protected":false},"author":1,"featured_media":0,"parent":0,"menu_order":0,"comment_status":"closed","ping_status":"open","template":"","meta":{"footnotes":""},"class_list":["post-1770","page","type-page","status-publish","hentry"],"yoast_head":"<!-- This site is optimized with the Yoast SEO plugin v26.5 - https:\/\/yoast.com\/wordpress\/plugins\/seo\/ -->\n<title>Ni\u00f1os de las Maldivas - Humanium<\/title>\n<meta name=\"description\" content=\"En Las Maldivas, el gobierno ha emprendido medidas en el area de los derechos del ni\u00f1o. De todas formas, la situaci\u00f3n sigue siendo preocupante.\" \/>\n<meta name=\"robots\" content=\"index, follow, max-snippet:-1, max-image-preview:large, max-video-preview:-1\" \/>\n<link rel=\"canonical\" href=\"https:\/\/www.humanium.org\/es\/maldivas\/\" \/>\n<meta property=\"og:locale\" content=\"es_ES\" \/>\n<meta property=\"og:type\" content=\"article\" \/>\n<meta property=\"og:title\" content=\"Ni\u00f1os de las Maldivas - Humanium\" \/>\n<meta property=\"og:description\" content=\"En Las Maldivas, el gobierno ha emprendido medidas en el area de los derechos del ni\u00f1o. De todas formas, la situaci\u00f3n sigue siendo preocupante.\" \/>\n<meta property=\"og:url\" content=\"https:\/\/www.humanium.org\/es\/maldivas\/\" \/>\n<meta property=\"og:site_name\" content=\"Humanium\" \/>\n<meta property=\"article:modified_time\" content=\"2025-12-05T17:43:06+00:00\" \/>\n<meta name=\"twitter:card\" content=\"summary_large_image\" \/>\n<meta name=\"twitter:label1\" content=\"Tiempo de lectura\" \/>\n\t<meta name=\"twitter:data1\" content=\"4 minutos\" \/>\n<script type=\"application\/ld+json\" class=\"yoast-schema-graph\">{\"@context\":\"https:\/\/schema.org\",\"@graph\":[{\"@type\":\"WebPage\",\"@id\":\"https:\/\/www.humanium.org\/es\/maldivas\/\",\"url\":\"https:\/\/www.humanium.org\/es\/maldivas\/\",\"name\":\"Ni\u00f1os de las Maldivas - Humanium\",\"isPartOf\":{\"@id\":\"https:\/\/www.humanium.org\/es\/#website\"},\"primaryImageOfPage\":{\"@id\":\"https:\/\/www.humanium.org\/es\/maldivas\/#primaryimage\"},\"image\":{\"@id\":\"https:\/\/www.humanium.org\/es\/maldivas\/#primaryimage\"},\"thumbnailUrl\":\"https:\/\/www.humanium.org\/fr\/wp-content\/uploads\/2011\/07\/fillette-maldivienne-easashamih-flickr.jpg\",\"datePublished\":\"2013-05-28T12:03:40+00:00\",\"dateModified\":\"2025-12-05T17:43:06+00:00\",\"description\":\"En Las Maldivas, el gobierno ha emprendido medidas en el area de los derechos del ni\u00f1o. De todas formas, la situaci\u00f3n sigue siendo preocupante.\",\"breadcrumb\":{\"@id\":\"https:\/\/www.humanium.org\/es\/maldivas\/#breadcrumb\"},\"inLanguage\":\"es\",\"potentialAction\":[{\"@type\":\"ReadAction\",\"target\":[\"https:\/\/www.humanium.org\/es\/maldivas\/\"]}]},{\"@type\":\"ImageObject\",\"inLanguage\":\"es\",\"@id\":\"https:\/\/www.humanium.org\/es\/maldivas\/#primaryimage\",\"url\":\"https:\/\/www.humanium.org\/fr\/wp-content\/uploads\/2011\/07\/fillette-maldivienne-easashamih-flickr.jpg\",\"contentUrl\":\"https:\/\/www.humanium.org\/fr\/wp-content\/uploads\/2011\/07\/fillette-maldivienne-easashamih-flickr.jpg\"},{\"@type\":\"BreadcrumbList\",\"@id\":\"https:\/\/www.humanium.org\/es\/maldivas\/#breadcrumb\",\"itemListElement\":[{\"@type\":\"ListItem\",\"position\":1,\"name\":\"Home\",\"item\":\"https:\/\/www.humanium.org\/es\/\"},{\"@type\":\"ListItem\",\"position\":2,\"name\":\"Ni\u00f1os de las Maldivas\"}]},{\"@type\":\"WebSite\",\"@id\":\"https:\/\/www.humanium.org\/es\/#website\",\"url\":\"https:\/\/www.humanium.org\/es\/\",\"name\":\"Humanium\",\"description\":\"\u00a1Los ni\u00f1os primero!\",\"potentialAction\":[{\"@type\":\"SearchAction\",\"target\":{\"@type\":\"EntryPoint\",\"urlTemplate\":\"https:\/\/www.humanium.org\/es\/?s={search_term_string}\"},\"query-input\":{\"@type\":\"PropertyValueSpecification\",\"valueRequired\":true,\"valueName\":\"search_term_string\"}}],\"inLanguage\":\"es\"}]}<\/script>\n<!-- \/ Yoast SEO plugin. -->","yoast_head_json":{"title":"Ni\u00f1os de las Maldivas - Humanium","description":"En Las Maldivas, el gobierno ha emprendido medidas en el area de los derechos del ni\u00f1o. De todas formas, la situaci\u00f3n sigue siendo preocupante.","robots":{"index":"index","follow":"follow","max-snippet":"max-snippet:-1","max-image-preview":"max-image-preview:large","max-video-preview":"max-video-preview:-1"},"canonical":"https:\/\/www.humanium.org\/es\/maldivas\/","og_locale":"es_ES","og_type":"article","og_title":"Ni\u00f1os de las Maldivas - Humanium","og_description":"En Las Maldivas, el gobierno ha emprendido medidas en el area de los derechos del ni\u00f1o. De todas formas, la situaci\u00f3n sigue siendo preocupante.","og_url":"https:\/\/www.humanium.org\/es\/maldivas\/","og_site_name":"Humanium","article_modified_time":"2025-12-05T17:43:06+00:00","twitter_card":"summary_large_image","twitter_misc":{"Tiempo de lectura":"4 minutos"},"schema":{"@context":"https:\/\/schema.org","@graph":[{"@type":"WebPage","@id":"https:\/\/www.humanium.org\/es\/maldivas\/","url":"https:\/\/www.humanium.org\/es\/maldivas\/","name":"Ni\u00f1os de las Maldivas - Humanium","isPartOf":{"@id":"https:\/\/www.humanium.org\/es\/#website"},"primaryImageOfPage":{"@id":"https:\/\/www.humanium.org\/es\/maldivas\/#primaryimage"},"image":{"@id":"https:\/\/www.humanium.org\/es\/maldivas\/#primaryimage"},"thumbnailUrl":"https:\/\/www.humanium.org\/fr\/wp-content\/uploads\/2011\/07\/fillette-maldivienne-easashamih-flickr.jpg","datePublished":"2013-05-28T12:03:40+00:00","dateModified":"2025-12-05T17:43:06+00:00","description":"En Las Maldivas, el gobierno ha emprendido medidas en el area de los derechos del ni\u00f1o. De todas formas, la situaci\u00f3n sigue siendo preocupante.","breadcrumb":{"@id":"https:\/\/www.humanium.org\/es\/maldivas\/#breadcrumb"},"inLanguage":"es","potentialAction":[{"@type":"ReadAction","target":["https:\/\/www.humanium.org\/es\/maldivas\/"]}]},{"@type":"ImageObject","inLanguage":"es","@id":"https:\/\/www.humanium.org\/es\/maldivas\/#primaryimage","url":"https:\/\/www.humanium.org\/fr\/wp-content\/uploads\/2011\/07\/fillette-maldivienne-easashamih-flickr.jpg","contentUrl":"https:\/\/www.humanium.org\/fr\/wp-content\/uploads\/2011\/07\/fillette-maldivienne-easashamih-flickr.jpg"},{"@type":"BreadcrumbList","@id":"https:\/\/www.humanium.org\/es\/maldivas\/#breadcrumb","itemListElement":[{"@type":"ListItem","position":1,"name":"Home","item":"https:\/\/www.humanium.org\/es\/"},{"@type":"ListItem","position":2,"name":"Ni\u00f1os de las Maldivas"}]},{"@type":"WebSite","@id":"https:\/\/www.humanium.org\/es\/#website","url":"https:\/\/www.humanium.org\/es\/","name":"Humanium","description":"\u00a1Los ni\u00f1os primero!","potentialAction":[{"@type":"SearchAction","target":{"@type":"EntryPoint","urlTemplate":"https:\/\/www.humanium.org\/es\/?s={search_term_string}"},"query-input":{"@type":"PropertyValueSpecification","valueRequired":true,"valueName":"search_term_string"}}],"inLanguage":"es"}]}},"_links":{"self":[{"href":"https:\/\/www.humanium.org\/es\/wp-json\/wp\/v2\/pages\/1770","targetHints":{"allow":["GET"]}}],"collection":[{"href":"https:\/\/www.humanium.org\/es\/wp-json\/wp\/v2\/pages"}],"about":[{"href":"https:\/\/www.humanium.org\/es\/wp-json\/wp\/v2\/types\/page"}],"author":[{"embeddable":true,"href":"https:\/\/www.humanium.org\/es\/wp-json\/wp\/v2\/users\/1"}],"replies":[{"embeddable":true,"href":"https:\/\/www.humanium.org\/es\/wp-json\/wp\/v2\/comments?post=1770"}],"version-history":[{"count":4,"href":"https:\/\/www.humanium.org\/es\/wp-json\/wp\/v2\/pages\/1770\/revisions"}],"predecessor-version":[{"id":20409,"href":"https:\/\/www.humanium.org\/es\/wp-json\/wp\/v2\/pages\/1770\/revisions\/20409"}],"wp:attachment":[{"href":"https:\/\/www.humanium.org\/es\/wp-json\/wp\/v2\/media?parent=1770"}],"curies":[{"name":"wp","href":"https:\/\/api.w.org\/{rel}","templated":true}]}}