{"id":1775,"date":"2013-05-28T12:17:08","date_gmt":"2013-05-28T12:17:08","guid":{"rendered":"http:\/\/www.humanium.org\/es\/?page_id=1775"},"modified":"2025-12-05T17:49:51","modified_gmt":"2025-12-05T17:49:51","slug":"rusia","status":"publish","type":"page","link":"https:\/\/www.humanium.org\/es\/rusia\/","title":{"rendered":"Ni\u00f1os de Rusia"},"content":{"rendered":"<h1>Ni\u00f1os de Rusia<\/h1>\n<h2>Descubriendo los Derechos del Ni\u00f1o en Rusia<\/h2>\n<p style=\"text-align: center;\"><img loading=\"lazy\" decoding=\"async\" class=\" wp-image-27256 alignnone\" title=\"Ni\u00f1a de Rusia \u00a9 Martin Talbot (Flickr)\" src=\"https:\/\/www.humanium.org\/fr\/wp-content\/uploads\/2011\/06\/fillette-russie-flickr1.gif\" alt=\"\" width=\"200\" height=\"200\" \/> <img loading=\"lazy\" decoding=\"async\" class=\"alignnone wp-image-27262\" title=\"Ni\u00f1o de Rusia\u00a9 \u041c\u043e\u0439 \u043a\u0440\u0435\u0441\u0442\u043d\u0438\u043a (Flickr)\" src=\"https:\/\/www.humanium.org\/fr\/wp-content\/uploads\/2011\/06\/flickr-garcon-russie.jpg\" alt=\"\" width=\"169\" height=\"200\" \/><\/p>\n<p>Los resultados de la evaluaci\u00f3n de la situaci\u00f3n del ni\u00f1o en Rusia muestran una doble vertiente: por un lado, algunos de los derechos del ni\u00f1o est\u00e1n claramente implantados; por otro, a\u00fan queda mucho trabajo para que derechos como el de libertad de expresi\u00f3n, el de protecci\u00f3n o el derecho a no ser discriminado sean una realidad.<\/p>\n<h3>Principales problemas que afectan a los ni\u00f1os en Rusia:<\/h3>\n<p><strong>SIDA<br \/>\n<\/strong><br \/>\nEl VIH y el SIDA est\u00e1n muy extendidos en Rusia. A veces se detectan demasiado tarde, ya que los ni\u00f1os que viven en la calle y los desplazados tienen muchas dificultades para obtener atenci\u00f3n sanitaria y a\u00fan siguen siendo los m\u00e1s propensos a contraer la infecci\u00f3n. Adem\u00e1s, en materia de prevenci\u00f3n, las mujeres seropositivas carecen de informaci\u00f3n sobre los riesgos y en particular, sobre la ayuda y servicios de los que disponen para el bienestar de sus hijos.<\/p>\n<p><strong>El ni\u00f1o con discapacidad<br \/>\n<\/strong><br \/>\nEstos ni\u00f1os no reciben un trato igualitario. Rusia a\u00fan necesita avanzar en esta materia y proponer m\u00e1s medidas de adaptaci\u00f3n, as\u00ed como m\u00e1s infraestructuras y personal para atender las necesidades de los ni\u00f1os con discapacidad. La percepci\u00f3n general de los rusos sobre la discapacidad tambi\u00e9n necesita cambiar para que estos ni\u00f1os sean considerados como parte integrante de la sociedad y evitar as\u00ed su exclusi\u00f3n.<\/p>\n<p>Un ejemplo de ello son las dificultades que encuentran estos ni\u00f1os para acceder a la educaci\u00f3n, que adem\u00e1s es de peor calidad comparada con la del resto de ni\u00f1os rusos. No obstante, Rusia ha realizado esfuerzos recientemente para mejorar la integraci\u00f3n de los ni\u00f1os con dificultades en los centros educativos mediante la instalaci\u00f3n de algunas estructuras accesibles. A pesar de todo, los avances en esta materia deben continuar para que la situaci\u00f3n de estos ni\u00f1os sea comparable a las de otros pa\u00edses europeos.<\/p>\n<p><strong>El ni\u00f1o maltratado<br \/>\n<\/strong><br \/>\nSeg\u00fan los datos obtenidos en encuestas recientes, la violencia en el n\u00facleo familiar es muy com\u00fan. Las mujeres y los ni\u00f1os son las principales v\u00edctimas de esta clase de violencia. Rusia necesita esforzarse para procurar ayuda a las v\u00edctimas. De hecho, existen muy pocas infraestructuras de ayuda para las mujeres y ni\u00f1os que sufren maltrato.<\/p>\n<p><strong>Derecho a la protecci\u00f3n<br \/>\n<\/strong><br \/>\n<img loading=\"lazy\" decoding=\"async\" class=\"alignright size-medium wp-image-9700\" title=\"En Rusia, no existen suficientes recursos disponibles para ayudar a los ni\u00f1os que necesitan protecci\u00f3n. \u00a9 Flickr\" src=\"https:\/\/www.humanium.org\/fr\/wp-content\/uploads\/2011\/06\/russie-protection-flickr-300x180.jpg\" alt=\"\" width=\"300\" height=\"180\" \/>Todo ni\u00f1o deber\u00eda ser protegido, tanto por la familia como por el Estado. En Rusia, a\u00fan existen muchos ni\u00f1os que carecen de protecci\u00f3n. Como consecuencia, los orfanatos e internados est\u00e1n llenos (se contabilizaron m\u00e1s de 150 000 ni\u00f1os en 2009), ya que existen muy pocas instituciones que se encarguen de estos ni\u00f1os y que trabajen en su proceso de adopci\u00f3n. Para estos ni\u00f1os, que han sido abandonados o que no tienen familia, existen muy pocas alternativas. A veces terminan por convertirse en ni\u00f1os de la calle expuestos a la pobreza, la enfermedad y la violencia. Esta realidad provoca que algunos no puedan crecer en un ambiente familiar estable y adecuado a sus necesidades, tal como establece la Convenci\u00f3n sobre los Derechos del Ni\u00f1o.<\/p>\n<p><strong>Derecho a no ser discriminado<br \/>\n<\/strong><br \/>\nLa homosexualidad est\u00e1 a\u00fan lejos de ser parte de la vida cotidiana rusa. Los homosexuales, adolescentes incluidos, son v\u00edctimas constantes de la homofobia. A veces, son atacados, violados y acosados tanto por los ciudadanos como por las autoridades p\u00fablicas. De hecho, en ocasiones la polic\u00eda rusa utiliza la fuerza para disolver manifestaciones de personas que defienden su derecho a la homosexualidad. Los adolescentes homosexuales no disfrutan del derecho a vivir su orientaci\u00f3n sexual libremente. El odio que el resto de la poblaci\u00f3n les profesa es muy alarmante.<\/p>\n<p><strong>El ni\u00f1o refugiado<br \/>\n<\/strong><br \/>\n<img loading=\"lazy\" decoding=\"async\" class=\"size-medium wp-image-9701 alignright\" title=\"Tres preciosas ni\u00f1as rusas. \u00a9 Adam Jones (flickr)\" src=\"https:\/\/www.humanium.org\/fr\/wp-content\/uploads\/2011\/06\/russie-3-filles-flickr-adam-jones-191x300.jpg\" alt=\"\" width=\"188\" height=\"297\" \/>Tras un violento conflicto desatado en Chechenia en 1992, algunas familias se vieron forzadas a abandonar sus hogares y buscar refugio en otros lugares de Rusia, principalmente en la Rep\u00fablica de Ingusetia, donde el n\u00famero de refugiados sobrepas\u00f3 los 60 000. Actualmente, estas familias han sido expulsadas de sus casas y se encuentran en la calle. Los ni\u00f1os no se salvan de esta situaci\u00f3n y sus derechos han quedado en el olvido. Viven en condiciones deplorables, a las que el gobierno no ha dado soluci\u00f3n. Rusia ignora a estos ni\u00f1os sin casa y sin acceso a la atenci\u00f3n sanitaria ni a la educaci\u00f3n.<\/p>\n<p>Las familias que no han sido desahuciadas tampoco viven en condiciones dignas. A veces viven en casas prefabricadas, claramente inadaptadas a las necesidades de los ni\u00f1os, que crecen en un ambiente que nada tiene que ver con el descrito en la Convenci\u00f3n sobre los Derechos del Ni\u00f1o.<\/p>\n<p><strong>Libertad de expresi\u00f3n<br \/>\n<\/strong><br \/>\nEn Rusia, la corrupci\u00f3n es una realidad. Las ONG, por ejemplo, est\u00e1n sometidas a procesos legislativos muy restringentes en cuanto a su establecimiento y a las garant\u00edas que deben dar al gobierno. Por tanto, no gozan de total libertad y deben respetar cierta \u00abcorrecci\u00f3n pol\u00edtica\u00bb para no estar en el punto de mira de las autoridades. De ah\u00ed que la situaci\u00f3n real de los ni\u00f1os no pueda describirse tal y como es y, al permanecer parcialmente oculta, es muy complicado mejorar sus condiciones de vida.<\/p>\n<p><img loading=\"lazy\" decoding=\"async\" class=\"alignright size-full wp-image-9702\" title=\"La libertad de expresi\u00f3n del ni\u00f1o constituye uno de los principios garantizados por la Convenci\u00f3n sobre los Derechos del Ni\u00f1o. \u00a9 Flickr\" src=\"https:\/\/www.humanium.org\/fr\/wp-content\/uploads\/2011\/06\/expression-russie-flickr.jpg\" alt=\"\" width=\"151\" height=\"182\" \/>Aunque la legislaci\u00f3n rusa garantiza la libertad de expresi\u00f3n, en la pr\u00e1ctica \u00e9sta se encuentra muy limitada: los medios de comunicaci\u00f3n est\u00e1n muy controlados, los que se oponen a esta realidad o son defensores de los derechos humanos con frecuencia son amenazados en ciertas regiones y el gobierno es bien conocido por su relativamente estricta pol\u00edtica de censura. Estas restricciones impiden que los ni\u00f1os rusos ejerzan su derecho a la informaci\u00f3n y a expresarse libremente, violando el art\u00edculo 13 de la Convenci\u00f3n sobre los Derechos del Ni\u00f1o.<\/p>\n<p><strong>Medio ambiente<br \/>\n<\/strong><br \/>\nCon una elevada tasa de 10,9 toneladas de emisiones de Co2 por persona al a\u00f1o, el negativo impacto ambiental de Rusia tambi\u00e9n repercute nocivamente en la vida de los ni\u00f1os rusos y en su futuro, pues viola su derecho a vivir y a crecer en un ambiente saludable.<\/p>\n","protected":false},"excerpt":{"rendered":"<p>Ni\u00f1os de Rusia Descubriendo los Derechos del Ni\u00f1o en Rusia Los resultados de la evaluaci\u00f3n de la situaci\u00f3n del ni\u00f1o en Rusia muestran una doble vertiente: por un lado, algunos de los derechos del ni\u00f1o est\u00e1n claramente implantados; por otro, a\u00fan queda mucho trabajo para que derechos como el de libertad de expresi\u00f3n, el de [&hellip;]<\/p>\n","protected":false},"author":1,"featured_media":0,"parent":0,"menu_order":0,"comment_status":"closed","ping_status":"open","template":"","meta":{"footnotes":""},"class_list":["post-1775","page","type-page","status-publish","hentry"],"yoast_head":"<!-- This site is optimized with the Yoast SEO plugin v26.5 - https:\/\/yoast.com\/wordpress\/plugins\/seo\/ -->\n<title>Ni\u00f1os de Rusia - Humanium<\/title>\n<meta name=\"description\" content=\"En Rusia, algunos derechos del ni\u00f1o se respetan. Pero a\u00fan deben respetarse otros como, la libertad de expresi\u00f3n o el derecho a no ser discriminado.\" \/>\n<meta name=\"robots\" content=\"index, follow, max-snippet:-1, max-image-preview:large, max-video-preview:-1\" \/>\n<link rel=\"canonical\" href=\"https:\/\/www.humanium.org\/es\/rusia\/\" \/>\n<meta property=\"og:locale\" content=\"es_ES\" \/>\n<meta property=\"og:type\" content=\"article\" \/>\n<meta property=\"og:title\" content=\"Ni\u00f1os de Rusia - Humanium\" \/>\n<meta property=\"og:description\" content=\"En Rusia, algunos derechos del ni\u00f1o se respetan. Pero a\u00fan deben respetarse otros como, la libertad de expresi\u00f3n o el derecho a no ser discriminado.\" \/>\n<meta property=\"og:url\" content=\"https:\/\/www.humanium.org\/es\/rusia\/\" \/>\n<meta property=\"og:site_name\" content=\"Humanium\" \/>\n<meta property=\"article:modified_time\" content=\"2025-12-05T17:49:51+00:00\" \/>\n<meta name=\"twitter:card\" content=\"summary_large_image\" \/>\n<meta name=\"twitter:label1\" content=\"Tiempo de lectura\" \/>\n\t<meta name=\"twitter:data1\" content=\"6 minutos\" \/>\n<script type=\"application\/ld+json\" class=\"yoast-schema-graph\">{\"@context\":\"https:\/\/schema.org\",\"@graph\":[{\"@type\":\"WebPage\",\"@id\":\"https:\/\/www.humanium.org\/es\/rusia\/\",\"url\":\"https:\/\/www.humanium.org\/es\/rusia\/\",\"name\":\"Ni\u00f1os de Rusia - Humanium\",\"isPartOf\":{\"@id\":\"https:\/\/www.humanium.org\/es\/#website\"},\"primaryImageOfPage\":{\"@id\":\"https:\/\/www.humanium.org\/es\/rusia\/#primaryimage\"},\"image\":{\"@id\":\"https:\/\/www.humanium.org\/es\/rusia\/#primaryimage\"},\"thumbnailUrl\":\"https:\/\/www.humanium.org\/fr\/wp-content\/uploads\/2011\/06\/fillette-russie-flickr1.gif\",\"datePublished\":\"2013-05-28T12:17:08+00:00\",\"dateModified\":\"2025-12-05T17:49:51+00:00\",\"description\":\"En Rusia, algunos derechos del ni\u00f1o se respetan. Pero a\u00fan deben respetarse otros como, la libertad de expresi\u00f3n o el derecho a no ser discriminado.\",\"breadcrumb\":{\"@id\":\"https:\/\/www.humanium.org\/es\/rusia\/#breadcrumb\"},\"inLanguage\":\"es\",\"potentialAction\":[{\"@type\":\"ReadAction\",\"target\":[\"https:\/\/www.humanium.org\/es\/rusia\/\"]}]},{\"@type\":\"ImageObject\",\"inLanguage\":\"es\",\"@id\":\"https:\/\/www.humanium.org\/es\/rusia\/#primaryimage\",\"url\":\"https:\/\/www.humanium.org\/fr\/wp-content\/uploads\/2011\/06\/fillette-russie-flickr1.gif\",\"contentUrl\":\"https:\/\/www.humanium.org\/fr\/wp-content\/uploads\/2011\/06\/fillette-russie-flickr1.gif\"},{\"@type\":\"BreadcrumbList\",\"@id\":\"https:\/\/www.humanium.org\/es\/rusia\/#breadcrumb\",\"itemListElement\":[{\"@type\":\"ListItem\",\"position\":1,\"name\":\"Home\",\"item\":\"https:\/\/www.humanium.org\/es\/\"},{\"@type\":\"ListItem\",\"position\":2,\"name\":\"Ni\u00f1os de Rusia\"}]},{\"@type\":\"WebSite\",\"@id\":\"https:\/\/www.humanium.org\/es\/#website\",\"url\":\"https:\/\/www.humanium.org\/es\/\",\"name\":\"Humanium\",\"description\":\"\u00a1Los ni\u00f1os primero!\",\"potentialAction\":[{\"@type\":\"SearchAction\",\"target\":{\"@type\":\"EntryPoint\",\"urlTemplate\":\"https:\/\/www.humanium.org\/es\/?s={search_term_string}\"},\"query-input\":{\"@type\":\"PropertyValueSpecification\",\"valueRequired\":true,\"valueName\":\"search_term_string\"}}],\"inLanguage\":\"es\"}]}<\/script>\n<!-- \/ Yoast SEO plugin. -->","yoast_head_json":{"title":"Ni\u00f1os de Rusia - Humanium","description":"En Rusia, algunos derechos del ni\u00f1o se respetan. Pero a\u00fan deben respetarse otros como, la libertad de expresi\u00f3n o el derecho a no ser discriminado.","robots":{"index":"index","follow":"follow","max-snippet":"max-snippet:-1","max-image-preview":"max-image-preview:large","max-video-preview":"max-video-preview:-1"},"canonical":"https:\/\/www.humanium.org\/es\/rusia\/","og_locale":"es_ES","og_type":"article","og_title":"Ni\u00f1os de Rusia - Humanium","og_description":"En Rusia, algunos derechos del ni\u00f1o se respetan. Pero a\u00fan deben respetarse otros como, la libertad de expresi\u00f3n o el derecho a no ser discriminado.","og_url":"https:\/\/www.humanium.org\/es\/rusia\/","og_site_name":"Humanium","article_modified_time":"2025-12-05T17:49:51+00:00","twitter_card":"summary_large_image","twitter_misc":{"Tiempo de lectura":"6 minutos"},"schema":{"@context":"https:\/\/schema.org","@graph":[{"@type":"WebPage","@id":"https:\/\/www.humanium.org\/es\/rusia\/","url":"https:\/\/www.humanium.org\/es\/rusia\/","name":"Ni\u00f1os de Rusia - Humanium","isPartOf":{"@id":"https:\/\/www.humanium.org\/es\/#website"},"primaryImageOfPage":{"@id":"https:\/\/www.humanium.org\/es\/rusia\/#primaryimage"},"image":{"@id":"https:\/\/www.humanium.org\/es\/rusia\/#primaryimage"},"thumbnailUrl":"https:\/\/www.humanium.org\/fr\/wp-content\/uploads\/2011\/06\/fillette-russie-flickr1.gif","datePublished":"2013-05-28T12:17:08+00:00","dateModified":"2025-12-05T17:49:51+00:00","description":"En Rusia, algunos derechos del ni\u00f1o se respetan. Pero a\u00fan deben respetarse otros como, la libertad de expresi\u00f3n o el derecho a no ser discriminado.","breadcrumb":{"@id":"https:\/\/www.humanium.org\/es\/rusia\/#breadcrumb"},"inLanguage":"es","potentialAction":[{"@type":"ReadAction","target":["https:\/\/www.humanium.org\/es\/rusia\/"]}]},{"@type":"ImageObject","inLanguage":"es","@id":"https:\/\/www.humanium.org\/es\/rusia\/#primaryimage","url":"https:\/\/www.humanium.org\/fr\/wp-content\/uploads\/2011\/06\/fillette-russie-flickr1.gif","contentUrl":"https:\/\/www.humanium.org\/fr\/wp-content\/uploads\/2011\/06\/fillette-russie-flickr1.gif"},{"@type":"BreadcrumbList","@id":"https:\/\/www.humanium.org\/es\/rusia\/#breadcrumb","itemListElement":[{"@type":"ListItem","position":1,"name":"Home","item":"https:\/\/www.humanium.org\/es\/"},{"@type":"ListItem","position":2,"name":"Ni\u00f1os de Rusia"}]},{"@type":"WebSite","@id":"https:\/\/www.humanium.org\/es\/#website","url":"https:\/\/www.humanium.org\/es\/","name":"Humanium","description":"\u00a1Los ni\u00f1os primero!","potentialAction":[{"@type":"SearchAction","target":{"@type":"EntryPoint","urlTemplate":"https:\/\/www.humanium.org\/es\/?s={search_term_string}"},"query-input":{"@type":"PropertyValueSpecification","valueRequired":true,"valueName":"search_term_string"}}],"inLanguage":"es"}]}},"_links":{"self":[{"href":"https:\/\/www.humanium.org\/es\/wp-json\/wp\/v2\/pages\/1775","targetHints":{"allow":["GET"]}}],"collection":[{"href":"https:\/\/www.humanium.org\/es\/wp-json\/wp\/v2\/pages"}],"about":[{"href":"https:\/\/www.humanium.org\/es\/wp-json\/wp\/v2\/types\/page"}],"author":[{"embeddable":true,"href":"https:\/\/www.humanium.org\/es\/wp-json\/wp\/v2\/users\/1"}],"replies":[{"embeddable":true,"href":"https:\/\/www.humanium.org\/es\/wp-json\/wp\/v2\/comments?post=1775"}],"version-history":[{"count":4,"href":"https:\/\/www.humanium.org\/es\/wp-json\/wp\/v2\/pages\/1775\/revisions"}],"predecessor-version":[{"id":20445,"href":"https:\/\/www.humanium.org\/es\/wp-json\/wp\/v2\/pages\/1775\/revisions\/20445"}],"wp:attachment":[{"href":"https:\/\/www.humanium.org\/es\/wp-json\/wp\/v2\/media?parent=1775"}],"curies":[{"name":"wp","href":"https:\/\/api.w.org\/{rel}","templated":true}]}}