{"id":1803,"date":"2013-05-28T16:27:05","date_gmt":"2013-05-28T16:27:05","guid":{"rendered":"http:\/\/www.humanium.org\/es\/?page_id=1803"},"modified":"2025-12-05T17:50:39","modified_gmt":"2025-12-05T17:50:39","slug":"nepal","status":"publish","type":"page","link":"https:\/\/www.humanium.org\/es\/nepal\/","title":{"rendered":"Ni\u00f1os de Nepal"},"content":{"rendered":"<h1>Ni\u00f1os de Nepal<\/h1>\n<h2>Descubriendo los Derechos del Ni\u00f1o en Nepal<\/h2>\n<p style=\"text-align: center;\"><img loading=\"lazy\" decoding=\"async\" class=\" wp-image-27256 alignnone\" title=\"Ni\u00f1a de Nepal \u00a9 Hiro 008 (flickr)\" src=\"https:\/\/www.humanium.org\/fr\/wp-content\/uploads\/2011\/08\/fillette-hiro-zero-zero-huit-flickr.jpg\" alt=\"\" width=\"153\" height=\"200\" \/> <img loading=\"lazy\" decoding=\"async\" class=\"alignnone wp-image-27262\" title=\"Ni\u00f1o de Nepal \u00a9 Tigermuse (flickr)\" src=\"https:\/\/www.humanium.org\/fr\/wp-content\/uploads\/2011\/08\/garcon-tigermuse-flickr.jpg\" alt=\"\" width=\"176\" height=\"200\" \/><\/p>\n<p>Nepal es uno de los pa\u00edses m\u00e1s pobres y menos desarrollados del mundo. A pesar de la ayuda internacional que mantiene el pa\u00eds a flote, los ni\u00f1os nepal\u00edes no tienen acceso a sus derechos. Viven rodeados de pobreza, desnutrici\u00f3n, violencia y otras circunstancias perjudiciales.<\/p>\n<h3>Principales problemas que afectan a los ni\u00f1os en Nepal:<\/h3>\n<p><strong>Pobreza<br \/>\n<\/strong><br \/>\n<img loading=\"lazy\" decoding=\"async\" class=\"alignright size-full wp-image-13505\" title=\"Muchos ni\u00f1os viven en la pobreza y deben luchar constantemente para sobrevivir. \u00a9 Tigermuse (flickr)\" src=\"https:\/\/www.humanium.org\/fr\/wp-content\/uploads\/2011\/08\/pauvrete-tigermuse-flickr.jpg\" alt=\"\" width=\"138\" height=\"200\" \/>Casi la mitad de la poblaci\u00f3n de Nepal vive por debajo del umbral de pobreza y no puede satisfacer las necesidades de su familia. La vida de estas personas se deteriora d\u00eda a d\u00eda entre los disturbios en las calles, la inflaci\u00f3n, etc.<\/p>\n<p>Como v\u00edctimas de la pobreza, los ni\u00f1os necesitan m\u00e1s ayuda que nunca. Luchan por sus vidas cada d\u00eda, puesto que sus derechos no se cumplen.<\/p>\n<p><strong>Salud<br \/>\n<\/strong><br \/>\nEl sistema sanitario nepal\u00ed carece de materiales adecuados y trabajadores competentes. Los indicadores sanitarios reflejan lo siguiente: m\u00e1s del 45% de los ni\u00f1os mueren antes de los 5 a\u00f1os y el 21% de los j\u00f3venes nepal\u00edes tiene un peso por debajo de lo debido.<\/p>\n<p>La salud de los ni\u00f1os es especialmente vulnerable y suelen padecer desnutrici\u00f3n y diabetes. El Ministerio de Sanidad, apoyado por varias organizaciones, ha puesto en marcha programas de concienciaci\u00f3n, dirigidos principalmente a las madres, para ense\u00f1arles a reconocer los s\u00edntomas de las enfermedades infantiles.<\/p>\n<p><strong>Educaci\u00f3n<br \/>\n<\/strong><br \/>\n<img loading=\"lazy\" decoding=\"async\" class=\"size-full wp-image-13502 alignright\" title=\"Muchos ni\u00f1os nepal\u00edes no van a la escuela, o la abandonan pronto. \u00a9 Symmetry mind (flickr)\" src=\"https:\/\/www.humanium.org\/fr\/wp-content\/uploads\/2011\/08\/education-symmetry-mind-flickr.jpg\" alt=\"\" width=\"192\" height=\"137\" \/>La educaci\u00f3n en Nepal es gratuita y obligatoria entre los 6 y los 11 a\u00f1os. Sin embargo, esto no se cumple y muchos ni\u00f1os dejan la escuela antes cumplir los 11. As\u00ed, solo el 84% de los ni\u00f1os nepal\u00edes va a la escuela.<\/p>\n<p>Existe una gran diferencia entre la asistencia de ni\u00f1os y ni\u00f1as, debido a ciertas costumbres que dictan el matrimonio temprano de las ni\u00f1as y favorecen la educaci\u00f3n de los ni\u00f1os.<\/p>\n<p>El sistema educativo es tambi\u00e9n muy pobre. Factores como profesores mediocres y la falta de infraestructuras, materiales y personal, dificultan ir a la escuela.<\/p>\n<p><strong>Trabajo infantil<br \/>\n<\/strong><br \/>\n<img loading=\"lazy\" decoding=\"async\" class=\"size-full wp-image-13500 alignright\" title=\"Muchos ni\u00f1os deben trabajar para poder vivir. \u00a9 Shashish (flickr)\" src=\"https:\/\/www.humanium.org\/fr\/wp-content\/uploads\/2011\/08\/travail-shashish-flickr.jpg\" alt=\"\" width=\"187\" height=\"159\" \/>El trabajo infantil es una gran mancha negra en la sociedad nepal\u00ed. M\u00e1s del 25% de las ni\u00f1as trabaja cada d\u00eda, frente al 17% de los ni\u00f1os, puesto que estos \u00faltimos representan el futuro familiar y por ello suelen ir a la escuela. Aqu\u00e9llos que trabajan lo hacen para ayudar a sus familias y trabajan en condiciones peligrosas.<\/p>\n<p>Sus labores var\u00edan seg\u00fan el trabajo: pueden ser chatarreros, trabajar en f\u00e1bricas donde los explotan, limpiar casas o ser tejedores. Se vuelven vulnerables a muchas enfermedades a trav\u00e9s de sus trabajos.<\/p>\n<p><strong>Tr\u00e1fico de menores<br \/>\n<\/strong><br \/>\nEl tr\u00e1fico de menores est\u00e1 muy extendido en Nepal, sobre todo porque no existe a\u00fan ninguna ley contra la pedofilia. Por ello los traficantes arrancan a muchas ni\u00f1as de sus familias. Algunas deciden incluso buscarlos ellas mismas, en busca de una vida mejor.<\/p>\n<p>Una vez que llegan a la ciudad son vendidas a los burdeles. Algunas tienen solo 7 a\u00f1os.<\/p>\n<p>Este trato sexual tiene grandes consecuencias negativas en su futuro. Traumas, enfermedades y trastornos psicol\u00f3gicos se convierten en su destino, debido a los abusos que han sufrido.<\/p>\n<p><strong>Matrimonio infantil<br \/>\n<\/strong><br \/>\n<img loading=\"lazy\" decoding=\"async\" class=\"alignright size-full wp-image-13499\" title=\"El matrimonio infantil est\u00e1 extendido y muchas ni\u00f1as quedan embarazadas sin entender las consecuencias. \u00a9 Tigermuse (flickr)\" src=\"https:\/\/www.humanium.org\/fr\/wp-content\/uploads\/2011\/08\/mariage-enfants-tigermuse-flickr.jpg\" alt=\"\" width=\"196\" height=\"200\" \/>La edad legal para el matrimonio es 18 para las ni\u00f1as y 21 para los ni\u00f1os. Sin embargo, no siempre se respeta la ley: el 51% de las ni\u00f1as est\u00e1n casadas antes de esa edad.<\/p>\n<p>En muchas comunidades, como la Newar en Katmand\u00fa, es com\u00fan que se prometa a los ni\u00f1os sin tener en cuenta su opini\u00f3n. Tambi\u00e9n existen rituales de matrimonio que pueden traumatizar a las ni\u00f1as, que muchas comunidades a\u00fan practican.<\/p>\n<p><strong>Discriminaci\u00f3n<br \/>\n<\/strong><br \/>\nNepal se compone de muchas comunidades y m\u00e1s de 90 lenguas sino-tibetanas. La lengua oficial es el nepal\u00ed, seguida casi siempre del ingl\u00e9s. Por ello, muchas comunidades no pueden hacerse entender p\u00fablicamente, o enviar a sus hijos a la escuela.<\/p>\n<p>En las regiones rurales m\u00e1s alejadas, la educaci\u00f3n primaria suele darse en nepal\u00ed, lengua que muchos ni\u00f1os no entienden. Esto les impide ir tanto a primaria como secundaria.<\/p>\n<p><strong>Derecho a la identidad<br \/>\n<\/strong><br \/>\nNepal, ya sea como pa\u00eds o como conglomeraci\u00f3n de m\u00faltiples comunidades, no tiene a\u00fan un gobierno eficiente ni sistema judicial. M\u00e1s del 30% de los ni\u00f1os, por ejemplo, no est\u00e1 registrado ante las autoridades nepal\u00edes. Este vac\u00edo legal les da serios problemas en la vida diaria.<\/p>\n<p>Estos ni\u00f1os son invisibles a los ojos de la sociedad y no pueden beneficiarse de sus derechos, incluyendo educaci\u00f3n y sanidad.<\/p>\n","protected":false},"excerpt":{"rendered":"<p>Ni\u00f1os de Nepal Descubriendo los Derechos del Ni\u00f1o en Nepal Nepal es uno de los pa\u00edses m\u00e1s pobres y menos desarrollados del mundo. A pesar de la ayuda internacional que mantiene el pa\u00eds a flote, los ni\u00f1os nepal\u00edes no tienen acceso a sus derechos. Viven rodeados de pobreza, desnutrici\u00f3n, violencia y otras circunstancias perjudiciales. Principales [&hellip;]<\/p>\n","protected":false},"author":1,"featured_media":0,"parent":0,"menu_order":0,"comment_status":"closed","ping_status":"open","template":"","meta":{"footnotes":""},"class_list":["post-1803","page","type-page","status-publish","hentry"],"yoast_head":"<!-- This site is optimized with the Yoast SEO plugin v26.5 - https:\/\/yoast.com\/wordpress\/plugins\/seo\/ -->\n<title>Ni\u00f1os de Nepal - Humanium<\/title>\n<meta name=\"description\" content=\"A pesar de la ayuda internacional que mantiene Nepal a flote, los ni\u00f1os no tienen acceso a sus derechos, y viven rodeados de circunstancias perjudiciales.\" \/>\n<meta name=\"robots\" content=\"index, follow, max-snippet:-1, max-image-preview:large, max-video-preview:-1\" \/>\n<link rel=\"canonical\" href=\"https:\/\/www.humanium.org\/es\/nepal\/\" \/>\n<meta property=\"og:locale\" content=\"es_ES\" \/>\n<meta property=\"og:type\" content=\"article\" \/>\n<meta property=\"og:title\" content=\"Ni\u00f1os de Nepal - Humanium\" \/>\n<meta property=\"og:description\" content=\"A pesar de la ayuda internacional que mantiene Nepal a flote, los ni\u00f1os no tienen acceso a sus derechos, y viven rodeados de circunstancias perjudiciales.\" \/>\n<meta property=\"og:url\" content=\"https:\/\/www.humanium.org\/es\/nepal\/\" \/>\n<meta property=\"og:site_name\" content=\"Humanium\" \/>\n<meta property=\"article:modified_time\" content=\"2025-12-05T17:50:39+00:00\" \/>\n<meta name=\"twitter:card\" content=\"summary_large_image\" \/>\n<meta name=\"twitter:label1\" content=\"Tiempo de lectura\" \/>\n\t<meta name=\"twitter:data1\" content=\"5 minutos\" \/>\n<script type=\"application\/ld+json\" class=\"yoast-schema-graph\">{\"@context\":\"https:\/\/schema.org\",\"@graph\":[{\"@type\":\"WebPage\",\"@id\":\"https:\/\/www.humanium.org\/es\/nepal\/\",\"url\":\"https:\/\/www.humanium.org\/es\/nepal\/\",\"name\":\"Ni\u00f1os de Nepal - Humanium\",\"isPartOf\":{\"@id\":\"https:\/\/www.humanium.org\/es\/#website\"},\"primaryImageOfPage\":{\"@id\":\"https:\/\/www.humanium.org\/es\/nepal\/#primaryimage\"},\"image\":{\"@id\":\"https:\/\/www.humanium.org\/es\/nepal\/#primaryimage\"},\"thumbnailUrl\":\"https:\/\/www.humanium.org\/fr\/wp-content\/uploads\/2011\/08\/fillette-hiro-zero-zero-huit-flickr.jpg\",\"datePublished\":\"2013-05-28T16:27:05+00:00\",\"dateModified\":\"2025-12-05T17:50:39+00:00\",\"description\":\"A pesar de la ayuda internacional que mantiene Nepal a flote, los ni\u00f1os no tienen acceso a sus derechos, y viven rodeados de circunstancias perjudiciales.\",\"breadcrumb\":{\"@id\":\"https:\/\/www.humanium.org\/es\/nepal\/#breadcrumb\"},\"inLanguage\":\"es\",\"potentialAction\":[{\"@type\":\"ReadAction\",\"target\":[\"https:\/\/www.humanium.org\/es\/nepal\/\"]}]},{\"@type\":\"ImageObject\",\"inLanguage\":\"es\",\"@id\":\"https:\/\/www.humanium.org\/es\/nepal\/#primaryimage\",\"url\":\"https:\/\/www.humanium.org\/fr\/wp-content\/uploads\/2011\/08\/fillette-hiro-zero-zero-huit-flickr.jpg\",\"contentUrl\":\"https:\/\/www.humanium.org\/fr\/wp-content\/uploads\/2011\/08\/fillette-hiro-zero-zero-huit-flickr.jpg\"},{\"@type\":\"BreadcrumbList\",\"@id\":\"https:\/\/www.humanium.org\/es\/nepal\/#breadcrumb\",\"itemListElement\":[{\"@type\":\"ListItem\",\"position\":1,\"name\":\"Home\",\"item\":\"https:\/\/www.humanium.org\/es\/\"},{\"@type\":\"ListItem\",\"position\":2,\"name\":\"Ni\u00f1os de Nepal\"}]},{\"@type\":\"WebSite\",\"@id\":\"https:\/\/www.humanium.org\/es\/#website\",\"url\":\"https:\/\/www.humanium.org\/es\/\",\"name\":\"Humanium\",\"description\":\"\u00a1Los ni\u00f1os primero!\",\"potentialAction\":[{\"@type\":\"SearchAction\",\"target\":{\"@type\":\"EntryPoint\",\"urlTemplate\":\"https:\/\/www.humanium.org\/es\/?s={search_term_string}\"},\"query-input\":{\"@type\":\"PropertyValueSpecification\",\"valueRequired\":true,\"valueName\":\"search_term_string\"}}],\"inLanguage\":\"es\"}]}<\/script>\n<!-- \/ Yoast SEO plugin. -->","yoast_head_json":{"title":"Ni\u00f1os de Nepal - Humanium","description":"A pesar de la ayuda internacional que mantiene Nepal a flote, los ni\u00f1os no tienen acceso a sus derechos, y viven rodeados de circunstancias perjudiciales.","robots":{"index":"index","follow":"follow","max-snippet":"max-snippet:-1","max-image-preview":"max-image-preview:large","max-video-preview":"max-video-preview:-1"},"canonical":"https:\/\/www.humanium.org\/es\/nepal\/","og_locale":"es_ES","og_type":"article","og_title":"Ni\u00f1os de Nepal - Humanium","og_description":"A pesar de la ayuda internacional que mantiene Nepal a flote, los ni\u00f1os no tienen acceso a sus derechos, y viven rodeados de circunstancias perjudiciales.","og_url":"https:\/\/www.humanium.org\/es\/nepal\/","og_site_name":"Humanium","article_modified_time":"2025-12-05T17:50:39+00:00","twitter_card":"summary_large_image","twitter_misc":{"Tiempo de lectura":"5 minutos"},"schema":{"@context":"https:\/\/schema.org","@graph":[{"@type":"WebPage","@id":"https:\/\/www.humanium.org\/es\/nepal\/","url":"https:\/\/www.humanium.org\/es\/nepal\/","name":"Ni\u00f1os de Nepal - Humanium","isPartOf":{"@id":"https:\/\/www.humanium.org\/es\/#website"},"primaryImageOfPage":{"@id":"https:\/\/www.humanium.org\/es\/nepal\/#primaryimage"},"image":{"@id":"https:\/\/www.humanium.org\/es\/nepal\/#primaryimage"},"thumbnailUrl":"https:\/\/www.humanium.org\/fr\/wp-content\/uploads\/2011\/08\/fillette-hiro-zero-zero-huit-flickr.jpg","datePublished":"2013-05-28T16:27:05+00:00","dateModified":"2025-12-05T17:50:39+00:00","description":"A pesar de la ayuda internacional que mantiene Nepal a flote, los ni\u00f1os no tienen acceso a sus derechos, y viven rodeados de circunstancias perjudiciales.","breadcrumb":{"@id":"https:\/\/www.humanium.org\/es\/nepal\/#breadcrumb"},"inLanguage":"es","potentialAction":[{"@type":"ReadAction","target":["https:\/\/www.humanium.org\/es\/nepal\/"]}]},{"@type":"ImageObject","inLanguage":"es","@id":"https:\/\/www.humanium.org\/es\/nepal\/#primaryimage","url":"https:\/\/www.humanium.org\/fr\/wp-content\/uploads\/2011\/08\/fillette-hiro-zero-zero-huit-flickr.jpg","contentUrl":"https:\/\/www.humanium.org\/fr\/wp-content\/uploads\/2011\/08\/fillette-hiro-zero-zero-huit-flickr.jpg"},{"@type":"BreadcrumbList","@id":"https:\/\/www.humanium.org\/es\/nepal\/#breadcrumb","itemListElement":[{"@type":"ListItem","position":1,"name":"Home","item":"https:\/\/www.humanium.org\/es\/"},{"@type":"ListItem","position":2,"name":"Ni\u00f1os de Nepal"}]},{"@type":"WebSite","@id":"https:\/\/www.humanium.org\/es\/#website","url":"https:\/\/www.humanium.org\/es\/","name":"Humanium","description":"\u00a1Los ni\u00f1os primero!","potentialAction":[{"@type":"SearchAction","target":{"@type":"EntryPoint","urlTemplate":"https:\/\/www.humanium.org\/es\/?s={search_term_string}"},"query-input":{"@type":"PropertyValueSpecification","valueRequired":true,"valueName":"search_term_string"}}],"inLanguage":"es"}]}},"_links":{"self":[{"href":"https:\/\/www.humanium.org\/es\/wp-json\/wp\/v2\/pages\/1803","targetHints":{"allow":["GET"]}}],"collection":[{"href":"https:\/\/www.humanium.org\/es\/wp-json\/wp\/v2\/pages"}],"about":[{"href":"https:\/\/www.humanium.org\/es\/wp-json\/wp\/v2\/types\/page"}],"author":[{"embeddable":true,"href":"https:\/\/www.humanium.org\/es\/wp-json\/wp\/v2\/users\/1"}],"replies":[{"embeddable":true,"href":"https:\/\/www.humanium.org\/es\/wp-json\/wp\/v2\/comments?post=1803"}],"version-history":[{"count":4,"href":"https:\/\/www.humanium.org\/es\/wp-json\/wp\/v2\/pages\/1803\/revisions"}],"predecessor-version":[{"id":20451,"href":"https:\/\/www.humanium.org\/es\/wp-json\/wp\/v2\/pages\/1803\/revisions\/20451"}],"wp:attachment":[{"href":"https:\/\/www.humanium.org\/es\/wp-json\/wp\/v2\/media?parent=1803"}],"curies":[{"name":"wp","href":"https:\/\/api.w.org\/{rel}","templated":true}]}}