{"id":18130,"date":"2023-09-27T09:42:15","date_gmt":"2023-09-27T09:42:15","guid":{"rendered":"https:\/\/www.humanium.org\/es\/?page_id=18130"},"modified":"2023-09-27T09:43:25","modified_gmt":"2023-09-27T09:43:25","slug":"puesto-de-voluntario-traductor-al-espanol","status":"publish","type":"page","link":"https:\/\/www.humanium.org\/es\/puesto-de-voluntario-traductor-al-espanol\/","title":{"rendered":"Puesto de voluntario &#8211; Traductor al espa\u00f1ol"},"content":{"rendered":"\n<h1 class=\"wp-block-heading\">Puesto de voluntario &#8211; Traductor al espa\u00f1ol<\/h1>\n\n\n\n<ul class=\"wp-block-list\">\n<li><strong><em>Duraci\u00f3n del compromiso:<\/em><\/strong>&nbsp;m\u00ednimo 6 meses<\/li>\n\n\n\n<li><strong><em>Ubicaci\u00f3n:<\/em><\/strong> voluntariado a distancia, a trav\u00e9s de Internet<\/li>\n\n\n\n<li><strong><em>Volumen de trabajo:<\/em><\/strong> var\u00eda seg\u00fan la demanda<\/li>\n<\/ul>\n\n\n\n<h2 class=\"wp-block-heading\">Responsabilidades y tareas principales<\/h2>\n\n\n\n<p><a href=\"https:\/\/www.humanium.org\/es\/\"><strong>Humanium<\/strong><\/a> busca voluntarios que sean hablantes nativos de espa\u00f1ol (y franc\u00e9s o ingl\u00e9s) y\/o voluntarios con experiencia en traducci\u00f3n al espa\u00f1ol para traducir art\u00edculos, fichas de pa\u00edses y proyectos m\u00e1s breves.<\/p>\n\n\n\n<p>El voluntario ayudar\u00e1 a promover los derechos de los ni\u00f1os en todo el mundo al ayudarnos a optimizar el contenido de nuestro sitio web para mejorar la experiencia de nuestros 5 millones de visitantes anuales.<\/p>\n\n\n\n<h2 class=\"wp-block-heading\">Formaci\u00f3n y experiencia requeridas<\/h2>\n\n\n\n<ul class=\"wp-block-list\">\n<li>Dominio del espa\u00f1ol (y franc\u00e9s o ingl\u00e9s) por escrito;<\/li>\n\n\n\n<li>Experiencia previa en traducci\u00f3n;<\/li>\n\n\n\n<li>Cursos tomados en lenguas o traducci\u00f3n;<\/li>\n\n\n\n<li>Profundo inter\u00e9s en los derechos de los ni\u00f1os.<\/li>\n<\/ul>\n\n\n\n<p><\/p>\n\n\n\n<p><strong>Nota<\/strong>: Esta oportunidad es para un puesto de voluntario y, por lo tanto, no ser\u00e1 remunerada.<br><\/p>\n\n\n\n<p><strong>\u00bfEst\u00e1s interesado? <\/strong>Env\u00edanos un correo electr\u00f3nico con el asunto \u00abOportunidad de voluntariado &#8211; Traductor al espa\u00f1ol\u00bb junto con tu curriculum a esta direcci\u00f3n: volunteer@humanium.org.<\/p>\n","protected":false},"excerpt":{"rendered":"<p>Puesto de voluntario &#8211; Traductor al espa\u00f1ol Responsabilidades y tareas principales Humanium busca voluntarios que sean hablantes nativos de espa\u00f1ol (y franc\u00e9s o ingl\u00e9s) y\/o voluntarios con experiencia en traducci\u00f3n al espa\u00f1ol para traducir art\u00edculos, fichas de pa\u00edses y proyectos m\u00e1s breves. El voluntario ayudar\u00e1 a promover los derechos de los ni\u00f1os en todo el [&hellip;]<\/p>\n","protected":false},"author":21,"featured_media":0,"parent":0,"menu_order":0,"comment_status":"closed","ping_status":"closed","template":"","meta":{"footnotes":""},"class_list":["post-18130","page","type-page","status-publish","hentry"],"yoast_head":"<!-- This site is optimized with the Yoast SEO plugin v26.5 - https:\/\/yoast.com\/wordpress\/plugins\/seo\/ -->\n<title>Puesto de voluntario - Traductor al espa\u00f1ol - Humanium<\/title>\n<meta name=\"robots\" content=\"index, follow, max-snippet:-1, max-image-preview:large, max-video-preview:-1\" \/>\n<link rel=\"canonical\" href=\"https:\/\/www.humanium.org\/es\/puesto-de-voluntario-traductor-al-espanol\/\" \/>\n<meta property=\"og:locale\" content=\"es_ES\" \/>\n<meta property=\"og:type\" content=\"article\" \/>\n<meta property=\"og:title\" content=\"Puesto de voluntario - Traductor al espa\u00f1ol - Humanium\" \/>\n<meta property=\"og:description\" content=\"Puesto de voluntario &#8211; Traductor al espa\u00f1ol Responsabilidades y tareas principales Humanium busca voluntarios que sean hablantes nativos de espa\u00f1ol (y franc\u00e9s o ingl\u00e9s) y\/o voluntarios con experiencia en traducci\u00f3n al espa\u00f1ol para traducir art\u00edculos, fichas de pa\u00edses y proyectos m\u00e1s breves. El voluntario ayudar\u00e1 a promover los derechos de los ni\u00f1os en todo el [&hellip;]\" \/>\n<meta property=\"og:url\" content=\"https:\/\/www.humanium.org\/es\/puesto-de-voluntario-traductor-al-espanol\/\" \/>\n<meta property=\"og:site_name\" content=\"Humanium\" \/>\n<meta property=\"article:modified_time\" content=\"2023-09-27T09:43:25+00:00\" \/>\n<meta name=\"twitter:card\" content=\"summary_large_image\" \/>\n<meta name=\"twitter:label1\" content=\"Tiempo de lectura\" \/>\n\t<meta name=\"twitter:data1\" content=\"1 minuto\" \/>\n<script type=\"application\/ld+json\" class=\"yoast-schema-graph\">{\"@context\":\"https:\/\/schema.org\",\"@graph\":[{\"@type\":\"WebPage\",\"@id\":\"https:\/\/www.humanium.org\/es\/puesto-de-voluntario-traductor-al-espanol\/\",\"url\":\"https:\/\/www.humanium.org\/es\/puesto-de-voluntario-traductor-al-espanol\/\",\"name\":\"Puesto de voluntario - Traductor al espa\u00f1ol - Humanium\",\"isPartOf\":{\"@id\":\"https:\/\/www.humanium.org\/es\/#website\"},\"datePublished\":\"2023-09-27T09:42:15+00:00\",\"dateModified\":\"2023-09-27T09:43:25+00:00\",\"breadcrumb\":{\"@id\":\"https:\/\/www.humanium.org\/es\/puesto-de-voluntario-traductor-al-espanol\/#breadcrumb\"},\"inLanguage\":\"es\",\"potentialAction\":[{\"@type\":\"ReadAction\",\"target\":[\"https:\/\/www.humanium.org\/es\/puesto-de-voluntario-traductor-al-espanol\/\"]}]},{\"@type\":\"BreadcrumbList\",\"@id\":\"https:\/\/www.humanium.org\/es\/puesto-de-voluntario-traductor-al-espanol\/#breadcrumb\",\"itemListElement\":[{\"@type\":\"ListItem\",\"position\":1,\"name\":\"Home\",\"item\":\"https:\/\/www.humanium.org\/es\/\"},{\"@type\":\"ListItem\",\"position\":2,\"name\":\"Puesto de voluntario &#8211; Traductor al espa\u00f1ol\"}]},{\"@type\":\"WebSite\",\"@id\":\"https:\/\/www.humanium.org\/es\/#website\",\"url\":\"https:\/\/www.humanium.org\/es\/\",\"name\":\"Humanium\",\"description\":\"\u00a1Los ni\u00f1os primero!\",\"potentialAction\":[{\"@type\":\"SearchAction\",\"target\":{\"@type\":\"EntryPoint\",\"urlTemplate\":\"https:\/\/www.humanium.org\/es\/?s={search_term_string}\"},\"query-input\":{\"@type\":\"PropertyValueSpecification\",\"valueRequired\":true,\"valueName\":\"search_term_string\"}}],\"inLanguage\":\"es\"}]}<\/script>\n<!-- \/ Yoast SEO plugin. -->","yoast_head_json":{"title":"Puesto de voluntario - Traductor al espa\u00f1ol - Humanium","robots":{"index":"index","follow":"follow","max-snippet":"max-snippet:-1","max-image-preview":"max-image-preview:large","max-video-preview":"max-video-preview:-1"},"canonical":"https:\/\/www.humanium.org\/es\/puesto-de-voluntario-traductor-al-espanol\/","og_locale":"es_ES","og_type":"article","og_title":"Puesto de voluntario - Traductor al espa\u00f1ol - Humanium","og_description":"Puesto de voluntario &#8211; Traductor al espa\u00f1ol Responsabilidades y tareas principales Humanium busca voluntarios que sean hablantes nativos de espa\u00f1ol (y franc\u00e9s o ingl\u00e9s) y\/o voluntarios con experiencia en traducci\u00f3n al espa\u00f1ol para traducir art\u00edculos, fichas de pa\u00edses y proyectos m\u00e1s breves. El voluntario ayudar\u00e1 a promover los derechos de los ni\u00f1os en todo el [&hellip;]","og_url":"https:\/\/www.humanium.org\/es\/puesto-de-voluntario-traductor-al-espanol\/","og_site_name":"Humanium","article_modified_time":"2023-09-27T09:43:25+00:00","twitter_card":"summary_large_image","twitter_misc":{"Tiempo de lectura":"1 minuto"},"schema":{"@context":"https:\/\/schema.org","@graph":[{"@type":"WebPage","@id":"https:\/\/www.humanium.org\/es\/puesto-de-voluntario-traductor-al-espanol\/","url":"https:\/\/www.humanium.org\/es\/puesto-de-voluntario-traductor-al-espanol\/","name":"Puesto de voluntario - Traductor al espa\u00f1ol - Humanium","isPartOf":{"@id":"https:\/\/www.humanium.org\/es\/#website"},"datePublished":"2023-09-27T09:42:15+00:00","dateModified":"2023-09-27T09:43:25+00:00","breadcrumb":{"@id":"https:\/\/www.humanium.org\/es\/puesto-de-voluntario-traductor-al-espanol\/#breadcrumb"},"inLanguage":"es","potentialAction":[{"@type":"ReadAction","target":["https:\/\/www.humanium.org\/es\/puesto-de-voluntario-traductor-al-espanol\/"]}]},{"@type":"BreadcrumbList","@id":"https:\/\/www.humanium.org\/es\/puesto-de-voluntario-traductor-al-espanol\/#breadcrumb","itemListElement":[{"@type":"ListItem","position":1,"name":"Home","item":"https:\/\/www.humanium.org\/es\/"},{"@type":"ListItem","position":2,"name":"Puesto de voluntario &#8211; Traductor al espa\u00f1ol"}]},{"@type":"WebSite","@id":"https:\/\/www.humanium.org\/es\/#website","url":"https:\/\/www.humanium.org\/es\/","name":"Humanium","description":"\u00a1Los ni\u00f1os primero!","potentialAction":[{"@type":"SearchAction","target":{"@type":"EntryPoint","urlTemplate":"https:\/\/www.humanium.org\/es\/?s={search_term_string}"},"query-input":{"@type":"PropertyValueSpecification","valueRequired":true,"valueName":"search_term_string"}}],"inLanguage":"es"}]}},"_links":{"self":[{"href":"https:\/\/www.humanium.org\/es\/wp-json\/wp\/v2\/pages\/18130","targetHints":{"allow":["GET"]}}],"collection":[{"href":"https:\/\/www.humanium.org\/es\/wp-json\/wp\/v2\/pages"}],"about":[{"href":"https:\/\/www.humanium.org\/es\/wp-json\/wp\/v2\/types\/page"}],"author":[{"embeddable":true,"href":"https:\/\/www.humanium.org\/es\/wp-json\/wp\/v2\/users\/21"}],"replies":[{"embeddable":true,"href":"https:\/\/www.humanium.org\/es\/wp-json\/wp\/v2\/comments?post=18130"}],"version-history":[{"count":4,"href":"https:\/\/www.humanium.org\/es\/wp-json\/wp\/v2\/pages\/18130\/revisions"}],"predecessor-version":[{"id":18140,"href":"https:\/\/www.humanium.org\/es\/wp-json\/wp\/v2\/pages\/18130\/revisions\/18140"}],"wp:attachment":[{"href":"https:\/\/www.humanium.org\/es\/wp-json\/wp\/v2\/media?parent=18130"}],"curies":[{"name":"wp","href":"https:\/\/api.w.org\/{rel}","templated":true}]}}