{"id":1834,"date":"2013-05-29T09:01:18","date_gmt":"2013-05-29T09:01:18","guid":{"rendered":"http:\/\/www.humanium.org\/es\/?page_id=1834"},"modified":"2025-12-05T18:07:28","modified_gmt":"2025-12-05T18:07:28","slug":"arabia-saudita","status":"publish","type":"page","link":"https:\/\/www.humanium.org\/es\/arabia-saudita\/","title":{"rendered":"Ni\u00f1os de Arabia Saudita"},"content":{"rendered":"<h1>Ni\u00f1os de Arabia Saudita<\/h1>\n<h2>Descubriendo los derechos infantiles en Arabia Saudita<\/h2>\n<p style=\"text-align: center;\"><img loading=\"lazy\" decoding=\"async\" class=\" wp-image-27256 alignnone\" title=\"Ni\u00f1a de Arabia Saudita \u00a9 Moe Me (flickr)\" src=\"https:\/\/www.humanium.org\/fr\/wp-content\/uploads\/2011\/08\/fillette-moe-m-flickr.jpg\" alt=\"\" width=\"139\" height=\"200\" \/> <img loading=\"lazy\" decoding=\"async\" class=\"alignnone wp-image-27262\" title=\"Ni\u00f1o de Arabia Saudita \u00a9 Marviikad (flickr)\" src=\"https:\/\/www.humanium.org\/fr\/wp-content\/uploads\/2011\/08\/garcon-marviikad-flickr.jpg\" alt=\"\" width=\"177\" height=\"200\" \/><\/p>\n<p>Arabia Saudita, el l\u00edder mundial en producci\u00f3n de petr\u00f3leo, es uno de los pa\u00edses m\u00e1s ricos del mundo. Sin embargo, no todos los saud\u00edes viven en condiciones lujosas como se podr\u00eda imaginar. Este pa\u00eds, desigual en t\u00e9rminos de riqueza, no permite que todos los ni\u00f1os puedan disfrutar de los mismos derechos. De hecho, algunos de ellos ven muchos de sus derechos violados.<\/p>\n<h3>Principales problemas que afectan a los ni\u00f1os en Arabia Saudita:<\/h3>\n<p><strong>Pobreza<br \/>\n<\/strong><br \/>\n<img loading=\"lazy\" decoding=\"async\" class=\"size-full wp-image-12254 alignright\" title=\"Las familias pobres a menudo viven en ambientes insalubres \u00a9 Abe World (flickr)\" src=\"https:\/\/www.humanium.org\/fr\/wp-content\/uploads\/2011\/08\/pauvrete-abe-world-flickr.jpg\" alt=\"\" width=\"195\" height=\"146\" \/>A pesar de todos los estereotipos sobre la riqueza de Arabia Saudita, la pobreza est\u00e1 verdaderamente presente. \u00c9ste ya no es un tema tab\u00fa y ahora es posible darse cuenta de lo que se esconde \u201centre bastidores\u201d.<\/p>\n<p>Las familias pobres a menudo se refugian en apartamentos peque\u00f1os y se ven obligadas a limitar los derechos b\u00e1sicos de sus hijos: como la comida, el acceso al agua potable y el cuidado de la salud, entre otros.<\/p>\n<p><strong>El derecho a la salud<br \/>\n<\/strong><br \/>\nEn Arabia Saudita, el personal sanitario y su equipamiento son de buena calidad. Sin embargo, en 2020, la tasa de mortalidad infantil en Arabia Saudita fue de 7 muertes por cada 1000 nacidos vivos.<\/p>\n<p>El personal en el sistema de salud, es mayoritariamente extranjero, no hablan ni practican el \u00e1rabe, lo cual supone una barrera crucial. Puesto que la poblaci\u00f3n \u00fanicamente habla dicho idioma, las recomendaciones de los doctores no pueden ser entendidas y esto acarrea serias consecuencias para la vida de los ni\u00f1os.<\/p>\n<p><strong>Abuso infantil<br \/>\n<\/strong><br \/>\nLos incidentes de abuso infantil son bastante comunes en Arabia Saudita; cerca de 70 casos se notifican cada a\u00f1o, y de ellos muchos se ignoran. Para luchar contra esta plaga, se ha creado un programa de concienciaci\u00f3n, para ayudar a los profesionales m\u00e9dicos a detectar f\u00e1cilmente se\u00f1ales de abuso.<\/p>\n<p><strong>El derecho a la educaci\u00f3n<br \/>\n<\/strong><br \/>\n<img loading=\"lazy\" decoding=\"async\" class=\"size-full wp-image-12257 alignright\" title=\"No todos los ni\u00f1os sauditas tienen acceso a escuelas e \u00a9 Waleed Alzuhair (flickr)\" src=\"https:\/\/www.humanium.org\/fr\/wp-content\/uploads\/2011\/08\/education-waleed-alzuhair-flickr.jpg\" alt=\"\" width=\"142\" height=\"164\" \/>Solo el 85% de los ni\u00f1os asisten a la escuela. De hecho, la educaci\u00f3n escolar no es obligatoria en Arabia Saudita. Los ni\u00f1os sin nacionalidad son los primeros afectados por este problema.<\/p>\n<p>La escuela no es gratuita para ellos y a veces es dif\u00edcil para sus familias financiar su educaci\u00f3n. Adem\u00e1s, los estudios religiosos isl\u00e1micos son considerados de mayor importancia en el sistema educativo saud\u00ed.<\/p>\n<p>Por lo tanto, ni\u00f1as y ni\u00f1os van a diferentes escuelas y tienen presupuestos independientes. \u00a0Naturalmente, se puede detectar algo de discriminaci\u00f3n hacia las ni\u00f1as, ya que los sauditas tienden a confiar en gran medida en los ni\u00f1os (varones), quienes son vistos como el futuro del pa\u00eds.<\/p>\n<p><strong>Libertad de movimiento<\/strong><br \/>\n<img loading=\"lazy\" decoding=\"async\" class=\"alignright size-full wp-image-12256\" title=\"Es a veces dif\u00edcil para los sauditas menores de edad viajar a un pa\u00eds extranjero \u00a9 Abe Wolrd (flickr)\" src=\"https:\/\/www.humanium.org\/fr\/wp-content\/uploads\/2011\/08\/liberte-circulation-abe-wolrd-flickr.jpg\" alt=\"\" width=\"180\" height=\"164\" \/><br \/>\nLos sauditas menores de edad no pueden viajar al extranjero libremente y es obligatoria la expedici\u00f3n de un pasaporte y un visado.<\/p>\n<p>Para conseguir un pasaporte, los ni\u00f1os sauditas deben obtener el consentimiento de un tutor del sexo masculino. A estos ni\u00f1os, a pesar de haber obtenido estos documentos oficiales, se les puede prohibir viajar al extranjero.<\/p>\n<p>De hecho, las entidades gubernamentales y los miembros masculinos de la familia pueden poner a los ni\u00f1os en una \u201clista negra\u201d e impedirles todo tipo de viajes.<\/p>\n<p><strong>Registro de nacimiento y nacionalidad<br \/>\n<\/strong><br \/>\nEn Arabia Saudita, los requisitos para obtener la nacionalidad son estrictos: los ni\u00f1os deben nacer despu\u00e9s del matrimonio de sus padres, los padres tienen que tener sus documentos; \u00fanicamente el padre puede transmitir la nacionalidad. Por lo tanto, da lugar a que haya un importante n\u00famero de ni\u00f1os sin nacionalidad quienes no tienen acceso a educaci\u00f3n gratuita ni a atenci\u00f3n m\u00e9dica.<\/p>\n<p><strong>Justicia juvenil<br \/>\n<\/strong><br \/>\nArabia Saudita ha ratificado la Convenci\u00f3n sobre los Derechos del Ni\u00f1o, la cual proh\u00edbe la pena de muerte para los menores de edad. Sin embargo, esto no es respetado en este pa\u00eds. De hecho, algunos ni\u00f1os, menores de edad, en el momento del crimen por el cual fueron hallados culpables, fueron ejecutados por las autoridades sauditas. La \u00faltima ejecuci\u00f3n de este tipo fue registrada en el a\u00f1o 2009.<\/p>\n<p><strong>Derecho a un medio ambiente saludable<br \/>\n<\/strong><br \/>\nCon 15,8 toneladas de CO2 per c\u00e1pita por a\u00f1o, Arabia Saudita es una de las naciones m\u00e1s contaminantes del planeta. Esto tiene un impacto en la vida de los ni\u00f1os y sus expectativas futuras. Todos los ni\u00f1os tienen el derecho a vivir en un medio ambiente saludable. Arabia Saudita tiene que realizar un avance real, de modo que puedan reducir su huella ecol\u00f3gica.<\/p>\n","protected":false},"excerpt":{"rendered":"<p>Ni\u00f1os de Arabia Saudita Descubriendo los derechos infantiles en Arabia Saudita Arabia Saudita, el l\u00edder mundial en producci\u00f3n de petr\u00f3leo, es uno de los pa\u00edses m\u00e1s ricos del mundo. Sin embargo, no todos los saud\u00edes viven en condiciones lujosas como se podr\u00eda imaginar. Este pa\u00eds, desigual en t\u00e9rminos de riqueza, no permite que todos los [&hellip;]<\/p>\n","protected":false},"author":1,"featured_media":0,"parent":0,"menu_order":0,"comment_status":"closed","ping_status":"open","template":"","meta":{"footnotes":""},"class_list":["post-1834","page","type-page","status-publish","hentry"],"yoast_head":"<!-- This site is optimized with the Yoast SEO plugin v26.5 - https:\/\/yoast.com\/wordpress\/plugins\/seo\/ -->\n<title>Ni\u00f1os de Arabia Saudita - Humanium<\/title>\n<meta name=\"description\" content=\"Arabia Saudita,desigual en t\u00e9rminos de riqueza, no permite que todos los ni\u00f1os disfruten de los mismos derechos.De hecho, algunos ven sus derechos violados.\" \/>\n<meta name=\"robots\" content=\"index, follow, max-snippet:-1, max-image-preview:large, max-video-preview:-1\" \/>\n<link rel=\"canonical\" href=\"https:\/\/www.humanium.org\/es\/arabia-saudita\/\" \/>\n<meta property=\"og:locale\" content=\"es_ES\" \/>\n<meta property=\"og:type\" content=\"article\" \/>\n<meta property=\"og:title\" content=\"Ni\u00f1os de Arabia Saudita - Humanium\" \/>\n<meta property=\"og:description\" content=\"Arabia Saudita,desigual en t\u00e9rminos de riqueza, no permite que todos los ni\u00f1os disfruten de los mismos derechos.De hecho, algunos ven sus derechos violados.\" \/>\n<meta property=\"og:url\" content=\"https:\/\/www.humanium.org\/es\/arabia-saudita\/\" \/>\n<meta property=\"og:site_name\" content=\"Humanium\" \/>\n<meta property=\"article:modified_time\" content=\"2025-12-05T18:07:28+00:00\" \/>\n<meta name=\"twitter:card\" content=\"summary_large_image\" \/>\n<meta name=\"twitter:label1\" content=\"Tiempo de lectura\" \/>\n\t<meta name=\"twitter:data1\" content=\"5 minutos\" \/>\n<script type=\"application\/ld+json\" class=\"yoast-schema-graph\">{\"@context\":\"https:\/\/schema.org\",\"@graph\":[{\"@type\":\"WebPage\",\"@id\":\"https:\/\/www.humanium.org\/es\/arabia-saudita\/\",\"url\":\"https:\/\/www.humanium.org\/es\/arabia-saudita\/\",\"name\":\"Ni\u00f1os de Arabia Saudita - Humanium\",\"isPartOf\":{\"@id\":\"https:\/\/www.humanium.org\/es\/#website\"},\"primaryImageOfPage\":{\"@id\":\"https:\/\/www.humanium.org\/es\/arabia-saudita\/#primaryimage\"},\"image\":{\"@id\":\"https:\/\/www.humanium.org\/es\/arabia-saudita\/#primaryimage\"},\"thumbnailUrl\":\"https:\/\/www.humanium.org\/fr\/wp-content\/uploads\/2011\/08\/fillette-moe-m-flickr.jpg\",\"datePublished\":\"2013-05-29T09:01:18+00:00\",\"dateModified\":\"2025-12-05T18:07:28+00:00\",\"description\":\"Arabia Saudita,desigual en t\u00e9rminos de riqueza, no permite que todos los ni\u00f1os disfruten de los mismos derechos.De hecho, algunos ven sus derechos violados.\",\"breadcrumb\":{\"@id\":\"https:\/\/www.humanium.org\/es\/arabia-saudita\/#breadcrumb\"},\"inLanguage\":\"es\",\"potentialAction\":[{\"@type\":\"ReadAction\",\"target\":[\"https:\/\/www.humanium.org\/es\/arabia-saudita\/\"]}]},{\"@type\":\"ImageObject\",\"inLanguage\":\"es\",\"@id\":\"https:\/\/www.humanium.org\/es\/arabia-saudita\/#primaryimage\",\"url\":\"https:\/\/www.humanium.org\/fr\/wp-content\/uploads\/2011\/08\/fillette-moe-m-flickr.jpg\",\"contentUrl\":\"https:\/\/www.humanium.org\/fr\/wp-content\/uploads\/2011\/08\/fillette-moe-m-flickr.jpg\"},{\"@type\":\"BreadcrumbList\",\"@id\":\"https:\/\/www.humanium.org\/es\/arabia-saudita\/#breadcrumb\",\"itemListElement\":[{\"@type\":\"ListItem\",\"position\":1,\"name\":\"Home\",\"item\":\"https:\/\/www.humanium.org\/es\/\"},{\"@type\":\"ListItem\",\"position\":2,\"name\":\"Ni\u00f1os de Arabia Saudita\"}]},{\"@type\":\"WebSite\",\"@id\":\"https:\/\/www.humanium.org\/es\/#website\",\"url\":\"https:\/\/www.humanium.org\/es\/\",\"name\":\"Humanium\",\"description\":\"\u00a1Los ni\u00f1os primero!\",\"potentialAction\":[{\"@type\":\"SearchAction\",\"target\":{\"@type\":\"EntryPoint\",\"urlTemplate\":\"https:\/\/www.humanium.org\/es\/?s={search_term_string}\"},\"query-input\":{\"@type\":\"PropertyValueSpecification\",\"valueRequired\":true,\"valueName\":\"search_term_string\"}}],\"inLanguage\":\"es\"}]}<\/script>\n<!-- \/ Yoast SEO plugin. -->","yoast_head_json":{"title":"Ni\u00f1os de Arabia Saudita - Humanium","description":"Arabia Saudita,desigual en t\u00e9rminos de riqueza, no permite que todos los ni\u00f1os disfruten de los mismos derechos.De hecho, algunos ven sus derechos violados.","robots":{"index":"index","follow":"follow","max-snippet":"max-snippet:-1","max-image-preview":"max-image-preview:large","max-video-preview":"max-video-preview:-1"},"canonical":"https:\/\/www.humanium.org\/es\/arabia-saudita\/","og_locale":"es_ES","og_type":"article","og_title":"Ni\u00f1os de Arabia Saudita - Humanium","og_description":"Arabia Saudita,desigual en t\u00e9rminos de riqueza, no permite que todos los ni\u00f1os disfruten de los mismos derechos.De hecho, algunos ven sus derechos violados.","og_url":"https:\/\/www.humanium.org\/es\/arabia-saudita\/","og_site_name":"Humanium","article_modified_time":"2025-12-05T18:07:28+00:00","twitter_card":"summary_large_image","twitter_misc":{"Tiempo de lectura":"5 minutos"},"schema":{"@context":"https:\/\/schema.org","@graph":[{"@type":"WebPage","@id":"https:\/\/www.humanium.org\/es\/arabia-saudita\/","url":"https:\/\/www.humanium.org\/es\/arabia-saudita\/","name":"Ni\u00f1os de Arabia Saudita - Humanium","isPartOf":{"@id":"https:\/\/www.humanium.org\/es\/#website"},"primaryImageOfPage":{"@id":"https:\/\/www.humanium.org\/es\/arabia-saudita\/#primaryimage"},"image":{"@id":"https:\/\/www.humanium.org\/es\/arabia-saudita\/#primaryimage"},"thumbnailUrl":"https:\/\/www.humanium.org\/fr\/wp-content\/uploads\/2011\/08\/fillette-moe-m-flickr.jpg","datePublished":"2013-05-29T09:01:18+00:00","dateModified":"2025-12-05T18:07:28+00:00","description":"Arabia Saudita,desigual en t\u00e9rminos de riqueza, no permite que todos los ni\u00f1os disfruten de los mismos derechos.De hecho, algunos ven sus derechos violados.","breadcrumb":{"@id":"https:\/\/www.humanium.org\/es\/arabia-saudita\/#breadcrumb"},"inLanguage":"es","potentialAction":[{"@type":"ReadAction","target":["https:\/\/www.humanium.org\/es\/arabia-saudita\/"]}]},{"@type":"ImageObject","inLanguage":"es","@id":"https:\/\/www.humanium.org\/es\/arabia-saudita\/#primaryimage","url":"https:\/\/www.humanium.org\/fr\/wp-content\/uploads\/2011\/08\/fillette-moe-m-flickr.jpg","contentUrl":"https:\/\/www.humanium.org\/fr\/wp-content\/uploads\/2011\/08\/fillette-moe-m-flickr.jpg"},{"@type":"BreadcrumbList","@id":"https:\/\/www.humanium.org\/es\/arabia-saudita\/#breadcrumb","itemListElement":[{"@type":"ListItem","position":1,"name":"Home","item":"https:\/\/www.humanium.org\/es\/"},{"@type":"ListItem","position":2,"name":"Ni\u00f1os de Arabia Saudita"}]},{"@type":"WebSite","@id":"https:\/\/www.humanium.org\/es\/#website","url":"https:\/\/www.humanium.org\/es\/","name":"Humanium","description":"\u00a1Los ni\u00f1os primero!","potentialAction":[{"@type":"SearchAction","target":{"@type":"EntryPoint","urlTemplate":"https:\/\/www.humanium.org\/es\/?s={search_term_string}"},"query-input":{"@type":"PropertyValueSpecification","valueRequired":true,"valueName":"search_term_string"}}],"inLanguage":"es"}]}},"_links":{"self":[{"href":"https:\/\/www.humanium.org\/es\/wp-json\/wp\/v2\/pages\/1834","targetHints":{"allow":["GET"]}}],"collection":[{"href":"https:\/\/www.humanium.org\/es\/wp-json\/wp\/v2\/pages"}],"about":[{"href":"https:\/\/www.humanium.org\/es\/wp-json\/wp\/v2\/types\/page"}],"author":[{"embeddable":true,"href":"https:\/\/www.humanium.org\/es\/wp-json\/wp\/v2\/users\/1"}],"replies":[{"embeddable":true,"href":"https:\/\/www.humanium.org\/es\/wp-json\/wp\/v2\/comments?post=1834"}],"version-history":[{"count":4,"href":"https:\/\/www.humanium.org\/es\/wp-json\/wp\/v2\/pages\/1834\/revisions"}],"predecessor-version":[{"id":20527,"href":"https:\/\/www.humanium.org\/es\/wp-json\/wp\/v2\/pages\/1834\/revisions\/20527"}],"wp:attachment":[{"href":"https:\/\/www.humanium.org\/es\/wp-json\/wp\/v2\/media?parent=1834"}],"curies":[{"name":"wp","href":"https:\/\/api.w.org\/{rel}","templated":true}]}}