{"id":1840,"date":"2013-05-29T09:17:04","date_gmt":"2013-05-29T09:17:04","guid":{"rendered":"http:\/\/www.humanium.org\/es\/?page_id=1840"},"modified":"2025-12-05T17:46:08","modified_gmt":"2025-12-05T17:46:08","slug":"australia","status":"publish","type":"page","link":"https:\/\/www.humanium.org\/es\/australia\/","title":{"rendered":"Ni\u00f1os de Australia"},"content":{"rendered":"<h1>Ni\u00f1os de Australia<\/h1>\n<h2>Descubriendo los derechos infantiles en Australia<\/h2>\n<p style=\"text-align: center;\"><img loading=\"lazy\" decoding=\"async\" class=\" wp-image-27256 alignnone\" title=\"Ni\u00f1a de Australia \u00a9 Kim Steele (Getty images)\" src=\"https:\/\/www.humanium.org\/fr\/wp-content\/uploads\/2011\/06\/petite-australienne-Kim-Steele-Getty-images3.jpg\" alt=\"\" width=\"153\" height=\"200\" \/> <img loading=\"lazy\" decoding=\"async\" class=\"alignnone wp-image-27262\" title=\"Ni\u00f1o de Australia \u00a9 Lyn Walkerden Photography (getty-image)\" src=\"https:\/\/www.humanium.org\/fr\/wp-content\/uploads\/2011\/07\/garcon-australien-lyn-walkerden-photography-getty-image.jpg\" alt=\"\" width=\"182\" height=\"200\" \/><\/p>\n<p>En general, los ni\u00f1os australianos son privilegiados en cuanto al respeto de sus\u00a0derechos. Sin embargo, algunos de ellos, entre los que se incluyen aquellos que son\u00a0v\u00edctimas de la pobreza o son hijos de abor\u00edgenes, cuyos derechos suelen ser violados.<\/p>\n<h3>Principales problemas que afectan a los ni\u00f1os en Australia:<\/h3>\n<p><strong>Pobreza<br \/>\n<\/strong><br \/>\n<img loading=\"lazy\" decoding=\"async\" class=\"size-full wp-image-10753 alignright\" title=\"La pobreza a\u00fan sigue presente en Australia \u00a9 Jodie Griggs (getty images)\" src=\"https:\/\/www.humanium.org\/fr\/wp-content\/uploads\/2011\/07\/pauvrete-jodie-griggs-getty-images.jpg\" alt=\"\" width=\"191\" height=\"103\" \/>En Australia, uno de cada siete ni\u00f1os vive atrapado en la pobreza. Las familias con bajos ingresos se esfuerzan por criar a sus hijos, quienes a veces son v\u00edctimas de abusos o de maltrato.<\/p>\n<p>En Australia, la pobreza afecta principalmente a las familias inmigrantes. Ello repercute de manera significativa en la vida de los ni\u00f1os quienes, como consecuencia, son menos saludables y tienen menos oportunidades de acceder a una educaci\u00f3n superior.<\/p>\n<p><strong>Ni\u00f1os refugiados<br \/>\n<\/strong><br \/>\nLa situaci\u00f3n de los ni\u00f1os refugiados en Australia est\u00e1 empeorando. Muchos ni\u00f1os, normalmente esrilanqueses o afganos, llegan al continente por mar en busca de asilo.<\/p>\n<p>En 2010, Australia suspendi\u00f3 la tramitaci\u00f3n de nuevas solicitudes de asilo de inmigrantes esrilanqueses y afganos. El problema es que estos ni\u00f1os corren el riesgo de ser detenidos de manera arbitraria, a pesar de poseer razones leg\u00edtimas para solicitar su demanda.<\/p>\n<p>A este respecto, la Amnist\u00eda Internacional ha declarado lo siguiente: \u201cPor desgracia, parece que ahora el gobierno australiano est\u00e1 intentando pisotear los derechos de los vulnerables\u201d.<\/p>\n<p>En 2011, Australia declar\u00f3 su intenci\u00f3n de deportar a Malasia a los menores de edad inmigrantes que llegaron al pa\u00eds sin compa\u00f1\u00eda. La situaci\u00f3n de estos ni\u00f1os obligados a valerse por s\u00ed mismos es cr\u00edtica. El viaje hasta alcanzar Australia es largo y complicado, y una vez all\u00ed, suelen padecer problemas de salud y desnutrici\u00f3n.<\/p>\n<p>En esta situaci\u00f3n, el respeto a los derechos infantiles no est\u00e1 siempre asegurado, raz\u00f3n por la que el Alto Comisionado de las Naciones Unidas para los Refugiados (ACNUR) ha hecho un llamamiento a introducir \u201cconsideraciones especiales y acuerdos de protecci\u00f3n apropiados para los grupos vulnerables, incluyendo los menores sin compa\u00f1\u00eda\u201d.<\/p>\n<p><strong>Ni\u00f1os abor\u00edgenes<br \/>\n<\/strong><br \/>\n<img loading=\"lazy\" decoding=\"async\" class=\"alignright size-full wp-image-10754\" title=\" Las comunidades ind\u00edgenas son v\u00edctimas de discriminaci\u00f3n en Australia \u00a9 Youth With Mission International (flickr)\" src=\"https:\/\/www.humanium.org\/fr\/wp-content\/uploads\/2011\/07\/groupes-aborigenes-youth-with-mission-international-flickr.jpg\" alt=\"\" width=\"159\" height=\"200\" \/>Los pueblos ind\u00edgenas, quienes fueron los primeros en poblar el continente australiano, ven ahora c\u00f3mo sus derechos son violados y frecuentemente desconocidos. Estas comunidades han sido testigos de la devastaci\u00f3n de sus tierras y cultivos. Tales acciones tienen tr\u00e1gicos efectos sobre los ni\u00f1os ind\u00edgenas, ya que la mayor\u00eda vive en la pobreza, con escasas esperanzas de que la sociedad australiana cambie.<\/p>\n<p>Estos pueblos, que viven al margen de la sociedad, se encuentran privados de derechos b\u00e1sicos como la educaci\u00f3n o la salud. La mayor\u00eda de los ni\u00f1os que no tienen acceso a una educaci\u00f3n adecuada, formar\u00e1 parte en gran medida de la futura poblaci\u00f3n desempleada.<\/p>\n<p>En cuanto llegan a la \u201cciudad\u201d, los ni\u00f1os ind\u00edgenas se enfrentan a la discriminaci\u00f3n, debiendo luchar contra su identidad. Estos ni\u00f1os son v\u00edctimas del racismo de la sociedad; son excluidos y tienen muy pocas oportunidades a su alcance.<\/p>\n<p>Esta discriminaci\u00f3n provoca que los ni\u00f1os se pasen el d\u00eda encerrados en su pandilla, consumiendo drogas y alcohol.<\/p>\n<p>Los pueblos abor\u00edgenes son bastante pobres, de ah\u00ed que muchos ni\u00f1os ind\u00edgenas padezcan hambre y sean v\u00edctimas de la desnutrici\u00f3n.<\/p>\n<p>Un informe llevado a cabo por el Gobierno del Territorio Norte ha revelado que muchos ni\u00f1os han sido objeto de abusos sexuales en comunidades alejadas. Los abusos dejan secuelas traum\u00e1ticas en los ni\u00f1os, quienes dif\u00edcilmente comprenden a las autoridades judiciales.<\/p>\n<p>Estas violaciones no s\u00f3lo provocan un trauma emocional, sino tambi\u00e9n el riesgo de contraer enfermedades de transmisi\u00f3n sexual o embarazos no deseados.<\/p>\n<p><strong>Ni\u00f1os v\u00edctimas de abusos<br \/>\n<\/strong><br \/>\n<img loading=\"lazy\" decoding=\"async\" class=\"size-full wp-image-9744 alignright\" title=\"Los ni\u00f1os australianos no est\u00e1n a salvo de la violencia f\u00edsica y psicol\u00f3gica \u00a9 Free range jace (flickr)\" src=\"https:\/\/www.humanium.org\/fr\/wp-content\/uploads\/2011\/06\/enfants-victimes-violences-free-range-jace-flickr.jpg\" alt=\"\" width=\"142\" height=\"174\" \/>Alrededor de 46,187 ni\u00f1os son v\u00edctimas de abusos al a\u00f1o en Australia.<\/p>\n<p>Los ni\u00f1os m\u00e1s afectados por abuso sexual o negligencia son los menores de un a\u00f1o y aquellos entre uno y cuatro a\u00f1os de edad.<\/p>\n<p>El n\u00famero de casos de violencia psicol\u00f3gica en Australia va en aumento. De hecho, muchos ni\u00f1os son testigos de la violencia dom\u00e9stica a diario, lo cual les afecta y perturba. Ante estas situaciones, es necesario que el ni\u00f1o pueda acceder a servicios sociales y de salud para el diagn\u00f3stico o la prevenci\u00f3n temprana de trastornos psicol\u00f3gicos.<\/p>\n<p><strong>Medio ambiente<br \/>\n<\/strong><br \/>\nCon 18.1 toneladas de CO2 per c\u00e1pita al a\u00f1o, Australia es uno de los peores agentes contaminantes del planeta. Ello tambi\u00e9n repercute en la vida de los ni\u00f1os y en su futuro; todo ni\u00f1o tiene derecho a vivir en un ambiente saludable. Australia debe avanzar en materia de reducci\u00f3n de su huella medioambiental.<\/p>\n","protected":false},"excerpt":{"rendered":"<p>Ni\u00f1os de Australia Descubriendo los derechos infantiles en Australia En general, los ni\u00f1os australianos son privilegiados en cuanto al respeto de sus\u00a0derechos. Sin embargo, algunos de ellos, entre los que se incluyen aquellos que son\u00a0v\u00edctimas de la pobreza o son hijos de abor\u00edgenes, cuyos derechos suelen ser violados. Principales problemas que afectan a los ni\u00f1os [&hellip;]<\/p>\n","protected":false},"author":1,"featured_media":0,"parent":0,"menu_order":0,"comment_status":"closed","ping_status":"open","template":"","meta":{"footnotes":""},"class_list":["post-1840","page","type-page","status-publish","hentry"],"yoast_head":"<!-- This site is optimized with the Yoast SEO plugin v26.5 - https:\/\/yoast.com\/wordpress\/plugins\/seo\/ -->\n<title>Ni\u00f1os de Australia - Humanium<\/title>\n<meta name=\"description\" content=\"Los derechos de los ni\u00f1os en Australia, son respetados. Pero, aquellos\u00a0v\u00edctimas de la pobreza o los hijos de abor\u00edgenes ven sus derechos violados.\" \/>\n<meta name=\"robots\" content=\"index, follow, max-snippet:-1, max-image-preview:large, max-video-preview:-1\" \/>\n<link rel=\"canonical\" href=\"https:\/\/www.humanium.org\/es\/australia\/\" \/>\n<meta property=\"og:locale\" content=\"es_ES\" \/>\n<meta property=\"og:type\" content=\"article\" \/>\n<meta property=\"og:title\" content=\"Ni\u00f1os de Australia - Humanium\" \/>\n<meta property=\"og:description\" content=\"Los derechos de los ni\u00f1os en Australia, son respetados. Pero, aquellos\u00a0v\u00edctimas de la pobreza o los hijos de abor\u00edgenes ven sus derechos violados.\" \/>\n<meta property=\"og:url\" content=\"https:\/\/www.humanium.org\/es\/australia\/\" \/>\n<meta property=\"og:site_name\" content=\"Humanium\" \/>\n<meta property=\"article:modified_time\" content=\"2025-12-05T17:46:08+00:00\" \/>\n<meta name=\"twitter:card\" content=\"summary_large_image\" \/>\n<meta name=\"twitter:label1\" content=\"Tiempo de lectura\" \/>\n\t<meta name=\"twitter:data1\" content=\"5 minutos\" \/>\n<script type=\"application\/ld+json\" class=\"yoast-schema-graph\">{\"@context\":\"https:\/\/schema.org\",\"@graph\":[{\"@type\":\"WebPage\",\"@id\":\"https:\/\/www.humanium.org\/es\/australia\/\",\"url\":\"https:\/\/www.humanium.org\/es\/australia\/\",\"name\":\"Ni\u00f1os de Australia - Humanium\",\"isPartOf\":{\"@id\":\"https:\/\/www.humanium.org\/es\/#website\"},\"primaryImageOfPage\":{\"@id\":\"https:\/\/www.humanium.org\/es\/australia\/#primaryimage\"},\"image\":{\"@id\":\"https:\/\/www.humanium.org\/es\/australia\/#primaryimage\"},\"thumbnailUrl\":\"https:\/\/www.humanium.org\/fr\/wp-content\/uploads\/2011\/06\/petite-australienne-Kim-Steele-Getty-images3.jpg\",\"datePublished\":\"2013-05-29T09:17:04+00:00\",\"dateModified\":\"2025-12-05T17:46:08+00:00\",\"description\":\"Los derechos de los ni\u00f1os en Australia, son respetados. Pero, aquellos\u00a0v\u00edctimas de la pobreza o los hijos de abor\u00edgenes ven sus derechos violados.\",\"breadcrumb\":{\"@id\":\"https:\/\/www.humanium.org\/es\/australia\/#breadcrumb\"},\"inLanguage\":\"es\",\"potentialAction\":[{\"@type\":\"ReadAction\",\"target\":[\"https:\/\/www.humanium.org\/es\/australia\/\"]}]},{\"@type\":\"ImageObject\",\"inLanguage\":\"es\",\"@id\":\"https:\/\/www.humanium.org\/es\/australia\/#primaryimage\",\"url\":\"https:\/\/www.humanium.org\/fr\/wp-content\/uploads\/2011\/06\/petite-australienne-Kim-Steele-Getty-images3.jpg\",\"contentUrl\":\"https:\/\/www.humanium.org\/fr\/wp-content\/uploads\/2011\/06\/petite-australienne-Kim-Steele-Getty-images3.jpg\"},{\"@type\":\"BreadcrumbList\",\"@id\":\"https:\/\/www.humanium.org\/es\/australia\/#breadcrumb\",\"itemListElement\":[{\"@type\":\"ListItem\",\"position\":1,\"name\":\"Home\",\"item\":\"https:\/\/www.humanium.org\/es\/\"},{\"@type\":\"ListItem\",\"position\":2,\"name\":\"Ni\u00f1os de Australia\"}]},{\"@type\":\"WebSite\",\"@id\":\"https:\/\/www.humanium.org\/es\/#website\",\"url\":\"https:\/\/www.humanium.org\/es\/\",\"name\":\"Humanium\",\"description\":\"\u00a1Los ni\u00f1os primero!\",\"potentialAction\":[{\"@type\":\"SearchAction\",\"target\":{\"@type\":\"EntryPoint\",\"urlTemplate\":\"https:\/\/www.humanium.org\/es\/?s={search_term_string}\"},\"query-input\":{\"@type\":\"PropertyValueSpecification\",\"valueRequired\":true,\"valueName\":\"search_term_string\"}}],\"inLanguage\":\"es\"}]}<\/script>\n<!-- \/ Yoast SEO plugin. -->","yoast_head_json":{"title":"Ni\u00f1os de Australia - Humanium","description":"Los derechos de los ni\u00f1os en Australia, son respetados. Pero, aquellos\u00a0v\u00edctimas de la pobreza o los hijos de abor\u00edgenes ven sus derechos violados.","robots":{"index":"index","follow":"follow","max-snippet":"max-snippet:-1","max-image-preview":"max-image-preview:large","max-video-preview":"max-video-preview:-1"},"canonical":"https:\/\/www.humanium.org\/es\/australia\/","og_locale":"es_ES","og_type":"article","og_title":"Ni\u00f1os de Australia - Humanium","og_description":"Los derechos de los ni\u00f1os en Australia, son respetados. Pero, aquellos\u00a0v\u00edctimas de la pobreza o los hijos de abor\u00edgenes ven sus derechos violados.","og_url":"https:\/\/www.humanium.org\/es\/australia\/","og_site_name":"Humanium","article_modified_time":"2025-12-05T17:46:08+00:00","twitter_card":"summary_large_image","twitter_misc":{"Tiempo de lectura":"5 minutos"},"schema":{"@context":"https:\/\/schema.org","@graph":[{"@type":"WebPage","@id":"https:\/\/www.humanium.org\/es\/australia\/","url":"https:\/\/www.humanium.org\/es\/australia\/","name":"Ni\u00f1os de Australia - Humanium","isPartOf":{"@id":"https:\/\/www.humanium.org\/es\/#website"},"primaryImageOfPage":{"@id":"https:\/\/www.humanium.org\/es\/australia\/#primaryimage"},"image":{"@id":"https:\/\/www.humanium.org\/es\/australia\/#primaryimage"},"thumbnailUrl":"https:\/\/www.humanium.org\/fr\/wp-content\/uploads\/2011\/06\/petite-australienne-Kim-Steele-Getty-images3.jpg","datePublished":"2013-05-29T09:17:04+00:00","dateModified":"2025-12-05T17:46:08+00:00","description":"Los derechos de los ni\u00f1os en Australia, son respetados. Pero, aquellos\u00a0v\u00edctimas de la pobreza o los hijos de abor\u00edgenes ven sus derechos violados.","breadcrumb":{"@id":"https:\/\/www.humanium.org\/es\/australia\/#breadcrumb"},"inLanguage":"es","potentialAction":[{"@type":"ReadAction","target":["https:\/\/www.humanium.org\/es\/australia\/"]}]},{"@type":"ImageObject","inLanguage":"es","@id":"https:\/\/www.humanium.org\/es\/australia\/#primaryimage","url":"https:\/\/www.humanium.org\/fr\/wp-content\/uploads\/2011\/06\/petite-australienne-Kim-Steele-Getty-images3.jpg","contentUrl":"https:\/\/www.humanium.org\/fr\/wp-content\/uploads\/2011\/06\/petite-australienne-Kim-Steele-Getty-images3.jpg"},{"@type":"BreadcrumbList","@id":"https:\/\/www.humanium.org\/es\/australia\/#breadcrumb","itemListElement":[{"@type":"ListItem","position":1,"name":"Home","item":"https:\/\/www.humanium.org\/es\/"},{"@type":"ListItem","position":2,"name":"Ni\u00f1os de Australia"}]},{"@type":"WebSite","@id":"https:\/\/www.humanium.org\/es\/#website","url":"https:\/\/www.humanium.org\/es\/","name":"Humanium","description":"\u00a1Los ni\u00f1os primero!","potentialAction":[{"@type":"SearchAction","target":{"@type":"EntryPoint","urlTemplate":"https:\/\/www.humanium.org\/es\/?s={search_term_string}"},"query-input":{"@type":"PropertyValueSpecification","valueRequired":true,"valueName":"search_term_string"}}],"inLanguage":"es"}]}},"_links":{"self":[{"href":"https:\/\/www.humanium.org\/es\/wp-json\/wp\/v2\/pages\/1840","targetHints":{"allow":["GET"]}}],"collection":[{"href":"https:\/\/www.humanium.org\/es\/wp-json\/wp\/v2\/pages"}],"about":[{"href":"https:\/\/www.humanium.org\/es\/wp-json\/wp\/v2\/types\/page"}],"author":[{"embeddable":true,"href":"https:\/\/www.humanium.org\/es\/wp-json\/wp\/v2\/users\/1"}],"replies":[{"embeddable":true,"href":"https:\/\/www.humanium.org\/es\/wp-json\/wp\/v2\/comments?post=1840"}],"version-history":[{"count":4,"href":"https:\/\/www.humanium.org\/es\/wp-json\/wp\/v2\/pages\/1840\/revisions"}],"predecessor-version":[{"id":20431,"href":"https:\/\/www.humanium.org\/es\/wp-json\/wp\/v2\/pages\/1840\/revisions\/20431"}],"wp:attachment":[{"href":"https:\/\/www.humanium.org\/es\/wp-json\/wp\/v2\/media?parent=1840"}],"curies":[{"name":"wp","href":"https:\/\/api.w.org\/{rel}","templated":true}]}}