{"id":1976,"date":"2013-06-03T16:05:00","date_gmt":"2013-06-03T16:05:00","guid":{"rendered":"http:\/\/www.humanium.org\/es\/?page_id=1976"},"modified":"2025-12-05T17:44:49","modified_gmt":"2025-12-05T17:44:49","slug":"fiyi","status":"publish","type":"page","link":"https:\/\/www.humanium.org\/es\/fiyi\/","title":{"rendered":"Ni\u00f1os de Fiyi"},"content":{"rendered":"<h1>Ni\u00f1os de Fiyi<\/h1>\n<h2>Descubriendo los derechos infantiles en Fiyi<\/h2>\n<p style=\"text-align: center;\"><img loading=\"lazy\" decoding=\"async\" class=\" wp-image-27256 alignnone\" title=\"Ni\u00f1a de Fiyi \u00a9 jgaustralie (Flickr)\" src=\"https:\/\/www.humanium.org\/fr\/wp-content\/uploads\/2012\/12\/fille-de-taveuni-225x300.jpg\" alt=\"\" width=\"153\" height=\"200\" \/> <img loading=\"lazy\" decoding=\"async\" class=\"alignnone wp-image-27262\" title=\"Ni\u00f1o de Fiyi \u00a9 jgaustralie (Flickr)\" src=\"https:\/\/www.humanium.org\/fr\/wp-content\/uploads\/2012\/12\/garcon-des-fidji-225x300.jpg\" alt=\"\" width=\"131\" height=\"200\" \/><\/p>\n<p>Desde el golpe de estado del 2006, la Rep\u00fablica de Fiyi, formada por un archipi\u00e9lago de 322 islas, sufre una fuerte inestabilidad pol\u00edtica. La Constituci\u00f3n ha sido suspendida y se ha impuesto el estado de excepci\u00f3n. Este contexto explica la dificultad del gobierno para hacer respetar los derechos del ni\u00f1o. No obstante, se han efectuado muchos esfuerzos en este sentido, y aunque se han conseguido progresos, la situaci\u00f3n contin\u00faa siendo dif\u00edcil.<\/p>\n<h3>Principales problemas que afectan a los ni\u00f1os en Fiyi:<\/h3>\n<p><a href=\"https:\/\/www.humanium.org\/es\/pobreza-infantil\/\"><strong>Pobreza<br \/>\n<\/strong><\/a><br \/>\n<img decoding=\"async\" class=\"alignright wp-image-27302\" title=\"Fillette \u00a9 caritas\" src=\"https:\/\/www.humanium.org\/fr\/wp-content\/uploads\/2012\/12\/fillette-227x300.jpg\" alt=\"\" height=\"110\" \/>El 31% de la poblaci\u00f3n vive por debajo del umbral de la pobreza. Esta es sobre todo visible en el medio rural, donde alcanza al 43% de la poblaci\u00f3n. Un 15% de la poblaci\u00f3n fiyiana vive en colonias de chabolas.<\/p>\n<p><a href=\"https:\/\/www.humanium.org\/es\/derecho-salud\/\"><strong>Derecho a la salud<br \/>\n<\/strong><\/a><br \/>\nSe estima que el 80% de la poblaci\u00f3n del archipi\u00e9lago tiene acceso a cuidados sanitarios, pero solamente un 40% tienen acceso a cuidados de calidad. Como consecuencia, la tasa de mortalidad infantil es del 15,2\u2030 antes de 1 a\u00f1o y del 23,2\u2030 antes de los 5 a\u00f1os.<\/p>\n<p><img loading=\"lazy\" decoding=\"async\" class=\"alignright size-full wp-image-27221\" title=\"hopital \u00a9 UNICEF\" src=\"https:\/\/www.humanium.org\/fr\/wp-content\/uploads\/2012\/12\/hopital-\u00a9-UNICEF.jpg\" alt=\"\" width=\"200\" height=\"140\" \/>En numerosos casos, el acceso al agua potable es muy dif\u00edcil, lo que causa numerosas epidemias de diarrea. Adem\u00e1s, solamente el 60% de los ni\u00f1os son vacunados contra la rubeola.<\/p>\n<p>A pesar de la implementaci\u00f3n de un seguimiento m\u00e9dico para los ni\u00f1os escolarizados, uno de cada ocho ni\u00f1os sufre de obesidad o diabetes.<\/p>\n<p>Por \u00faltimo, se observa una huida de personal sanitario hacia los pa\u00edses vecinos. Por ello, el Gobierno deber\u00eda realizar un esfuerzo para frenar esta tendencia, con el fin de mejorar el nivel de asistencia sanitaria.<\/p>\n<p><a href=\"https:\/\/www.humanium.org\/es\/derecho-educacion\/\"><strong>Acceso a la educaci\u00f3n<br \/>\n<\/strong><\/a><br \/>\nLa inscripci\u00f3n en la escuela es gratuita hasta el final del segundo ciclo. Sin embargo, los costes asociados a los uniformes, zapatos, libros y transporte son muy elevados. Adem\u00e1s, el transporte es un verdadero problema en este archipi\u00e9lago, donde las infraestructuras terrestres o mar\u00edtimas son insuficientes, lo que explica la brecha existente en el nivel de escolarizaci\u00f3n entre los ni\u00f1os del medio rural y los del medio urbano.<\/p>\n<p><img loading=\"lazy\" decoding=\"async\" class=\"alignright size-full wp-image-27220\" title=\"\u00e9cole \u00a9 projects abroad\" src=\"https:\/\/www.humanium.org\/fr\/wp-content\/uploads\/2012\/12\/mission-enseignement-anglais-iles-fidji-\u00a9-projects-abroad.jpg\" alt=\"\" width=\"230\" height=\"230\" \/>Como consecuencia, solamente un 65% de los ni\u00f1os y ni\u00f1as est\u00e1n escolarizados en primaria, y un 33% en secundaria.<\/p>\n<p>A pesar de que el sistema educativo fiyiano es uno de los mejores de toda la regi\u00f3n del Pac\u00edfico, est\u00e1 mal adaptado a las necesidades de mano de obra de la comunidad, y lleva a m\u00e1s de la mitad de los estudiantes al paro.<\/p>\n<p><a href=\"https:\/\/www.humanium.org\/es\/trabajo-infantil\/\"><strong>Trabajo infantil<br \/>\n<\/strong><\/a><br \/>\nDebido a las condiciones anteriormente citadas, el trabajo infantil no es un hecho aislado. De hecho, el 9,5% de los ni\u00f1os de entre 10 y 14 a\u00f1os y el 23,5% de los de 15 a 19 a\u00f1os est\u00e1n censados como trabajadores.<\/p>\n<p>Se ejercen diversas tareas; los ni\u00f1os son empleados generalmente como servicio dom\u00e9stico o como trabajadores en granjas y en el campo.<\/p>\n<p>Los ni\u00f1os de las calles realizan peque\u00f1os trabajos como enceradores o transportadores, pero tambi\u00e9n se suelen encontrar con bastante facilidad en las redes de la prostituci\u00f3n y la pornograf\u00eda.<\/p>\n<p>Estos ni\u00f1os son particularmente vulnerables porque las ayudas del Gobierno est\u00e1n destinadas a las familias y no les llegan a ellos.<\/p>\n<p><a href=\"https:\/\/www.humanium.org\/es\/no-discriminacion\/\"><strong>Discriminaci\u00f3n<br \/>\n<\/strong><\/a><br \/>\nSe dan diferentes tipos de discriminaci\u00f3n, tanto en el acceso a la educaci\u00f3n como en el acceso a la sanidad.<\/p>\n<p>Destacamos en primer lugar una discriminaci\u00f3n racial hacia los fiyianos ind\u00edgenas.<\/p>\n<p>Adem\u00e1s, las mujeres son consideradas inferiores a los hombres.<\/p>\n<p>En el mejor de los casos, los ni\u00f1os que tienen problemas de aprendizaje abandonan la escuela tras primaria<\/p>\n<p>Los ni\u00f1os nacidos fuera del matrimonio tambi\u00e9n son v\u00edctimas de discriminaci\u00f3n.<\/p>\n<p>Por \u00faltimo, las <a href=\"https:\/\/www.humanium.org\/es\/ninos-discapacitados\/\">personas con discapacidad<\/a> no cuentan con ninguna protecci\u00f3n legislativa, y las estructuras que podr\u00edan ayudarles son pr\u00e1cticamente inexistentes.<\/p>\n<p><strong>Banalizaci\u00f3n de la <a href=\"https:\/\/www.humanium.org\/es\/abuso-infantil\/\">violencia<br \/>\n<\/a><\/strong><br \/>\nPara comenzar, hay que destacar que los <a href=\"https:\/\/www.humanium.org\/es\/abuso-infantil\/\">castigos corporales<\/a> son legales en el seno del hogar.<\/p>\n<p>El aumento de la violencia dom\u00e9stica, incluyendo la violencia sexual, es inquietante.<\/p>\n<p>Esta violencia se dirige esencialmente contra mujeres y ni\u00f1os y ni\u00f1as.<\/p>\n<p>En la escuela, los castigos corporales est\u00e1n prohibidos, pero en ciertas zonas se practican con regularidad.<\/p>\n<p>El <a href=\"https:\/\/www.humanium.org\/es\/matrimonio-infantil\/\">matrimonio temprano<\/a> es una costumbre habitual, pues una hija se considera una carga para la familia.<\/p>\n<p><a href=\"https:\/\/www.humanium.org\/es\/derechos\/\"><strong>Libertad de expresi\u00f3n y de reuni\u00f3n<br \/>\n<\/strong><\/a><br \/>\nLa libertad de expresi\u00f3n, de culto o de reuni\u00f3n de m\u00e1s de 10 personas est\u00e1 prohibida, sea de ni\u00f1os o de adultos.<\/p>\n","protected":false},"excerpt":{"rendered":"<p>Ni\u00f1os de Fiyi Descubriendo los derechos infantiles en Fiyi Desde el golpe de estado del 2006, la Rep\u00fablica de Fiyi, formada por un archipi\u00e9lago de 322 islas, sufre una fuerte inestabilidad pol\u00edtica. La Constituci\u00f3n ha sido suspendida y se ha impuesto el estado de excepci\u00f3n. Este contexto explica la dificultad del gobierno para hacer respetar [&hellip;]<\/p>\n","protected":false},"author":1,"featured_media":0,"parent":0,"menu_order":0,"comment_status":"closed","ping_status":"open","template":"","meta":{"footnotes":""},"class_list":["post-1976","page","type-page","status-publish","hentry"],"yoast_head":"<!-- This site is optimized with the Yoast SEO plugin v26.5 - https:\/\/yoast.com\/wordpress\/plugins\/seo\/ -->\n<title>Ni\u00f1os de Fiyi - Humanium<\/title>\n<meta name=\"description\" content=\"A pesar de los esfuerzos realizados por el gobierno, la situaci\u00f3n politica en Fiyi explica la dificultad para hacer que se respeten los derechos del ni\u00f1o.\" \/>\n<meta name=\"robots\" content=\"index, follow, max-snippet:-1, max-image-preview:large, max-video-preview:-1\" \/>\n<link rel=\"canonical\" href=\"https:\/\/www.humanium.org\/es\/fiyi\/\" \/>\n<meta property=\"og:locale\" content=\"es_ES\" \/>\n<meta property=\"og:type\" content=\"article\" \/>\n<meta property=\"og:title\" content=\"Ni\u00f1os de Fiyi - Humanium\" \/>\n<meta property=\"og:description\" content=\"A pesar de los esfuerzos realizados por el gobierno, la situaci\u00f3n politica en Fiyi explica la dificultad para hacer que se respeten los derechos del ni\u00f1o.\" \/>\n<meta property=\"og:url\" content=\"https:\/\/www.humanium.org\/es\/fiyi\/\" \/>\n<meta property=\"og:site_name\" content=\"Humanium\" \/>\n<meta property=\"article:modified_time\" content=\"2025-12-05T17:44:49+00:00\" \/>\n<meta name=\"twitter:card\" content=\"summary_large_image\" \/>\n<meta name=\"twitter:label1\" content=\"Tiempo de lectura\" \/>\n\t<meta name=\"twitter:data1\" content=\"5 minutos\" \/>\n<script type=\"application\/ld+json\" class=\"yoast-schema-graph\">{\"@context\":\"https:\/\/schema.org\",\"@graph\":[{\"@type\":\"WebPage\",\"@id\":\"https:\/\/www.humanium.org\/es\/fiyi\/\",\"url\":\"https:\/\/www.humanium.org\/es\/fiyi\/\",\"name\":\"Ni\u00f1os de Fiyi - Humanium\",\"isPartOf\":{\"@id\":\"https:\/\/www.humanium.org\/es\/#website\"},\"primaryImageOfPage\":{\"@id\":\"https:\/\/www.humanium.org\/es\/fiyi\/#primaryimage\"},\"image\":{\"@id\":\"https:\/\/www.humanium.org\/es\/fiyi\/#primaryimage\"},\"thumbnailUrl\":\"https:\/\/www.humanium.org\/fr\/wp-content\/uploads\/2012\/12\/fille-de-taveuni-225x300.jpg\",\"datePublished\":\"2013-06-03T16:05:00+00:00\",\"dateModified\":\"2025-12-05T17:44:49+00:00\",\"description\":\"A pesar de los esfuerzos realizados por el gobierno, la situaci\u00f3n politica en Fiyi explica la dificultad para hacer que se respeten los derechos del ni\u00f1o.\",\"breadcrumb\":{\"@id\":\"https:\/\/www.humanium.org\/es\/fiyi\/#breadcrumb\"},\"inLanguage\":\"es\",\"potentialAction\":[{\"@type\":\"ReadAction\",\"target\":[\"https:\/\/www.humanium.org\/es\/fiyi\/\"]}]},{\"@type\":\"ImageObject\",\"inLanguage\":\"es\",\"@id\":\"https:\/\/www.humanium.org\/es\/fiyi\/#primaryimage\",\"url\":\"https:\/\/www.humanium.org\/fr\/wp-content\/uploads\/2012\/12\/fille-de-taveuni-225x300.jpg\",\"contentUrl\":\"https:\/\/www.humanium.org\/fr\/wp-content\/uploads\/2012\/12\/fille-de-taveuni-225x300.jpg\"},{\"@type\":\"BreadcrumbList\",\"@id\":\"https:\/\/www.humanium.org\/es\/fiyi\/#breadcrumb\",\"itemListElement\":[{\"@type\":\"ListItem\",\"position\":1,\"name\":\"Home\",\"item\":\"https:\/\/www.humanium.org\/es\/\"},{\"@type\":\"ListItem\",\"position\":2,\"name\":\"Ni\u00f1os de Fiyi\"}]},{\"@type\":\"WebSite\",\"@id\":\"https:\/\/www.humanium.org\/es\/#website\",\"url\":\"https:\/\/www.humanium.org\/es\/\",\"name\":\"Humanium\",\"description\":\"\u00a1Los ni\u00f1os primero!\",\"potentialAction\":[{\"@type\":\"SearchAction\",\"target\":{\"@type\":\"EntryPoint\",\"urlTemplate\":\"https:\/\/www.humanium.org\/es\/?s={search_term_string}\"},\"query-input\":{\"@type\":\"PropertyValueSpecification\",\"valueRequired\":true,\"valueName\":\"search_term_string\"}}],\"inLanguage\":\"es\"}]}<\/script>\n<!-- \/ Yoast SEO plugin. -->","yoast_head_json":{"title":"Ni\u00f1os de Fiyi - Humanium","description":"A pesar de los esfuerzos realizados por el gobierno, la situaci\u00f3n politica en Fiyi explica la dificultad para hacer que se respeten los derechos del ni\u00f1o.","robots":{"index":"index","follow":"follow","max-snippet":"max-snippet:-1","max-image-preview":"max-image-preview:large","max-video-preview":"max-video-preview:-1"},"canonical":"https:\/\/www.humanium.org\/es\/fiyi\/","og_locale":"es_ES","og_type":"article","og_title":"Ni\u00f1os de Fiyi - Humanium","og_description":"A pesar de los esfuerzos realizados por el gobierno, la situaci\u00f3n politica en Fiyi explica la dificultad para hacer que se respeten los derechos del ni\u00f1o.","og_url":"https:\/\/www.humanium.org\/es\/fiyi\/","og_site_name":"Humanium","article_modified_time":"2025-12-05T17:44:49+00:00","twitter_card":"summary_large_image","twitter_misc":{"Tiempo de lectura":"5 minutos"},"schema":{"@context":"https:\/\/schema.org","@graph":[{"@type":"WebPage","@id":"https:\/\/www.humanium.org\/es\/fiyi\/","url":"https:\/\/www.humanium.org\/es\/fiyi\/","name":"Ni\u00f1os de Fiyi - Humanium","isPartOf":{"@id":"https:\/\/www.humanium.org\/es\/#website"},"primaryImageOfPage":{"@id":"https:\/\/www.humanium.org\/es\/fiyi\/#primaryimage"},"image":{"@id":"https:\/\/www.humanium.org\/es\/fiyi\/#primaryimage"},"thumbnailUrl":"https:\/\/www.humanium.org\/fr\/wp-content\/uploads\/2012\/12\/fille-de-taveuni-225x300.jpg","datePublished":"2013-06-03T16:05:00+00:00","dateModified":"2025-12-05T17:44:49+00:00","description":"A pesar de los esfuerzos realizados por el gobierno, la situaci\u00f3n politica en Fiyi explica la dificultad para hacer que se respeten los derechos del ni\u00f1o.","breadcrumb":{"@id":"https:\/\/www.humanium.org\/es\/fiyi\/#breadcrumb"},"inLanguage":"es","potentialAction":[{"@type":"ReadAction","target":["https:\/\/www.humanium.org\/es\/fiyi\/"]}]},{"@type":"ImageObject","inLanguage":"es","@id":"https:\/\/www.humanium.org\/es\/fiyi\/#primaryimage","url":"https:\/\/www.humanium.org\/fr\/wp-content\/uploads\/2012\/12\/fille-de-taveuni-225x300.jpg","contentUrl":"https:\/\/www.humanium.org\/fr\/wp-content\/uploads\/2012\/12\/fille-de-taveuni-225x300.jpg"},{"@type":"BreadcrumbList","@id":"https:\/\/www.humanium.org\/es\/fiyi\/#breadcrumb","itemListElement":[{"@type":"ListItem","position":1,"name":"Home","item":"https:\/\/www.humanium.org\/es\/"},{"@type":"ListItem","position":2,"name":"Ni\u00f1os de Fiyi"}]},{"@type":"WebSite","@id":"https:\/\/www.humanium.org\/es\/#website","url":"https:\/\/www.humanium.org\/es\/","name":"Humanium","description":"\u00a1Los ni\u00f1os primero!","potentialAction":[{"@type":"SearchAction","target":{"@type":"EntryPoint","urlTemplate":"https:\/\/www.humanium.org\/es\/?s={search_term_string}"},"query-input":{"@type":"PropertyValueSpecification","valueRequired":true,"valueName":"search_term_string"}}],"inLanguage":"es"}]}},"_links":{"self":[{"href":"https:\/\/www.humanium.org\/es\/wp-json\/wp\/v2\/pages\/1976","targetHints":{"allow":["GET"]}}],"collection":[{"href":"https:\/\/www.humanium.org\/es\/wp-json\/wp\/v2\/pages"}],"about":[{"href":"https:\/\/www.humanium.org\/es\/wp-json\/wp\/v2\/types\/page"}],"author":[{"embeddable":true,"href":"https:\/\/www.humanium.org\/es\/wp-json\/wp\/v2\/users\/1"}],"replies":[{"embeddable":true,"href":"https:\/\/www.humanium.org\/es\/wp-json\/wp\/v2\/comments?post=1976"}],"version-history":[{"count":4,"href":"https:\/\/www.humanium.org\/es\/wp-json\/wp\/v2\/pages\/1976\/revisions"}],"predecessor-version":[{"id":20422,"href":"https:\/\/www.humanium.org\/es\/wp-json\/wp\/v2\/pages\/1976\/revisions\/20422"}],"wp:attachment":[{"href":"https:\/\/www.humanium.org\/es\/wp-json\/wp\/v2\/media?parent=1976"}],"curies":[{"name":"wp","href":"https:\/\/api.w.org\/{rel}","templated":true}]}}