{"id":1979,"date":"2013-06-04T08:04:59","date_gmt":"2013-06-04T08:04:59","guid":{"rendered":"http:\/\/www.humanium.org\/es\/?page_id=1979"},"modified":"2025-12-05T17:48:58","modified_gmt":"2025-12-05T17:48:58","slug":"timor-oriental","status":"publish","type":"page","link":"https:\/\/www.humanium.org\/es\/timor-oriental\/","title":{"rendered":"Ni\u00f1os de Timor Oriental"},"content":{"rendered":"<h1>Ni\u00f1os de Timor Oriental<\/h1>\n<h2>Descubriendo los Derechos del Ni\u00f1o en Timor Oriental<\/h2>\n<p style=\"text-align: center;\"><img loading=\"lazy\" decoding=\"async\" class=\" wp-image-27256 alignnone\" title=\"Ni\u00f1a de Timor Oriental \u00a9 United Nations Photo (flickr)\" src=\"https:\/\/www.humanium.org\/fr\/wp-content\/uploads\/2013\/01\/girl-timor.jpg\" alt=\"\" width=\"224\" height=\"200\" \/> <img loading=\"lazy\" decoding=\"async\" class=\"alignnone wp-image-27262\" title=\"Ni\u00f1o de Timor Oriental \u00a9 United Nations Photo (flickr)\" src=\"https:\/\/www.humanium.org\/fr\/wp-content\/uploads\/2013\/01\/boy-timor.jpg\" alt=\"\" width=\"163\" height=\"200\" \/><\/p>\n<p>La Convenci\u00f3n Internacional sobre los Derechos del Ni\u00f1o ha sido firmada por 191 pa\u00edses. El \u00faltimo pa\u00eds en hacerlo fue Timor Oriental el 16 de abril de 2003. A pesar de este avance, existen graves problemas relacionados con los ni\u00f1os. Timor Oriental es un pa\u00eds marcado por una guerra de independencia en la que los ni\u00f1os fueron reclutados como soldados hasta 2002, . Con estos antecedentes los ni\u00f1os no han recibido una educaci\u00f3n adecuada. El trabajo infantil, la prostituci\u00f3n y los actos de violencia son fen\u00f3menos que no siempre son sancionados por el Estado.<\/p>\n<h3>Principales problemas que afectan a los ni\u00f1os en Timor Oriental:<\/h3>\n<p><a href=\"https:\/\/www.humanium.org\/es\/pobreza-infantil\/\"><strong>Pobreza<br \/>\n<\/strong><\/a><br \/>\nUn 46% de la poblaci\u00f3n timorense tiene entre 0 y 14 a\u00f1os de edad \u2013 los ni\u00f1os constituyen casi la mitad de la poblaci\u00f3n y son las primeras v\u00edctimas de la alta tasa de pobreza registrada en el pa\u00eds. De hecho, un 73% de la poblaci\u00f3n vive con menos de dos d\u00f3lares al d\u00eda.<br \/>\nEl aumento en la tasa de mortalidad infantil es una de las consecuencias de la falta de recursos del Estado. De cada 1000 ni\u00f1os nacidos, 36 no llega a cumplir el primer a\u00f1o de edad.<br \/>\nA menudo, esta escasez de recursos lleva a que los padres env\u00eden a sus hijos a instituciones especializadas para criarlos.<\/p>\n<p><a href=\"https:\/\/www.humanium.org\/es\/derecho-educacion\/\"><strong>Educaci\u00f3n<br \/>\n<\/strong><\/a><br \/>\n<img decoding=\"async\" class=\"alignright wp-image-27484\" title=\"Girls at school \u00a9 Australia TimorLeste FriendShip Network (flickr)\" src=\"https:\/\/www.humanium.org\/fr\/wp-content\/uploads\/2013\/01\/enfants-300x225.jpg\" alt=\"\" height=\"180\" \/>El 14 por ciento de los ni\u00f1os de 6 a 11 a\u00f1os no est\u00e1 matriculado en la escuela. Asimismo el acceso a las aulas sigue estando limitado en las \u00e1reas rurales.<br \/>\nS\u00f3lo un 39% de las ni\u00f1as y un 34% de los ni\u00f1os est\u00e1n matriculados en educaci\u00f3n secundaria.<\/p>\n<p>Adem\u00e1s, la formaci\u00f3n de los profesores es insuficiente y las escuelas carecen de materiales.<\/p>\n<p><a href=\"https:\/\/www.humanium.org\/es\/derecho-salud\/\"><strong>Salud<br \/>\n<\/strong><\/a><br \/>\nUn estudio del Banco Mundial publicado en el a\u00f1o 2012 estim\u00f3 que un 45,3% de los ni\u00f1os menores de 5 a\u00f1os sufr\u00eda malnutrici\u00f3n.La malnutrici\u00f3n contin\u00faa siendo un problema recurrente en Timor Oriental, pero con la ayuda de UNICEF el pa\u00eds desarroll\u00f3 una estrategia nacional para afrontar este problema.<\/p>\n<p>Tambi\u00e9n se implement\u00f3 un extenso programa de vacunaci\u00f3n en colaboraci\u00f3n con organizaciones de las Naciones Unidas y otros contribuyentes, lo que se refleja en un aumento considerable en las tasas de vacunaci\u00f3n.<br \/>\n<img loading=\"lazy\" decoding=\"async\" class=\"alignright size-medium wp-image-27485\" title=\"Fillette souriante \u00a9 United Nations Photo (flickr)\" src=\"https:\/\/www.humanium.org\/fr\/wp-content\/uploads\/2013\/01\/fillette-sourire-300x199.jpg\" alt=\"\" width=\"300\" height=\"199\" \/>Pese a estos avances positivos, el nivel de malnutrici\u00f3n infantil, las tasas de mortalidad infantil as\u00ed como tambi\u00e9n la tasa de mortalidad materna siguen siendo altos. Existe tambi\u00e9n una aparente deficiencia en servicios de salud orientados a los adolescentes.<br \/>\nAdem\u00e1s, es igualmente preocupante la vulnerabilidad de los ni\u00f1os timorenses en relaci\u00f3n con enfermedades como la malaria, el sarampi\u00f3n, la fiebre tifoidea , el dengue y las infecciones respiratorias y gastrointestinales.<\/p>\n<p><a href=\"https:\/\/www.humanium.org\/es\/justicia-juvenil\/\"><strong>Justicia<br \/>\n<\/strong><\/a><br \/>\nLos casos de abusos en ni\u00f1os no est\u00e1n bien gestionados por el sistema judicial. De hecho la mayor\u00eda de denuncias son \u201colvidadas\u201d de forma voluntaria por las autoridades legales.<br \/>\nLas detenciones antes del juicio exceden a menudo el l\u00edmite permitido en las regulaciones aplicables y los ni\u00f1os arrestados no siempre est\u00e1n separados de los adultos detenidos.<\/p>\n<p><strong><a href=\"https:\/\/www.humanium.org\/es\/trata-ninos\/\">Tr\u00e1fico<\/a>, <a href=\"https:\/\/www.humanium.org\/es\/prostitucion-infantil\/\">prostituci\u00f3n<\/a> y <a href=\"https:\/\/www.humanium.org\/es\/explotacion-sexual-infantil\/\">pornograf\u00eda infantil<br \/>\n<\/a><\/strong><br \/>\nLa trata de ni\u00f1os en Timor Oriental es muy preocupante.<br \/>\nA pesar de que la informaci\u00f3n es insuficiente el Comit\u00e9 de los Derechos del Ni\u00f1o alerta de la situaci\u00f3n.<br \/>\nEn ciertos casos, la pobreza obliga a las familias de las aldeas a enviar a sus hijas \u2013 muchas menores de diez a\u00f1os \u2013 a ciudades m\u00e1s pobladas para ganar dinero como prostitutas. Mientras m\u00e1s joven es la ni\u00f1a, mayor es la demanda y m\u00e1s alto es el precio a pagar por ellas.<br \/>\n<img loading=\"lazy\" decoding=\"async\" class=\"alignright size-medium wp-image-27487\" title=\"Fille enceinte \u00a9United Nations Photo (flickr)\" src=\"https:\/\/www.humanium.org\/fr\/wp-content\/uploads\/2013\/01\/fille-enceinte-300x199.jpg\" alt=\"\" width=\"300\" height=\"199\" \/>Muchas ni\u00f1as se quedan embarazadas y son enviadas de vuelta con sus familias para dar a luz. Luego, al reci\u00e9n nacido lo dejan con la familia o lo env\u00edan a un orfanato y la joven es forzada a volver a la prostituci\u00f3n.<br \/>\nEstas ni\u00f1as, carentes de la protecci\u00f3n de sus familias y de las comunidades sociales, corren riesgos a\u00fan m\u00e1s altos de ser expuestas a situaciones violentos.<br \/>\nLa brutalidad hacia los ni\u00f1os y la explotaci\u00f3n que se ejerce sobre ellos son generalmente aceptados en Timor Oriental y el primer paso para eliminar el problema es el cambio en estos h\u00e1bitos sociales.<\/p>\n<p><a href=\"https:\/\/www.humanium.org\/es\/abuso-infantil\/\"><strong>Violencia y castigo f\u00edsico<br \/>\n<\/strong><\/a><br \/>\nAunque las estad\u00edsticas oficiales son limitadas, informes de entidades locales muestran que el abuso sexual es un tema alarmante y de proporciones desorbitadas en el pa\u00eds \u2013 especialmente en las ni\u00f1as j\u00f3venes.<br \/>\nAdem\u00e1s, los castigos f\u00edsicos son habituales en la familia y se emplean frecuentemente para disciplinar a los ni\u00f1os en la escuela y en otros contextos acad\u00e9micos.<br \/>\nTambi\u00e9n se ha expuesto el trato humillante que inflige la polic\u00eda y los oficiales en el centro del sistema penitenciario.<\/p>\n<p><a href=\"https:\/\/www.humanium.org\/es\/no-discriminacion\/\"><strong>Discriminaci\u00f3n<br \/>\n<\/strong><\/a><br \/>\nCiertos grupos de ni\u00f1os \u2013 principalmente los hijos de personas repatriadas, los ni\u00f1os sin certificados de bautismo, los nacidos de relaciones sexuales entre miembros familiares y los ni\u00f1os discapacitados \u2013 son v\u00edctimas de discriminaci\u00f3n, principalmente en el \u00e1mbito de la educaci\u00f3n.<\/p>\n<p><a href=\"https:\/\/www.humanium.org\/es\/ninos-desplazados\/\"><strong>Ni\u00f1os privados de su familia<br \/>\n<\/strong><\/a><br \/>\n<img loading=\"lazy\" decoding=\"async\" class=\"alignright size-medium wp-image-27488\" title=\"Maman et sa fille \u00a9 United Nation Photo (flickr)\" src=\"https:\/\/www.humanium.org\/fr\/wp-content\/uploads\/2013\/01\/maman-fille-300x199.jpg\" alt=\"\" width=\"300\" height=\"199\" \/>En Timor Oriental, los ni\u00f1os fueron separados de sus familias tras la ocupaci\u00f3n extranjera. El pa\u00eds fue ocupado por Indonesia durante muchos a\u00f1os. En este per\u00edodo, a muchos padres les quitaron a sus hijos sin su consentimiento.<br \/>\nA las familias les han quitado a sus ni\u00f1os por varias razones y el Comit\u00e9 de los Derechos del Ni\u00f1o asesora al Estado para garantizar que los ni\u00f1os no sean separados de su familia en contra de su voluntad. No obstante, son habituales los acuerdos informales en los cuales los ni\u00f1os viven con una familia diferente a la biol\u00f3gica.<\/p>\n<p><a href=\"https:\/\/www.humanium.org\/es\/matrimonio-infantil\/\"><strong>Tradiciones culturales<br \/>\n<\/strong><\/a><br \/>\nLa edad m\u00ednima para contraer matrimonio es muy baja en la actualidad. Las ni\u00f1as pueden casarse a los 15 a\u00f1os de edad mientras que los ni\u00f1os pueden hacerlo a los 18.<br \/>\nLa pr\u00e1ctica de matrimonios concertados de ni\u00f1as muy j\u00f3venes persiste particularmente en zonas rurales. Estas tradiciones son contradictorias a las disposiciones y a los principios recogidos en la Convenci\u00f3n de los Derechos del Ni\u00f1o.<\/p>\n","protected":false},"excerpt":{"rendered":"<p>Ni\u00f1os de Timor Oriental Descubriendo los Derechos del Ni\u00f1o en Timor Oriental La Convenci\u00f3n Internacional sobre los Derechos del Ni\u00f1o ha sido firmada por 191 pa\u00edses. El \u00faltimo pa\u00eds en hacerlo fue Timor Oriental el 16 de abril de 2003. A pesar de este avance, existen graves problemas relacionados con los ni\u00f1os. Timor Oriental es [&hellip;]<\/p>\n","protected":false},"author":1,"featured_media":0,"parent":0,"menu_order":0,"comment_status":"closed","ping_status":"open","template":"","meta":{"footnotes":""},"class_list":["post-1979","page","type-page","status-publish","hentry"],"yoast_head":"<!-- This site is optimized with the Yoast SEO plugin v26.5 - https:\/\/yoast.com\/wordpress\/plugins\/seo\/ -->\n<title>Ni\u00f1os de Timor Oriental - Humanium<\/title>\n<meta name=\"description\" content=\"A pesar de los avances realizados en Timor, existen graves problemas relacionados con los ni\u00f1os y el respeto de sus derechos.\" \/>\n<meta name=\"robots\" content=\"index, follow, max-snippet:-1, max-image-preview:large, max-video-preview:-1\" \/>\n<link rel=\"canonical\" href=\"https:\/\/www.humanium.org\/es\/timor-oriental\/\" \/>\n<meta property=\"og:locale\" content=\"es_ES\" \/>\n<meta property=\"og:type\" content=\"article\" \/>\n<meta property=\"og:title\" content=\"Ni\u00f1os de Timor Oriental - Humanium\" \/>\n<meta property=\"og:description\" content=\"A pesar de los avances realizados en Timor, existen graves problemas relacionados con los ni\u00f1os y el respeto de sus derechos.\" \/>\n<meta property=\"og:url\" content=\"https:\/\/www.humanium.org\/es\/timor-oriental\/\" \/>\n<meta property=\"og:site_name\" content=\"Humanium\" \/>\n<meta property=\"article:modified_time\" content=\"2025-12-05T17:48:58+00:00\" \/>\n<meta name=\"twitter:card\" content=\"summary_large_image\" \/>\n<meta name=\"twitter:label1\" content=\"Tiempo de lectura\" \/>\n\t<meta name=\"twitter:data1\" content=\"7 minutos\" \/>\n<script type=\"application\/ld+json\" class=\"yoast-schema-graph\">{\"@context\":\"https:\/\/schema.org\",\"@graph\":[{\"@type\":\"WebPage\",\"@id\":\"https:\/\/www.humanium.org\/es\/timor-oriental\/\",\"url\":\"https:\/\/www.humanium.org\/es\/timor-oriental\/\",\"name\":\"Ni\u00f1os de Timor Oriental - Humanium\",\"isPartOf\":{\"@id\":\"https:\/\/www.humanium.org\/es\/#website\"},\"primaryImageOfPage\":{\"@id\":\"https:\/\/www.humanium.org\/es\/timor-oriental\/#primaryimage\"},\"image\":{\"@id\":\"https:\/\/www.humanium.org\/es\/timor-oriental\/#primaryimage\"},\"thumbnailUrl\":\"https:\/\/www.humanium.org\/fr\/wp-content\/uploads\/2013\/01\/girl-timor.jpg\",\"datePublished\":\"2013-06-04T08:04:59+00:00\",\"dateModified\":\"2025-12-05T17:48:58+00:00\",\"description\":\"A pesar de los avances realizados en Timor, existen graves problemas relacionados con los ni\u00f1os y el respeto de sus derechos.\",\"breadcrumb\":{\"@id\":\"https:\/\/www.humanium.org\/es\/timor-oriental\/#breadcrumb\"},\"inLanguage\":\"es\",\"potentialAction\":[{\"@type\":\"ReadAction\",\"target\":[\"https:\/\/www.humanium.org\/es\/timor-oriental\/\"]}]},{\"@type\":\"ImageObject\",\"inLanguage\":\"es\",\"@id\":\"https:\/\/www.humanium.org\/es\/timor-oriental\/#primaryimage\",\"url\":\"https:\/\/www.humanium.org\/fr\/wp-content\/uploads\/2013\/01\/girl-timor.jpg\",\"contentUrl\":\"https:\/\/www.humanium.org\/fr\/wp-content\/uploads\/2013\/01\/girl-timor.jpg\"},{\"@type\":\"BreadcrumbList\",\"@id\":\"https:\/\/www.humanium.org\/es\/timor-oriental\/#breadcrumb\",\"itemListElement\":[{\"@type\":\"ListItem\",\"position\":1,\"name\":\"Home\",\"item\":\"https:\/\/www.humanium.org\/es\/\"},{\"@type\":\"ListItem\",\"position\":2,\"name\":\"Ni\u00f1os de Timor Oriental\"}]},{\"@type\":\"WebSite\",\"@id\":\"https:\/\/www.humanium.org\/es\/#website\",\"url\":\"https:\/\/www.humanium.org\/es\/\",\"name\":\"Humanium\",\"description\":\"\u00a1Los ni\u00f1os primero!\",\"potentialAction\":[{\"@type\":\"SearchAction\",\"target\":{\"@type\":\"EntryPoint\",\"urlTemplate\":\"https:\/\/www.humanium.org\/es\/?s={search_term_string}\"},\"query-input\":{\"@type\":\"PropertyValueSpecification\",\"valueRequired\":true,\"valueName\":\"search_term_string\"}}],\"inLanguage\":\"es\"}]}<\/script>\n<!-- \/ Yoast SEO plugin. -->","yoast_head_json":{"title":"Ni\u00f1os de Timor Oriental - Humanium","description":"A pesar de los avances realizados en Timor, existen graves problemas relacionados con los ni\u00f1os y el respeto de sus derechos.","robots":{"index":"index","follow":"follow","max-snippet":"max-snippet:-1","max-image-preview":"max-image-preview:large","max-video-preview":"max-video-preview:-1"},"canonical":"https:\/\/www.humanium.org\/es\/timor-oriental\/","og_locale":"es_ES","og_type":"article","og_title":"Ni\u00f1os de Timor Oriental - Humanium","og_description":"A pesar de los avances realizados en Timor, existen graves problemas relacionados con los ni\u00f1os y el respeto de sus derechos.","og_url":"https:\/\/www.humanium.org\/es\/timor-oriental\/","og_site_name":"Humanium","article_modified_time":"2025-12-05T17:48:58+00:00","twitter_card":"summary_large_image","twitter_misc":{"Tiempo de lectura":"7 minutos"},"schema":{"@context":"https:\/\/schema.org","@graph":[{"@type":"WebPage","@id":"https:\/\/www.humanium.org\/es\/timor-oriental\/","url":"https:\/\/www.humanium.org\/es\/timor-oriental\/","name":"Ni\u00f1os de Timor Oriental - Humanium","isPartOf":{"@id":"https:\/\/www.humanium.org\/es\/#website"},"primaryImageOfPage":{"@id":"https:\/\/www.humanium.org\/es\/timor-oriental\/#primaryimage"},"image":{"@id":"https:\/\/www.humanium.org\/es\/timor-oriental\/#primaryimage"},"thumbnailUrl":"https:\/\/www.humanium.org\/fr\/wp-content\/uploads\/2013\/01\/girl-timor.jpg","datePublished":"2013-06-04T08:04:59+00:00","dateModified":"2025-12-05T17:48:58+00:00","description":"A pesar de los avances realizados en Timor, existen graves problemas relacionados con los ni\u00f1os y el respeto de sus derechos.","breadcrumb":{"@id":"https:\/\/www.humanium.org\/es\/timor-oriental\/#breadcrumb"},"inLanguage":"es","potentialAction":[{"@type":"ReadAction","target":["https:\/\/www.humanium.org\/es\/timor-oriental\/"]}]},{"@type":"ImageObject","inLanguage":"es","@id":"https:\/\/www.humanium.org\/es\/timor-oriental\/#primaryimage","url":"https:\/\/www.humanium.org\/fr\/wp-content\/uploads\/2013\/01\/girl-timor.jpg","contentUrl":"https:\/\/www.humanium.org\/fr\/wp-content\/uploads\/2013\/01\/girl-timor.jpg"},{"@type":"BreadcrumbList","@id":"https:\/\/www.humanium.org\/es\/timor-oriental\/#breadcrumb","itemListElement":[{"@type":"ListItem","position":1,"name":"Home","item":"https:\/\/www.humanium.org\/es\/"},{"@type":"ListItem","position":2,"name":"Ni\u00f1os de Timor Oriental"}]},{"@type":"WebSite","@id":"https:\/\/www.humanium.org\/es\/#website","url":"https:\/\/www.humanium.org\/es\/","name":"Humanium","description":"\u00a1Los ni\u00f1os primero!","potentialAction":[{"@type":"SearchAction","target":{"@type":"EntryPoint","urlTemplate":"https:\/\/www.humanium.org\/es\/?s={search_term_string}"},"query-input":{"@type":"PropertyValueSpecification","valueRequired":true,"valueName":"search_term_string"}}],"inLanguage":"es"}]}},"_links":{"self":[{"href":"https:\/\/www.humanium.org\/es\/wp-json\/wp\/v2\/pages\/1979","targetHints":{"allow":["GET"]}}],"collection":[{"href":"https:\/\/www.humanium.org\/es\/wp-json\/wp\/v2\/pages"}],"about":[{"href":"https:\/\/www.humanium.org\/es\/wp-json\/wp\/v2\/types\/page"}],"author":[{"embeddable":true,"href":"https:\/\/www.humanium.org\/es\/wp-json\/wp\/v2\/users\/1"}],"replies":[{"embeddable":true,"href":"https:\/\/www.humanium.org\/es\/wp-json\/wp\/v2\/comments?post=1979"}],"version-history":[{"count":4,"href":"https:\/\/www.humanium.org\/es\/wp-json\/wp\/v2\/pages\/1979\/revisions"}],"predecessor-version":[{"id":20439,"href":"https:\/\/www.humanium.org\/es\/wp-json\/wp\/v2\/pages\/1979\/revisions\/20439"}],"wp:attachment":[{"href":"https:\/\/www.humanium.org\/es\/wp-json\/wp\/v2\/media?parent=1979"}],"curies":[{"name":"wp","href":"https:\/\/api.w.org\/{rel}","templated":true}]}}