{"id":1983,"date":"2013-06-04T08:26:34","date_gmt":"2013-06-04T08:26:34","guid":{"rendered":"http:\/\/www.humanium.org\/es\/?page_id=1983"},"modified":"2025-12-05T18:13:06","modified_gmt":"2025-12-05T18:13:06","slug":"filipinas","status":"publish","type":"page","link":"https:\/\/www.humanium.org\/es\/filipinas\/","title":{"rendered":"Ni\u00f1os de Filipinas"},"content":{"rendered":"<h1 style=\"text-align: left;\">Ni\u00f1os de Filipinas<\/h1>\n<h2 style=\"text-align: left;\">Descubriendo los derechos del ni\u00f1o en Filipinas<\/h2>\n<p style=\"text-align: center;\"><img loading=\"lazy\" decoding=\"async\" class=\" wp-image-27256 alignnone\" title=\"Ni\u00f1a filipina \u00a9 Jdn (Flickr)\" src=\"https:\/\/www.humanium.org\/fr\/wp-content\/uploads\/2011\/07\/philppines-fillette-jdn-flickr.jpg\" alt=\"\" width=\"164\" height=\"200\" \/> <img loading=\"lazy\" decoding=\"async\" class=\"alignnone wp-image-27262\" title=\"Ni\u00f1o filipino\u00a9 Jayel Aheram (Flickr)\" src=\"https:\/\/www.humanium.org\/fr\/wp-content\/uploads\/2011\/07\/philppines-garcon-jayel-aheram-flickr.jpg\" alt=\"\" width=\"149\" height=\"183\" \/><\/p>\n<p>Los filipinos se han visto afectados desolados por frecuentes conflictos armados y cat\u00e1strofes naturales, pero actualmente est\u00e1n experimentando un desarrollo que promete mejorar su situaci\u00f3n en el futuro.\u00a0El respeto a sus<a href=\"https:\/\/www.humanium.org\/es\/\">\u00a0derechos infantiles<\/a> tambi\u00e9n est\u00e1 mejorando y, aunque est\u00e1n lejos de ser totalmente cumplidos, la apertura del pa\u00eds y el deseo de cambiar ha generado la esperanza de que pronto se realizar\u00e1n mejoras mucho m\u00e1s grandes.<\/p>\n<h3>Principales problemas que afectan a los ni\u00f1os en Filipinas:<\/h3>\n<p><a href=\"https:\/\/www.humanium.org\/es\/pobreza-infantil\/\"><strong>Pobreza<br \/>\n<\/strong><\/a><br \/>\n<img loading=\"lazy\" decoding=\"async\" class=\"size-medium wp-image-11274 alignright\" title=\"La pobreza hace que la vida de muchos ni\u00f1os filipinos sea muy complicada. \u00a9 Ningningning (Flickr)\" src=\"https:\/\/www.humanium.org\/fr\/wp-content\/uploads\/2011\/07\/philippines-pauvrete-ningningning-no-retouch-300x225.jpg\" alt=\"\" width=\"173\" height=\"129\" \/>En Filipinas, casi uno de cada tres individuos vive por debajo del umbral de la <a href=\"https:\/\/www.humanium.org\/es\/pobreza-infantil\/\">pobreza<\/a> mientras que el pa\u00eds est\u00e1 en una completa expansi\u00f3n econ\u00f3mica. Aunque exista la esperanza de una mejora, la situaci\u00f3n actual sigue siendo deprimente para un gran n\u00famero de familias.<\/p>\n<p>Las familias pobres sufren frecuentemente hambre o malnutrici\u00f3n, lo que conlleva numerosos problemas de <a href=\"https:\/\/www.humanium.org\/es\/derecho-salud\/\">salud<\/a>, especialmente entre los ni\u00f1os ya que son f\u00edsicamente m\u00e1s vulnerables que los adultos.<\/p>\n<p><a href=\"https:\/\/www.humanium.org\/es\/derecho-salud\/\"><strong>Salud<br \/>\n<\/strong><\/a><br \/>\nLa tasa de <a href=\"https:\/\/www.humanium.org\/es\/mortalidad-infantil\/\">mortalidad infantil<\/a> es particularmente alta en Filipinas y el parto es peligroso para el ni\u00f1o y para la madre. De hecho, el n\u00famero de madres que mueren durante el parto sigue siendo bastante alto, especialmente entre las mujeres j\u00f3venes quienes hacen frente a embarazos no deseados debido a la falta de informaci\u00f3n y anticonceptivos. Asimismo, cerca de uno de cada cinco reci\u00e9n nacidos presenta carencias alimentarias desde el nacimiento.<\/p>\n<p>Adem\u00e1s, el acceso a servicios m\u00e9dicos y sanitarios\u00a0sigue siendo complicado en las regiones m\u00e1s remotas del pa\u00eds y, por supuesto, es en estas zonas donde la <a href=\"https:\/\/www.humanium.org\/es\/derecho-alimentacion\/\">desnutrici\u00f3n<\/a> y sus consiguientes problemas son m\u00e1s virulentos.<\/p>\n<p>Finalmente, nadie se hace responsable de los ni\u00f1os que padecen problemas mentales, estos siguen siendo marginados y no reciben los cuidados apropiados.<\/p>\n<p><a href=\"https:\/\/www.humanium.org\/es\/trabajo-infantil\/\"><strong>Trabajo infantil<br \/>\n<\/strong><\/a><br \/>\nM\u00e1s del 10% de los ni\u00f1os filipinos se ven obligados a <a href=\"https:\/\/www.humanium.org\/es\/trabajo-infantil\/\">trabajar<\/a> para atender las necesidades de sus familias.<\/p>\n<p><img loading=\"lazy\" decoding=\"async\" class=\"alignright size-full wp-image-10947\" title=\"Casi un mill\u00f3n de ni\u00f1os filipinos trabaja escarbando en la basura. \u00a9 Jean-Pierre Laffont (UN photo)\" src=\"https:\/\/www.humanium.org\/fr\/wp-content\/uploads\/2011\/07\/philippines-travail-jean-pierre-laffont-un-photo.jpg\" alt=\"\" width=\"191\" height=\"267\" \/><\/p>\n<p>Casi un mill\u00f3n de j\u00f3venes filipinos est\u00e1n involucrados en la recuperaci\u00f3n de los residuos en los vertederos p\u00fablicos. Trabajan en condiciones totalmente insalubres, a menudo resulta en consecuencias graves para la <a href=\"https:\/\/www.humanium.org\/es\/derecho-salud\/\">salud<\/a>.<\/p>\n<p>Otros ni\u00f1os encuentran empleo en los sectores rurales. Trabajan sin descanso en plantaciones de az\u00facar, arroz o t\u00e9 dependiendo del caso. Tambi\u00e9n trabajan en el sector pesquero que est\u00e1 altamente desarrollado.<\/p>\n<p><a href=\"https:\/\/www.humanium.org\/es\/no-discriminacion\/\"><strong>Derecho a la no discriminaci\u00f3n<br \/>\n<\/strong><\/a><br \/>\nNi\u00f1os nacidos fuera del matrimonio: estos ni\u00f1os son objeto de una gran <a href=\"https:\/\/www.humanium.org\/es\/no-discriminacion\/\">discriminaci\u00f3n<\/a> en Filipinas. La ley, por ejemplo, a\u00fan se refiere a ellos como ni\u00f1os \u201cileg\u00edtimos\u201d, un t\u00e9rmino bastante negativo e injusto teniendo en cuenta que ellos no eligieron nacer en esas condiciones. Asimismo, su derecho a heredar se ve considerablemente limitado. Definitivamente no est\u00e1n en igualdad de condiciones con respecto a los ni\u00f1os nacidos de padres casados.<\/p>\n<p><img loading=\"lazy\" decoding=\"async\" class=\"size-full wp-image-10948 alignright\" title=\"Los ni\u00f1os no nativos son v\u00edctimas de una gran discriminaci\u00f3n en Filipinas. \u00a9 Smallislander (Flickr)\" src=\"https:\/\/www.humanium.org\/fr\/wp-content\/uploads\/2011\/07\/discrimination-philippines-smallislander-flickr.jpg\" alt=\"\" width=\"209\" height=\"162\" \/>En cuanto a l<span style=\"text-decoration: underline;\">os ni\u00f1os provenientes de minor\u00edas aut\u00f3ctonas, \u00e9stos a menudo son\u00a0<\/span>v\u00edctimas de actos racistas, ya que la legislaci\u00f3n no los protege. Sus opiniones pocas veces se tienen en cuenta, aunque se han realizado grandes progresos en relaci\u00f3n a los ni\u00f1os de las personas no nativas en todo el pa\u00eds.<\/p>\n<p>En cuanto a la <a href=\"https:\/\/www.humanium.org\/es\/derecho-educacion\/\">educaci\u00f3n<\/a>, la <a href=\"https:\/\/www.humanium.org\/es\/derecho-salud\/\">sanidad<\/a> o incluso el <a href=\"https:\/\/www.humanium.org\/es\/derecho-vida\/\">derecho a la vida<\/a>, los ni\u00f1os no nativos son tratados normalmente de forma menos favorable que los dem\u00e1s.<\/p>\n<p><a href=\"https:\/\/www.humanium.org\/es\/derechos-ninas\/\">Ni\u00f1as<\/a>: ellas tampoco pueden disfrutar plenamente de sus derechos. Las ni\u00f1as son objeto de evidentes pr\u00e1cticas discriminatorias que, en ocasiones, contin\u00faan durante toda su vida. Las mentalidades deben sufrir grandes cambios si se quiere hacer realidad la igualdad de sexos.<\/p>\n<p><a href=\"https:\/\/www.humanium.org\/es\/ninos-discapacitados\/\">Ni\u00f1os discapacitados<\/a>: en Filipinas son muy numerosos debido a problemas relacionados con la higiene y la nutrici\u00f3n. El pa\u00eds debe crear a\u00fan un n\u00famero suficiente de establecimientos que puedan atender adecuadamente las necesidades de estos ni\u00f1os. En consecuencia, su acceso a la educaci\u00f3n y los servicios sanitarios sigue siendo muy limitado.<\/p>\n<p><a href=\"https:\/\/www.humanium.org\/es\/ninos-soldado\/\"><strong>Ni\u00f1os soldado<br \/>\n<\/strong><\/a><br \/>\nFilipinas es uno de los 20 pa\u00edses en los que los ni\u00f1os se ven obligados a ser soldados en conflictos armados. Algunos grupos armados han declarado recientemente que no utilizar\u00e1n m\u00e1s ni\u00f1os para sus actividades, sin embargo, la ausencia total de <a href=\"https:\/\/www.humanium.org\/es\/ninos-soldado\/\">ni\u00f1os soldados<\/a> est\u00e1 a\u00fan lejos de ser cierta.<\/p>\n<p>El uso de <a href=\"https:\/\/www.humanium.org\/es\/ninos-soldado\/\">ni\u00f1os soldados<\/a> est\u00e1 totalmente prohibido por la <a href=\"https:\/\/www.humanium.org\/es\/convencion\/\">Convenci\u00f3n Internacional de los Derechos del Ni\u00f1o<\/a>, es una pr\u00e1ctica aborrecible cuyos efectos sobre la <a href=\"https:\/\/www.humanium.org\/es\/derecho-salud\/\">salud<\/a> y el bienestar de los ni\u00f1os son completamente negativos. Estos ni\u00f1os viven en un entorno violento y cruel donde est\u00e1n en constante peligro de morir asesinados. Sus modelos a seguir son hombres brutales y agresivos cuya influencia en su desarrollo es claramente muy negativa.<\/p>\n<p><a href=\"https:\/\/www.humanium.org\/es\/matrimonio-infantil\/\"><strong>Matrimonio infantil<br \/>\n<\/strong><\/a><br \/>\nEl 14% de las mujeres j\u00f3venes en Filipinas se casan antes de los 18 a\u00f1os. Se les prepara desde muy temprano para su futuro papel como esposa. Sin embargo, estos <a href=\"https:\/\/www.humanium.org\/es\/matrimonio-infantil\/\">matrimonios<\/a> en ocasiones tienen efectos negativos en la salud de las ni\u00f1as quienes no comprenden lo que supone el matrimonio.<\/p>\n<p><strong><a href=\"https:\/\/www.humanium.org\/es\/abuso-infantil\/\">Violencia i<\/a>nfantil<br \/>\n<\/strong><br \/>\n<img loading=\"lazy\" decoding=\"async\" class=\"alignright size-medium wp-image-10949\" title=\"La protection des enfants dans le cadre familial est loin d'\u00eatre garantie dans certains foyers. \u00a9 Adrien Chazerans\" src=\"https:\/\/www.humanium.org\/fr\/wp-content\/uploads\/2011\/07\/philippines-violence-adrien-chazerans-220x300.jpg\" alt=\"\" width=\"107\" height=\"147\" \/>En Filipinas el castigo corporal es una pr\u00e1ctica frecuente dentro de la familia, pero su prohibici\u00f3n no est\u00e1 contemplada en ninguna legislaci\u00f3n. Por eso muchos ni\u00f1os sufren diariamente la violencia a manos de sus padres que los tratan de forma cruel y humillante.<\/p>\n<p>Los ni\u00f1os son igualmente victimas de <a href=\"https:\/\/www.humanium.org\/es\/explotacion-sexual-infantil\/\">abuso infantil<\/a> en algunas familias. Estos son cr\u00edmenes serios y, frecuentemente, no son condenados. El sistema judicial tampoco protege al ni\u00f1o adecuadamente de las amenazas e intimidaciones por parte de los criminales.<\/p>\n<p><a href=\"https:\/\/www.humanium.org\/es\/justicia-juvenil\/\"><strong>Justicia para menores<br \/>\n<\/strong><\/a><br \/>\nEl Comit\u00e9 de los Derechos del Ni\u00f1o ha expresado su m\u00e1s profunda preocupaci\u00f3n por la justicia en favor de los menores. En relaci\u00f3n al conflicto armado, existen numerosas ejecuciones y <a href=\"https:\/\/www.humanium.org\/es\/ninos-detenidos\/\">encarcelamientos <\/a>con ni\u00f1os involucrados. El asesinato de ni\u00f1os es una violaci\u00f3n seria de <a href=\"https:\/\/www.humanium.org\/es\/convencion\/\">la Convenci\u00f3n de los Derechos del Ni\u00f1o<\/a> y esos cr\u00edmenes a\u00fan no se castigan. Filipinas necesita, por lo tanto, realizar un mayor esfuerzo para poner freno a estas pr\u00e1cticas y hacer responsable de sus actos a los autores de estas atrocidades. Como tal, la b\u00fasqueda de la justicia en relaci\u00f3n a estos cr\u00edmenes es insuficiente y los resultados son profundamente decepcionantes.<\/p>\n<p>Adem\u00e1s, hay cientos de personas que son v\u00edctimas de <a href=\"https:\/\/www.humanium.org\/es\/ninos-desaparecidos\/\">desapariciones forzosas<\/a> en Filipinas. Cuando regresan (lo que es bastante raro), vienen con traumas f\u00edsicos y mentales como resultado de su experiencia.<\/p>\n<p>Los ni\u00f1os que est\u00e1n <a href=\"https:\/\/www.humanium.org\/es\/ninos-detenidos\/\">en prisi\u00f3n<\/a> no son protegidos de facto como deber\u00eda ser. Aunque la legislaci\u00f3n del pa\u00eds proh\u00edbe el tratamiento inhumano y degradante, numerosos informes muestran que los ni\u00f1os en prisi\u00f3n todav\u00eda son objeto de tortura.<\/p>\n<p><a href=\"https:\/\/www.humanium.org\/es\/derecho-identidad\/\"><strong>Derecho a una identidad<br \/>\n<\/strong><\/a><br \/>\n<img loading=\"lazy\" decoding=\"async\" class=\"alignright size-full wp-image-11276\" title=\"Le droit \u00e0 l'identit\u00e9 n'est pas toujours garanti dans certaines r\u00e9gions des Philippines. \u00a9 Adrien Chazerans\" src=\"https:\/\/www.humanium.org\/fr\/wp-content\/uploads\/2011\/07\/philippines-identite-adrien-chazerans.jpg\" alt=\"\" width=\"221\" height=\"166\" \/>El 17% de los nacimientos no se registran de forma oficial en Filipinas, y aunque el pa\u00eds ha realizado algunos progresos en este tema, no todos los ni\u00f1os pueden beneficiarse de estas mejoras. De hecho, la mayor\u00eda de los ni\u00f1os musulmanes y no nativos carecen de una <a href=\"https:\/\/www.humanium.org\/es\/derecho-identidad\/\">identificaci\u00f3n oficial.<\/a><\/p>\n<p>Esto les trae grandes dificultades porque, debido a que <a href=\"https:\/\/www.humanium.org\/es\/apatridas-invisibles\/\">no existen ante los ojos<\/a> de la sociedad, no pueden disfrutar de sus derechos plenamente.<\/p>\n","protected":false},"excerpt":{"rendered":"<p>Ni\u00f1os de Filipinas Descubriendo los derechos del ni\u00f1o en Filipinas Los filipinos se han visto afectados desolados por frecuentes conflictos armados y cat\u00e1strofes naturales, pero actualmente est\u00e1n experimentando un desarrollo que promete mejorar su situaci\u00f3n en el futuro.\u00a0El respeto a sus\u00a0derechos infantiles tambi\u00e9n est\u00e1 mejorando y, aunque est\u00e1n lejos de ser totalmente cumplidos, la apertura [&hellip;]<\/p>\n","protected":false},"author":1,"featured_media":0,"parent":0,"menu_order":0,"comment_status":"closed","ping_status":"open","template":"","meta":{"footnotes":""},"class_list":["post-1983","page","type-page","status-publish","hentry"],"yoast_head":"<!-- This site is optimized with the Yoast SEO plugin v26.5 - https:\/\/yoast.com\/wordpress\/plugins\/seo\/ -->\n<title>Ni\u00f1os de Filipinas - Humanium<\/title>\n<meta name=\"description\" content=\"El respeto de los derechos infantiles en Filipinas\u00a0est\u00e1 mejorando y, aunque lejos de ser totalmente cumplidos, el deseo de progresar ha generado esperanza.\" \/>\n<meta name=\"robots\" content=\"index, follow, max-snippet:-1, max-image-preview:large, max-video-preview:-1\" \/>\n<link rel=\"canonical\" href=\"https:\/\/www.humanium.org\/es\/filipinas\/\" \/>\n<meta property=\"og:locale\" content=\"es_ES\" \/>\n<meta property=\"og:type\" content=\"article\" \/>\n<meta property=\"og:title\" content=\"Ni\u00f1os de Filipinas - Humanium\" \/>\n<meta property=\"og:description\" content=\"El respeto de los derechos infantiles en Filipinas\u00a0est\u00e1 mejorando y, aunque lejos de ser totalmente cumplidos, el deseo de progresar ha generado esperanza.\" \/>\n<meta property=\"og:url\" content=\"https:\/\/www.humanium.org\/es\/filipinas\/\" \/>\n<meta property=\"og:site_name\" content=\"Humanium\" \/>\n<meta property=\"article:modified_time\" content=\"2025-12-05T18:13:06+00:00\" \/>\n<meta name=\"twitter:card\" content=\"summary_large_image\" \/>\n<meta name=\"twitter:label1\" content=\"Tiempo de lectura\" \/>\n\t<meta name=\"twitter:data1\" content=\"8 minutos\" \/>\n<script type=\"application\/ld+json\" class=\"yoast-schema-graph\">{\"@context\":\"https:\/\/schema.org\",\"@graph\":[{\"@type\":\"WebPage\",\"@id\":\"https:\/\/www.humanium.org\/es\/filipinas\/\",\"url\":\"https:\/\/www.humanium.org\/es\/filipinas\/\",\"name\":\"Ni\u00f1os de Filipinas - Humanium\",\"isPartOf\":{\"@id\":\"https:\/\/www.humanium.org\/es\/#website\"},\"primaryImageOfPage\":{\"@id\":\"https:\/\/www.humanium.org\/es\/filipinas\/#primaryimage\"},\"image\":{\"@id\":\"https:\/\/www.humanium.org\/es\/filipinas\/#primaryimage\"},\"thumbnailUrl\":\"https:\/\/www.humanium.org\/fr\/wp-content\/uploads\/2011\/07\/philppines-fillette-jdn-flickr.jpg\",\"datePublished\":\"2013-06-04T08:26:34+00:00\",\"dateModified\":\"2025-12-05T18:13:06+00:00\",\"description\":\"El respeto de los derechos infantiles en Filipinas\u00a0est\u00e1 mejorando y, aunque lejos de ser totalmente cumplidos, el deseo de progresar ha generado esperanza.\",\"breadcrumb\":{\"@id\":\"https:\/\/www.humanium.org\/es\/filipinas\/#breadcrumb\"},\"inLanguage\":\"es\",\"potentialAction\":[{\"@type\":\"ReadAction\",\"target\":[\"https:\/\/www.humanium.org\/es\/filipinas\/\"]}]},{\"@type\":\"ImageObject\",\"inLanguage\":\"es\",\"@id\":\"https:\/\/www.humanium.org\/es\/filipinas\/#primaryimage\",\"url\":\"https:\/\/www.humanium.org\/fr\/wp-content\/uploads\/2011\/07\/philppines-fillette-jdn-flickr.jpg\",\"contentUrl\":\"https:\/\/www.humanium.org\/fr\/wp-content\/uploads\/2011\/07\/philppines-fillette-jdn-flickr.jpg\"},{\"@type\":\"BreadcrumbList\",\"@id\":\"https:\/\/www.humanium.org\/es\/filipinas\/#breadcrumb\",\"itemListElement\":[{\"@type\":\"ListItem\",\"position\":1,\"name\":\"Home\",\"item\":\"https:\/\/www.humanium.org\/es\/\"},{\"@type\":\"ListItem\",\"position\":2,\"name\":\"Ni\u00f1os de Filipinas\"}]},{\"@type\":\"WebSite\",\"@id\":\"https:\/\/www.humanium.org\/es\/#website\",\"url\":\"https:\/\/www.humanium.org\/es\/\",\"name\":\"Humanium\",\"description\":\"\u00a1Los ni\u00f1os primero!\",\"potentialAction\":[{\"@type\":\"SearchAction\",\"target\":{\"@type\":\"EntryPoint\",\"urlTemplate\":\"https:\/\/www.humanium.org\/es\/?s={search_term_string}\"},\"query-input\":{\"@type\":\"PropertyValueSpecification\",\"valueRequired\":true,\"valueName\":\"search_term_string\"}}],\"inLanguage\":\"es\"}]}<\/script>\n<!-- \/ Yoast SEO plugin. -->","yoast_head_json":{"title":"Ni\u00f1os de Filipinas - Humanium","description":"El respeto de los derechos infantiles en Filipinas\u00a0est\u00e1 mejorando y, aunque lejos de ser totalmente cumplidos, el deseo de progresar ha generado esperanza.","robots":{"index":"index","follow":"follow","max-snippet":"max-snippet:-1","max-image-preview":"max-image-preview:large","max-video-preview":"max-video-preview:-1"},"canonical":"https:\/\/www.humanium.org\/es\/filipinas\/","og_locale":"es_ES","og_type":"article","og_title":"Ni\u00f1os de Filipinas - Humanium","og_description":"El respeto de los derechos infantiles en Filipinas\u00a0est\u00e1 mejorando y, aunque lejos de ser totalmente cumplidos, el deseo de progresar ha generado esperanza.","og_url":"https:\/\/www.humanium.org\/es\/filipinas\/","og_site_name":"Humanium","article_modified_time":"2025-12-05T18:13:06+00:00","twitter_card":"summary_large_image","twitter_misc":{"Tiempo de lectura":"8 minutos"},"schema":{"@context":"https:\/\/schema.org","@graph":[{"@type":"WebPage","@id":"https:\/\/www.humanium.org\/es\/filipinas\/","url":"https:\/\/www.humanium.org\/es\/filipinas\/","name":"Ni\u00f1os de Filipinas - Humanium","isPartOf":{"@id":"https:\/\/www.humanium.org\/es\/#website"},"primaryImageOfPage":{"@id":"https:\/\/www.humanium.org\/es\/filipinas\/#primaryimage"},"image":{"@id":"https:\/\/www.humanium.org\/es\/filipinas\/#primaryimage"},"thumbnailUrl":"https:\/\/www.humanium.org\/fr\/wp-content\/uploads\/2011\/07\/philppines-fillette-jdn-flickr.jpg","datePublished":"2013-06-04T08:26:34+00:00","dateModified":"2025-12-05T18:13:06+00:00","description":"El respeto de los derechos infantiles en Filipinas\u00a0est\u00e1 mejorando y, aunque lejos de ser totalmente cumplidos, el deseo de progresar ha generado esperanza.","breadcrumb":{"@id":"https:\/\/www.humanium.org\/es\/filipinas\/#breadcrumb"},"inLanguage":"es","potentialAction":[{"@type":"ReadAction","target":["https:\/\/www.humanium.org\/es\/filipinas\/"]}]},{"@type":"ImageObject","inLanguage":"es","@id":"https:\/\/www.humanium.org\/es\/filipinas\/#primaryimage","url":"https:\/\/www.humanium.org\/fr\/wp-content\/uploads\/2011\/07\/philppines-fillette-jdn-flickr.jpg","contentUrl":"https:\/\/www.humanium.org\/fr\/wp-content\/uploads\/2011\/07\/philppines-fillette-jdn-flickr.jpg"},{"@type":"BreadcrumbList","@id":"https:\/\/www.humanium.org\/es\/filipinas\/#breadcrumb","itemListElement":[{"@type":"ListItem","position":1,"name":"Home","item":"https:\/\/www.humanium.org\/es\/"},{"@type":"ListItem","position":2,"name":"Ni\u00f1os de Filipinas"}]},{"@type":"WebSite","@id":"https:\/\/www.humanium.org\/es\/#website","url":"https:\/\/www.humanium.org\/es\/","name":"Humanium","description":"\u00a1Los ni\u00f1os primero!","potentialAction":[{"@type":"SearchAction","target":{"@type":"EntryPoint","urlTemplate":"https:\/\/www.humanium.org\/es\/?s={search_term_string}"},"query-input":{"@type":"PropertyValueSpecification","valueRequired":true,"valueName":"search_term_string"}}],"inLanguage":"es"}]}},"_links":{"self":[{"href":"https:\/\/www.humanium.org\/es\/wp-json\/wp\/v2\/pages\/1983","targetHints":{"allow":["GET"]}}],"collection":[{"href":"https:\/\/www.humanium.org\/es\/wp-json\/wp\/v2\/pages"}],"about":[{"href":"https:\/\/www.humanium.org\/es\/wp-json\/wp\/v2\/types\/page"}],"author":[{"embeddable":true,"href":"https:\/\/www.humanium.org\/es\/wp-json\/wp\/v2\/users\/1"}],"replies":[{"embeddable":true,"href":"https:\/\/www.humanium.org\/es\/wp-json\/wp\/v2\/comments?post=1983"}],"version-history":[{"count":4,"href":"https:\/\/www.humanium.org\/es\/wp-json\/wp\/v2\/pages\/1983\/revisions"}],"predecessor-version":[{"id":20712,"href":"https:\/\/www.humanium.org\/es\/wp-json\/wp\/v2\/pages\/1983\/revisions\/20712"}],"wp:attachment":[{"href":"https:\/\/www.humanium.org\/es\/wp-json\/wp\/v2\/media?parent=1983"}],"curies":[{"name":"wp","href":"https:\/\/api.w.org\/{rel}","templated":true}]}}