{"id":2003,"date":"2013-06-04T10:09:31","date_gmt":"2013-06-04T10:09:31","guid":{"rendered":"http:\/\/www.humanium.org\/es\/?page_id=2003"},"modified":"2025-12-05T18:13:06","modified_gmt":"2025-12-05T18:13:06","slug":"bangladesh","status":"publish","type":"page","link":"https:\/\/www.humanium.org\/es\/bangladesh\/","title":{"rendered":"Ni\u00f1os de Bangladesh"},"content":{"rendered":"<h1>Ni\u00f1os de Bangladesh<\/h1>\n<h2>Descubriendo los derechos infantiles en Bangladesh<\/h2>\n<p style=\"text-align: center;\"><img loading=\"lazy\" decoding=\"async\" class=\" wp-image-27256 alignnone\" title=\"Ni\u00f1a de Bangladesh \u00a9 IFPRI (flickr)\" src=\"https:\/\/www.humanium.org\/fr\/wp-content\/uploads\/2011\/07\/bangladesh-fille-ifpri-flickr.jpg\" alt=\"\" width=\"172\" height=\"200\" \/> <img loading=\"lazy\" decoding=\"async\" class=\"alignnone wp-image-27262\" title=\"Ni\u00f1o de Bangladesh \u00a9 Rainer Ebert (Flickr)\" src=\"https:\/\/www.humanium.org\/fr\/wp-content\/uploads\/2011\/07\/bangladesh-garcon-rainer-ebert-flickr.jpg\" alt=\"\" width=\"173\" height=\"200\" \/><\/p>\n<p>Bangladesh, habiendo ratificado la<a href=\"https:\/\/www.humanium.org\/es\/convencion\/\"> Convenci\u00f3n Internacional de los Derechos de los Ni\u00f1os <\/a>(CRC) en agosto de 1990, se comprometi\u00f3 a respetar, defender y promover los derechos de los ni\u00f1os en su pa\u00eds. No obstante, a pesar de su promesa, el pa\u00eds afronta serios problemas (servicios ineficientes, pol\u00edticas inapropiadas, etc.) que est\u00e1n perjudicando actualmente a los ni\u00f1os en su acceso al pleno disfrute de sus derechos.<\/p>\n<h3>Principales problemas que afectan a los ni\u00f1os en Bangladesh:<\/h3>\n<p><a href=\"https:\/\/www.humanium.org\/es\/pobreza-infantil\/\"><strong>Pobreza<br \/>\n<\/strong><\/a><br \/>\n<img loading=\"lazy\" decoding=\"async\" class=\"size-medium wp-image-11552 alignright\" title=\"La mitad de los ni\u00f1os de Bangladesh vive en estado de pobreza. \u00a9 United Nations Photo (Flickr)\" src=\"https:\/\/www.humanium.org\/fr\/wp-content\/uploads\/2011\/07\/bangladesh-pauvrete-united-nations-photo-flickr-300x199.jpg\" alt=\"\" width=\"300\" height=\"199\" \/>M\u00e1s de 60 millones de ni\u00f1os viven en Bangladesh (lo que supone 8 veces el n\u00famero de ni\u00f1os que vive en Francia), la mitad de los cuales crecen en la pobreza m\u00e1s absoluta.<\/p>\n<p>La <a href=\"https:\/\/www.humanium.org\/es\/pobreza-infantil\/\">pobreza<\/a>, que afecta a gran parte de la juventud de Bangladesh, es el resultado de una alta tasa de desempleo y tiene severas repercusiones en el acceso de los ni\u00f1os a una dieta saludable, servicios de salud y educaci\u00f3n, recursos financieros suficientes\u00a0\u00a0para superar esta pobreza, etc.<\/p>\n<p><a href=\"https:\/\/www.humanium.org\/es\/derecho-salud\/\"><strong>El derecho a la salud<br \/>\n<\/strong><\/a><br \/>\nLas tasas de <a href=\"https:\/\/www.humanium.org\/es\/derecho-alimentacion\/\">desnutrici\u00f3n<\/a> infantil permanecen en niveles elevados en Bangladesh. Afecta principalmente a las familias <a href=\"https:\/\/www.humanium.org\/es\/pobreza-infantil\/\">pobres<\/a> que no tienen medios para alimentarse. Adem\u00e1s, fen\u00f3menos atmosf\u00e9ricos severos (inundaciones, desastres naturales, etc.) han comprometido la seguridad alimenticia de las familias en \u00e1reas rurales.<\/p>\n<p>Las enfermedades relacionadas con el agua son serias. De hecho, como el <a href=\"https:\/\/www.humanium.org\/es\/derecho-agua\/\">agua<\/a> potable es escasa y los sistemas de saneamiento son inadecuados, los ni\u00f1os de Bangladesh sufren, a menudo, de diarrea. Adem\u00e1s, muchos padres olvidan lavarse las manos, con lo que ayudan a expandir las bacterias.<\/p>\n<p>En relaci\u00f3n a las vacunaciones, la gran mayor\u00eda de los ni\u00f1os entre 1 y 2 a\u00f1os se havacunado. No obstante, por falta de apoyo de los servicios m\u00e9dicos en regiones remotas del pa\u00eds, hay familias que han dejado de vacunar a sus ni\u00f1os.<\/p>\n<p><a href=\"https:\/\/www.humanium.org\/es\/mortalidad-infantil\/\"><strong>Mortalidad infantil<br \/>\n<\/strong><\/a><br \/>\nAunque la tasa de <a href=\"https:\/\/www.humanium.org\/es\/mortalidad-infantil\/\">mortalidad de los ni\u00f1os menores de 5 a\u00f1os<\/a> ha disminuido considerablemente, todav\u00eda se mantiene en niveles preocupantes.<\/p>\n<p><img loading=\"lazy\" decoding=\"async\" class=\"alignright size-full wp-image-11553\" title=\"La tasa de mortalidad en los menores de 5 a\u00f1os permanece en niveles alarmantes . \u00a9 Rainer Ebert (Flickr)\" src=\"https:\/\/www.humanium.org\/fr\/wp-content\/uploads\/2011\/07\/bangladesh-sante-rainer-ebert-flickr.jpg\" alt=\"\" width=\"224\" height=\"163\" \/>Desafortunadamente, las madres no saben ad\u00f3nde acudir cuando necesitan ayuda. De hecho, el pa\u00eds carece de servicios pedi\u00e1tricos y de personal cualificado. Adem\u00e1s, la informaci\u00f3n sobre el parto que se facilita a las j\u00f3venes es casi inexistente. Muy frecuentemente, no saben, por ejemplo, que su beb\u00e9 necesita mamar inmediatamente o que deben mantenerlo caliente.<\/p>\n<p>Este problema podr\u00eda solucionarse con facilidad si las autoridades locales desarrollaran servicios de salud y si formaran m\u00e1s personal hospitalario.<\/p>\n<p><a href=\"https:\/\/www.humanium.org\/es\/derecho-identidad\/\"><strong>El derecho a la identidad<br \/>\n<\/strong><\/a><br \/>\nLos padres de Bangladesh raramente informan del nacimiento de sus hijos a las autoridades. As\u00ed, sin un certificado o partida de nacimiento, no se respeta el derecho del ni\u00f1o a su <a href=\"https:\/\/www.humanium.org\/es\/derecho-identidad\/\">identidad<\/a>. De hecho, no son reconocidos como miembros plenos de la sociedad y no pueden ejercitar sus derechos. En adelante, se convierten en <a href=\"https:\/\/www.humanium.org\/es\/apatridas-invisibles\/\">invisibles<\/a> a los ojos de la comunidad.<\/p>\n<p>Adem\u00e1s, los ni\u00f1os no registrados no est\u00e1n protegidos contra el abuso, como el <a href=\"https:\/\/www.humanium.org\/es\/trabajo-infantil\/\">trabajo forzado<\/a>, la prostituci\u00f3n, el <a href=\"https:\/\/www.humanium.org\/es\/matrimonio-infantil\/\">matrimonio infantil<\/a>, el contrabando y el tr\u00e1fico ilegal.<\/p>\n<p>Por lo tanto, es esencial que el gobierno de Bangladesh implemente la automatizaci\u00f3n del sistema de registro de nacimientos y la emisi\u00f3n de certificados de nacimiento.<\/p>\n<p><a href=\"https:\/\/www.humanium.org\/es\/abuso-infantil\/\"><strong>Abuso<br \/>\n<\/strong><\/a><br \/>\nLos ni\u00f1os de Bangladesh, tanto en lugares p\u00fablicos como privados, as\u00ed como en sus familias, sufren diferentes formas de <a href=\"https:\/\/www.humanium.org\/es\/abuso-infantil\/\">violencia<\/a> y negligencias. En la escuela, por ejemplo, los profesores maltratan a menudo a sus alumnos. La polic\u00eda tambi\u00e9n es famosa por el uso de la fuerza, incluso contra delincuentes j\u00f3venes.<\/p>\n<p>Desafortunadamente, el <a href=\"https:\/\/www.humanium.org\/es\/abuso-infantil\/\">castigo corporal y el trato denigrante<\/a> son la norma porque est\u00e1n permitidos por la ley y por la sociedad.<\/p>\n<p><a href=\"https:\/\/www.humanium.org\/es\/derecho-educacion\/\"><strong>Derecho a la educaci\u00f3n<br \/>\n<\/strong><\/a><br \/>\n<img loading=\"lazy\" decoding=\"async\" class=\"alignright\" title=\"La calidad de la educaci\u00f3n no es muy buena en Bangladesh. \u00a9 Rainer Ebert (Flickr)\" src=\"https:\/\/www.humanium.org\/fr\/wp-content\/uploads\/2011\/07\/bangladesh-education-rainer-ebert-flickr-300x209.jpg\" alt=\"\" width=\"276\" height=\"193\" \/>En Bangladesh, la <a href=\"https:\/\/www.humanium.org\/es\/derecho-educacion\/\">educaci\u00f3n<\/a> es gratuita y obligatoria para ni\u00f1os de 6 a 10 a\u00f1os. Sin embargo, los <a href=\"https:\/\/www.humanium.org\/es\/trabajo-infantil\/\">ni\u00f1os trabajadores<\/a>, los\u00a0<a href=\"https:\/\/www.humanium.org\/es\/ninos-discapacitados\/\">discapacitados<\/a>, los ind\u00edgenas, etc., raramente tienen acceso a la educaci\u00f3n, ya que, desafortunadamente, su <a href=\"https:\/\/www.humanium.org\/es\/derecho-educacion\/\">derecho a la educaci\u00f3n<\/a> no es respetado.<\/p>\n<p>Esto tambi\u00e9n es cierto para los ni\u00f1os de las comunidades m\u00e1s pobres (especialmente los chicos) quienes deben abandonar a menudo su educaci\u00f3n para poder ayudar econ\u00f3micamente a su familia.<\/p>\n<p>La calidad de la educaci\u00f3n no es muy buena porque un tercio de los profesores ense\u00f1a sin tener un diploma de estudios. Adem\u00e1s, la infraestructura educativa est\u00e1 obsoleta: faltan servicios separados para las chicas, ventilaci\u00f3n, iluminaci\u00f3n, etc.<\/p>\n<p>Adem\u00e1s, el <a href=\"https:\/\/www.humanium.org\/es\/abuso-infantil\/\">abuso<\/a> que algunos ni\u00f1os sufren en las escuelas siguen siendo habituales. De hecho, hay estudios que han demostrado que los ni\u00f1os sufren abusos f\u00edsicos por parte de sus profesores y las chicas son acosadas sexualmente con frecuencia en el colegio o en el camino a la escuela<\/p>\n<p><a href=\"https:\/\/www.humanium.org\/es\/matrimonio-infantil\/\"><strong>Matrimonio infantil<br \/>\n<\/strong><\/a><br \/>\n<img loading=\"lazy\" decoding=\"async\" class=\"alignright size-medium wp-image-11558\" title=\"Aunque ilegal, los matrimonios infantiles contin\u00faan siendo una pr\u00e1ctica extendida en Bangladesh. \u00a9 Bronski Beat (Flickr)\" src=\"https:\/\/www.humanium.org\/fr\/wp-content\/uploads\/2011\/07\/bangladesh-mariage-bronski-beat-flickr-300x199.jpg\" alt=\"\" width=\"252\" height=\"168\" \/>Aunque es ilegal, el <a href=\"https:\/\/www.humanium.org\/es\/matrimonio-infantil\/\">matrimonio infantil<\/a> se mantiene como una pr\u00e1ctica ampliamente extendida en Bangladesh. De hecho, un tercio de las j\u00f3venes de Bangladesh se casa antes de cumplir los 15 a\u00f1os.<\/p>\n<p>Es habitual que la familia de la novia pague una suma de dinero (dote) a la familia del novio, e incluso a veces se paga a plazos despu\u00e9s de la boda. El peligro est\u00e1 en que en caso de impago, la joven corre el riesgo de ser <a href=\"https:\/\/www.humanium.org\/es\/abuso-infantil\/\">abusada<\/a>.<\/p>\n<p>Los <a href=\"https:\/\/www.humanium.org\/es\/matrimonio-infantil\/\">matrimonios infantiles<\/a> tienen repercusiones negativas en la <a href=\"https:\/\/www.humanium.org\/es\/derecho-salud\/\">salud<\/a>, el desarrollo y el pleno ejercicio de los derechos de los ni\u00f1os. Casadas a temprana edad, las chicas tienen interacci\u00f3n social limitada porque han abandonado su educaci\u00f3n. Adem\u00e1s, corren el riego de tener un embarazo temprano, lo que tiene peligrosas consecuencias para su salud y para la del beb\u00e9.<\/p>\n<p>Deben implementarse medidas legislativas y campa\u00f1as informativas para que Bangladesh pueda, por un lado, prohibir estas pr\u00e1cticas da\u00f1inas tradicionales y, por otro, informar a las comunidades sobre los peligros que estas costumbres provocan.<\/p>\n<p><a href=\"https:\/\/www.humanium.org\/es\/trabajo-infantil\/\"><strong>Trabajo infantil<br \/>\n<\/strong><\/a><br \/>\nDebido a la extrema <a href=\"https:\/\/www.humanium.org\/es\/pobreza-infantil\/\">pobreza<\/a> en la que viven, las familias se ven forzadas en muchas ocasiones a que sus <a href=\"https:\/\/www.humanium.org\/es\/trabajo-infantil\/\">hijos trabajen<\/a>. Los empleos m\u00e1s comunes de los j\u00f3venes son la construcci\u00f3n, el reciclado de bater\u00edas, el transporte por carretera, la reparaci\u00f3n de coches y las tabacaleras.<\/p>\n<p>Sin educaci\u00f3n, estos ni\u00f1os crecen en condiciones muy duras: largas jornadas, bajos salarios, no hay comida, etc. Adem\u00e1s, se enfrentan a los riesgos de la <a href=\"https:\/\/www.humanium.org\/es\/prostitucion-infantil\/\">prostituci\u00f3n<\/a>, la <a href=\"https:\/\/www.humanium.org\/es\/no-discriminacion\/\">discriminaci\u00f3n<\/a>, el <a href=\"https:\/\/www.humanium.org\/es\/abuso-infantil\/\">abuso<\/a>, etc.<\/p>\n<p><img loading=\"lazy\" decoding=\"async\" class=\"size-medium wp-image-11548 alignright\" title=\"Debido a la extrema pobreza, las familias se ven forzadas a menudo a hacer que sus hijos trabajen. \u00a9 Vipez (Flickr)\" src=\"https:\/\/www.humanium.org\/fr\/wp-content\/uploads\/2011\/07\/bangladesh-travail-vipez-flickr-300x225.jpg\" alt=\"\" width=\"231\" height=\"173\" \/><\/p>\n<p>Bangladesh tambi\u00e9n se enfrenta a la situaci\u00f3n de los j\u00f3venes jinetes, ya que se les env\u00eda al Oriente Medio donde son empleados en carreras de camellos y, naturalmente, puestos como jinetes. Llevan una dieta muy restringida para que no engorden. Adem\u00e1s, a menudo son sujetos a abusos f\u00edsicos y<a href=\"https:\/\/www.humanium.org\/es\/explotacion-sexual-infantil\/\"> sexuales<\/a>.<\/p>\n<p><a href=\"https:\/\/www.humanium.org\/es\/trata-ninos\/\"><strong>Trata y tr\u00e1fico infantil<br \/>\n<\/strong><\/a><br \/>\n<img loading=\"lazy\" decoding=\"async\" class=\"alignright size-full wp-image-11555\" title=\"En muchos casos, los ni\u00f1os bajo la influencia de traficantes, viven y trabajan en las calles. \u00a9 Vipez (Flickr)\" src=\"https:\/\/www.humanium.org\/fr\/wp-content\/uploads\/2011\/07\/bangladesh-traite-vipez-flickr.jpg\" alt=\"\" width=\"205\" height=\"159\" \/>Los ni\u00f1os de las comunidades <a href=\"https:\/\/www.humanium.org\/es\/pobreza-infantil\/\">pobres<\/a> de Bangladesh tienen un riesgo elevado de ser vendidos por sus padres, quienes imaginan que la emigraci\u00f3n ser\u00e1 beneficiosa para ellos, asegur\u00e1ndoles salarios m\u00e1s altos y mejores condiciones de vida. Sin embargo, la realidad no tiene nada que ver con esto: los ni\u00f1os son explotados, especialmente las chicas, en primer lugar en servicio dom\u00e9stico y posteriormente como <a href=\"https:\/\/www.humanium.org\/es\/prostitucion-infantil\/\">prostitutas<\/a>.<\/p>\n<p>En muchos casos, los ni\u00f1os que est\u00e1n bajo la influencia de los traficantes <a href=\"https:\/\/www.humanium.org\/es\/ninos-calle\/\">viven y trabajan en las calles<\/a>.<\/p>\n<p><a href=\"https:\/\/www.humanium.org\/es\/justicia-juvenil\/\"><strong>Justicia juvenil<br \/>\n<\/strong><\/a><br \/>\nEn Bangladesh, los delincuentes juveniles a menudo son\u00a0<a href=\"https:\/\/www.humanium.org\/es\/abuso-infantil\/\">maltratados<\/a> cuando est\u00e1n bajo custodia. Adem\u00e1s, hay tribunales juveniles, pero en muchas ocasiones los ni\u00f1os son juzgados y sentenciados por tribunales ordinarios. En la misma l\u00ednea, existen centros de <a href=\"https:\/\/www.humanium.org\/es\/ninos-detenidos\/\">detenci\u00f3n<\/a> para delincuentes juveniles pero normalmente los ni\u00f1os son encarcelados con los adultos.<\/p>\n<p>Las sentencias pueden ser extremadamente duras. De hecho, algunos <a href=\"https:\/\/www.humanium.org\/es\/justicia-juvenil\/\">ni\u00f1os de menos de 15 a\u00f1os<\/a> han sido sentenciados a cadena perpetua y otros, menores de 18, <a href=\"https:\/\/www.humanium.org\/es\/leyes-justicia-infantil-2\/\">han recibido sentencias de muerte<\/a>.<\/p>\n<p>El Comit\u00e9 de Derechos del Ni\u00f1o est\u00e1 muy preocupado con estas sentencias y recomienda que el Estado proh\u00edba la pena de muerte o la cadena perpetua para los j\u00f3venes, que son considerados responsables penalmente a partir de los 12 a\u00f1os, y que la justicia para los menores se imparta en conformidad con la <a href=\"https:\/\/www.humanium.org\/es\/convencion\/\">Convenci\u00f3n Internacional de los Derechos del Ni\u00f1o<\/a>.<\/p>\n<p><a href=\"https:\/\/www.humanium.org\/es\/derecho-proteccion\/\"><strong>Libertad de opini\u00f3n y expresi\u00f3n en el pa\u00eds<br \/>\n<\/strong><\/a><br \/>\nEn Bangladesh, los ni\u00f1os raramente tienen la posibilidad de expresar sus opiniones y participar en las decisiones que se toman en el hogar, la escuela, etc. Tampoco en los procedimientos legales y administrativos, se escucha a la juventud. No forman parte en las decisiones que les afectan y, por lo tanto, debe mejorarse el proceso de participaci\u00f3n en dicho caso.<\/p>\n","protected":false},"excerpt":{"rendered":"<p>Ni\u00f1os de Bangladesh Descubriendo los derechos infantiles en Bangladesh Bangladesh, habiendo ratificado la Convenci\u00f3n Internacional de los Derechos de los Ni\u00f1os (CRC) en agosto de 1990, se comprometi\u00f3 a respetar, defender y promover los derechos de los ni\u00f1os en su pa\u00eds. No obstante, a pesar de su promesa, el pa\u00eds afronta serios problemas (servicios ineficientes, [&hellip;]<\/p>\n","protected":false},"author":1,"featured_media":0,"parent":0,"menu_order":0,"comment_status":"closed","ping_status":"open","template":"","meta":{"footnotes":""},"class_list":["post-2003","page","type-page","status-publish","hentry"],"yoast_head":"<!-- This site is optimized with the Yoast SEO plugin v26.5 - https:\/\/yoast.com\/wordpress\/plugins\/seo\/ -->\n<title>Ni\u00f1os de Bangladesh - Humanium<\/title>\n<meta name=\"description\" content=\"Bangladesh afronta serios problemas que est\u00e1n perjudicando actualmente a los ni\u00f1os en su acceso al pleno disfrute de sus derechos.\" \/>\n<meta name=\"robots\" content=\"index, follow, max-snippet:-1, max-image-preview:large, max-video-preview:-1\" \/>\n<link rel=\"canonical\" href=\"https:\/\/www.humanium.org\/es\/bangladesh\/\" \/>\n<meta property=\"og:locale\" content=\"es_ES\" \/>\n<meta property=\"og:type\" content=\"article\" \/>\n<meta property=\"og:title\" content=\"Ni\u00f1os de Bangladesh - Humanium\" \/>\n<meta property=\"og:description\" content=\"Bangladesh afronta serios problemas que est\u00e1n perjudicando actualmente a los ni\u00f1os en su acceso al pleno disfrute de sus derechos.\" \/>\n<meta property=\"og:url\" content=\"https:\/\/www.humanium.org\/es\/bangladesh\/\" \/>\n<meta property=\"og:site_name\" content=\"Humanium\" \/>\n<meta property=\"article:modified_time\" content=\"2025-12-05T18:13:06+00:00\" \/>\n<meta name=\"twitter:card\" content=\"summary_large_image\" \/>\n<meta name=\"twitter:label1\" content=\"Tiempo de lectura\" \/>\n\t<meta name=\"twitter:data1\" content=\"8 minutos\" \/>\n<script type=\"application\/ld+json\" class=\"yoast-schema-graph\">{\"@context\":\"https:\/\/schema.org\",\"@graph\":[{\"@type\":\"WebPage\",\"@id\":\"https:\/\/www.humanium.org\/es\/bangladesh\/\",\"url\":\"https:\/\/www.humanium.org\/es\/bangladesh\/\",\"name\":\"Ni\u00f1os de Bangladesh - Humanium\",\"isPartOf\":{\"@id\":\"https:\/\/www.humanium.org\/es\/#website\"},\"primaryImageOfPage\":{\"@id\":\"https:\/\/www.humanium.org\/es\/bangladesh\/#primaryimage\"},\"image\":{\"@id\":\"https:\/\/www.humanium.org\/es\/bangladesh\/#primaryimage\"},\"thumbnailUrl\":\"https:\/\/www.humanium.org\/fr\/wp-content\/uploads\/2011\/07\/bangladesh-fille-ifpri-flickr.jpg\",\"datePublished\":\"2013-06-04T10:09:31+00:00\",\"dateModified\":\"2025-12-05T18:13:06+00:00\",\"description\":\"Bangladesh afronta serios problemas que est\u00e1n perjudicando actualmente a los ni\u00f1os en su acceso al pleno disfrute de sus derechos.\",\"breadcrumb\":{\"@id\":\"https:\/\/www.humanium.org\/es\/bangladesh\/#breadcrumb\"},\"inLanguage\":\"es\",\"potentialAction\":[{\"@type\":\"ReadAction\",\"target\":[\"https:\/\/www.humanium.org\/es\/bangladesh\/\"]}]},{\"@type\":\"ImageObject\",\"inLanguage\":\"es\",\"@id\":\"https:\/\/www.humanium.org\/es\/bangladesh\/#primaryimage\",\"url\":\"https:\/\/www.humanium.org\/fr\/wp-content\/uploads\/2011\/07\/bangladesh-fille-ifpri-flickr.jpg\",\"contentUrl\":\"https:\/\/www.humanium.org\/fr\/wp-content\/uploads\/2011\/07\/bangladesh-fille-ifpri-flickr.jpg\"},{\"@type\":\"BreadcrumbList\",\"@id\":\"https:\/\/www.humanium.org\/es\/bangladesh\/#breadcrumb\",\"itemListElement\":[{\"@type\":\"ListItem\",\"position\":1,\"name\":\"Home\",\"item\":\"https:\/\/www.humanium.org\/es\/\"},{\"@type\":\"ListItem\",\"position\":2,\"name\":\"Ni\u00f1os de Bangladesh\"}]},{\"@type\":\"WebSite\",\"@id\":\"https:\/\/www.humanium.org\/es\/#website\",\"url\":\"https:\/\/www.humanium.org\/es\/\",\"name\":\"Humanium\",\"description\":\"\u00a1Los ni\u00f1os primero!\",\"potentialAction\":[{\"@type\":\"SearchAction\",\"target\":{\"@type\":\"EntryPoint\",\"urlTemplate\":\"https:\/\/www.humanium.org\/es\/?s={search_term_string}\"},\"query-input\":{\"@type\":\"PropertyValueSpecification\",\"valueRequired\":true,\"valueName\":\"search_term_string\"}}],\"inLanguage\":\"es\"}]}<\/script>\n<!-- \/ Yoast SEO plugin. -->","yoast_head_json":{"title":"Ni\u00f1os de Bangladesh - Humanium","description":"Bangladesh afronta serios problemas que est\u00e1n perjudicando actualmente a los ni\u00f1os en su acceso al pleno disfrute de sus derechos.","robots":{"index":"index","follow":"follow","max-snippet":"max-snippet:-1","max-image-preview":"max-image-preview:large","max-video-preview":"max-video-preview:-1"},"canonical":"https:\/\/www.humanium.org\/es\/bangladesh\/","og_locale":"es_ES","og_type":"article","og_title":"Ni\u00f1os de Bangladesh - Humanium","og_description":"Bangladesh afronta serios problemas que est\u00e1n perjudicando actualmente a los ni\u00f1os en su acceso al pleno disfrute de sus derechos.","og_url":"https:\/\/www.humanium.org\/es\/bangladesh\/","og_site_name":"Humanium","article_modified_time":"2025-12-05T18:13:06+00:00","twitter_card":"summary_large_image","twitter_misc":{"Tiempo de lectura":"8 minutos"},"schema":{"@context":"https:\/\/schema.org","@graph":[{"@type":"WebPage","@id":"https:\/\/www.humanium.org\/es\/bangladesh\/","url":"https:\/\/www.humanium.org\/es\/bangladesh\/","name":"Ni\u00f1os de Bangladesh - Humanium","isPartOf":{"@id":"https:\/\/www.humanium.org\/es\/#website"},"primaryImageOfPage":{"@id":"https:\/\/www.humanium.org\/es\/bangladesh\/#primaryimage"},"image":{"@id":"https:\/\/www.humanium.org\/es\/bangladesh\/#primaryimage"},"thumbnailUrl":"https:\/\/www.humanium.org\/fr\/wp-content\/uploads\/2011\/07\/bangladesh-fille-ifpri-flickr.jpg","datePublished":"2013-06-04T10:09:31+00:00","dateModified":"2025-12-05T18:13:06+00:00","description":"Bangladesh afronta serios problemas que est\u00e1n perjudicando actualmente a los ni\u00f1os en su acceso al pleno disfrute de sus derechos.","breadcrumb":{"@id":"https:\/\/www.humanium.org\/es\/bangladesh\/#breadcrumb"},"inLanguage":"es","potentialAction":[{"@type":"ReadAction","target":["https:\/\/www.humanium.org\/es\/bangladesh\/"]}]},{"@type":"ImageObject","inLanguage":"es","@id":"https:\/\/www.humanium.org\/es\/bangladesh\/#primaryimage","url":"https:\/\/www.humanium.org\/fr\/wp-content\/uploads\/2011\/07\/bangladesh-fille-ifpri-flickr.jpg","contentUrl":"https:\/\/www.humanium.org\/fr\/wp-content\/uploads\/2011\/07\/bangladesh-fille-ifpri-flickr.jpg"},{"@type":"BreadcrumbList","@id":"https:\/\/www.humanium.org\/es\/bangladesh\/#breadcrumb","itemListElement":[{"@type":"ListItem","position":1,"name":"Home","item":"https:\/\/www.humanium.org\/es\/"},{"@type":"ListItem","position":2,"name":"Ni\u00f1os de Bangladesh"}]},{"@type":"WebSite","@id":"https:\/\/www.humanium.org\/es\/#website","url":"https:\/\/www.humanium.org\/es\/","name":"Humanium","description":"\u00a1Los ni\u00f1os primero!","potentialAction":[{"@type":"SearchAction","target":{"@type":"EntryPoint","urlTemplate":"https:\/\/www.humanium.org\/es\/?s={search_term_string}"},"query-input":{"@type":"PropertyValueSpecification","valueRequired":true,"valueName":"search_term_string"}}],"inLanguage":"es"}]}},"_links":{"self":[{"href":"https:\/\/www.humanium.org\/es\/wp-json\/wp\/v2\/pages\/2003","targetHints":{"allow":["GET"]}}],"collection":[{"href":"https:\/\/www.humanium.org\/es\/wp-json\/wp\/v2\/pages"}],"about":[{"href":"https:\/\/www.humanium.org\/es\/wp-json\/wp\/v2\/types\/page"}],"author":[{"embeddable":true,"href":"https:\/\/www.humanium.org\/es\/wp-json\/wp\/v2\/users\/1"}],"replies":[{"embeddable":true,"href":"https:\/\/www.humanium.org\/es\/wp-json\/wp\/v2\/comments?post=2003"}],"version-history":[{"count":6,"href":"https:\/\/www.humanium.org\/es\/wp-json\/wp\/v2\/pages\/2003\/revisions"}],"predecessor-version":[{"id":20713,"href":"https:\/\/www.humanium.org\/es\/wp-json\/wp\/v2\/pages\/2003\/revisions\/20713"}],"wp:attachment":[{"href":"https:\/\/www.humanium.org\/es\/wp-json\/wp\/v2\/media?parent=2003"}],"curies":[{"name":"wp","href":"https:\/\/api.w.org\/{rel}","templated":true}]}}