{"id":2017,"date":"2013-06-04T13:01:58","date_gmt":"2013-06-04T13:01:58","guid":{"rendered":"http:\/\/www.humanium.org\/es\/?page_id=2017"},"modified":"2025-12-05T18:02:55","modified_gmt":"2025-12-05T18:02:55","slug":"islandia","status":"publish","type":"page","link":"https:\/\/www.humanium.org\/es\/islandia\/","title":{"rendered":"Ni\u00f1os de Islandia"},"content":{"rendered":"<h1>Ni\u00f1os de Islandia<\/h1>\n<h2>Descubriendo los Derechos del Ni\u00f1o en Islandia<\/h2>\n<p style=\"text-align: center;\"><img loading=\"lazy\" decoding=\"async\" class=\"alignnone wp-image-27262\" title=\"Ni\u00f1o de Islandia \u00a9 Elena Litsova (gettyimage)\" src=\"https:\/\/www.humanium.org\/fr\/wp-content\/uploads\/2012\/08\/gars-elena-litsova-gettyimage-e1344590553787.jpg\" alt=\"\" width=\"178\" height=\"200\" \/><\/p>\n<p>Durante los \u00faltimos a\u00f1os, el gobierno island\u00e9s ha favorecido en gran medida la protecci\u00f3n de los derechos infantiles y ha puesto en marcha numerosas medidas de protecci\u00f3n, poniendo el inter\u00e9s superior del ni\u00f1o en el centro de sus decisiones respecto a ellos. Sin embargo, el pa\u00eds a\u00fan tiene que realizar progresos, especialmente en relaci\u00f3n con la justicia de menores, la explotaci\u00f3n sexual y el acceso a la atenci\u00f3n.<\/p>\n<h3>Principales problemas que afectan a los ni\u00f1os en Islandia :<\/h3>\n<p><a href=\"https:\/\/www.humanium.org\/es\/pobreza-infantil\/\"><strong>La crisis financiera y la pobreza<br \/>\n<\/strong><\/a><br \/>\n<img loading=\"lazy\" decoding=\"async\" class=\"alignright wp-image-24290\" title=\"Las consecuencias de la crisis han sido considerables para muchos ni\u00f1os \u00a9 SIGUR (flickr)\" src=\"https:\/\/www.humanium.org\/fr\/wp-content\/uploads\/2012\/08\/pauvrete-SIGUR-flickr.jpg\" alt=\"\" width=\"120\" height=\"180\" \/>Tras el colapso del sistema bancario island\u00e9s en 2008, el pa\u00eds sufri\u00f3 una grave crisis financiera. Esto dio lugar a una disminuci\u00f3n de la inversi\u00f3n p\u00fablica y al <a href=\"https:\/\/www.humanium.org\/es\/pobreza-infantil\/\">empobrecimiento<\/a> de muchas familias. A pesar de los esfuerzos del estado para proteger a los m\u00e1s vulnerables, as\u00ed como de las peque\u00f1as mejoras que se han logrado en la situaci\u00f3n actual , las consecuencias han sido muy perjudiciales para muchos ni\u00f1os, para quienes el acceso a ciertos servicios como la <a href=\"https:\/\/www.humanium.org\/es\/derecho-educacion\/\">educaci\u00f3n<\/a> y la <a href=\"https:\/\/www.humanium.org\/es\/derecho-salud\/\">salud<\/a> ha empeorado.<\/p>\n<p>La asistencia social destinada a los m\u00e1s pobres o a las familias mono-parentales no es suficiente para permitir un desarrollo infantil adecuado. Los <a href=\"https:\/\/www.humanium.org\/es\/ninos-discapacitados\/\">ni\u00f1os discapacitados<\/a> tambi\u00e9n padecen de una atenci\u00f3n menos adecuada que antes de la crisis, en particular en las escuelas donde sus necesidades especiales no son tomadas en cuenta debido a la falta de recursos.<\/p>\n<p><strong>La <a href=\"https:\/\/www.humanium.org\/es\/derecho-salud\/\">salud<br \/>\n<\/a><\/strong><br \/>\n<img loading=\"lazy\" decoding=\"async\" class=\"alignright wp-image-24291\" title=\"El n\u00famero de ni\u00f1os y adolescentes con sobrepeso se ha convertido en un grave problema de salud \u00a9 Jhenryrose (flickr)\" src=\"https:\/\/www.humanium.org\/fr\/wp-content\/uploads\/2012\/08\/sante-obesite-jhenryrose-flickr.jpg\" alt=\"\" width=\"120\" height=\"180\" \/>A pesar de algunos avances en materia de <a href=\"https:\/\/www.humanium.org\/es\/derecho-salud\/\">salud<\/a>, el n\u00famero de ni\u00f1os y adolescentes obesos sigue siendo muy alto. De acuerdo con un estudio realizado en 2006, el 14,5% de los ni\u00f1os de 11 a 15 a\u00f1os fueron considerados obesos o con sobrepeso. El aumento de peso innecesario puede causar problemas de salud graves, afectando adversamente el coraz\u00f3n, los pulmones y articulaciones.<\/p>\n<p>Un n\u00famero cada vez mayor de j\u00f3venes islandeses tambi\u00e9n son v\u00edctimas de problemas psicol\u00f3gicos o de comportamiento, tales como hiperactividad. Con el aumento en el n\u00famero de pacientes, los especialistas se ven abrumados y el acceso a la atenci\u00f3n es cada vez m\u00e1s dif\u00edcil. Otra consecuencia directa es que estos ni\u00f1os consumen una cantidad creciente de medicaci\u00f3n y esto tiene el potencial de causar efectos neurol\u00f3gicos.<\/p>\n<p>El n\u00famero de embarazos y abortos entre adolescentes de 15 a 19 a\u00f1os es tambi\u00e9n relativamente alto (15 de cada 1000 dan a luz), lo que demuestra deficiencias en la educaci\u00f3n sexual y el acceso a los anticonceptivos.<\/p>\n<p><a href=\"https:\/\/www.humanium.org\/es\/justicia-juvenil\/\"><strong>Justicia para los ni\u00f1os<br \/>\n<\/strong><\/a><br \/>\nEl defensor de los derechos del ni\u00f1o en Islandia no siempre es capaz de recibir <a href=\"https:\/\/www.humanium.org\/es\/protocolo-comunicaciones\/\">denuncias de particulares<\/a>. Los ni\u00f1os que deseen denunciar una violaci\u00f3n a sus derechos deben recurrir a los complejos sistemas de quejas de diferentes servicios gubernamentales.<\/p>\n<p><img loading=\"lazy\" decoding=\"async\" class=\"alignright size-full wp-image-24292\" title=\"Sigue siendo dif\u00edcil para los ni\u00f1os hacer o\u00edr sus denuncias \u00a9 Aldenwicker (flickr)\" src=\"https:\/\/www.humanium.org\/fr\/wp-content\/uploads\/2012\/08\/manif-droits-aldenwicker-flickr.jpg\" alt=\"\" width=\"185\" height=\"200\" \/>Adem\u00e1s, los ni\u00f1os que testifican no siempre son correctamente tratados y protegidos, lo que a menudo los coh\u00edbe de informar sobre lo que han visto. Inclusive, desafortunadamente, la falta de un sistema de <a href=\"https:\/\/www.humanium.org\/es\/justicia-juvenil\/\">justicia integral para los menores<\/a> no garantiza que durante el proceso sea tenido en cuenta el m\u00e1ximo beneficio para el ni\u00f1o. Por otra parte, Islandia a\u00fan no ha retirado la reserva que expres\u00f3 en contra del art\u00edculo 37 de la Convenci\u00f3n sobre los Derechos del Ni\u00f1o, relativo a la separaci\u00f3n de los ni\u00f1os y menores de edad en <a href=\"https:\/\/www.humanium.org\/es\/ninos-detenidos\/\">centros de detenci\u00f3n<\/a>. Los ni\u00f1os menores de 18 a\u00f1os son detenidos junto con adultos, lo que los expone a graves riesgos de agresi\u00f3n.<\/p>\n<p>Por \u00faltimo, la falta de ayuda para la reinserci\u00f3n de delincuentes juveniles que abandonan los centros de cuidado alternativo significa que los ni\u00f1os, a menudo , sin lugar a d\u00f3nde ir, tengan dificultades para reintegrarse en la sociedad.<\/p>\n<p><strong>V<a href=\"https:\/\/www.humanium.org\/es\/abuso-infantil\/\">iolencia infantil<br \/>\n<\/a><\/strong><br \/>\nAunque son pocos los ni\u00f1os islandeses que pueden ser objeto de abuso, muchos de ellos son, por otra parte, testigos de violencia entre los adultos. La legislaci\u00f3n considera que un ni\u00f1o no es una v\u00edctima, siempre y cuando la violencia no se dirija hacia \u00e9l o ella. La violencia parental tiene por lo tanto un peso muy ligero en las decisiones judiciales sobre la custodia infantil. Sin embargo, este despliegue de violencia puede tener graves consecuencias psicol\u00f3gicas para los ni\u00f1os.<\/p>\n<p><a href=\"https:\/\/www.humanium.org\/es\/trabajo-infantil\/\"><strong>Trabajo infantil<br \/>\n<\/strong><\/a><br \/>\nEn Islandia, un n\u00famero relativamente alto de ni\u00f1os comienza a <a href=\"https:\/\/www.humanium.org\/es\/trabajo-infantil\/\">trabajar<\/a> a una edad muy temprana, a veces, a la edad de 13 a\u00f1os. Las condiciones de trabajo son generalmente aceptables, pero a veces ocurre que inadecuados acuerdos de trabajo con algunos jefes los exponen a largas horas de trabajo, y a serios riesgos de accidentes y hostigamiento. A veces las responsabilidades laborales colocan una carga demasiado pesada sobre los ni\u00f1os para su edad.<\/p>\n<p><a href=\"https:\/\/www.humanium.org\/es\/explotacion-sexual-infantil\/\"><strong>Explotaci\u00f3n sexual<br \/>\n<\/strong><\/a><br \/>\n<img loading=\"lazy\" decoding=\"async\" class=\"alignright size-full wp-image-24293\" title=\"La agresi\u00f3n sexual contra menores de edad no est\u00e1 debidamente. \u00a9 Gritt Matthias (flickr)\" src=\"https:\/\/www.humanium.org\/fr\/wp-content\/uploads\/2012\/08\/exploitation-sexuelle-Gritt-Matthias.jpg\" alt=\"\" width=\"200\" height=\"133\" \/>Las \u00faltimas modificaciones al C\u00f3digo Penal en materia de delitos sexuales todav\u00eda no ofrecen una protecci\u00f3n adecuada contra la <a href=\"https:\/\/www.humanium.org\/es\/explotacion-sexual-infantil\/\">explotaci\u00f3n sexual <\/a>de ni\u00f1os entre las edades de 15-18. Los casos de violaci\u00f3n y\/u otra agresi\u00f3n sexual hacia menores de edad no son sistem\u00e1ticamente sometidos a juicio, y mucho menos a menudo resultan en una condena. En los \u00faltimos a\u00f1os, las denuncias de <a href=\"https:\/\/www.humanium.org\/es\/explotacion-sexual-infantil\/\">violaci\u00f3n <\/a>han aumentado, pero no as\u00ed las condenas. Setenta por ciento (70%) de los casos abiertos por violaci\u00f3n (adultos y ni\u00f1os) entre los a\u00f1os 2006 y 2009 se cerraron sin castigo para el delincuente.<\/p>\n<p>Por otra parte, las <a href=\"https:\/\/www.humanium.org\/es\/prostitucion-infantil\/\">prostitutas menores<\/a> de edad son muy a menudoconsideradas como delincuentes en lugar de v\u00edctimas.<\/p>\n<p>Adem\u00e1s, debido al principio de doble tipificaci\u00f3n, el sistema nacional de justicia s\u00f3lo castiga un delito que se haya cometido en el extranjero cuando el delito sea punible tambi\u00e9n en el pa\u00eds donde se cometi\u00f3. Esto limita la posibilidad de condenar el <a href=\"https:\/\/www.humanium.org\/es\/trata-ninos\/\">tr\u00e1fico de ni\u00f1os<\/a>, reduciendo la protecci\u00f3n a los ni\u00f1os de la venta, la prostituci\u00f3n y la pornograf\u00eda.<\/p>\n<p><strong>Acogida de extranjeros<br \/>\n<\/strong><br \/>\nTras la llegada de un n\u00famero cada vez mayor de inmigrantes al pa\u00eds, los casos de <a href=\"https:\/\/www.humanium.org\/es\/no-discriminacion\/\">discriminaci\u00f3n<\/a> y racismo hacia los extranjeros est\u00e1n en aumento, y esto ha sido dif\u00edcil de controlar debido a la falta de legislaci\u00f3n en la materia.<\/p>\n<p>Un hecho preocupante es que la tasa de deserci\u00f3n escolar de los ni\u00f1os inmigrantes en la <a href=\"https:\/\/www.humanium.org\/es\/derecho-educacion\/\">escuela<\/a> secundaria es bastante alta, y se debe principalmente a la falta de ayuda en el aprendizaje del idioma island\u00e9s. Los ni\u00f1os inmigrantes tambi\u00e9n corren el riesgo de encontrarse socialmente aislados o de formar grupos paralelos que entran en conflicto con la sociedad dominante.<\/p>\n","protected":false},"excerpt":{"rendered":"<p>Ni\u00f1os de Islandia Descubriendo los Derechos del Ni\u00f1o en Islandia Durante los \u00faltimos a\u00f1os, el gobierno island\u00e9s ha favorecido en gran medida la protecci\u00f3n de los derechos infantiles y ha puesto en marcha numerosas medidas de protecci\u00f3n, poniendo el inter\u00e9s superior del ni\u00f1o en el centro de sus decisiones respecto a ellos. Sin embargo, el [&hellip;]<\/p>\n","protected":false},"author":1,"featured_media":0,"parent":0,"menu_order":0,"comment_status":"closed","ping_status":"open","template":"","meta":{"footnotes":""},"class_list":["post-2017","page","type-page","status-publish","hentry"],"yoast_head":"<!-- This site is optimized with the Yoast SEO plugin v26.5 - https:\/\/yoast.com\/wordpress\/plugins\/seo\/ -->\n<title>Ni\u00f1os de Islandia - Humanium<\/title>\n<meta name=\"description\" content=\"Islandia favorece la protecci\u00f3n de los derechos infantiles. Pero, la explotaci\u00f3n sexual,el acceso a la atenci\u00f3n, o la justicia de menores son a\u00fan problemas.\" \/>\n<meta name=\"robots\" content=\"index, follow, max-snippet:-1, max-image-preview:large, max-video-preview:-1\" \/>\n<link rel=\"canonical\" href=\"https:\/\/www.humanium.org\/es\/islandia\/\" \/>\n<meta property=\"og:locale\" content=\"es_ES\" \/>\n<meta property=\"og:type\" content=\"article\" \/>\n<meta property=\"og:title\" content=\"Ni\u00f1os de Islandia - Humanium\" \/>\n<meta property=\"og:description\" content=\"Islandia favorece la protecci\u00f3n de los derechos infantiles. Pero, la explotaci\u00f3n sexual,el acceso a la atenci\u00f3n, o la justicia de menores son a\u00fan problemas.\" \/>\n<meta property=\"og:url\" content=\"https:\/\/www.humanium.org\/es\/islandia\/\" \/>\n<meta property=\"og:site_name\" content=\"Humanium\" \/>\n<meta property=\"article:modified_time\" content=\"2025-12-05T18:02:55+00:00\" \/>\n<meta name=\"twitter:card\" content=\"summary_large_image\" \/>\n<meta name=\"twitter:label1\" content=\"Tiempo de lectura\" \/>\n\t<meta name=\"twitter:data1\" content=\"6 minutos\" \/>\n<script type=\"application\/ld+json\" class=\"yoast-schema-graph\">{\"@context\":\"https:\/\/schema.org\",\"@graph\":[{\"@type\":\"WebPage\",\"@id\":\"https:\/\/www.humanium.org\/es\/islandia\/\",\"url\":\"https:\/\/www.humanium.org\/es\/islandia\/\",\"name\":\"Ni\u00f1os de Islandia - Humanium\",\"isPartOf\":{\"@id\":\"https:\/\/www.humanium.org\/es\/#website\"},\"primaryImageOfPage\":{\"@id\":\"https:\/\/www.humanium.org\/es\/islandia\/#primaryimage\"},\"image\":{\"@id\":\"https:\/\/www.humanium.org\/es\/islandia\/#primaryimage\"},\"thumbnailUrl\":\"https:\/\/www.humanium.org\/fr\/wp-content\/uploads\/2012\/08\/gars-elena-litsova-gettyimage-e1344590553787.jpg\",\"datePublished\":\"2013-06-04T13:01:58+00:00\",\"dateModified\":\"2025-12-05T18:02:55+00:00\",\"description\":\"Islandia favorece la protecci\u00f3n de los derechos infantiles. Pero, la explotaci\u00f3n sexual,el acceso a la atenci\u00f3n, o la justicia de menores son a\u00fan problemas.\",\"breadcrumb\":{\"@id\":\"https:\/\/www.humanium.org\/es\/islandia\/#breadcrumb\"},\"inLanguage\":\"es\",\"potentialAction\":[{\"@type\":\"ReadAction\",\"target\":[\"https:\/\/www.humanium.org\/es\/islandia\/\"]}]},{\"@type\":\"ImageObject\",\"inLanguage\":\"es\",\"@id\":\"https:\/\/www.humanium.org\/es\/islandia\/#primaryimage\",\"url\":\"https:\/\/www.humanium.org\/fr\/wp-content\/uploads\/2012\/08\/gars-elena-litsova-gettyimage-e1344590553787.jpg\",\"contentUrl\":\"https:\/\/www.humanium.org\/fr\/wp-content\/uploads\/2012\/08\/gars-elena-litsova-gettyimage-e1344590553787.jpg\"},{\"@type\":\"BreadcrumbList\",\"@id\":\"https:\/\/www.humanium.org\/es\/islandia\/#breadcrumb\",\"itemListElement\":[{\"@type\":\"ListItem\",\"position\":1,\"name\":\"Home\",\"item\":\"https:\/\/www.humanium.org\/es\/\"},{\"@type\":\"ListItem\",\"position\":2,\"name\":\"Ni\u00f1os de Islandia\"}]},{\"@type\":\"WebSite\",\"@id\":\"https:\/\/www.humanium.org\/es\/#website\",\"url\":\"https:\/\/www.humanium.org\/es\/\",\"name\":\"Humanium\",\"description\":\"\u00a1Los ni\u00f1os primero!\",\"potentialAction\":[{\"@type\":\"SearchAction\",\"target\":{\"@type\":\"EntryPoint\",\"urlTemplate\":\"https:\/\/www.humanium.org\/es\/?s={search_term_string}\"},\"query-input\":{\"@type\":\"PropertyValueSpecification\",\"valueRequired\":true,\"valueName\":\"search_term_string\"}}],\"inLanguage\":\"es\"}]}<\/script>\n<!-- \/ Yoast SEO plugin. -->","yoast_head_json":{"title":"Ni\u00f1os de Islandia - Humanium","description":"Islandia favorece la protecci\u00f3n de los derechos infantiles. Pero, la explotaci\u00f3n sexual,el acceso a la atenci\u00f3n, o la justicia de menores son a\u00fan problemas.","robots":{"index":"index","follow":"follow","max-snippet":"max-snippet:-1","max-image-preview":"max-image-preview:large","max-video-preview":"max-video-preview:-1"},"canonical":"https:\/\/www.humanium.org\/es\/islandia\/","og_locale":"es_ES","og_type":"article","og_title":"Ni\u00f1os de Islandia - Humanium","og_description":"Islandia favorece la protecci\u00f3n de los derechos infantiles. Pero, la explotaci\u00f3n sexual,el acceso a la atenci\u00f3n, o la justicia de menores son a\u00fan problemas.","og_url":"https:\/\/www.humanium.org\/es\/islandia\/","og_site_name":"Humanium","article_modified_time":"2025-12-05T18:02:55+00:00","twitter_card":"summary_large_image","twitter_misc":{"Tiempo de lectura":"6 minutos"},"schema":{"@context":"https:\/\/schema.org","@graph":[{"@type":"WebPage","@id":"https:\/\/www.humanium.org\/es\/islandia\/","url":"https:\/\/www.humanium.org\/es\/islandia\/","name":"Ni\u00f1os de Islandia - Humanium","isPartOf":{"@id":"https:\/\/www.humanium.org\/es\/#website"},"primaryImageOfPage":{"@id":"https:\/\/www.humanium.org\/es\/islandia\/#primaryimage"},"image":{"@id":"https:\/\/www.humanium.org\/es\/islandia\/#primaryimage"},"thumbnailUrl":"https:\/\/www.humanium.org\/fr\/wp-content\/uploads\/2012\/08\/gars-elena-litsova-gettyimage-e1344590553787.jpg","datePublished":"2013-06-04T13:01:58+00:00","dateModified":"2025-12-05T18:02:55+00:00","description":"Islandia favorece la protecci\u00f3n de los derechos infantiles. Pero, la explotaci\u00f3n sexual,el acceso a la atenci\u00f3n, o la justicia de menores son a\u00fan problemas.","breadcrumb":{"@id":"https:\/\/www.humanium.org\/es\/islandia\/#breadcrumb"},"inLanguage":"es","potentialAction":[{"@type":"ReadAction","target":["https:\/\/www.humanium.org\/es\/islandia\/"]}]},{"@type":"ImageObject","inLanguage":"es","@id":"https:\/\/www.humanium.org\/es\/islandia\/#primaryimage","url":"https:\/\/www.humanium.org\/fr\/wp-content\/uploads\/2012\/08\/gars-elena-litsova-gettyimage-e1344590553787.jpg","contentUrl":"https:\/\/www.humanium.org\/fr\/wp-content\/uploads\/2012\/08\/gars-elena-litsova-gettyimage-e1344590553787.jpg"},{"@type":"BreadcrumbList","@id":"https:\/\/www.humanium.org\/es\/islandia\/#breadcrumb","itemListElement":[{"@type":"ListItem","position":1,"name":"Home","item":"https:\/\/www.humanium.org\/es\/"},{"@type":"ListItem","position":2,"name":"Ni\u00f1os de Islandia"}]},{"@type":"WebSite","@id":"https:\/\/www.humanium.org\/es\/#website","url":"https:\/\/www.humanium.org\/es\/","name":"Humanium","description":"\u00a1Los ni\u00f1os primero!","potentialAction":[{"@type":"SearchAction","target":{"@type":"EntryPoint","urlTemplate":"https:\/\/www.humanium.org\/es\/?s={search_term_string}"},"query-input":{"@type":"PropertyValueSpecification","valueRequired":true,"valueName":"search_term_string"}}],"inLanguage":"es"}]}},"_links":{"self":[{"href":"https:\/\/www.humanium.org\/es\/wp-json\/wp\/v2\/pages\/2017","targetHints":{"allow":["GET"]}}],"collection":[{"href":"https:\/\/www.humanium.org\/es\/wp-json\/wp\/v2\/pages"}],"about":[{"href":"https:\/\/www.humanium.org\/es\/wp-json\/wp\/v2\/types\/page"}],"author":[{"embeddable":true,"href":"https:\/\/www.humanium.org\/es\/wp-json\/wp\/v2\/users\/1"}],"replies":[{"embeddable":true,"href":"https:\/\/www.humanium.org\/es\/wp-json\/wp\/v2\/comments?post=2017"}],"version-history":[{"count":5,"href":"https:\/\/www.humanium.org\/es\/wp-json\/wp\/v2\/pages\/2017\/revisions"}],"predecessor-version":[{"id":20505,"href":"https:\/\/www.humanium.org\/es\/wp-json\/wp\/v2\/pages\/2017\/revisions\/20505"}],"wp:attachment":[{"href":"https:\/\/www.humanium.org\/es\/wp-json\/wp\/v2\/media?parent=2017"}],"curies":[{"name":"wp","href":"https:\/\/api.w.org\/{rel}","templated":true}]}}