{"id":2021,"date":"2013-06-04T13:52:02","date_gmt":"2013-06-04T13:52:02","guid":{"rendered":"http:\/\/www.humanium.org\/es\/?page_id=2021"},"modified":"2025-12-05T18:01:12","modified_gmt":"2025-12-05T18:01:12","slug":"paises-bajos","status":"publish","type":"page","link":"https:\/\/www.humanium.org\/es\/paises-bajos\/","title":{"rendered":"Ni\u00f1os de los Pa\u00edses Bajos"},"content":{"rendered":"<h1>Ni\u00f1os de los Pa\u00edses Bajos<\/h1>\n<h2>Descubriendo los Derechos del Ni\u00f1o en los Pa\u00edses Bajos<\/h2>\n<p style=\"text-align: center;\"><img loading=\"lazy\" decoding=\"async\" class=\" wp-image-27256 alignnone\" title=\"Ni\u00f1a de Pa\u00edses Bajos \u00a9 Nabok (Flickr)\" src=\"https:\/\/www.humanium.org\/fr\/wp-content\/uploads\/2011\/07\/fillette-pbas-nabok-flickr.jpg\" alt=\"\" width=\"153\" height=\"200\" \/> <img loading=\"lazy\" decoding=\"async\" class=\"alignnone wp-image-27262\" title=\"Ni\u00f1o de Pa\u00edses Bajos \u00a9 Bogers (flickr)\" src=\"https:\/\/www.humanium.org\/fr\/wp-content\/uploads\/2011\/07\/garcon-pbas-bogers-flickr.jpg\" alt=\"\" width=\"167\" height=\"200\" \/><\/p>\n<p>Los Pa\u00edses Bajos es uno de los pa\u00edses del mundo m\u00e1s protectores con los ni\u00f1os. Ofrecen una garant\u00eda casi total de los derechos de los ni\u00f1os y respetan honradamente la mayor\u00eda de los principios de la Convenci\u00f3n sobre los Derechos del Ni\u00f1o. A pesar de todo, conviene se\u00f1alar algunos puntos negativos que vienen a matizar esta situaci\u00f3n.<\/p>\n<h3>Principales problemas que afectan a los ni\u00f1os en Pa\u00edses Bajos :<\/h3>\n<p><a href=\"https:\/\/www.humanium.org\/es\/pobreza-infantil\/\"><strong>Pobreza<br \/>\n<\/strong><\/a><br \/>\nEl 10% de la poblaci\u00f3n neerlandesa vive bajo el <a href=\"https:\/\/www.humanium.org\/es\/pobreza-infantil\/\">umbral de pobreza<\/a>. Por desgracia, la riqueza no est\u00e1 repartida entre toda la poblaci\u00f3n y algunos ni\u00f1os sufren las consecuencias de la pobreza de su familia. Esta situaci\u00f3n restringe, entre otras cosas, el acceso a la educaci\u00f3n y la sanidad, es por ello que la situaci\u00f3n econ\u00f3mica de los padres influye necesariamente en la vida de los ni\u00f1os.<\/p>\n<p><a href=\"https:\/\/www.humanium.org\/es\/abuso-infantil\/\"><strong>Ni\u00f1os maltratados<\/strong><\/a><br \/>\n<img loading=\"lazy\" decoding=\"async\" class=\"size-full wp-image-11885 alignright\" title=\"Algunos ni\u00f1os siguen siendo maltratados en los Pa\u00edses Bajos y, en particular, en las Antillas. \u00a9 Charles Fred (Flickr)\" src=\"https:\/\/www.humanium.org\/fr\/wp-content\/uploads\/2011\/07\/violence-pbas-charles-fred-flickr.jpg\" alt=\"\" width=\"95\" height=\"143\" \/><\/p>\n<p>La ley no siempre proh\u00edbe esos castigos, y a\u00fan, cuando se proh\u00edben, se facilitan pocos recursos para garantizar el respeto de estas prohibiciones. As\u00ed mismo, algunos ni\u00f1os sufren maltrato, en particular en las Antillas neerlandesas y, desgraciadamente, pocas veces se consigue condenar esas pr\u00e1cticas.<\/p>\n<p><a href=\"https:\/\/www.humanium.org\/es\/ninos-desplazados\/\"><strong>Ni\u00f1os refugiados<br \/>\n<\/strong><\/a><br \/>\nLa situaci\u00f3n de los solicitantes de asilo, refugiados e inmigrantes que desean entrar en territorio neerland\u00e9s es preocupante. As\u00ed mismo, los procedimientos a los que se ven sometidas estas personas no les garantizan una investigaci\u00f3n completa de su situaci\u00f3n.<\/p>\n<p>De hecho, varios miles de personas, incluyendo menores, se encuentran en situaci\u00f3n irregular en los Pa\u00edses Bajos. Cuando son detenidos por las autoridades, se les aloja en <a href=\"https:\/\/www.humanium.org\/es\/ninos-detenidos\/\">centros de detenci\u00f3n<\/a> sin tener en cuenta las particularidades de sus historias. Adem\u00e1s, las personas m\u00e1s vulnerables, como los ni\u00f1os o las v\u00edctimas de injusticias en su pa\u00eds de origen, se ven al igual detenidas durante per\u00edodos que pueden resultar muy largos.<\/p>\n<p>Los menores no acompa\u00f1ados tampoco tienen sus derechos \u00edntegramente garantizados.<\/p>\n<p><a href=\"https:\/\/www.humanium.org\/es\/no-discriminacion\/\"><strong>Discriminaci\u00f3n<br \/>\n<\/strong><\/a><br \/>\nEl comisario de Derechos Humanos del Consejo de Europa dice estar preocupado por \u00ablas tendencias racistas, antisemitas y otras diferentes formas de intolerancia\u00bb presentes en los Pa\u00edses Bajos.<\/p>\n<p><img loading=\"lazy\" decoding=\"async\" class=\"alignright size-full wp-image-11886\" title=\"Numerosos actos de discriminaci\u00f3n se siguen practicando en los Pa\u00edses Bajos \u00a9 350.org (Flickr)\" src=\"https:\/\/www.humanium.org\/fr\/wp-content\/uploads\/2011\/07\/pbas-discrimination-troiscentcinquantepointorg-flickr.jpg\" alt=\"\" width=\"203\" height=\"135\" \/>Algunas formas de discriminaci\u00f3n relacionadas con la raza, el sexo, el origen y sobre todo la religi\u00f3n siguen vigentes en este pa\u00eds. Los ni\u00f1os musulmanes, los solicitantes de asilo y los refugiados sufren muchos actos racistas por parte del resto de la sociedad civil.<\/p>\n<p>A pesar de algunos progresos notables en el asunto, el pa\u00eds debe mejorar aun m\u00e1s su pol\u00edtica de prevenci\u00f3n y de sensibilizaci\u00f3n con el fin de erradicar por completo la discriminaci\u00f3n.<\/p>\n<p><a href=\"https:\/\/www.humanium.org\/es\/ninos-discapacitados\/\"><strong>Ni\u00f1os discapacitados<br \/>\n<\/strong><\/a><br \/>\nLos Pa\u00edses Bajos no suelen garantizar a los ni\u00f1os minusv\u00e1lidos el respeto total de los derechos proclamados en la <a href=\"https:\/\/www.humanium.org\/es\/convencion\/\">Convenci\u00f3n Internacional sobre los Derechos del Ni\u00f1o<\/a>. Efectivamente, estos ni\u00f1os se enfrentan, a menudo, a obst\u00e1culos que les impiden disponer de sus derechos con total libertad. No se les facilita, en particular, el acceso a la educaci\u00f3n y, en general, el acceso a los servicios p\u00fablicos.<\/p>\n<p>La integraci\u00f3n de los ni\u00f1os minusv\u00e1lidos en la sociedad neerlandesa resulta, por tanto, dif\u00edcil y lenta.<\/p>\n<p><strong>Medio ambiente<br \/>\n<\/strong><br \/>\n<img loading=\"lazy\" decoding=\"async\" class=\"size-full wp-image-11889 alignright\" title=\"Los ni\u00f1os tienen derecho a crecer en un ambiente sano. \u00a9 Pingu 1963\" src=\"https:\/\/www.humanium.org\/fr\/wp-content\/uploads\/2011\/07\/environment-p-bas-pingu-milneufcentsoixantetrois-flickr-notouch2.jpg\" alt=\"\" width=\"194\" height=\"145\" \/>Con 10,3 toneladas de emisiones de CO2 por habitante y a\u00f1o, los Pa\u00edses Bajos deben aun progresar en la protecci\u00f3n del medio ambiente y reducir su huella ecol\u00f3gica. Esto tiene tambi\u00e9n un impacto negativo en la vida de los ni\u00f1os y en su futuro. Su derecho a vivir y crecer en un medio ambiente sano no se respeta correctamente.<\/p>\n","protected":false},"excerpt":{"rendered":"<p>Ni\u00f1os de los Pa\u00edses Bajos Descubriendo los Derechos del Ni\u00f1o en los Pa\u00edses Bajos Los Pa\u00edses Bajos es uno de los pa\u00edses del mundo m\u00e1s protectores con los ni\u00f1os. Ofrecen una garant\u00eda casi total de los derechos de los ni\u00f1os y respetan honradamente la mayor\u00eda de los principios de la Convenci\u00f3n sobre los Derechos del [&hellip;]<\/p>\n","protected":false},"author":1,"featured_media":0,"parent":0,"menu_order":0,"comment_status":"closed","ping_status":"open","template":"","meta":{"footnotes":""},"class_list":["post-2021","page","type-page","status-publish","hentry"],"yoast_head":"<!-- This site is optimized with the Yoast SEO plugin v26.5 - https:\/\/yoast.com\/wordpress\/plugins\/seo\/ -->\n<title>Ni\u00f1os de los Pa\u00edses Bajos - Humanium<\/title>\n<meta name=\"description\" content=\"Los Paises Bajos ofrecen una garant\u00eda casi total de los derechos de los ni\u00f1os. A pesar de todo, hay algunos puntos negativos que matizan esta situaci\u00f3n.\" \/>\n<meta name=\"robots\" content=\"index, follow, max-snippet:-1, max-image-preview:large, max-video-preview:-1\" \/>\n<link rel=\"canonical\" href=\"https:\/\/www.humanium.org\/es\/paises-bajos\/\" \/>\n<meta property=\"og:locale\" content=\"es_ES\" \/>\n<meta property=\"og:type\" content=\"article\" \/>\n<meta property=\"og:title\" content=\"Ni\u00f1os de los Pa\u00edses Bajos - Humanium\" \/>\n<meta property=\"og:description\" content=\"Los Paises Bajos ofrecen una garant\u00eda casi total de los derechos de los ni\u00f1os. A pesar de todo, hay algunos puntos negativos que matizan esta situaci\u00f3n.\" \/>\n<meta property=\"og:url\" content=\"https:\/\/www.humanium.org\/es\/paises-bajos\/\" \/>\n<meta property=\"og:site_name\" content=\"Humanium\" \/>\n<meta property=\"article:modified_time\" content=\"2025-12-05T18:01:12+00:00\" \/>\n<meta name=\"twitter:card\" content=\"summary_large_image\" \/>\n<meta name=\"twitter:label1\" content=\"Tiempo de lectura\" \/>\n\t<meta name=\"twitter:data1\" content=\"4 minutos\" \/>\n<script type=\"application\/ld+json\" class=\"yoast-schema-graph\">{\"@context\":\"https:\/\/schema.org\",\"@graph\":[{\"@type\":\"WebPage\",\"@id\":\"https:\/\/www.humanium.org\/es\/paises-bajos\/\",\"url\":\"https:\/\/www.humanium.org\/es\/paises-bajos\/\",\"name\":\"Ni\u00f1os de los Pa\u00edses Bajos - Humanium\",\"isPartOf\":{\"@id\":\"https:\/\/www.humanium.org\/es\/#website\"},\"primaryImageOfPage\":{\"@id\":\"https:\/\/www.humanium.org\/es\/paises-bajos\/#primaryimage\"},\"image\":{\"@id\":\"https:\/\/www.humanium.org\/es\/paises-bajos\/#primaryimage\"},\"thumbnailUrl\":\"https:\/\/www.humanium.org\/fr\/wp-content\/uploads\/2011\/07\/fillette-pbas-nabok-flickr.jpg\",\"datePublished\":\"2013-06-04T13:52:02+00:00\",\"dateModified\":\"2025-12-05T18:01:12+00:00\",\"description\":\"Los Paises Bajos ofrecen una garant\u00eda casi total de los derechos de los ni\u00f1os. A pesar de todo, hay algunos puntos negativos que matizan esta situaci\u00f3n.\",\"breadcrumb\":{\"@id\":\"https:\/\/www.humanium.org\/es\/paises-bajos\/#breadcrumb\"},\"inLanguage\":\"es\",\"potentialAction\":[{\"@type\":\"ReadAction\",\"target\":[\"https:\/\/www.humanium.org\/es\/paises-bajos\/\"]}]},{\"@type\":\"ImageObject\",\"inLanguage\":\"es\",\"@id\":\"https:\/\/www.humanium.org\/es\/paises-bajos\/#primaryimage\",\"url\":\"https:\/\/www.humanium.org\/fr\/wp-content\/uploads\/2011\/07\/fillette-pbas-nabok-flickr.jpg\",\"contentUrl\":\"https:\/\/www.humanium.org\/fr\/wp-content\/uploads\/2011\/07\/fillette-pbas-nabok-flickr.jpg\"},{\"@type\":\"BreadcrumbList\",\"@id\":\"https:\/\/www.humanium.org\/es\/paises-bajos\/#breadcrumb\",\"itemListElement\":[{\"@type\":\"ListItem\",\"position\":1,\"name\":\"Home\",\"item\":\"https:\/\/www.humanium.org\/es\/\"},{\"@type\":\"ListItem\",\"position\":2,\"name\":\"Ni\u00f1os de los Pa\u00edses Bajos\"}]},{\"@type\":\"WebSite\",\"@id\":\"https:\/\/www.humanium.org\/es\/#website\",\"url\":\"https:\/\/www.humanium.org\/es\/\",\"name\":\"Humanium\",\"description\":\"\u00a1Los ni\u00f1os primero!\",\"potentialAction\":[{\"@type\":\"SearchAction\",\"target\":{\"@type\":\"EntryPoint\",\"urlTemplate\":\"https:\/\/www.humanium.org\/es\/?s={search_term_string}\"},\"query-input\":{\"@type\":\"PropertyValueSpecification\",\"valueRequired\":true,\"valueName\":\"search_term_string\"}}],\"inLanguage\":\"es\"}]}<\/script>\n<!-- \/ Yoast SEO plugin. -->","yoast_head_json":{"title":"Ni\u00f1os de los Pa\u00edses Bajos - Humanium","description":"Los Paises Bajos ofrecen una garant\u00eda casi total de los derechos de los ni\u00f1os. A pesar de todo, hay algunos puntos negativos que matizan esta situaci\u00f3n.","robots":{"index":"index","follow":"follow","max-snippet":"max-snippet:-1","max-image-preview":"max-image-preview:large","max-video-preview":"max-video-preview:-1"},"canonical":"https:\/\/www.humanium.org\/es\/paises-bajos\/","og_locale":"es_ES","og_type":"article","og_title":"Ni\u00f1os de los Pa\u00edses Bajos - Humanium","og_description":"Los Paises Bajos ofrecen una garant\u00eda casi total de los derechos de los ni\u00f1os. A pesar de todo, hay algunos puntos negativos que matizan esta situaci\u00f3n.","og_url":"https:\/\/www.humanium.org\/es\/paises-bajos\/","og_site_name":"Humanium","article_modified_time":"2025-12-05T18:01:12+00:00","twitter_card":"summary_large_image","twitter_misc":{"Tiempo de lectura":"4 minutos"},"schema":{"@context":"https:\/\/schema.org","@graph":[{"@type":"WebPage","@id":"https:\/\/www.humanium.org\/es\/paises-bajos\/","url":"https:\/\/www.humanium.org\/es\/paises-bajos\/","name":"Ni\u00f1os de los Pa\u00edses Bajos - Humanium","isPartOf":{"@id":"https:\/\/www.humanium.org\/es\/#website"},"primaryImageOfPage":{"@id":"https:\/\/www.humanium.org\/es\/paises-bajos\/#primaryimage"},"image":{"@id":"https:\/\/www.humanium.org\/es\/paises-bajos\/#primaryimage"},"thumbnailUrl":"https:\/\/www.humanium.org\/fr\/wp-content\/uploads\/2011\/07\/fillette-pbas-nabok-flickr.jpg","datePublished":"2013-06-04T13:52:02+00:00","dateModified":"2025-12-05T18:01:12+00:00","description":"Los Paises Bajos ofrecen una garant\u00eda casi total de los derechos de los ni\u00f1os. A pesar de todo, hay algunos puntos negativos que matizan esta situaci\u00f3n.","breadcrumb":{"@id":"https:\/\/www.humanium.org\/es\/paises-bajos\/#breadcrumb"},"inLanguage":"es","potentialAction":[{"@type":"ReadAction","target":["https:\/\/www.humanium.org\/es\/paises-bajos\/"]}]},{"@type":"ImageObject","inLanguage":"es","@id":"https:\/\/www.humanium.org\/es\/paises-bajos\/#primaryimage","url":"https:\/\/www.humanium.org\/fr\/wp-content\/uploads\/2011\/07\/fillette-pbas-nabok-flickr.jpg","contentUrl":"https:\/\/www.humanium.org\/fr\/wp-content\/uploads\/2011\/07\/fillette-pbas-nabok-flickr.jpg"},{"@type":"BreadcrumbList","@id":"https:\/\/www.humanium.org\/es\/paises-bajos\/#breadcrumb","itemListElement":[{"@type":"ListItem","position":1,"name":"Home","item":"https:\/\/www.humanium.org\/es\/"},{"@type":"ListItem","position":2,"name":"Ni\u00f1os de los Pa\u00edses Bajos"}]},{"@type":"WebSite","@id":"https:\/\/www.humanium.org\/es\/#website","url":"https:\/\/www.humanium.org\/es\/","name":"Humanium","description":"\u00a1Los ni\u00f1os primero!","potentialAction":[{"@type":"SearchAction","target":{"@type":"EntryPoint","urlTemplate":"https:\/\/www.humanium.org\/es\/?s={search_term_string}"},"query-input":{"@type":"PropertyValueSpecification","valueRequired":true,"valueName":"search_term_string"}}],"inLanguage":"es"}]}},"_links":{"self":[{"href":"https:\/\/www.humanium.org\/es\/wp-json\/wp\/v2\/pages\/2021","targetHints":{"allow":["GET"]}}],"collection":[{"href":"https:\/\/www.humanium.org\/es\/wp-json\/wp\/v2\/pages"}],"about":[{"href":"https:\/\/www.humanium.org\/es\/wp-json\/wp\/v2\/types\/page"}],"author":[{"embeddable":true,"href":"https:\/\/www.humanium.org\/es\/wp-json\/wp\/v2\/users\/1"}],"replies":[{"embeddable":true,"href":"https:\/\/www.humanium.org\/es\/wp-json\/wp\/v2\/comments?post=2021"}],"version-history":[{"count":4,"href":"https:\/\/www.humanium.org\/es\/wp-json\/wp\/v2\/pages\/2021\/revisions"}],"predecessor-version":[{"id":20492,"href":"https:\/\/www.humanium.org\/es\/wp-json\/wp\/v2\/pages\/2021\/revisions\/20492"}],"wp:attachment":[{"href":"https:\/\/www.humanium.org\/es\/wp-json\/wp\/v2\/media?parent=2021"}],"curies":[{"name":"wp","href":"https:\/\/api.w.org\/{rel}","templated":true}]}}