{"id":2035,"date":"2013-06-05T15:38:32","date_gmt":"2013-06-05T15:38:32","guid":{"rendered":"http:\/\/www.humanium.org\/es\/?page_id=2035"},"modified":"2017-07-06T09:21:14","modified_gmt":"2017-07-06T09:21:14","slug":"declaracion-de-confidencialidad","status":"publish","type":"page","link":"https:\/\/www.humanium.org\/es\/declaracion-de-confidencialidad\/","title":{"rendered":"Declaraci\u00f3n de Confidencialidad"},"content":{"rendered":"<h1>Declaraci\u00f3n de Confidencialidad<\/h1>\n<h2>Versi\u00f3n abril de 2010<\/h2>\n<p>Humanium respeta su derecho a la vida privada. Esta Declaraci\u00f3n de Confidencialidad tiene como objetivo informarle de nuestras pr\u00e1cticas al respecto.<\/p>\n<h3>Presentaci\u00f3n<\/h3>\n<p>La confidencialidad es una de las principales preocupaciones de los usuarios de internet y la protecci\u00f3n de los datos personales constituye un derecho humano. La confidencialidad representa un aspecto esencial para el uso agradable y satisfactorio del sitio. Humanium conoce y comprende perfectamente las preocupaciones de nuestros patrocinadores y donantes, del mismo modo, la de los dem\u00e1s visitantes de nuestro sitio web, en cuanto respecta a la confidencialidad de sus datos.<\/p>\n<p>Atenci\u00f3n: Nuestra p\u00e1gina contiene enlaces dirigidos a sitios en la red. Por tanto, Humanium no se responsabiliza de las actividades y declaraciones de estos espacios, ni de su contenido y funcionamiento.<\/p>\n<h3>Informaci\u00f3n proporcionada<\/h3>\n<h4>Informaci\u00f3n personal<\/h4>\n<p>No recogemos ning\u00fan tipo de informaci\u00f3n personal de los visitantes de nuestro sitio web, al menos que se nos proporcione de forma expl\u00edcita e intencionada. Si s\u00f3lo visita nuestro sitio de internet, ninguna informaci\u00f3n personal ser\u00e1 guardada.<\/p>\n<p>Hay dos maneras para -expl\u00edcita e intencionalmente- suministrar o autorizar a fin recoger ciertos detalles personales.<\/p>\n<h4>Solicitud de informaci\u00f3n por correo electr\u00f3nico o mediante nuestro bolet\u00edn informativo<\/h4>\n<p>Nuestro sitio contiene espacios que le permiten conectarse por correo electr\u00f3nico para formular preguntas, solicitar informaci\u00f3n y documentos, o para que realice comentarios y sugerencias. Al momento de suscribirse, deber\u00e1 indicar si acepta este tipo de contacto. Si da su aprobaci\u00f3n, es posible que debamos solicitar datos personales adicionales, como su nombre y n\u00famero telef\u00f3nico para completar la solicitud.<\/p>\n<p>Le enviaremos informaci\u00f3n sobre nuestros proyectos, los cuales, previamente hayan contado con su autorizaci\u00f3n. Usted podr\u00e1 en todo momento cambiar de opini\u00f3n sobre este punto, al decidir darse de baja a trav\u00e9s del enlace que aparece en nuestros correos electr\u00f3nicos de marketing (el cual se encuentra generalmente al final de los correos), o bien, poni\u00e9ndose en contacto con nuestro responsable encargado de la protecci\u00f3n de los donativos en la direcci\u00f3n indicada al final de esta Declaraci\u00f3n de Confidencialidad.<\/p>\n<h3>\u00bfC\u00f3mo utilizamos la informaci\u00f3n personal que recopilamos y con qui\u00e9n la compartimos?<\/h3>\n<p>Cuando se le proporciona informaci\u00f3n personal a Humanium, la manera en la que es tratada se rige por obligaciones legales.<\/p>\n<p>Toda informaci\u00f3n que se le proporcione a Humanium ser\u00e1 \u00fanicamente utilizada para:<\/p>\n<p style=\"padding-left: 30px;\">\u2022 El contacto entre usted y nosotros, en general<\/p>\n<p style=\"padding-left: 30px;\">\u2022 Enviarle informaci\u00f3n sobre Humanium o nuestros proyectos<\/p>\n<h3>Retenci\u00f3n de datos<\/h3>\n<p>Toda la informaci\u00f3n personal entregada ser\u00e1 conservada de forma segura y conforme a las obligaciones legales, a las que Humanium se ha comprometido (los c\u00f3digos suizos, especialmente la Ley Federal sobre la protecci\u00f3n de datos).<\/p>\n<h4>Para env\u00edo de respuestas y actualizaciones<\/h4>\n<p>Respondemos generalmente a todas las preguntas y consultas de informaci\u00f3n sobre Humanium y nuestros proyectos, recibidos por correo electr\u00f3nico. Tambi\u00e9n, usamos el mecanismo de correo electr\u00f3nico para mejorar nuestros proyectos y nuestro sitio web. Conservamos frecuentemente las coordenadas, de modo que podamos enviar las actualizaciones de forma individual, o toda informaci\u00f3n importante concerniente a nuestros proyectos.<\/p>\n<h3>Transferencia de sus datos personales<\/h3>\n<p>Sus datos personales estar\u00e1n seguros en Humanium y no los enviamos a terceros.<\/p>\n<p>Le solicitamos confiar en nuestras medidas de seguridad para ser protegido contra la pirater\u00eda, violaci\u00f3n y alteraci\u00f3n de toda informaci\u00f3n personal que recibamos de su parte. De igual modo, le recordamos que en la actualidad subsiste un riesgo que implica el env\u00edo de informaci\u00f3n personal v\u00eda internet.<\/p>\n<p>Si desea acceder a sus datos personales, deber\u00e1 contactar a la direcci\u00f3n indicada al final de la presente Declaraci\u00f3n de Confidencialidad.<\/p>\n<p>Usted tiene el derecho a consultar sus datos personales y poder solicitar que toda la informaci\u00f3n inexacta que le concierna sea corregida. Si desea hacer uso de este derecho, o informarnos de alg\u00fan cambio en sus datos personales (y solicitar que toda la informaci\u00f3n inexacta que le concierne sea corregida), p\u00f3ngase en contacto con Arndt Soret, vicepresidente fundador, Abogado Internacional, a la siguiente informaci\u00f3n:<\/p>\n<p>Asociaci\u00f3n Humanium<\/p>\n<p>Chemin de l\u2019Ancien-P\u00e9age 6<\/p>\n<p>1290 Versoix<\/p>\n<p>Ginebra, Suiza\u00a0<a href=\"file:\/\/\/C:\/Users\/Brendita\/Documents\/HUMANIUM-Declaraci%C3%B3n%20de%20Confidencialidad.docx#_msocom_1\"><br \/>\n<\/a><\/p>\n<p>&nbsp;<\/p>\n<p>o env\u00ede un correo electr\u00f3nico a la siguiente direcci\u00f3n electr\u00f3nica: info@humanium.org<\/p>\n<h3>Informaci\u00f3n recibida autom\u00e1ticamente sobre la p\u00e1gina de internet<\/h3>\n<p>Humanium utiliza la herramienta Google Analytics creada por Google, para mejorar la calidad de su comunicaci\u00f3n sobre internet y optimizar los resultados de sus actividades en l\u00ednea.<\/p>\n<p>Google Analytics utiliza una cookie interna y un c\u00f3digo JavaScript para recopilar informaci\u00f3n sobre las visitas de la p\u00e1gina de Humanium.<\/p>\n<p>Google Analytics efect\u00faa \u00fanicamente el seguimiento a los visitantes que han activado las cookies al interior de su navegador. Si no desea que la informaci\u00f3n sea almacenada por su visita en la p\u00e1gina de Humanium, basta con desactivar las cookies del navegador.<\/p>\n<p>Para saber m\u00e1s, puede consultar la web de Google Analytics:<\/p>\n<p><a href=\"http:\/\/www.google.com\/intl\/es\/analytics\/\">http:\/\/www.google.com\/analytics\/fr-ES\/<\/a><\/p>\n<h3>Modificaciones de la presente Declaraci\u00f3n de Confidencialidad<\/h3>\n<p>En el momento en que una modificaci\u00f3n sustancial sea aportada a la presente Declaraci\u00f3n de Confidencialidad, la anunciaremos en nuestra p\u00e1gina web.<\/p>\n<p><span style=\"color: #404040;\">Declaraci\u00f3n de Confidencialidad \u2013 2.3<\/span><\/p>\n","protected":false},"excerpt":{"rendered":"<p>Declaraci\u00f3n de Confidencialidad Versi\u00f3n abril de 2010 Humanium respeta su derecho a la vida privada. Esta Declaraci\u00f3n de Confidencialidad tiene como objetivo informarle de nuestras pr\u00e1cticas al respecto. Presentaci\u00f3n La confidencialidad es una de las principales preocupaciones de los usuarios de internet y la protecci\u00f3n de los datos personales constituye un derecho humano. La confidencialidad [&hellip;]<\/p>\n","protected":false},"author":1,"featured_media":0,"parent":0,"menu_order":0,"comment_status":"closed","ping_status":"open","template":"","meta":{"footnotes":""},"class_list":["post-2035","page","type-page","status-publish","hentry"],"yoast_head":"<!-- This site is optimized with the Yoast SEO plugin v26.5 - https:\/\/yoast.com\/wordpress\/plugins\/seo\/ -->\n<title>Declaraci\u00f3n de Confidencialidad - Humanium<\/title>\n<meta name=\"robots\" content=\"index, follow, max-snippet:-1, max-image-preview:large, max-video-preview:-1\" \/>\n<link rel=\"canonical\" href=\"https:\/\/www.humanium.org\/es\/declaracion-de-confidencialidad\/\" \/>\n<meta property=\"og:locale\" content=\"es_ES\" \/>\n<meta property=\"og:type\" content=\"article\" \/>\n<meta property=\"og:title\" content=\"Declaraci\u00f3n de Confidencialidad - Humanium\" \/>\n<meta property=\"og:description\" content=\"Declaraci\u00f3n de Confidencialidad Versi\u00f3n abril de 2010 Humanium respeta su derecho a la vida privada. Esta Declaraci\u00f3n de Confidencialidad tiene como objetivo informarle de nuestras pr\u00e1cticas al respecto. Presentaci\u00f3n La confidencialidad es una de las principales preocupaciones de los usuarios de internet y la protecci\u00f3n de los datos personales constituye un derecho humano. La confidencialidad [&hellip;]\" \/>\n<meta property=\"og:url\" content=\"https:\/\/www.humanium.org\/es\/declaracion-de-confidencialidad\/\" \/>\n<meta property=\"og:site_name\" content=\"Humanium\" \/>\n<meta property=\"article:modified_time\" content=\"2017-07-06T09:21:14+00:00\" \/>\n<meta name=\"twitter:card\" content=\"summary_large_image\" \/>\n<meta name=\"twitter:label1\" content=\"Tiempo de lectura\" \/>\n\t<meta name=\"twitter:data1\" content=\"5 minutos\" \/>\n<script type=\"application\/ld+json\" class=\"yoast-schema-graph\">{\"@context\":\"https:\/\/schema.org\",\"@graph\":[{\"@type\":\"WebPage\",\"@id\":\"https:\/\/www.humanium.org\/es\/declaracion-de-confidencialidad\/\",\"url\":\"https:\/\/www.humanium.org\/es\/declaracion-de-confidencialidad\/\",\"name\":\"Declaraci\u00f3n de Confidencialidad - Humanium\",\"isPartOf\":{\"@id\":\"https:\/\/www.humanium.org\/es\/#website\"},\"datePublished\":\"2013-06-05T15:38:32+00:00\",\"dateModified\":\"2017-07-06T09:21:14+00:00\",\"breadcrumb\":{\"@id\":\"https:\/\/www.humanium.org\/es\/declaracion-de-confidencialidad\/#breadcrumb\"},\"inLanguage\":\"es\",\"potentialAction\":[{\"@type\":\"ReadAction\",\"target\":[\"https:\/\/www.humanium.org\/es\/declaracion-de-confidencialidad\/\"]}]},{\"@type\":\"BreadcrumbList\",\"@id\":\"https:\/\/www.humanium.org\/es\/declaracion-de-confidencialidad\/#breadcrumb\",\"itemListElement\":[{\"@type\":\"ListItem\",\"position\":1,\"name\":\"Home\",\"item\":\"https:\/\/www.humanium.org\/es\/\"},{\"@type\":\"ListItem\",\"position\":2,\"name\":\"Declaraci\u00f3n de Confidencialidad\"}]},{\"@type\":\"WebSite\",\"@id\":\"https:\/\/www.humanium.org\/es\/#website\",\"url\":\"https:\/\/www.humanium.org\/es\/\",\"name\":\"Humanium\",\"description\":\"\u00a1Los ni\u00f1os primero!\",\"potentialAction\":[{\"@type\":\"SearchAction\",\"target\":{\"@type\":\"EntryPoint\",\"urlTemplate\":\"https:\/\/www.humanium.org\/es\/?s={search_term_string}\"},\"query-input\":{\"@type\":\"PropertyValueSpecification\",\"valueRequired\":true,\"valueName\":\"search_term_string\"}}],\"inLanguage\":\"es\"}]}<\/script>\n<!-- \/ Yoast SEO plugin. -->","yoast_head_json":{"title":"Declaraci\u00f3n de Confidencialidad - Humanium","robots":{"index":"index","follow":"follow","max-snippet":"max-snippet:-1","max-image-preview":"max-image-preview:large","max-video-preview":"max-video-preview:-1"},"canonical":"https:\/\/www.humanium.org\/es\/declaracion-de-confidencialidad\/","og_locale":"es_ES","og_type":"article","og_title":"Declaraci\u00f3n de Confidencialidad - Humanium","og_description":"Declaraci\u00f3n de Confidencialidad Versi\u00f3n abril de 2010 Humanium respeta su derecho a la vida privada. Esta Declaraci\u00f3n de Confidencialidad tiene como objetivo informarle de nuestras pr\u00e1cticas al respecto. Presentaci\u00f3n La confidencialidad es una de las principales preocupaciones de los usuarios de internet y la protecci\u00f3n de los datos personales constituye un derecho humano. La confidencialidad [&hellip;]","og_url":"https:\/\/www.humanium.org\/es\/declaracion-de-confidencialidad\/","og_site_name":"Humanium","article_modified_time":"2017-07-06T09:21:14+00:00","twitter_card":"summary_large_image","twitter_misc":{"Tiempo de lectura":"5 minutos"},"schema":{"@context":"https:\/\/schema.org","@graph":[{"@type":"WebPage","@id":"https:\/\/www.humanium.org\/es\/declaracion-de-confidencialidad\/","url":"https:\/\/www.humanium.org\/es\/declaracion-de-confidencialidad\/","name":"Declaraci\u00f3n de Confidencialidad - Humanium","isPartOf":{"@id":"https:\/\/www.humanium.org\/es\/#website"},"datePublished":"2013-06-05T15:38:32+00:00","dateModified":"2017-07-06T09:21:14+00:00","breadcrumb":{"@id":"https:\/\/www.humanium.org\/es\/declaracion-de-confidencialidad\/#breadcrumb"},"inLanguage":"es","potentialAction":[{"@type":"ReadAction","target":["https:\/\/www.humanium.org\/es\/declaracion-de-confidencialidad\/"]}]},{"@type":"BreadcrumbList","@id":"https:\/\/www.humanium.org\/es\/declaracion-de-confidencialidad\/#breadcrumb","itemListElement":[{"@type":"ListItem","position":1,"name":"Home","item":"https:\/\/www.humanium.org\/es\/"},{"@type":"ListItem","position":2,"name":"Declaraci\u00f3n de Confidencialidad"}]},{"@type":"WebSite","@id":"https:\/\/www.humanium.org\/es\/#website","url":"https:\/\/www.humanium.org\/es\/","name":"Humanium","description":"\u00a1Los ni\u00f1os primero!","potentialAction":[{"@type":"SearchAction","target":{"@type":"EntryPoint","urlTemplate":"https:\/\/www.humanium.org\/es\/?s={search_term_string}"},"query-input":{"@type":"PropertyValueSpecification","valueRequired":true,"valueName":"search_term_string"}}],"inLanguage":"es"}]}},"_links":{"self":[{"href":"https:\/\/www.humanium.org\/es\/wp-json\/wp\/v2\/pages\/2035","targetHints":{"allow":["GET"]}}],"collection":[{"href":"https:\/\/www.humanium.org\/es\/wp-json\/wp\/v2\/pages"}],"about":[{"href":"https:\/\/www.humanium.org\/es\/wp-json\/wp\/v2\/types\/page"}],"author":[{"embeddable":true,"href":"https:\/\/www.humanium.org\/es\/wp-json\/wp\/v2\/users\/1"}],"replies":[{"embeddable":true,"href":"https:\/\/www.humanium.org\/es\/wp-json\/wp\/v2\/comments?post=2035"}],"version-history":[{"count":1,"href":"https:\/\/www.humanium.org\/es\/wp-json\/wp\/v2\/pages\/2035\/revisions"}],"predecessor-version":[{"id":9953,"href":"https:\/\/www.humanium.org\/es\/wp-json\/wp\/v2\/pages\/2035\/revisions\/9953"}],"wp:attachment":[{"href":"https:\/\/www.humanium.org\/es\/wp-json\/wp\/v2\/media?parent=2035"}],"curies":[{"name":"wp","href":"https:\/\/api.w.org\/{rel}","templated":true}]}}