{"id":2048,"date":"2013-06-07T09:56:54","date_gmt":"2013-06-07T09:56:54","guid":{"rendered":"http:\/\/www.humanium.org\/es\/?page_id=2048"},"modified":"2025-12-05T18:00:50","modified_gmt":"2025-12-05T18:00:50","slug":"reino-unido","status":"publish","type":"page","link":"https:\/\/www.humanium.org\/es\/reino-unido\/","title":{"rendered":"Ni\u00f1os de Reino Unido"},"content":{"rendered":"<h1>Ni\u00f1os de Reino Unido<\/h1>\n<h2>Descubriendo los Derechos del Ni\u00f1o en Reino Unido<\/h2>\n<p style=\"text-align: center;\"><img loading=\"lazy\" decoding=\"async\" class=\" wp-image-27256 alignnone\" title=\"Ni\u00f1a de Reino Unido \u00a9 ticklemymonkey (flickr)\" src=\"https:\/\/www.humanium.org\/fr\/wp-content\/uploads\/2011\/08\/fillette-ticklemymonkey-flickr.jpg\" alt=\"\" width=\"153\" height=\"200\" \/> <img loading=\"lazy\" decoding=\"async\" class=\"alignnone wp-image-27262\" title=\"Ni\u00f1o de Reino Unido \u00a9 Publicenergy (flickr)\" src=\"https:\/\/www.humanium.org\/fr\/wp-content\/uploads\/2011\/08\/garcon-publicenergy-flickr.jpg\" alt=\"\" width=\"131\" height=\"200\" \/><\/p>\n<p>En el Reino Unido, compuesto por Inglaterra, Escocia, Gales e Irlanda del Norte, los derechos de los ni\u00f1os son respetados adecuadamente. Pese a esto, en el pa\u00eds a\u00fan se pueden hacer progresos en ciertas \u00e1reas, tales como la violencia hacia los ni\u00f1os, el tr\u00e1fico infantil, etc.<\/p>\n<h3>Principales problemas que afectan a los ni\u00f1os en Reino Unido:<\/h3>\n<p><strong><a href=\"https:\/\/www.humanium.org\/es\/pobreza-infantil\/\">Pobreza<\/a><\/strong><br \/>\nM\u00e1s del 20% de los j\u00f3venes menores de 18 a\u00f1os viven bajo el <a href=\"https:\/\/www.humanium.org\/es\/pobreza-infantil\/\">umbral de la pobreza<\/a> en el Reino Unido. Esta situaci\u00f3n afecta especialmente a los inmigrantes j\u00f3venes y aquellos que pertenecen a minor\u00edas \u00e9tnicas.<\/p>\n<p><strong><a href=\"https:\/\/www.humanium.org\/es\/abuso-infantil\/\">Ni\u00f1os v\u00edctimas de la violencia<\/a><\/strong><\/p>\n<p>En el Reino Unido, aproximadamente uno de cada diez ni\u00f1os es <a href=\"https:\/\/www.humanium.org\/es\/abuso-infantil\/\">v\u00edctima de abusos<\/a>. Estos abusos se dan de diferentes maneras: f\u00edsica, psicol\u00f3gica o sexual. Por ejemplo, se estima que entre un 5% y un 10% de las ni\u00f1as son v\u00edctimas de abuso sexual, mientras que en ni\u00f1os son menos del 5%.<br \/>\nLa violencia emocional, es decir, la negligencia o falta de protecci\u00f3n hacia los ni\u00f1os, es el tipo de abuso m\u00e1s extendido.<br \/>\nEl personal de salud y los trabajadores sociales deben reforzar sus investigaciones para descubrir los factores de riesgo y las soluciones a estos problemas.<\/p>\n<p><strong><a href=\"https:\/\/www.humanium.org\/es\/derecho-salud\/\">El derecho a la salud<\/a><\/strong><\/p>\n<p><img loading=\"lazy\" decoding=\"async\" class=\"alignright\" title=\"Los des\u00f3rdenes alimenticios est\u00e1n aumentando continuamente entre los ni\u00f1os \u00a9 Digi Shot (flickr).\" src=\"https:\/\/www.humanium.org\/fr\/wp-content\/uploads\/2011\/08\/sante-digi-shot-no-retouch-flickr.jpg\" alt=\"\" width=\"110\" height=\"200\" \/>Pese a la presencia de infraestructura de calidad y personal sanitario en el pa\u00eds, algunos <a href=\"https:\/\/www.humanium.org\/es\/derecho-salud\/\">indicadores de salud<\/a> se mantienen a\u00fan muy altos. De hecho, se estima que un 6% de los ni\u00f1os nacen con bajo peso.<br \/>\nLas estad\u00edsticas del Reino Unido muestran que los <a href=\"https:\/\/www.humanium.org\/es\/derecho-alimentacion\/\">des\u00f3rdenes alimenticios<\/a> entre los ni\u00f1os est\u00e1n aumentando peligrosamente. Por ejemplo, 3 de cada 100.000 ni\u00f1os menores de 13 a\u00f1os sufre alg\u00fan tipo de desorden.<br \/>\nLos des\u00f3rdenes alimenticios se manifiestan tanto a trav\u00e9s de la anorexia como de la obesidad. Los expertos han alarmado sobre este hecho, y han llamado a los servicios de salud y las autoridades responsables a reaccionar con presteza.<\/p>\n<p><strong><a href=\"https:\/\/www.humanium.org\/es\/trata-ninos\/\">Tr\u00e1fico de ni\u00f1os<\/a><\/strong><\/p>\n<p>El Reino Unido no est\u00e1 libre del <a href=\"https:\/\/www.humanium.org\/es\/trata-ninos\/\">tr\u00e1fico de ni\u00f1os<\/a>. Las chicas j\u00f3venes son generalmente las v\u00edctimas de este problema. Cuando en sus pa\u00edses reciben propuestas de traficantes que les prometen una vida mejor en el Reino Unido, estas j\u00f3venes los siguen sin saber lo que les espera.<br \/>\nUna vez llegan, son vendidas como prostitutas a hombres mucho mayores que ellas. Esta situaci\u00f3n es espantosa y catastr\u00f3fica para las j\u00f3venes. Forzadas a trabajar para estos hombres, viven cada d\u00eda con temor a la violencia y a las <a href=\"https:\/\/www.humanium.org\/es\/explotacion-sexual-infantil\/\">relaciones sexuales forzadas<\/a>.<\/p>\n<p><strong><a href=\"https:\/\/www.humanium.org\/es\/mutilacion-genital\/\">Mutilaci\u00f3n genital femenina<\/a><\/strong><\/p>\n<p>Desde la adopci\u00f3n de un estatuto en el 2003, la <a href=\"https:\/\/www.humanium.org\/es\/mutilacion-genital\/\">mutilaci\u00f3n genital femenina<\/a> es considerada una infracci\u00f3n, y est\u00e1 castigada con una pena de c\u00e1rcel de 14 a\u00f1os.<br \/>\nLas chicas j\u00f3venes v\u00edctimas de esta dolorosa pr\u00e1ctica tienen generalmente entre siete y nueve a\u00f1os de edad. A menudo, esta pr\u00e1ctica afecta a ni\u00f1as de familias de inmigrantes, en particular provenientes de Egipto, Ghana, Eritrea, etc.<\/p>\n<p><strong><a href=\"https:\/\/www.humanium.org\/es\/no-discriminacion\/\">Discriminaci\u00f3n hacia los ni\u00f1os<\/a><\/strong><\/p>\n<p><img loading=\"lazy\" decoding=\"async\" class=\"alignright\" title=\"La discriminaci\u00f3n hacia los ni\u00f1os de minor\u00edas \u00e9tnicas o religiosas es a\u00fan muy com\u00fan \u00a9 Auws (flickr)\" src=\"https:\/\/www.humanium.org\/fr\/wp-content\/uploads\/2011\/08\/discriminations-auws-flickr.jpg\" alt=\"\" width=\"250\" height=\"167\" \/>Los ni\u00f1os de minor\u00edas \u00e9tnicas y religiosas se ven especialmente afectados por <a href=\"https:\/\/www.humanium.org\/es\/no-discriminacion\/\">actos de discriminaci\u00f3n<\/a>. Estos actos se observan en la imposibilidad de acceder tanto a la educaci\u00f3n como a una vivienda apropiada.<br \/>\nEn ciertos lugares persiste la intolerancia respecto a los ni\u00f1os indocumentados. Las autoridades brit\u00e1nicas no dudan en deportar a los ni\u00f1os que llegan al Reino Unido desde otros pa\u00edses, sin preocuparse sobre la situaci\u00f3n que les espera.<\/p>\n<p><strong>Medio ambiente <\/strong><br \/>\nCon una emisi\u00f3n de 9,4 toneladas anuales de CO2 per c\u00e1pita, el Reino Unido es uno de los peores casos de poluci\u00f3n en el planeta. Esto afecta la vida de los ni\u00f1os y sus perspectivas de futuro. Todos los ni\u00f1os tienen el derecho a vivir en un medio ambiente limpio. Por eso, el Reino Unido debe progresar en la reducci\u00f3n de su huella ecol\u00f3gica.<\/p>\n","protected":false},"excerpt":{"rendered":"<p>Ni\u00f1os de Reino Unido Descubriendo los Derechos del Ni\u00f1o en Reino Unido En el Reino Unido, compuesto por Inglaterra, Escocia, Gales e Irlanda del Norte, los derechos de los ni\u00f1os son respetados adecuadamente. Pese a esto, en el pa\u00eds a\u00fan se pueden hacer progresos en ciertas \u00e1reas, tales como la violencia hacia los ni\u00f1os, el [&hellip;]<\/p>\n","protected":false},"author":1,"featured_media":0,"parent":0,"menu_order":0,"comment_status":"closed","ping_status":"open","template":"","meta":{"footnotes":""},"class_list":["post-2048","page","type-page","status-publish","hentry"],"yoast_head":"<!-- This site is optimized with the Yoast SEO plugin v26.5 - https:\/\/yoast.com\/wordpress\/plugins\/seo\/ -->\n<title>Ni\u00f1os de Reino Unido - Humanium<\/title>\n<meta name=\"description\" content=\"En el Reino Unido los derechos de los ni\u00f1os son respetados adecuadamente. Pese a esto, en el pa\u00eds a\u00fan se pueden hacer progresos.\" \/>\n<meta name=\"robots\" content=\"index, follow, max-snippet:-1, max-image-preview:large, max-video-preview:-1\" \/>\n<link rel=\"canonical\" href=\"https:\/\/www.humanium.org\/es\/reino-unido\/\" \/>\n<meta property=\"og:locale\" content=\"es_ES\" \/>\n<meta property=\"og:type\" content=\"article\" \/>\n<meta property=\"og:title\" content=\"Ni\u00f1os de Reino Unido - Humanium\" \/>\n<meta property=\"og:description\" content=\"En el Reino Unido los derechos de los ni\u00f1os son respetados adecuadamente. Pese a esto, en el pa\u00eds a\u00fan se pueden hacer progresos.\" \/>\n<meta property=\"og:url\" content=\"https:\/\/www.humanium.org\/es\/reino-unido\/\" \/>\n<meta property=\"og:site_name\" content=\"Humanium\" \/>\n<meta property=\"article:modified_time\" content=\"2025-12-05T18:00:50+00:00\" \/>\n<meta name=\"twitter:card\" content=\"summary_large_image\" \/>\n<meta name=\"twitter:label1\" content=\"Tiempo de lectura\" \/>\n\t<meta name=\"twitter:data1\" content=\"4 minutos\" \/>\n<script type=\"application\/ld+json\" class=\"yoast-schema-graph\">{\"@context\":\"https:\/\/schema.org\",\"@graph\":[{\"@type\":\"WebPage\",\"@id\":\"https:\/\/www.humanium.org\/es\/reino-unido\/\",\"url\":\"https:\/\/www.humanium.org\/es\/reino-unido\/\",\"name\":\"Ni\u00f1os de Reino Unido - Humanium\",\"isPartOf\":{\"@id\":\"https:\/\/www.humanium.org\/es\/#website\"},\"primaryImageOfPage\":{\"@id\":\"https:\/\/www.humanium.org\/es\/reino-unido\/#primaryimage\"},\"image\":{\"@id\":\"https:\/\/www.humanium.org\/es\/reino-unido\/#primaryimage\"},\"thumbnailUrl\":\"https:\/\/www.humanium.org\/fr\/wp-content\/uploads\/2011\/08\/fillette-ticklemymonkey-flickr.jpg\",\"datePublished\":\"2013-06-07T09:56:54+00:00\",\"dateModified\":\"2025-12-05T18:00:50+00:00\",\"description\":\"En el Reino Unido los derechos de los ni\u00f1os son respetados adecuadamente. Pese a esto, en el pa\u00eds a\u00fan se pueden hacer progresos.\",\"breadcrumb\":{\"@id\":\"https:\/\/www.humanium.org\/es\/reino-unido\/#breadcrumb\"},\"inLanguage\":\"es\",\"potentialAction\":[{\"@type\":\"ReadAction\",\"target\":[\"https:\/\/www.humanium.org\/es\/reino-unido\/\"]}]},{\"@type\":\"ImageObject\",\"inLanguage\":\"es\",\"@id\":\"https:\/\/www.humanium.org\/es\/reino-unido\/#primaryimage\",\"url\":\"https:\/\/www.humanium.org\/fr\/wp-content\/uploads\/2011\/08\/fillette-ticklemymonkey-flickr.jpg\",\"contentUrl\":\"https:\/\/www.humanium.org\/fr\/wp-content\/uploads\/2011\/08\/fillette-ticklemymonkey-flickr.jpg\"},{\"@type\":\"BreadcrumbList\",\"@id\":\"https:\/\/www.humanium.org\/es\/reino-unido\/#breadcrumb\",\"itemListElement\":[{\"@type\":\"ListItem\",\"position\":1,\"name\":\"Home\",\"item\":\"https:\/\/www.humanium.org\/es\/\"},{\"@type\":\"ListItem\",\"position\":2,\"name\":\"Ni\u00f1os de Reino Unido\"}]},{\"@type\":\"WebSite\",\"@id\":\"https:\/\/www.humanium.org\/es\/#website\",\"url\":\"https:\/\/www.humanium.org\/es\/\",\"name\":\"Humanium\",\"description\":\"\u00a1Los ni\u00f1os primero!\",\"potentialAction\":[{\"@type\":\"SearchAction\",\"target\":{\"@type\":\"EntryPoint\",\"urlTemplate\":\"https:\/\/www.humanium.org\/es\/?s={search_term_string}\"},\"query-input\":{\"@type\":\"PropertyValueSpecification\",\"valueRequired\":true,\"valueName\":\"search_term_string\"}}],\"inLanguage\":\"es\"}]}<\/script>\n<!-- \/ Yoast SEO plugin. -->","yoast_head_json":{"title":"Ni\u00f1os de Reino Unido - Humanium","description":"En el Reino Unido los derechos de los ni\u00f1os son respetados adecuadamente. Pese a esto, en el pa\u00eds a\u00fan se pueden hacer progresos.","robots":{"index":"index","follow":"follow","max-snippet":"max-snippet:-1","max-image-preview":"max-image-preview:large","max-video-preview":"max-video-preview:-1"},"canonical":"https:\/\/www.humanium.org\/es\/reino-unido\/","og_locale":"es_ES","og_type":"article","og_title":"Ni\u00f1os de Reino Unido - Humanium","og_description":"En el Reino Unido los derechos de los ni\u00f1os son respetados adecuadamente. Pese a esto, en el pa\u00eds a\u00fan se pueden hacer progresos.","og_url":"https:\/\/www.humanium.org\/es\/reino-unido\/","og_site_name":"Humanium","article_modified_time":"2025-12-05T18:00:50+00:00","twitter_card":"summary_large_image","twitter_misc":{"Tiempo de lectura":"4 minutos"},"schema":{"@context":"https:\/\/schema.org","@graph":[{"@type":"WebPage","@id":"https:\/\/www.humanium.org\/es\/reino-unido\/","url":"https:\/\/www.humanium.org\/es\/reino-unido\/","name":"Ni\u00f1os de Reino Unido - Humanium","isPartOf":{"@id":"https:\/\/www.humanium.org\/es\/#website"},"primaryImageOfPage":{"@id":"https:\/\/www.humanium.org\/es\/reino-unido\/#primaryimage"},"image":{"@id":"https:\/\/www.humanium.org\/es\/reino-unido\/#primaryimage"},"thumbnailUrl":"https:\/\/www.humanium.org\/fr\/wp-content\/uploads\/2011\/08\/fillette-ticklemymonkey-flickr.jpg","datePublished":"2013-06-07T09:56:54+00:00","dateModified":"2025-12-05T18:00:50+00:00","description":"En el Reino Unido los derechos de los ni\u00f1os son respetados adecuadamente. Pese a esto, en el pa\u00eds a\u00fan se pueden hacer progresos.","breadcrumb":{"@id":"https:\/\/www.humanium.org\/es\/reino-unido\/#breadcrumb"},"inLanguage":"es","potentialAction":[{"@type":"ReadAction","target":["https:\/\/www.humanium.org\/es\/reino-unido\/"]}]},{"@type":"ImageObject","inLanguage":"es","@id":"https:\/\/www.humanium.org\/es\/reino-unido\/#primaryimage","url":"https:\/\/www.humanium.org\/fr\/wp-content\/uploads\/2011\/08\/fillette-ticklemymonkey-flickr.jpg","contentUrl":"https:\/\/www.humanium.org\/fr\/wp-content\/uploads\/2011\/08\/fillette-ticklemymonkey-flickr.jpg"},{"@type":"BreadcrumbList","@id":"https:\/\/www.humanium.org\/es\/reino-unido\/#breadcrumb","itemListElement":[{"@type":"ListItem","position":1,"name":"Home","item":"https:\/\/www.humanium.org\/es\/"},{"@type":"ListItem","position":2,"name":"Ni\u00f1os de Reino Unido"}]},{"@type":"WebSite","@id":"https:\/\/www.humanium.org\/es\/#website","url":"https:\/\/www.humanium.org\/es\/","name":"Humanium","description":"\u00a1Los ni\u00f1os primero!","potentialAction":[{"@type":"SearchAction","target":{"@type":"EntryPoint","urlTemplate":"https:\/\/www.humanium.org\/es\/?s={search_term_string}"},"query-input":{"@type":"PropertyValueSpecification","valueRequired":true,"valueName":"search_term_string"}}],"inLanguage":"es"}]}},"_links":{"self":[{"href":"https:\/\/www.humanium.org\/es\/wp-json\/wp\/v2\/pages\/2048","targetHints":{"allow":["GET"]}}],"collection":[{"href":"https:\/\/www.humanium.org\/es\/wp-json\/wp\/v2\/pages"}],"about":[{"href":"https:\/\/www.humanium.org\/es\/wp-json\/wp\/v2\/types\/page"}],"author":[{"embeddable":true,"href":"https:\/\/www.humanium.org\/es\/wp-json\/wp\/v2\/users\/1"}],"replies":[{"embeddable":true,"href":"https:\/\/www.humanium.org\/es\/wp-json\/wp\/v2\/comments?post=2048"}],"version-history":[{"count":3,"href":"https:\/\/www.humanium.org\/es\/wp-json\/wp\/v2\/pages\/2048\/revisions"}],"predecessor-version":[{"id":20489,"href":"https:\/\/www.humanium.org\/es\/wp-json\/wp\/v2\/pages\/2048\/revisions\/20489"}],"wp:attachment":[{"href":"https:\/\/www.humanium.org\/es\/wp-json\/wp\/v2\/media?parent=2048"}],"curies":[{"name":"wp","href":"https:\/\/api.w.org\/{rel}","templated":true}]}}