{"id":2055,"date":"2013-06-10T14:04:44","date_gmt":"2013-06-10T14:04:44","guid":{"rendered":"http:\/\/www.humanium.org\/es\/?page_id=2055"},"modified":"2025-12-05T18:13:09","modified_gmt":"2025-12-05T18:13:09","slug":"polonia","status":"publish","type":"page","link":"https:\/\/www.humanium.org\/es\/polonia\/","title":{"rendered":"Ni\u00f1os de Polonia"},"content":{"rendered":"<h1>Ni\u00f1os de Polonia<\/h1>\n<h2>Descubriendo los Derechos del Ni\u00f1o en Polonia<\/h2>\n<p style=\"text-align: center;\"><img loading=\"lazy\" decoding=\"async\" class=\" wp-image-27256 alignnone\" title=\"Ni\u00f1a de Polonia \u00a9 Leskoski (Flickr)\" src=\"https:\/\/www.humanium.org\/fr\/wp-content\/uploads\/2011\/07\/fillette-pologne-leskoski-flickr.jpg\" alt=\"\" width=\"194\" height=\"200\" \/> <img loading=\"lazy\" decoding=\"async\" class=\"alignnone wp-image-27262\" title=\"Ni\u00f1o de Polonia \u00a9 Art makes me smile (Flickr)\" src=\"https:\/\/www.humanium.org\/fr\/wp-content\/uploads\/2011\/07\/pologne-garcon-art-makes-me-smile-flickr.jpg\" alt=\"\" width=\"176\" height=\"200\" \/><\/p>\n<p>En Polonia, el cumplimiento de los derechos del ni\u00f1o es relativamente satisfactorio. No obstante, el pa\u00eds a\u00fan debe trabajar en la eliminaci\u00f3n de algunos principios y pr\u00e1cticas que contravienen la Convenci\u00f3n de los Derechos del Ni\u00f1o.<\/p>\n<h3>Principales problemas que afectan a los ni\u00f1os en Polonia:<\/h3>\n<p><a href=\"https:\/\/www.humanium.org\/es\/pobreza-infantil\/\"><strong>Pobreza<br \/>\n<\/strong><\/a><br \/>\n<img loading=\"lazy\" decoding=\"async\" class=\"alignright size-medium wp-image-13251\" title=\"En Polonia, muchos ni\u00f1os viven en la pobreza. \u00a9 Tomquah (Flickr)\" src=\"https:\/\/www.humanium.org\/fr\/wp-content\/uploads\/2011\/07\/pologne-groupe-tomquah-flickr1-300x193.jpg\" alt=\"\" width=\"185\" height=\"120\" \/>En Polonia, aproximadamente uno de cada cuatro ni\u00f1os vive en la <a href=\"https:\/\/www.humanium.org\/es\/pobreza-infantil\/\">pobreza<\/a>. Apenas existen ayudas econ\u00f3micas gubernamentales para las familias, sobre todo para las que cuentan con reci\u00e9n nacidos.<\/p>\n<p>En Polonia, la pobreza est\u00e1 estrechamente ligada al desempleo generalizado que azota al pa\u00eds.<\/p>\n<p>La tasa de pobreza infantil es una de las m\u00e1s altas de Europa y afecta principalmente a familias numerosas y monoparentales.<\/p>\n<p><a href=\"https:\/\/www.humanium.org\/es\/derecho-alimentacion\/\"><strong>Desnutrici\u00f3n<br \/>\n<\/strong><\/a><br \/>\nMientras que los ni\u00f1os que viven en ciertas regiones remotas del pa\u00eds, pertenecientes a las familias m\u00e1s pobres, padecen desnutrici\u00f3n, otros j\u00f3venes de Polonia se enfrentan al problema opuesto. La tasa de obesidad ha experimentado un fuerte crecimiento en las \u00faltimas d\u00e9cadas. Actualmente, se ha diagnosticado obesidad a cerca del 20% de la poblaci\u00f3n polaca.<\/p>\n<p>Esta enfermedad se debe principalmente a la sobre<a href=\"https:\/\/www.humanium.org\/es\/derecho-alimentacion\/\">alimentaci\u00f3n<\/a> o a los malos h\u00e1bitos alimentarios, y es especialmente preocupante entre los ni\u00f1os. Su salud es m\u00e1s vulnerable que la de los adultos y puede resentirse gravemente con facilidad. La obesidad provoca muchos efectos nocivos en la salud del ni\u00f1o, pudiendo alcanzar niveles muy peligrosos y poner su vida en riesgo.<\/p>\n<p><a href=\"https:\/\/www.humanium.org\/es\/no-discriminacion\/\"><strong>No Discriminaci\u00f3n<br \/>\n<\/strong><\/a><br \/>\nEn Polonia, la <a href=\"https:\/\/www.humanium.org\/es\/no-discriminacion\/\">discriminaci\u00f3n<\/a> se lleva a cabo por razones de raza, sexo e identidad sexual.<\/p>\n<p><img loading=\"lazy\" decoding=\"async\" class=\"alignright size-full wp-image-10508\" title=\"Con frecuencia, los ni\u00f1os roman\u00edes son v\u00edctimas de actos racistas. \u00a9 Peter Ashton (Flickr)\" src=\"https:\/\/www.humanium.org\/fr\/wp-content\/uploads\/2011\/07\/pologne-rom-peter-ashton-aka-peamasher-flickr.jpg\" alt=\"\" width=\"122\" height=\"170\" \/>Normalmente, los roman\u00edes (gitanos) y otros extranjeros son el blanco de la discriminaci\u00f3n, a pesar de los esfuerzos de Polonia por crear programas para combatir esta clase de discriminaci\u00f3n.<\/p>\n<p>Sin embargo, los roman\u00edes a\u00fan est\u00e1n lejos de ser completamente aceptados. Son marginados sociales y con frecuencia se convierten en objeto de peligrosos y violentos actos racistas, principalmente los ni\u00f1os.<\/p>\n<p>Los adolescentes homosexuales tambi\u00e9n son objeto de una fuerte discriminaci\u00f3n, incluso por parte de administraciones p\u00fablicas y algunas autoridades. Se han propuesto numerosas leyes para prohibir la circulaci\u00f3n de informaci\u00f3n sobre la homosexualidad en las escuelas, e incluso para prohibir que los homosexuales ejerzan como docentes. Afortunadamente, ninguna de estas leyes ha sido aprobada, aunque son el triste reflejo del rechazo de la sociedad polaca a aceptar todos los tipos de orientaci\u00f3n sexual.<\/p>\n<p><a href=\"https:\/\/www.humanium.org\/es\/explotacion-sexual-infantil\/\"><strong>Explotaci\u00f3n sexual<br \/>\n<\/strong><\/a><br \/>\nEn Polonia, la <a href=\"https:\/\/www.humanium.org\/es\/explotacion-sexual-infantil\/\">explotaci\u00f3n sexual<\/a> es uno de los problemas m\u00e1s graves y censurables en lo que concierne a los derechos del ni\u00f1o.<\/p>\n<p>Las medidas de prevenci\u00f3n y la concienciaci\u00f3n no son suficientes en este pa\u00eds, gravemente afectado por el problema. Existen muy pocos m\u00e9todos para determinar las causas y los or\u00edgenes de esta explotaci\u00f3n sexual. Polonia sigue siendo uno de los principales destinos de turismo sexual del mundo.<\/p>\n<p><strong>Medio ambiente<br \/>\n<\/strong><br \/>\n<img loading=\"lazy\" decoding=\"async\" class=\"size-full wp-image-10509 alignright\" title=\"Todo ni\u00f1o tiene derecho a crecer en un ambiente saludable. \u00a9 Tomek.pl (Flickr)\" src=\"https:\/\/www.humanium.org\/fr\/wp-content\/uploads\/2011\/07\/pologne-environnement-tomek-pl-flickr.jpg\" alt=\"\" width=\"210\" height=\"140\" \/>Polonia produce m\u00e1s de 8,3 toneladas de emisiones de CO2 por persona al a\u00f1o. Este enorme impacto ecol\u00f3gico afecta de manera nociva la vida de los ni\u00f1os y sus perspectivas de futuro, violando su derecho a vivir y a crecer en un ambiente saludable.<\/p>\n<p><a href=\"https:\/\/www.humanium.org\/es\/derecho-proteccion\/\"><strong>Libertad de expresi\u00f3n y de opini\u00f3n<br \/>\n<\/strong><\/a><br \/>\nEn Polonia, <a href=\"https:\/\/www.humanium.org\/es\/derecho-proteccion\/\">la opini\u00f3n del ni\u00f1o<\/a> es ignorada por sistema. La poblaci\u00f3n est\u00e1 muy arraigada en las ideas tradicionales que abogan por la autoridad paterna absoluta, sin prestar atenci\u00f3n a las ideas del ni\u00f1o. Por ello, \u00e9stos apenas son escuchados, aun cuando son el tema principal del debate. La leyes y programas que conciernen a la infancia no toman en cuenta sus opiniones, por lo que no se adaptan adecuadamente a sus necesidades.<\/p>\n","protected":false},"excerpt":{"rendered":"<p>Ni\u00f1os de Polonia Descubriendo los Derechos del Ni\u00f1o en Polonia En Polonia, el cumplimiento de los derechos del ni\u00f1o es relativamente satisfactorio. No obstante, el pa\u00eds a\u00fan debe trabajar en la eliminaci\u00f3n de algunos principios y pr\u00e1cticas que contravienen la Convenci\u00f3n de los Derechos del Ni\u00f1o. Principales problemas que afectan a los ni\u00f1os en Polonia: [&hellip;]<\/p>\n","protected":false},"author":1,"featured_media":0,"parent":0,"menu_order":0,"comment_status":"closed","ping_status":"open","template":"","meta":{"footnotes":""},"class_list":["post-2055","page","type-page","status-publish","hentry"],"yoast_head":"<!-- This site is optimized with the Yoast SEO plugin v26.5 - https:\/\/yoast.com\/wordpress\/plugins\/seo\/ -->\n<title>Ni\u00f1os de Polonia - Humanium<\/title>\n<meta name=\"description\" content=\"En Polonia, el cumplimiento de los derechos del ni\u00f1o es satisfactorio. Pero a\u00fan se debe trabajar parar eliminar algunas pr\u00e1cticas y principios.\" \/>\n<meta name=\"robots\" content=\"index, follow, max-snippet:-1, max-image-preview:large, max-video-preview:-1\" \/>\n<link rel=\"canonical\" href=\"https:\/\/www.humanium.org\/es\/polonia\/\" \/>\n<meta property=\"og:locale\" content=\"es_ES\" \/>\n<meta property=\"og:type\" content=\"article\" \/>\n<meta property=\"og:title\" content=\"Ni\u00f1os de Polonia - Humanium\" \/>\n<meta property=\"og:description\" content=\"En Polonia, el cumplimiento de los derechos del ni\u00f1o es satisfactorio. Pero a\u00fan se debe trabajar parar eliminar algunas pr\u00e1cticas y principios.\" \/>\n<meta property=\"og:url\" content=\"https:\/\/www.humanium.org\/es\/polonia\/\" \/>\n<meta property=\"og:site_name\" content=\"Humanium\" \/>\n<meta property=\"article:modified_time\" content=\"2025-12-05T18:13:09+00:00\" \/>\n<meta name=\"twitter:card\" content=\"summary_large_image\" \/>\n<meta name=\"twitter:label1\" content=\"Tiempo de lectura\" \/>\n\t<meta name=\"twitter:data1\" content=\"4 minutos\" \/>\n<script type=\"application\/ld+json\" class=\"yoast-schema-graph\">{\"@context\":\"https:\/\/schema.org\",\"@graph\":[{\"@type\":\"WebPage\",\"@id\":\"https:\/\/www.humanium.org\/es\/polonia\/\",\"url\":\"https:\/\/www.humanium.org\/es\/polonia\/\",\"name\":\"Ni\u00f1os de Polonia - Humanium\",\"isPartOf\":{\"@id\":\"https:\/\/www.humanium.org\/es\/#website\"},\"primaryImageOfPage\":{\"@id\":\"https:\/\/www.humanium.org\/es\/polonia\/#primaryimage\"},\"image\":{\"@id\":\"https:\/\/www.humanium.org\/es\/polonia\/#primaryimage\"},\"thumbnailUrl\":\"https:\/\/www.humanium.org\/fr\/wp-content\/uploads\/2011\/07\/fillette-pologne-leskoski-flickr.jpg\",\"datePublished\":\"2013-06-10T14:04:44+00:00\",\"dateModified\":\"2025-12-05T18:13:09+00:00\",\"description\":\"En Polonia, el cumplimiento de los derechos del ni\u00f1o es satisfactorio. Pero a\u00fan se debe trabajar parar eliminar algunas pr\u00e1cticas y principios.\",\"breadcrumb\":{\"@id\":\"https:\/\/www.humanium.org\/es\/polonia\/#breadcrumb\"},\"inLanguage\":\"es\",\"potentialAction\":[{\"@type\":\"ReadAction\",\"target\":[\"https:\/\/www.humanium.org\/es\/polonia\/\"]}]},{\"@type\":\"ImageObject\",\"inLanguage\":\"es\",\"@id\":\"https:\/\/www.humanium.org\/es\/polonia\/#primaryimage\",\"url\":\"https:\/\/www.humanium.org\/fr\/wp-content\/uploads\/2011\/07\/fillette-pologne-leskoski-flickr.jpg\",\"contentUrl\":\"https:\/\/www.humanium.org\/fr\/wp-content\/uploads\/2011\/07\/fillette-pologne-leskoski-flickr.jpg\"},{\"@type\":\"BreadcrumbList\",\"@id\":\"https:\/\/www.humanium.org\/es\/polonia\/#breadcrumb\",\"itemListElement\":[{\"@type\":\"ListItem\",\"position\":1,\"name\":\"Home\",\"item\":\"https:\/\/www.humanium.org\/es\/\"},{\"@type\":\"ListItem\",\"position\":2,\"name\":\"Ni\u00f1os de Polonia\"}]},{\"@type\":\"WebSite\",\"@id\":\"https:\/\/www.humanium.org\/es\/#website\",\"url\":\"https:\/\/www.humanium.org\/es\/\",\"name\":\"Humanium\",\"description\":\"\u00a1Los ni\u00f1os primero!\",\"potentialAction\":[{\"@type\":\"SearchAction\",\"target\":{\"@type\":\"EntryPoint\",\"urlTemplate\":\"https:\/\/www.humanium.org\/es\/?s={search_term_string}\"},\"query-input\":{\"@type\":\"PropertyValueSpecification\",\"valueRequired\":true,\"valueName\":\"search_term_string\"}}],\"inLanguage\":\"es\"}]}<\/script>\n<!-- \/ Yoast SEO plugin. -->","yoast_head_json":{"title":"Ni\u00f1os de Polonia - Humanium","description":"En Polonia, el cumplimiento de los derechos del ni\u00f1o es satisfactorio. Pero a\u00fan se debe trabajar parar eliminar algunas pr\u00e1cticas y principios.","robots":{"index":"index","follow":"follow","max-snippet":"max-snippet:-1","max-image-preview":"max-image-preview:large","max-video-preview":"max-video-preview:-1"},"canonical":"https:\/\/www.humanium.org\/es\/polonia\/","og_locale":"es_ES","og_type":"article","og_title":"Ni\u00f1os de Polonia - Humanium","og_description":"En Polonia, el cumplimiento de los derechos del ni\u00f1o es satisfactorio. Pero a\u00fan se debe trabajar parar eliminar algunas pr\u00e1cticas y principios.","og_url":"https:\/\/www.humanium.org\/es\/polonia\/","og_site_name":"Humanium","article_modified_time":"2025-12-05T18:13:09+00:00","twitter_card":"summary_large_image","twitter_misc":{"Tiempo de lectura":"4 minutos"},"schema":{"@context":"https:\/\/schema.org","@graph":[{"@type":"WebPage","@id":"https:\/\/www.humanium.org\/es\/polonia\/","url":"https:\/\/www.humanium.org\/es\/polonia\/","name":"Ni\u00f1os de Polonia - Humanium","isPartOf":{"@id":"https:\/\/www.humanium.org\/es\/#website"},"primaryImageOfPage":{"@id":"https:\/\/www.humanium.org\/es\/polonia\/#primaryimage"},"image":{"@id":"https:\/\/www.humanium.org\/es\/polonia\/#primaryimage"},"thumbnailUrl":"https:\/\/www.humanium.org\/fr\/wp-content\/uploads\/2011\/07\/fillette-pologne-leskoski-flickr.jpg","datePublished":"2013-06-10T14:04:44+00:00","dateModified":"2025-12-05T18:13:09+00:00","description":"En Polonia, el cumplimiento de los derechos del ni\u00f1o es satisfactorio. Pero a\u00fan se debe trabajar parar eliminar algunas pr\u00e1cticas y principios.","breadcrumb":{"@id":"https:\/\/www.humanium.org\/es\/polonia\/#breadcrumb"},"inLanguage":"es","potentialAction":[{"@type":"ReadAction","target":["https:\/\/www.humanium.org\/es\/polonia\/"]}]},{"@type":"ImageObject","inLanguage":"es","@id":"https:\/\/www.humanium.org\/es\/polonia\/#primaryimage","url":"https:\/\/www.humanium.org\/fr\/wp-content\/uploads\/2011\/07\/fillette-pologne-leskoski-flickr.jpg","contentUrl":"https:\/\/www.humanium.org\/fr\/wp-content\/uploads\/2011\/07\/fillette-pologne-leskoski-flickr.jpg"},{"@type":"BreadcrumbList","@id":"https:\/\/www.humanium.org\/es\/polonia\/#breadcrumb","itemListElement":[{"@type":"ListItem","position":1,"name":"Home","item":"https:\/\/www.humanium.org\/es\/"},{"@type":"ListItem","position":2,"name":"Ni\u00f1os de Polonia"}]},{"@type":"WebSite","@id":"https:\/\/www.humanium.org\/es\/#website","url":"https:\/\/www.humanium.org\/es\/","name":"Humanium","description":"\u00a1Los ni\u00f1os primero!","potentialAction":[{"@type":"SearchAction","target":{"@type":"EntryPoint","urlTemplate":"https:\/\/www.humanium.org\/es\/?s={search_term_string}"},"query-input":{"@type":"PropertyValueSpecification","valueRequired":true,"valueName":"search_term_string"}}],"inLanguage":"es"}]}},"_links":{"self":[{"href":"https:\/\/www.humanium.org\/es\/wp-json\/wp\/v2\/pages\/2055","targetHints":{"allow":["GET"]}}],"collection":[{"href":"https:\/\/www.humanium.org\/es\/wp-json\/wp\/v2\/pages"}],"about":[{"href":"https:\/\/www.humanium.org\/es\/wp-json\/wp\/v2\/types\/page"}],"author":[{"embeddable":true,"href":"https:\/\/www.humanium.org\/es\/wp-json\/wp\/v2\/users\/1"}],"replies":[{"embeddable":true,"href":"https:\/\/www.humanium.org\/es\/wp-json\/wp\/v2\/comments?post=2055"}],"version-history":[{"count":4,"href":"https:\/\/www.humanium.org\/es\/wp-json\/wp\/v2\/pages\/2055\/revisions"}],"predecessor-version":[{"id":20726,"href":"https:\/\/www.humanium.org\/es\/wp-json\/wp\/v2\/pages\/2055\/revisions\/20726"}],"wp:attachment":[{"href":"https:\/\/www.humanium.org\/es\/wp-json\/wp\/v2\/media?parent=2055"}],"curies":[{"name":"wp","href":"https:\/\/api.w.org\/{rel}","templated":true}]}}