{"id":2066,"date":"2013-06-12T08:26:11","date_gmt":"2013-06-12T08:26:11","guid":{"rendered":"http:\/\/www.humanium.org\/es\/?page_id=2066"},"modified":"2025-12-05T18:07:21","modified_gmt":"2025-12-05T18:07:21","slug":"argelia","status":"publish","type":"page","link":"https:\/\/www.humanium.org\/es\/argelia\/","title":{"rendered":"Ni\u00f1os de Argelia"},"content":{"rendered":"<h1>Ni\u00f1os de Argelia<\/h1>\n<h2>Descubriendo los derechos infantiles en Argelia<\/h2>\n<p style=\"text-align: center;\"><img loading=\"lazy\" decoding=\"async\" class=\" wp-image-27256 alignnone\" title=\"Ni\u00f1a de Argelia \u00a9 UN Photo\/Evan Schneider\" src=\"https:\/\/www.humanium.org\/fr\/wp-content\/uploads\/fillette-algerienne1.jpg\" alt=\"\" width=\"189\" height=\"200\" \/> <img loading=\"lazy\" decoding=\"async\" class=\"alignnone wp-image-27262\" title=\"Ni\u00f1o de Argelia \u00a9 UN Photo\/Evan Schneider\" src=\"https:\/\/www.humanium.org\/fr\/wp-content\/uploads\/garcon-algerien1.jpg\" alt=\"\" width=\"157\" height=\"200\" \/><\/p>\n<p>A pesar de que los derechos fundamentales de los ni\u00f1os est\u00e1n garantizados por la ley argelina, la realidad es distinta: la pobreza, el acceso a la atenci\u00f3n m\u00e9dica b\u00e1sica, el maltrato o los ni\u00f1os refugiados son algunos de los problemas que deben abordarse en Argelia.<\/p>\n<h3>Principales problemas que afectan a los ni\u00f1os en Argelia:<\/h3>\n<p><a href=\"https:\/\/www.humanium.org\/es\/pobreza-infantil\/\"><strong>Pobreza<br \/>\n<\/strong><\/a><br \/>\nEl 23% de la poblaci\u00f3n argelina vive bajo el umbral de pobreza (menos de dos d\u00f3lares al d\u00eda). La <a href=\"https:\/\/www.humanium.org\/es\/pobreza-infantil\/\">pobreza<\/a> en las \u00e1reas rurales es dos veces mayor que la de las zonas urbanas<\/p>\n<p><a href=\"https:\/\/www.humanium.org\/es\/trabajo-infantil\/\"><strong>Trabajo infantil<br \/>\n<\/strong><\/a><br \/>\nEl <a href=\"https:\/\/www.humanium.org\/es\/trabajo-infantil\/\">trabajo<\/a> forma parte de la realidad cotidiana afectando al 5% de los ni\u00f1os argelinos de edades comprendidas entre los 5 y los 15 a\u00f1os. En los \u00faltimos a\u00f1os, el abandono escolar ha aumentado. En muchas ocasiones, los ni\u00f1os comienzan a trabajar para ayudar econ\u00f3micamente en sus casas.<\/p>\n<p><a href=\"https:\/\/www.humanium.org\/es\/matrimonio-infantil\/\"><strong>Matrimonio infantil<br \/>\n<\/strong><\/a><br \/>\nA pesar de que el C\u00f3digo de Familia argelino recoge que la edad m\u00ednima para contraer matrimonio es los 19 a\u00f1os, los <a href=\"https:\/\/www.humanium.org\/es\/matrimonio-infantil\/\">matrimonio prematuros<\/a> siguen existiendo en algunos grupos \u00e9tnicos.<\/p>\n<p><a href=\"https:\/\/www.humanium.org\/es\/derecho-salud\/\"><strong>Salud<br \/>\n<\/strong><\/a><br \/>\n<img loading=\"lazy\" decoding=\"async\" class=\"alignright size-full wp-image-11738\" title=\"L'acc\u00e8s aux soins reste probl\u00e9matique dans les r\u00e9gions rurales en Alg\u00e9rie \u00a9 CE ECHO\/ S. Carliez\" src=\"https:\/\/www.humanium.org\/fr\/wp-content\/uploads\/2011\/07\/algeriesante-ce-echo-scarliez.jpg\" alt=\"\" width=\"235\" height=\"176\" \/>La tasa de <a href=\"https:\/\/www.humanium.org\/es\/mortalidad-infantil\/\">mortalidad infantil<\/a> en Argelia sigue siendo muy elevada, situ\u00e1ndose en el 32%. A ello se suma que aproximadamente el 10% de los ni\u00f1os no est\u00e1 acunado contra enfermedades peligrosas. Por lo general, el <a href=\"https:\/\/www.humanium.org\/es\/derecho-salud\/\">acceso a la atenci\u00f3n sanitaria<\/a> b\u00e1sica sigue contin\u00faa siendo limitada en las \u00e1reas rurales.<\/p>\n<p><strong><a href=\"https:\/\/www.humanium.org\/es\/abuso-infantil\/\">Violencia infantil<br \/>\n<\/a><\/strong><br \/>\nEn 2010, la polic\u00eda argelina registr\u00f3 m\u00e1s de 4.600 casos relacionados con agresiones <a href=\"https:\/\/www.humanium.org\/es\/abuso-infantil\/\">f\u00edsicas <\/a>y <a href=\"https:\/\/www.humanium.org\/es\/explotacion-sexual-infantil\/\">sexuales<\/a> hacia ni\u00f1os. Sin embargo, el n\u00famero es mucho mayor si tenemos en cuenta que en muchos casos no se denuncian porque los ni\u00f1os tienen miedo a represalias<\/p>\n<p>En muchas ocasiones, los agresores son los padres, miembros de la familia e incluso profesores.<\/p>\n<p>El maltrato infantil sigue siendo tab\u00fa en Argelia, llegando a considerarse en ocasiones una medida disciplinaria. Con el fin de proteger los derechos de los ni\u00f1os, el gobierno argelino tiene que idear y desarrollar un sistema de informaci\u00f3n al tiempo que dise\u00f1e mecanismos de intervenci\u00f3n legal y prevenci\u00f3n en caso de maltrato.<\/p>\n<p><a href=\"https:\/\/www.humanium.org\/es\/ninos-desplazados\/\"><strong>Ni\u00f1os refugiados<\/strong><\/a><\/p>\n<p><img loading=\"lazy\" decoding=\"async\" class=\"alignright size-full wp-image-11739\" title=\"Les enfants vivent dans des conditions difficiles dans les camps de r\u00e9fugi\u00e9s en Alg\u00e9rie \u00a9 UN Photos\/ Evan Schneider\" src=\"https:\/\/www.humanium.org\/fr\/wp-content\/uploads\/2011\/07\/algerie-camp-refugies-un-evanschneider.jpg\" alt=\"\" width=\"262\" height=\"165\" \/>Tinduf, al Oeste del pa\u00eds, ha acogido durante 35 a\u00f1os una gran cantidad de refugiados: 196.000 saharauis viven en condiciones extremas en estos campos. No existe electricidad ni ba\u00f1os y el acceso a la comida y al agua es limitado. Las familias viven en tiendas de campa\u00f1a y en casitas de barrro.<\/p>\n<p>Los <a href=\"https:\/\/www.humanium.org\/es\/ninos-desplazados\/\">refugiados<\/a> dependen de la ayuda humanitaria. Las ONG han construido escuelas, pero la mayor parte de los ni\u00f1os abandonan sus estudios antes de completar la educaci\u00f3n primaria. Adem\u00e1s, los ni\u00f1os no tienen acceso a la atenci\u00f3n sanitaria b\u00e1sica (sistema de vacunaci\u00f3n).<\/p>\n<p><strong>Diferencias entre hijos extramatrimoniales y leg\u00edtimos<br \/>\n<\/strong><br \/>\nLos hijos extramatrimoniales son aquellos nacidos fuera del matrimonio. En Argelia estos ni\u00f1os suelen ser <a href=\"https:\/\/www.humanium.org\/es\/no-discriminacion\/\">descriminados<\/a>, ya que las leyes que tratan de proteger los derechos de los ni\u00f1os no contemplan a los ni\u00f1os extramatrimoniales. Ser madre soltera se considera en muchas ocasiones una deshonra para la familia y muchos hijos extramatrimoniales son abandonados al nacer (unos 5.000 beb\u00e9s al a\u00f1o). Algunos padres que se quedan con sus hijos, los dan en adopci\u00f3n y los visitan en secreto de vez en cuando. No es habitual que un padre acepte el rol de padre si el nacimiento del hijo no es fruto de una uni\u00f3n leg\u00edtima. En consecuencia, estos ni\u00f1os no tienen una identidad paterna y son rechazados por la sociedad.<\/p>\n<p>Una nueva ley obliga a los padres biol\u00f3gicos a hacerse cargo de los ni\u00f1os los ni\u00f1os despu\u00e9s de una prueba de ADN, pero las madres argelinas que comienzan el proceso Se encuentran con muchos problemas: es muy dif\u00edcil cambiar la mentalidad en Argelia.<\/p>\n","protected":false},"excerpt":{"rendered":"<p>Ni\u00f1os de Argelia Descubriendo los derechos infantiles en Argelia A pesar de que los derechos fundamentales de los ni\u00f1os est\u00e1n garantizados por la ley argelina, la realidad es distinta: la pobreza, el acceso a la atenci\u00f3n m\u00e9dica b\u00e1sica, el maltrato o los ni\u00f1os refugiados son algunos de los problemas que deben abordarse en Argelia. Principales [&hellip;]<\/p>\n","protected":false},"author":1,"featured_media":0,"parent":0,"menu_order":0,"comment_status":"closed","ping_status":"open","template":"","meta":{"footnotes":""},"class_list":["post-2066","page","type-page","status-publish","hentry"],"yoast_head":"<!-- This site is optimized with the Yoast SEO plugin v26.5 - https:\/\/yoast.com\/wordpress\/plugins\/seo\/ -->\n<title>Ni\u00f1os de Argelia - Humanium<\/title>\n<meta name=\"description\" content=\"Argelia garantiza los derechos fundamentales de los ni\u00f1os, sin embargo, la pobreza o el maltrato, son algunos ejemplos de la violaci\u00f3n de estos derechos.\" \/>\n<meta name=\"robots\" content=\"index, follow, max-snippet:-1, max-image-preview:large, max-video-preview:-1\" \/>\n<link rel=\"canonical\" href=\"https:\/\/www.humanium.org\/es\/argelia\/\" \/>\n<meta property=\"og:locale\" content=\"es_ES\" \/>\n<meta property=\"og:type\" content=\"article\" \/>\n<meta property=\"og:title\" content=\"Ni\u00f1os de Argelia - Humanium\" \/>\n<meta property=\"og:description\" content=\"Argelia garantiza los derechos fundamentales de los ni\u00f1os, sin embargo, la pobreza o el maltrato, son algunos ejemplos de la violaci\u00f3n de estos derechos.\" \/>\n<meta property=\"og:url\" content=\"https:\/\/www.humanium.org\/es\/argelia\/\" \/>\n<meta property=\"og:site_name\" content=\"Humanium\" \/>\n<meta property=\"article:modified_time\" content=\"2025-12-05T18:07:21+00:00\" \/>\n<meta name=\"twitter:card\" content=\"summary_large_image\" \/>\n<meta name=\"twitter:label1\" content=\"Tiempo de lectura\" \/>\n\t<meta name=\"twitter:data1\" content=\"4 minutos\" \/>\n<script type=\"application\/ld+json\" class=\"yoast-schema-graph\">{\"@context\":\"https:\/\/schema.org\",\"@graph\":[{\"@type\":\"WebPage\",\"@id\":\"https:\/\/www.humanium.org\/es\/argelia\/\",\"url\":\"https:\/\/www.humanium.org\/es\/argelia\/\",\"name\":\"Ni\u00f1os de Argelia - Humanium\",\"isPartOf\":{\"@id\":\"https:\/\/www.humanium.org\/es\/#website\"},\"primaryImageOfPage\":{\"@id\":\"https:\/\/www.humanium.org\/es\/argelia\/#primaryimage\"},\"image\":{\"@id\":\"https:\/\/www.humanium.org\/es\/argelia\/#primaryimage\"},\"thumbnailUrl\":\"https:\/\/www.humanium.org\/fr\/wp-content\/uploads\/fillette-algerienne1.jpg\",\"datePublished\":\"2013-06-12T08:26:11+00:00\",\"dateModified\":\"2025-12-05T18:07:21+00:00\",\"description\":\"Argelia garantiza los derechos fundamentales de los ni\u00f1os, sin embargo, la pobreza o el maltrato, son algunos ejemplos de la violaci\u00f3n de estos derechos.\",\"breadcrumb\":{\"@id\":\"https:\/\/www.humanium.org\/es\/argelia\/#breadcrumb\"},\"inLanguage\":\"es\",\"potentialAction\":[{\"@type\":\"ReadAction\",\"target\":[\"https:\/\/www.humanium.org\/es\/argelia\/\"]}]},{\"@type\":\"ImageObject\",\"inLanguage\":\"es\",\"@id\":\"https:\/\/www.humanium.org\/es\/argelia\/#primaryimage\",\"url\":\"https:\/\/www.humanium.org\/fr\/wp-content\/uploads\/fillette-algerienne1.jpg\",\"contentUrl\":\"https:\/\/www.humanium.org\/fr\/wp-content\/uploads\/fillette-algerienne1.jpg\"},{\"@type\":\"BreadcrumbList\",\"@id\":\"https:\/\/www.humanium.org\/es\/argelia\/#breadcrumb\",\"itemListElement\":[{\"@type\":\"ListItem\",\"position\":1,\"name\":\"Home\",\"item\":\"https:\/\/www.humanium.org\/es\/\"},{\"@type\":\"ListItem\",\"position\":2,\"name\":\"Ni\u00f1os de Argelia\"}]},{\"@type\":\"WebSite\",\"@id\":\"https:\/\/www.humanium.org\/es\/#website\",\"url\":\"https:\/\/www.humanium.org\/es\/\",\"name\":\"Humanium\",\"description\":\"\u00a1Los ni\u00f1os primero!\",\"potentialAction\":[{\"@type\":\"SearchAction\",\"target\":{\"@type\":\"EntryPoint\",\"urlTemplate\":\"https:\/\/www.humanium.org\/es\/?s={search_term_string}\"},\"query-input\":{\"@type\":\"PropertyValueSpecification\",\"valueRequired\":true,\"valueName\":\"search_term_string\"}}],\"inLanguage\":\"es\"}]}<\/script>\n<!-- \/ Yoast SEO plugin. -->","yoast_head_json":{"title":"Ni\u00f1os de Argelia - Humanium","description":"Argelia garantiza los derechos fundamentales de los ni\u00f1os, sin embargo, la pobreza o el maltrato, son algunos ejemplos de la violaci\u00f3n de estos derechos.","robots":{"index":"index","follow":"follow","max-snippet":"max-snippet:-1","max-image-preview":"max-image-preview:large","max-video-preview":"max-video-preview:-1"},"canonical":"https:\/\/www.humanium.org\/es\/argelia\/","og_locale":"es_ES","og_type":"article","og_title":"Ni\u00f1os de Argelia - Humanium","og_description":"Argelia garantiza los derechos fundamentales de los ni\u00f1os, sin embargo, la pobreza o el maltrato, son algunos ejemplos de la violaci\u00f3n de estos derechos.","og_url":"https:\/\/www.humanium.org\/es\/argelia\/","og_site_name":"Humanium","article_modified_time":"2025-12-05T18:07:21+00:00","twitter_card":"summary_large_image","twitter_misc":{"Tiempo de lectura":"4 minutos"},"schema":{"@context":"https:\/\/schema.org","@graph":[{"@type":"WebPage","@id":"https:\/\/www.humanium.org\/es\/argelia\/","url":"https:\/\/www.humanium.org\/es\/argelia\/","name":"Ni\u00f1os de Argelia - Humanium","isPartOf":{"@id":"https:\/\/www.humanium.org\/es\/#website"},"primaryImageOfPage":{"@id":"https:\/\/www.humanium.org\/es\/argelia\/#primaryimage"},"image":{"@id":"https:\/\/www.humanium.org\/es\/argelia\/#primaryimage"},"thumbnailUrl":"https:\/\/www.humanium.org\/fr\/wp-content\/uploads\/fillette-algerienne1.jpg","datePublished":"2013-06-12T08:26:11+00:00","dateModified":"2025-12-05T18:07:21+00:00","description":"Argelia garantiza los derechos fundamentales de los ni\u00f1os, sin embargo, la pobreza o el maltrato, son algunos ejemplos de la violaci\u00f3n de estos derechos.","breadcrumb":{"@id":"https:\/\/www.humanium.org\/es\/argelia\/#breadcrumb"},"inLanguage":"es","potentialAction":[{"@type":"ReadAction","target":["https:\/\/www.humanium.org\/es\/argelia\/"]}]},{"@type":"ImageObject","inLanguage":"es","@id":"https:\/\/www.humanium.org\/es\/argelia\/#primaryimage","url":"https:\/\/www.humanium.org\/fr\/wp-content\/uploads\/fillette-algerienne1.jpg","contentUrl":"https:\/\/www.humanium.org\/fr\/wp-content\/uploads\/fillette-algerienne1.jpg"},{"@type":"BreadcrumbList","@id":"https:\/\/www.humanium.org\/es\/argelia\/#breadcrumb","itemListElement":[{"@type":"ListItem","position":1,"name":"Home","item":"https:\/\/www.humanium.org\/es\/"},{"@type":"ListItem","position":2,"name":"Ni\u00f1os de Argelia"}]},{"@type":"WebSite","@id":"https:\/\/www.humanium.org\/es\/#website","url":"https:\/\/www.humanium.org\/es\/","name":"Humanium","description":"\u00a1Los ni\u00f1os primero!","potentialAction":[{"@type":"SearchAction","target":{"@type":"EntryPoint","urlTemplate":"https:\/\/www.humanium.org\/es\/?s={search_term_string}"},"query-input":{"@type":"PropertyValueSpecification","valueRequired":true,"valueName":"search_term_string"}}],"inLanguage":"es"}]}},"_links":{"self":[{"href":"https:\/\/www.humanium.org\/es\/wp-json\/wp\/v2\/pages\/2066","targetHints":{"allow":["GET"]}}],"collection":[{"href":"https:\/\/www.humanium.org\/es\/wp-json\/wp\/v2\/pages"}],"about":[{"href":"https:\/\/www.humanium.org\/es\/wp-json\/wp\/v2\/types\/page"}],"author":[{"embeddable":true,"href":"https:\/\/www.humanium.org\/es\/wp-json\/wp\/v2\/users\/1"}],"replies":[{"embeddable":true,"href":"https:\/\/www.humanium.org\/es\/wp-json\/wp\/v2\/comments?post=2066"}],"version-history":[{"count":3,"href":"https:\/\/www.humanium.org\/es\/wp-json\/wp\/v2\/pages\/2066\/revisions"}],"predecessor-version":[{"id":20526,"href":"https:\/\/www.humanium.org\/es\/wp-json\/wp\/v2\/pages\/2066\/revisions\/20526"}],"wp:attachment":[{"href":"https:\/\/www.humanium.org\/es\/wp-json\/wp\/v2\/media?parent=2066"}],"curies":[{"name":"wp","href":"https:\/\/api.w.org\/{rel}","templated":true}]}}