{"id":2080,"date":"2013-06-12T09:15:05","date_gmt":"2013-06-12T09:15:05","guid":{"rendered":"http:\/\/www.humanium.org\/es\/?page_id=2080"},"modified":"2025-12-05T18:07:03","modified_gmt":"2025-12-05T18:07:03","slug":"egipto","status":"publish","type":"page","link":"https:\/\/www.humanium.org\/es\/egipto\/","title":{"rendered":"Ni\u00f1os de Egipto"},"content":{"rendered":"<h1>Ni\u00f1os de Egipto<\/h1>\n<h2>Descubriendo los derechos infantiles en Egipto<\/h2>\n<p style=\"text-align: center;\"><img loading=\"lazy\" decoding=\"async\" class=\" wp-image-27256 alignnone\" title=\"Ni\u00f1a de Egipto \u00a9 Daviddennisphotos (flickr)\" src=\"https:\/\/www.humanium.org\/fr\/wp-content\/uploads\/2011\/08\/fillette-daviddennisphotos-flickr1.jpg\" alt=\"\" width=\"135\" height=\"200\" \/> <img loading=\"lazy\" decoding=\"async\" class=\"alignnone wp-image-27262\" title=\"Ni\u00f1o de Egipto \u00a9 Denizalkac (flickr)\" src=\"https:\/\/www.humanium.org\/fr\/wp-content\/uploads\/2011\/08\/garcon-denizalkac-flickr.jpg\" alt=\"\" width=\"136\" height=\"200\" \/><\/p>\n<p>Egipto afronta una complicada situaci\u00f3n econ\u00f3mica por lo que necesita realizar grandes esfuerzos para reducir el nivel de pobreza en el pa\u00eds. A pesar del trabajo realizado para mejorar la situaci\u00f3n de los derechos de los ni\u00f1os, Egipto no es capaz de garantizar el ejercicio de estos derechos en un clima de paz y de libertad.<\/p>\n<h3>Principales problemas que afectan a los ni\u00f1os en Egipto:<\/h3>\n<p><img loading=\"lazy\" decoding=\"async\" class=\"size-full wp-image-12499 alignright\" title=\"Muchos ni\u00f1os pobres se ven obligados a vivir en la calle. \u00a9 Walwyn (flickr)\" src=\"https:\/\/www.humanium.org\/fr\/wp-content\/uploads\/2011\/08\/pauvrete-walwyn-flickr.jpg\" alt=\"\" width=\"195\" height=\"149\" \/><strong><a href=\"https:\/\/www.humanium.org\/es\/pobreza-infantil\/\">Pobreza <\/a><\/strong><\/p>\n<p>Cerca de un 20% de la poblaci\u00f3n egipcia vive por debajo del <a href=\"https:\/\/www.humanium.org\/es\/pobreza-infantil\/\">umbral de la pobreza<\/a>. Los ni\u00f1os de familias pobres no disponen de los recursos necesarios para acceder a la sanidad, educaci\u00f3n, etc.<\/p>\n<p>Adem\u00e1s las infraestructuras sanitarias y escolares no est\u00e1n lo suficientemente preparadas para prestar esos servicios.<\/p>\n<p><strong><a href=\"https:\/\/www.humanium.org\/es\/derecho-educacion\/\">Derecho a la educaci\u00f3n<br \/>\n<\/a><\/strong><br \/>\nA pesar de que la tasa de escolarizaci\u00f3n en Egipto se sit\u00faa en un 94%, las ni\u00f1as son a menudo discriminadas en este \u00e1mbito. De hecho, las ni\u00f1as no suelen acceder a estudios de bachillerato ni universitarios.<\/p>\n<p>Un proyecto actual busca promover la <a href=\"https:\/\/www.humanium.org\/es\/derecho-educacion\/\">educaci\u00f3n<\/a> entre las ni\u00f1as egipcias con el fin de reforzar su imagen en la sociedad.<\/p>\n<p><strong><a href=\"https:\/\/www.humanium.org\/es\/abuso-infantil\/\">Violencia infantil<\/a><\/strong><\/p>\n<p>Los <a href=\"https:\/\/www.humanium.org\/es\/abuso-infantil\/\">abusos<\/a> infantiles son muy habituales en Egipto. Todo tipo de abuso, ya sea psic\u00f3logico, f\u00edsicio o <a href=\"https:\/\/www.humanium.org\/es\/explotacion-sexual-infantil\/\">sexual<\/a>, supone un trauma en el ni\u00f1o.<\/p>\n<p>Las situaciones de violencia est\u00e1n presentes en las familias y en las escuelas, \u00e1mbitos que deber\u00edan destinarse a proteger a los ni\u00f1os.<\/p>\n<p>La situaci\u00f3n es grave y algunos ni\u00f1os mueren a manos de sus padres o profesores. Las zonas m\u00e1s pobres se ven m\u00e1s afectadas por este problema. Algunos profesores piensan que la violencia es la \u00fanica forma de mantener el orden y la obediencia. Este problema \u201ccultural\u201d es dif\u00edcil de erradicar.<\/p>\n<p><strong><a href=\"https:\/\/www.humanium.org\/es\/trabajo-infantil\/\">Trabajo infantil<\/a><\/strong><\/p>\n<p><img loading=\"lazy\" decoding=\"async\" class=\"alignright size-full wp-image-12502\" title=\"Algunos ni\u00f1os egipcios deben trabajar para sobrevivir. \u00a9 Becsh (flickr)\" src=\"https:\/\/www.humanium.org\/fr\/wp-content\/uploads\/2011\/08\/travail-becsh-flickr-no-retouch1.jpg\" alt=\"\" width=\"204\" height=\"200\" \/>Muchos ni\u00f1os <a href=\"https:\/\/www.humanium.org\/es\/trabajo-infantil\/\">trabajan<\/a> en Egipto: m\u00e1s del 7%, seg\u00fan las estad\u00edsticas. Estos ni\u00f1os trabajan como vendedores ambulantes, recolectores de algod\u00f3n o aprendices de mec\u00e1nicos.<\/p>\n<p>Algunos de estos trabajos conllevan graves consecuencias para la <a href=\"https:\/\/www.humanium.org\/es\/trabajo-infantil\/\">salud<\/a> de los ni\u00f1os: enfermedades respiratorias, aumento de enfermedades cr\u00f3nicas, entre otros.<\/p>\n<p><a href=\"https:\/\/www.humanium.org\/es\/ninos-calle\/\">Los ni\u00f1os de la calle<\/a>, muy presentes en el pa\u00eds, son algunos de los m\u00e1s afectados por este problema. Adem\u00e1s, los ni\u00f1os provenientes de familias de bajos recursos, se ven obligados a trabajar debido a que deben ayudar en los ingresos familiares.<\/p>\n<p><strong><a href=\"https:\/\/www.humanium.org\/es\/matrimonio-infantil\/\">Matrimonio infantil<\/a><\/strong><\/p>\n<p>Alrededor del 17% de las mujeres de entre 20 y 24 a\u00f1os admite haber contra\u00eddo <a href=\"https:\/\/www.humanium.org\/es\/matrimonio-infantil\/\">matrimonio<\/a> antes de los 18 a\u00f1os. Estos matrimonios, a menudo, sufren graves consecuencias en la salud de las j\u00f3venes que, debido a la falta de informaci\u00f3n, no entienden lo que conlleva el matrimonio.<\/p>\n<p>Desde 2008, la edad m\u00ednima requerida para contraer matrimonio seg\u00fan el C\u00f3digo del Estatuto Personal es de 18 a\u00f1os tanto para las chicas como para los chicos. Esta nueva norma ha hecho que disminuya el n\u00famero de matrimonios infantiles.<\/p>\n<p><strong><a href=\"https:\/\/www.humanium.org\/es\/ninos-desplazados\/\">Ni\u00f1os refugiados<\/a><\/strong><\/p>\n<p><img loading=\"lazy\" decoding=\"async\" class=\"size-full wp-image-12503 alignright\" title=\"Los ni\u00f1os refugiados no tienen siempre acceso a comida y agua. \u00a9 Surfing The Nations (flickr)\" src=\"https:\/\/www.humanium.org\/fr\/wp-content\/uploads\/2011\/08\/refugie-surfing-the-nations-flickr-no-retouch.jpg\" alt=\"\" width=\"133\" height=\"200\" \/>Al estar cerca de Libia, Egipto se ha convertido en un pa\u00eds de <a href=\"https:\/\/www.humanium.org\/es\/ninos-desplazados\/\">acogida<\/a> para muchos libios que hu\u00edan de la violencia. A menudo, mujeres y ni\u00f1os deben caminar miles de kil\u00f3metros con poca comida y agua con la esperanza de encontrar una vida mejor en Egipto o Palestina.<\/p>\n<p>Muchas ONGs acogen a estos ni\u00f1os y les ofrecen apoyo psicol\u00f3gico para que entiendan las razones por las que se han tenido que desplazar.<\/p>\n<p><strong><a href=\"https:\/\/www.humanium.org\/es\/mutilacion-genital\/\">Mutilaci\u00f3n genital<\/a><\/strong><\/p>\n<p>Practicado desde hace m\u00e1s de 200 a\u00f1os, la <a href=\"https:\/\/www.humanium.org\/es\/mutilacion-genital\/\">circuncisi\u00f3n femenina<\/a> todav\u00eda se practica en Egipto. Cerca del 25% de las mujeres de entre 15 y 49 a\u00f1os han sido circuncidadas. Tradicionalmente, es la \u201cDaya\u201d o matrona de los pueblos, quien practica estas mutilaciones durante las vacaciones escolares.<\/p>\n<p>Estas mutilaciones tienen graves consecuencias f\u00edsicas y psicol\u00f3gicas en las j\u00f3venes. No s\u00f3lo se traumatizan por el acto en s\u00ed, sino que algunas son v\u00edctimas de hemorragias y complicaciones debido a esta mutilaci\u00f3n.<\/p>\n<p>La circuncisi\u00f3n, considerada un paso hacia la edad adulta, est\u00e1 empezando a desaparecer ya que actualmente es considerada un delito penal.<\/p>\n<p><strong><a href=\"https:\/\/www.humanium.org\/es\/derecho-identidad\/\">Derecho a la identidad<\/a><\/strong><\/p>\n<p>En algunas zonas de Egipto, como en el Sina\u00ed, las familias son reacias a declarar la fecha y la <a href=\"https:\/\/www.humanium.org\/es\/derecho-identidad\/\">identidad<\/a> del reci\u00e9n nacido. Las autoridades egipcias est\u00e1n trabajando en este \u00e1mbito para combatir este problema.<\/p>\n<p>De hecho, los ni\u00f1os sin nacionalidad tienen enormes dificultades para ejercer sus derechos. Son <a href=\"https:\/\/www.humanium.org\/es\/apatridas-invisibles\/\">invisibles<\/a> a la sociedad.<\/p>\n","protected":false},"excerpt":{"rendered":"<p>Ni\u00f1os de Egipto Descubriendo los derechos infantiles en Egipto Egipto afronta una complicada situaci\u00f3n econ\u00f3mica por lo que necesita realizar grandes esfuerzos para reducir el nivel de pobreza en el pa\u00eds. A pesar del trabajo realizado para mejorar la situaci\u00f3n de los derechos de los ni\u00f1os, Egipto no es capaz de garantizar el ejercicio de [&hellip;]<\/p>\n","protected":false},"author":1,"featured_media":0,"parent":0,"menu_order":0,"comment_status":"closed","ping_status":"open","template":"","meta":{"footnotes":""},"class_list":["post-2080","page","type-page","status-publish","hentry"],"yoast_head":"<!-- This site is optimized with the Yoast SEO plugin v26.5 - https:\/\/yoast.com\/wordpress\/plugins\/seo\/ -->\n<title>Ni\u00f1os de Egipto - Humanium<\/title>\n<meta name=\"description\" content=\"A pesar del trabajo realizado para mejorar la situaci\u00f3n de los derechos de los ni\u00f1os, Egipto no es capaz de garantizar el ejercicio de estos derechos\" \/>\n<meta name=\"robots\" content=\"index, follow, max-snippet:-1, max-image-preview:large, max-video-preview:-1\" \/>\n<link rel=\"canonical\" href=\"https:\/\/www.humanium.org\/es\/egipto\/\" \/>\n<meta property=\"og:locale\" content=\"es_ES\" \/>\n<meta property=\"og:type\" content=\"article\" \/>\n<meta property=\"og:title\" content=\"Ni\u00f1os de Egipto - Humanium\" \/>\n<meta property=\"og:description\" content=\"A pesar del trabajo realizado para mejorar la situaci\u00f3n de los derechos de los ni\u00f1os, Egipto no es capaz de garantizar el ejercicio de estos derechos\" \/>\n<meta property=\"og:url\" content=\"https:\/\/www.humanium.org\/es\/egipto\/\" \/>\n<meta property=\"og:site_name\" content=\"Humanium\" \/>\n<meta property=\"article:modified_time\" content=\"2025-12-05T18:07:03+00:00\" \/>\n<meta name=\"twitter:card\" content=\"summary_large_image\" \/>\n<meta name=\"twitter:label1\" content=\"Tiempo de lectura\" \/>\n\t<meta name=\"twitter:data1\" content=\"5 minutos\" \/>\n<script type=\"application\/ld+json\" class=\"yoast-schema-graph\">{\"@context\":\"https:\/\/schema.org\",\"@graph\":[{\"@type\":\"WebPage\",\"@id\":\"https:\/\/www.humanium.org\/es\/egipto\/\",\"url\":\"https:\/\/www.humanium.org\/es\/egipto\/\",\"name\":\"Ni\u00f1os de Egipto - Humanium\",\"isPartOf\":{\"@id\":\"https:\/\/www.humanium.org\/es\/#website\"},\"primaryImageOfPage\":{\"@id\":\"https:\/\/www.humanium.org\/es\/egipto\/#primaryimage\"},\"image\":{\"@id\":\"https:\/\/www.humanium.org\/es\/egipto\/#primaryimage\"},\"thumbnailUrl\":\"https:\/\/www.humanium.org\/fr\/wp-content\/uploads\/2011\/08\/fillette-daviddennisphotos-flickr1.jpg\",\"datePublished\":\"2013-06-12T09:15:05+00:00\",\"dateModified\":\"2025-12-05T18:07:03+00:00\",\"description\":\"A pesar del trabajo realizado para mejorar la situaci\u00f3n de los derechos de los ni\u00f1os, Egipto no es capaz de garantizar el ejercicio de estos derechos\",\"breadcrumb\":{\"@id\":\"https:\/\/www.humanium.org\/es\/egipto\/#breadcrumb\"},\"inLanguage\":\"es\",\"potentialAction\":[{\"@type\":\"ReadAction\",\"target\":[\"https:\/\/www.humanium.org\/es\/egipto\/\"]}]},{\"@type\":\"ImageObject\",\"inLanguage\":\"es\",\"@id\":\"https:\/\/www.humanium.org\/es\/egipto\/#primaryimage\",\"url\":\"https:\/\/www.humanium.org\/fr\/wp-content\/uploads\/2011\/08\/fillette-daviddennisphotos-flickr1.jpg\",\"contentUrl\":\"https:\/\/www.humanium.org\/fr\/wp-content\/uploads\/2011\/08\/fillette-daviddennisphotos-flickr1.jpg\"},{\"@type\":\"BreadcrumbList\",\"@id\":\"https:\/\/www.humanium.org\/es\/egipto\/#breadcrumb\",\"itemListElement\":[{\"@type\":\"ListItem\",\"position\":1,\"name\":\"Home\",\"item\":\"https:\/\/www.humanium.org\/es\/\"},{\"@type\":\"ListItem\",\"position\":2,\"name\":\"Ni\u00f1os de Egipto\"}]},{\"@type\":\"WebSite\",\"@id\":\"https:\/\/www.humanium.org\/es\/#website\",\"url\":\"https:\/\/www.humanium.org\/es\/\",\"name\":\"Humanium\",\"description\":\"\u00a1Los ni\u00f1os primero!\",\"potentialAction\":[{\"@type\":\"SearchAction\",\"target\":{\"@type\":\"EntryPoint\",\"urlTemplate\":\"https:\/\/www.humanium.org\/es\/?s={search_term_string}\"},\"query-input\":{\"@type\":\"PropertyValueSpecification\",\"valueRequired\":true,\"valueName\":\"search_term_string\"}}],\"inLanguage\":\"es\"}]}<\/script>\n<!-- \/ Yoast SEO plugin. -->","yoast_head_json":{"title":"Ni\u00f1os de Egipto - Humanium","description":"A pesar del trabajo realizado para mejorar la situaci\u00f3n de los derechos de los ni\u00f1os, Egipto no es capaz de garantizar el ejercicio de estos derechos","robots":{"index":"index","follow":"follow","max-snippet":"max-snippet:-1","max-image-preview":"max-image-preview:large","max-video-preview":"max-video-preview:-1"},"canonical":"https:\/\/www.humanium.org\/es\/egipto\/","og_locale":"es_ES","og_type":"article","og_title":"Ni\u00f1os de Egipto - Humanium","og_description":"A pesar del trabajo realizado para mejorar la situaci\u00f3n de los derechos de los ni\u00f1os, Egipto no es capaz de garantizar el ejercicio de estos derechos","og_url":"https:\/\/www.humanium.org\/es\/egipto\/","og_site_name":"Humanium","article_modified_time":"2025-12-05T18:07:03+00:00","twitter_card":"summary_large_image","twitter_misc":{"Tiempo de lectura":"5 minutos"},"schema":{"@context":"https:\/\/schema.org","@graph":[{"@type":"WebPage","@id":"https:\/\/www.humanium.org\/es\/egipto\/","url":"https:\/\/www.humanium.org\/es\/egipto\/","name":"Ni\u00f1os de Egipto - Humanium","isPartOf":{"@id":"https:\/\/www.humanium.org\/es\/#website"},"primaryImageOfPage":{"@id":"https:\/\/www.humanium.org\/es\/egipto\/#primaryimage"},"image":{"@id":"https:\/\/www.humanium.org\/es\/egipto\/#primaryimage"},"thumbnailUrl":"https:\/\/www.humanium.org\/fr\/wp-content\/uploads\/2011\/08\/fillette-daviddennisphotos-flickr1.jpg","datePublished":"2013-06-12T09:15:05+00:00","dateModified":"2025-12-05T18:07:03+00:00","description":"A pesar del trabajo realizado para mejorar la situaci\u00f3n de los derechos de los ni\u00f1os, Egipto no es capaz de garantizar el ejercicio de estos derechos","breadcrumb":{"@id":"https:\/\/www.humanium.org\/es\/egipto\/#breadcrumb"},"inLanguage":"es","potentialAction":[{"@type":"ReadAction","target":["https:\/\/www.humanium.org\/es\/egipto\/"]}]},{"@type":"ImageObject","inLanguage":"es","@id":"https:\/\/www.humanium.org\/es\/egipto\/#primaryimage","url":"https:\/\/www.humanium.org\/fr\/wp-content\/uploads\/2011\/08\/fillette-daviddennisphotos-flickr1.jpg","contentUrl":"https:\/\/www.humanium.org\/fr\/wp-content\/uploads\/2011\/08\/fillette-daviddennisphotos-flickr1.jpg"},{"@type":"BreadcrumbList","@id":"https:\/\/www.humanium.org\/es\/egipto\/#breadcrumb","itemListElement":[{"@type":"ListItem","position":1,"name":"Home","item":"https:\/\/www.humanium.org\/es\/"},{"@type":"ListItem","position":2,"name":"Ni\u00f1os de Egipto"}]},{"@type":"WebSite","@id":"https:\/\/www.humanium.org\/es\/#website","url":"https:\/\/www.humanium.org\/es\/","name":"Humanium","description":"\u00a1Los ni\u00f1os primero!","potentialAction":[{"@type":"SearchAction","target":{"@type":"EntryPoint","urlTemplate":"https:\/\/www.humanium.org\/es\/?s={search_term_string}"},"query-input":{"@type":"PropertyValueSpecification","valueRequired":true,"valueName":"search_term_string"}}],"inLanguage":"es"}]}},"_links":{"self":[{"href":"https:\/\/www.humanium.org\/es\/wp-json\/wp\/v2\/pages\/2080","targetHints":{"allow":["GET"]}}],"collection":[{"href":"https:\/\/www.humanium.org\/es\/wp-json\/wp\/v2\/pages"}],"about":[{"href":"https:\/\/www.humanium.org\/es\/wp-json\/wp\/v2\/types\/page"}],"author":[{"embeddable":true,"href":"https:\/\/www.humanium.org\/es\/wp-json\/wp\/v2\/users\/1"}],"replies":[{"embeddable":true,"href":"https:\/\/www.humanium.org\/es\/wp-json\/wp\/v2\/comments?post=2080"}],"version-history":[{"count":3,"href":"https:\/\/www.humanium.org\/es\/wp-json\/wp\/v2\/pages\/2080\/revisions"}],"predecessor-version":[{"id":20523,"href":"https:\/\/www.humanium.org\/es\/wp-json\/wp\/v2\/pages\/2080\/revisions\/20523"}],"wp:attachment":[{"href":"https:\/\/www.humanium.org\/es\/wp-json\/wp\/v2\/media?parent=2080"}],"curies":[{"name":"wp","href":"https:\/\/api.w.org\/{rel}","templated":true}]}}