{"id":2152,"date":"2013-06-20T10:31:34","date_gmt":"2013-06-20T10:31:34","guid":{"rendered":"http:\/\/www.humanium.org\/es\/?page_id=2152"},"modified":"2025-12-05T17:51:01","modified_gmt":"2025-12-05T17:51:01","slug":"mongolia","status":"publish","type":"page","link":"https:\/\/www.humanium.org\/es\/mongolia\/","title":{"rendered":"Ni\u00f1os de Mongolia"},"content":{"rendered":"<h1>Ni\u00f1os de Mongolia<\/h1>\n<h2>Descubriendo los Derechos del Ni\u00f1o en Mongolia<\/h2>\n<p style=\"text-align: center;\"><img loading=\"lazy\" decoding=\"async\" class=\" wp-image-27256 alignnone\" title=\"Ni\u00f1a de Mongolia \u00a9 Candice F.\" src=\"https:\/\/www.humanium.org\/fr\/wp-content\/uploads\/2011\/08\/fillette-candice.jpg\" alt=\"\" width=\"153\" height=\"200\" \/> <img loading=\"lazy\" decoding=\"async\" class=\"alignnone wp-image-27262\" title=\"Ni\u00f1o de Mongolia \u00a9 Candice F.\" src=\"https:\/\/www.humanium.org\/fr\/wp-content\/uploads\/2011\/08\/garcon-candice.jpg\" alt=\"\" width=\"131\" height=\"200\" \/><\/p>\n<p>Mongolia tiene la densidad poblacional m\u00e1s baja entre todos los pa\u00edses (1.76\/sq km), con la mayor parte de su vasto territorio sin explotar o mapeado de forma insuficiente. Es un pa\u00eds donde los ni\u00f1os no son afortunados en comparaci\u00f3n con sus pares de otras naciones; la situaci\u00f3n de los ni\u00f1os mongoles que viven en las calles es de creciente preocupaci\u00f3n al igual que la de aquellos que llevan una vida n\u00f3mada.<\/p>\n<h3>Principales problemas que afectan a los ni\u00f1os en Mongolia:<\/h3>\n<p><a href=\"https:\/\/www.humanium.org\/es\/pobreza-infantil\/\"><strong>Pobreza<br \/>\n<\/strong><\/a><br \/>\n<img loading=\"lazy\" decoding=\"async\" class=\"size-full wp-image-12981 alignright\" title=\"Muchos ni\u00f1os mongoles sufren de pobreza. \u00a9 Andrzej W. (Flickr)\" src=\"https:\/\/www.humanium.org\/fr\/wp-content\/uploads\/2011\/08\/pauvrete-andrzej-w-flickr-notouch.jpg\" alt=\"\" width=\"102\" height=\"153\" \/>La <a href=\"https:\/\/www.humanium.org\/es\/pobreza-infantil\/\">pobreza<\/a> es extendida en Mongolia, con un 36% de la poblaci\u00f3n que vive por debajo del umbral de la pobreza. Esta problem\u00e1tica se ve agravada por las preocupantes &#8211; y crecientes &#8211; disparidades entre las zonas rurales y urbanas. Los ni\u00f1os mongoles sufren directamente las consecuencias devastadoras de la falta de recursos, especialmente con respecto a la <a href=\"https:\/\/www.humanium.org\/es\/derecho-salud\/\">salud<\/a>, la <a href=\"https:\/\/www.humanium.org\/es\/derecho-alimentacion\/\">nutrici\u00f3n<\/a>, la higiene y la <a href=\"https:\/\/www.humanium.org\/es\/derecho-educacion\/\">educaci\u00f3n<\/a>. La creciente poblaci\u00f3n que vive en los barrios m\u00e1s pobres es la m\u00e1s perjudicada por estas deficiencias.<\/p>\n<p><a href=\"https:\/\/www.humanium.org\/es\/derecho-salud\/\"><strong>Salud<br \/>\n<\/strong><\/a><br \/>\nLa cantidad de problemas de <a href=\"https:\/\/www.humanium.org\/es\/derecho-salud\/\">salud<\/a> que afectan a los adolescentes de Mongolia est\u00e1 en aumento. Los principales problemas son el estr\u00e9s, la depresi\u00f3n, la anomia y la r\u00e1pida adicci\u00f3n al tabaco y las drogas. Los ni\u00f1os y ni\u00f1as de las ciudades, especialmente las ni\u00f1as, son los m\u00e1s afectados. Los medios de prevenci\u00f3n, de informaci\u00f3n y de ayuda para los adolescentes con problemas son insuficientes tanto en las zonas urbanas como en las zonas rurales m\u00e1s aisladas. En consecuencia, el pa\u00eds tiene una de las tasas de suicidio, tanto infantil como de adultos, m\u00e1s altas del mundo.<\/p>\n<p><a href=\"https:\/\/www.humanium.org\/es\/derecho-educacion\/\"><strong>Derecho a la educaci\u00f3n<br \/>\n<\/strong><\/a><br \/>\n<img loading=\"lazy\" decoding=\"async\" class=\"alignright size-full wp-image-12982\" title=\"A pesar de los esfuerzos para cambiar la situaci\u00f3n, los derechos de educaci\u00f3n est\u00e1n todav\u00eda sujetos a numerosas restricciones. \u00a9 Little (Flickr)\" src=\"https:\/\/www.humanium.org\/fr\/wp-content\/uploads\/2011\/08\/ecole-little-flickr.jpg\" alt=\"\" width=\"239\" height=\"177\" \/>Mongolia se ha esforzado por mejorar la cobertura y la calidad de la <a href=\"https:\/\/www.humanium.org\/es\/derecho-educacion\/\">educaci\u00f3n<\/a> que los ni\u00f1os reciben. Gracias a estos esfuerzos, la educaci\u00f3n es hoy gratuita y obligatoria. Sin embargo, a\u00fan persisten muchos problemas.<\/p>\n<p>Se ha observado que los ni\u00f1os se ausentan con mucha frecuencia de las escuelas. Abandonan su educaci\u00f3n tempranamente lo que refleja una mentalidad tradicional que le resta importancia a la necesidad de que los hombres contin\u00faen su educaci\u00f3n m\u00e1s all\u00e1 de la adolescencia. Esto es especialmente end\u00e9mico en las poblaciones n\u00f3madas &#8211; 30% del total &#8211; donde los ni\u00f1os asumen el papel de pastores a temprana edad.<\/p>\n<p>Otro problema preocupante es el castigo corporal todav\u00eda persistente en las escuelas. Esta pr\u00e1ctica es a\u00fan ampliamente aceptada y utilizada por los profesores &#8211; con la aprobaci\u00f3n t\u00e1cita de los padres -. Sus da\u00f1inas consecuencias tanto f\u00edsicas como psicol\u00f3gicas pesan sobre las v\u00edctimas por el resto de sus vidas.<\/p>\n<p>A pesar de las mejoras propuestas llevadas a cabo en el \u00e1mbito de la educaci\u00f3n, los esfuerzos del gobierno de Mongolia no han logrado beneficiar adecuadamente a las poblaciones geogr\u00e1ficamente m\u00e1s aisladas. Una cantidad significativa de los ni\u00f1os &#8211; los que viven fuera de las ciudades &#8211; no han sido favorecidos de los mismos programas que sus pares que viven en las urbes.<\/p>\n<p><a href=\"https:\/\/www.humanium.org\/es\/trabajo-infantil\/\"><strong>Trabajo infantil<br \/>\n<\/strong><\/a><br \/>\nAproximadamente el 18% de los ni\u00f1os de Mongolia son <a href=\"https:\/\/www.humanium.org\/es\/trabajo-infantil\/\">econ\u00f3micamente activos<\/a>. Muchos de ellos abandonan la escuela a temprana edad para encontrar un trabajo y ayudar a sus familias, esta pr\u00e1ctica es especialmente frecuente en las comunidades n\u00f3mades donde esto es parte de la norma cultural. Los ambientes de trabajo &#8211; sobre todo en las zonas urbanas &#8211; son a menudo peligrosos para la salud de los ni\u00f1os y muchas veces ponen sus vidas en riesgo.<\/p>\n<p>Los sectores de la miner\u00eda y la agricultura emplean a un n\u00famero considerable de ni\u00f1os. Este tipo de trabajo es agotador para j\u00f3venes y ni\u00f1os y al mismo tiempo riesgoso. Las repercusiones para su salud f\u00edsica y mental son numerosas y malignas. Por ejemplo, la extensiva industria del oro de Mongolia plantea serios problemas de salud para los ni\u00f1os trabajadores, quienes se ven expuestos a los nocivos productos qu\u00edmicos que son parte del proceso de producci\u00f3n.<\/p>\n<p><strong><a href=\"https:\/\/www.humanium.org\/es\/ninos-calle\/\">Ni\u00f1os de la calle<\/a><br \/>\n<\/strong><br \/>\n<img loading=\"lazy\" decoding=\"async\" class=\"size-full wp-image-12983 alignright\" title=\"La situaci\u00f3n de los ni\u00f1os de la calle de Mongolia sigue siendo extremadamente preocupante. \u00a9 Jake Brewer (Flickr)\" src=\"https:\/\/www.humanium.org\/fr\/wp-content\/uploads\/2011\/08\/rue-jake-brewer-flickr-notouch.jpg\" alt=\"\" width=\"240\" height=\"181\" \/>El n\u00famero de <a href=\"https:\/\/www.humanium.org\/es\/ninos-calle\/\">ni\u00f1os que viven en las calles<\/a> de las ciudades de Mongolia est\u00e1 en constante aumento. Huyendo de la pobreza y el abuso en sus regiones de origen, estos ni\u00f1os sue\u00f1an con tener un empleo y una vida mejor en las ciudades. Lamentablemente, la realidad dista de ser favorable incluso para sus m\u00e1s modestas expectativas. La lucha por la supervivencia es dif\u00edcil, plagada de dificultades y frecuentemente destinada al fracaso. S\u00f3lo en la capital del pa\u00eds, Ulan-Bator &#8211; hogar de un impresionante 45% de la poblaci\u00f3n de 2,75 millones de habitantes del pa\u00eds &#8211; el n\u00famero de ni\u00f1os condenados a esta realidad se estima es de 400.000, es decir, el 14,5% de toda la poblaci\u00f3n.<\/p>\n<p>Las condiciones de vida en estas circunstancias son cercanas a la tragedia. Los j\u00f3venes indigentes luchan d\u00eda y noche para encontrar refugio y alimento. Los delincuentes organizados se benefician de la precaria situaci\u00f3n de estos j\u00f3venes y de un sinn\u00famero de ni\u00f1os que terminan siendo v\u00edctimas de la droga, el tr\u00e1fico y el comercio sexual. Los ni\u00f1os atrapados en las redes de criminales son explotados sin piedad, abusados econ\u00f3mica y <a href=\"https:\/\/www.humanium.org\/es\/explotacion-sexual-infantil\/\">sexualmente<\/a>, enfrentando perspectivas de futuro desalentadoras e inexistentes.<\/p>\n<p><a href=\"https:\/\/www.humanium.org\/es\/ninos-discapacitados\/\"><strong>Ni\u00f1os discapacitados<br \/>\n<\/strong><\/a><br \/>\nA pesar de los recientes esfuerzos del pa\u00eds por mejorar la realidad de los <a href=\"https:\/\/www.humanium.org\/es\/ninos-discapacitados\/\">ni\u00f1os con discapacidades<\/a> f\u00edsicas y mentales, a\u00fan queda mucho por hacer. Estos ni\u00f1os son marginados por la sociedad y ven sus derechos b\u00e1sicos violados a diario. Desgraciadamente, los servicios y organizaciones que se especializan en ayudar a los ni\u00f1os con discapacidad son inadecuados.<\/p>\n<p>Adem\u00e1s de no tener sus derechos plenamente garantizados, el acceso de esos ni\u00f1os a los servicios p\u00fablicos es muy limitado. Por ejemplo, sigue siendo dif\u00edcil para ellos recibir la <a href=\"https:\/\/www.humanium.org\/es\/derecho-educacion\/\">educaci\u00f3n<\/a> o la <a href=\"https:\/\/www.humanium.org\/es\/derecho-salud\/\">atenci\u00f3n m\u00e9dica <\/a>necesaria, lo que hace de la discapacidad un problema agobiante para los individuos afectados y la sociedad en su conjunto.<\/p>\n","protected":false},"excerpt":{"rendered":"<p>Ni\u00f1os de Mongolia Descubriendo los Derechos del Ni\u00f1o en Mongolia Mongolia tiene la densidad poblacional m\u00e1s baja entre todos los pa\u00edses (1.76\/sq km), con la mayor parte de su vasto territorio sin explotar o mapeado de forma insuficiente. Es un pa\u00eds donde los ni\u00f1os no son afortunados en comparaci\u00f3n con sus pares de otras naciones; [&hellip;]<\/p>\n","protected":false},"author":1,"featured_media":0,"parent":0,"menu_order":0,"comment_status":"closed","ping_status":"open","template":"","meta":{"footnotes":""},"class_list":["post-2152","page","type-page","status-publish","hentry"],"yoast_head":"<!-- This site is optimized with the Yoast SEO plugin v26.5 - https:\/\/yoast.com\/wordpress\/plugins\/seo\/ -->\n<title>Ni\u00f1os de Mongolia - Humanium<\/title>\n<meta name=\"description\" content=\"En Mongolia, la situaci\u00f3n de los ni\u00f1os que viven en las calles es de creciente preocupaci\u00f3n al igual que la de aquellos que llevan una vida n\u00f3mada.\" \/>\n<meta name=\"robots\" content=\"index, follow, max-snippet:-1, max-image-preview:large, max-video-preview:-1\" \/>\n<link rel=\"canonical\" href=\"https:\/\/www.humanium.org\/es\/mongolia\/\" \/>\n<meta property=\"og:locale\" content=\"es_ES\" \/>\n<meta property=\"og:type\" content=\"article\" \/>\n<meta property=\"og:title\" content=\"Ni\u00f1os de Mongolia - Humanium\" \/>\n<meta property=\"og:description\" content=\"En Mongolia, la situaci\u00f3n de los ni\u00f1os que viven en las calles es de creciente preocupaci\u00f3n al igual que la de aquellos que llevan una vida n\u00f3mada.\" \/>\n<meta property=\"og:url\" content=\"https:\/\/www.humanium.org\/es\/mongolia\/\" \/>\n<meta property=\"og:site_name\" content=\"Humanium\" \/>\n<meta property=\"article:modified_time\" content=\"2025-12-05T17:51:01+00:00\" \/>\n<meta name=\"twitter:card\" content=\"summary_large_image\" \/>\n<meta name=\"twitter:label1\" content=\"Tiempo de lectura\" \/>\n\t<meta name=\"twitter:data1\" content=\"6 minutos\" \/>\n<script type=\"application\/ld+json\" class=\"yoast-schema-graph\">{\"@context\":\"https:\/\/schema.org\",\"@graph\":[{\"@type\":\"WebPage\",\"@id\":\"https:\/\/www.humanium.org\/es\/mongolia\/\",\"url\":\"https:\/\/www.humanium.org\/es\/mongolia\/\",\"name\":\"Ni\u00f1os de Mongolia - Humanium\",\"isPartOf\":{\"@id\":\"https:\/\/www.humanium.org\/es\/#website\"},\"primaryImageOfPage\":{\"@id\":\"https:\/\/www.humanium.org\/es\/mongolia\/#primaryimage\"},\"image\":{\"@id\":\"https:\/\/www.humanium.org\/es\/mongolia\/#primaryimage\"},\"thumbnailUrl\":\"https:\/\/www.humanium.org\/fr\/wp-content\/uploads\/2011\/08\/fillette-candice.jpg\",\"datePublished\":\"2013-06-20T10:31:34+00:00\",\"dateModified\":\"2025-12-05T17:51:01+00:00\",\"description\":\"En Mongolia, la situaci\u00f3n de los ni\u00f1os que viven en las calles es de creciente preocupaci\u00f3n al igual que la de aquellos que llevan una vida n\u00f3mada.\",\"breadcrumb\":{\"@id\":\"https:\/\/www.humanium.org\/es\/mongolia\/#breadcrumb\"},\"inLanguage\":\"es\",\"potentialAction\":[{\"@type\":\"ReadAction\",\"target\":[\"https:\/\/www.humanium.org\/es\/mongolia\/\"]}]},{\"@type\":\"ImageObject\",\"inLanguage\":\"es\",\"@id\":\"https:\/\/www.humanium.org\/es\/mongolia\/#primaryimage\",\"url\":\"https:\/\/www.humanium.org\/fr\/wp-content\/uploads\/2011\/08\/fillette-candice.jpg\",\"contentUrl\":\"https:\/\/www.humanium.org\/fr\/wp-content\/uploads\/2011\/08\/fillette-candice.jpg\"},{\"@type\":\"BreadcrumbList\",\"@id\":\"https:\/\/www.humanium.org\/es\/mongolia\/#breadcrumb\",\"itemListElement\":[{\"@type\":\"ListItem\",\"position\":1,\"name\":\"Home\",\"item\":\"https:\/\/www.humanium.org\/es\/\"},{\"@type\":\"ListItem\",\"position\":2,\"name\":\"Ni\u00f1os de Mongolia\"}]},{\"@type\":\"WebSite\",\"@id\":\"https:\/\/www.humanium.org\/es\/#website\",\"url\":\"https:\/\/www.humanium.org\/es\/\",\"name\":\"Humanium\",\"description\":\"\u00a1Los ni\u00f1os primero!\",\"potentialAction\":[{\"@type\":\"SearchAction\",\"target\":{\"@type\":\"EntryPoint\",\"urlTemplate\":\"https:\/\/www.humanium.org\/es\/?s={search_term_string}\"},\"query-input\":{\"@type\":\"PropertyValueSpecification\",\"valueRequired\":true,\"valueName\":\"search_term_string\"}}],\"inLanguage\":\"es\"}]}<\/script>\n<!-- \/ Yoast SEO plugin. -->","yoast_head_json":{"title":"Ni\u00f1os de Mongolia - Humanium","description":"En Mongolia, la situaci\u00f3n de los ni\u00f1os que viven en las calles es de creciente preocupaci\u00f3n al igual que la de aquellos que llevan una vida n\u00f3mada.","robots":{"index":"index","follow":"follow","max-snippet":"max-snippet:-1","max-image-preview":"max-image-preview:large","max-video-preview":"max-video-preview:-1"},"canonical":"https:\/\/www.humanium.org\/es\/mongolia\/","og_locale":"es_ES","og_type":"article","og_title":"Ni\u00f1os de Mongolia - Humanium","og_description":"En Mongolia, la situaci\u00f3n de los ni\u00f1os que viven en las calles es de creciente preocupaci\u00f3n al igual que la de aquellos que llevan una vida n\u00f3mada.","og_url":"https:\/\/www.humanium.org\/es\/mongolia\/","og_site_name":"Humanium","article_modified_time":"2025-12-05T17:51:01+00:00","twitter_card":"summary_large_image","twitter_misc":{"Tiempo de lectura":"6 minutos"},"schema":{"@context":"https:\/\/schema.org","@graph":[{"@type":"WebPage","@id":"https:\/\/www.humanium.org\/es\/mongolia\/","url":"https:\/\/www.humanium.org\/es\/mongolia\/","name":"Ni\u00f1os de Mongolia - Humanium","isPartOf":{"@id":"https:\/\/www.humanium.org\/es\/#website"},"primaryImageOfPage":{"@id":"https:\/\/www.humanium.org\/es\/mongolia\/#primaryimage"},"image":{"@id":"https:\/\/www.humanium.org\/es\/mongolia\/#primaryimage"},"thumbnailUrl":"https:\/\/www.humanium.org\/fr\/wp-content\/uploads\/2011\/08\/fillette-candice.jpg","datePublished":"2013-06-20T10:31:34+00:00","dateModified":"2025-12-05T17:51:01+00:00","description":"En Mongolia, la situaci\u00f3n de los ni\u00f1os que viven en las calles es de creciente preocupaci\u00f3n al igual que la de aquellos que llevan una vida n\u00f3mada.","breadcrumb":{"@id":"https:\/\/www.humanium.org\/es\/mongolia\/#breadcrumb"},"inLanguage":"es","potentialAction":[{"@type":"ReadAction","target":["https:\/\/www.humanium.org\/es\/mongolia\/"]}]},{"@type":"ImageObject","inLanguage":"es","@id":"https:\/\/www.humanium.org\/es\/mongolia\/#primaryimage","url":"https:\/\/www.humanium.org\/fr\/wp-content\/uploads\/2011\/08\/fillette-candice.jpg","contentUrl":"https:\/\/www.humanium.org\/fr\/wp-content\/uploads\/2011\/08\/fillette-candice.jpg"},{"@type":"BreadcrumbList","@id":"https:\/\/www.humanium.org\/es\/mongolia\/#breadcrumb","itemListElement":[{"@type":"ListItem","position":1,"name":"Home","item":"https:\/\/www.humanium.org\/es\/"},{"@type":"ListItem","position":2,"name":"Ni\u00f1os de Mongolia"}]},{"@type":"WebSite","@id":"https:\/\/www.humanium.org\/es\/#website","url":"https:\/\/www.humanium.org\/es\/","name":"Humanium","description":"\u00a1Los ni\u00f1os primero!","potentialAction":[{"@type":"SearchAction","target":{"@type":"EntryPoint","urlTemplate":"https:\/\/www.humanium.org\/es\/?s={search_term_string}"},"query-input":{"@type":"PropertyValueSpecification","valueRequired":true,"valueName":"search_term_string"}}],"inLanguage":"es"}]}},"_links":{"self":[{"href":"https:\/\/www.humanium.org\/es\/wp-json\/wp\/v2\/pages\/2152","targetHints":{"allow":["GET"]}}],"collection":[{"href":"https:\/\/www.humanium.org\/es\/wp-json\/wp\/v2\/pages"}],"about":[{"href":"https:\/\/www.humanium.org\/es\/wp-json\/wp\/v2\/types\/page"}],"author":[{"embeddable":true,"href":"https:\/\/www.humanium.org\/es\/wp-json\/wp\/v2\/users\/1"}],"replies":[{"embeddable":true,"href":"https:\/\/www.humanium.org\/es\/wp-json\/wp\/v2\/comments?post=2152"}],"version-history":[{"count":4,"href":"https:\/\/www.humanium.org\/es\/wp-json\/wp\/v2\/pages\/2152\/revisions"}],"predecessor-version":[{"id":20454,"href":"https:\/\/www.humanium.org\/es\/wp-json\/wp\/v2\/pages\/2152\/revisions\/20454"}],"wp:attachment":[{"href":"https:\/\/www.humanium.org\/es\/wp-json\/wp\/v2\/media?parent=2152"}],"curies":[{"name":"wp","href":"https:\/\/api.w.org\/{rel}","templated":true}]}}