{"id":2235,"date":"2013-06-26T08:46:20","date_gmt":"2013-06-26T08:46:20","guid":{"rendered":"http:\/\/www.humanium.org\/es\/?page_id=2235"},"modified":"2025-12-05T17:48:25","modified_gmt":"2025-12-05T17:48:25","slug":"vanuatu","status":"publish","type":"page","link":"https:\/\/www.humanium.org\/es\/vanuatu\/","title":{"rendered":"Ni\u00f1os de Vanuatu"},"content":{"rendered":"<h1>Ni\u00f1os de Vanuatu<\/h1>\n<h2>Descubriendo los Derechos del Ni\u00f1o en Vanuatu<\/h2>\n<p style=\"text-align: center;\"><img loading=\"lazy\" decoding=\"async\" class=\" wp-image-27256 alignnone\" title=\"Ni\u00f1a de Vanuatu \u00a9 squil-flickr\" src=\"https:\/\/www.humanium.org\/fr\/wp-content\/uploads\/2012\/09\/fille-traditionnel-squil-flickr.jpg\" alt=\"\" width=\"153\" height=\"200\" \/><\/p>\n<p>Con las dificultades socioecon\u00f3micas, geogr\u00e1ficas y pol\u00edticas, en Vanuatu no es f\u00e1cil aplicar la Convenci\u00f3n Internacional de los Derechos del Ni\u00f1o. A\u00fan queda por llevar a cabo un gran esfuerzo, especialmente en materia de sanidad, educaci\u00f3n y maltrato.<\/p>\n<h3>Principales problemas que afectan a los ni\u00f1os en Vanuatu:<\/h3>\n<p><strong>Aplicaci\u00f3n de los derechos del ni\u00f1o<\/strong><\/p>\n<p>Son muchas las pr\u00e1cticas tradicionales que contin\u00faan guiando la vida de los habitantes de las islas de Vanuatu, que en ocasiones entran en contradicci\u00f3n con los principios internacionales de los derechos humanos. Por ello, algunos dirigentes del archipi\u00e9lago tienden a veces a privilegiar la tradici\u00f3n en detrimento de los derechos del ni\u00f1o, y les cuesta hacer respetar estos derechos.<\/p>\n<p>A pesar de algunas mejoras recientes, la legislaci\u00f3n nacional y el derecho consuetudinario no se ajustan plenamente a las disposiciones de la <a href=\"https:\/\/www.humanium.org\/es\/convencion\/\">Convenci\u00f3n Internacional de los Derechos del Ni\u00f1o<\/a>. Por consecuencia, los programas y los servicios destinados a los ni\u00f1os tampoco responden a estas exigencias.<\/p>\n<p><a href=\"https:\/\/www.humanium.org\/es\/derecho-salud\/\"><strong>Salud<\/strong><\/a><\/p>\n<p><img loading=\"lazy\" decoding=\"async\" class=\"alignright size-full wp-image-24839\" style=\"line-height: 24px;\" title=\"El acceso a los cuidados es una de las mayores preocupaciones del pa\u00eds en lo que concierne a los ni\u00f1os. \u00a9 Graham-Crumb-flickr\" src=\"https:\/\/www.humanium.org\/fr\/wp-content\/uploads\/2012\/09\/eau-Graham-Crumb-flickr.jpg\" alt=\"\" width=\"134\" height=\"200\" \/>El acceso a la atenci\u00f3n sanitaria es una de las grandes preocupaciones del pa\u00eds en lo que respecta a los ni\u00f1os. La divisi\u00f3n del territorio en multitud de peque\u00f1as islas sujetas a las cat\u00e1strofes naturales es un obst\u00e1culo para la puesta en pr\u00e1ctica correcta de los programas nacionales.<\/p>\n<p>Adem\u00e1s, la falta de infraestructuras, la escasez de <a href=\"https:\/\/www.humanium.org\/es\/derecho-salud\/\">personal sanitario<\/a>, la mala calidad de las redes de saneamiento y el acceso restringido al <a href=\"https:\/\/www.humanium.org\/es\/derecho-agua\/\">agua potable<\/a> en muchos pueblos complican el funcionamiento de los <a href=\"https:\/\/www.humanium.org\/es\/derecho-salud\/\">servicios sanitarios<\/a>. Por otro lado, la falta general de conocimientos en cuanto a c\u00f3mo criar a un ni\u00f1o de manera saludable es igualmente muy pronunciada en las zonas rurales.<\/p>\n<p>Por ello, la tasa de mortalidad infantil es a\u00fan relativamente elevada (16 \u2030). Vanuatu es uno de los Estados del Pac\u00edfico en donde es m\u00e1s dif\u00edcil la acci\u00f3n de la lucha contra la malaria llevada a cabo por la Organizaci\u00f3n Mundial de la Salud.<\/p>\n<p>Esta enfermedad es el origen de casi un 20% de las muertes de ni\u00f1os menores de 5 a\u00f1os. Adem\u00e1s, la supervivencia y el desarrollo de los ni\u00f1os tambi\u00e9n se ven amenazados por el paludismo, las infecciones agudas de las v\u00edas respiratorias y las enfermedades diarreicas.<\/p>\n<p>Asimismo, las pol\u00edticas de <a href=\"https:\/\/www.humanium.org\/es\/derecho-salud\/\">salud<\/a> a favor de los adolescentes no son suficientes, en particular en lo que concierne a los accidentes, el <a href=\"https:\/\/www.humanium.org\/es\/suicidio-infantil\/\">suicidio<\/a>, la <a href=\"https:\/\/www.humanium.org\/es\/abuso-infantil\/\">violencia<\/a> y el consumo de alcohol y de tabaco. La propagaci\u00f3n de enfermedades de transmisi\u00f3n sexual entre los j\u00f3venes y el n\u00famero de embarazos adolescentes (se considera que un 92 \u2030) son igualmente muy preocupantes.<\/p>\n<p><a href=\"https:\/\/www.humanium.org\/es\/derecho-educacion\/\"><strong>Educaci\u00f3n<\/strong><\/a><\/p>\n<p><img loading=\"lazy\" decoding=\"async\" class=\"alignright size-full wp-image-24834\" title=\"La falta de medios limita en gran medida el acceso a la educaci\u00f3n. \u00a9 Katie-Hannan-flickr\" src=\"https:\/\/www.humanium.org\/fr\/wp-content\/uploads\/2012\/09\/education-Katie-Hannan-flickr.jpg\" alt=\"\" width=\"200\" height=\"150\" \/>El aislamiento y la <a href=\"https:\/\/www.humanium.org\/es\/pobreza-infantil\/\">pobreza<\/a> de los pueblos tambi\u00e9n plantean un gran problema de acceso a la educaci\u00f3n.<\/p>\n<p>A pesar de los compromisos de Vanuatu por ofrecer una educaci\u00f3n primaria obligatoria, gratuita y de calidad a todos los ni\u00f1os para el 2015, la situaci\u00f3n es poco esperanzadora: hay una tasa de alfabetizaci\u00f3n baja, unas tasas de estudios elevadas, mala calidad de la ense\u00f1anza, falta generalizada de manuales escolares y un n\u00famero todav\u00eda insuficiente de docentes cualificados.<\/p>\n<p>Adem\u00e1s, el gran n\u00famero de lenguas (de 80 a 100 lenguas locales, dos lenguas oficiales y una lengua nacional, el bislama) no facilita las cosas. De hecho, la <a href=\"https:\/\/www.humanium.org\/es\/derecho-educacion\/\">educaci\u00f3n<\/a> no se oferta m\u00e1s que en las dos lenguas oficiales, el franc\u00e9s y el ingl\u00e9s, que son las lenguas maternas de solo un 4% de la poblaci\u00f3n.<\/p>\n<p>El abandono escolar es bastante elevado, y en 2008 solamente un 38% de los ni\u00f1os en edad de estar inscritos en el ciclo secundario lo estaban de verdad.<\/p>\n<p>Seg\u00fan la UNESCO, estos j\u00f3venes se encuentran en una situaci\u00f3n muy dif\u00edcil: carecen de formaci\u00f3n profesional, no tienen empleo y no han aprendido los c\u00f3digos necesarios de la vida moderna; pero dado que el sistema escolar los ha alejado del modo de vida de sus padres, ya tampoco saben c\u00f3mo adaptarse a la vida de un pueblo tradicional.<\/p>\n<p><a href=\"https:\/\/www.humanium.org\/es\/no-discriminacion\/\"><strong>Discriminaci\u00f3n<\/strong><\/a><\/p>\n<p>Muy influenciados por una sociedad tradicionalmente dominada por los hombres, y a pesar de las mejoras recientes, la legislaci\u00f3n de Vanuatu es a\u00fan muy <a href=\"https:\/\/www.humanium.org\/es\/no-discriminacion\/\">discriminatoria<\/a> hacia las ni\u00f1as y las mujeres.<\/p>\n<p>Por ejemplo, una mujer extranjera que solicite la nacionalidad vanuatuense no puede pedirla para sus hijos al mismo tiempo, mientras que un hombre s\u00ed puede hacerlo.<\/p>\n<p>Pero incluso cuando la ley es igualitaria, las pr\u00e1cticas culturales discriminatorias contin\u00faan desfavoreciendo a las ni\u00f1as, que est\u00e1n escolarizadas en menor n\u00famero que los ni\u00f1os y que son con m\u00e1s frecuencia v\u00edctimas de <a href=\"https:\/\/www.humanium.org\/es\/abuso-infantil\/\">violencia<\/a>. Esto proviene en parte de las creencias de que la menstruaci\u00f3n femenina tiene efectos contaminantes y nocivos.<\/p>\n<p><a href=\"https:\/\/www.humanium.org\/es\/ninos-discapacitados\/\"><strong>Ni\u00f1os discapacitados<\/strong><\/a><\/p>\n<p>Los derechos de los ni\u00f1os con discapacidad no est\u00e1n suficientemente protegidos en Vanuatu. Los programas (sobre todo de diagn\u00f3stico precoz) y los servicios destinados a estos ni\u00f1os no poseen suficientes medios para funcionar correctamente. Por consiguiente, estos sufren una falta de integraci\u00f3n en la sociedad.<\/p>\n<p><a href=\"https:\/\/www.humanium.org\/es\/matrimonio-infantil\/\"><strong>Matrimonios infantiles<\/strong><\/a><\/p>\n<p>La edad legal de las mujeres para contraer matrimonio es de 16 a\u00f1os, frente a los 18 a\u00f1os de los hombres. En algunas islas aisladas, a los ni\u00f1os se los casa a veces m\u00e1s j\u00f3venes. Un 13% de las ni\u00f1as menores de 19 a\u00f1os est\u00e1n casadas o viven en pareja. Esto favorece el abandono escolar y los embarazos precoces, en detrimento de su <a href=\"https:\/\/www.humanium.org\/es\/derecho-salud\/\">salud<\/a> y <a href=\"https:\/\/www.humanium.org\/es\/derecho-educacion\/\">educaci\u00f3n<\/a>.<\/p>\n<p><a href=\"https:\/\/www.humanium.org\/es\/abuso-infantil\/\"><strong>Maltrato<\/strong><\/a><\/p>\n<p><img loading=\"lazy\" decoding=\"async\" class=\"alignright size-full wp-image-24835\" title=\"La violencia se ve fomentada con ciertas pr\u00e1cticas tradicionales y culturales. \u00a9 Graham-Crumb-flickr\" src=\"https:\/\/www.humanium.org\/fr\/wp-content\/uploads\/2012\/09\/maltraitance-Graham-Crumb-flickr.jpg\" alt=\"\" width=\"200\" height=\"138\" \/>Aunque el <a href=\"https:\/\/www.humanium.org\/es\/abuso-infantil\/\">maltrato<\/a> infantil no es un fen\u00f3meno especialmente extendido en Vanuatu, el gobierno no hace lo suficiente para luchar contra \u00e9l. A pesar de estar prohibido en las escuelas, el empleo de <a href=\"https:\/\/www.humanium.org\/es\/abuso-infantil\/\">penas corporales <\/a>como castigo no est\u00e1 proscrito en el hogar.<\/p>\n<p>Algunas pr\u00e1cticas tradicionales y culturales hasta lo promueven de manera general en la sociedad, incluso en el seno de los organismos judiciales.<\/p>\n<p>Las mujeres y las ni\u00f1as se encuentran particularmente afectadas por la <a href=\"https:\/\/www.humanium.org\/es\/abuso-infantil\/\">violencia<\/a>. La costumbre seg\u00fan la cual el esposo aporta una dote a la familia de su esposa a cambio del matrimonio propicia la visi\u00f3n de mujer-objeto que va a ser comprada. Esto justifica a menudo la <a href=\"https:\/\/www.humanium.org\/es\/abuso-infantil\/\">violencia<\/a> a los ojos de la sociedad, incluso a pesar de que la ley no los considera como una excusa aceptable.<\/p>\n<p>Por lo tanto, la violencia en el seno familiar y los casos de maltrato y de abuso, incluidos los sexuales, contra las mujeres y los ni\u00f1os no son objeto de las investigaciones apropiadas y no est\u00e1n lo suficientemente castigados. Los ni\u00f1os que son v\u00edctimas de <a href=\"https:\/\/www.humanium.org\/es\/abuso-infantil\/\">violencia<\/a> tampoco reciben el apoyo adecuado durante los procesos judiciales o durante su reinserci\u00f3n en la sociedad.<\/p>\n<p><a href=\"https:\/\/www.humanium.org\/es\/explotacion-sexual-infantil\/\"><strong>Explotaci\u00f3n sexual<\/strong><\/a><\/p>\n<p><img loading=\"lazy\" decoding=\"async\" class=\"alignright wp-image-24838\" style=\"line-height: 24px;\" title=\"A las j\u00f3venes de m\u00e1s de 15 a\u00f1os v\u00edctimas de incesto se las trata como culpables. @ Graham Crumb (flickr)\" src=\"https:\/\/www.humanium.org\/fr\/wp-content\/uploads\/2012\/09\/filles-Graham-Crumb-flickr.jpg\" alt=\"\" width=\"92\" height=\"160\" \/>En Vanuatu el incesto todav\u00eda se considera como una infracci\u00f3n para las chicas de 15 a\u00f1os o m\u00e1s. Esto significa que una joven de la que un pariente pr\u00f3ximo ha abusado sexualmente ser\u00e1 tratada como culpable ante la justicia, y no como v\u00edctima. Este trato puede disuadir a los ni\u00f1os de informar sobre la agresi\u00f3n, e impide que se reparen los da\u00f1os.<\/p>\n<p><a href=\"https:\/\/www.humanium.org\/es\/trabajo-infantil\/\"><strong>Trabajo infantil<\/strong><\/a><\/p>\n<p>Por lo general, los ni\u00f1os de Vanuatu comienzan a trabajar desde muy j\u00f3venes, sobre todo debido al acceso limitado a la educaci\u00f3n.<\/p>\n<p>La ley proh\u00edbe el trabajo a los ni\u00f1os menores de 12 a\u00f1os, excepto en las producciones agr\u00edcolas familiares, donde muchos de ellos ayudan a sus padres. Debido a este bajo l\u00edmite de edad y a dicha excepci\u00f3n para su cumplimiento, muchos ni\u00f1os trabajan en condiciones inapropiadas para su edad.<\/p>\n<p><a href=\"https:\/\/www.humanium.org\/es\/justicia-juvenil\/\"><strong>Justicia<\/strong><\/a><\/p>\n<p>La edad m\u00ednima legal de responsabilidad penal est\u00e1 fijada en 10 a\u00f1os, un l\u00edmite demasiado bajo con respecto al de 15 a\u00f1os recomendado por los textos internacionales.<\/p>\n<p>Por otro lado, el procedimiento judicial aplicable a los menores tampoco est\u00e1 conforme a las <a href=\"https:\/\/www.humanium.org\/es\/leyes-justicia-infantil-2\/\">normas internacionales<\/a> pertinentes. Los profesionales de la justicia y las fuerzas del orden carecen de medios y no est\u00e1n suficientemente formados para poder llevar a cabo de manera correcta las necesidades espec\u00edficas de los ni\u00f1os.<\/p>\n<p><img loading=\"lazy\" decoding=\"async\" class=\"alignright wp-image-24836\" title=\"Los juicios consuetudinarios no tiene en cuenta las necesidades espec\u00edficas de los ni\u00f1os de manera correcta. \u00a9 peregrinari-flickr\" src=\"https:\/\/www.humanium.org\/fr\/wp-content\/uploads\/2012\/09\/fille-bleue-peregrinari-flickr.jpg\" alt=\"\" width=\"180\" height=\"148\" \/>Adem\u00e1s, numerosos pueblos privilegian la resoluci\u00f3n de cr\u00edmenes y conflictos de manera tradicional (kastom faen).<\/p>\n<p>Por ello, no resulta extra\u00f1o que las denuncias que se presentan ante la polic\u00eda se retiren m\u00e1s tarde tras, a veces, la intervenci\u00f3n de alg\u00fan superior del pueblo. Estos juicios consuetudinarios no son siempre equitativos y no toman en cuenta correctamente las <a href=\"https:\/\/www.humanium.org\/es\/ninos-sistema-judicial\/\">necesidades espec\u00edficas del ni\u00f1o<\/a>.<\/p>\n<p>Las leyes consuetudinarias que a\u00fan est\u00e1n en vigor en las islas del archipi\u00e9lago de Vanuatu permiten incluso que a veces se intercambien o se den ni\u00f1os a modo de soluci\u00f3n o arreglo de conflictos.<\/p>\n<p>Este intercambio est\u00e1 concebido como una ventaja para el ni\u00f1o, quien no suele cortar lazos con su familia natural, con lo que se encuentra de esta manera con una gran familia y, por lo tanto, con una gran <a href=\"https:\/\/www.humanium.org\/es\/derecho-proteccion\/\">protecci\u00f3n<\/a>. Sin embargo, esta costumbre favorece la visi\u00f3n del ni\u00f1o como un objeto, y puede perturbar su buen desarrollo.<\/p>\n","protected":false},"excerpt":{"rendered":"<p>Ni\u00f1os de Vanuatu Descubriendo los Derechos del Ni\u00f1o en Vanuatu Con las dificultades socioecon\u00f3micas, geogr\u00e1ficas y pol\u00edticas, en Vanuatu no es f\u00e1cil aplicar la Convenci\u00f3n Internacional de los Derechos del Ni\u00f1o. A\u00fan queda por llevar a cabo un gran esfuerzo, especialmente en materia de sanidad, educaci\u00f3n y maltrato. Principales problemas que afectan a los ni\u00f1os [&hellip;]<\/p>\n","protected":false},"author":1,"featured_media":0,"parent":0,"menu_order":0,"comment_status":"closed","ping_status":"open","template":"","meta":{"footnotes":""},"class_list":["post-2235","page","type-page","status-publish","hentry"],"yoast_head":"<!-- This site is optimized with the Yoast SEO plugin v26.5 - https:\/\/yoast.com\/wordpress\/plugins\/seo\/ -->\n<title>Ni\u00f1os de Vanuatu - Humanium<\/title>\n<meta name=\"description\" content=\"Con las dificultades socioecon\u00f3micas, geogr\u00e1ficas y pol\u00edticas, en Vanuatu no es f\u00e1cil aplicar la Convenci\u00f3n Internacional de los Derechos del Ni\u00f1o.\" \/>\n<meta name=\"robots\" content=\"index, follow, max-snippet:-1, max-image-preview:large, max-video-preview:-1\" \/>\n<link rel=\"canonical\" href=\"https:\/\/www.humanium.org\/es\/vanuatu\/\" \/>\n<meta property=\"og:locale\" content=\"es_ES\" \/>\n<meta property=\"og:type\" content=\"article\" \/>\n<meta property=\"og:title\" content=\"Ni\u00f1os de Vanuatu - Humanium\" \/>\n<meta property=\"og:description\" content=\"Con las dificultades socioecon\u00f3micas, geogr\u00e1ficas y pol\u00edticas, en Vanuatu no es f\u00e1cil aplicar la Convenci\u00f3n Internacional de los Derechos del Ni\u00f1o.\" \/>\n<meta property=\"og:url\" content=\"https:\/\/www.humanium.org\/es\/vanuatu\/\" \/>\n<meta property=\"og:site_name\" content=\"Humanium\" \/>\n<meta property=\"article:modified_time\" content=\"2025-12-05T17:48:25+00:00\" \/>\n<meta name=\"twitter:card\" content=\"summary_large_image\" \/>\n<meta name=\"twitter:label1\" content=\"Tiempo de lectura\" \/>\n\t<meta name=\"twitter:data1\" content=\"8 minutos\" \/>\n<script type=\"application\/ld+json\" class=\"yoast-schema-graph\">{\"@context\":\"https:\/\/schema.org\",\"@graph\":[{\"@type\":\"WebPage\",\"@id\":\"https:\/\/www.humanium.org\/es\/vanuatu\/\",\"url\":\"https:\/\/www.humanium.org\/es\/vanuatu\/\",\"name\":\"Ni\u00f1os de Vanuatu - Humanium\",\"isPartOf\":{\"@id\":\"https:\/\/www.humanium.org\/es\/#website\"},\"primaryImageOfPage\":{\"@id\":\"https:\/\/www.humanium.org\/es\/vanuatu\/#primaryimage\"},\"image\":{\"@id\":\"https:\/\/www.humanium.org\/es\/vanuatu\/#primaryimage\"},\"thumbnailUrl\":\"https:\/\/www.humanium.org\/fr\/wp-content\/uploads\/2012\/09\/fille-traditionnel-squil-flickr.jpg\",\"datePublished\":\"2013-06-26T08:46:20+00:00\",\"dateModified\":\"2025-12-05T17:48:25+00:00\",\"description\":\"Con las dificultades socioecon\u00f3micas, geogr\u00e1ficas y pol\u00edticas, en Vanuatu no es f\u00e1cil aplicar la Convenci\u00f3n Internacional de los Derechos del Ni\u00f1o.\",\"breadcrumb\":{\"@id\":\"https:\/\/www.humanium.org\/es\/vanuatu\/#breadcrumb\"},\"inLanguage\":\"es\",\"potentialAction\":[{\"@type\":\"ReadAction\",\"target\":[\"https:\/\/www.humanium.org\/es\/vanuatu\/\"]}]},{\"@type\":\"ImageObject\",\"inLanguage\":\"es\",\"@id\":\"https:\/\/www.humanium.org\/es\/vanuatu\/#primaryimage\",\"url\":\"https:\/\/www.humanium.org\/fr\/wp-content\/uploads\/2012\/09\/fille-traditionnel-squil-flickr.jpg\",\"contentUrl\":\"https:\/\/www.humanium.org\/fr\/wp-content\/uploads\/2012\/09\/fille-traditionnel-squil-flickr.jpg\"},{\"@type\":\"BreadcrumbList\",\"@id\":\"https:\/\/www.humanium.org\/es\/vanuatu\/#breadcrumb\",\"itemListElement\":[{\"@type\":\"ListItem\",\"position\":1,\"name\":\"Home\",\"item\":\"https:\/\/www.humanium.org\/es\/\"},{\"@type\":\"ListItem\",\"position\":2,\"name\":\"Ni\u00f1os de Vanuatu\"}]},{\"@type\":\"WebSite\",\"@id\":\"https:\/\/www.humanium.org\/es\/#website\",\"url\":\"https:\/\/www.humanium.org\/es\/\",\"name\":\"Humanium\",\"description\":\"\u00a1Los ni\u00f1os primero!\",\"potentialAction\":[{\"@type\":\"SearchAction\",\"target\":{\"@type\":\"EntryPoint\",\"urlTemplate\":\"https:\/\/www.humanium.org\/es\/?s={search_term_string}\"},\"query-input\":{\"@type\":\"PropertyValueSpecification\",\"valueRequired\":true,\"valueName\":\"search_term_string\"}}],\"inLanguage\":\"es\"}]}<\/script>\n<!-- \/ Yoast SEO plugin. -->","yoast_head_json":{"title":"Ni\u00f1os de Vanuatu - Humanium","description":"Con las dificultades socioecon\u00f3micas, geogr\u00e1ficas y pol\u00edticas, en Vanuatu no es f\u00e1cil aplicar la Convenci\u00f3n Internacional de los Derechos del Ni\u00f1o.","robots":{"index":"index","follow":"follow","max-snippet":"max-snippet:-1","max-image-preview":"max-image-preview:large","max-video-preview":"max-video-preview:-1"},"canonical":"https:\/\/www.humanium.org\/es\/vanuatu\/","og_locale":"es_ES","og_type":"article","og_title":"Ni\u00f1os de Vanuatu - Humanium","og_description":"Con las dificultades socioecon\u00f3micas, geogr\u00e1ficas y pol\u00edticas, en Vanuatu no es f\u00e1cil aplicar la Convenci\u00f3n Internacional de los Derechos del Ni\u00f1o.","og_url":"https:\/\/www.humanium.org\/es\/vanuatu\/","og_site_name":"Humanium","article_modified_time":"2025-12-05T17:48:25+00:00","twitter_card":"summary_large_image","twitter_misc":{"Tiempo de lectura":"8 minutos"},"schema":{"@context":"https:\/\/schema.org","@graph":[{"@type":"WebPage","@id":"https:\/\/www.humanium.org\/es\/vanuatu\/","url":"https:\/\/www.humanium.org\/es\/vanuatu\/","name":"Ni\u00f1os de Vanuatu - Humanium","isPartOf":{"@id":"https:\/\/www.humanium.org\/es\/#website"},"primaryImageOfPage":{"@id":"https:\/\/www.humanium.org\/es\/vanuatu\/#primaryimage"},"image":{"@id":"https:\/\/www.humanium.org\/es\/vanuatu\/#primaryimage"},"thumbnailUrl":"https:\/\/www.humanium.org\/fr\/wp-content\/uploads\/2012\/09\/fille-traditionnel-squil-flickr.jpg","datePublished":"2013-06-26T08:46:20+00:00","dateModified":"2025-12-05T17:48:25+00:00","description":"Con las dificultades socioecon\u00f3micas, geogr\u00e1ficas y pol\u00edticas, en Vanuatu no es f\u00e1cil aplicar la Convenci\u00f3n Internacional de los Derechos del Ni\u00f1o.","breadcrumb":{"@id":"https:\/\/www.humanium.org\/es\/vanuatu\/#breadcrumb"},"inLanguage":"es","potentialAction":[{"@type":"ReadAction","target":["https:\/\/www.humanium.org\/es\/vanuatu\/"]}]},{"@type":"ImageObject","inLanguage":"es","@id":"https:\/\/www.humanium.org\/es\/vanuatu\/#primaryimage","url":"https:\/\/www.humanium.org\/fr\/wp-content\/uploads\/2012\/09\/fille-traditionnel-squil-flickr.jpg","contentUrl":"https:\/\/www.humanium.org\/fr\/wp-content\/uploads\/2012\/09\/fille-traditionnel-squil-flickr.jpg"},{"@type":"BreadcrumbList","@id":"https:\/\/www.humanium.org\/es\/vanuatu\/#breadcrumb","itemListElement":[{"@type":"ListItem","position":1,"name":"Home","item":"https:\/\/www.humanium.org\/es\/"},{"@type":"ListItem","position":2,"name":"Ni\u00f1os de Vanuatu"}]},{"@type":"WebSite","@id":"https:\/\/www.humanium.org\/es\/#website","url":"https:\/\/www.humanium.org\/es\/","name":"Humanium","description":"\u00a1Los ni\u00f1os primero!","potentialAction":[{"@type":"SearchAction","target":{"@type":"EntryPoint","urlTemplate":"https:\/\/www.humanium.org\/es\/?s={search_term_string}"},"query-input":{"@type":"PropertyValueSpecification","valueRequired":true,"valueName":"search_term_string"}}],"inLanguage":"es"}]}},"_links":{"self":[{"href":"https:\/\/www.humanium.org\/es\/wp-json\/wp\/v2\/pages\/2235","targetHints":{"allow":["GET"]}}],"collection":[{"href":"https:\/\/www.humanium.org\/es\/wp-json\/wp\/v2\/pages"}],"about":[{"href":"https:\/\/www.humanium.org\/es\/wp-json\/wp\/v2\/types\/page"}],"author":[{"embeddable":true,"href":"https:\/\/www.humanium.org\/es\/wp-json\/wp\/v2\/users\/1"}],"replies":[{"embeddable":true,"href":"https:\/\/www.humanium.org\/es\/wp-json\/wp\/v2\/comments?post=2235"}],"version-history":[{"count":5,"href":"https:\/\/www.humanium.org\/es\/wp-json\/wp\/v2\/pages\/2235\/revisions"}],"predecessor-version":[{"id":20434,"href":"https:\/\/www.humanium.org\/es\/wp-json\/wp\/v2\/pages\/2235\/revisions\/20434"}],"wp:attachment":[{"href":"https:\/\/www.humanium.org\/es\/wp-json\/wp\/v2\/media?parent=2235"}],"curies":[{"name":"wp","href":"https:\/\/api.w.org\/{rel}","templated":true}]}}