{"id":2239,"date":"2013-06-26T08:59:01","date_gmt":"2013-06-26T08:59:01","guid":{"rendered":"http:\/\/www.humanium.org\/es\/?page_id=2239"},"modified":"2025-12-05T17:43:49","modified_gmt":"2025-12-05T17:43:49","slug":"kazajstan","status":"publish","type":"page","link":"https:\/\/www.humanium.org\/es\/kazajstan\/","title":{"rendered":"Ni\u00f1os de Kazajst\u00e1n"},"content":{"rendered":"<h1>Ni\u00f1os de Kazajst\u00e1n<\/h1>\n<h2>Descubriendo los Derechos del Ni\u00f1o en Kazajst\u00e1n<\/h2>\n<p style=\"text-align: center;\"><img loading=\"lazy\" decoding=\"async\" class=\" wp-image-27256 alignnone\" title=\"Ni\u00f1a de Kazajst\u00e1n \u00a9 Rodeomilano (Flickr)\" src=\"https:\/\/www.humanium.org\/fr\/wp-content\/uploads\/2012\/11\/rodeomilano-Flickr-200W.jpg\" alt=\"\" width=\"195\" height=\"200\" \/> <img loading=\"lazy\" decoding=\"async\" class=\"alignnone wp-image-27262\" title=\"Ni\u00f1o de Kazajst\u00e1n \u00a9 Dan.. (Flickr)\" src=\"https:\/\/www.humanium.org\/fr\/wp-content\/uploads\/2012\/11\/Dan-Flickr.jpg\" alt=\"\" width=\"131\" height=\"200\" \/><\/p>\n<p>En los \u00faltimos a\u00f1os, la econom\u00eda de Kazajst\u00e1n ha evolucionado a gran velocidad, lo que ha conllevado una disminuci\u00f3n de la pobreza y el desarrollo de programas sociales a favor de los ni\u00f1os. Sin embargo, a causa de la crisis econ\u00f3mica mundial, a d\u00eda de hoy ha aumentado su vulnerabilidad.<\/p>\n<h3>Principales problemas que afectan a los ni\u00f1os en Kazajst\u00e1n:<\/h3>\n<p><a href=\"https:\/\/www.humanium.org\/es\/abuso-infantil\/\"><strong>Violencia<br \/>\n<\/strong><\/a><br \/>\n<img loading=\"lazy\" decoding=\"async\" class=\"alignright size-full wp-image-24985\" title=\"\u00a9 Taylor-Dawn-Fortune (Flickr)\" src=\"https:\/\/www.humanium.org\/fr\/wp-content\/uploads\/2012\/11\/Taylor-Dawn-Fortune-Flickr-web.jpg\" alt=\"\" width=\"300\" height=\"200\" \/>La prevenci\u00f3n del <a href=\"https:\/\/www.humanium.org\/es\/abuso-infantil\/\">maltrato<\/a> y de los <a href=\"https:\/\/www.humanium.org\/es\/explotacion-sexual-infantil\/\">abusos sexuales<\/a> sigue siendo insuficiente y carece de atenci\u00f3n profesional. Los castigos corporales no est\u00e1n prohibidos m\u00e1s que en el colegio; sin embargo, todav\u00eda se toleran en los hogares de acogida, en las escuelas militares y en los lugares de trabajo.<\/p>\n<p>Los <a href=\"https:\/\/www.humanium.org\/es\/abuso-infantil\/\">maltratos<\/a> cada vez son m\u00e1s raros, aunque se mantienen de manera regular en los internados, en las residencias, en las c\u00e1rceles y en los centros de detenci\u00f3n.<br \/>\nPor lo tanto, los ni\u00f1os no tienen un acceso f\u00e1cil a mecanismos adecuados que les permitan presentar quejas cuando sean v\u00edctimas de estos actos violentos.<\/p>\n<p><a href=\"https:\/\/www.humanium.org\/es\/ninos-discapacitados\/\"><strong>Ni\u00f1os con discapacidad<br \/>\n<\/strong><\/a><br \/>\nLa situaci\u00f3n ha mejorado para los ni\u00f1os con discapacidad en Kazajst\u00e1n, gracias al aumento de ayudas aprobadas por el Estado y a la mejora en la formaci\u00f3n de personal competente, sobre todo en los centros de acogida.<br \/>\nSin embargo, muchos <a href=\"https:\/\/www.humanium.org\/es\/ninos-discapacitados\/\">ni\u00f1os con discapacidad<\/a> son llevados de entrada a internados que no est\u00e1n dotados con medios adaptados. De hecho, solamente un tercio de los 153.000 ni\u00f1os con discapacidad tiene acceso a programas educativos espec\u00edficos.<br \/>\nPor otro lado, las pr\u00e1cticas a favor del desarrollo y la comunicaci\u00f3n de estos ni\u00f1os son poco conocidas, al igual que las t\u00e9cnicas de informaci\u00f3n a los padres.<\/p>\n<p><a href=\"https:\/\/www.humanium.org\/es\/derecho-salud\/\"><strong>Salud<br \/>\n<\/strong><\/a><br \/>\n<img loading=\"lazy\" decoding=\"async\" class=\"alignright size-full wp-image-24989\" title=\"\u00a9 Maxim Zolotukhin (World Bank)\" src=\"https:\/\/www.humanium.org\/fr\/wp-content\/uploads\/2012\/11\/Maxim-Zolotukhin-World-Bank-WEB.jpg\" alt=\"\" width=\"300\" height=\"199\" \/>El Estado ha puesto en marcha programas de salud para mejorar las condiciones de los beb\u00e9s y de los ni\u00f1os. El acceso a los cuidados m\u00e9dicos es dif\u00edcil en las regiones rurales y all\u00ed la mortalidad infantil persiste debido al poco acceso a la sanidad y a su calidad mediocre.<br \/>\nAl mismo tiempo que se promueven formas de vida saludables, los adolescentes siguen siendo v\u00edctimas del consumo de drogas, del alcohol y del tabaco.<br \/>\nSe lamenta tambi\u00e9n la ausencia de estructuras que ayuden a las j\u00f3venes embarazadas.<\/p>\n<p><a href=\"https:\/\/www.humanium.org\/es\/ninos-sida\/\"><strong>VIH\/SIDA<br \/>\n<\/strong><\/a><br \/>\nLa tasa de infecci\u00f3n del VIH\/SIDA es relativamente baja, pero se est\u00e1 propagando a un ritmo alarmante. Han aumentado las transmisiones de la madre infectada al beb\u00e9, al igual que el consumo de drogas de forma intravenosa debido especialmente a la significativa cantidad de hero\u00edna que se trafica en el pa\u00eds.<\/p>\n<p><img loading=\"lazy\" decoding=\"async\" class=\"alignright size-full wp-image-24986\" title=\"Journ\u00e9e mondiale de l'enfance \u00e0 Kostanay, Kazakhstan en 2006 \u00a9 Nurgeldy (Flickr)\" src=\"https:\/\/www.humanium.org\/fr\/wp-content\/uploads\/2012\/11\/Kostanay-Kazakhstan-2006-Nurgeldy-Flickr-WEB.jpg\" alt=\"\" width=\"220\" height=\"310\" \/><a href=\"https:\/\/www.humanium.org\/es\/derecho-educacion\/\"><strong>Educaci\u00f3n y ocio<br \/>\n<\/strong><\/a><br \/>\nD\u00eda Internacional del Ni\u00f1o en Kostanay, Kazajst\u00e1n, en 2006 \u00a9 Nurgeldy (Flickr)<br \/>\nLa calidad de la ense\u00f1anza ha mejorado gracias a una mayor participaci\u00f3n financiera por parte del Estado y a la ampliaci\u00f3n de la edad de educaci\u00f3n obligatoria. Sin embargo, la educaci\u00f3n gratuita sigue siendo excepcional y la calidad de la ense\u00f1anza var\u00eda seg\u00fan las regiones.<br \/>\nEl acceso a internet ha mejorado y contribuye a aumentar el nivel de escolaridad. Sin embargo, los peligros asociados a contenidos inapropiados en ciertos medios no se controlan demasiado.<\/p>\n<p><strong><a href=\"https:\/\/www.humanium.org\/es\/ninos-desplazados\/\">Ni\u00f1os refugiados<\/a> y <a href=\"https:\/\/www.humanium.org\/es\/ninos-huerfanos\/\">hu\u00e9rfanos<br \/>\n<\/a><\/strong><br \/>\nLos ni\u00f1os refugiados a menudo viven en condiciones de gran precariedad y no se ha acordado para ellos ning\u00fan tratamiento particular. Su acceso a la sanidad y al sistema educativo sigue siendo poco com\u00fan y estos ni\u00f1os rara vez est\u00e1n registrados oficialmente.<br \/>\nHay tambi\u00e9n numerosos ni\u00f1os que son abandonados o desatendidos por su familia debido a dificultades a las que no pueden hacer frente, y al poco personal y organismos cualificados que les puedan dar apoyo.<br \/>\nLas condiciones de vida en los hogares de acogida son dif\u00edciles y hemos podido constatar que despu\u00e9s de su ingreso los ni\u00f1os refugiados no siempre son separados de los ni\u00f1os que tienen antecedentes penales.<\/p>\n<p><a href=\"https:\/\/www.humanium.org\/es\/ninos-calle\/\"><strong>Ni\u00f1os de las calles<br \/>\n<\/strong><\/a><br \/>\nTodav\u00eda muchos ni\u00f1os viven en las calles, sobre todo en las grandes ciudades. No existe ning\u00fan tipo de protecci\u00f3n frente a la amenaza de explotaci\u00f3n econ\u00f3mica y\/o sexual a la que deben enfrentarse.<\/p>\n<p><a href=\"https:\/\/www.humanium.org\/es\/trabajo-infantil\/\"><strong>Trabajo infantil<br \/>\n<\/strong><\/a><br \/>\nLa legislaci\u00f3n sobre el trabajo infantil protege a los ni\u00f1os de los trabajos m\u00e1s duros. Sin embargo, debido a la falta de control de estas normas por parte de las autoridades, los ni\u00f1os siguen trabajando en la industria del tabaco y del algod\u00f3n, y a menudo se les sigue utilizando como empleados dom\u00e9sticos.<\/p>\n<p><strong><a href=\"https:\/\/www.humanium.org\/es\/explotacion-sexual-infantil\/\">Explotaci\u00f3n sexual<\/a>, <a href=\"https:\/\/www.humanium.org\/es\/prostitucion-infantil\/\">prostituci\u00f3n<\/a> y <a href=\"https:\/\/www.humanium.org\/es\/trata-ninos\/\">trata<br \/>\n<\/a><\/strong><br \/>\nMuchos ni\u00f1os que se encuentran en situaciones precarias son empleados como trabajadores sexuales, a menudo desde edades muy tempranas. Se les somete a trabajos muy duros y traumatizantes. Por otro lado, las acciones de la justicia en este terreno son escasas y hay muy poca sensibilizaci\u00f3n.<br \/>\nLa trata de ni\u00f1os es un problema recurrente a pesar de la adopci\u00f3n de normas protectoras que la proh\u00edben y de campa\u00f1as de sensibilizaci\u00f3n para la poblaci\u00f3n. El sistema para hacerse cargo de los ni\u00f1os v\u00edctimas del tr\u00e1fico de ni\u00f1os es a\u00fan insuficiente, y los ni\u00f1os que proceden de pa\u00edses extranjeros en rara ocasi\u00f3n son repatriados.<\/p>\n<p><a href=\"https:\/\/www.humanium.org\/es\/justicia-juvenil\/\"><strong>Justicia<br \/>\n<\/strong><\/a><br \/>\nEl sistema de justicia para los menores est\u00e1 en proceso de reforma, pero el proceso es lento. En todo caso, sigue habiendo una falta de jueces y de tribunales especializados en menores. Las condiciones de detenci\u00f3n son pobres y las medidas de privaci\u00f3n de libertad siguen teniendo prevalencia sobre las medidas educativas que mantienen el contacto con las familias.<\/p>\n<p><a href=\"https:\/\/www.humanium.org\/es\/no-discriminacion\/\"><strong>No discriminaci\u00f3n<br \/>\n<\/strong><\/a><br \/>\nAunque se est\u00e1n realizando esfuerzos para luchar contra la discriminaci\u00f3n, a menudo se emplean t\u00e9rminos estigmatizantes como \u00abinv\u00e1lido\u00bb o \u00abni\u00f1o ileg\u00edtimo\u00bb en la legislaci\u00f3n y en los documentos oficiales.<\/p>\n<p><strong>El inter\u00e9s superior del ni\u00f1o<br \/>\n<\/strong><br \/>\nEl principio por el que los intereses de los ni\u00f1os deben prevalecer no siempre se tiene en cuenta en las disposiciones legales, incluso en los proyectos, programas y servicios relativos de manera directa o indirecta a los ni\u00f1os. Esto se torna m\u00e1s de manifiesto cuando se trata de ni\u00f1os vulnerables.<br \/>\nRara vez se tiene en cuenta la opini\u00f3n del ni\u00f1o, as\u00ed como la sensibilizaci\u00f3n del p\u00fablico contra las nefastas pr\u00e1cticas habituales que persisten.<\/p>\n","protected":false},"excerpt":{"rendered":"<p>Ni\u00f1os de Kazajst\u00e1n Descubriendo los Derechos del Ni\u00f1o en Kazajst\u00e1n En los \u00faltimos a\u00f1os, la econom\u00eda de Kazajst\u00e1n ha evolucionado a gran velocidad, lo que ha conllevado una disminuci\u00f3n de la pobreza y el desarrollo de programas sociales a favor de los ni\u00f1os. Sin embargo, a causa de la crisis econ\u00f3mica mundial, a d\u00eda de [&hellip;]<\/p>\n","protected":false},"author":1,"featured_media":0,"parent":0,"menu_order":0,"comment_status":"closed","ping_status":"open","template":"","meta":{"footnotes":""},"class_list":["post-2239","page","type-page","status-publish","hentry"],"yoast_head":"<!-- This site is optimized with the Yoast SEO plugin v26.5 - https:\/\/yoast.com\/wordpress\/plugins\/seo\/ -->\n<title>Ni\u00f1os de Kazajst\u00e1n - Humanium<\/title>\n<meta name=\"description\" content=\"Kazajst\u00e1n ha visto disminuir su pobreza y ha desarrollado programas sociales en favor de los ni\u00f1os. Pero la crisis economica mundial lo hace vulnerable.\" \/>\n<meta name=\"robots\" content=\"index, follow, max-snippet:-1, max-image-preview:large, max-video-preview:-1\" \/>\n<link rel=\"canonical\" href=\"https:\/\/www.humanium.org\/es\/kazajstan\/\" \/>\n<meta property=\"og:locale\" content=\"es_ES\" \/>\n<meta property=\"og:type\" content=\"article\" \/>\n<meta property=\"og:title\" content=\"Ni\u00f1os de Kazajst\u00e1n - Humanium\" \/>\n<meta property=\"og:description\" content=\"Kazajst\u00e1n ha visto disminuir su pobreza y ha desarrollado programas sociales en favor de los ni\u00f1os. Pero la crisis economica mundial lo hace vulnerable.\" \/>\n<meta property=\"og:url\" content=\"https:\/\/www.humanium.org\/es\/kazajstan\/\" \/>\n<meta property=\"og:site_name\" content=\"Humanium\" \/>\n<meta property=\"article:modified_time\" content=\"2025-12-05T17:43:49+00:00\" \/>\n<meta name=\"twitter:card\" content=\"summary_large_image\" \/>\n<meta name=\"twitter:label1\" content=\"Tiempo de lectura\" \/>\n\t<meta name=\"twitter:data1\" content=\"6 minutos\" \/>\n<script type=\"application\/ld+json\" class=\"yoast-schema-graph\">{\"@context\":\"https:\/\/schema.org\",\"@graph\":[{\"@type\":\"WebPage\",\"@id\":\"https:\/\/www.humanium.org\/es\/kazajstan\/\",\"url\":\"https:\/\/www.humanium.org\/es\/kazajstan\/\",\"name\":\"Ni\u00f1os de Kazajst\u00e1n - Humanium\",\"isPartOf\":{\"@id\":\"https:\/\/www.humanium.org\/es\/#website\"},\"primaryImageOfPage\":{\"@id\":\"https:\/\/www.humanium.org\/es\/kazajstan\/#primaryimage\"},\"image\":{\"@id\":\"https:\/\/www.humanium.org\/es\/kazajstan\/#primaryimage\"},\"thumbnailUrl\":\"https:\/\/www.humanium.org\/fr\/wp-content\/uploads\/2012\/11\/rodeomilano-Flickr-200W.jpg\",\"datePublished\":\"2013-06-26T08:59:01+00:00\",\"dateModified\":\"2025-12-05T17:43:49+00:00\",\"description\":\"Kazajst\u00e1n ha visto disminuir su pobreza y ha desarrollado programas sociales en favor de los ni\u00f1os. Pero la crisis economica mundial lo hace vulnerable.\",\"breadcrumb\":{\"@id\":\"https:\/\/www.humanium.org\/es\/kazajstan\/#breadcrumb\"},\"inLanguage\":\"es\",\"potentialAction\":[{\"@type\":\"ReadAction\",\"target\":[\"https:\/\/www.humanium.org\/es\/kazajstan\/\"]}]},{\"@type\":\"ImageObject\",\"inLanguage\":\"es\",\"@id\":\"https:\/\/www.humanium.org\/es\/kazajstan\/#primaryimage\",\"url\":\"https:\/\/www.humanium.org\/fr\/wp-content\/uploads\/2012\/11\/rodeomilano-Flickr-200W.jpg\",\"contentUrl\":\"https:\/\/www.humanium.org\/fr\/wp-content\/uploads\/2012\/11\/rodeomilano-Flickr-200W.jpg\"},{\"@type\":\"BreadcrumbList\",\"@id\":\"https:\/\/www.humanium.org\/es\/kazajstan\/#breadcrumb\",\"itemListElement\":[{\"@type\":\"ListItem\",\"position\":1,\"name\":\"Home\",\"item\":\"https:\/\/www.humanium.org\/es\/\"},{\"@type\":\"ListItem\",\"position\":2,\"name\":\"Ni\u00f1os de Kazajst\u00e1n\"}]},{\"@type\":\"WebSite\",\"@id\":\"https:\/\/www.humanium.org\/es\/#website\",\"url\":\"https:\/\/www.humanium.org\/es\/\",\"name\":\"Humanium\",\"description\":\"\u00a1Los ni\u00f1os primero!\",\"potentialAction\":[{\"@type\":\"SearchAction\",\"target\":{\"@type\":\"EntryPoint\",\"urlTemplate\":\"https:\/\/www.humanium.org\/es\/?s={search_term_string}\"},\"query-input\":{\"@type\":\"PropertyValueSpecification\",\"valueRequired\":true,\"valueName\":\"search_term_string\"}}],\"inLanguage\":\"es\"}]}<\/script>\n<!-- \/ Yoast SEO plugin. -->","yoast_head_json":{"title":"Ni\u00f1os de Kazajst\u00e1n - Humanium","description":"Kazajst\u00e1n ha visto disminuir su pobreza y ha desarrollado programas sociales en favor de los ni\u00f1os. Pero la crisis economica mundial lo hace vulnerable.","robots":{"index":"index","follow":"follow","max-snippet":"max-snippet:-1","max-image-preview":"max-image-preview:large","max-video-preview":"max-video-preview:-1"},"canonical":"https:\/\/www.humanium.org\/es\/kazajstan\/","og_locale":"es_ES","og_type":"article","og_title":"Ni\u00f1os de Kazajst\u00e1n - Humanium","og_description":"Kazajst\u00e1n ha visto disminuir su pobreza y ha desarrollado programas sociales en favor de los ni\u00f1os. Pero la crisis economica mundial lo hace vulnerable.","og_url":"https:\/\/www.humanium.org\/es\/kazajstan\/","og_site_name":"Humanium","article_modified_time":"2025-12-05T17:43:49+00:00","twitter_card":"summary_large_image","twitter_misc":{"Tiempo de lectura":"6 minutos"},"schema":{"@context":"https:\/\/schema.org","@graph":[{"@type":"WebPage","@id":"https:\/\/www.humanium.org\/es\/kazajstan\/","url":"https:\/\/www.humanium.org\/es\/kazajstan\/","name":"Ni\u00f1os de Kazajst\u00e1n - Humanium","isPartOf":{"@id":"https:\/\/www.humanium.org\/es\/#website"},"primaryImageOfPage":{"@id":"https:\/\/www.humanium.org\/es\/kazajstan\/#primaryimage"},"image":{"@id":"https:\/\/www.humanium.org\/es\/kazajstan\/#primaryimage"},"thumbnailUrl":"https:\/\/www.humanium.org\/fr\/wp-content\/uploads\/2012\/11\/rodeomilano-Flickr-200W.jpg","datePublished":"2013-06-26T08:59:01+00:00","dateModified":"2025-12-05T17:43:49+00:00","description":"Kazajst\u00e1n ha visto disminuir su pobreza y ha desarrollado programas sociales en favor de los ni\u00f1os. Pero la crisis economica mundial lo hace vulnerable.","breadcrumb":{"@id":"https:\/\/www.humanium.org\/es\/kazajstan\/#breadcrumb"},"inLanguage":"es","potentialAction":[{"@type":"ReadAction","target":["https:\/\/www.humanium.org\/es\/kazajstan\/"]}]},{"@type":"ImageObject","inLanguage":"es","@id":"https:\/\/www.humanium.org\/es\/kazajstan\/#primaryimage","url":"https:\/\/www.humanium.org\/fr\/wp-content\/uploads\/2012\/11\/rodeomilano-Flickr-200W.jpg","contentUrl":"https:\/\/www.humanium.org\/fr\/wp-content\/uploads\/2012\/11\/rodeomilano-Flickr-200W.jpg"},{"@type":"BreadcrumbList","@id":"https:\/\/www.humanium.org\/es\/kazajstan\/#breadcrumb","itemListElement":[{"@type":"ListItem","position":1,"name":"Home","item":"https:\/\/www.humanium.org\/es\/"},{"@type":"ListItem","position":2,"name":"Ni\u00f1os de Kazajst\u00e1n"}]},{"@type":"WebSite","@id":"https:\/\/www.humanium.org\/es\/#website","url":"https:\/\/www.humanium.org\/es\/","name":"Humanium","description":"\u00a1Los ni\u00f1os primero!","potentialAction":[{"@type":"SearchAction","target":{"@type":"EntryPoint","urlTemplate":"https:\/\/www.humanium.org\/es\/?s={search_term_string}"},"query-input":{"@type":"PropertyValueSpecification","valueRequired":true,"valueName":"search_term_string"}}],"inLanguage":"es"}]}},"_links":{"self":[{"href":"https:\/\/www.humanium.org\/es\/wp-json\/wp\/v2\/pages\/2239","targetHints":{"allow":["GET"]}}],"collection":[{"href":"https:\/\/www.humanium.org\/es\/wp-json\/wp\/v2\/pages"}],"about":[{"href":"https:\/\/www.humanium.org\/es\/wp-json\/wp\/v2\/types\/page"}],"author":[{"embeddable":true,"href":"https:\/\/www.humanium.org\/es\/wp-json\/wp\/v2\/users\/1"}],"replies":[{"embeddable":true,"href":"https:\/\/www.humanium.org\/es\/wp-json\/wp\/v2\/comments?post=2239"}],"version-history":[{"count":3,"href":"https:\/\/www.humanium.org\/es\/wp-json\/wp\/v2\/pages\/2239\/revisions"}],"predecessor-version":[{"id":20415,"href":"https:\/\/www.humanium.org\/es\/wp-json\/wp\/v2\/pages\/2239\/revisions\/20415"}],"wp:attachment":[{"href":"https:\/\/www.humanium.org\/es\/wp-json\/wp\/v2\/media?parent=2239"}],"curies":[{"name":"wp","href":"https:\/\/api.w.org\/{rel}","templated":true}]}}