{"id":2254,"date":"2013-06-27T13:29:55","date_gmt":"2013-06-27T13:29:55","guid":{"rendered":"http:\/\/www.humanium.org\/es\/?page_id=2254"},"modified":"2025-12-05T18:13:07","modified_gmt":"2025-12-05T18:13:07","slug":"nueva-zelanda","status":"publish","type":"page","link":"https:\/\/www.humanium.org\/es\/nueva-zelanda\/","title":{"rendered":"Ni\u00f1os de Nueva Zelanda"},"content":{"rendered":"<h1>Ni\u00f1os de Nueva Zelanda<\/h1>\n<h2>Descubriendo los Derechos del Ni\u00f1o en Nueva Zelanda<\/h2>\n<p style=\"text-align: center;\"><img loading=\"lazy\" decoding=\"async\" class=\" wp-image-27256 alignnone\" title=\"Ni\u00f1a de Nueva Zelanda \u00a9 Randomness is everything (flickr)\" src=\"https:\/\/www.humanium.org\/fr\/wp-content\/uploads\/2012\/01\/fillette-nz-\u00a9-randomness-is-everything1.jpg\" alt=\"\" width=\"153\" height=\"200\" \/> <img loading=\"lazy\" decoding=\"async\" class=\"alignnone wp-image-27262\" title=\"Ni\u00f1o de Nueva Zelanda \u00a9 Codysunshine (flickr)\" src=\"https:\/\/www.humanium.org\/fr\/wp-content\/uploads\/2012\/01\/nz-boy-\u00a9codysunshine.jpg\" alt=\"\" width=\"131\" height=\"200\" \/><\/p>\n<p>En general, los derechos de los ni\u00f1os en Nueva Zelanda est\u00e1n bien establecidos. Sin embargo este pa\u00eds de Ocean\u00eda oculta algunas de sus zonas m\u00e1s oscuras en lo concerniente a los derechos de los ni\u00f1os, especialmente en cuanto a la situaci\u00f3n de los ni\u00f1os en la minor\u00eda maor\u00ed. Los ni\u00f1os pertenecientes a tales comunidades sufren discriminaci\u00f3n, abusos, trata de personas y secuestros.<\/p>\n<h3>Principales problemas que afectan a los ni\u00f1os en Nueva Zelanda:<\/h3>\n<p><a href=\"https:\/\/www.humanium.org\/es\/pobreza-infantil\/\"><strong>Pobreza<br \/>\n<\/strong><\/a><br \/>\nEn las familias que perciben ingresos inferiores al 60% de la media del pa\u00eds, un 20% de los ni\u00f1os sufre pobreza.<\/p>\n<p><a href=\"https:\/\/www.humanium.org\/es\/abuso-infantil\/\"><strong>Abuso<br \/>\n<\/strong><\/a><br \/>\n<img loading=\"lazy\" decoding=\"async\" class=\"alignright wp-image-18320\" title=\"Ni\u00f1os en el mar \u00a9 Amy Templeman (flickr)\" src=\"https:\/\/www.humanium.org\/fr\/wp-content\/uploads\/2012\/01\/kids-ocean-\u00a9-amy-templeman-300x203.jpg\" alt=\"\" width=\"246\" height=\"173\" \/>Los estudios de UNICEF han revelado que casi 3,500 ni\u00f1os menores de 15 a\u00f1os mueren cada a\u00f1o en los pa\u00edses industrializados a consecuencia de <a href=\"https:\/\/www.humanium.org\/es\/abuso-infantil\/\">maltratos<\/a> y negligencia.<\/p>\n<p>La tasa de abuso infantil en Nueva Zelanda es una de las m\u00e1s altas de los pa\u00edses desarrollados. Por ejemplo, el <a href=\"https:\/\/www.humanium.org\/es\/mortalidad-infantil\/\">\u00edndice de mortalidad<\/a> por maltrato infantil es de 4 a 6 veces m\u00e1s alto en Nueva Zelanda que en Noruega. El gobierno, que ya no puede cerrar los ojos ante la seriedad de la situaci\u00f3n, invierte 2000 millones de d\u00f3lares cada a\u00f1o en la lucha contra el <a href=\"https:\/\/www.humanium.org\/es\/abuso-infantil\/\">maltrato infantil<\/a>.<\/p>\n<p><a href=\"https:\/\/www.humanium.org\/es\/prostitucion-infantil\/\"><strong>Prostituci\u00f3n infantil<br \/>\n<\/strong><\/a><br \/>\nEn Nueva Zelanda muchas chicas j\u00f3venes se ven forzadas a la prostituci\u00f3n. Un estudio dirigido por el Prostitution Law Review Committee (PLRC, Comit\u00e9 de Revisi\u00f3n de la Ley de la Prostituci\u00f3n) de abril del a\u00f1o 2004, estima que aproximadamente 200 menores son obligados a <a href=\"https:\/\/www.humanium.org\/es\/prostitucion-infantil\/\">prostituirse<\/a>\u00a0y\u00a0a menudo m\u00e1s de 12 horas al d\u00eda.<\/p>\n<p>De acuerdo a las instituciones policiales de Nueva Zelanda, hay aproximadamente 500 mujeres y j\u00f3venes tailandesas trabajando en el negocio del sexo en Auckland. En su intento por desarticular la red de tr\u00e1fico de personas, la polic\u00eda se enfrenta a muchos obst\u00e1culos, ya que las v\u00edctimas a menudo est\u00e1n controladas por proxenetas. Muchas mujeres tienen demasiado miedo para presentarse a la polic\u00eda y hacer una declaraci\u00f3n ya que esto implica complicaciones legales.<\/p>\n<p><img loading=\"lazy\" decoding=\"async\" class=\"alignright wp-image-18352\" title=\"Ni\u00f1os maor\u00eds \u00a9 Dicimijo (flickr)\" src=\"https:\/\/www.humanium.org\/fr\/wp-content\/uploads\/2012\/02\/maori-kids-\u00a9-dicimijo1.jpg\" alt=\"\" width=\"251\" height=\"190\" \/>Mediante el trabajo con organizaciones no gubernamentales (ONGs) el gobierno est\u00e1 intentando regular el problema de financiamiento de programas, como los proyectos de alojamiento y otras formas de ayuda, con el objetivo de ayudar a las j\u00f3venes a abandonar la prostituci\u00f3n y reintegrarse en la sociedad.<\/p>\n<p><a href=\"https:\/\/www.humanium.org\/es\/trata-ninos\/\"><strong>Tr\u00e1fico de ni\u00f1os<br \/>\n<\/strong><\/a><br \/>\nEl <a href=\"https:\/\/www.humanium.org\/es\/trata-ninos\/\">tr\u00e1fico de ni\u00f1os<\/a> en Nueva Zelanda es m\u00e1s importante de lo que uno se imaginar\u00eda. Por el momento, el problema permanece manejable. Sin embargo, La Comisi\u00f3n de Derechos Humanos reconoce que podr\u00eda llegar a ser m\u00e1s serio.<\/p>\n<p>El gobierno, en colaboraci\u00f3n con ONGs, ha implementado un plan de acci\u00f3n contra la explotaci\u00f3n comercial de los ni\u00f1os. La <a href=\"https:\/\/www.humanium.org\/es\/prostitucion-infantil\/\">prostituci\u00f3n<\/a> no es la \u00fanica forma de <a href=\"https:\/\/www.humanium.org\/es\/explotacion-sexual-infantil\/\">explotaci\u00f3n<\/a>. Con frecuencia los hombres \u201chacen los pedidos\u201d de su futura esposa a trav\u00e9s de las redes de trata de personas. Estos ni\u00f1os pierden su autonom\u00eda y libertad y se convierten simplemente en v\u00edctimas del sistema de trata de personas.<\/p>\n<p><strong>La situaci\u00f3n de los ni\u00f1os en las poblaciones ind\u00edgenas<br \/>\n<\/strong><br \/>\nLos maor\u00eds llegaron a Nueva Zelanda en el siglo XI. En el a\u00f1o 2006 esta comunidad representaba el 14,6% de la poblaci\u00f3n del pa\u00eds. Sin embargo, esta minor\u00eda a\u00fan vive al margen de la sociedad y es objeto de numerosas formas de <a href=\"https:\/\/www.humanium.org\/es\/no-discriminacion\/\">discriminaci\u00f3n<\/a>, en las que los ni\u00f1os soportan la peor parte.<\/p>\n<p>Frente a la imagen id\u00edlica que la gente tiene de Nueva Zelanda, en realidad este pa\u00eds esconde muchos problemas, como las numerosas bandas maor\u00eds que surgieron tras la radical reforma econ\u00f3mica. En este contexto, las comunidades maor\u00eds fueron desarraigadas y las familias se desarticularon, allanado el terreno para la <a href=\"https:\/\/www.humanium.org\/es\/abuso-infantil\/\">violencia<\/a> y la <a href=\"https:\/\/www.humanium.org\/es\/pobreza-infantil\/\">pobreza<\/a>.<\/p>\n<p><img loading=\"lazy\" decoding=\"async\" class=\"alignright wp-image-18319\" title=\"Ni\u00f1as maor\u00eds bailando \u00a9 Lindblom (flickr)\" src=\"https:\/\/www.humanium.org\/fr\/wp-content\/uploads\/2012\/01\/NZ-dancing-kids-\u00a9-lindblom.jpg\" alt=\"\" width=\"250\" height=\"212\" \/>La ausencia de padres se ha convertido en algo com\u00fan, y estos a menudo se han dado al alcohol, a las drogas y a la violencia dom\u00e9stica. Esta situaci\u00f3n explica los niveles alarmantes de <a href=\"https:\/\/www.humanium.org\/es\/abuso-infantil\/\">maltrato<\/a> infantil en Nueva Zelanda, y la tasa de infanticidio, que es una de las m\u00e1s altas de la OCDE (Organizaci\u00f3n para la Cooperaci\u00f3n y el Desarrollo Econ\u00f3mico).<\/p>\n<p>Los j\u00f3venes se refugian en sus bandas, que consideran un substituto de la familia, si puede llamarse as\u00ed. Las bandas les dan un estatus y seguridad, incluso aunque a menudo les conduzca a una espiral descendente que comienza con la venta de drogas.<\/p>\n<p>Los ni\u00f1os maor\u00eds est\u00e1n claramente <a href=\"https:\/\/www.humanium.org\/es\/no-discriminacion\/\">discriminados<\/a> en lo referente a <a href=\"https:\/\/www.humanium.org\/es\/derecho-educacion\/\">educaci\u00f3n<\/a>. La mayor\u00eda no tiene acceso al sistema normal de educaci\u00f3n y, a pesar de que se han implementado muchos programas para ayudar a esta comunidad, el nivel de <a href=\"https:\/\/www.humanium.org\/es\/derecho-educacion\/\">educaci\u00f3n<\/a> es deficiente y las tasas de abandono escolar permanecen altas.<\/p>\n<p><a href=\"https:\/\/www.humanium.org\/es\/ninos-desaparecidos\/\"><strong>Secuestro de ni\u00f1os<br \/>\n<\/strong><\/a><br \/>\nSeg\u00fan el Ministerio de Justicia neozeland\u00e9s un gran n\u00famero de ni\u00f1os son <a href=\"https:\/\/www.humanium.org\/es\/ninos-desaparecidos\/\">raptados<\/a> en Nueva Zelanda y enviados al extranjero cada a\u00f1o (61 casos en 2006). Ese a\u00f1o (2006), hubo tambi\u00e9n 31 casos de ni\u00f1os secuestrados en otros pa\u00edses y conducidos a Nueva Zelanda.<\/p>\n<p><img loading=\"lazy\" decoding=\"async\" class=\"alignright size-medium wp-image-18321\" title=\"Ni\u00f1o en un barco \u00a9 Ken2754@Yokohama (flickr)\" src=\"https:\/\/www.humanium.org\/fr\/wp-content\/uploads\/2012\/01\/nz-boy-boat-\u00a9-ken2754@yokohama-209x300.jpg\" alt=\"\" width=\"196\" height=\"282\" \/>Para eliminar los <a href=\"https:\/\/www.humanium.org\/es\/ninos-desaparecidos\/\">secuestros<\/a> Nueva Zelanda ha implementado una serie de medidas preventivas. Entre estas se encuentran: puestas en marcha para prevenir que se saquen a los ni\u00f1os de Nueva Zelanda sin consentimiento y un mandato que sit\u00faa a un ni\u00f1o bajo protecci\u00f3n.<\/p>\n<p><strong>Medio ambiente<br \/>\n<\/strong><br \/>\nCon 7,8 toneladas de emisiones de CO2 por persona por a\u00f1o, Nueva Zelanda est\u00e1 relativamente bien clasificada en cuanto a protecci\u00f3n ambiental. Sin embargo, para respetar el derecho de los ni\u00f1os a crecer en un ambiente saludable y seguro, siempre hay lugar para que el pa\u00eds mejore su huella ecol\u00f3gica y para reducir m\u00e1s los niveles de sustancias nocivas.<\/p>\n","protected":false},"excerpt":{"rendered":"<p>Ni\u00f1os de Nueva Zelanda Descubriendo los Derechos del Ni\u00f1o en Nueva Zelanda En general, los derechos de los ni\u00f1os en Nueva Zelanda est\u00e1n bien establecidos. Sin embargo este pa\u00eds de Ocean\u00eda oculta algunas de sus zonas m\u00e1s oscuras en lo concerniente a los derechos de los ni\u00f1os, especialmente en cuanto a la situaci\u00f3n de los [&hellip;]<\/p>\n","protected":false},"author":1,"featured_media":0,"parent":0,"menu_order":0,"comment_status":"closed","ping_status":"open","template":"","meta":{"footnotes":""},"class_list":["post-2254","page","type-page","status-publish","hentry"],"yoast_head":"<!-- This site is optimized with the Yoast SEO plugin v26.5 - https:\/\/yoast.com\/wordpress\/plugins\/seo\/ -->\n<title>Ni\u00f1os de Nueva Zelanda - Humanium<\/title>\n<meta name=\"description\" content=\"Los derechos de los ni\u00f1os en Nueva Zelanda est\u00e1n bien establecidos. Pero los ni\u00f1os de la minor\u00eda maor\u00ed sufren discriminaci\u00f3n, trata de personas y secuestros\" \/>\n<meta name=\"robots\" content=\"index, follow, max-snippet:-1, max-image-preview:large, max-video-preview:-1\" \/>\n<link rel=\"canonical\" href=\"https:\/\/www.humanium.org\/es\/nueva-zelanda\/\" \/>\n<meta property=\"og:locale\" content=\"es_ES\" \/>\n<meta property=\"og:type\" content=\"article\" \/>\n<meta property=\"og:title\" content=\"Ni\u00f1os de Nueva Zelanda - Humanium\" \/>\n<meta property=\"og:description\" content=\"Los derechos de los ni\u00f1os en Nueva Zelanda est\u00e1n bien establecidos. Pero los ni\u00f1os de la minor\u00eda maor\u00ed sufren discriminaci\u00f3n, trata de personas y secuestros\" \/>\n<meta property=\"og:url\" content=\"https:\/\/www.humanium.org\/es\/nueva-zelanda\/\" \/>\n<meta property=\"og:site_name\" content=\"Humanium\" \/>\n<meta property=\"article:modified_time\" content=\"2025-12-05T18:13:07+00:00\" \/>\n<meta name=\"twitter:card\" content=\"summary_large_image\" \/>\n<meta name=\"twitter:label1\" content=\"Tiempo de lectura\" \/>\n\t<meta name=\"twitter:data1\" content=\"6 minutos\" \/>\n<script type=\"application\/ld+json\" class=\"yoast-schema-graph\">{\"@context\":\"https:\/\/schema.org\",\"@graph\":[{\"@type\":\"WebPage\",\"@id\":\"https:\/\/www.humanium.org\/es\/nueva-zelanda\/\",\"url\":\"https:\/\/www.humanium.org\/es\/nueva-zelanda\/\",\"name\":\"Ni\u00f1os de Nueva Zelanda - Humanium\",\"isPartOf\":{\"@id\":\"https:\/\/www.humanium.org\/es\/#website\"},\"datePublished\":\"2013-06-27T13:29:55+00:00\",\"dateModified\":\"2025-12-05T18:13:07+00:00\",\"description\":\"Los derechos de los ni\u00f1os en Nueva Zelanda est\u00e1n bien establecidos. Pero los ni\u00f1os de la minor\u00eda maor\u00ed sufren discriminaci\u00f3n, trata de personas y secuestros\",\"breadcrumb\":{\"@id\":\"https:\/\/www.humanium.org\/es\/nueva-zelanda\/#breadcrumb\"},\"inLanguage\":\"es\",\"potentialAction\":[{\"@type\":\"ReadAction\",\"target\":[\"https:\/\/www.humanium.org\/es\/nueva-zelanda\/\"]}]},{\"@type\":\"BreadcrumbList\",\"@id\":\"https:\/\/www.humanium.org\/es\/nueva-zelanda\/#breadcrumb\",\"itemListElement\":[{\"@type\":\"ListItem\",\"position\":1,\"name\":\"Home\",\"item\":\"https:\/\/www.humanium.org\/es\/\"},{\"@type\":\"ListItem\",\"position\":2,\"name\":\"Ni\u00f1os de Nueva Zelanda\"}]},{\"@type\":\"WebSite\",\"@id\":\"https:\/\/www.humanium.org\/es\/#website\",\"url\":\"https:\/\/www.humanium.org\/es\/\",\"name\":\"Humanium\",\"description\":\"\u00a1Los ni\u00f1os primero!\",\"potentialAction\":[{\"@type\":\"SearchAction\",\"target\":{\"@type\":\"EntryPoint\",\"urlTemplate\":\"https:\/\/www.humanium.org\/es\/?s={search_term_string}\"},\"query-input\":{\"@type\":\"PropertyValueSpecification\",\"valueRequired\":true,\"valueName\":\"search_term_string\"}}],\"inLanguage\":\"es\"}]}<\/script>\n<!-- \/ Yoast SEO plugin. -->","yoast_head_json":{"title":"Ni\u00f1os de Nueva Zelanda - Humanium","description":"Los derechos de los ni\u00f1os en Nueva Zelanda est\u00e1n bien establecidos. Pero los ni\u00f1os de la minor\u00eda maor\u00ed sufren discriminaci\u00f3n, trata de personas y secuestros","robots":{"index":"index","follow":"follow","max-snippet":"max-snippet:-1","max-image-preview":"max-image-preview:large","max-video-preview":"max-video-preview:-1"},"canonical":"https:\/\/www.humanium.org\/es\/nueva-zelanda\/","og_locale":"es_ES","og_type":"article","og_title":"Ni\u00f1os de Nueva Zelanda - Humanium","og_description":"Los derechos de los ni\u00f1os en Nueva Zelanda est\u00e1n bien establecidos. Pero los ni\u00f1os de la minor\u00eda maor\u00ed sufren discriminaci\u00f3n, trata de personas y secuestros","og_url":"https:\/\/www.humanium.org\/es\/nueva-zelanda\/","og_site_name":"Humanium","article_modified_time":"2025-12-05T18:13:07+00:00","twitter_card":"summary_large_image","twitter_misc":{"Tiempo de lectura":"6 minutos"},"schema":{"@context":"https:\/\/schema.org","@graph":[{"@type":"WebPage","@id":"https:\/\/www.humanium.org\/es\/nueva-zelanda\/","url":"https:\/\/www.humanium.org\/es\/nueva-zelanda\/","name":"Ni\u00f1os de Nueva Zelanda - Humanium","isPartOf":{"@id":"https:\/\/www.humanium.org\/es\/#website"},"datePublished":"2013-06-27T13:29:55+00:00","dateModified":"2025-12-05T18:13:07+00:00","description":"Los derechos de los ni\u00f1os en Nueva Zelanda est\u00e1n bien establecidos. Pero los ni\u00f1os de la minor\u00eda maor\u00ed sufren discriminaci\u00f3n, trata de personas y secuestros","breadcrumb":{"@id":"https:\/\/www.humanium.org\/es\/nueva-zelanda\/#breadcrumb"},"inLanguage":"es","potentialAction":[{"@type":"ReadAction","target":["https:\/\/www.humanium.org\/es\/nueva-zelanda\/"]}]},{"@type":"BreadcrumbList","@id":"https:\/\/www.humanium.org\/es\/nueva-zelanda\/#breadcrumb","itemListElement":[{"@type":"ListItem","position":1,"name":"Home","item":"https:\/\/www.humanium.org\/es\/"},{"@type":"ListItem","position":2,"name":"Ni\u00f1os de Nueva Zelanda"}]},{"@type":"WebSite","@id":"https:\/\/www.humanium.org\/es\/#website","url":"https:\/\/www.humanium.org\/es\/","name":"Humanium","description":"\u00a1Los ni\u00f1os primero!","potentialAction":[{"@type":"SearchAction","target":{"@type":"EntryPoint","urlTemplate":"https:\/\/www.humanium.org\/es\/?s={search_term_string}"},"query-input":{"@type":"PropertyValueSpecification","valueRequired":true,"valueName":"search_term_string"}}],"inLanguage":"es"}]}},"_links":{"self":[{"href":"https:\/\/www.humanium.org\/es\/wp-json\/wp\/v2\/pages\/2254","targetHints":{"allow":["GET"]}}],"collection":[{"href":"https:\/\/www.humanium.org\/es\/wp-json\/wp\/v2\/pages"}],"about":[{"href":"https:\/\/www.humanium.org\/es\/wp-json\/wp\/v2\/types\/page"}],"author":[{"embeddable":true,"href":"https:\/\/www.humanium.org\/es\/wp-json\/wp\/v2\/users\/1"}],"replies":[{"embeddable":true,"href":"https:\/\/www.humanium.org\/es\/wp-json\/wp\/v2\/comments?post=2254"}],"version-history":[{"count":5,"href":"https:\/\/www.humanium.org\/es\/wp-json\/wp\/v2\/pages\/2254\/revisions"}],"predecessor-version":[{"id":20715,"href":"https:\/\/www.humanium.org\/es\/wp-json\/wp\/v2\/pages\/2254\/revisions\/20715"}],"wp:attachment":[{"href":"https:\/\/www.humanium.org\/es\/wp-json\/wp\/v2\/media?parent=2254"}],"curies":[{"name":"wp","href":"https:\/\/api.w.org\/{rel}","templated":true}]}}