{"id":2259,"date":"2013-06-27T13:46:00","date_gmt":"2013-06-27T13:46:00","guid":{"rendered":"http:\/\/www.humanium.org\/es\/?page_id=2259"},"modified":"2025-12-05T18:01:31","modified_gmt":"2025-12-05T18:01:31","slug":"montenegro","status":"publish","type":"page","link":"https:\/\/www.humanium.org\/es\/montenegro\/","title":{"rendered":"Ni\u00f1os de Montenegro"},"content":{"rendered":"<h1>Ni\u00f1os de Montenegro<\/h1>\n<h2>Descubriendo los Derechos del Ni\u00f1o en Montenegro<\/h2>\n<p style=\"text-align: center;\"><img loading=\"lazy\" decoding=\"async\" class=\" wp-image-27256 alignnone\" title=\"Ni\u00f1a de Montenegro \u00a9 Donchili (Flickr)\" src=\"https:\/\/www.humanium.org\/fr\/wp-content\/uploads\/2012\/11\/jeune-fille-donchili.jpg\" alt=\"\" width=\"153\" height=\"200\" \/><\/p>\n<p>Montenegro est\u00e1 comprometido con la protecci\u00f3n de la infancia, como lo demuestra su ratificaci\u00f3n de la Convenci\u00f3n Internacional sobre los Derechos del Ni\u00f1o y sus protocolos facultativos. No obstante, pese a que el pa\u00eds est\u00e1 poniendo en marcha programas para luchar contra la discriminaci\u00f3n, especialmente hacia los ni\u00f1os discapacitados, las autoridades se enfrentan a la persistencia de estos fen\u00f3menos, profundamente anclados en la sociedad.<\/p>\n<h3>Principales problemas que afectan a los ni\u00f1os en Montenegro:<\/h3>\n<p><a href=\"https:\/\/www.humanium.org\/es\/no-discriminacion\/\"><strong>Discriminaci\u00f3n<br \/>\n<\/strong><\/a><br \/>\nLos ni\u00f1os refugiados, discapacitados y pertenecientes a grupos minoritarios todav\u00eda reciben un trato diferente en el acceso a la educaci\u00f3n y a la atenci\u00f3n sanitaria.<\/p>\n<p><a href=\"https:\/\/www.humanium.org\/es\/derecho-educacion\/\"><strong>Educaci\u00f3n<br \/>\n<\/strong><\/a><br \/>\n<img loading=\"lazy\" decoding=\"async\" class=\"alignright size-full wp-image-25001\" title=\"\u00a9 Aleksandar Uro\u0161evi\u0107 (Flickr)\" src=\"https:\/\/www.humanium.org\/fr\/wp-content\/uploads\/2012\/11\/Aleksandar-Urosevic-Flickr.jpg\" alt=\"\" width=\"240\" height=\"167\" \/>Aunque Montenegro ha puesto en marcha una estrategia para mejorar la situaci\u00f3n de las comunidades gitanas, reconoce que un n\u00famero significativo de ni\u00f1os pertenecientes a las mismas no est\u00e1 inscrito en el ciclo elemental obligatorio.<\/p>\n<p>Esto se debe, entre otras causas, a la ausencia de cursos impartidos en su lengua materna y a la dificultad que existe para encontrar cursos de montenegrino antes de comenzar la escuela elemental.<\/p>\n<p>Pese a que un programa prev\u00e9 la contrataci\u00f3n de personal de apoyo en las escuelas para los ni\u00f1os gitanos a fin de ayudarlos a integrarse y a superar las dificultades ling\u00fc\u00edsticas, el sistema educativo se enfrenta a una falta de personal que disponga de la cualificaci\u00f3n necesaria para desempe\u00f1ar dichos puestos.<\/p>\n<p>Adem\u00e1s, muchos ni\u00f1os gitanos viven en barrios aislados o en campos de refugiados, por lo que no les resulta f\u00e1cil asistir a la escuela.<\/p>\n<p><a href=\"https:\/\/www.humanium.org\/es\/derecho-salud\/\"><strong>Salud<br \/>\n<\/strong><\/a><br \/>\nEl incierto estatuto jur\u00eddico de las familias gitanas constituye un obst\u00e1culo para que puedan acceder al seguro m\u00e9dico.<\/p>\n<p>El <a href=\"https:\/\/www.humanium.org\/es\/derecho-salud\/\">acceso a los servicios de salud<\/a> es, adem\u00e1s, limitado y desigual en cuanto se sale de la capital. Los m\u00e1s afectados por este hecho son los ni\u00f1os gitanos, refugiados y discapacitados.<\/p>\n<p><a href=\"https:\/\/www.humanium.org\/es\/pobreza-infantil\/\"><strong>Pobreza<br \/>\n<\/strong><\/a><br \/>\n<img loading=\"lazy\" decoding=\"async\" class=\"alignright size-full wp-image-25002\" title=\"En Montenegro todav\u00eda persiste la pobreza entre la poblaci\u00f3n gitana \u00a9 Darij et Ana (Flickr)\" src=\"https:\/\/www.humanium.org\/fr\/wp-content\/uploads\/2012\/11\/darij-et-ana.jpg\" alt=\"\" width=\"208\" height=\"185\" \/>Al Comit\u00e9 de los Derechos del Ni\u00f1o le preocupa que numerosas familias gitanas vivan por debajo del umbral de la pobreza y, por consiguiente, en unas condiciones de vida deplorables, de aislamiento y privaciones.<\/p>\n<p><a href=\"https:\/\/www.humanium.org\/es\/derecho-identidad\/\"><strong>Derecho a la identidad<br \/>\n<\/strong><\/a><br \/>\nEl pa\u00eds cuenta con un gran n\u00famero de personas desplazadas, pero pocos de ellos est\u00e1n registrados y disponen de documentos de identidad. En ausencia de estos documentos, a los padres les resulta dif\u00edcil dar parte del nacimiento de sus hijos.<\/p>\n<p>En referencia a la estrategia para mejorar la situaci\u00f3n del pueblo gitano, el pa\u00eds se comprometi\u00f3 a colaborar en el otorgamiento de documentos de car\u00e1cter personal. Sin embargo, en 2011, apenas hab\u00eda emprendido iniciativas en este sentido.<\/p>\n<p><a href=\"https:\/\/www.humanium.org\/es\/abuso-infantil\/\"><strong>Violencia cometida contra los ni\u00f1os<br \/>\n<\/strong><\/a><br \/>\nLa legalidad del castigo corporal en el pa\u00eds favorece su pr\u00e1ctica en el \u00e1mbito familiar, escolar, institucional y jur\u00eddico. Adem\u00e1s, los ni\u00f1os discapacitados son v\u00edctimas de esta pr\u00e1ctica com\u00fan muy a menudo.<\/p>\n<p>Tambi\u00e9n constituye un fen\u00f3meno preocupante el n\u00famero no desde\u00f1able de ni\u00f1os que han sufrido abusos o explotaci\u00f3n sexual y el hecho de que pocos de estos actos hayan sido denunciados ante la justicia.<\/p>\n<p><a href=\"https:\/\/www.humanium.org\/es\/justicia-juvenil\/\"><strong>Justicia de los menores<br \/>\n<\/strong><\/a><br \/>\nAunque se recomienda poner en marcha una legislaci\u00f3n y medidas adaptadas a los menores, en Montenegro las leyes y procedimientos que se aplican a los ni\u00f1os son similares a las de los adultos.<\/p>\n<p>Ahora bien, varios estudios han demostrado que un ordenamiento jur\u00eddico espec\u00edfico para los menores contribuye a obtener mejores resultados.<\/p>\n<p><img loading=\"lazy\" decoding=\"async\" class=\"alignright size-full wp-image-24999\" title=\"En Montenegro, un n\u00famero importante de personas recurre al castigo f\u00edsico \u00a9 Amekinfo (Flickr)\" src=\"https:\/\/www.humanium.org\/fr\/wp-content\/uploads\/2012\/11\/amekinfo.jpg\" alt=\"\" width=\"178\" height=\"185\" \/><a href=\"https:\/\/www.humanium.org\/es\/ninos-calle\/\"><strong>Ni\u00f1os de la calle<br \/>\n<\/strong><\/a><br \/>\nEl pa\u00eds no est\u00e1 a salvo de la presencia de ni\u00f1os que viven y trabajan en las calles, la mayor\u00eda de los cuales son de origen gitano. Estos ni\u00f1os son, por tanto, vulnerables y constituyen una presa f\u00e1cil para el tr\u00e1fico y la explotaci\u00f3n sexual.<\/p>\n<p><strong>Datos<br \/>\n<\/strong><br \/>\nSeg\u00fan la Convenci\u00f3n Internacional sobre los Derechos del Ni\u00f1o, es indispensable que los Estados establezcan mecanismos para recoger y analizar datos con el fin de vigilar y evaluar el impacto de las pol\u00edticas que adopten a favor de los ni\u00f1os.<\/p>\n<p>Sin embargo, en 2010, dicho Comit\u00e9 constat\u00f3 que Montenegro no hab\u00eda procedido a la recogida de estos datos.<\/p>\n","protected":false},"excerpt":{"rendered":"<p>Ni\u00f1os de Montenegro Descubriendo los Derechos del Ni\u00f1o en Montenegro Montenegro est\u00e1 comprometido con la protecci\u00f3n de la infancia, como lo demuestra su ratificaci\u00f3n de la Convenci\u00f3n Internacional sobre los Derechos del Ni\u00f1o y sus protocolos facultativos. No obstante, pese a que el pa\u00eds est\u00e1 poniendo en marcha programas para luchar contra la discriminaci\u00f3n, especialmente [&hellip;]<\/p>\n","protected":false},"author":1,"featured_media":0,"parent":0,"menu_order":0,"comment_status":"closed","ping_status":"open","template":"","meta":{"footnotes":""},"class_list":["post-2259","page","type-page","status-publish","hentry"],"yoast_head":"<!-- This site is optimized with the Yoast SEO plugin v26.5 - https:\/\/yoast.com\/wordpress\/plugins\/seo\/ -->\n<title>Ni\u00f1os de Montenegro - Humanium<\/title>\n<meta name=\"description\" content=\"Montenegro est\u00e1 comprometido con la protecci\u00f3n de la infancia. No obstante,las autoridades se enfrentan a fen\u00f3menos, profundamente anclados en la sociedad.\" \/>\n<meta name=\"robots\" content=\"index, follow, max-snippet:-1, max-image-preview:large, max-video-preview:-1\" \/>\n<link rel=\"canonical\" href=\"https:\/\/www.humanium.org\/es\/montenegro\/\" \/>\n<meta property=\"og:locale\" content=\"es_ES\" \/>\n<meta property=\"og:type\" content=\"article\" \/>\n<meta property=\"og:title\" content=\"Ni\u00f1os de Montenegro - Humanium\" \/>\n<meta property=\"og:description\" content=\"Montenegro est\u00e1 comprometido con la protecci\u00f3n de la infancia. No obstante,las autoridades se enfrentan a fen\u00f3menos, profundamente anclados en la sociedad.\" \/>\n<meta property=\"og:url\" content=\"https:\/\/www.humanium.org\/es\/montenegro\/\" \/>\n<meta property=\"og:site_name\" content=\"Humanium\" \/>\n<meta property=\"article:modified_time\" content=\"2025-12-05T18:01:31+00:00\" \/>\n<meta name=\"twitter:card\" content=\"summary_large_image\" \/>\n<meta name=\"twitter:label1\" content=\"Tiempo de lectura\" \/>\n\t<meta name=\"twitter:data1\" content=\"4 minutos\" \/>\n<script type=\"application\/ld+json\" class=\"yoast-schema-graph\">{\"@context\":\"https:\/\/schema.org\",\"@graph\":[{\"@type\":\"WebPage\",\"@id\":\"https:\/\/www.humanium.org\/es\/montenegro\/\",\"url\":\"https:\/\/www.humanium.org\/es\/montenegro\/\",\"name\":\"Ni\u00f1os de Montenegro - Humanium\",\"isPartOf\":{\"@id\":\"https:\/\/www.humanium.org\/es\/#website\"},\"primaryImageOfPage\":{\"@id\":\"https:\/\/www.humanium.org\/es\/montenegro\/#primaryimage\"},\"image\":{\"@id\":\"https:\/\/www.humanium.org\/es\/montenegro\/#primaryimage\"},\"thumbnailUrl\":\"https:\/\/www.humanium.org\/fr\/wp-content\/uploads\/2012\/11\/jeune-fille-donchili.jpg\",\"datePublished\":\"2013-06-27T13:46:00+00:00\",\"dateModified\":\"2025-12-05T18:01:31+00:00\",\"description\":\"Montenegro est\u00e1 comprometido con la protecci\u00f3n de la infancia. No obstante,las autoridades se enfrentan a fen\u00f3menos, profundamente anclados en la sociedad.\",\"breadcrumb\":{\"@id\":\"https:\/\/www.humanium.org\/es\/montenegro\/#breadcrumb\"},\"inLanguage\":\"es\",\"potentialAction\":[{\"@type\":\"ReadAction\",\"target\":[\"https:\/\/www.humanium.org\/es\/montenegro\/\"]}]},{\"@type\":\"ImageObject\",\"inLanguage\":\"es\",\"@id\":\"https:\/\/www.humanium.org\/es\/montenegro\/#primaryimage\",\"url\":\"https:\/\/www.humanium.org\/fr\/wp-content\/uploads\/2012\/11\/jeune-fille-donchili.jpg\",\"contentUrl\":\"https:\/\/www.humanium.org\/fr\/wp-content\/uploads\/2012\/11\/jeune-fille-donchili.jpg\"},{\"@type\":\"BreadcrumbList\",\"@id\":\"https:\/\/www.humanium.org\/es\/montenegro\/#breadcrumb\",\"itemListElement\":[{\"@type\":\"ListItem\",\"position\":1,\"name\":\"Home\",\"item\":\"https:\/\/www.humanium.org\/es\/\"},{\"@type\":\"ListItem\",\"position\":2,\"name\":\"Ni\u00f1os de Montenegro\"}]},{\"@type\":\"WebSite\",\"@id\":\"https:\/\/www.humanium.org\/es\/#website\",\"url\":\"https:\/\/www.humanium.org\/es\/\",\"name\":\"Humanium\",\"description\":\"\u00a1Los ni\u00f1os primero!\",\"potentialAction\":[{\"@type\":\"SearchAction\",\"target\":{\"@type\":\"EntryPoint\",\"urlTemplate\":\"https:\/\/www.humanium.org\/es\/?s={search_term_string}\"},\"query-input\":{\"@type\":\"PropertyValueSpecification\",\"valueRequired\":true,\"valueName\":\"search_term_string\"}}],\"inLanguage\":\"es\"}]}<\/script>\n<!-- \/ Yoast SEO plugin. -->","yoast_head_json":{"title":"Ni\u00f1os de Montenegro - Humanium","description":"Montenegro est\u00e1 comprometido con la protecci\u00f3n de la infancia. No obstante,las autoridades se enfrentan a fen\u00f3menos, profundamente anclados en la sociedad.","robots":{"index":"index","follow":"follow","max-snippet":"max-snippet:-1","max-image-preview":"max-image-preview:large","max-video-preview":"max-video-preview:-1"},"canonical":"https:\/\/www.humanium.org\/es\/montenegro\/","og_locale":"es_ES","og_type":"article","og_title":"Ni\u00f1os de Montenegro - Humanium","og_description":"Montenegro est\u00e1 comprometido con la protecci\u00f3n de la infancia. No obstante,las autoridades se enfrentan a fen\u00f3menos, profundamente anclados en la sociedad.","og_url":"https:\/\/www.humanium.org\/es\/montenegro\/","og_site_name":"Humanium","article_modified_time":"2025-12-05T18:01:31+00:00","twitter_card":"summary_large_image","twitter_misc":{"Tiempo de lectura":"4 minutos"},"schema":{"@context":"https:\/\/schema.org","@graph":[{"@type":"WebPage","@id":"https:\/\/www.humanium.org\/es\/montenegro\/","url":"https:\/\/www.humanium.org\/es\/montenegro\/","name":"Ni\u00f1os de Montenegro - Humanium","isPartOf":{"@id":"https:\/\/www.humanium.org\/es\/#website"},"primaryImageOfPage":{"@id":"https:\/\/www.humanium.org\/es\/montenegro\/#primaryimage"},"image":{"@id":"https:\/\/www.humanium.org\/es\/montenegro\/#primaryimage"},"thumbnailUrl":"https:\/\/www.humanium.org\/fr\/wp-content\/uploads\/2012\/11\/jeune-fille-donchili.jpg","datePublished":"2013-06-27T13:46:00+00:00","dateModified":"2025-12-05T18:01:31+00:00","description":"Montenegro est\u00e1 comprometido con la protecci\u00f3n de la infancia. No obstante,las autoridades se enfrentan a fen\u00f3menos, profundamente anclados en la sociedad.","breadcrumb":{"@id":"https:\/\/www.humanium.org\/es\/montenegro\/#breadcrumb"},"inLanguage":"es","potentialAction":[{"@type":"ReadAction","target":["https:\/\/www.humanium.org\/es\/montenegro\/"]}]},{"@type":"ImageObject","inLanguage":"es","@id":"https:\/\/www.humanium.org\/es\/montenegro\/#primaryimage","url":"https:\/\/www.humanium.org\/fr\/wp-content\/uploads\/2012\/11\/jeune-fille-donchili.jpg","contentUrl":"https:\/\/www.humanium.org\/fr\/wp-content\/uploads\/2012\/11\/jeune-fille-donchili.jpg"},{"@type":"BreadcrumbList","@id":"https:\/\/www.humanium.org\/es\/montenegro\/#breadcrumb","itemListElement":[{"@type":"ListItem","position":1,"name":"Home","item":"https:\/\/www.humanium.org\/es\/"},{"@type":"ListItem","position":2,"name":"Ni\u00f1os de Montenegro"}]},{"@type":"WebSite","@id":"https:\/\/www.humanium.org\/es\/#website","url":"https:\/\/www.humanium.org\/es\/","name":"Humanium","description":"\u00a1Los ni\u00f1os primero!","potentialAction":[{"@type":"SearchAction","target":{"@type":"EntryPoint","urlTemplate":"https:\/\/www.humanium.org\/es\/?s={search_term_string}"},"query-input":{"@type":"PropertyValueSpecification","valueRequired":true,"valueName":"search_term_string"}}],"inLanguage":"es"}]}},"_links":{"self":[{"href":"https:\/\/www.humanium.org\/es\/wp-json\/wp\/v2\/pages\/2259","targetHints":{"allow":["GET"]}}],"collection":[{"href":"https:\/\/www.humanium.org\/es\/wp-json\/wp\/v2\/pages"}],"about":[{"href":"https:\/\/www.humanium.org\/es\/wp-json\/wp\/v2\/types\/page"}],"author":[{"embeddable":true,"href":"https:\/\/www.humanium.org\/es\/wp-json\/wp\/v2\/users\/1"}],"replies":[{"embeddable":true,"href":"https:\/\/www.humanium.org\/es\/wp-json\/wp\/v2\/comments?post=2259"}],"version-history":[{"count":3,"href":"https:\/\/www.humanium.org\/es\/wp-json\/wp\/v2\/pages\/2259\/revisions"}],"predecessor-version":[{"id":20494,"href":"https:\/\/www.humanium.org\/es\/wp-json\/wp\/v2\/pages\/2259\/revisions\/20494"}],"wp:attachment":[{"href":"https:\/\/www.humanium.org\/es\/wp-json\/wp\/v2\/media?parent=2259"}],"curies":[{"name":"wp","href":"https:\/\/api.w.org\/{rel}","templated":true}]}}