{"id":2262,"date":"2013-06-27T13:59:30","date_gmt":"2013-06-27T13:59:30","guid":{"rendered":"http:\/\/www.humanium.org\/es\/?page_id=2262"},"modified":"2025-12-05T18:02:49","modified_gmt":"2025-12-05T18:02:49","slug":"italia","status":"publish","type":"page","link":"https:\/\/www.humanium.org\/es\/italia\/","title":{"rendered":"Ni\u00f1os de Italia"},"content":{"rendered":"<h1>Ni\u00f1os de Italia<\/h1>\n<h2>Descubriendo los Derechos del Ni\u00f1o en Italia<\/h2>\n<p style=\"text-align: center;\"><img loading=\"lazy\" decoding=\"async\" class=\" wp-image-27256 alignnone\" title=\"Ni\u00f1a de Italia \u00a9 Ma.co (flickr)\" src=\"https:\/\/www.humanium.org\/fr\/wp-content\/uploads\/2011\/09\/fillette-maco-flickr.jpg\" alt=\"\" width=\"296\" height=\"245\" \/><\/p>\n<p>Italia es uno de los pa\u00edses fundadores de la Comunidad Econ\u00f3mica Europea, sin embargo, est\u00e1 pasando por una dif\u00edcil crisis socio-econ\u00f3mica. El pa\u00eds ha tenido un avance en materia de derechos infantiles. No obstante, el futuro de los ni\u00f1os de la pen\u00ednsula se pone a prueba constantemente por un n\u00famero de problemas que incluye, pero que no est\u00e1 limitado a: la pobreza, el trabajo infantil, la discriminaci\u00f3n, y la falta de supervisi\u00f3n y respaldo adecuado para los refugiados en sus fronteras.<\/p>\n<h3>Principales problemas que afectan a los ni\u00f1os en Italia:<\/h3>\n<p><a href=\"https:\/\/www.humanium.org\/es\/pobreza-infantil\/\"><strong>Pobreza<br \/>\n<\/strong><\/a><br \/>\n<img loading=\"lazy\" decoding=\"async\" class=\"alignright size-medium wp-image-14472\" title=\"La pobreza es peor en el sur de Italia que en el norte. \u00a9 Lorca56 (flickr)\" src=\"https:\/\/www.humanium.org\/fr\/wp-content\/uploads\/2011\/09\/pauvrete-lorca56-flickr-300x204.jpg\" alt=\"\" width=\"234\" height=\"158\" \/>En Italia, uno de cada siete habitantes vive en \u201crelativa <a href=\"https:\/\/www.humanium.org\/es\/pobreza-infantil\/\">pobreza<\/a>\u201d y uno de cada veinte vive en \u201c<a href=\"https:\/\/www.humanium.org\/es\/pobreza-infantil\/\">pobreza<\/a> absoluta\u201d. Este \u00faltimo concepto se describe como la incapacidad para obtener los bienes y servicios necesarios y m\u00ednimos para poder sobrevivir.<\/p>\n<p>El riesgo de <a href=\"https:\/\/www.humanium.org\/es\/pobreza-infantil\/\">pobreza<\/a> es extremadamente alto entre los ni\u00f1os de Italia. De hecho, alrededor del 25% de los ni\u00f1os italianos vive bajo amenaza de <a href=\"https:\/\/www.humanium.org\/es\/pobreza-infantil\/\">pobreza<\/a>, a diferencia de un promedio de 20% en otros pa\u00edses de la Uni\u00f3n Europea. El n\u00famero de ni\u00f1os por hogar tiene un impacto significativo en el nivel de riesgo. Un hijo \u00fanico tiene un riesgo de <a href=\"https:\/\/www.humanium.org\/es\/pobreza-infantil\/\">pobreza<\/a> de 7%, mientras que para un ni\u00f1o que tiene hermanos y hermanas el riesgo asciende a 30%.<\/p>\n<p>En Italia, el riesgo de que un ni\u00f1o sea pobre es 1,5 veces m\u00e1s elevado que para su contraparte en Francia. Por lo tanto, hay una necesidad real de mejorar la situaci\u00f3n social, econ\u00f3mica y pol\u00edtica en Italia para proporcionar a todos los ni\u00f1os una oportunidad verdadera de gozar de sus derechos fundamentales.<\/p>\n<p><a href=\"https:\/\/www.humanium.org\/es\/trabajo-infantil\/\"><strong>Trabajo infantil<br \/>\n<\/strong><\/a><br \/>\n<img loading=\"lazy\" decoding=\"async\" class=\"alignright size-medium wp-image-14473\" title=\"El trabajo no es sin\u00f3nimo de diversi\u00f3n para los j\u00f3venes italianos. \u00a9 Susy (flickr)\" src=\"https:\/\/www.humanium.org\/fr\/wp-content\/uploads\/2011\/09\/travail-susy-noretouch-flickr-300x225.jpg\" alt=\"\" width=\"244\" height=\"183\" \/>En Italia, especialmente en el sur, decenas de miles de ni\u00f1os de las clases sociales menos privilegiadas buscan trabajo para ayudar a sus familias a sobrevivir. Esto constituye una violaci\u00f3n al <a href=\"https:\/\/www.humanium.org\/es\/convencion\/\">art\u00edculo 32 del CRC<\/a>. <a href=\"https:\/\/www.humanium.org\/es\/trabajo-infantil\/\">Estos ni\u00f1os trabajan<\/a> varias horas por d\u00eda despu\u00e9s de la escuela (algunos ni siquiera asisten a clases), durante los fines de semana o las vacaciones. En la mayor\u00eda de los casos son empleados en el sector gastron\u00f3mico, pero tambi\u00e9n en el sector agr\u00edcola, comercial y de la construcci\u00f3n. Los horarios son estrictos, y muchas veces deben levantarse muy temprano para trabajar. Este tipo de vida lleva a algunos de ellos a unirse a la mafia.<\/p>\n<p><strong>Los ni\u00f1os y las organizaciones criminales<br \/>\n<\/strong><br \/>\nLas organizaciones criminales reclutan muchos j\u00f3venes que luego son utilizados para realizar actividades ilegales, como el tr\u00e1fico de drogas. Muchos de estos j\u00f3venes, particularmente en el sur del pa\u00eds, son reclutados en distritos donde el desempleo y la violencia prevalecen.<\/p>\n<p>Estos adolescentes provienen de familias pobres, a menudo abandonan la escuela y s\u00f3lo conocen \u201cla ley de la selva\u201d. La mafia les proporciona lo que est\u00e1n buscando: identidad, pertenencia a un grupo, respeto y dinero. Gracias al carisma de los l\u00edderes de la mafia, los ni\u00f1os adoptan r\u00e1pidamente a estos hombres como sus modelos de vida y depositan su confianza en ellos. Los ni\u00f1os m\u00e1s peque\u00f1os pronto se encuentran robando o mendigando, mientras que las ni\u00f1as se ven forzadas a prostituirse.<\/p>\n<p><a href=\"https:\/\/www.humanium.org\/es\/ninos-desplazados\/\"><strong>Los ni\u00f1os refugiados<br \/>\n<\/strong><\/a><br \/>\n<img loading=\"lazy\" decoding=\"async\" class=\"alignright size-medium wp-image-14474\" title=\"La situaci\u00f3n de los ni\u00f1os refugiados es dif\u00edcil. \u00a9 Michel Cannone (flickr)\" src=\"https:\/\/www.humanium.org\/fr\/wp-content\/uploads\/2011\/09\/refugies-michelcannone-flickr-300x300.jpg\" alt=\"\" width=\"187\" height=\"187\" \/>Italia cuenta con una gran ola de inmigrantes que consiste principalmente de personas provenientes de Asia y \u00c1frica. Recientemente, este flujo se vio incrementado por los disturbios en el norte de \u00c1frica. Estos inmigrantes o refugiados llegan en grupos, acompa\u00f1ados de sus hijos.<\/p>\n<p>A menudo llegan en botes y los m\u00e1s j\u00f3venes, as\u00ed como tambi\u00e9n los m\u00e1s delicados y vulnerables llegan deshidratados y sufren los efectos de la falta de alimentaci\u00f3n. Algunos de ellos terminan incluso muriendo como resultado.<\/p>\n<p>Su situaci\u00f3n tampoco mejora necesariamente una vez que llegan a Italia. Muchas veces no cuentan con los documentos de <a href=\"https:\/\/www.humanium.org\/es\/derecho-identidad\/\">identidad<\/a> adecuados, lo que dificulta determinar su edad. De hecho, a menudo sucede que los ni\u00f1os refugiados nunca fueron registrados oficialmente en su pa\u00eds de origen. Adem\u00e1s, las condiciones de los campos de refugiados en Italia son deplorables. Los ni\u00f1os terminan siendo instalados en centros que no est\u00e1n bien preparados para satisfacer sus necesidades, por lo que sus derechos b\u00e1sicos no son respetados.<\/p>\n<p>El gobierno italiano ha sido muy criticado por la comunidad internacional en su manera de manejar la situaci\u00f3n de los refugiados, incluidos los ni\u00f1os, y todav\u00eda tiene mucho que hacer para mejorar su salud.<\/p>\n<p><a href=\"https:\/\/www.humanium.org\/es\/no-discriminacion\/\"><strong>Discriminaci\u00f3n<\/strong><\/a><\/p>\n<p><img loading=\"lazy\" decoding=\"async\" class=\"alignright size-medium wp-image-14475\" title=\"Todo ni\u00f1o tiene derecho a existir y a ser visto. \u00a9 Marg (flickr)\" src=\"https:\/\/www.humanium.org\/fr\/wp-content\/uploads\/2011\/09\/discrimination-marg-flickr-300x199.jpg\" alt=\"\" width=\"250\" height=\"166\" \/><\/p>\n<p>La organizaci\u00f3n de los derechos humanos Amnist\u00eda Internacional est\u00e1 preocupada por el entorno de intolerancia y <a href=\"https:\/\/www.humanium.org\/es\/no-discriminacion\/\">discriminaci\u00f3n<\/a> en Italia. De hecho, los ni\u00f1os refugiados son <a href=\"https:\/\/www.humanium.org\/es\/apatridas-invisibles\/\">invisibles<\/a> a los ojos de la sociedad. Las autoridades no los ven, aquellos que deber\u00edan defender sus derechos tampoco los ven y los medios solo los mencionan para asociarlos a delitos criminales. Pero s\u00ed existen. Hay aproximadamente 800.000 de ellos en Italia, y no menos del 60% naci\u00f3 all\u00ed, creci\u00f3 en Italia, asiste a la escuela all\u00ed y habla el idioma nacional. En t\u00e9rminos legales, sin embargo, no son italianos, ya que la ciudadan\u00eda por nacimiento no existe en la pen\u00ednsula.<\/p>\n<p>Estos j\u00f3venes son v\u00edctimas de varias formas de <a href=\"https:\/\/www.humanium.org\/es\/no-discriminacion\/\">discriminaci\u00f3n<\/a> y exclusi\u00f3n. Con respecto a la escolaridad, por ejemplo, 45% de ellos tienen dificultades en sus estudios. Italia necesita mejorar la integraci\u00f3n de estos ni\u00f1os en la sociedad y proporcionarles una <a href=\"https:\/\/www.humanium.org\/es\/derecho-identidad\/\">identidad<\/a> real.<\/p>\n","protected":false},"excerpt":{"rendered":"<p>Ni\u00f1os de Italia Descubriendo los Derechos del Ni\u00f1o en Italia Italia es uno de los pa\u00edses fundadores de la Comunidad Econ\u00f3mica Europea, sin embargo, est\u00e1 pasando por una dif\u00edcil crisis socio-econ\u00f3mica. El pa\u00eds ha tenido un avance en materia de derechos infantiles. No obstante, el futuro de los ni\u00f1os de la pen\u00ednsula se pone a [&hellip;]<\/p>\n","protected":false},"author":1,"featured_media":0,"parent":0,"menu_order":0,"comment_status":"closed","ping_status":"open","template":"","meta":{"footnotes":""},"class_list":["post-2262","page","type-page","status-publish","hentry"],"yoast_head":"<!-- This site is optimized with the Yoast SEO plugin v26.5 - https:\/\/yoast.com\/wordpress\/plugins\/seo\/ -->\n<title>Ni\u00f1os de Italia - Humanium<\/title>\n<meta name=\"description\" content=\"Italia ha tenido un avance en materia de derechos infantiles.No obstante, problemas como la pobreza o la discriminaci\u00f3n, afectan a\u00fan a los ni\u00f1os.\" \/>\n<meta name=\"robots\" content=\"index, follow, max-snippet:-1, max-image-preview:large, max-video-preview:-1\" \/>\n<link rel=\"canonical\" href=\"https:\/\/www.humanium.org\/es\/italia\/\" \/>\n<meta property=\"og:locale\" content=\"es_ES\" \/>\n<meta property=\"og:type\" content=\"article\" \/>\n<meta property=\"og:title\" content=\"Ni\u00f1os de Italia - Humanium\" \/>\n<meta property=\"og:description\" content=\"Italia ha tenido un avance en materia de derechos infantiles.No obstante, problemas como la pobreza o la discriminaci\u00f3n, afectan a\u00fan a los ni\u00f1os.\" \/>\n<meta property=\"og:url\" content=\"https:\/\/www.humanium.org\/es\/italia\/\" \/>\n<meta property=\"og:site_name\" content=\"Humanium\" \/>\n<meta property=\"article:modified_time\" content=\"2025-12-05T18:02:49+00:00\" \/>\n<meta name=\"twitter:card\" content=\"summary_large_image\" \/>\n<meta name=\"twitter:label1\" content=\"Tiempo de lectura\" \/>\n\t<meta name=\"twitter:data1\" content=\"6 minutos\" \/>\n<script type=\"application\/ld+json\" class=\"yoast-schema-graph\">{\"@context\":\"https:\/\/schema.org\",\"@graph\":[{\"@type\":\"WebPage\",\"@id\":\"https:\/\/www.humanium.org\/es\/italia\/\",\"url\":\"https:\/\/www.humanium.org\/es\/italia\/\",\"name\":\"Ni\u00f1os de Italia - Humanium\",\"isPartOf\":{\"@id\":\"https:\/\/www.humanium.org\/es\/#website\"},\"primaryImageOfPage\":{\"@id\":\"https:\/\/www.humanium.org\/es\/italia\/#primaryimage\"},\"image\":{\"@id\":\"https:\/\/www.humanium.org\/es\/italia\/#primaryimage\"},\"thumbnailUrl\":\"https:\/\/www.humanium.org\/fr\/wp-content\/uploads\/2011\/09\/fillette-maco-flickr.jpg\",\"datePublished\":\"2013-06-27T13:59:30+00:00\",\"dateModified\":\"2025-12-05T18:02:49+00:00\",\"description\":\"Italia ha tenido un avance en materia de derechos infantiles.No obstante, problemas como la pobreza o la discriminaci\u00f3n, afectan a\u00fan a los ni\u00f1os.\",\"breadcrumb\":{\"@id\":\"https:\/\/www.humanium.org\/es\/italia\/#breadcrumb\"},\"inLanguage\":\"es\",\"potentialAction\":[{\"@type\":\"ReadAction\",\"target\":[\"https:\/\/www.humanium.org\/es\/italia\/\"]}]},{\"@type\":\"ImageObject\",\"inLanguage\":\"es\",\"@id\":\"https:\/\/www.humanium.org\/es\/italia\/#primaryimage\",\"url\":\"https:\/\/www.humanium.org\/fr\/wp-content\/uploads\/2011\/09\/fillette-maco-flickr.jpg\",\"contentUrl\":\"https:\/\/www.humanium.org\/fr\/wp-content\/uploads\/2011\/09\/fillette-maco-flickr.jpg\"},{\"@type\":\"BreadcrumbList\",\"@id\":\"https:\/\/www.humanium.org\/es\/italia\/#breadcrumb\",\"itemListElement\":[{\"@type\":\"ListItem\",\"position\":1,\"name\":\"Home\",\"item\":\"https:\/\/www.humanium.org\/es\/\"},{\"@type\":\"ListItem\",\"position\":2,\"name\":\"Ni\u00f1os de Italia\"}]},{\"@type\":\"WebSite\",\"@id\":\"https:\/\/www.humanium.org\/es\/#website\",\"url\":\"https:\/\/www.humanium.org\/es\/\",\"name\":\"Humanium\",\"description\":\"\u00a1Los ni\u00f1os primero!\",\"potentialAction\":[{\"@type\":\"SearchAction\",\"target\":{\"@type\":\"EntryPoint\",\"urlTemplate\":\"https:\/\/www.humanium.org\/es\/?s={search_term_string}\"},\"query-input\":{\"@type\":\"PropertyValueSpecification\",\"valueRequired\":true,\"valueName\":\"search_term_string\"}}],\"inLanguage\":\"es\"}]}<\/script>\n<!-- \/ Yoast SEO plugin. -->","yoast_head_json":{"title":"Ni\u00f1os de Italia - Humanium","description":"Italia ha tenido un avance en materia de derechos infantiles.No obstante, problemas como la pobreza o la discriminaci\u00f3n, afectan a\u00fan a los ni\u00f1os.","robots":{"index":"index","follow":"follow","max-snippet":"max-snippet:-1","max-image-preview":"max-image-preview:large","max-video-preview":"max-video-preview:-1"},"canonical":"https:\/\/www.humanium.org\/es\/italia\/","og_locale":"es_ES","og_type":"article","og_title":"Ni\u00f1os de Italia - Humanium","og_description":"Italia ha tenido un avance en materia de derechos infantiles.No obstante, problemas como la pobreza o la discriminaci\u00f3n, afectan a\u00fan a los ni\u00f1os.","og_url":"https:\/\/www.humanium.org\/es\/italia\/","og_site_name":"Humanium","article_modified_time":"2025-12-05T18:02:49+00:00","twitter_card":"summary_large_image","twitter_misc":{"Tiempo de lectura":"6 minutos"},"schema":{"@context":"https:\/\/schema.org","@graph":[{"@type":"WebPage","@id":"https:\/\/www.humanium.org\/es\/italia\/","url":"https:\/\/www.humanium.org\/es\/italia\/","name":"Ni\u00f1os de Italia - Humanium","isPartOf":{"@id":"https:\/\/www.humanium.org\/es\/#website"},"primaryImageOfPage":{"@id":"https:\/\/www.humanium.org\/es\/italia\/#primaryimage"},"image":{"@id":"https:\/\/www.humanium.org\/es\/italia\/#primaryimage"},"thumbnailUrl":"https:\/\/www.humanium.org\/fr\/wp-content\/uploads\/2011\/09\/fillette-maco-flickr.jpg","datePublished":"2013-06-27T13:59:30+00:00","dateModified":"2025-12-05T18:02:49+00:00","description":"Italia ha tenido un avance en materia de derechos infantiles.No obstante, problemas como la pobreza o la discriminaci\u00f3n, afectan a\u00fan a los ni\u00f1os.","breadcrumb":{"@id":"https:\/\/www.humanium.org\/es\/italia\/#breadcrumb"},"inLanguage":"es","potentialAction":[{"@type":"ReadAction","target":["https:\/\/www.humanium.org\/es\/italia\/"]}]},{"@type":"ImageObject","inLanguage":"es","@id":"https:\/\/www.humanium.org\/es\/italia\/#primaryimage","url":"https:\/\/www.humanium.org\/fr\/wp-content\/uploads\/2011\/09\/fillette-maco-flickr.jpg","contentUrl":"https:\/\/www.humanium.org\/fr\/wp-content\/uploads\/2011\/09\/fillette-maco-flickr.jpg"},{"@type":"BreadcrumbList","@id":"https:\/\/www.humanium.org\/es\/italia\/#breadcrumb","itemListElement":[{"@type":"ListItem","position":1,"name":"Home","item":"https:\/\/www.humanium.org\/es\/"},{"@type":"ListItem","position":2,"name":"Ni\u00f1os de Italia"}]},{"@type":"WebSite","@id":"https:\/\/www.humanium.org\/es\/#website","url":"https:\/\/www.humanium.org\/es\/","name":"Humanium","description":"\u00a1Los ni\u00f1os primero!","potentialAction":[{"@type":"SearchAction","target":{"@type":"EntryPoint","urlTemplate":"https:\/\/www.humanium.org\/es\/?s={search_term_string}"},"query-input":{"@type":"PropertyValueSpecification","valueRequired":true,"valueName":"search_term_string"}}],"inLanguage":"es"}]}},"_links":{"self":[{"href":"https:\/\/www.humanium.org\/es\/wp-json\/wp\/v2\/pages\/2262","targetHints":{"allow":["GET"]}}],"collection":[{"href":"https:\/\/www.humanium.org\/es\/wp-json\/wp\/v2\/pages"}],"about":[{"href":"https:\/\/www.humanium.org\/es\/wp-json\/wp\/v2\/types\/page"}],"author":[{"embeddable":true,"href":"https:\/\/www.humanium.org\/es\/wp-json\/wp\/v2\/users\/1"}],"replies":[{"embeddable":true,"href":"https:\/\/www.humanium.org\/es\/wp-json\/wp\/v2\/comments?post=2262"}],"version-history":[{"count":3,"href":"https:\/\/www.humanium.org\/es\/wp-json\/wp\/v2\/pages\/2262\/revisions"}],"predecessor-version":[{"id":20504,"href":"https:\/\/www.humanium.org\/es\/wp-json\/wp\/v2\/pages\/2262\/revisions\/20504"}],"wp:attachment":[{"href":"https:\/\/www.humanium.org\/es\/wp-json\/wp\/v2\/media?parent=2262"}],"curies":[{"name":"wp","href":"https:\/\/api.w.org\/{rel}","templated":true}]}}