{"id":2267,"date":"2013-06-27T14:12:56","date_gmt":"2013-06-27T14:12:56","guid":{"rendered":"http:\/\/www.humanium.org\/es\/?page_id=2267"},"modified":"2025-12-05T17:49:25","modified_gmt":"2025-12-05T17:49:25","slug":"sri-lanka","status":"publish","type":"page","link":"https:\/\/www.humanium.org\/es\/sri-lanka\/","title":{"rendered":"Ni\u00f1os de Sri Lanka"},"content":{"rendered":"<h1>Ni\u00f1os de Sri Lanka<\/h1>\n<h2>Descubriendo los Derechos del Ni\u00f1o en Sri Lanka<\/h2>\n<p style=\"text-align: center;\"><img loading=\"lazy\" decoding=\"async\" class=\" wp-image-27256 alignnone\" title=\"Ni\u00f1a de Sri Lanka \u00a9 Mydaas (flickr)\" src=\"https:\/\/www.humanium.org\/fr\/wp-content\/uploads\/2011\/08\/fillette-mydaas-flickr.jpg\" alt=\"\" width=\"153\" height=\"200\" \/> <img loading=\"lazy\" decoding=\"async\" class=\"alignnone wp-image-27262\" title=\"Ni\u00f1o de Sri Lanka \u00a9 Alles Schlumpf (Flickr)\" src=\"https:\/\/www.humanium.org\/fr\/wp-content\/uploads\/2011\/08\/garcon-alles-schlumpf-flickr.jpg\" alt=\"\" width=\"162\" height=\"200\" \/><\/p>\n<p>El balance en Sri Lanka desde finales del siglo XX hasta 2009 es dram\u00e1tico: casi 100.000 personas muertas y el triple de desplazados por el conflicto armado, adem\u00e1s de un tsunami que dej\u00f3 casi 30.000 v\u00edctimas. Los ni\u00f1os esrilanqueses han sufrido mucho y apenas empiezan a so\u00f1ar con un futuro mejor.<\/p>\n<h3>Principales problemas que afectan a los ni\u00f1os en Sri Lanka:<\/h3>\n<p><a href=\"https:\/\/www.humanium.org\/es\/pobreza-infantil\/\"><strong>Pobreza<br \/>\n<\/strong><\/a><br \/>\nCasi un cuarto de la poblaci\u00f3n esrilanquesa vive por debajo del umbral de <a href=\"https:\/\/www.humanium.org\/es\/pobreza-infantil\/\">pobreza<\/a>. Sin duda esta situaci\u00f3n es la consecuencia del conflicto armado de las \u00faltimas d\u00e9cadas. La guerra ha sido dura para la econom\u00eda de las familias, que se han quedado sin alojamiento, sin comida, entre otros. La situaci\u00f3n est\u00e1 mejorando poco a poco, pero todav\u00eda est\u00e1 siendo muy dif\u00edcil para algunos hogares. Los ni\u00f1os, m\u00e1s vulnerables ante esta calamidad, han visto sus derechos restringidos por estas circunstancias econ\u00f3micas.<\/p>\n<p><a href=\"https:\/\/www.humanium.org\/es\/derecho-salud\/\"><strong>Derecho a la salud<br \/>\n<\/strong><\/a><br \/>\n<img loading=\"lazy\" decoding=\"async\" class=\"size-full wp-image-13623 alignright\" title=\"Los servicios sanitarios todav\u00eda deben ser mejorarados para asegurar la salud de todos los ni\u00f1os esrilanqueses. \u00a9 World Bank Photo Collection (Flickr)\" src=\"https:\/\/www.humanium.org\/fr\/wp-content\/uploads\/2011\/08\/sante-world-bank-photo-collection-flickr-notouch.jpg\" alt=\"\" width=\"254\" height=\"170\" \/>Aunque los <a href=\"https:\/\/www.humanium.org\/es\/derecho-salud\/\">servicios sanitarios<\/a> en Sri Lanka han mejorado mucho \u00faltimamente, todav\u00eda est\u00e1n lejos de ser ideales. Son particularmente escasos en las regiones rurales, por lo tanto el acceso a la atenci\u00f3n sanitaria para los ni\u00f1os est\u00e1 restringido.<\/p>\n<p>La larga guerra civil ha afectado considerablemente a los medios sanitarios, en cuestiones materiales, higi\u00e9nicas y tambi\u00e9n humanas. Algunos problemas siguen existiendo hoy en d\u00eda y todav\u00eda son preocupantes en Sri Lanka. Por ejemplo, el 17% de los ni\u00f1os presentan insuficiencia ponderal al nacer.<\/p>\n<p><a href=\"https:\/\/www.humanium.org\/es\/ninos-guerra\/\"><strong>Ni\u00f1os v\u00edctimas de los conflictos<br \/>\n<\/strong><\/a><br \/>\nLos ni\u00f1os tambi\u00e9n han sufrido a causa del sangriento conflicto que ha afectado a Sri Lanka en las \u00faltimas d\u00e9cadas. Hasta hoy su situaci\u00f3n est\u00e1 siendo afectada por esta guerra. Es as\u00ed que miles de personas han desaparecido durante estos tr\u00e1gicos a\u00f1os, dejando a menudo a los ni\u00f1os completamente solos y abandonados a su suerte. Estos nuevos hu\u00e9rfanos han tenido que hacer frente a condiciones de vida muy dif\u00edciles. Y aunque los m\u00e1s afortunados han podido encontrar a su familia, la mayor\u00eda de ellos siguen abandonados, sin alojamiento y sin ayuda alguna.<\/p>\n<p>Algunos ni\u00f1os tambi\u00e9n se encuentran entre las personas desaparecidas. Todav\u00eda se est\u00e1 investigando el tema, pero nadie puede decir lo que ha sido de ellos. Otros han sido <a href=\"https:\/\/www.humanium.org\/es\/ninos-desplazados\/\">desplazados<\/a> a cientos de kil\u00f3metros de su lugar de nacimiento. La atenci\u00f3n a estos ni\u00f1os se ha puesto en marcha progresivamente, pero a pesar de todo, no todos cuentan con los medios necesarios para retornar a sus casas.<\/p>\n<p><a href=\"https:\/\/www.humanium.org\/es\/no-discriminacion\/\"><strong>Discriminaci\u00f3n<br \/>\n<\/strong><\/a><br \/>\nLa historia de Sri Lanka dio un tr\u00e1gico giro en los a\u00f1os 70 a causa de la <a href=\"https:\/\/www.humanium.org\/es\/no-discriminacion\/\">discriminaci\u00f3n<\/a> y del racismo. Hoy en d\u00eda la situaci\u00f3n ha mejorado mucho, pero desgraciadamente todav\u00eda existe <a href=\"https:\/\/www.humanium.org\/es\/no-discriminacion\/\">discriminaci\u00f3n<\/a>. Sin duda es m\u00e1s leve y latente que antes, pero sigue siendo real.<\/p>\n<p><img loading=\"lazy\" decoding=\"async\" class=\"alignright size-full wp-image-13624\" title=\"Aunque sea menos habitual que en el pasado, la discriminaci\u00f3n sigue siendo muy real en Sri Lanka. \u00a9 Traveller 9 (Flickr)\" src=\"https:\/\/www.humanium.org\/fr\/wp-content\/uploads\/2011\/08\/discrimination-travellerneuf-flickr.jpg\" alt=\"\" width=\"278\" height=\"185\" \/>Los ni\u00f1os son las primeras v\u00edctimas de este fen\u00f3meno. Algunos grupos, como los que pertenecen a las comunidades Veddha, musulmanes y tamiles, tienen dificultades para hacer que se respete la integridad de sus derechos. La pr\u00e1ctica de sus propias costumbres, su religi\u00f3n y su tradici\u00f3n, es percibida por algunos como hostilidad y falta de voluntad para integrarse. Por lo tanto, se vulnera un gran n\u00famero de los principios de la <a href=\"https:\/\/www.humanium.org\/es\/convencion\/\">Convenci\u00f3n Internacional sobre los Derechos del Ni\u00f1o<\/a> (CIDN).<\/p>\n<p><a href=\"https:\/\/www.humanium.org\/es\/ninos-soldado\/\"><strong>Ni\u00f1os soldados<br \/>\n<\/strong><\/a><br \/>\nEl reclutamiento forzado de ni\u00f1os en el ej\u00e9rcito ha sido una pr\u00e1ctica habitual, tanto en el ej\u00e9rcito cingal\u00e9s (nacional) como en los grupos rebeldes, durante el conflicto en el cual se enfrentaban ambos grupos. Incluso se dio el caso de hermanos reclutados en ej\u00e9rcitos enemigos y obligados por lo tanto a luchar uno contra el otro.<\/p>\n<p>El conflicto termin\u00f3 oficialmente en 2009, pero el problema de los <a href=\"https:\/\/www.humanium.org\/es\/ninos-soldado\/\">ni\u00f1os soldados<\/a> persiste. Aunque ya no est\u00e1n obligados a luchar, las consecuencias de haber vivido su infancia en el seno de grupos armados son m\u00faltiples. Al haber hecho frente a la violencia, a torturas y a la crueldad de la guerra, su salud y su desarrollo moral se encuentran en un estado fatal y su reinserci\u00f3n en la sociedad civil se presenta muy dif\u00edcil.<\/p>\n<p><a href=\"https:\/\/www.humanium.org\/es\/derecho-educacion\/\"><strong>Derecho a la educaci\u00f3n<br \/>\n<\/strong><\/a><br \/>\n<img loading=\"lazy\" decoding=\"async\" class=\"size-full wp-image-13626 alignright\" title=\"Los largos a\u00f1os de guerra han da\u00f1ado mucho los servicios escolares. \u00a9 Valentine F.\" src=\"https:\/\/www.humanium.org\/fr\/wp-content\/uploads\/2011\/08\/education-valentine.jpg\" alt=\"\" width=\"275\" height=\"200\" \/>En Sri Lanka los 30 a\u00f1os de guerra han tenido graves consecuencias en la <a href=\"https:\/\/www.humanium.org\/es\/derecho-educacion\/\">educaci\u00f3n<\/a> de los ni\u00f1os. Por una parte, los servicios escolares fueron perturbados por la violencia (destrucci\u00f3n de edificios, cierre de escuelas, saqueos, etc.). Por otro lado, los propios ni\u00f1os se han ido retrasando considerablemente en su escolarizaci\u00f3n.<\/p>\n<p>Estas secuelas se pueden compensar actualmente un poco. Sin embargo, el sector escolar a\u00fan tiene un largo camino por recorrer para alcanzar una situaci\u00f3n que garantice el pleno <a href=\"https:\/\/www.humanium.org\/es\/derecho-educacion\/\">derecho a la educaci\u00f3n<\/a> a todos los j\u00f3venes esrilanqueses.<\/p>\n<p><a href=\"https:\/\/www.humanium.org\/es\/trabajo-infantil\/\"><strong>Trabajo infantil<br \/>\n<\/strong><\/a><br \/>\nSe calcula que en Sri Lanka uno de cada ocho ni\u00f1os es econ\u00f3micamente activo. Este hecho lamentable se debe sobre todo a la <a href=\"https:\/\/www.humanium.org\/es\/pobreza-infantil\/\">pobreza<\/a> que obliga a las familias a hacer trabajar a sus hijos para que colaboren econ\u00f3micamente con las necesidades de todos. As\u00ed pues, es muy com\u00fan ver a j\u00f3venes esrilanqueses trabajaando en plantaciones de t\u00e9 o incluso de ayuda dom en las familias m\u00e1s ricas.<\/p>\n<p>Otros ni\u00f1os son explotados por traficantes que les someten a las peores condiciones de trabajo. Tambi\u00e9n la <a href=\"https:\/\/www.humanium.org\/es\/explotacion-sexual-infantil\/\">explotaci\u00f3n sexual<\/a> es un problema alarmante en este pa\u00eds. Muchos menores se dedican a la prostituci\u00f3n bajo la influencia de maleantes a la cabeza de importantes negocios ilegales.<\/p>\n<p><a href=\"https:\/\/www.humanium.org\/es\/matrimonio-infantil\/\"><strong>Matrimonio infantil<br \/>\n<\/strong><\/a><br \/>\n<img loading=\"lazy\" decoding=\"async\" class=\"alignright size-full wp-image-13628\" title=\"El 12% de las j\u00f3venes esrilanquesas se casan antes de los 18 a\u00f1os. \u00a9 Aidan Jones (Flickr)\" src=\"https:\/\/www.humanium.org\/fr\/wp-content\/uploads\/2011\/08\/mariage-aidan-jones-flickr.jpg\" alt=\"\" width=\"150\" height=\"200\" \/>El n\u00famero de <a href=\"https:\/\/www.humanium.org\/es\/matrimonio-infantil\/\">matrimonios de ni\u00f1os<\/a> ha disminuido notablemente en los \u00faltimos a\u00f1os. No obstante, sigue siendo preocupante ya que hoy en d\u00eda se calcula que el 12% de las j\u00f3venes se casan antes de cumplir los 18 a\u00f1os. Un matrimonio tan joven a menudo tiene consecuencias nefastas para los ni\u00f1os, que no entienden todo lo que conlleva este compromiso.<\/p>\n<p>Adem\u00e1s, no siempre escogen a su futuro marido. En las regiones rurales, por ejemplo, el sistema de castas y el de dote tienen una gran influencia sobre las uniones. Asimismo, seg\u00fan sus tradiciones, el hombre siempre debe ser cinco o seis a\u00f1os mayor.<\/p>\n","protected":false},"excerpt":{"rendered":"<p>Ni\u00f1os de Sri Lanka Descubriendo los Derechos del Ni\u00f1o en Sri Lanka El balance en Sri Lanka desde finales del siglo XX hasta 2009 es dram\u00e1tico: casi 100.000 personas muertas y el triple de desplazados por el conflicto armado, adem\u00e1s de un tsunami que dej\u00f3 casi 30.000 v\u00edctimas. Los ni\u00f1os esrilanqueses han sufrido mucho y [&hellip;]<\/p>\n","protected":false},"author":1,"featured_media":0,"parent":0,"menu_order":0,"comment_status":"closed","ping_status":"open","template":"","meta":{"footnotes":""},"class_list":["post-2267","page","type-page","status-publish","hentry"],"yoast_head":"<!-- This site is optimized with the Yoast SEO plugin v26.5 - https:\/\/yoast.com\/wordpress\/plugins\/seo\/ -->\n<title>Ni\u00f1os de Sri Lanka - Humanium<\/title>\n<meta name=\"description\" content=\"A causa de conflictos armados y de desastres naturale, los ni\u00f1os de Sri Lanka han sufrido mucho y apenas empiezan a so\u00f1ar con un futuro mejor.\" \/>\n<meta name=\"robots\" content=\"index, follow, max-snippet:-1, max-image-preview:large, max-video-preview:-1\" \/>\n<link rel=\"canonical\" href=\"https:\/\/www.humanium.org\/es\/sri-lanka\/\" \/>\n<meta property=\"og:locale\" content=\"es_ES\" \/>\n<meta property=\"og:type\" content=\"article\" \/>\n<meta property=\"og:title\" content=\"Ni\u00f1os de Sri Lanka - Humanium\" \/>\n<meta property=\"og:description\" content=\"A causa de conflictos armados y de desastres naturale, los ni\u00f1os de Sri Lanka han sufrido mucho y apenas empiezan a so\u00f1ar con un futuro mejor.\" \/>\n<meta property=\"og:url\" content=\"https:\/\/www.humanium.org\/es\/sri-lanka\/\" \/>\n<meta property=\"og:site_name\" content=\"Humanium\" \/>\n<meta property=\"article:modified_time\" content=\"2025-12-05T17:49:25+00:00\" \/>\n<meta name=\"twitter:card\" content=\"summary_large_image\" \/>\n<meta name=\"twitter:label1\" content=\"Tiempo de lectura\" \/>\n\t<meta name=\"twitter:data1\" content=\"6 minutos\" \/>\n<script type=\"application\/ld+json\" class=\"yoast-schema-graph\">{\"@context\":\"https:\/\/schema.org\",\"@graph\":[{\"@type\":\"WebPage\",\"@id\":\"https:\/\/www.humanium.org\/es\/sri-lanka\/\",\"url\":\"https:\/\/www.humanium.org\/es\/sri-lanka\/\",\"name\":\"Ni\u00f1os de Sri Lanka - Humanium\",\"isPartOf\":{\"@id\":\"https:\/\/www.humanium.org\/es\/#website\"},\"primaryImageOfPage\":{\"@id\":\"https:\/\/www.humanium.org\/es\/sri-lanka\/#primaryimage\"},\"image\":{\"@id\":\"https:\/\/www.humanium.org\/es\/sri-lanka\/#primaryimage\"},\"thumbnailUrl\":\"https:\/\/www.humanium.org\/fr\/wp-content\/uploads\/2011\/08\/fillette-mydaas-flickr.jpg\",\"datePublished\":\"2013-06-27T14:12:56+00:00\",\"dateModified\":\"2025-12-05T17:49:25+00:00\",\"description\":\"A causa de conflictos armados y de desastres naturale, los ni\u00f1os de Sri Lanka han sufrido mucho y apenas empiezan a so\u00f1ar con un futuro mejor.\",\"breadcrumb\":{\"@id\":\"https:\/\/www.humanium.org\/es\/sri-lanka\/#breadcrumb\"},\"inLanguage\":\"es\",\"potentialAction\":[{\"@type\":\"ReadAction\",\"target\":[\"https:\/\/www.humanium.org\/es\/sri-lanka\/\"]}]},{\"@type\":\"ImageObject\",\"inLanguage\":\"es\",\"@id\":\"https:\/\/www.humanium.org\/es\/sri-lanka\/#primaryimage\",\"url\":\"https:\/\/www.humanium.org\/fr\/wp-content\/uploads\/2011\/08\/fillette-mydaas-flickr.jpg\",\"contentUrl\":\"https:\/\/www.humanium.org\/fr\/wp-content\/uploads\/2011\/08\/fillette-mydaas-flickr.jpg\"},{\"@type\":\"BreadcrumbList\",\"@id\":\"https:\/\/www.humanium.org\/es\/sri-lanka\/#breadcrumb\",\"itemListElement\":[{\"@type\":\"ListItem\",\"position\":1,\"name\":\"Home\",\"item\":\"https:\/\/www.humanium.org\/es\/\"},{\"@type\":\"ListItem\",\"position\":2,\"name\":\"Ni\u00f1os de Sri Lanka\"}]},{\"@type\":\"WebSite\",\"@id\":\"https:\/\/www.humanium.org\/es\/#website\",\"url\":\"https:\/\/www.humanium.org\/es\/\",\"name\":\"Humanium\",\"description\":\"\u00a1Los ni\u00f1os primero!\",\"potentialAction\":[{\"@type\":\"SearchAction\",\"target\":{\"@type\":\"EntryPoint\",\"urlTemplate\":\"https:\/\/www.humanium.org\/es\/?s={search_term_string}\"},\"query-input\":{\"@type\":\"PropertyValueSpecification\",\"valueRequired\":true,\"valueName\":\"search_term_string\"}}],\"inLanguage\":\"es\"}]}<\/script>\n<!-- \/ Yoast SEO plugin. -->","yoast_head_json":{"title":"Ni\u00f1os de Sri Lanka - Humanium","description":"A causa de conflictos armados y de desastres naturale, los ni\u00f1os de Sri Lanka han sufrido mucho y apenas empiezan a so\u00f1ar con un futuro mejor.","robots":{"index":"index","follow":"follow","max-snippet":"max-snippet:-1","max-image-preview":"max-image-preview:large","max-video-preview":"max-video-preview:-1"},"canonical":"https:\/\/www.humanium.org\/es\/sri-lanka\/","og_locale":"es_ES","og_type":"article","og_title":"Ni\u00f1os de Sri Lanka - Humanium","og_description":"A causa de conflictos armados y de desastres naturale, los ni\u00f1os de Sri Lanka han sufrido mucho y apenas empiezan a so\u00f1ar con un futuro mejor.","og_url":"https:\/\/www.humanium.org\/es\/sri-lanka\/","og_site_name":"Humanium","article_modified_time":"2025-12-05T17:49:25+00:00","twitter_card":"summary_large_image","twitter_misc":{"Tiempo de lectura":"6 minutos"},"schema":{"@context":"https:\/\/schema.org","@graph":[{"@type":"WebPage","@id":"https:\/\/www.humanium.org\/es\/sri-lanka\/","url":"https:\/\/www.humanium.org\/es\/sri-lanka\/","name":"Ni\u00f1os de Sri Lanka - Humanium","isPartOf":{"@id":"https:\/\/www.humanium.org\/es\/#website"},"primaryImageOfPage":{"@id":"https:\/\/www.humanium.org\/es\/sri-lanka\/#primaryimage"},"image":{"@id":"https:\/\/www.humanium.org\/es\/sri-lanka\/#primaryimage"},"thumbnailUrl":"https:\/\/www.humanium.org\/fr\/wp-content\/uploads\/2011\/08\/fillette-mydaas-flickr.jpg","datePublished":"2013-06-27T14:12:56+00:00","dateModified":"2025-12-05T17:49:25+00:00","description":"A causa de conflictos armados y de desastres naturale, los ni\u00f1os de Sri Lanka han sufrido mucho y apenas empiezan a so\u00f1ar con un futuro mejor.","breadcrumb":{"@id":"https:\/\/www.humanium.org\/es\/sri-lanka\/#breadcrumb"},"inLanguage":"es","potentialAction":[{"@type":"ReadAction","target":["https:\/\/www.humanium.org\/es\/sri-lanka\/"]}]},{"@type":"ImageObject","inLanguage":"es","@id":"https:\/\/www.humanium.org\/es\/sri-lanka\/#primaryimage","url":"https:\/\/www.humanium.org\/fr\/wp-content\/uploads\/2011\/08\/fillette-mydaas-flickr.jpg","contentUrl":"https:\/\/www.humanium.org\/fr\/wp-content\/uploads\/2011\/08\/fillette-mydaas-flickr.jpg"},{"@type":"BreadcrumbList","@id":"https:\/\/www.humanium.org\/es\/sri-lanka\/#breadcrumb","itemListElement":[{"@type":"ListItem","position":1,"name":"Home","item":"https:\/\/www.humanium.org\/es\/"},{"@type":"ListItem","position":2,"name":"Ni\u00f1os de Sri Lanka"}]},{"@type":"WebSite","@id":"https:\/\/www.humanium.org\/es\/#website","url":"https:\/\/www.humanium.org\/es\/","name":"Humanium","description":"\u00a1Los ni\u00f1os primero!","potentialAction":[{"@type":"SearchAction","target":{"@type":"EntryPoint","urlTemplate":"https:\/\/www.humanium.org\/es\/?s={search_term_string}"},"query-input":{"@type":"PropertyValueSpecification","valueRequired":true,"valueName":"search_term_string"}}],"inLanguage":"es"}]}},"_links":{"self":[{"href":"https:\/\/www.humanium.org\/es\/wp-json\/wp\/v2\/pages\/2267","targetHints":{"allow":["GET"]}}],"collection":[{"href":"https:\/\/www.humanium.org\/es\/wp-json\/wp\/v2\/pages"}],"about":[{"href":"https:\/\/www.humanium.org\/es\/wp-json\/wp\/v2\/types\/page"}],"author":[{"embeddable":true,"href":"https:\/\/www.humanium.org\/es\/wp-json\/wp\/v2\/users\/1"}],"replies":[{"embeddable":true,"href":"https:\/\/www.humanium.org\/es\/wp-json\/wp\/v2\/comments?post=2267"}],"version-history":[{"count":4,"href":"https:\/\/www.humanium.org\/es\/wp-json\/wp\/v2\/pages\/2267\/revisions"}],"predecessor-version":[{"id":20442,"href":"https:\/\/www.humanium.org\/es\/wp-json\/wp\/v2\/pages\/2267\/revisions\/20442"}],"wp:attachment":[{"href":"https:\/\/www.humanium.org\/es\/wp-json\/wp\/v2\/media?parent=2267"}],"curies":[{"name":"wp","href":"https:\/\/api.w.org\/{rel}","templated":true}]}}