{"id":2271,"date":"2013-06-27T14:24:07","date_gmt":"2013-06-27T14:24:07","guid":{"rendered":"http:\/\/www.humanium.org\/es\/?page_id=2271"},"modified":"2025-12-05T18:07:13","modified_gmt":"2025-12-05T18:07:13","slug":"bahrein","status":"publish","type":"page","link":"https:\/\/www.humanium.org\/es\/bahrein\/","title":{"rendered":"Ni\u00f1os de Bahr\u00e9in"},"content":{"rendered":"<h1>Ni\u00f1os de Bahr\u00e9in<\/h1>\n<h2>Descubriendo los derechos infantiles en Bahr\u00e9in<\/h2>\n<p style=\"text-align: center;\"><img loading=\"lazy\" decoding=\"async\" class=\" wp-image-27256 alignnone\" title=\"Ni\u00f1a de Bahr\u00e9in \u00a9 Wacky Tom (Flickr)\" src=\"https:\/\/www.humanium.org\/fr\/wp-content\/uploads\/2011\/07\/bahrein-girl-wacky-tom-flickr.jpg\" alt=\"\" width=\"210\" height=\"200\" \/> <img loading=\"lazy\" decoding=\"async\" class=\"alignnone wp-image-27262\" title=\"Ni\u00f1o de Bahr\u00e9in \u00a9 Yonis (flickr)\" src=\"https:\/\/www.humanium.org\/fr\/wp-content\/uploads\/2011\/07\/bahrein-garcon-yonis-flickr.jpg\" alt=\"\" width=\"188\" height=\"200\" \/><\/p>\n<p>El Reino de Bahr\u00e9in, ubicado en la regi\u00f3n del Golfo P\u00e9rsico, consta de 40 islas y experimenta problemas significativos en cuanto a los derechos infantiles, los cuales no se respetan plenamente, as\u00ed como tampoco se respetan la libertad de expresi\u00f3n, el derecho a la identidad personal y la no discriminaci\u00f3n, etc. As\u00ed que, el Comit\u00e9 de los Derechos del Ni\u00f1o expres\u00f3 su preocupaci\u00f3n por la situaci\u00f3n de los menores y le recomend\u00f3 al pa\u00eds que tome las medidas necesarias para mejorar sus condiciones de vida.<\/p>\n<h3>Principales problemas que afectan a los ni\u00f1os en Bahr\u00e9in:<\/h3>\n<p><a href=\"https:\/\/www.humanium.org\/es\/derecho-identidad\/\"><strong>Derecho a la Identidad<br \/>\n<\/strong><\/a><br \/>\n<img loading=\"lazy\" decoding=\"async\" class=\"size-medium wp-image-11671 alignright\" title=\"En Bar\u00e9in, s\u00f3lo los hombres baren\u00edes pueden transmitir la ciudadan\u00eda a sus hijos. \u00a9 Rotary Club of Adliya (Flickr)\" src=\"https:\/\/www.humanium.org\/fr\/wp-content\/uploads\/2011\/07\/bahrein-identite-rotary-club-adliya-flickr-180x300.jpg\" alt=\"\" width=\"192\" height=\"321\" \/>En Bahr\u00e9in, s\u00f3lo los hombres pueden transmitir la <a href=\"https:\/\/www.humanium.org\/es\/derecho-identidad\/\">ciudadan\u00eda<\/a> a sus hijos. Las mujeres, solteras o casadas con extranjeros no pueden d\u00e1rselas.<\/p>\n<p>\u00c9sto afecta notablemente a la poblaci\u00f3n, ya que 71% son hombres extranjeros. Por lo que, una gran mayor\u00eda de los ni\u00f1os, a pesar de que provienen de una madre Bahr\u00e9in, no tienen la nacionalidad del pa\u00eds. No obstante, su Majestad el Rey ha trabajado duro para que la ley sea revisada y que se conceda la ciudadan\u00eda a los hijos de las mujeres bahrein\u00edes casadas con extranjeros.<\/p>\n<p><a href=\"https:\/\/www.humanium.org\/es\/no-discriminacion\/\"><strong>Derecho a la no discriminaci\u00f3n<br \/>\n<\/strong><\/a><br \/>\nLa <a href=\"https:\/\/www.humanium.org\/es\/no-discriminacion\/\">discriminaci\u00f3n<\/a> contra los ni\u00f1os nacidos fuera del matrimonio contin\u00faa. En efecto, dado que la filiaci\u00f3n se establece sobre la base de una uni\u00f3n leg\u00edtima, es dif\u00edcil para los ni\u00f1os nacidos fuera del matrimonio ser reconocidos. Sin embargo, la relaci\u00f3n puede ser establecida por medio de una prueba de paternidad o un testimonio (dos testigos son necesarios).<\/p>\n<p>Para los ni\u00f1os abandonados, ya es imposible establecer la filiaci\u00f3n, la ley establece que reciben un nombre, apellidos ficticios de los padres, la religi\u00f3n musulmana y la nacionalidad barein\u00ed.<\/p>\n<p><a href=\"https:\/\/www.humanium.org\/es\/derecho-educacion\/\"><strong>Derecho a la educaci\u00f3n<br \/>\n<\/strong><\/a><br \/>\n<img loading=\"lazy\" decoding=\"async\" class=\"alignright size-medium wp-image-11672\" title=\"Los ni\u00f1os deben ir a la escuela a partir de los seis a\u00f1os \u00a9 United States Marine Corps Official Page (Flickr)\" src=\"https:\/\/www.humanium.org\/fr\/wp-content\/uploads\/2011\/07\/bahrein-education-united-states-marine-corps-official-page-flickr-300x297.jpg\" alt=\"\" width=\"205\" height=\"203\" \/>En Bahr\u00e9in, la <a href=\"https:\/\/www.humanium.org\/es\/derecho-educacion\/\">educaci\u00f3n<\/a> fue declarada recientemente obligatoria y los ni\u00f1os deben asistir a la escuela desde los seis a\u00f1os. En cuanto a los padres, si no inscriben a sus hijos, son merecedores de una multa. Cabe mencionar que el nivel pre-escolar s\u00f3lo est\u00e1 disponible en las escuelas privadas.<\/p>\n<p>En los \u00faltimos a\u00f1os, Bahr\u00e9in se ha comprometido en desarrollar programas educativos de calidad. El n\u00famero de alumnos por clase ha disminuido, la tasa de analfabetismo se redujo, as\u00ed como el abandono escolar y la repetici\u00f3n de curso han disminuido br\u00fascamente.<\/p>\n<p>Sin embargo, a pesar de estos avances, Bahr\u00e9in a\u00fan tiene que progresar. De hecho, la orientaci\u00f3n escolar es casi inexistente en las escuelas y los estudiantes no tienen informaci\u00f3n sobre la vida universitaria y la vida laboral. Adem\u00e1s, la capacitaci\u00f3n t\u00e9cnica no ha alcanzado un nivel de desarrollo satisfactorio.<\/p>\n<p><a href=\"https:\/\/www.humanium.org\/es\/derecho-proteccion\/\"><strong>La libertad de opini\u00f3n y de expresi\u00f3n<br \/>\n<\/strong><\/a><br \/>\n<img loading=\"lazy\" decoding=\"async\" class=\"size-medium wp-image-11674 alignright\" title=\"En Bar\u00e9in, los ni\u00f1os rara vez tienen la oportunidad de expresar sus opiniones y participar en la toma de decisiones en el hogar, en la escuela, etc. \u00a9 Wacky Tom (Flickr)\" src=\"https:\/\/www.humanium.org\/fr\/wp-content\/uploads\/2011\/07\/bahrein-expression-wacky-tom-flickr-200x300.jpg\" alt=\"\" width=\"142\" height=\"214\" \/>En Bahr\u00e9in los ni\u00f1os rara vez tienen la oportunidad de <a href=\"https:\/\/www.humanium.org\/es\/derecho-proteccion\/\">expresar sus opiniones<\/a> y participar en la toma de decisiones en el hogar, la escuela, etc. Rara vez son escuchados y las actitudes tradicionales impiden la expresi\u00f3n de su opini\u00f3n. Del mismo modo, en los procedimientos judiciales y administrativos, los j\u00f3venes con poca frecuencia son entrevistados.<\/p>\n<p>Por lo tanto, las decisiones relativas a las cuestiones de los ni\u00f1os siempre son tomadas por los adultos. La participaci\u00f3n de los ni\u00f1os en las decisiones que les conciernen es nula. Se debe llevar a cabo un progreso en esta \u00e1rea.<\/p>\n<p>Por otra parte, las autoridades a menudo tratan de disuadir a los ni\u00f1os de participar en las manifestaciones. Pero, algunos de ellos han asistido y han sido fuertemente maltratados por la polic\u00eda.<\/p>\n<p><a href=\"https:\/\/www.humanium.org\/es\/justicia-juvenil\/\"><strong>Justicia de menores<br \/>\n<\/strong><\/a><br \/>\nDurante el 2010, alrededor de 70 ni\u00f1os fueron detenidos por la polic\u00eda. Algunos fueron puestos en libertad en el 2011, pero la gran mayor\u00eda de ellos todav\u00eda se encuentra detenida en la c\u00e1rcel de Bar\u00e9in por haber participado en las manifestaciones. Por lo general, a los padres de estos ni\u00f1os se les priva su derecho a visitarlos.<\/p>\n<p>Estos ni\u00f1os a menudo son enviados a centros de detenci\u00f3n penal con adultos. Sin embargo, seg\u00fan el gobierno barein\u00ed, parece que la privaci\u00f3n de libertad de un menor s\u00f3lo se realiza como \u00faltimo recurso. As\u00ed, cuando los j\u00f3venes est\u00e1n en conflicto con la ley, hay varias soluciones: hospitales especializados, establecimientos de bienestar y protecci\u00f3n social privados o estatales, etc.<\/p>\n<p><a href=\"https:\/\/www.humanium.org\/es\/derecho-proteccion\/\"><strong>Derecho a la protecci\u00f3n<br \/>\n<\/strong><\/a><br \/>\nEn algunas aldeas chiitas de Bahr\u00e9in, los ni\u00f1os han sido secuestrados en las calles por grupos de milicias civiles armadas. Estos ni\u00f1os han sido v\u00edctimas de tratos crueles: tortura, <a href=\"https:\/\/www.humanium.org\/es\/abuso-infantil\/\">maltrato f\u00edsico<\/a>, da\u00f1o a su imagen (fotograf\u00edas desnudos) <a href=\"https:\/\/www.humanium.org\/es\/explotacion-sexual-infantil\/\">acoso sexual<\/a>, etc. Los malos tratos sufridos ten\u00edan por objetivo disuadir a los militantes chiitas de organizar manifestaciones y protestas.<\/p>\n<p>Las familias de los ni\u00f1os presentaron denuncias, pero no hay medidas concretas para condenar a los responsables. Por lo tanto, Bar\u00e9in debe abordar esta cuesti\u00f3n y debe asegurar la <a href=\"https:\/\/www.humanium.org\/es\/derecho-proteccion\/\">protecci\u00f3n de los ni\u00f1os<\/a> en las aldeas chiitas.<\/p>\n","protected":false},"excerpt":{"rendered":"<p>Ni\u00f1os de Bahr\u00e9in Descubriendo los derechos infantiles en Bahr\u00e9in El Reino de Bahr\u00e9in, ubicado en la regi\u00f3n del Golfo P\u00e9rsico, consta de 40 islas y experimenta problemas significativos en cuanto a los derechos infantiles, los cuales no se respetan plenamente, as\u00ed como tampoco se respetan la libertad de expresi\u00f3n, el derecho a la identidad personal [&hellip;]<\/p>\n","protected":false},"author":1,"featured_media":0,"parent":0,"menu_order":0,"comment_status":"closed","ping_status":"open","template":"","meta":{"footnotes":""},"class_list":["post-2271","page","type-page","status-publish","hentry"],"yoast_head":"<!-- This site is optimized with the Yoast SEO plugin v26.5 - https:\/\/yoast.com\/wordpress\/plugins\/seo\/ -->\n<title>Ni\u00f1os de Bahr\u00e9in - Humanium<\/title>\n<meta name=\"description\" content=\"El Reino de Bahr\u00e9in experimenta problemas significativos en cuanto a los derechos infantiles, los cuales no se respetan plenamente.\" \/>\n<meta name=\"robots\" content=\"index, follow, max-snippet:-1, max-image-preview:large, max-video-preview:-1\" \/>\n<link rel=\"canonical\" href=\"https:\/\/www.humanium.org\/es\/bahrein\/\" \/>\n<meta property=\"og:locale\" content=\"es_ES\" \/>\n<meta property=\"og:type\" content=\"article\" \/>\n<meta property=\"og:title\" content=\"Ni\u00f1os de Bahr\u00e9in - Humanium\" \/>\n<meta property=\"og:description\" content=\"El Reino de Bahr\u00e9in experimenta problemas significativos en cuanto a los derechos infantiles, los cuales no se respetan plenamente.\" \/>\n<meta property=\"og:url\" content=\"https:\/\/www.humanium.org\/es\/bahrein\/\" \/>\n<meta property=\"og:site_name\" content=\"Humanium\" \/>\n<meta property=\"article:modified_time\" content=\"2025-12-05T18:07:13+00:00\" \/>\n<meta name=\"twitter:card\" content=\"summary_large_image\" \/>\n<meta name=\"twitter:label1\" content=\"Tiempo de lectura\" \/>\n\t<meta name=\"twitter:data1\" content=\"5 minutos\" \/>\n<script type=\"application\/ld+json\" class=\"yoast-schema-graph\">{\"@context\":\"https:\/\/schema.org\",\"@graph\":[{\"@type\":\"WebPage\",\"@id\":\"https:\/\/www.humanium.org\/es\/bahrein\/\",\"url\":\"https:\/\/www.humanium.org\/es\/bahrein\/\",\"name\":\"Ni\u00f1os de Bahr\u00e9in - Humanium\",\"isPartOf\":{\"@id\":\"https:\/\/www.humanium.org\/es\/#website\"},\"primaryImageOfPage\":{\"@id\":\"https:\/\/www.humanium.org\/es\/bahrein\/#primaryimage\"},\"image\":{\"@id\":\"https:\/\/www.humanium.org\/es\/bahrein\/#primaryimage\"},\"thumbnailUrl\":\"https:\/\/www.humanium.org\/fr\/wp-content\/uploads\/2011\/07\/bahrein-girl-wacky-tom-flickr.jpg\",\"datePublished\":\"2013-06-27T14:24:07+00:00\",\"dateModified\":\"2025-12-05T18:07:13+00:00\",\"description\":\"El Reino de Bahr\u00e9in experimenta problemas significativos en cuanto a los derechos infantiles, los cuales no se respetan plenamente.\",\"breadcrumb\":{\"@id\":\"https:\/\/www.humanium.org\/es\/bahrein\/#breadcrumb\"},\"inLanguage\":\"es\",\"potentialAction\":[{\"@type\":\"ReadAction\",\"target\":[\"https:\/\/www.humanium.org\/es\/bahrein\/\"]}]},{\"@type\":\"ImageObject\",\"inLanguage\":\"es\",\"@id\":\"https:\/\/www.humanium.org\/es\/bahrein\/#primaryimage\",\"url\":\"https:\/\/www.humanium.org\/fr\/wp-content\/uploads\/2011\/07\/bahrein-girl-wacky-tom-flickr.jpg\",\"contentUrl\":\"https:\/\/www.humanium.org\/fr\/wp-content\/uploads\/2011\/07\/bahrein-girl-wacky-tom-flickr.jpg\"},{\"@type\":\"BreadcrumbList\",\"@id\":\"https:\/\/www.humanium.org\/es\/bahrein\/#breadcrumb\",\"itemListElement\":[{\"@type\":\"ListItem\",\"position\":1,\"name\":\"Home\",\"item\":\"https:\/\/www.humanium.org\/es\/\"},{\"@type\":\"ListItem\",\"position\":2,\"name\":\"Ni\u00f1os de Bahr\u00e9in\"}]},{\"@type\":\"WebSite\",\"@id\":\"https:\/\/www.humanium.org\/es\/#website\",\"url\":\"https:\/\/www.humanium.org\/es\/\",\"name\":\"Humanium\",\"description\":\"\u00a1Los ni\u00f1os primero!\",\"potentialAction\":[{\"@type\":\"SearchAction\",\"target\":{\"@type\":\"EntryPoint\",\"urlTemplate\":\"https:\/\/www.humanium.org\/es\/?s={search_term_string}\"},\"query-input\":{\"@type\":\"PropertyValueSpecification\",\"valueRequired\":true,\"valueName\":\"search_term_string\"}}],\"inLanguage\":\"es\"}]}<\/script>\n<!-- \/ Yoast SEO plugin. -->","yoast_head_json":{"title":"Ni\u00f1os de Bahr\u00e9in - Humanium","description":"El Reino de Bahr\u00e9in experimenta problemas significativos en cuanto a los derechos infantiles, los cuales no se respetan plenamente.","robots":{"index":"index","follow":"follow","max-snippet":"max-snippet:-1","max-image-preview":"max-image-preview:large","max-video-preview":"max-video-preview:-1"},"canonical":"https:\/\/www.humanium.org\/es\/bahrein\/","og_locale":"es_ES","og_type":"article","og_title":"Ni\u00f1os de Bahr\u00e9in - Humanium","og_description":"El Reino de Bahr\u00e9in experimenta problemas significativos en cuanto a los derechos infantiles, los cuales no se respetan plenamente.","og_url":"https:\/\/www.humanium.org\/es\/bahrein\/","og_site_name":"Humanium","article_modified_time":"2025-12-05T18:07:13+00:00","twitter_card":"summary_large_image","twitter_misc":{"Tiempo de lectura":"5 minutos"},"schema":{"@context":"https:\/\/schema.org","@graph":[{"@type":"WebPage","@id":"https:\/\/www.humanium.org\/es\/bahrein\/","url":"https:\/\/www.humanium.org\/es\/bahrein\/","name":"Ni\u00f1os de Bahr\u00e9in - Humanium","isPartOf":{"@id":"https:\/\/www.humanium.org\/es\/#website"},"primaryImageOfPage":{"@id":"https:\/\/www.humanium.org\/es\/bahrein\/#primaryimage"},"image":{"@id":"https:\/\/www.humanium.org\/es\/bahrein\/#primaryimage"},"thumbnailUrl":"https:\/\/www.humanium.org\/fr\/wp-content\/uploads\/2011\/07\/bahrein-girl-wacky-tom-flickr.jpg","datePublished":"2013-06-27T14:24:07+00:00","dateModified":"2025-12-05T18:07:13+00:00","description":"El Reino de Bahr\u00e9in experimenta problemas significativos en cuanto a los derechos infantiles, los cuales no se respetan plenamente.","breadcrumb":{"@id":"https:\/\/www.humanium.org\/es\/bahrein\/#breadcrumb"},"inLanguage":"es","potentialAction":[{"@type":"ReadAction","target":["https:\/\/www.humanium.org\/es\/bahrein\/"]}]},{"@type":"ImageObject","inLanguage":"es","@id":"https:\/\/www.humanium.org\/es\/bahrein\/#primaryimage","url":"https:\/\/www.humanium.org\/fr\/wp-content\/uploads\/2011\/07\/bahrein-girl-wacky-tom-flickr.jpg","contentUrl":"https:\/\/www.humanium.org\/fr\/wp-content\/uploads\/2011\/07\/bahrein-girl-wacky-tom-flickr.jpg"},{"@type":"BreadcrumbList","@id":"https:\/\/www.humanium.org\/es\/bahrein\/#breadcrumb","itemListElement":[{"@type":"ListItem","position":1,"name":"Home","item":"https:\/\/www.humanium.org\/es\/"},{"@type":"ListItem","position":2,"name":"Ni\u00f1os de Bahr\u00e9in"}]},{"@type":"WebSite","@id":"https:\/\/www.humanium.org\/es\/#website","url":"https:\/\/www.humanium.org\/es\/","name":"Humanium","description":"\u00a1Los ni\u00f1os primero!","potentialAction":[{"@type":"SearchAction","target":{"@type":"EntryPoint","urlTemplate":"https:\/\/www.humanium.org\/es\/?s={search_term_string}"},"query-input":{"@type":"PropertyValueSpecification","valueRequired":true,"valueName":"search_term_string"}}],"inLanguage":"es"}]}},"_links":{"self":[{"href":"https:\/\/www.humanium.org\/es\/wp-json\/wp\/v2\/pages\/2271","targetHints":{"allow":["GET"]}}],"collection":[{"href":"https:\/\/www.humanium.org\/es\/wp-json\/wp\/v2\/pages"}],"about":[{"href":"https:\/\/www.humanium.org\/es\/wp-json\/wp\/v2\/types\/page"}],"author":[{"embeddable":true,"href":"https:\/\/www.humanium.org\/es\/wp-json\/wp\/v2\/users\/1"}],"replies":[{"embeddable":true,"href":"https:\/\/www.humanium.org\/es\/wp-json\/wp\/v2\/comments?post=2271"}],"version-history":[{"count":3,"href":"https:\/\/www.humanium.org\/es\/wp-json\/wp\/v2\/pages\/2271\/revisions"}],"predecessor-version":[{"id":20525,"href":"https:\/\/www.humanium.org\/es\/wp-json\/wp\/v2\/pages\/2271\/revisions\/20525"}],"wp:attachment":[{"href":"https:\/\/www.humanium.org\/es\/wp-json\/wp\/v2\/media?parent=2271"}],"curies":[{"name":"wp","href":"https:\/\/api.w.org\/{rel}","templated":true}]}}