{"id":2275,"date":"2013-06-27T14:43:28","date_gmt":"2013-06-27T14:43:28","guid":{"rendered":"http:\/\/www.humanium.org\/es\/?page_id=2275"},"modified":"2025-12-05T18:05:46","modified_gmt":"2025-12-05T18:05:46","slug":"oman","status":"publish","type":"page","link":"https:\/\/www.humanium.org\/es\/oriente-medio-africa-norte\/oman\/","title":{"rendered":"Ni\u00f1os de Om\u00e1n"},"content":{"rendered":"<h1>Ni\u00f1os de Om\u00e1n<\/h1>\n<h2>Descubriendo los derechos infantiles en Om\u00e1n<\/h2>\n<p style=\"text-align: center;\"><img loading=\"lazy\" decoding=\"async\" class=\" wp-image-27256 alignnone\" title=\"Ni\u00f1a de Om\u00e1n \u00a9 Claude Florin(flickr)\" src=\"https:\/\/www.humanium.org\/fr\/wp-content\/uploads\/2012\/06\/fille-oman.jpg\" alt=\"\" width=\"194\" height=\"200\" \/> <img loading=\"lazy\" decoding=\"async\" class=\"alignnone wp-image-27262\" title=\"Ni\u00f1o de Om\u00e1n \u00a9 Bart &amp; co (flickr)\" src=\"https:\/\/www.humanium.org\/fr\/wp-content\/uploads\/2012\/06\/garcon-oman.jpg\" alt=\"\" width=\"185\" height=\"200\" \/><\/p>\n<p>El Sultanato de Om\u00e1n, el cual ha nombrado al 2012 como \u201cEl A\u00f1o de la Infancia\u201d, es uno de los pa\u00edses que ha hecho los mejores avances en materia de esperanza y calidad de vida en los \u00faltimos 40 a\u00f1os. Se ha establecido una Comisi\u00f3n Nacional de Derechos Humanos y los ni\u00f1os se han beneficiado en las \u00e1reas de salud y educaci\u00f3n. Sin embargo, a pesar de otras mejoras y proyectos de ley elaboradas para proteger a los ni\u00f1os, en realidad a\u00fan existen muchos problemas.<\/p>\n<h3>Principales problemas que afectan a los ni\u00f1os en Om\u00e1n:<\/h3>\n<p><strong>Deficiencias y falta de difusi\u00f3n de los derechos infantiles.<\/strong><\/p>\n<p><img loading=\"lazy\" decoding=\"async\" class=\"alignright wp-image-20197\" title=\"Les droits de l'enfant ne sont pas bien diffus\u00e9s en Oman \u00a9 Luca &quot;bluesky&quot; Flicker\" src=\"https:\/\/www.humanium.org\/fr\/wp-content\/uploads\/2012\/06\/petite-garcon-300x200.jpg\" alt=\"\" width=\"192\" height=\"128\" \/><\/p>\n<p>La legislaci\u00f3n del Sultanato toma m\u00e1s en cuenta los intereses del ni\u00f1o y mejora su protecci\u00f3n en diversas \u00e1reas. Sin embargo, esto no es suficiente para cambiar las tradiciones ni para que los derechos del ni\u00f1o sean una realidad. El Sultanato a\u00fan no ha permitido que varias de las leyes entren en vigor, como la prohibici\u00f3n del <a href=\"https:\/\/www.humanium.org\/es\/trabajo-infantil\/\">trabajo infantil<\/a>.<\/p>\n<p>Adem\u00e1s, las lagunas en materia informativa respecto a los derechos infantiles, particularmente en las zonas rurales, todav\u00eda influyen en gran medida en la vida cotidiana de los ni\u00f1os.<\/p>\n<p>Por \u00faltimo, no existe un verdadero control legal hacia estas leyes por parte del Sultanato y muy pocas organizaciones no gubernamentales o asociaciones que se encuentran en el pa\u00eds, informan sobre este asunto. La falta de datos recolectados sobre numerosos temas que afectan a los ni\u00f1os de los grupos m\u00e1s vulnerables en la sociedad sigue siendo motivo de gran preocupaci\u00f3n.<\/p>\n<p><strong>Violaci\u00f3n de los derechos de las ni\u00f1as<br \/>\n<\/strong><br \/>\nAunque ya se han eliminado muchas restricciones y cuotas, <a href=\"https:\/\/www.humanium.org\/es\/no-discriminacion\/\">la discriminaci\u00f3n <\/a>hacia las mujeres sigue siendo una realidad.<\/p>\n<p><em>Derecho de familia<\/em><\/p>\n<p><img loading=\"lazy\" decoding=\"async\" class=\"alignright wp-image-20163\" title=\"Les jeunes filles omanaises sont encore victimes de discriminations \u00a9 UNICEF\" src=\"https:\/\/www.humanium.org\/fr\/wp-content\/uploads\/2012\/06\/jeunes-filles-300x190.jpg\" alt=\"\" width=\"270\" height=\"171\" \/>Al parecer todav\u00eda existen muchas desigualdades entre los ni\u00f1os y las ni\u00f1as en el derecho de familia, sobre todo en lo referente a la herencia.<\/p>\n<p>Se ha expresado preocupaci\u00f3n, en particular de parte del Comit\u00e9 de los Derechos del Ni\u00f1o, respecto al hecho de que ninguna herencia se les ceder\u00e1 a las ni\u00f1as en caso de que sus padres se divorcien.<\/p>\n<p><em><a href=\"https:\/\/www.humanium.org\/es\/mutilacion-genital\/\">Mutilaci\u00f3n genital femenina<\/a> (MGF)<\/em><br \/>\nLa circuncisi\u00f3n femenina se practica tambi\u00e9n en algunas familias, en virtud de sus tradiciones, mientras que el gobierno tiende a ignorar la existencia de tales pr\u00e1cticas.<\/p>\n<p><em><a href=\"https:\/\/www.humanium.org\/es\/matrimonio-infantil\/\">Matrimonio infantil<\/a> y <a href=\"https:\/\/www.humanium.org\/es\/explotacion-sexual-infantil\/\">explotaci\u00f3n sexual<\/a><\/em><br \/>\nEn el a\u00f1o 2005, el 17% de las chicas oman\u00edes de entre 15 y 19 a\u00f1os<a href=\"https:\/\/www.humanium.org\/es\/matrimonio-infantil\/\"> se casaron<\/a>. Aunque hoy en d\u00eda la edad legal para contraer matrimonio sea a los 18, las costumbres y tradiciones son otras en realidad, ya que las j\u00f3venes oman\u00edes se casan antes de cumplir la mayor\u00eda de edad.<\/p>\n<p>La <a href=\"https:\/\/www.humanium.org\/es\/trata-ninos\/\">trata<\/a>, la <a href=\"https:\/\/www.humanium.org\/es\/explotacion-sexual-infantil\/\">explotaci\u00f3n sexual<\/a> y el <a href=\"https:\/\/www.humanium.org\/es\/trabajo-infantil\/\">trabajo dom\u00e9stico<\/a> forzado ocurren tanto en Om\u00e1n como m\u00e1s all\u00e1 de sus fronteras. Los casos de matrimonios falsos o forzados realmente ocurren a menudo.<\/p>\n<p>Por ejemplo, a las ni\u00f1as del Sudeste Asi\u00e1tico, se les casa temporalmente, luego son vendidas como sirvientas y forzadas a ejercer la prostituci\u00f3n en Om\u00e1n.<\/p>\n<p><a href=\"https:\/\/www.humanium.org\/es\/ninos-huerfanos\/\"><strong>Abandono infantil<br \/>\n<\/strong><\/a><br \/>\n<img loading=\"lazy\" decoding=\"async\" class=\"alignright wp-image-20191\" title=\"Le droit de la famille laisse perdurer des discriminations \u00a9 Charles Fred Flickr\" src=\"https:\/\/www.humanium.org\/fr\/wp-content\/uploads\/2012\/06\/5147648795_926e10306d_b-200x300.jpg\" alt=\"\" width=\"165\" height=\"220\" \/>Los ni\u00f1os nacidos fuera del matrimonio son marginados de la sociedad, ya que El Sultanato de Om\u00e1n no les brinda los mismos niveles de <a href=\"https:\/\/www.humanium.org\/es\/derecho-proteccion\/\">protecci\u00f3n<\/a> como a los dem\u00e1s.<\/p>\n<p>Dar a luz fuera del matrimonio tambi\u00e9n es un delito, lo que conlleva a que las madres de los ni\u00f1os extramatrimoniales no entren en contacto con las autoridades competentes por temor a una sanci\u00f3n legal. Por lo tanto, a menudo estos ni\u00f1os son <a href=\"https:\/\/www.humanium.org\/es\/ninos-huerfanos\/\">abandonados<\/a>.<\/p>\n<p>Adem\u00e1s, la adopci\u00f3n infantil va en contra de los principios de la ley isl\u00e1mica del Sultanato. Por lo tanto, a menudo son las instituciones estatales las que se hacen cargo de estos ni\u00f1os, ya que nunca podr\u00e1n crecer en el seno de la sociedad e integrarse plenamente a ella.<\/p>\n<p><a href=\"https:\/\/www.humanium.org\/es\/apatridas-invisibles\/\"><strong>Nacionalidad y derecho a la identidad<br \/>\n<\/strong><\/a><br \/>\nLos ni\u00f1os nacidos de madre oman\u00ed y padre extranjero no pueden obtener la nacionalidad oman\u00ed. Esta pr\u00e1ctica es discriminatoria contra las mujeres y los ni\u00f1os. Adem\u00e1s, si el ni\u00f1o no obtiene la nacionalidad de su padre, se convierte en ap\u00e1trida y no recibir\u00e1 la misma protecci\u00f3n que todos los dem\u00e1s ni\u00f1os oman\u00edes.<\/p>\n<p><a href=\"https:\/\/www.humanium.org\/es\/abuso-infantil\/\"><strong>Maltrato infantil<br \/>\n<\/strong><\/a><br \/>\n<img loading=\"lazy\" decoding=\"async\" class=\"alignright wp-image-20205\" title=\"Les ch\u00e2timents corporels persistent en Oman \u00a9 traveller9 Flickr\" src=\"https:\/\/www.humanium.org\/fr\/wp-content\/uploads\/2012\/06\/610990943_4f170b0970_z-300x199.jpg\" alt=\"\" width=\"240\" height=\"159\" \/>A pesar de la prohibici\u00f3n oficial de los castigos corporales en las escuelas, \u00e9stos son autorizados por decreto en caso de ser \u00fatiles para \u00abeducar\u00bb al ni\u00f1o.<\/p>\n<p>Por consiguiente, los ni\u00f1os a menudo est\u00e1n siendo sujetos a <a href=\"https:\/\/www.humanium.org\/es\/abuso-infantil\/\">maltratos<\/a> f\u00edsicos y psicol\u00f3gicos, y incluso abuso sexual, tanto dentro de las instituciones como en el seno familiar.<\/p>\n<p>Esta violencia es el resultado de comportamientos y actitudes que derivan de las tradiciones y falta de comunicaci\u00f3n entre adultos y ni\u00f1os. La poblaci\u00f3n no est\u00e1 consciente de los efectos negativos de dicho trato hacia los ni\u00f1os y de su desarrollo, como tampoco de las formas no violentas de disciplina y educaci\u00f3n.<\/p>\n<p><a href=\"https:\/\/www.humanium.org\/es\/derecho-alimentacion\/\"><strong>Desnutrici\u00f3n<br \/>\n<\/strong><\/a><br \/>\nA pesar de los esfuerzos realizados por el Sultanato en los \u00faltimos a\u00f1os, los problemas de <a href=\"https:\/\/www.humanium.org\/es\/derecho-alimentacion\/\">desnutrici\u00f3n<\/a> y deficiencia de hierro siguen presentes. Incluso con un PIB de 18,000 d\u00f3lares per c\u00e1pita en el a\u00f1o 2010, el 9% de los ni\u00f1os menores de 5 a\u00f1os sufr\u00eda desnutrici\u00f3n moderada y grave y el 10% sufr\u00eda de falta de desarrollo en forma moderada a severa durante el per\u00edodo 2006-2010.<\/p>\n<p><strong><a href=\"https:\/\/www.humanium.org\/es\/derecho-salud\/\">Derecho a la salud<\/a> y <a href=\"https:\/\/www.humanium.org\/es\/derecho-educacion\/\">educaci\u00f3n<br \/>\n<\/a><\/strong><br \/>\nLos ni\u00f1os que viven en zonas rurales y los que provienen del extranjero son objeto de <a href=\"https:\/\/www.humanium.org\/es\/no-discriminacion\/\">discriminaci\u00f3n<\/a> en materia de atenci\u00f3n sanitaria y educaci\u00f3n, a pesar de los esfuerzos del Sultanato de brindar acceso a la educaci\u00f3n en zonas remotas, incluyendo los pueblos n\u00f3madas.<\/p>\n<p>El asunto de los <a href=\"https:\/\/www.humanium.org\/es\/ninos-discapacitados\/\">ni\u00f1os discapacitados<\/a> es tambi\u00e9n un asunto preocupante. De hecho el pa\u00eds ha tratado de integrarlos en escuelas ordinarias y tambi\u00e9n cuenta con instituciones especializadas. Sin embargo, estos establecimientos se encuentran en la capital o en ciudades cercanas a la misma, lo que hace a\u00fan m\u00e1s dif\u00edcil el alcance e integraci\u00f3n plena de estos beneficios.<\/p>\n<p>Por \u00faltimo, la poblaci\u00f3n no est\u00e1 lo suficientemente informada sobre el virus del VIH\/SIDA. Los ni\u00f1os afectados por esta enfermedad, quienes en su mayor\u00eda ya se han quedado hu\u00e9rfanos a causa de dicha enfermedad, a menudo son marginados y excluidos de sus familias.<\/p>\n<p><a href=\"https:\/\/www.humanium.org\/es\/trabajo-infantil\/\"><strong>Trabajo infantil<br \/>\n<\/strong><\/a><br \/>\n<img loading=\"lazy\" decoding=\"async\" class=\"alignright wp-image-20194\" style=\"line-height: 24px;\" title=\"Le travail des enfants persiste en Oman malgr\u00e9 des am\u00e9liorations \u00a9 bandytAM flickr\" src=\"https:\/\/www.humanium.org\/fr\/wp-content\/uploads\/2012\/06\/7168425380_3e60dc4771_b-300x199.jpg\" alt=\"\" width=\"240\" height=\"160\" \/>A pesar del apoyo de instrumentos de protecci\u00f3n contra el<a href=\"https:\/\/www.humanium.org\/es\/trabajo-infantil\/\"> trabajo infantil<\/a> por parte del Sultanato, esto sigue persistiendo, extraoficialmente, en algunos sectores tales como la agricultura, la pesca o empresas familiares.<\/p>\n<p>A menudo los ni\u00f1os terminan trabajando en empleos peligrosos que suelen perjudicar su <a href=\"https:\/\/www.humanium.org\/es\/derecho-salud\/\">salud<\/a> y seguridad.<\/p>\n<p>Por lo general sufren de obst\u00e1culos que restringen su <a href=\"https:\/\/www.humanium.org\/es\/derecho-libertad\/\">libertad de movimiento<\/a> y jornadas laborales excesivamente largas. Estos ni\u00f1os suelen estar desnutridos y son objeto de maltrato f\u00edsico y abuso sexual. Las ni\u00f1as que trabajan como empleadas dom\u00e9sticas son la categor\u00eda m\u00e1s vulnerable de trabajadores.<\/p>\n<p>Un caso t\u00edpico de <a href=\"https:\/\/www.humanium.org\/es\/trabajo-infantil\/\">trabajo infantil<\/a> en Om\u00e1n es en las carreras de camellos, en donde a menudo dan empleo a los ni\u00f1os. El Sultanato hoy afirma haber erradicado estas pr\u00e1cticas, pero las pocas inspecciones que se han llevado a cabo ponen en duda dichas afirmaciones. Los ni\u00f1os extranjeros, en particular, siguen siendo utilizados como jinetes debido a su ligero peso y, por lo tanto, por su posibilidad de generar m\u00e1s ganancia y rentabilidad.<\/p>\n<p><strong>Protecci\u00f3n infantil contra los peligros del tr\u00e1fico<br \/>\n<\/strong><br \/>\nEn Om\u00e1n, un ni\u00f1o muere cada cuatro d\u00edas en la carretera. Muchos de ellos terminan gravemente heridos, e inclusive discapacitados de por vida dado a los accidentes causados en las carreteras de zonas remotas y por el n\u00famero de ni\u00f1os que viajan sin licencia de conducir.<\/p>\n<p><a href=\"https:\/\/www.humanium.org\/es\/justicia-juvenil\/\"><strong>Justicia infantil<br \/>\n<\/strong><\/a><br \/>\nA pesar de que, aparentemente, los proyectos de ley se encuentren en proceso de ser redactados, no s\u00f3lo para crear tribunales especializados en llevar a cabo juicios para <a href=\"https:\/\/www.humanium.org\/es\/justicia-juvenil\/\">procesar a los ni\u00f1os<\/a>, sino tambi\u00e9n para aumentar la edad m\u00ednima de responsabilidad penal, muchos ni\u00f1os han sido condenados a cumplir condenas en prisi\u00f3n.<\/p>\n<p>A menudo, las denuncias por violencia f\u00edsica y sexual no son lo suficientemente registradas ni investigadas por el servicio policial. El personal no est\u00e1 adecuadamente capacitado para manejar este tipo de situaciones y la poblaci\u00f3n no se anima a denunciar las agresiones.<\/p>\n<p><img loading=\"lazy\" decoding=\"async\" class=\"alignright wp-image-20187\" style=\"line-height: 24px;\" title=\"La pr\u00e9servation de l'environnement est essentielle au d\u00e9veloppement des enfants \u00a9 whsaito Flickr \" src=\"https:\/\/www.humanium.org\/fr\/wp-content\/uploads\/2012\/06\/paysage-300x225.jpg\" alt=\"\" width=\"240\" height=\"160\" \/><strong>Medio ambiente<br \/>\n<\/strong><br \/>\nA pesar del inter\u00e9s en la protecci\u00f3n del medio ambiente por parte del Sultanato, la contaminaci\u00f3n del agua (principalmente debido a los efluentes generados en la industria petrolera), el problema de la gesti\u00f3n de residuos y la contaminaci\u00f3n del aire tendr\u00e1 un impacto en el futuro de los ni\u00f1os oman\u00edes.<\/p>\n","protected":false},"excerpt":{"rendered":"<p>Ni\u00f1os de Om\u00e1n Descubriendo los derechos infantiles en Om\u00e1n El Sultanato de Om\u00e1n, el cual ha nombrado al 2012 como \u201cEl A\u00f1o de la Infancia\u201d, es uno de los pa\u00edses que ha hecho los mejores avances en materia de esperanza y calidad de vida en los \u00faltimos 40 a\u00f1os. Se ha establecido una Comisi\u00f3n Nacional [&hellip;]<\/p>\n","protected":false},"author":1,"featured_media":0,"parent":823,"menu_order":0,"comment_status":"closed","ping_status":"open","template":"","meta":{"footnotes":""},"class_list":["post-2275","page","type-page","status-publish","hentry"],"yoast_head":"<!-- This site is optimized with the Yoast SEO plugin v26.5 - https:\/\/yoast.com\/wordpress\/plugins\/seo\/ -->\n<title>Ni\u00f1os de Om\u00e1n - Humanium<\/title>\n<meta name=\"description\" content=\"El Sultanato de Om\u00e1n es uno de los pa\u00edses que ha hecho los mejores avances en materia de esperanza y calidad de vida en los \u00faltimos 40 a\u00f1os.\" \/>\n<meta name=\"robots\" content=\"index, follow, max-snippet:-1, max-image-preview:large, max-video-preview:-1\" \/>\n<link rel=\"canonical\" href=\"https:\/\/www.humanium.org\/es\/oriente-medio-africa-norte\/oman\/\" \/>\n<meta property=\"og:locale\" content=\"es_ES\" \/>\n<meta property=\"og:type\" content=\"article\" \/>\n<meta property=\"og:title\" content=\"Ni\u00f1os de Om\u00e1n - Humanium\" \/>\n<meta property=\"og:description\" content=\"El Sultanato de Om\u00e1n es uno de los pa\u00edses que ha hecho los mejores avances en materia de esperanza y calidad de vida en los \u00faltimos 40 a\u00f1os.\" \/>\n<meta property=\"og:url\" content=\"https:\/\/www.humanium.org\/es\/oriente-medio-africa-norte\/oman\/\" \/>\n<meta property=\"og:site_name\" content=\"Humanium\" \/>\n<meta property=\"article:modified_time\" content=\"2025-12-05T18:05:46+00:00\" \/>\n<meta name=\"twitter:card\" content=\"summary_large_image\" \/>\n<meta name=\"twitter:label1\" content=\"Tiempo de lectura\" \/>\n\t<meta name=\"twitter:data1\" content=\"9 minutos\" \/>\n<script type=\"application\/ld+json\" class=\"yoast-schema-graph\">{\"@context\":\"https:\/\/schema.org\",\"@graph\":[{\"@type\":\"WebPage\",\"@id\":\"https:\/\/www.humanium.org\/es\/oriente-medio-africa-norte\/oman\/\",\"url\":\"https:\/\/www.humanium.org\/es\/oriente-medio-africa-norte\/oman\/\",\"name\":\"Ni\u00f1os de Om\u00e1n - Humanium\",\"isPartOf\":{\"@id\":\"https:\/\/www.humanium.org\/es\/#website\"},\"primaryImageOfPage\":{\"@id\":\"https:\/\/www.humanium.org\/es\/oriente-medio-africa-norte\/oman\/#primaryimage\"},\"image\":{\"@id\":\"https:\/\/www.humanium.org\/es\/oriente-medio-africa-norte\/oman\/#primaryimage\"},\"thumbnailUrl\":\"https:\/\/www.humanium.org\/fr\/wp-content\/uploads\/2012\/06\/fille-oman.jpg\",\"datePublished\":\"2013-06-27T14:43:28+00:00\",\"dateModified\":\"2025-12-05T18:05:46+00:00\",\"description\":\"El Sultanato de Om\u00e1n es uno de los pa\u00edses que ha hecho los mejores avances en materia de esperanza y calidad de vida en los \u00faltimos 40 a\u00f1os.\",\"breadcrumb\":{\"@id\":\"https:\/\/www.humanium.org\/es\/oriente-medio-africa-norte\/oman\/#breadcrumb\"},\"inLanguage\":\"es\",\"potentialAction\":[{\"@type\":\"ReadAction\",\"target\":[\"https:\/\/www.humanium.org\/es\/oriente-medio-africa-norte\/oman\/\"]}]},{\"@type\":\"ImageObject\",\"inLanguage\":\"es\",\"@id\":\"https:\/\/www.humanium.org\/es\/oriente-medio-africa-norte\/oman\/#primaryimage\",\"url\":\"https:\/\/www.humanium.org\/fr\/wp-content\/uploads\/2012\/06\/fille-oman.jpg\",\"contentUrl\":\"https:\/\/www.humanium.org\/fr\/wp-content\/uploads\/2012\/06\/fille-oman.jpg\"},{\"@type\":\"BreadcrumbList\",\"@id\":\"https:\/\/www.humanium.org\/es\/oriente-medio-africa-norte\/oman\/#breadcrumb\",\"itemListElement\":[{\"@type\":\"ListItem\",\"position\":1,\"name\":\"Home\",\"item\":\"https:\/\/www.humanium.org\/es\/\"},{\"@type\":\"ListItem\",\"position\":2,\"name\":\"Oriente Medio y \u00c1frica del Norte\",\"item\":\"https:\/\/www.humanium.org\/es\/oriente-medio-africa-norte\/\"},{\"@type\":\"ListItem\",\"position\":3,\"name\":\"Ni\u00f1os de Om\u00e1n\"}]},{\"@type\":\"WebSite\",\"@id\":\"https:\/\/www.humanium.org\/es\/#website\",\"url\":\"https:\/\/www.humanium.org\/es\/\",\"name\":\"Humanium\",\"description\":\"\u00a1Los ni\u00f1os primero!\",\"potentialAction\":[{\"@type\":\"SearchAction\",\"target\":{\"@type\":\"EntryPoint\",\"urlTemplate\":\"https:\/\/www.humanium.org\/es\/?s={search_term_string}\"},\"query-input\":{\"@type\":\"PropertyValueSpecification\",\"valueRequired\":true,\"valueName\":\"search_term_string\"}}],\"inLanguage\":\"es\"}]}<\/script>\n<!-- \/ Yoast SEO plugin. -->","yoast_head_json":{"title":"Ni\u00f1os de Om\u00e1n - Humanium","description":"El Sultanato de Om\u00e1n es uno de los pa\u00edses que ha hecho los mejores avances en materia de esperanza y calidad de vida en los \u00faltimos 40 a\u00f1os.","robots":{"index":"index","follow":"follow","max-snippet":"max-snippet:-1","max-image-preview":"max-image-preview:large","max-video-preview":"max-video-preview:-1"},"canonical":"https:\/\/www.humanium.org\/es\/oriente-medio-africa-norte\/oman\/","og_locale":"es_ES","og_type":"article","og_title":"Ni\u00f1os de Om\u00e1n - Humanium","og_description":"El Sultanato de Om\u00e1n es uno de los pa\u00edses que ha hecho los mejores avances en materia de esperanza y calidad de vida en los \u00faltimos 40 a\u00f1os.","og_url":"https:\/\/www.humanium.org\/es\/oriente-medio-africa-norte\/oman\/","og_site_name":"Humanium","article_modified_time":"2025-12-05T18:05:46+00:00","twitter_card":"summary_large_image","twitter_misc":{"Tiempo de lectura":"9 minutos"},"schema":{"@context":"https:\/\/schema.org","@graph":[{"@type":"WebPage","@id":"https:\/\/www.humanium.org\/es\/oriente-medio-africa-norte\/oman\/","url":"https:\/\/www.humanium.org\/es\/oriente-medio-africa-norte\/oman\/","name":"Ni\u00f1os de Om\u00e1n - Humanium","isPartOf":{"@id":"https:\/\/www.humanium.org\/es\/#website"},"primaryImageOfPage":{"@id":"https:\/\/www.humanium.org\/es\/oriente-medio-africa-norte\/oman\/#primaryimage"},"image":{"@id":"https:\/\/www.humanium.org\/es\/oriente-medio-africa-norte\/oman\/#primaryimage"},"thumbnailUrl":"https:\/\/www.humanium.org\/fr\/wp-content\/uploads\/2012\/06\/fille-oman.jpg","datePublished":"2013-06-27T14:43:28+00:00","dateModified":"2025-12-05T18:05:46+00:00","description":"El Sultanato de Om\u00e1n es uno de los pa\u00edses que ha hecho los mejores avances en materia de esperanza y calidad de vida en los \u00faltimos 40 a\u00f1os.","breadcrumb":{"@id":"https:\/\/www.humanium.org\/es\/oriente-medio-africa-norte\/oman\/#breadcrumb"},"inLanguage":"es","potentialAction":[{"@type":"ReadAction","target":["https:\/\/www.humanium.org\/es\/oriente-medio-africa-norte\/oman\/"]}]},{"@type":"ImageObject","inLanguage":"es","@id":"https:\/\/www.humanium.org\/es\/oriente-medio-africa-norte\/oman\/#primaryimage","url":"https:\/\/www.humanium.org\/fr\/wp-content\/uploads\/2012\/06\/fille-oman.jpg","contentUrl":"https:\/\/www.humanium.org\/fr\/wp-content\/uploads\/2012\/06\/fille-oman.jpg"},{"@type":"BreadcrumbList","@id":"https:\/\/www.humanium.org\/es\/oriente-medio-africa-norte\/oman\/#breadcrumb","itemListElement":[{"@type":"ListItem","position":1,"name":"Home","item":"https:\/\/www.humanium.org\/es\/"},{"@type":"ListItem","position":2,"name":"Oriente Medio y \u00c1frica del Norte","item":"https:\/\/www.humanium.org\/es\/oriente-medio-africa-norte\/"},{"@type":"ListItem","position":3,"name":"Ni\u00f1os de Om\u00e1n"}]},{"@type":"WebSite","@id":"https:\/\/www.humanium.org\/es\/#website","url":"https:\/\/www.humanium.org\/es\/","name":"Humanium","description":"\u00a1Los ni\u00f1os primero!","potentialAction":[{"@type":"SearchAction","target":{"@type":"EntryPoint","urlTemplate":"https:\/\/www.humanium.org\/es\/?s={search_term_string}"},"query-input":{"@type":"PropertyValueSpecification","valueRequired":true,"valueName":"search_term_string"}}],"inLanguage":"es"}]}},"_links":{"self":[{"href":"https:\/\/www.humanium.org\/es\/wp-json\/wp\/v2\/pages\/2275","targetHints":{"allow":["GET"]}}],"collection":[{"href":"https:\/\/www.humanium.org\/es\/wp-json\/wp\/v2\/pages"}],"about":[{"href":"https:\/\/www.humanium.org\/es\/wp-json\/wp\/v2\/types\/page"}],"author":[{"embeddable":true,"href":"https:\/\/www.humanium.org\/es\/wp-json\/wp\/v2\/users\/1"}],"replies":[{"embeddable":true,"href":"https:\/\/www.humanium.org\/es\/wp-json\/wp\/v2\/comments?post=2275"}],"version-history":[{"count":3,"href":"https:\/\/www.humanium.org\/es\/wp-json\/wp\/v2\/pages\/2275\/revisions"}],"predecessor-version":[{"id":20512,"href":"https:\/\/www.humanium.org\/es\/wp-json\/wp\/v2\/pages\/2275\/revisions\/20512"}],"up":[{"embeddable":true,"href":"https:\/\/www.humanium.org\/es\/wp-json\/wp\/v2\/pages\/823"}],"wp:attachment":[{"href":"https:\/\/www.humanium.org\/es\/wp-json\/wp\/v2\/media?parent=2275"}],"curies":[{"name":"wp","href":"https:\/\/api.w.org\/{rel}","templated":true}]}}