{"id":2313,"date":"2013-06-28T12:43:51","date_gmt":"2013-06-28T12:43:51","guid":{"rendered":"http:\/\/www.humanium.org\/es\/?page_id=2313"},"modified":"2025-12-05T18:04:51","modified_gmt":"2025-12-05T18:04:51","slug":"yemen","status":"publish","type":"page","link":"https:\/\/www.humanium.org\/es\/yemen\/","title":{"rendered":"Ni\u00f1os de Yemen"},"content":{"rendered":"<h1>Ni\u00f1os de Yemen<\/h1>\n<h2>Descubriendo los derechos infantiles\u00a0en Yemen<\/h2>\n<p style=\"text-align: center;\"><img loading=\"lazy\" decoding=\"async\" class=\" wp-image-27256 alignnone\" title=\"Ni\u00f1a de Yemen \u00a9 Soqotra (Flickr)\" src=\"https:\/\/www.humanium.org\/fr\/wp-content\/uploads\/2011\/07\/yemen-fillette-soqotra-flickr.jpg\" alt=\"\" width=\"145\" height=\"200\" \/> <img loading=\"lazy\" decoding=\"async\" class=\"alignnone wp-image-27262\" title=\"Ni\u00f1o de Yemen \u00a9 -W- (flickr)\" src=\"https:\/\/www.humanium.org\/fr\/wp-content\/uploads\/2011\/07\/garcon-yemen-w-flickr.jpg\" alt=\"\" width=\"191\" height=\"200\" \/><\/p>\n<p>Las condiciones de vida de los ni\u00f1os de Yemen son terribles. Viven entre violencia, pobreza y problemas de salud; peligros de muerte que forman parte de su d\u00eda a d\u00eda.<\/p>\n<h3>Principales problemas que afectan a los ni\u00f1os en Yemen:<\/h3>\n<p><a href=\"https:\/\/www.humanium.org\/es\/pobreza-infantil\/\"><strong>Pobreza<br \/>\n<\/strong><\/a><br \/>\n<img loading=\"lazy\" decoding=\"async\" class=\"size-medium wp-image-10329 alignright\" title=\"Yemen es el pa\u00eds m\u00e1s pobre del Oriente Pr\u00f3ximo. \u00a9 Giovanni Boccardi (Unesco)\" src=\"https:\/\/www.humanium.org\/fr\/wp-content\/uploads\/2011\/07\/pauvrete-yemen-giovanni-boccardi-unesco-300x200.jpg\" alt=\"\" width=\"189\" height=\"126\" \/>En Yemen, el pa\u00eds m\u00e1s pobre del Oriente Pr\u00f3ximo, casi uno de cada dos habitantes vive bajo el <a href=\"https:\/\/www.humanium.org\/es\/pobreza-infantil\/\">umbral de la pobreza<\/a>. Las condiciones de vida pueden variar seg\u00fan la regi\u00f3n en la que residen. Por ejemplo, en las zonas rurales hay siempre mayor discriminaci\u00f3n que en las zonas urbanas.<\/p>\n<p>En todo caso, los ni\u00f1os son los m\u00e1s vulnerables frente a la pobreza. Su salud, su bienestar e incluso su supervivencia corren un grave peligro.<\/p>\n<p><a href=\"https:\/\/www.humanium.org\/es\/derecho-salud\/\"><strong>Salud<br \/>\n<\/strong><\/a><br \/>\nYemen tiene una <a href=\"https:\/\/www.humanium.org\/es\/mortalidad-infantil\/\">tasa de mortalidad infantil<\/a> muy alta y no es de extra\u00f1ar que muchos de los reci\u00e9n nacidos nazcan con el peso inapropiado (30%). Los nacimientos en Yemen son un problema real, pues suelen tener lugar fuera de los centros m\u00e9dicos, por lo que suponen un gran riesgo tanto para el ni\u00f1o como para la madre.<\/p>\n<p>La <a href=\"https:\/\/www.humanium.org\/es\/derecho-alimentacion\/\">malnutrici\u00f3n<\/a> tambi\u00e9n es uno de los principales problemas en Yemen y afecta a un n\u00famero r\u00e9cord de personas. Las consecuencias da\u00f1inas de la malnutrici\u00f3n en la <a href=\"https:\/\/www.humanium.org\/es\/derecho-salud\/\">salud<\/a> de los j\u00f3venes yemen\u00edes son numerosas. Por ejemplo, casi un tercio de los ni\u00f1os de entre dos y cinco a\u00f1os sufren de un grave retraso.<\/p>\n<p>De la misma forma, la salud de los ni\u00f1os se ve afectada por el escaso <a href=\"https:\/\/www.humanium.org\/es\/derecho-agua\/\">acceso a agua<\/a> potable. La falta de higiene e hidrataci\u00f3n provoca en gran medida que las epidemias se propaguen y agrava las enfermedades que antes eran benignas.<\/p>\n<p><a href=\"https:\/\/www.humanium.org\/es\/derecho-educacion\/\"><strong>Derecho a la educaci\u00f3n<br \/>\n<\/strong><\/a><br \/>\n<img loading=\"lazy\" decoding=\"async\" class=\"alignright size-full wp-image-10330\" title=\"El acceso a la educaci\u00f3n es dif\u00edcil en Yemen, sobre todo para las chicas. \u00a9 Linda Shen (Unesco)\" src=\"https:\/\/www.humanium.org\/fr\/wp-content\/uploads\/2011\/07\/yemen-education-linda-shen-unesco.jpg\" alt=\"\" width=\"249\" height=\"219\" \/>M\u00e1s de un cuarto de los ni\u00f1os de Yemen no recibe educaci\u00f3n. Este hecho afecta m\u00e1s a las ni\u00f1as que a los ni\u00f1os.<\/p>\n<p>Adem\u00e1s, los centros carecen de higiene y las instalaciones ni son suficientes, ni est\u00e1n en buenas condiciones. Por consiguiente, la salud e higiene de los ni\u00f1os se ve afectada en estas escuelas, donde en la mayor\u00eda de los casos no hay ni aseos, ni zonas recreativas.<\/p>\n<p>La presencia de las fuerzas armadas en todo el pa\u00eds dificulta y pone en peligro el camino que recorren para llegar a la escuela. Los ni\u00f1os est\u00e1n aterrados a la hora de cruzar las carreteras en Yemen para ir a la escuela. Los padres, los cuales la mayor\u00eda de las veces est\u00e1n igual de asustados que sus hijos, a menudo dejan que los ni\u00f1os se queden en casa.<\/p>\n<p>Las escuelas suelen ser adem\u00e1s el objetivo de las amenazas de los grupos armados, que no dudan en intimidar a los grupos enemigos apuntando con sus pistolas a las escuelas.<\/p>\n<p>Para garantizar la seguridad de los ni\u00f1os, a algunas escuelas no les queda m\u00e1s remedio que cerrar, impidiendo as\u00ed que los ni\u00f1os disfruten de <a href=\"https:\/\/www.humanium.org\/es\/derecho-educacion\/\">su derecho a la educaci\u00f3n<\/a>.<\/p>\n<p><a href=\"https:\/\/www.humanium.org\/es\/trabajo-infantil\/\"><strong>Trabajo infantil<br \/>\n<\/strong><\/a><br \/>\nEl trabajo es el pan de cada d\u00eda de un 23% de los ni\u00f1os de entre cinco y 14 a\u00f1os en Yemen. El predominio de <a href=\"https:\/\/www.humanium.org\/es\/trabajo-infantil\/\">trabajos forzados<\/a> en este pa\u00eds es tan grave como el maltrato a estos ni\u00f1os. Con ocurrencias como la <a href=\"https:\/\/www.humanium.org\/es\/explotacion-sexual-infantil\/\">explotaci\u00f3n sexual<\/a> hasta ser tratados como <a href=\"https:\/\/www.humanium.org\/es\/abuso-infantil\/\">esclavos<\/a>, estos ni\u00f1os son el objeto de la crueldad y maldad. Su salud, tanto f\u00edsica como mental, su seguridad y su desarrollo est\u00e1n gravemente afectados.<\/p>\n<p><a href=\"https:\/\/www.humanium.org\/es\/abuso-infantil\/\"><strong>Violencia infantil<br \/>\n<\/strong><\/a><br \/>\n<img loading=\"lazy\" decoding=\"async\" class=\"size-full wp-image-10334 alignright\" title=\"La violencia constante que se extiende por todo Yemen impide que los ni\u00f1os est\u00e9n protegidos. \u00a9 Paul Stephens (Irin)\" src=\"https:\/\/www.humanium.org\/fr\/wp-content\/uploads\/2011\/07\/yemen-violence-paul-stephens-irin.jpg\" alt=\"\" width=\"236\" height=\"175\" \/>Las manifestaciones de la Primavera \u00c1rabe han afectado a muchos ni\u00f1os en Yemen. Han habido matanzas cerca de sus propias casas o incluso en el recorrido que hacen habitualmente para ir a la escuela.<\/p>\n<p>Los conflictos armados que de forma regular estallan en este pa\u00eds, ponen en peligro su salud y seguridad autom\u00e1ticamente.<\/p>\n<p>Adem\u00e1s, desafortunadamente, el <a href=\"https:\/\/www.humanium.org\/es\/abuso-infantil\/\">abuso infantil<\/a>\u00a0en el seno familiar se da con frecuencia en el pa\u00eds. Algunos ni\u00f1os sufren maltratos por cualquier motivo absurdo y los m\u00e9todos de violencia son tan variados como la crueldad misma. Las ni\u00f1as m\u00e1s peque\u00f1as\u00a0\u00a0son violadas por miembros de su propia familia. Los ni\u00f1os a menudo se escapan de sus casas para evitar estos actos de violencia intrafamiliar\u00a0y se quedan solos y desprotegidos. Como consecuencia, viven entre la <a href=\"https:\/\/www.humanium.org\/es\/pobreza-infantil\/\">pobreza<\/a> y las <a href=\"https:\/\/www.humanium.org\/es\/ninos-calle\/\">atrocidades de la calle<\/a>.<\/p>\n<p>Los efectos de este ambiente de inseguridad tambi\u00e9n se reflejan en el comportamiento de los ni\u00f1os. La violencia a la que deben hacer frente cada d\u00eda crea confusi\u00f3n y falta de confianza en s\u00ed mismos. Tambi\u00e9n acaban desarrollando comportamientos violentos y agresivos, por lo que por ejemplo, son frecuentes las peleas en las escuelas.<\/p>\n<p><a href=\"https:\/\/www.humanium.org\/es\/trata-ninos\/\"><strong>Tr\u00e1fico infantil<br \/>\n<\/strong><\/a><br \/>\nEl comercio con ni\u00f1os todav\u00eda est\u00e1 presente en la vida cotidiana de Yemen. A veces incluso las propias familias son las que introducen a sus hijos en las <a href=\"https:\/\/www.humanium.org\/es\/trata-ninos\/\">redes de tr\u00e1fico infantil<\/a>.<\/p>\n<p>Estos ni\u00f1os peque\u00f1os son as\u00ed objeto de la explotaci\u00f3n m\u00e1s cruel en el tr\u00e1fico infantil. En concreto, recientemente ha habido un aumento de ciertas pr\u00e1cticas relacionadas a la <a href=\"https:\/\/www.humanium.org\/es\/explotacion-sexual-infantil\/\">explotaci\u00f3n sexual de los ni\u00f1os<\/a> tales como pornograf\u00eda infantil y matrimonios con turistas. Adem\u00e1s, otros ni\u00f1os se enfrentan a un destino abominable de tr\u00e1fico de \u00f3rganos y trasplantes.<\/p>\n<p>Muy pocas veces se informa sobre estas graves vulneraciones de los numerosos derechos que la <a href=\"https:\/\/www.humanium.org\/es\/convencion\/\">Convenci\u00f3n de los Derechos del Ni\u00f1o<\/a> garantiza y la mayor\u00eda no se sancionan. El motivo principal de que los infractores queden impunes se halla en la legislaci\u00f3n yemen\u00ed, que no abarca este tipo de cr\u00edmenes. Finalmente, ning\u00fan tipo de protecci\u00f3n a estos menores, v\u00edctimas de abusos, se pone en pr\u00e1ctica en este pa\u00eds.<\/p>\n<p><a href=\"https:\/\/www.humanium.org\/es\/matrimonio-infantil\/\"><strong>Matrimonio infantil<br \/>\n<\/strong><\/a><br \/>\n<img loading=\"lazy\" decoding=\"async\" class=\"size-full wp-image-10336 alignright\" title=\"Los ni\u00f1os contraen matrimonio antes de cumplir los 18 a\u00f1os en Yemen. \u00a9 Linda Shen (Unesco)\" src=\"https:\/\/www.humanium.org\/fr\/wp-content\/uploads\/2011\/07\/mariage-yemen-linda-shen-unesco.jpg\" alt=\"\" width=\"167\" height=\"202\" \/>Esta pr\u00e1ctica es muy habitual en Yemen. Se estima que m\u00e1s del 30% de chicas j\u00f3venes se casan antes de cumplir los 18. Las consecuencias son graves, sobre todo porque se trata de chicas muy j\u00f3venes (en algunos casos tienen 12 o 13 a\u00f1os).<\/p>\n<p>Embarazadas a los 15, llevan vidas muy duras y el parto a veces provoca problemas de salud debido a su prematura edad.<\/p>\n<p>Adem\u00e1s, ellas no eligen a su marido y por eso muchas veces deben enfrentarse a la violencia de g\u00e9nero. Siendo muy j\u00f3venes y sin tener ingresos, se ven forzadas a vivir con estos hombres despreciables, violentos y desagradables.<\/p>\n<p><a href=\"https:\/\/www.humanium.org\/es\/mutilacion-genital\/\"><strong>Mutilaci\u00f3n genital<br \/>\n<\/strong><\/a><br \/>\nEsta <a href=\"https:\/\/www.humanium.org\/es\/mutilacion-genital\/\">pr\u00e1ctica consuetudinaria<\/a> est\u00e1 muy extendida en Yemen. Se calcula que una j\u00f3ven de cada cuatro es objeto de la ablaci\u00f3n durante su juventud.<\/p>\n<p>La falta de higiene y regulaci\u00f3n de la pr\u00e1ctica de la ablaci\u00f3n con frecuencia conlleva serias consecuencias para la salud de estas j\u00f3venes. A menudo se traduce en infecciones, hemorragias y otros problemas relacionados con la operaci\u00f3n que les realizan.<\/p>\n<p><a href=\"https:\/\/www.humanium.org\/es\/ninos-desplazados\/\"><strong>Ni\u00f1os refugiados<br \/>\n<\/strong><\/a><br \/>\n<img loading=\"lazy\" decoding=\"async\" class=\"size-full wp-image-10337 alignright\" title=\"Las condiciones de vida son a menudo dif\u00edciles para los ni\u00f1os de los campos de refugiados. \u00a9 Hugh Macleod (Irin)\" src=\"https:\/\/www.humanium.org\/fr\/wp-content\/uploads\/2011\/07\/yemen-refugie-hugh-macleod-irin.jpg\" alt=\"\" width=\"261\" height=\"200\" \/><a href=\"https:\/\/www.humanium.org\/es\/ninos-desplazados\/\">Miles de familias buscan asilo<\/a> y protecci\u00f3n en los campos de refugiados. Para huir de la violencia del norte del pa\u00eds, la gente inunda estos campos donde se esfuerzan en lo posible para conseguir asilo para este gran n\u00famero de personas.<\/p>\n<p>En estas zonas, las asociaciones brindan\u00a0gran ayuda a los ni\u00f1os de muchas formas. Sin embargo, los ni\u00f1os siguen en estado cr\u00edtico si tenemos en cuenta las graves situaciones traum\u00e1ticas que han sufrido.<\/p>\n<p>Adem\u00e1s, hay demasiados por alimentar y cuidar. <a href=\"https:\/\/www.humanium.org\/es\/derecho-salud\/\">Su salud<\/a> es preocupante, abunda la <a href=\"https:\/\/www.humanium.org\/es\/derecho-alimentacion\/\">malnutrici\u00f3n<\/a> y no todos tienen acceso a una <a href=\"https:\/\/www.humanium.org\/es\/derecho-educacion\/\">educaci\u00f3n<\/a>, debido a que las clases est\u00e1n saturadas. Lo que es m\u00e1s, la falta de instalaciones provoca problemas recurrentes de higiene y enfermedades.<\/p>\n<p><a href=\"https:\/\/www.humanium.org\/es\/derecho-identidad\/\"><strong>Derecho a la identidad<br \/>\n<\/strong><\/a><br \/>\nLa situaci\u00f3n en Yemen es alarmante. Casi el 80% de los nacimientos no se declaran oficialmente a las autoridades p\u00fablicas. Este porcentaje preocupante es en parte el resultado de los costes que suponen los registros, que siguen siendo muy elevados, a pesar de los esfuerzos del pa\u00eds.<\/p>\n<p>Por lo tanto, estos ni\u00f1os no poseen una identificaci\u00f3n oficial o nacionalidad. Esto conlleva grandes dificultades para esta gente, pues no pueden disfrutar de sus derechos, ya que son <a href=\"https:\/\/www.humanium.org\/es\/apatridas-invisibles\/\">invisibles<\/a> a los ojos de la sociedad.<\/p>\n<p><a href=\"https:\/\/www.humanium.org\/es\/ninos-sistema-judicial\/\"><strong>Justicia juvenil<br \/>\n<\/strong><\/a><br \/>\nEn Yemen no hay <a href=\"https:\/\/www.humanium.org\/es\/justicia-juvenil\/\">leyes concretas que amparen a los ni\u00f1os<\/a>. Por ejemplo, los ni\u00f1os obligados a prostituirse dentro de las redes de tr\u00e1fico de menores pueden ser castigados por el hecho de prostituirse.<\/p>\n<p>El gobierno contin\u00faa <a href=\"https:\/\/www.humanium.org\/es\/leyes-justicia-infantil-2\/\">ejecutando a menores<\/a>, vulnerando as\u00ed los derechos fundamentales de estos menores por completo. Los ni\u00f1os que son detenidos por las fuerzas policiales viven en condiciones miserables, en las mismas celdas que los prisioneros adultos.<\/p>\n","protected":false},"excerpt":{"rendered":"<p>Ni\u00f1os de Yemen Descubriendo los derechos infantiles\u00a0en Yemen Las condiciones de vida de los ni\u00f1os de Yemen son terribles. Viven entre violencia, pobreza y problemas de salud; peligros de muerte que forman parte de su d\u00eda a d\u00eda. Principales problemas que afectan a los ni\u00f1os en Yemen: Pobreza En Yemen, el pa\u00eds m\u00e1s pobre del [&hellip;]<\/p>\n","protected":false},"author":1,"featured_media":0,"parent":0,"menu_order":0,"comment_status":"closed","ping_status":"open","template":"","meta":{"footnotes":""},"class_list":["post-2313","page","type-page","status-publish","hentry"],"yoast_head":"<!-- This site is optimized with the Yoast SEO plugin v26.5 - https:\/\/yoast.com\/wordpress\/plugins\/seo\/ -->\n<title>Ni\u00f1os de Yemen - Humanium<\/title>\n<meta name=\"description\" content=\"Las condiciones de vida de los ni\u00f1os de Yemen son terribles. Sus derechos no son respetados. Viven entre violencia, pobreza y problemas de salud.\" \/>\n<meta name=\"robots\" content=\"index, follow, max-snippet:-1, max-image-preview:large, max-video-preview:-1\" \/>\n<link rel=\"canonical\" href=\"https:\/\/www.humanium.org\/es\/yemen\/\" \/>\n<meta property=\"og:locale\" content=\"es_ES\" \/>\n<meta property=\"og:type\" content=\"article\" \/>\n<meta property=\"og:title\" content=\"Ni\u00f1os de Yemen - Humanium\" \/>\n<meta property=\"og:description\" content=\"Las condiciones de vida de los ni\u00f1os de Yemen son terribles. Sus derechos no son respetados. Viven entre violencia, pobreza y problemas de salud.\" \/>\n<meta property=\"og:url\" content=\"https:\/\/www.humanium.org\/es\/yemen\/\" \/>\n<meta property=\"og:site_name\" content=\"Humanium\" \/>\n<meta property=\"article:modified_time\" content=\"2025-12-05T18:04:51+00:00\" \/>\n<meta name=\"twitter:card\" content=\"summary_large_image\" \/>\n<meta name=\"twitter:label1\" content=\"Tiempo de lectura\" \/>\n\t<meta name=\"twitter:data1\" content=\"8 minutos\" \/>\n<script type=\"application\/ld+json\" class=\"yoast-schema-graph\">{\"@context\":\"https:\/\/schema.org\",\"@graph\":[{\"@type\":\"WebPage\",\"@id\":\"https:\/\/www.humanium.org\/es\/yemen\/\",\"url\":\"https:\/\/www.humanium.org\/es\/yemen\/\",\"name\":\"Ni\u00f1os de Yemen - Humanium\",\"isPartOf\":{\"@id\":\"https:\/\/www.humanium.org\/es\/#website\"},\"primaryImageOfPage\":{\"@id\":\"https:\/\/www.humanium.org\/es\/yemen\/#primaryimage\"},\"image\":{\"@id\":\"https:\/\/www.humanium.org\/es\/yemen\/#primaryimage\"},\"thumbnailUrl\":\"https:\/\/www.humanium.org\/fr\/wp-content\/uploads\/2011\/07\/yemen-fillette-soqotra-flickr.jpg\",\"datePublished\":\"2013-06-28T12:43:51+00:00\",\"dateModified\":\"2025-12-05T18:04:51+00:00\",\"description\":\"Las condiciones de vida de los ni\u00f1os de Yemen son terribles. Sus derechos no son respetados. Viven entre violencia, pobreza y problemas de salud.\",\"breadcrumb\":{\"@id\":\"https:\/\/www.humanium.org\/es\/yemen\/#breadcrumb\"},\"inLanguage\":\"es\",\"potentialAction\":[{\"@type\":\"ReadAction\",\"target\":[\"https:\/\/www.humanium.org\/es\/yemen\/\"]}]},{\"@type\":\"ImageObject\",\"inLanguage\":\"es\",\"@id\":\"https:\/\/www.humanium.org\/es\/yemen\/#primaryimage\",\"url\":\"https:\/\/www.humanium.org\/fr\/wp-content\/uploads\/2011\/07\/yemen-fillette-soqotra-flickr.jpg\",\"contentUrl\":\"https:\/\/www.humanium.org\/fr\/wp-content\/uploads\/2011\/07\/yemen-fillette-soqotra-flickr.jpg\"},{\"@type\":\"BreadcrumbList\",\"@id\":\"https:\/\/www.humanium.org\/es\/yemen\/#breadcrumb\",\"itemListElement\":[{\"@type\":\"ListItem\",\"position\":1,\"name\":\"Home\",\"item\":\"https:\/\/www.humanium.org\/es\/\"},{\"@type\":\"ListItem\",\"position\":2,\"name\":\"Ni\u00f1os de Yemen\"}]},{\"@type\":\"WebSite\",\"@id\":\"https:\/\/www.humanium.org\/es\/#website\",\"url\":\"https:\/\/www.humanium.org\/es\/\",\"name\":\"Humanium\",\"description\":\"\u00a1Los ni\u00f1os primero!\",\"potentialAction\":[{\"@type\":\"SearchAction\",\"target\":{\"@type\":\"EntryPoint\",\"urlTemplate\":\"https:\/\/www.humanium.org\/es\/?s={search_term_string}\"},\"query-input\":{\"@type\":\"PropertyValueSpecification\",\"valueRequired\":true,\"valueName\":\"search_term_string\"}}],\"inLanguage\":\"es\"}]}<\/script>\n<!-- \/ Yoast SEO plugin. -->","yoast_head_json":{"title":"Ni\u00f1os de Yemen - Humanium","description":"Las condiciones de vida de los ni\u00f1os de Yemen son terribles. Sus derechos no son respetados. Viven entre violencia, pobreza y problemas de salud.","robots":{"index":"index","follow":"follow","max-snippet":"max-snippet:-1","max-image-preview":"max-image-preview:large","max-video-preview":"max-video-preview:-1"},"canonical":"https:\/\/www.humanium.org\/es\/yemen\/","og_locale":"es_ES","og_type":"article","og_title":"Ni\u00f1os de Yemen - Humanium","og_description":"Las condiciones de vida de los ni\u00f1os de Yemen son terribles. Sus derechos no son respetados. Viven entre violencia, pobreza y problemas de salud.","og_url":"https:\/\/www.humanium.org\/es\/yemen\/","og_site_name":"Humanium","article_modified_time":"2025-12-05T18:04:51+00:00","twitter_card":"summary_large_image","twitter_misc":{"Tiempo de lectura":"8 minutos"},"schema":{"@context":"https:\/\/schema.org","@graph":[{"@type":"WebPage","@id":"https:\/\/www.humanium.org\/es\/yemen\/","url":"https:\/\/www.humanium.org\/es\/yemen\/","name":"Ni\u00f1os de Yemen - Humanium","isPartOf":{"@id":"https:\/\/www.humanium.org\/es\/#website"},"primaryImageOfPage":{"@id":"https:\/\/www.humanium.org\/es\/yemen\/#primaryimage"},"image":{"@id":"https:\/\/www.humanium.org\/es\/yemen\/#primaryimage"},"thumbnailUrl":"https:\/\/www.humanium.org\/fr\/wp-content\/uploads\/2011\/07\/yemen-fillette-soqotra-flickr.jpg","datePublished":"2013-06-28T12:43:51+00:00","dateModified":"2025-12-05T18:04:51+00:00","description":"Las condiciones de vida de los ni\u00f1os de Yemen son terribles. Sus derechos no son respetados. Viven entre violencia, pobreza y problemas de salud.","breadcrumb":{"@id":"https:\/\/www.humanium.org\/es\/yemen\/#breadcrumb"},"inLanguage":"es","potentialAction":[{"@type":"ReadAction","target":["https:\/\/www.humanium.org\/es\/yemen\/"]}]},{"@type":"ImageObject","inLanguage":"es","@id":"https:\/\/www.humanium.org\/es\/yemen\/#primaryimage","url":"https:\/\/www.humanium.org\/fr\/wp-content\/uploads\/2011\/07\/yemen-fillette-soqotra-flickr.jpg","contentUrl":"https:\/\/www.humanium.org\/fr\/wp-content\/uploads\/2011\/07\/yemen-fillette-soqotra-flickr.jpg"},{"@type":"BreadcrumbList","@id":"https:\/\/www.humanium.org\/es\/yemen\/#breadcrumb","itemListElement":[{"@type":"ListItem","position":1,"name":"Home","item":"https:\/\/www.humanium.org\/es\/"},{"@type":"ListItem","position":2,"name":"Ni\u00f1os de Yemen"}]},{"@type":"WebSite","@id":"https:\/\/www.humanium.org\/es\/#website","url":"https:\/\/www.humanium.org\/es\/","name":"Humanium","description":"\u00a1Los ni\u00f1os primero!","potentialAction":[{"@type":"SearchAction","target":{"@type":"EntryPoint","urlTemplate":"https:\/\/www.humanium.org\/es\/?s={search_term_string}"},"query-input":{"@type":"PropertyValueSpecification","valueRequired":true,"valueName":"search_term_string"}}],"inLanguage":"es"}]}},"_links":{"self":[{"href":"https:\/\/www.humanium.org\/es\/wp-json\/wp\/v2\/pages\/2313","targetHints":{"allow":["GET"]}}],"collection":[{"href":"https:\/\/www.humanium.org\/es\/wp-json\/wp\/v2\/pages"}],"about":[{"href":"https:\/\/www.humanium.org\/es\/wp-json\/wp\/v2\/types\/page"}],"author":[{"embeddable":true,"href":"https:\/\/www.humanium.org\/es\/wp-json\/wp\/v2\/users\/1"}],"replies":[{"embeddable":true,"href":"https:\/\/www.humanium.org\/es\/wp-json\/wp\/v2\/comments?post=2313"}],"version-history":[{"count":4,"href":"https:\/\/www.humanium.org\/es\/wp-json\/wp\/v2\/pages\/2313\/revisions"}],"predecessor-version":[{"id":20506,"href":"https:\/\/www.humanium.org\/es\/wp-json\/wp\/v2\/pages\/2313\/revisions\/20506"}],"wp:attachment":[{"href":"https:\/\/www.humanium.org\/es\/wp-json\/wp\/v2\/media?parent=2313"}],"curies":[{"name":"wp","href":"https:\/\/api.w.org\/{rel}","templated":true}]}}