{"id":2344,"date":"2013-06-28T14:28:07","date_gmt":"2013-06-28T14:28:07","guid":{"rendered":"http:\/\/www.humanium.org\/es\/?page_id=2344"},"modified":"2025-12-05T18:05:53","modified_gmt":"2025-12-05T18:05:53","slug":"mauritania","status":"publish","type":"page","link":"https:\/\/www.humanium.org\/es\/mauritania\/","title":{"rendered":"Ni\u00f1os de Mauritania"},"content":{"rendered":"<h1>Ni\u00f1os de Mauritania<\/h1>\n<h2>Descubriendo los Derechos del Ni\u00f1o en Mauritania<\/h2>\n<p style=\"text-align: center;\"><img loading=\"lazy\" decoding=\"async\" class=\" wp-image-27256 alignnone\" title=\"Ni\u00f1a de Mauritania \u00a9 Ametxa (Flickr)\" src=\"https:\/\/www.humanium.org\/fr\/wp-content\/uploads\/2011\/08\/mauritanie-flickr-ametxa-fillette-no-retouch.jpg\" alt=\"\" width=\"144\" height=\"200\" \/> <img loading=\"lazy\" decoding=\"async\" class=\"alignnone wp-image-27262\" title=\"Ni\u00f1o de Mauritania \u00a9 Ametxa (Flickr)\" src=\"https:\/\/www.humanium.org\/fr\/wp-content\/uploads\/2011\/08\/ametxa-garcon-mauritanie-flickr-no-retouch.jpg\" alt=\"\" width=\"182\" height=\"200\" \/><\/p>\n<p>La situaci\u00f3n de los derechos de los ni\u00f1os en Mauritania est\u00e1 lejos de ser satisfactoria. Inmersos en un mundo de trabajo, racismo, pobreza y violencia, los ni\u00f1os de este pa\u00eds est\u00e1n lejos de vivir con la alegr\u00eda y la inocencia que les tocar\u00eda por su edad. Muchos de ellos cargan con responsabilidades que no les permiten disfrutar de asueto alguno, ni divertirse sin sufrir graves consecuencias.<\/p>\n<h3>Principales problemas que afectan a los ni\u00f1os en Mauritania :<\/h3>\n<p><a href=\"https:\/\/www.humanium.org\/es\/pobreza-infantil\/\"><strong>Pobreza<br \/>\n<\/strong><\/a><br \/>\n<img loading=\"lazy\" decoding=\"async\" class=\"size-full wp-image-13841 alignright\" title=\"40 % de la population vit en dessous du seuil de pauvret\u00e9 en Mauritanie. \u00a9 Elrentaplats (Flickr)\" src=\"https:\/\/www.humanium.org\/fr\/wp-content\/uploads\/2011\/08\/elrentaplats-flickr-mauritanie-pauvret.jpg\" alt=\"\" width=\"118\" height=\"106\" \/>El 40 % de la poblaci\u00f3n vive por debajo del umbral de la <a href=\"https:\/\/www.humanium.org\/es\/pobreza-infantil\/\">pobreza<\/a> y la RNB (Renta Nacional Bruta) por habitante figura entre las m\u00e1s bajas del mundo. En los pueblos m\u00e1s apartados, la pobreza adquiere tintes alarmantes y alcanza a toda la poblaci\u00f3n, sin omitir a nadie.<\/p>\n<p><a href=\"https:\/\/www.humanium.org\/es\/derecho-salud\/\"><strong>Derecho a la salud<br \/>\n<\/strong><\/a><br \/>\nEl \u00edndice de <a href=\"https:\/\/www.humanium.org\/es\/mortalidad-infantil\/\">mortalidad infantil<\/a> es particularmente elevado en Mauritania y el n\u00famero de reci\u00e9n nacidos con bajo peso es alarmante, ya que alcanza el 34 %. Asimismo, a pesar de las \u00faltimas campa\u00f1as de vacunaci\u00f3n, el t\u00e9tanos maternal y neonatal sigue estando presente en los establecimientos hospitalarios, lo que agrava los problemas de <a href=\"https:\/\/www.humanium.org\/es\/derecho-salud\/\">salud<\/a> de los beb\u00e9s. Por otra parte, la poblaci\u00f3n mauritana est\u00e1 empezando a aceptar los beneficios de las vacunas, en claro contraste con su actitud hasta un pasado reciente, cuando consideraba que las vacunas eran una ofensa para los creyentes.<\/p>\n<p>En cuanto a los ni\u00f1os con enfermedades mentales, no se les tiene en cuenta; carecen de seguimiento, no se les incorpora en ninguna estructura, ni les atiende personal de ning\u00fan tipo, por lo que quedan totalmente abandonados a su suerte.<\/p>\n<p><a href=\"https:\/\/www.humanium.org\/es\/derecho-agua\/\"><strong>Derecho al agua<\/strong><\/a><\/p>\n<p><img loading=\"lazy\" decoding=\"async\" class=\"alignright size-full wp-image-9951\" title=\"Les enfants mauritaniens souffrent quotidiennement du manque d'eau. \u00a9 Ametxa (Flickr)\" src=\"https:\/\/www.humanium.org\/fr\/wp-content\/uploads\/2011\/06\/mauritanie-eau-flickr-ametxa-no-retouch.jpg\" alt=\"\" width=\"190\" height=\"190\" \/><\/p>\n<p>La <a href=\"https:\/\/www.humanium.org\/es\/derecho-agua\/\">falta de agua<\/a> es fuente de numerosas enfermedades que, en ocasiones, pueden llegar a ser muy graves: diarreas, fiebres, dolores agudos&#8230; Por otra parte, la higiene pasa a un segundo plano debido a la escasez de agua en las instalaciones higi\u00e9nicas y los lavabos. A menudo, el agua potable se destina exclusivamente a hidratarse. En general, el saneamiento del agua potable ha mejorado, aunque, en algunas zonas del pa\u00eds, la situaci\u00f3n sigue siendo cr\u00edtica.<\/p>\n<p><a href=\"https:\/\/www.humanium.org\/es\/abuso-infantil\/\"><strong>Maltrato a la infancia<br \/>\n<\/strong><\/a><br \/>\nEn algunas escuelas se siguen empleando m\u00e9todos brutales y violentos. De hecho, numerosos ni\u00f1os sufren castigos f\u00edsicos y los profesores no escatiman imaginaci\u00f3n a la hora de encontrar castigos a cual m\u00e1s cruel.<\/p>\n<p>En determinados c\u00edrculos de este pa\u00eds, los castigos corporales siguen formando parte de las costumbres. As\u00ed, tanto en la escuela como en el hogar, es normal que a un ni\u00f1o se le castigue f\u00edsicamente cuando comete una falta. Para cambiar esta actitud, se ha creado un grupo de estudios del Cor\u00e1n. Dicho grupo ha presentado un informe en el que se concluye que el Cor\u00e1n no aboga a favor de la la violencia en el trato con el ni\u00f1o. Desde la publicaci\u00f3n de dicho informe, se ha redactado un edicto religioso por el que se proh\u00edbe la <a href=\"https:\/\/www.humanium.org\/es\/abuso-infantil\/\">violencia<\/a> en el entorno familiar y en la escuela.<\/p>\n<p>Sin embargo, millares de ni\u00f1os siguen sufriendo maltrato en Mauritania, en clara contradicci\u00f3n con la <a href=\"https:\/\/www.humanium.org\/es\/convencion\/\">Convenci\u00f3n sobre los Derechos del Ni\u00f1o<\/a>.<\/p>\n<p><a href=\"https:\/\/www.humanium.org\/es\/derecho-educacion\/\"><strong>Derecho a la educaci\u00f3n<\/strong><\/a><\/p>\n<p><img loading=\"lazy\" decoding=\"async\" class=\"size-full wp-image-9952 alignright\" title=\"Les structures et le mat\u00e9riel scolaire sont tr\u00e8s insuffisants en Mauritanie. \u00a9 John Spooner (Flickr)\" src=\"https:\/\/www.humanium.org\/fr\/wp-content\/uploads\/2011\/06\/mauritanie-john-spooner-ecole-flickr.jpg\" alt=\"\" width=\"211\" height=\"177\" \/><\/p>\n<p>En Mauritania, en torno a 1 de cada 6 ni\u00f1os no est\u00e1 escolarizado. La mayor\u00eda de los establecimientos destinados a la educaci\u00f3n de los ni\u00f1os se encuentran en mal estado y est\u00e1n infraequipados. En muy raras ocasiones disponen de espacios libres o de patios para el recreo. As\u00ed, la salud mental y f\u00edsica de los ni\u00f1os se resiente, ya que carecen de la posibilidad de acceder al ocio.<\/p>\n<p>Por otra parte, todav\u00eda existen familias que siguen mostr\u00e1ndose reacias a escolarizar a sus hijos. No son conscientes de los beneficios de la <a href=\"https:\/\/www.humanium.org\/es\/derecho-educacion\/\">educaci\u00f3n<\/a> escolar y prefieren que sus hijos trabajen y contribuyan a atender las necesidades de la familia.<\/p>\n<p><a href=\"https:\/\/www.humanium.org\/es\/mutilacion-genital\/\"><strong>Mutilaciones genitales<br \/>\n<\/strong><\/a><br \/>\nEn Mauritania, el problema de las <a href=\"https:\/\/www.humanium.org\/es\/mutilacion-genital\/\">mutilaciones genitales<\/a> es grave. Alrededor del 66 % de las ni\u00f1as del pa\u00eds se ven afectadas. Las condiciones de precariedad y falta de higiene en las que se practican las ablaciones tienen a menudo graves consecuencias sobre la salud de las ni\u00f1as. Con frecuencia, padecen infecciones, hemorragias y otros problemas ligados a esta operaci\u00f3n.<\/p>\n<p><a href=\"https:\/\/www.humanium.org\/es\/trabajo-infantil\/\"><strong>Trabajo infantil<\/strong><\/a><\/p>\n<p><img loading=\"lazy\" decoding=\"async\" class=\"alignright size-full wp-image-9953\" title=\"Un jeune enfant mauritanien travaillant dans les champs. \u00a9 Christing.O. (Flickr)\" src=\"https:\/\/www.humanium.org\/fr\/wp-content\/uploads\/2011\/06\/travail-enfant-mauritanie-flickr-christing-o.jpg\" alt=\"\" width=\"230\" height=\"167\" \/><\/p>\n<p>En Mauritania, alrededor de 1 de cada 6 ni\u00f1os se ve obligado a <a href=\"https:\/\/www.humanium.org\/es\/trabajo-infantil\/\">trabajar<\/a>. A menudo se env\u00eda a los ni\u00f1os a trabajar en la agricultura, la ganader\u00eda o en talleres mec\u00e1nicos. En lo que respecta a las ni\u00f1as, estas suelen trabajar en el servicio dom\u00e9stico y sus condiciones de vida son m\u00e1s que precarias.<\/p>\n<p>Por su parte, algunas familias pobres conf\u00edan a sus hijos, a edades muy tempranas, a morabitos, una especie de habitantes de ermitas para musulmanes. Estos ni\u00f1os, denominados \u00abalmuudo\u00bb, viven en condiciones deplorables. Habitan en lugares oscuros y totalmente insalubres y, a menudo, son v\u00edctimas de abusos y <a href=\"https:\/\/www.humanium.org\/es\/abuso-infantil\/\">maltrato<\/a>. El morabito se encarga de proporcionar al ni\u00f1o una educaci\u00f3n religiosa, aunque en realidad, el ni\u00f1o recita sin cesar las l\u00edneas del Cor\u00e1n, no siempre comprendi\u00e9ndolas y, si se equivoca, recibe palizas. Los ni\u00f1os almuudo se ven obligados a mendigar durante el d\u00eda, bajo un sol de justicia, para alimentarse y contribuir a pagar al morabito por su atenci\u00f3n.<\/p>\n<p>Algunos de estos institutos respetan los derechos de los ni\u00f1os, aunque una gran mayor\u00eda violan gravemente sus derechos y atentan cruelmente contra su <a href=\"https:\/\/www.humanium.org\/es\/derecho-vida\/\">vida<\/a>, su <a href=\"https:\/\/www.humanium.org\/es\/derecho-educacion\/\">educaci\u00f3n<\/a> y su <a href=\"https:\/\/www.humanium.org\/es\/derecho-salud\/\">salud<\/a>.<\/p>\n<p><a href=\"https:\/\/www.humanium.org\/es\/no-discriminacion\/\"><strong>Derecho a la no discriminaci\u00f3n<br \/>\n<\/strong><\/a><br \/>\nMauritania est\u00e1 realizando verdaderos esfuerzos en materia de no <a href=\"https:\/\/www.humanium.org\/es\/no-discriminacion\/\">discriminaci\u00f3n<\/a>. Desgraciadamente, este progreso, visible en la legislaci\u00f3n, sigue sin plasmarse en la calle. As\u00ed, la comunidad negra del pa\u00eds sigue siendo objeto de racismo, aunque la sociedad en general, tanto en medios pol\u00edticos, como econ\u00f3micos y sociales, niegue con frecuencia que dicho problema exista. Por otra parte, todo avance jur\u00eddico carece de efecto, si las personas v\u00edctimas de discriminaci\u00f3n no se atreven a recurrir a los tribunales.<\/p>\n<p>La discriminaci\u00f3n tambi\u00e9n afecta a los <a href=\"https:\/\/www.humanium.org\/es\/ninos-discapacitados\/\">ni\u00f1os con discapacidades<\/a>. Las escuelas no disponen de estructuras ni de personal adecuado para acogerlos, lo que impide que realmente puedan disfrutar de las mismas oportunidades que los dem\u00e1s ni\u00f1os, en clara contradicci\u00f3n con lo dispuesto en la <a href=\"https:\/\/www.humanium.org\/es\/convencion\/\">Convenci\u00f3n sobre los Derechos del Ni\u00f1o<\/a>.<\/p>\n<p>Por \u00faltimo, existe otra categor\u00eda de ni\u00f1o que sufre una discriminaci\u00f3n cruel: los ni\u00f1os nacidos fuera del matrimonio. La legislaci\u00f3n que rige su caso es muy restrictiva y no gozan de los mismos derechos que los ni\u00f1os denominados \u00ableg\u00edtimos\u00bb.<\/p>\n<p><a href=\"https:\/\/www.humanium.org\/es\/derecho-proteccion\/\"><strong>Libertad de expresi\u00f3n<\/strong><\/a><\/p>\n<p><img loading=\"lazy\" decoding=\"async\" class=\"size-medium wp-image-9955 alignright\" title=\"L'opinion des enfants est totalement pass\u00e9e sous silence en Mauritanie. \u00a9 John Spooner (Flickr)\" src=\"https:\/\/www.humanium.org\/fr\/wp-content\/uploads\/2011\/06\/expression-mauritanie-john-spooner-flickr-300x166.jpg\" alt=\"\" width=\"300\" height=\"166\" \/><\/p>\n<p>La corrupci\u00f3n es end\u00e9mica en Mauritania. Las prisiones est\u00e1n superpobladas y la polic\u00eda sigue arrestando. <a href=\"https:\/\/www.humanium.org\/es\/derecho-proteccion\/\">La libertad de expresi\u00f3n<\/a> se paga caro: manifestantes o, simplemente, defensores de derechos humanos son objeto de detenciones ilegales, torturas e intimidaciones. Por otra parte, las fuerzas de seguridad solo entienden el lenguaje de la violencia y la gran mayor\u00eda de las manifestaciones acaban en ba\u00f1os de sangre en los que llegan a producirse muertos. Las v\u00edctimas son tanto hombres como mujeres, aunque \u00e9stas \u00faltimas adem\u00e1s son violadas antes de que las autoridades p\u00fablicas las apaleen cruelmente; incluso, en algunos casos, sus hijos han ca\u00eddo v\u00edctimas de esa masacre.<\/p>\n<p>Las autoridades no tienen en cuenta la opini\u00f3n de los ni\u00f1os; su posici\u00f3n est\u00e1 estrictamente definida y no se les permite desviarse del pensamiento oficial.<\/p>\n<p><a href=\"https:\/\/www.humanium.org\/es\/matrimonio-infantil\/\"><strong>Matrimonios infantiles<br \/>\n<\/strong><\/a><br \/>\nEn Mauritania, m\u00e1s de un tercio de las j\u00f3venes se ven obligadas a casarse antes de cumplir los 18 a\u00f1os. Por otra parte, desde edades muy tempranas se las prepara para su futuro papel de esposas. A menudo, <a href=\"https:\/\/www.humanium.org\/es\/matrimonio-infantil\/\">estos matrimonios precoces<\/a> tienen graves consecuencias para la salud de las j\u00f3venes, ya que estas no son conscientes de lo que entra\u00f1a el matrimonio.<\/p>\n<p><a href=\"https:\/\/www.humanium.org\/es\/derecho-identidad\/\"><strong>Derecho a la identidad<br \/>\n<\/strong><\/a><br \/>\nEn Mauritania, el 56 % de los nacimientos no se declaran, por lo que estos ni\u00f1os no tienen ni <a href=\"https:\/\/www.humanium.org\/es\/derecho-identidad\/\">identidad oficial <\/a>ni nacionalidad. En el futuro, esto les acarrear\u00e1 graves dificultades, ya que no podr\u00e1n gozar de sus derechos y, a ojos de la sociedad, ser\u00e1n <a href=\"https:\/\/www.humanium.org\/es\/apatridas-invisibles\/\">invisibles<\/a>.<\/p>\n","protected":false},"excerpt":{"rendered":"<p>Ni\u00f1os de Mauritania Descubriendo los Derechos del Ni\u00f1o en Mauritania La situaci\u00f3n de los derechos de los ni\u00f1os en Mauritania est\u00e1 lejos de ser satisfactoria. Inmersos en un mundo de trabajo, racismo, pobreza y violencia, los ni\u00f1os de este pa\u00eds est\u00e1n lejos de vivir con la alegr\u00eda y la inocencia que les tocar\u00eda por su [&hellip;]<\/p>\n","protected":false},"author":1,"featured_media":0,"parent":0,"menu_order":0,"comment_status":"closed","ping_status":"open","template":"","meta":{"footnotes":""},"class_list":["post-2344","page","type-page","status-publish","hentry"],"yoast_head":"<!-- This site is optimized with the Yoast SEO plugin v26.5 - https:\/\/yoast.com\/wordpress\/plugins\/seo\/ -->\n<title>Ni\u00f1os de Mauritania - Humanium<\/title>\n<meta name=\"description\" content=\"Inmersos en un mundo de trabajo, racismo, pobreza y violencia, los ni\u00f1os de Mauritania est\u00e1n lejos de disfrutar de sus derechos.\" \/>\n<meta name=\"robots\" content=\"index, follow, max-snippet:-1, max-image-preview:large, max-video-preview:-1\" \/>\n<link rel=\"canonical\" href=\"https:\/\/www.humanium.org\/es\/mauritania\/\" \/>\n<meta property=\"og:locale\" content=\"es_ES\" \/>\n<meta property=\"og:type\" content=\"article\" \/>\n<meta property=\"og:title\" content=\"Ni\u00f1os de Mauritania - Humanium\" \/>\n<meta property=\"og:description\" content=\"Inmersos en un mundo de trabajo, racismo, pobreza y violencia, los ni\u00f1os de Mauritania est\u00e1n lejos de disfrutar de sus derechos.\" \/>\n<meta property=\"og:url\" content=\"https:\/\/www.humanium.org\/es\/mauritania\/\" \/>\n<meta property=\"og:site_name\" content=\"Humanium\" \/>\n<meta property=\"article:modified_time\" content=\"2025-12-05T18:05:53+00:00\" \/>\n<meta name=\"twitter:card\" content=\"summary_large_image\" \/>\n<meta name=\"twitter:label1\" content=\"Tiempo de lectura\" \/>\n\t<meta name=\"twitter:data1\" content=\"8 minutos\" \/>\n<script type=\"application\/ld+json\" class=\"yoast-schema-graph\">{\"@context\":\"https:\/\/schema.org\",\"@graph\":[{\"@type\":\"WebPage\",\"@id\":\"https:\/\/www.humanium.org\/es\/mauritania\/\",\"url\":\"https:\/\/www.humanium.org\/es\/mauritania\/\",\"name\":\"Ni\u00f1os de Mauritania - Humanium\",\"isPartOf\":{\"@id\":\"https:\/\/www.humanium.org\/es\/#website\"},\"primaryImageOfPage\":{\"@id\":\"https:\/\/www.humanium.org\/es\/mauritania\/#primaryimage\"},\"image\":{\"@id\":\"https:\/\/www.humanium.org\/es\/mauritania\/#primaryimage\"},\"thumbnailUrl\":\"https:\/\/www.humanium.org\/fr\/wp-content\/uploads\/2011\/08\/mauritanie-flickr-ametxa-fillette-no-retouch.jpg\",\"datePublished\":\"2013-06-28T14:28:07+00:00\",\"dateModified\":\"2025-12-05T18:05:53+00:00\",\"description\":\"Inmersos en un mundo de trabajo, racismo, pobreza y violencia, los ni\u00f1os de Mauritania est\u00e1n lejos de disfrutar de sus derechos.\",\"breadcrumb\":{\"@id\":\"https:\/\/www.humanium.org\/es\/mauritania\/#breadcrumb\"},\"inLanguage\":\"es\",\"potentialAction\":[{\"@type\":\"ReadAction\",\"target\":[\"https:\/\/www.humanium.org\/es\/mauritania\/\"]}]},{\"@type\":\"ImageObject\",\"inLanguage\":\"es\",\"@id\":\"https:\/\/www.humanium.org\/es\/mauritania\/#primaryimage\",\"url\":\"https:\/\/www.humanium.org\/fr\/wp-content\/uploads\/2011\/08\/mauritanie-flickr-ametxa-fillette-no-retouch.jpg\",\"contentUrl\":\"https:\/\/www.humanium.org\/fr\/wp-content\/uploads\/2011\/08\/mauritanie-flickr-ametxa-fillette-no-retouch.jpg\"},{\"@type\":\"BreadcrumbList\",\"@id\":\"https:\/\/www.humanium.org\/es\/mauritania\/#breadcrumb\",\"itemListElement\":[{\"@type\":\"ListItem\",\"position\":1,\"name\":\"Home\",\"item\":\"https:\/\/www.humanium.org\/es\/\"},{\"@type\":\"ListItem\",\"position\":2,\"name\":\"Ni\u00f1os de Mauritania\"}]},{\"@type\":\"WebSite\",\"@id\":\"https:\/\/www.humanium.org\/es\/#website\",\"url\":\"https:\/\/www.humanium.org\/es\/\",\"name\":\"Humanium\",\"description\":\"\u00a1Los ni\u00f1os primero!\",\"potentialAction\":[{\"@type\":\"SearchAction\",\"target\":{\"@type\":\"EntryPoint\",\"urlTemplate\":\"https:\/\/www.humanium.org\/es\/?s={search_term_string}\"},\"query-input\":{\"@type\":\"PropertyValueSpecification\",\"valueRequired\":true,\"valueName\":\"search_term_string\"}}],\"inLanguage\":\"es\"}]}<\/script>\n<!-- \/ Yoast SEO plugin. -->","yoast_head_json":{"title":"Ni\u00f1os de Mauritania - Humanium","description":"Inmersos en un mundo de trabajo, racismo, pobreza y violencia, los ni\u00f1os de Mauritania est\u00e1n lejos de disfrutar de sus derechos.","robots":{"index":"index","follow":"follow","max-snippet":"max-snippet:-1","max-image-preview":"max-image-preview:large","max-video-preview":"max-video-preview:-1"},"canonical":"https:\/\/www.humanium.org\/es\/mauritania\/","og_locale":"es_ES","og_type":"article","og_title":"Ni\u00f1os de Mauritania - Humanium","og_description":"Inmersos en un mundo de trabajo, racismo, pobreza y violencia, los ni\u00f1os de Mauritania est\u00e1n lejos de disfrutar de sus derechos.","og_url":"https:\/\/www.humanium.org\/es\/mauritania\/","og_site_name":"Humanium","article_modified_time":"2025-12-05T18:05:53+00:00","twitter_card":"summary_large_image","twitter_misc":{"Tiempo de lectura":"8 minutos"},"schema":{"@context":"https:\/\/schema.org","@graph":[{"@type":"WebPage","@id":"https:\/\/www.humanium.org\/es\/mauritania\/","url":"https:\/\/www.humanium.org\/es\/mauritania\/","name":"Ni\u00f1os de Mauritania - Humanium","isPartOf":{"@id":"https:\/\/www.humanium.org\/es\/#website"},"primaryImageOfPage":{"@id":"https:\/\/www.humanium.org\/es\/mauritania\/#primaryimage"},"image":{"@id":"https:\/\/www.humanium.org\/es\/mauritania\/#primaryimage"},"thumbnailUrl":"https:\/\/www.humanium.org\/fr\/wp-content\/uploads\/2011\/08\/mauritanie-flickr-ametxa-fillette-no-retouch.jpg","datePublished":"2013-06-28T14:28:07+00:00","dateModified":"2025-12-05T18:05:53+00:00","description":"Inmersos en un mundo de trabajo, racismo, pobreza y violencia, los ni\u00f1os de Mauritania est\u00e1n lejos de disfrutar de sus derechos.","breadcrumb":{"@id":"https:\/\/www.humanium.org\/es\/mauritania\/#breadcrumb"},"inLanguage":"es","potentialAction":[{"@type":"ReadAction","target":["https:\/\/www.humanium.org\/es\/mauritania\/"]}]},{"@type":"ImageObject","inLanguage":"es","@id":"https:\/\/www.humanium.org\/es\/mauritania\/#primaryimage","url":"https:\/\/www.humanium.org\/fr\/wp-content\/uploads\/2011\/08\/mauritanie-flickr-ametxa-fillette-no-retouch.jpg","contentUrl":"https:\/\/www.humanium.org\/fr\/wp-content\/uploads\/2011\/08\/mauritanie-flickr-ametxa-fillette-no-retouch.jpg"},{"@type":"BreadcrumbList","@id":"https:\/\/www.humanium.org\/es\/mauritania\/#breadcrumb","itemListElement":[{"@type":"ListItem","position":1,"name":"Home","item":"https:\/\/www.humanium.org\/es\/"},{"@type":"ListItem","position":2,"name":"Ni\u00f1os de Mauritania"}]},{"@type":"WebSite","@id":"https:\/\/www.humanium.org\/es\/#website","url":"https:\/\/www.humanium.org\/es\/","name":"Humanium","description":"\u00a1Los ni\u00f1os primero!","potentialAction":[{"@type":"SearchAction","target":{"@type":"EntryPoint","urlTemplate":"https:\/\/www.humanium.org\/es\/?s={search_term_string}"},"query-input":{"@type":"PropertyValueSpecification","valueRequired":true,"valueName":"search_term_string"}}],"inLanguage":"es"}]}},"_links":{"self":[{"href":"https:\/\/www.humanium.org\/es\/wp-json\/wp\/v2\/pages\/2344","targetHints":{"allow":["GET"]}}],"collection":[{"href":"https:\/\/www.humanium.org\/es\/wp-json\/wp\/v2\/pages"}],"about":[{"href":"https:\/\/www.humanium.org\/es\/wp-json\/wp\/v2\/types\/page"}],"author":[{"embeddable":true,"href":"https:\/\/www.humanium.org\/es\/wp-json\/wp\/v2\/users\/1"}],"replies":[{"embeddable":true,"href":"https:\/\/www.humanium.org\/es\/wp-json\/wp\/v2\/comments?post=2344"}],"version-history":[{"count":3,"href":"https:\/\/www.humanium.org\/es\/wp-json\/wp\/v2\/pages\/2344\/revisions"}],"predecessor-version":[{"id":20513,"href":"https:\/\/www.humanium.org\/es\/wp-json\/wp\/v2\/pages\/2344\/revisions\/20513"}],"wp:attachment":[{"href":"https:\/\/www.humanium.org\/es\/wp-json\/wp\/v2\/media?parent=2344"}],"curies":[{"name":"wp","href":"https:\/\/api.w.org\/{rel}","templated":true}]}}