{"id":2382,"date":"2013-06-30T22:02:26","date_gmt":"2013-06-30T22:02:26","guid":{"rendered":"http:\/\/www.humanium.org\/es\/?page_id=2382"},"modified":"2025-12-05T17:49:05","modified_gmt":"2025-12-05T17:49:05","slug":"tayikistan","status":"publish","type":"page","link":"https:\/\/www.humanium.org\/es\/tayikistan\/","title":{"rendered":"Ni\u00f1os de Tayikist\u00e1n"},"content":{"rendered":"<h1>Ni\u00f1os de Tayikist\u00e1n<\/h1>\n<h2>Descubriendo los Derechos del Ni\u00f1o en Tayikist\u00e1n<\/h2>\n<p style=\"text-align: center;\"><img loading=\"lazy\" decoding=\"async\" class=\" wp-image-27256 alignnone\" title=\"Ni\u00f1a de Tayikist\u00e1n \u00a9 Chenevier (Flickr)\" src=\"https:\/\/www.humanium.org\/fr\/wp-content\/uploads\/2011\/08\/fillette-chenevier-flickr.jpg\" alt=\"\" width=\"153\" height=\"200\" \/> <img loading=\"lazy\" decoding=\"async\" class=\"alignnone wp-image-27262\" title=\"Ni\u00f1o de Tayikist\u00e1n \u00a9 Kvitlauk (Flickr)\" src=\"https:\/\/www.humanium.org\/fr\/wp-content\/uploads\/2011\/08\/garcon-kvitlauk-flickr.jpg\" alt=\"\" width=\"131\" height=\"200\" \/><\/p>\n<p>Tayikist\u00e1n ha atravesado situaciones muy duras en los \u00faltimos a\u00f1os: una guerra civil, varias crisis socioecon\u00f3micas, pobreza, corrupci\u00f3n; situaciones de las que los ni\u00f1os no se han librado. No obstante, el respeto de sus derechos se ha visto reforzado \u00faltimamente, aunque estos a\u00fan permanecen vulnerables.<\/p>\n<h3>Principales problemas que afectan a los ni\u00f1os en Tayikist\u00e1n:<\/h3>\n<p><a href=\"https:\/\/www.humanium.org\/es\/pobreza-infantil\/\"><strong>Pobreza<br \/>\n<\/strong><\/a><br \/>\n<img loading=\"lazy\" decoding=\"async\" class=\"size-full wp-image-12697 alignright\" title=\"La pobreza afecta a muchos ni\u00f1os de Tayikist\u00e1n, lo cual repercute negativamente en la mayor\u00eda de sus derechos. \u00a9 Groundreporter (Flickr)\" src=\"https:\/\/www.humanium.org\/fr\/wp-content\/uploads\/2011\/08\/pauvrete-groundreporter-flickr.jpg\" alt=\"\" width=\"217\" height=\"163\" \/>En Tayikist\u00e1n, m\u00e1s de uno de cada dos habitantes vive por debajo del umbral de pobreza. La tasa de <a href=\"https:\/\/www.humanium.org\/es\/pobreza-infantil\/\">pobreza<\/a> es m\u00e1s alta en la poblaci\u00f3n infantil que en la adulta: 66% entre los menores de 18 a\u00f1os. Las dificultades econ\u00f3micas afectan a muchos de sus derechos, como por ejemplo, el acceso a una buena <a href=\"https:\/\/www.humanium.org\/es\/derecho-educacion\/\">educaci\u00f3n<\/a>, a una <a href=\"https:\/\/www.humanium.org\/es\/derecho-salud\/\">atenci\u00f3n sanitaria<\/a> o a una vivienda.<\/p>\n<p><a href=\"https:\/\/www.humanium.org\/es\/no-discriminacion\/\"><strong>Discriminaci\u00f3n sexual<br \/>\n<\/strong><\/a><br \/>\nA pesar de los progresos legislativos de Tayikist\u00e1n para combatir la discriminaci\u00f3n por raz\u00f3n de sexo, queda mucho por hacer, ya que la <a href=\"https:\/\/www.humanium.org\/es\/no-discriminacion\/\">discriminaci\u00f3n<\/a> contra mujeres y ni\u00f1as a\u00fan es frecuente. Algunas actitudes enraizadas en la tradici\u00f3n religiosa impiden que \u00e9stas tengan una presencia activa en la sociedad. Su escolarizaci\u00f3n es vista como una p\u00e9rdida de tiempo, por lo que su acceso a determinadas instituciones p\u00fablicas es limitado. Por todo ello, las j\u00f3venes encuentran muchas trabas para disfrutar plenamente de todos sus derechos.<\/p>\n<p><a href=\"https:\/\/www.humanium.org\/es\/derecho-educacion\/\"><strong>Derecho a la educaci\u00f3n<\/strong><\/a><\/p>\n<p><img loading=\"lazy\" decoding=\"async\" class=\"alignright size-full wp-image-12698\" title=\"Existen numerosas desigualdades en el \u00e1mbito educativo, especialmente en detrimento de las chicas. \u00a9 Yodod (Flickr)\" src=\"https:\/\/www.humanium.org\/fr\/wp-content\/uploads\/2011\/08\/education-yodod-flickr-notouch.jpg\" alt=\"\" width=\"216\" height=\"142\" \/><\/p>\n<p>La tasa de escolarizaci\u00f3n es m\u00e1s bien alentadora en Tayikist\u00e1n. Sin embargo, siguen existiendo algunos problemas preocupantes. La <a href=\"https:\/\/www.humanium.org\/es\/no-discriminacion\/\">discriminaci\u00f3n<\/a> contra las ni\u00f1as en el \u00e1mbito educativo provoca que muchas de ellas abandonen los estudios. Del mismo modo, el acceso a la <a href=\"https:\/\/www.humanium.org\/es\/derecho-educacion\/\">educaci\u00f3n<\/a> por parte de los j\u00f3venes que viven en las \u00e1reas rurales es bastante complicado, sobre todo, por razones econ\u00f3micas.<\/p>\n<p>Adem\u00e1s de ser de peor calidad, la educaci\u00f3n no toma en consideraci\u00f3n la diversidad cultural del pa\u00eds. Los ni\u00f1os pertenecientes a minor\u00edas \u00e9tnicas tienen dificultades para comprender las materias y el vocabulario utilizado por sus profesores.<\/p>\n<p><a href=\"https:\/\/www.humanium.org\/es\/ninos-discapacitados\/\"><strong>Los ni\u00f1os con discapacidad<br \/>\n<\/strong><\/a><br \/>\nEn Tayikist\u00e1n, la atenci\u00f3n a <a href=\"https:\/\/www.humanium.org\/es\/ninos-discapacitados\/\">los ni\u00f1os con discapacidad<\/a> est\u00e1 lejos de ser satisfactoria. Estos ni\u00f1os suelen ser enviados a instituciones especiales, donde ni unas buenas condiciones de vida ni el respeto de sus derechos est\u00e1n garantizados. Las instalaciones son muy antiguas y los servicios de muy baja calidad. Los ni\u00f1os con discapacidad no se benefician de una educaci\u00f3n correcta, ni de unas condiciones de higiene, de alimentaci\u00f3n y de sanidad apropiadas.<\/p>\n<p><a href=\"https:\/\/www.humanium.org\/es\/abuso-infantil\/\"><strong>Abusos<br \/>\n<\/strong><\/a><br \/>\nTayikist\u00e1n ha implantado un n\u00famero de programas dise\u00f1ados para erradicar el <a href=\"https:\/\/www.humanium.org\/es\/abuso-infantil\/\">abuso<\/a> infantil. Por desgracia, estos esfuerzos no se aplican en la totalidad del pa\u00eds y en algunas regiones remotas, a\u00fan hay ni\u00f1os que sufren abusos.<\/p>\n<p><img loading=\"lazy\" decoding=\"async\" class=\"size-full wp-image-12700 alignright\" title=\"Muchos ni\u00f1os son v\u00edctimas de la violencia en el \u00e1mbito familiar. \u00a9 Brian Harrington Spier (Flickr)\" src=\"https:\/\/www.humanium.org\/fr\/wp-content\/uploads\/2011\/08\/maltraitance-brian-harrington-spier-flickr1.jpg\" alt=\"\" width=\"227\" height=\"185\" \/><\/p>\n<p>El castigo corporal sigue estando vigente entre una poblaci\u00f3n que no comprende los efectos nocivos que estos abusos pueden causar a sus v\u00edctimas. A menudo, el castigo corporal es percibido como el \u00fanico medio efectivo de castigar a los ni\u00f1os, sobre todo en el contexto familiar y escolar. Es necesario que la mentalidad del pa\u00eds evolucione y tome conciencia de las consecuencias f\u00edsicas y ps\u00edquicas que estos castigos pueden provocar en los ni\u00f1os. Para ello, se necesita crear leyes que ilegalicen expl\u00edcita y definitivamente tales pr\u00e1cticas.<\/p>\n<p>La violencia en el \u00e1mbito familiar rara vez es denunciada, y menos a\u00fan, castigada. Los efectos de esta violencia en las j\u00f3venes son particularmente preocupantes.<\/p>\n<p><a href=\"https:\/\/www.humanium.org\/es\/trabajo-infantil\/\"><strong>Trabajo infantil<br \/>\n<\/strong><\/a><br \/>\nTal es la situaci\u00f3n econ\u00f3mica del pa\u00eds que alrededor de uno de cada diez ni\u00f1os tiene que trabajar para ayudar al mantenimiento econ\u00f3mico de la familia. La legislaci\u00f3n vigente no contempla este problemade nefastas consecuencias para los ni\u00f1os. \u00c9stos son empleados en cualquier parte (lavando coches, como vendedores ambulantes, etc.) y en cualquier sector (en granjas, en restaurantes, en el servicio dom\u00e9stico, etc.).<\/p>\n<p>Se estima que, en total, hay unos 200.000 ni\u00f1os con edades comprendidas entre los 5 y los 14 a\u00f1os que forman parte de la poblaci\u00f3n activa, y que cerca de 65.000 trabajan sin cobrar. Las condiciones son agotadoras y repercuten negativamente en su salud, educaci\u00f3n y bienestar.<\/p>\n<p>La necesidad de obtener dinero lleva a varios de estos ni\u00f1os a introducirse en el mundo de la delincuencia. All\u00ed, son explotados por los traficantes de drogas o del mercado sexual, siendo v\u00edctimas de abusos f\u00edsicos y sexuales.<\/p>\n<p><a href=\"https:\/\/www.humanium.org\/es\/derecho-identidad\/\"><strong>Derecho a la identidad<\/strong><\/a><\/p>\n<p><img loading=\"lazy\" decoding=\"async\" class=\"alignright size-full wp-image-12701\" title=\"El derecho a la identidad no est\u00e1 completamente garantizado para todos los ni\u00f1os de Tayikist\u00e1n. \u00a9 IFDC Photography (Flickr)\" src=\"https:\/\/www.humanium.org\/fr\/wp-content\/uploads\/2011\/08\/identite-ifdc-photography-flickr.jpg\" alt=\"\" width=\"168\" height=\"200\" \/><\/p>\n<p>En Tayikist\u00e1n, m\u00e1s del 10% de los nacimientos no se registran de manera oficial. Debido a las barreras econ\u00f3micas y administrativas, las familias se ven alentadas a no registrar el nacimiento de sus hijos. Como resultado, estos ni\u00f1os carecen de identidad oficial y de nacionalidad.<\/p>\n<p>Esta situaci\u00f3n, adem\u00e1s, acarrea consecuencias a largo plazo para las personas afectadas. De este modo, y puesto que oficialmente y a ojos de la sociedad estas personas <a href=\"https:\/\/www.humanium.org\/es\/apatridas-invisibles\/\">no existen<\/a>, no pueden disfrutar de sus derechos.<\/p>\n","protected":false},"excerpt":{"rendered":"<p>Ni\u00f1os de Tayikist\u00e1n Descubriendo los Derechos del Ni\u00f1o en Tayikist\u00e1n Tayikist\u00e1n ha atravesado situaciones muy duras en los \u00faltimos a\u00f1os: una guerra civil, varias crisis socioecon\u00f3micas, pobreza, corrupci\u00f3n; situaciones de las que los ni\u00f1os no se han librado. No obstante, el respeto de sus derechos se ha visto reforzado \u00faltimamente, aunque estos a\u00fan permanecen vulnerables. [&hellip;]<\/p>\n","protected":false},"author":1,"featured_media":0,"parent":0,"menu_order":0,"comment_status":"closed","ping_status":"open","template":"","meta":{"footnotes":""},"class_list":["post-2382","page","type-page","status-publish","hentry"],"yoast_head":"<!-- This site is optimized with the Yoast SEO plugin v26.5 - https:\/\/yoast.com\/wordpress\/plugins\/seo\/ -->\n<title>Ni\u00f1os de Tayikist\u00e1n - Humanium<\/title>\n<meta name=\"description\" content=\"Tayikist\u00e1n, que ha pasado por dificiles situaciones, ha reforzado el respeto de los derechos de los ni\u00f1os, Sin embargo estos a\u00fan permanecen vulnerables.\" \/>\n<meta name=\"robots\" content=\"index, follow, max-snippet:-1, max-image-preview:large, max-video-preview:-1\" \/>\n<link rel=\"canonical\" href=\"https:\/\/www.humanium.org\/es\/tayikistan\/\" \/>\n<meta property=\"og:locale\" content=\"es_ES\" \/>\n<meta property=\"og:type\" content=\"article\" \/>\n<meta property=\"og:title\" content=\"Ni\u00f1os de Tayikist\u00e1n - Humanium\" \/>\n<meta property=\"og:description\" content=\"Tayikist\u00e1n, que ha pasado por dificiles situaciones, ha reforzado el respeto de los derechos de los ni\u00f1os, Sin embargo estos a\u00fan permanecen vulnerables.\" \/>\n<meta property=\"og:url\" content=\"https:\/\/www.humanium.org\/es\/tayikistan\/\" \/>\n<meta property=\"og:site_name\" content=\"Humanium\" \/>\n<meta property=\"article:modified_time\" content=\"2025-12-05T17:49:05+00:00\" \/>\n<meta name=\"twitter:card\" content=\"summary_large_image\" \/>\n<meta name=\"twitter:label1\" content=\"Tiempo de lectura\" \/>\n\t<meta name=\"twitter:data1\" content=\"6 minutos\" \/>\n<script type=\"application\/ld+json\" class=\"yoast-schema-graph\">{\"@context\":\"https:\/\/schema.org\",\"@graph\":[{\"@type\":\"WebPage\",\"@id\":\"https:\/\/www.humanium.org\/es\/tayikistan\/\",\"url\":\"https:\/\/www.humanium.org\/es\/tayikistan\/\",\"name\":\"Ni\u00f1os de Tayikist\u00e1n - Humanium\",\"isPartOf\":{\"@id\":\"https:\/\/www.humanium.org\/es\/#website\"},\"primaryImageOfPage\":{\"@id\":\"https:\/\/www.humanium.org\/es\/tayikistan\/#primaryimage\"},\"image\":{\"@id\":\"https:\/\/www.humanium.org\/es\/tayikistan\/#primaryimage\"},\"thumbnailUrl\":\"https:\/\/www.humanium.org\/fr\/wp-content\/uploads\/2011\/08\/fillette-chenevier-flickr.jpg\",\"datePublished\":\"2013-06-30T22:02:26+00:00\",\"dateModified\":\"2025-12-05T17:49:05+00:00\",\"description\":\"Tayikist\u00e1n, que ha pasado por dificiles situaciones, ha reforzado el respeto de los derechos de los ni\u00f1os, Sin embargo estos a\u00fan permanecen vulnerables.\",\"breadcrumb\":{\"@id\":\"https:\/\/www.humanium.org\/es\/tayikistan\/#breadcrumb\"},\"inLanguage\":\"es\",\"potentialAction\":[{\"@type\":\"ReadAction\",\"target\":[\"https:\/\/www.humanium.org\/es\/tayikistan\/\"]}]},{\"@type\":\"ImageObject\",\"inLanguage\":\"es\",\"@id\":\"https:\/\/www.humanium.org\/es\/tayikistan\/#primaryimage\",\"url\":\"https:\/\/www.humanium.org\/fr\/wp-content\/uploads\/2011\/08\/fillette-chenevier-flickr.jpg\",\"contentUrl\":\"https:\/\/www.humanium.org\/fr\/wp-content\/uploads\/2011\/08\/fillette-chenevier-flickr.jpg\"},{\"@type\":\"BreadcrumbList\",\"@id\":\"https:\/\/www.humanium.org\/es\/tayikistan\/#breadcrumb\",\"itemListElement\":[{\"@type\":\"ListItem\",\"position\":1,\"name\":\"Home\",\"item\":\"https:\/\/www.humanium.org\/es\/\"},{\"@type\":\"ListItem\",\"position\":2,\"name\":\"Ni\u00f1os de Tayikist\u00e1n\"}]},{\"@type\":\"WebSite\",\"@id\":\"https:\/\/www.humanium.org\/es\/#website\",\"url\":\"https:\/\/www.humanium.org\/es\/\",\"name\":\"Humanium\",\"description\":\"\u00a1Los ni\u00f1os primero!\",\"potentialAction\":[{\"@type\":\"SearchAction\",\"target\":{\"@type\":\"EntryPoint\",\"urlTemplate\":\"https:\/\/www.humanium.org\/es\/?s={search_term_string}\"},\"query-input\":{\"@type\":\"PropertyValueSpecification\",\"valueRequired\":true,\"valueName\":\"search_term_string\"}}],\"inLanguage\":\"es\"}]}<\/script>\n<!-- \/ Yoast SEO plugin. -->","yoast_head_json":{"title":"Ni\u00f1os de Tayikist\u00e1n - Humanium","description":"Tayikist\u00e1n, que ha pasado por dificiles situaciones, ha reforzado el respeto de los derechos de los ni\u00f1os, Sin embargo estos a\u00fan permanecen vulnerables.","robots":{"index":"index","follow":"follow","max-snippet":"max-snippet:-1","max-image-preview":"max-image-preview:large","max-video-preview":"max-video-preview:-1"},"canonical":"https:\/\/www.humanium.org\/es\/tayikistan\/","og_locale":"es_ES","og_type":"article","og_title":"Ni\u00f1os de Tayikist\u00e1n - Humanium","og_description":"Tayikist\u00e1n, que ha pasado por dificiles situaciones, ha reforzado el respeto de los derechos de los ni\u00f1os, Sin embargo estos a\u00fan permanecen vulnerables.","og_url":"https:\/\/www.humanium.org\/es\/tayikistan\/","og_site_name":"Humanium","article_modified_time":"2025-12-05T17:49:05+00:00","twitter_card":"summary_large_image","twitter_misc":{"Tiempo de lectura":"6 minutos"},"schema":{"@context":"https:\/\/schema.org","@graph":[{"@type":"WebPage","@id":"https:\/\/www.humanium.org\/es\/tayikistan\/","url":"https:\/\/www.humanium.org\/es\/tayikistan\/","name":"Ni\u00f1os de Tayikist\u00e1n - Humanium","isPartOf":{"@id":"https:\/\/www.humanium.org\/es\/#website"},"primaryImageOfPage":{"@id":"https:\/\/www.humanium.org\/es\/tayikistan\/#primaryimage"},"image":{"@id":"https:\/\/www.humanium.org\/es\/tayikistan\/#primaryimage"},"thumbnailUrl":"https:\/\/www.humanium.org\/fr\/wp-content\/uploads\/2011\/08\/fillette-chenevier-flickr.jpg","datePublished":"2013-06-30T22:02:26+00:00","dateModified":"2025-12-05T17:49:05+00:00","description":"Tayikist\u00e1n, que ha pasado por dificiles situaciones, ha reforzado el respeto de los derechos de los ni\u00f1os, Sin embargo estos a\u00fan permanecen vulnerables.","breadcrumb":{"@id":"https:\/\/www.humanium.org\/es\/tayikistan\/#breadcrumb"},"inLanguage":"es","potentialAction":[{"@type":"ReadAction","target":["https:\/\/www.humanium.org\/es\/tayikistan\/"]}]},{"@type":"ImageObject","inLanguage":"es","@id":"https:\/\/www.humanium.org\/es\/tayikistan\/#primaryimage","url":"https:\/\/www.humanium.org\/fr\/wp-content\/uploads\/2011\/08\/fillette-chenevier-flickr.jpg","contentUrl":"https:\/\/www.humanium.org\/fr\/wp-content\/uploads\/2011\/08\/fillette-chenevier-flickr.jpg"},{"@type":"BreadcrumbList","@id":"https:\/\/www.humanium.org\/es\/tayikistan\/#breadcrumb","itemListElement":[{"@type":"ListItem","position":1,"name":"Home","item":"https:\/\/www.humanium.org\/es\/"},{"@type":"ListItem","position":2,"name":"Ni\u00f1os de Tayikist\u00e1n"}]},{"@type":"WebSite","@id":"https:\/\/www.humanium.org\/es\/#website","url":"https:\/\/www.humanium.org\/es\/","name":"Humanium","description":"\u00a1Los ni\u00f1os primero!","potentialAction":[{"@type":"SearchAction","target":{"@type":"EntryPoint","urlTemplate":"https:\/\/www.humanium.org\/es\/?s={search_term_string}"},"query-input":{"@type":"PropertyValueSpecification","valueRequired":true,"valueName":"search_term_string"}}],"inLanguage":"es"}]}},"_links":{"self":[{"href":"https:\/\/www.humanium.org\/es\/wp-json\/wp\/v2\/pages\/2382","targetHints":{"allow":["GET"]}}],"collection":[{"href":"https:\/\/www.humanium.org\/es\/wp-json\/wp\/v2\/pages"}],"about":[{"href":"https:\/\/www.humanium.org\/es\/wp-json\/wp\/v2\/types\/page"}],"author":[{"embeddable":true,"href":"https:\/\/www.humanium.org\/es\/wp-json\/wp\/v2\/users\/1"}],"replies":[{"embeddable":true,"href":"https:\/\/www.humanium.org\/es\/wp-json\/wp\/v2\/comments?post=2382"}],"version-history":[{"count":4,"href":"https:\/\/www.humanium.org\/es\/wp-json\/wp\/v2\/pages\/2382\/revisions"}],"predecessor-version":[{"id":20440,"href":"https:\/\/www.humanium.org\/es\/wp-json\/wp\/v2\/pages\/2382\/revisions\/20440"}],"wp:attachment":[{"href":"https:\/\/www.humanium.org\/es\/wp-json\/wp\/v2\/media?parent=2382"}],"curies":[{"name":"wp","href":"https:\/\/api.w.org\/{rel}","templated":true}]}}