{"id":283,"date":"2012-11-28T10:12:22","date_gmt":"2012-11-28T10:12:22","guid":{"rendered":"http:\/\/www.humanium.org\/es\/?page_id=283"},"modified":"2025-12-05T18:12:58","modified_gmt":"2025-12-05T18:12:58","slug":"enfoques-tematicos","status":"publish","type":"page","link":"https:\/\/www.humanium.org\/es\/enfoques-tematicos\/","title":{"rendered":"Enfoques tem\u00e1ticos"},"content":{"rendered":"\n<div class=\"wp-block-columns is-layout-flex wp-container-core-columns-is-layout-9d6595d7 wp-block-columns-is-layout-flex\">\n<div class=\"wp-block-column is-layout-flow wp-block-column-is-layout-flow\" style=\"flex-basis:33.33%\">\n<figure class=\"wp-block-image size-large\"><img decoding=\"async\" src=\"https:\/\/www.humanium.org\/fr\/wp-content\/uploads\/2020\/10\/env_rights_defender_300x300.jpg\" alt=\"\"\/><\/figure>\n<\/div>\n\n\n\n<div class=\"wp-block-column is-layout-flow wp-block-column-is-layout-flow\" style=\"flex-basis:66.66%\">\n<h2 class=\"wp-block-heading\">Ambiente<\/h2>\n\n\n\n<p>La emergencia clim\u00e1tica global afecta a los ni\u00f1os de manera desproporcionada. El presente y el futuro de los ni\u00f1os de todo el mundo se ven seriamente amenazados por los da\u00f1os ambientales, y los ni\u00f1os m\u00e1s desfavorecidos y vulnerables son los m\u00e1s afectados.<\/p>\n\n\n\n<ul class=\"wp-block-list\"><li><a href=\"https:\/\/www.humanium.org\/es\/enfoques-tematicos\/ambiente\/derechos-medioambientales\/\">Derechos medioambientales<\/a><\/li><li><a href=\"https:\/\/www.humanium.org\/es\/enfoques-tematicos\/ambiente\/emergencia-climatica\/\">Emergencia clim\u00e1tica<\/a><\/li><li><a href=\"https:\/\/www.humanium.org\/es\/enfoques-tematicos\/ambiente\/jovenes-defensores-de-los-derechos-ambientales\/\">J\u00f3venes defensores de los derechos ambientales<\/a><\/li><li><a href=\"https:\/\/www.humanium.org\/es\/enfoques-tematicos\/ambiente\/ninos-refugiados-climaticos\/\">Ni\u00f1os refugiados clim\u00e1ticos<\/a><\/li><\/ul>\n<\/div>\n<\/div>\n\n\n\n<hr class=\"wp-block-separator\"\/>\n\n\n\n<div class=\"wp-block-columns is-layout-flex wp-container-core-columns-is-layout-9d6595d7 wp-block-columns-is-layout-flex\">\n<div class=\"wp-block-column is-layout-flow wp-block-column-is-layout-flow\" style=\"flex-basis:33.33%\">\n<figure class=\"wp-block-image size-large is-style-default\"><img decoding=\"async\" src=\"https:\/\/www.humanium.org\/fr\/wp-content\/uploads\/2012\/07\/street-children-henri-ismail1.jpg\" alt=\"\"\/><\/figure>\n<\/div>\n\n\n\n<div class=\"wp-block-column is-layout-flow wp-block-column-is-layout-flow\" style=\"flex-basis:66.66%\">\n<h2 class=\"wp-block-heading\">Pobreza<\/h2>\n\n\n\n<p>La pobreza afecta a todas las sociedades y alcanza principalmente a los ni\u00f1os. Es la primera causa de violaciones de sus derechos y provoca la muerte de un ni\u00f1o cada tres segundos.<\/p>\n\n\n\n<ul class=\"wp-block-list\"><li><a href=\"https:\/\/www.humanium.org\/es\/enfoques-tematicos\/pobreza\/pobreza-infantil\/\">Pobreza infantil<\/a><\/li><li><a href=\"https:\/\/www.humanium.org\/es\/enfoques-tematicos\/pobreza\/ninos-calle\/\">Ni\u00f1os de la calle<\/a><\/li><li>Ni\u00f1os en zonas urbanas\/ zonas rurales<\/li><\/ul>\n<\/div>\n<\/div>\n\n\n\n<hr class=\"wp-block-separator\"\/>\n\n\n\n<div class=\"wp-block-columns is-layout-flex wp-container-core-columns-is-layout-9d6595d7 wp-block-columns-is-layout-flex\">\n<div class=\"wp-block-column is-layout-flow wp-block-column-is-layout-flow\" style=\"flex-basis:33.33%\">\n<figure class=\"wp-block-image size-large is-style-default\"><img loading=\"lazy\" decoding=\"async\" width=\"1024\" height=\"683\" src=\"https:\/\/www.humanium.org\/es\/wp-content\/uploads\/2021\/05\/shutterstock_1208688316-1024x683.jpg\" alt=\"\" class=\"wp-image-15736\" srcset=\"https:\/\/www.humanium.org\/es\/wp-content\/uploads\/2021\/05\/shutterstock_1208688316-1024x683.jpg 1024w, https:\/\/www.humanium.org\/es\/wp-content\/uploads\/2021\/05\/shutterstock_1208688316-300x200.jpg 300w, https:\/\/www.humanium.org\/es\/wp-content\/uploads\/2021\/05\/shutterstock_1208688316-768x512.jpg 768w, https:\/\/www.humanium.org\/es\/wp-content\/uploads\/2021\/05\/shutterstock_1208688316-1536x1024.jpg 1536w, https:\/\/www.humanium.org\/es\/wp-content\/uploads\/2021\/05\/shutterstock_1208688316-2048x1365.jpg 2048w, https:\/\/www.humanium.org\/es\/wp-content\/uploads\/2021\/05\/shutterstock_1208688316-830x553.jpg 830w, https:\/\/www.humanium.org\/es\/wp-content\/uploads\/2021\/05\/shutterstock_1208688316-230x153.jpg 230w, https:\/\/www.humanium.org\/es\/wp-content\/uploads\/2021\/05\/shutterstock_1208688316-350x233.jpg 350w, https:\/\/www.humanium.org\/es\/wp-content\/uploads\/2021\/05\/shutterstock_1208688316-480x320.jpg 480w, https:\/\/www.humanium.org\/es\/wp-content\/uploads\/2021\/05\/shutterstock_1208688316-272x182.jpg 272w\" sizes=\"auto, (max-width: 1024px) 100vw, 1024px\" \/><\/figure>\n<\/div>\n\n\n\n<div class=\"wp-block-column is-layout-flow wp-block-column-is-layout-flow\" style=\"flex-basis:66.66%\">\n<h2 class=\"wp-block-heading\">Explotaci\u00f3n<\/h2>\n\n\n\n<p>Ya sea para fines de explotaci\u00f3n sexual, comercial o m\u00e9dica, millones de ni\u00f1os son explotados en todo el mundo; son a menudo v\u00edctimas de tratos y castigos crueles, viven en el terror.<\/p>\n\n\n\n<ul class=\"wp-block-list\"><li><a href=\"https:\/\/www.humanium.org\/es\/trata-ninos\/\">Trata de ni\u00f1os<\/a><\/li><li><a href=\"https:\/\/www.humanium.org\/es\/trabajo-infantil\/\">Trabajo infantil<\/a><\/li><li><a href=\"https:\/\/www.humanium.org\/es\/explotacion-sexual-infantil\/\">Explotaci\u00f3n sexual infantil<\/a><\/li><li><a href=\"https:\/\/www.humanium.org\/es\/prostitucion-infantil\/\">Prostituci\u00f3n infantil<\/a><\/li><\/ul>\n<\/div>\n<\/div>\n\n\n\n<hr class=\"wp-block-separator\"\/>\n\n\n\n<div class=\"wp-block-columns is-layout-flex wp-container-core-columns-is-layout-9d6595d7 wp-block-columns-is-layout-flex\">\n<div class=\"wp-block-column is-layout-flow wp-block-column-is-layout-flow\" style=\"flex-basis:33.33%\">\n<figure class=\"wp-block-image size-large is-style-default\"><img decoding=\"async\" src=\"https:\/\/www.humanium.org\/fr\/wp-content\/uploads\/2012\/07\/enfants-soldats-%C2%A9-CICR-T.A.Voeten-lr-e-00068-www.icrc_.org_.jpg\" alt=\"\"\/><\/figure>\n<\/div>\n\n\n\n<div class=\"wp-block-column is-layout-flow wp-block-column-is-layout-flow\" style=\"flex-basis:66.66%\">\n<h2 class=\"wp-block-heading\">Violencia<\/h2>\n\n\n\n<p>Reclutados a la fuerza en el ej\u00e9rcito, v\u00edctimas de maltrato o nacidos en un pa\u00eds en guerra, estos ni\u00f1os son vulnerables y se vuelven presas f\u00e1ciles para los adultos.<\/p>\n\n\n\n<ul class=\"wp-block-list\"><li><a href=\"https:\/\/www.humanium.org\/es\/ninos-guerra\/\">Ni\u00f1os en contextos b\u00e9licos<\/a><\/li><li><a href=\"https:\/\/www.humanium.org\/es\/ninos-soldado\/\">Ni\u00f1os soldado<\/a><\/li><li><a href=\"https:\/\/www.humanium.org\/es\/abuso-infantil\/\">Abuso infantil<\/a><\/li><li><a href=\"https:\/\/www.humanium.org\/es\/ninos-violentos\/\">Ni\u00f1os violentos<\/a><\/li><\/ul>\n<\/div>\n<\/div>\n\n\n\n<hr class=\"wp-block-separator\"\/>\n\n\n\n<div class=\"wp-block-columns is-layout-flex wp-container-core-columns-is-layout-9d6595d7 wp-block-columns-is-layout-flex\">\n<div class=\"wp-block-column is-layout-flow wp-block-column-is-layout-flow\" style=\"flex-basis:33.33%\">\n<figure class=\"wp-block-image size-large is-style-default\"><img decoding=\"async\" src=\"https:\/\/www.humanium.org\/fr\/wp-content\/uploads\/2012\/07\/united-nations-photo-flickr-notouch.jpg\" alt=\"\"\/><\/figure>\n<\/div>\n\n\n\n<div class=\"wp-block-column is-layout-flow wp-block-column-is-layout-flow\" style=\"flex-basis:66.66%\">\n<h2 class=\"wp-block-heading\">Discriminaci\u00f3n<\/h2>\n\n\n\n<p>La Convention Internationale des Droits de l\u2019Enfant interdit toutes les formes de discriminations fond\u00e9es sur le sexe, l\u2019origine, la sant\u00e9 \u2026 Pourtant des distinctions perdurent dans de nombreux \u00c9tats.<\/p>\n\n\n\n<ul class=\"wp-block-list\"><li><a href=\"https:\/\/www.humanium.org\/es\/no-discriminacion\/\">No discriminaci\u00f3n<\/a><\/li><li>Ni\u00f1os de grupos minoritarios<\/li><li><a href=\"https:\/\/www.humanium.org\/es\/ninos-discapacitados\/\">Ni\u00f1os discapacitados<\/a><\/li><li><a href=\"https:\/\/www.humanium.org\/es\/derechos-ninas\/\">Derechos de las Ni\u00f1as<\/a><\/li><li><a href=\"https:\/\/www.humanium.org\/es\/enfoques-tematicos\/discriminacion\/derechos-nino-lgbtq\/\">Derechos del Ni\u00f1o LGBTQ<\/a><\/li><\/ul>\n<\/div>\n<\/div>\n\n\n\n<hr class=\"wp-block-separator\"\/>\n\n\n\n<div class=\"wp-block-columns is-layout-flex wp-container-core-columns-is-layout-9d6595d7 wp-block-columns-is-layout-flex\">\n<div class=\"wp-block-column is-layout-flow wp-block-column-is-layout-flow\" style=\"flex-basis:33.33%\">\n<figure class=\"wp-block-image size-large is-style-default\"><img decoding=\"async\" src=\"https:\/\/www.humanium.org\/fr\/wp-content\/uploads\/2012\/07\/marriage-india-WUNRN.jpg\" alt=\"\"\/><\/figure>\n<\/div>\n\n\n\n<div class=\"wp-block-column is-layout-flow wp-block-column-is-layout-flow\" style=\"flex-basis:66.66%\">\n<h2 class=\"wp-block-heading\">Pr\u00e1cticas culturales<\/h2>\n\n\n\n<p>A menudo basadas en la tradici\u00f3n, el objetivo de las pr\u00e1cticas es vincular al ni\u00f1o a su cultura, su familia y su sociedad. Sin embargo, cuando se violan los derechos del ni\u00f1o estas pr\u00e1cticas pueden tener consecuencias dram\u00e1ticas.<\/p>\n\n\n\n<ul class=\"wp-block-list\"><li><a href=\"https:\/\/www.humanium.org\/es\/religion\/\">Ni\u00f1os y religi\u00f3n<\/a><\/li><li><a href=\"https:\/\/www.humanium.org\/es\/matrimonio-infantil\/\">Matrimonio infantil<\/a><\/li><li><a href=\"https:\/\/www.humanium.org\/es\/mutilacion-genital\/\">Mutilaci\u00f3n genital<\/a><\/li><li><a href=\"https:\/\/www.humanium.org\/es\/infanticidio\/\">Infanticidio<\/a><\/li><\/ul>\n<\/div>\n<\/div>\n\n\n\n<hr class=\"wp-block-separator\"\/>\n\n\n\n<div class=\"wp-block-columns is-layout-flex wp-container-core-columns-is-layout-9d6595d7 wp-block-columns-is-layout-flex\">\n<div class=\"wp-block-column is-layout-flow wp-block-column-is-layout-flow\" style=\"flex-basis:33.33%\">\n<figure class=\"wp-block-image size-large is-style-default\"><img decoding=\"async\" src=\"https:\/\/www.humanium.org\/fr\/wp-content\/uploads\/2011\/08\/sante-sidewalksundays-flickr-notouch.jpg\" alt=\"\"\/><\/figure>\n<\/div>\n\n\n\n<div class=\"wp-block-column is-layout-flow wp-block-column-is-layout-flow\" style=\"flex-basis:66.66%\">\n<h2 class=\"wp-block-heading\">Salud<\/h2>\n\n\n\n<p>El derecho a la salud es uno de los m\u00e1s importantes. La negligencia y la falta de cuidado y acceso a &nbsp;la asistencia sanitaria y a una alimentaci\u00f3n equilibrada ponen en peligro la vida de muchos ni\u00f1os.<\/p>\n\n\n\n<ul class=\"wp-block-list\"><li><a href=\"https:\/\/www.humanium.org\/es\/mortalidad-infantil\/\">Mortalidad infantil<\/a> <\/li><li><a href=\"https:\/\/www.humanium.org\/es\/la-sexualidad-de-los-adolescentes\/\">La sexualidad de los adolescentes<\/a><\/li><li><a href=\"https:\/\/www.humanium.org\/es\/suicidio-infantil\/\">Suicidio infantil<\/a><\/li><li><a href=\"https:\/\/www.humanium.org\/es\/ninos-sida\/\">Ni\u00f1os y el SIDA<\/a><\/li><li><a href=\"https:\/\/www.humanium.org\/es\/la-infancia-y-la-dependencia-drogas-alcohol\/\">La infancia y la dependencia<\/a><\/li><li><a href=\"https:\/\/www.humanium.org\/es\/ninos-enfermos\/\">Ni\u00f1os enfermos<\/a><\/li><\/ul>\n<\/div>\n<\/div>\n\n\n\n<hr class=\"wp-block-separator\"\/>\n\n\n\n<div class=\"wp-block-columns is-layout-flex wp-container-core-columns-is-layout-9d6595d7 wp-block-columns-is-layout-flex\">\n<div class=\"wp-block-column is-layout-flow wp-block-column-is-layout-flow\" style=\"flex-basis:33.33%\">\n<figure class=\"wp-block-image size-large is-style-default\"><img decoding=\"async\" src=\"https:\/\/www.humanium.org\/fr\/wp-content\/uploads\/2012\/07\/Kidnapped-boy-called-Yang.jpg\" alt=\"\"\/><\/figure>\n<\/div>\n\n\n\n<div class=\"wp-block-column is-layout-flow wp-block-column-is-layout-flow\" style=\"flex-basis:66.66%\">\n<h2 class=\"wp-block-heading\">Aislamiento y desarraigo<\/h2>\n\n\n\n<p>Los ni\u00f1os hu\u00e9rfanos, secuestrados o desplazados en tiempo de guerra o de cat\u00e1strofes naturales son aislados de sus familias y su pa\u00eds. Sin protecci\u00f3n, est\u00e1n m\u00e1s expuestos a la violaci\u00f3n de sus derechos.<\/p>\n\n\n\n<ul class=\"wp-block-list\"><li><a href=\"https:\/\/www.humanium.org\/es\/ninos-huerfanos\/\">Ni\u00f1os hu\u00e9rfanos<\/a><\/li><li><a href=\"https:\/\/www.humanium.org\/es\/ninos-desplazados\/\">Ni\u00f1os desplazados<\/a><\/li><li><a href=\"https:\/\/www.humanium.org\/es\/familia-derecho-nino\/\">Familia y Derechos del Ni\u00f1o<\/a><\/li><li><a href=\"https:\/\/www.humanium.org\/es\/ninos-desaparecidos\/\">Ni\u00f1os desaparecidos<\/a><\/li><li><a href=\"https:\/\/www.humanium.org\/es\/apatridas-invisibles\/\">Ap\u00e1tridas e invisibles<\/a><\/li><\/ul>\n<\/div>\n<\/div>\n\n\n\n<hr class=\"wp-block-separator\"\/>\n\n\n\n<div class=\"wp-block-columns is-layout-flex wp-container-core-columns-is-layout-9d6595d7 wp-block-columns-is-layout-flex\">\n<div class=\"wp-block-column is-layout-flow wp-block-column-is-layout-flow\" style=\"flex-basis:33.33%\">\n<figure class=\"wp-block-image size-large is-style-default\"><img decoding=\"async\" src=\"https:\/\/www.humanium.org\/fr\/wp-content\/uploads\/2012\/07\/balance_Stockbyte_gettyimage.jpg\" alt=\"\"\/><\/figure>\n\n\n\n<p><\/p>\n<\/div>\n\n\n\n<div class=\"wp-block-column is-layout-flow wp-block-column-is-layout-flow\" style=\"flex-basis:66.66%\">\n<h2 class=\"wp-block-heading\">Justicia para los ni\u00f1os<\/h2>\n\n\n\n<p>La mayor\u00eda de los pa\u00edses est\u00e1n de acuerdo en la necesidad de adoptar mejores soluciones jur\u00eddicas para satisfacer las necesidades de los ni\u00f1os. Sin embargo, muchos ni\u00f1os son v\u00edctimas de sistemas judiciales inadecuados e ineficientes.<\/p>\n\n\n\n<ul class=\"wp-block-list\"><li><a href=\"https:\/\/www.humanium.org\/es\/que-es-justicia\/\">\u00bfQu\u00e9 es la justicia?<\/a><\/li><li><a href=\"https:\/\/www.humanium.org\/es\/leyes-justicia-infantil-2\/\">Leyes Internacionales de Justicia Infantil<\/a><\/li><li><a href=\"https:\/\/www.humanium.org\/es\/ninos-sistema-judicial\/\">Ni\u00f1os en el Sistema Judicial<\/a><\/li><li><a href=\"https:\/\/www.humanium.org\/es\/justicia-juvenil\/\">Justicia juvenil<\/a><\/li><li><a href=\"https:\/\/www.humanium.org\/es\/ninos-detenidos\/\">Ni\u00f1os detenidos<\/a><\/li><li><a href=\"https:\/\/www.humanium.org\/es\/efectos-justicia-menores\/\">Efectos de la Justicia en menores<\/a><\/li><\/ul>\n<\/div>\n<\/div>\n","protected":false},"excerpt":{"rendered":"<p>Ambiente La emergencia clim\u00e1tica global afecta a los ni\u00f1os de manera desproporcionada. El presente y el futuro de los ni\u00f1os de todo el mundo se ven seriamente amenazados por los da\u00f1os ambientales, y los ni\u00f1os m\u00e1s desfavorecidos y vulnerables son los m\u00e1s afectados. Derechos medioambientales Emergencia clim\u00e1tica J\u00f3venes defensores de los derechos ambientales Ni\u00f1os refugiados [&hellip;]<\/p>\n","protected":false},"author":1,"featured_media":0,"parent":0,"menu_order":0,"comment_status":"closed","ping_status":"closed","template":"","meta":{"footnotes":""},"class_list":["post-283","page","type-page","status-publish","hentry"],"yoast_head":"<!-- This site is optimized with the Yoast SEO plugin v26.5 - https:\/\/yoast.com\/wordpress\/plugins\/seo\/ -->\n<title>Enfoques tem\u00e1ticos - Humanium<\/title>\n<meta name=\"description\" content=\"Pobreza; explotaci\u00f3n; violencia; discriminaci\u00f3n; practicas culturales; salud; aislamiento y desarraigo; justicia para ni\u00f1os.\" \/>\n<meta name=\"robots\" content=\"index, follow, max-snippet:-1, max-image-preview:large, max-video-preview:-1\" \/>\n<link rel=\"canonical\" href=\"https:\/\/www.humanium.org\/es\/enfoques-tematicos\/\" \/>\n<meta property=\"og:locale\" content=\"es_ES\" \/>\n<meta property=\"og:type\" content=\"article\" \/>\n<meta property=\"og:title\" content=\"Enfoques tem\u00e1ticos - Humanium\" \/>\n<meta property=\"og:description\" content=\"Pobreza; explotaci\u00f3n; violencia; discriminaci\u00f3n; practicas culturales; salud; aislamiento y desarraigo; justicia para ni\u00f1os.\" \/>\n<meta property=\"og:url\" content=\"https:\/\/www.humanium.org\/es\/enfoques-tematicos\/\" \/>\n<meta property=\"og:site_name\" content=\"Humanium\" \/>\n<meta property=\"article:modified_time\" content=\"2025-12-05T18:12:58+00:00\" \/>\n<meta property=\"og:image\" content=\"https:\/\/www.humanium.org\/fr\/wp-content\/uploads\/2020\/10\/env_rights_defender_300x300.jpg\" \/>\n<meta name=\"twitter:card\" content=\"summary_large_image\" \/>\n<meta name=\"twitter:label1\" content=\"Tiempo de lectura\" \/>\n\t<meta name=\"twitter:data1\" content=\"4 minutos\" \/>\n<script type=\"application\/ld+json\" class=\"yoast-schema-graph\">{\"@context\":\"https:\/\/schema.org\",\"@graph\":[{\"@type\":\"WebPage\",\"@id\":\"https:\/\/www.humanium.org\/es\/enfoques-tematicos\/\",\"url\":\"https:\/\/www.humanium.org\/es\/enfoques-tematicos\/\",\"name\":\"Enfoques tem\u00e1ticos - Humanium\",\"isPartOf\":{\"@id\":\"https:\/\/www.humanium.org\/es\/#website\"},\"primaryImageOfPage\":{\"@id\":\"https:\/\/www.humanium.org\/es\/enfoques-tematicos\/#primaryimage\"},\"image\":{\"@id\":\"https:\/\/www.humanium.org\/es\/enfoques-tematicos\/#primaryimage\"},\"thumbnailUrl\":\"https:\/\/www.humanium.org\/fr\/wp-content\/uploads\/2020\/10\/env_rights_defender_300x300.jpg\",\"datePublished\":\"2012-11-28T10:12:22+00:00\",\"dateModified\":\"2025-12-05T18:12:58+00:00\",\"description\":\"Pobreza; explotaci\u00f3n; violencia; discriminaci\u00f3n; practicas culturales; salud; aislamiento y desarraigo; justicia para ni\u00f1os.\",\"breadcrumb\":{\"@id\":\"https:\/\/www.humanium.org\/es\/enfoques-tematicos\/#breadcrumb\"},\"inLanguage\":\"es\",\"potentialAction\":[{\"@type\":\"ReadAction\",\"target\":[\"https:\/\/www.humanium.org\/es\/enfoques-tematicos\/\"]}]},{\"@type\":\"ImageObject\",\"inLanguage\":\"es\",\"@id\":\"https:\/\/www.humanium.org\/es\/enfoques-tematicos\/#primaryimage\",\"url\":\"https:\/\/www.humanium.org\/fr\/wp-content\/uploads\/2020\/10\/env_rights_defender_300x300.jpg\",\"contentUrl\":\"https:\/\/www.humanium.org\/fr\/wp-content\/uploads\/2020\/10\/env_rights_defender_300x300.jpg\"},{\"@type\":\"BreadcrumbList\",\"@id\":\"https:\/\/www.humanium.org\/es\/enfoques-tematicos\/#breadcrumb\",\"itemListElement\":[{\"@type\":\"ListItem\",\"position\":1,\"name\":\"Home\",\"item\":\"https:\/\/www.humanium.org\/es\/\"},{\"@type\":\"ListItem\",\"position\":2,\"name\":\"Enfoques tem\u00e1ticos\"}]},{\"@type\":\"WebSite\",\"@id\":\"https:\/\/www.humanium.org\/es\/#website\",\"url\":\"https:\/\/www.humanium.org\/es\/\",\"name\":\"Humanium\",\"description\":\"\u00a1Los ni\u00f1os primero!\",\"potentialAction\":[{\"@type\":\"SearchAction\",\"target\":{\"@type\":\"EntryPoint\",\"urlTemplate\":\"https:\/\/www.humanium.org\/es\/?s={search_term_string}\"},\"query-input\":{\"@type\":\"PropertyValueSpecification\",\"valueRequired\":true,\"valueName\":\"search_term_string\"}}],\"inLanguage\":\"es\"}]}<\/script>\n<!-- \/ Yoast SEO plugin. -->","yoast_head_json":{"title":"Enfoques tem\u00e1ticos - Humanium","description":"Pobreza; explotaci\u00f3n; violencia; discriminaci\u00f3n; practicas culturales; salud; aislamiento y desarraigo; justicia para ni\u00f1os.","robots":{"index":"index","follow":"follow","max-snippet":"max-snippet:-1","max-image-preview":"max-image-preview:large","max-video-preview":"max-video-preview:-1"},"canonical":"https:\/\/www.humanium.org\/es\/enfoques-tematicos\/","og_locale":"es_ES","og_type":"article","og_title":"Enfoques tem\u00e1ticos - Humanium","og_description":"Pobreza; explotaci\u00f3n; violencia; discriminaci\u00f3n; practicas culturales; salud; aislamiento y desarraigo; justicia para ni\u00f1os.","og_url":"https:\/\/www.humanium.org\/es\/enfoques-tematicos\/","og_site_name":"Humanium","article_modified_time":"2025-12-05T18:12:58+00:00","og_image":[{"url":"https:\/\/www.humanium.org\/fr\/wp-content\/uploads\/2020\/10\/env_rights_defender_300x300.jpg","type":"","width":"","height":""}],"twitter_card":"summary_large_image","twitter_misc":{"Tiempo de lectura":"4 minutos"},"schema":{"@context":"https:\/\/schema.org","@graph":[{"@type":"WebPage","@id":"https:\/\/www.humanium.org\/es\/enfoques-tematicos\/","url":"https:\/\/www.humanium.org\/es\/enfoques-tematicos\/","name":"Enfoques tem\u00e1ticos - Humanium","isPartOf":{"@id":"https:\/\/www.humanium.org\/es\/#website"},"primaryImageOfPage":{"@id":"https:\/\/www.humanium.org\/es\/enfoques-tematicos\/#primaryimage"},"image":{"@id":"https:\/\/www.humanium.org\/es\/enfoques-tematicos\/#primaryimage"},"thumbnailUrl":"https:\/\/www.humanium.org\/fr\/wp-content\/uploads\/2020\/10\/env_rights_defender_300x300.jpg","datePublished":"2012-11-28T10:12:22+00:00","dateModified":"2025-12-05T18:12:58+00:00","description":"Pobreza; explotaci\u00f3n; violencia; discriminaci\u00f3n; practicas culturales; salud; aislamiento y desarraigo; justicia para ni\u00f1os.","breadcrumb":{"@id":"https:\/\/www.humanium.org\/es\/enfoques-tematicos\/#breadcrumb"},"inLanguage":"es","potentialAction":[{"@type":"ReadAction","target":["https:\/\/www.humanium.org\/es\/enfoques-tematicos\/"]}]},{"@type":"ImageObject","inLanguage":"es","@id":"https:\/\/www.humanium.org\/es\/enfoques-tematicos\/#primaryimage","url":"https:\/\/www.humanium.org\/fr\/wp-content\/uploads\/2020\/10\/env_rights_defender_300x300.jpg","contentUrl":"https:\/\/www.humanium.org\/fr\/wp-content\/uploads\/2020\/10\/env_rights_defender_300x300.jpg"},{"@type":"BreadcrumbList","@id":"https:\/\/www.humanium.org\/es\/enfoques-tematicos\/#breadcrumb","itemListElement":[{"@type":"ListItem","position":1,"name":"Home","item":"https:\/\/www.humanium.org\/es\/"},{"@type":"ListItem","position":2,"name":"Enfoques tem\u00e1ticos"}]},{"@type":"WebSite","@id":"https:\/\/www.humanium.org\/es\/#website","url":"https:\/\/www.humanium.org\/es\/","name":"Humanium","description":"\u00a1Los ni\u00f1os primero!","potentialAction":[{"@type":"SearchAction","target":{"@type":"EntryPoint","urlTemplate":"https:\/\/www.humanium.org\/es\/?s={search_term_string}"},"query-input":{"@type":"PropertyValueSpecification","valueRequired":true,"valueName":"search_term_string"}}],"inLanguage":"es"}]}},"_links":{"self":[{"href":"https:\/\/www.humanium.org\/es\/wp-json\/wp\/v2\/pages\/283","targetHints":{"allow":["GET"]}}],"collection":[{"href":"https:\/\/www.humanium.org\/es\/wp-json\/wp\/v2\/pages"}],"about":[{"href":"https:\/\/www.humanium.org\/es\/wp-json\/wp\/v2\/types\/page"}],"author":[{"embeddable":true,"href":"https:\/\/www.humanium.org\/es\/wp-json\/wp\/v2\/users\/1"}],"replies":[{"embeddable":true,"href":"https:\/\/www.humanium.org\/es\/wp-json\/wp\/v2\/comments?post=283"}],"version-history":[{"count":23,"href":"https:\/\/www.humanium.org\/es\/wp-json\/wp\/v2\/pages\/283\/revisions"}],"predecessor-version":[{"id":20696,"href":"https:\/\/www.humanium.org\/es\/wp-json\/wp\/v2\/pages\/283\/revisions\/20696"}],"wp:attachment":[{"href":"https:\/\/www.humanium.org\/es\/wp-json\/wp\/v2\/media?parent=283"}],"curies":[{"name":"wp","href":"https:\/\/api.w.org\/{rel}","templated":true}]}}