{"id":3123,"date":"2013-07-29T20:09:36","date_gmt":"2013-07-29T20:09:36","guid":{"rendered":"http:\/\/www.humanium.org\/es\/?page_id=3123"},"modified":"2025-12-05T18:05:59","modified_gmt":"2025-12-05T18:05:59","slug":"marruecos-y-el-sahara-occidental","status":"publish","type":"page","link":"https:\/\/www.humanium.org\/es\/marruecos-y-el-sahara-occidental\/","title":{"rendered":"Ni\u00f1os de Marruecos y el Sahara Occidental"},"content":{"rendered":"<h1>Ni\u00f1os de Marruecos y el Sahara Occidental<\/h1>\n<h2>Descubriendo los Derechos del Ni\u00f1o en Marruecos y el Sahara Occidental<\/h2>\n<p style=\"text-align: center;\"><img loading=\"lazy\" decoding=\"async\" class=\"alignnone size-full wp-image-11424\" title=\"Ni\u00f1a marroqu\u00ed \u00a9 Julia Manzerova (flickr)\" src=\"https:\/\/www.humanium.org\/fr\/wp-content\/uploads\/2011\/01\/fillette-flickr-julia-manzerova.jpg\" alt=\"\" width=\"169\" height=\"200\" \/> <img loading=\"lazy\" decoding=\"async\" class=\"alignnone size-full wp-image-11425\" title=\"Ni\u00f1o marroqu\u00ed \u00a9 Angelias Travels (flickr)\" src=\"https:\/\/www.humanium.org\/fr\/wp-content\/uploads\/2011\/01\/garcon-angelias-travels-flickr.jpg\" alt=\"\" width=\"171\" height=\"200\" \/><\/p>\n<p>A pesar de los numerosos avances acontecidos en Marruecos en los \u00faltimos a\u00f1os en lo que a <a href=\"https:\/\/www.humanium.org\/es\/\">derechos de los ni\u00f1os<\/a> se refiere, en particular lo concerniente a educaci\u00f3n a\u00fan hoy en d\u00eda persisten las violaciones de los mismos, sobre todo en materias como la violencia sexual y la explotaci\u00f3n y el matrimonio infantil\u2026<\/p>\n<h3>Principales problemas que afectan a los ni\u00f1os en Marruecos y el Sahara Occidental:<\/h3>\n<p><a href=\"https:\/\/www.humanium.org\/es\/pobreza-infantil\/\"><strong>Pobreza<\/strong><\/a><\/p>\n<p><img loading=\"lazy\" decoding=\"async\" class=\"size-full wp-image-11432 alignright\" title=\"Una gran parte de la poblaci\u00f3n marroqu\u00ed vive por debajo del umbral de pobreza \u00a9 Antonio Perezrio (flickr)\" src=\"https:\/\/www.humanium.org\/fr\/wp-content\/uploads\/2011\/01\/pauvrete-pas-retoucher-flickr-antonio-perezrio.jpg\" alt=\"\" width=\"107\" height=\"161\" \/>El 15% de la poblaci\u00f3n vive por debajo del <a href=\"https:\/\/www.humanium.org\/es\/pobreza-infantil\/\">umbral de pobreza<\/a> (sobreviven con menos de 2 d\u00f3lares al d\u00eda).<\/p>\n<p>Sin embargo, la pobreza que antiguamente afectaba sobre todo a las \u00e1reas rurales ha disminuido considerablemente gracias a las medidas llevadas a cabo por el Reino de Marruecos.<\/p>\n<p><strong><a href=\"https:\/\/www.humanium.org\/es\/derecho-salud\/\">Derecho a la sanidad<\/a><\/strong><\/p>\n<p>Durante los \u00faltimos 5 a\u00f1os, la tasa de <a href=\"https:\/\/www.humanium.org\/es\/mortalidad-infantil\/\">mortalidad infantil<\/a> era bastante elevada, concretamente un 18.7 \u2030. Sin embargo, cabe mencionar que Marruecos ha realizado un gran esfuerzo para reducir est\u00e1 cifra.<\/p>\n<p>El Marruecos debe ahora ampliar y mejorar sus servicios de salud para que todos los ni\u00f1os tengan <a href=\"https:\/\/www.humanium.org\/es\/derecho-vida\/\">derecho a la vida. <\/a><\/p>\n<p><strong><a href=\"https:\/\/www.humanium.org\/es\/trabajo-infantil\/\">Trabajo infantil<\/a><\/strong><\/p>\n<p><img loading=\"lazy\" decoding=\"async\" class=\"size-full wp-image-11433 alignright\" title=\"Los ni\u00f1os que viven en m\u00e1s absoluta pobreza se ven obligados a trabajar \u00a9 International Year of the Child (flickr)\" src=\"https:\/\/www.humanium.org\/fr\/wp-content\/uploads\/2011\/01\/travail-enfant-flickr-united-nation-photos-no-touch.jpg\" alt=\"\" width=\"140\" height=\"200\" \/>En Marruecos, muchas familias viven bajo unas condiciones de vida deplorables, y en situaciones de extrema <a href=\"https:\/\/www.humanium.org\/es\/pobreza-infantil\/\">pobreza<\/a>. por lo que los ni\u00f1os se ven obligados a abandonar la escuela para buscar <a href=\"https:\/\/www.humanium.org\/es\/trabajo-infantil\/\">trabajo<\/a>.<\/p>\n<p>En la actualidad la explotaci\u00f3n infantil afecta al 8% de los ni\u00f1os entre 5 y 14 a\u00f1os de edad. Este fen\u00f3meno, que afecta principalmente a las ni\u00f1as, a\u00fan no se ha erradicado.<\/p>\n<p>Las ni\u00f1as a menudo se convierten en empleadas dom\u00e9sticas mientras que los ni\u00f1os venden pa\u00f1uelos o limpian zapatos en <a href=\"https:\/\/www.humanium.org\/es\/trabajo-infantil\/\">las calles<\/a>. Por lo que son explotados desde una edad muy temprana.<\/p>\n<p>A veces se ven obligados a prestar <a href=\"https:\/\/www.humanium.org\/es\/explotacion-sexual-infantil\/\">servicios sexuales<\/a>, por lo que son v\u00edctimas de <a href=\"https:\/\/www.humanium.org\/es\/abuso-infantil\/\">abusos y de la violencia.<\/a><\/p>\n<p>La explotaci\u00f3n infantil en Marruecos es parte de <a href=\"https:\/\/www.humanium.org\/es\/trata-ninos\/\">un tr\u00e1fico<\/a> que raramente es castigado por la ley. Sin embargo, en los \u00faltimos a\u00f1os se han llevado a cabo numerosos avances legislativos para ayudar a estos ni\u00f1os.<\/p>\n<p><strong><a href=\"https:\/\/www.humanium.org\/es\/derecho-educacion\/\">La educaci\u00f3n infantil<\/a><\/strong><\/p>\n<p><img loading=\"lazy\" decoding=\"async\" class=\"alignright size-medium wp-image-11434\" title=\"Algunos ni\u00f1os marroqu\u00edes no tienen acceso educaci\u00f3n \u00a9The photo strand (flickr)\" src=\"https:\/\/www.humanium.org\/fr\/wp-content\/uploads\/2011\/01\/maroc-education-the-photo-strand-flickr-300x148.jpg\" alt=\"\" width=\"221\" height=\"110\" \/>A pesar de que, desde 2002, la <a href=\"https:\/\/www.humanium.org\/es\/derecho-educacion\/\">escuela<\/a> es obligatoria y gratuita para todos los ni\u00f1os de entre 6 y 15 a\u00f1os, en la actualidad s\u00f3lo el 88% de los ni\u00f1os marroqu\u00edes ha recibido una educaci\u00f3n.<\/p>\n<p>Aunque la escuela es gratuita, los padres que viven en la m\u00e1s absoluta miseria no pueden hacer frente a los gastos en material escolar. Por lo que las familias a veces se ven obligadas a enviar a sus hijos a trabajar para ayudar a la manutenci\u00f3n del hogar. Por lo que uno de cada dos nu\u00f1os mayores de 10 a\u00f1os es analfabeto.<\/p>\n<p>Marruecos est\u00e1 trabajando duro para garantizar el <a href=\"https:\/\/www.humanium.org\/es\/derecho-educacion\/\">acceso a la educaci\u00f3n<\/a> de los m\u00e1s peque\u00f1os. Sin embargo, el Gobierno debe de trabajar de manera conjunta con la sociedad civil marroqu\u00ed para lograr una educaci\u00f3n universal.<\/p>\n<p><strong><a href=\"https:\/\/www.humanium.org\/es\/ninos-huerfanos\/\">Los ni\u00f1os hu\u00e9rfanos<\/a><\/strong><\/p>\n<p>Cada a\u00f1o, alrededor de 100 a 200 ni\u00f1os son abandonados en todo Marruecos. El embarazo fuera del matrimonio se considera pecado. Por lo que el temor a posibles repercusiones, hace que muchas madres solteras a menudo huyan de sus casas para ocultar su embarazo y luego abandonen a sus beb\u00e9s.<\/p>\n<p>Marruecos no tiene instituciones que acojan a la madre y al ni\u00f1o. Las madres no cuentan con el apoyo emocional y financiero adecuado y esto las obliga a tomar decisiones desesperadas, como el abandono de su hijo.<\/p>\n<p>UNICEF y la Liga Marroqu\u00ed para los ni\u00f1os han lanzado recientemente de manera conjunta una nueva campa\u00f1a denominada \u00abPrevenir el abandono de los ni\u00f1os\u00bb con el fin de resolver este problema.<\/p>\n<p><strong><a href=\"https:\/\/www.humanium.org\/es\/ninos-desplazados\/\">Ni\u00f1os migrantes<\/a><\/strong><\/p>\n<p><img loading=\"lazy\" decoding=\"async\" class=\"alignright size-medium wp-image-11435\" title=\"Marruecos es un lugar de paso para muchos inmigrantes \u00a9 Adam Axon (flickr)\" src=\"https:\/\/www.humanium.org\/fr\/wp-content\/uploads\/2011\/01\/maroc-migrants-flickr-adam-axon-300x180.jpg\" alt=\"\" width=\"224\" height=\"135\" \/>En los \u00faltimos a\u00f1os, Marruecos se ha convertido en un punto importante para la migraci\u00f3n antes de llegar a Europa. Para algunas mujeres y ni\u00f1os, las ciudades marroqu\u00edes se han convertido en sus residencias.<\/p>\n<p>Las condiciones de los <a href=\"https:\/\/www.humanium.org\/es\/ninos-desplazados\/\">ni\u00f1os migrantes desplazados <\/a> son dif\u00edciles ya que est\u00e1n afectados por problemas relacionados con la malnutrici\u00f3n y la salud. Y a menudo, se les niega su derecho a acceder a los servicios de sanidad, educaci\u00f3n o incluso justicia. Los ni\u00f1os migrantes que no est\u00e1n acompa\u00f1ados son m\u00e1s vulnerables al abuso y la explotaci\u00f3n durante su <a href=\"https:\/\/www.humanium.org\/es\/ninos-detenidos\/\">detenci\u00f3n<\/a>.<\/p>\n<p><strong><a href=\"https:\/\/www.humanium.org\/es\/explotacion-sexual-infantil\/\">Violencia sexual<\/a><\/strong><\/p>\n<p>Un creciente n\u00famero de ni\u00f1os marroqu\u00edes son <a href=\"https:\/\/www.humanium.org\/es\/explotacion-sexual-infantil\/\">son v\u00edctimas de abusos sexuales<\/a>. Este fen\u00f3meno social se ha extendido en las principales ciudades del Reino. Un informe de 2008 de la organizaci\u00f3n \u00abTouche pas \u00e0 mon enfant\u00bb, revel\u00f3 que, en muchos casos, los ni\u00f1os son v\u00edctimas de conocidos de sus padres o incluso de amigos de la familia.<\/p>\n<p>Los ni\u00f1os, vulnerables y asustados, conf\u00edan en estas personas. Por lo que la violaci\u00f3n, traumatiza al ni\u00f1o y les afecta psicol\u00f3gicamente.<\/p>\n<p>Es a\u00fan m\u00e1s sorprendente observar que los ni\u00f1os de menos de 8 a\u00f1os de edad son los m\u00e1s afectados por el comercio sexual. Esta situaci\u00f3n es grave para ellos debido a su edad, ya que no saben c\u00f3mo hacer la distinci\u00f3n entre el comportamiento amistoso y sexual.<\/p>\n<p>Las ni\u00f1as, al igual que los ni\u00f1os, son v\u00edctimas de abusos, como el acoso sexual, la prostituci\u00f3n, el turismo sexual, o incluso la violaci\u00f3n. La violaci\u00f3n, es el caso m\u00e1s extremo, ya que implica un trauma emocional mayor y muchas veces desemboca en un embarazo no deseado.<\/p>\n<p>En Marruecos, se necesita un verdadero cambio de mentalidad, porque en la actualidad, las sanciones impuestas a los ped\u00f3filos son demasiado laxas. Por otra parte, se deben de llevar a cabo reformas para concienciar a la poblaci\u00f3n y las instituciones p\u00fablicas de la<br \/>\nnecesidad de mejorar las condiciones sanitarias y reducir el n\u00famero de incidentes sexuales que afectan sobre todo a los m\u00e1s peque\u00f1os.<\/p>\n<p><strong><a href=\"https:\/\/www.humanium.org\/es\/matrimonio-infantil\/\">Matrimonio infantil<\/a><\/strong><\/p>\n<p>La edad legal para contraer matrimonio es de 18 a\u00f1os. Dos menores s\u00f3lo pueden unirse en matrimonio si cuentan con la autorizaci\u00f3n por parte del juzgado. Sin embargo, el 16% de las ni\u00f1as contraen <a href=\"https:\/\/www.humanium.org\/es\/matrimonio-infantil\/\">matrimonio<\/a> a edades mas tempranas. Algunas familias, para obtener la autorizaci\u00f3n presionan a sus hijos hasta que estos acceden a casarse.<\/p>\n<p>Normalmente estos matrimonios tienen graves consecuencias en la salud de los m\u00e1s peque\u00f1os, quienes no entienden la implicaci\u00f3n de esta uni\u00f3n.<\/p>\n","protected":false},"excerpt":{"rendered":"<p>Ni\u00f1os de Marruecos y el Sahara Occidental Descubriendo los Derechos del Ni\u00f1o en Marruecos y el Sahara Occidental A pesar de los numerosos avances acontecidos en Marruecos en los \u00faltimos a\u00f1os en lo que a derechos de los ni\u00f1os se refiere, en particular lo concerniente a educaci\u00f3n a\u00fan hoy en d\u00eda persisten las violaciones de [&hellip;]<\/p>\n","protected":false},"author":1,"featured_media":0,"parent":0,"menu_order":0,"comment_status":"closed","ping_status":"open","template":"","meta":{"footnotes":""},"class_list":["post-3123","page","type-page","status-publish","hentry"],"yoast_head":"<!-- This site is optimized with the Yoast SEO plugin v26.5 - https:\/\/yoast.com\/wordpress\/plugins\/seo\/ -->\n<title>Ni\u00f1os de Marruecos y el Sahara Occidental - Humanium<\/title>\n<meta name=\"description\" content=\"A pesar de los avances en Marruecos en lo que a derechos de los ni\u00f1os se refiere, a\u00fan persiste la violencia sexual, la explotaci\u00f3n y el matrimonio infantil.\" \/>\n<meta name=\"robots\" content=\"index, follow, max-snippet:-1, max-image-preview:large, max-video-preview:-1\" \/>\n<link rel=\"canonical\" href=\"https:\/\/www.humanium.org\/es\/marruecos-y-el-sahara-occidental\/\" \/>\n<meta property=\"og:locale\" content=\"es_ES\" \/>\n<meta property=\"og:type\" content=\"article\" \/>\n<meta property=\"og:title\" content=\"Ni\u00f1os de Marruecos y el Sahara Occidental - Humanium\" \/>\n<meta property=\"og:description\" content=\"A pesar de los avances en Marruecos en lo que a derechos de los ni\u00f1os se refiere, a\u00fan persiste la violencia sexual, la explotaci\u00f3n y el matrimonio infantil.\" \/>\n<meta property=\"og:url\" content=\"https:\/\/www.humanium.org\/es\/marruecos-y-el-sahara-occidental\/\" \/>\n<meta property=\"og:site_name\" content=\"Humanium\" \/>\n<meta property=\"article:modified_time\" content=\"2025-12-05T18:05:59+00:00\" \/>\n<meta name=\"twitter:card\" content=\"summary_large_image\" \/>\n<meta name=\"twitter:label1\" content=\"Tiempo de lectura\" \/>\n\t<meta name=\"twitter:data1\" content=\"7 minutos\" \/>\n<script type=\"application\/ld+json\" class=\"yoast-schema-graph\">{\"@context\":\"https:\/\/schema.org\",\"@graph\":[{\"@type\":\"WebPage\",\"@id\":\"https:\/\/www.humanium.org\/es\/marruecos-y-el-sahara-occidental\/\",\"url\":\"https:\/\/www.humanium.org\/es\/marruecos-y-el-sahara-occidental\/\",\"name\":\"Ni\u00f1os de Marruecos y el Sahara Occidental - Humanium\",\"isPartOf\":{\"@id\":\"https:\/\/www.humanium.org\/es\/#website\"},\"primaryImageOfPage\":{\"@id\":\"https:\/\/www.humanium.org\/es\/marruecos-y-el-sahara-occidental\/#primaryimage\"},\"image\":{\"@id\":\"https:\/\/www.humanium.org\/es\/marruecos-y-el-sahara-occidental\/#primaryimage\"},\"thumbnailUrl\":\"https:\/\/www.humanium.org\/fr\/wp-content\/uploads\/2011\/01\/fillette-flickr-julia-manzerova.jpg\",\"datePublished\":\"2013-07-29T20:09:36+00:00\",\"dateModified\":\"2025-12-05T18:05:59+00:00\",\"description\":\"A pesar de los avances en Marruecos en lo que a derechos de los ni\u00f1os se refiere, a\u00fan persiste la violencia sexual, la explotaci\u00f3n y el matrimonio infantil.\",\"breadcrumb\":{\"@id\":\"https:\/\/www.humanium.org\/es\/marruecos-y-el-sahara-occidental\/#breadcrumb\"},\"inLanguage\":\"es\",\"potentialAction\":[{\"@type\":\"ReadAction\",\"target\":[\"https:\/\/www.humanium.org\/es\/marruecos-y-el-sahara-occidental\/\"]}]},{\"@type\":\"ImageObject\",\"inLanguage\":\"es\",\"@id\":\"https:\/\/www.humanium.org\/es\/marruecos-y-el-sahara-occidental\/#primaryimage\",\"url\":\"https:\/\/www.humanium.org\/fr\/wp-content\/uploads\/2011\/01\/fillette-flickr-julia-manzerova.jpg\",\"contentUrl\":\"https:\/\/www.humanium.org\/fr\/wp-content\/uploads\/2011\/01\/fillette-flickr-julia-manzerova.jpg\"},{\"@type\":\"BreadcrumbList\",\"@id\":\"https:\/\/www.humanium.org\/es\/marruecos-y-el-sahara-occidental\/#breadcrumb\",\"itemListElement\":[{\"@type\":\"ListItem\",\"position\":1,\"name\":\"Home\",\"item\":\"https:\/\/www.humanium.org\/es\/\"},{\"@type\":\"ListItem\",\"position\":2,\"name\":\"Ni\u00f1os de Marruecos y el Sahara Occidental\"}]},{\"@type\":\"WebSite\",\"@id\":\"https:\/\/www.humanium.org\/es\/#website\",\"url\":\"https:\/\/www.humanium.org\/es\/\",\"name\":\"Humanium\",\"description\":\"\u00a1Los ni\u00f1os primero!\",\"potentialAction\":[{\"@type\":\"SearchAction\",\"target\":{\"@type\":\"EntryPoint\",\"urlTemplate\":\"https:\/\/www.humanium.org\/es\/?s={search_term_string}\"},\"query-input\":{\"@type\":\"PropertyValueSpecification\",\"valueRequired\":true,\"valueName\":\"search_term_string\"}}],\"inLanguage\":\"es\"}]}<\/script>\n<!-- \/ Yoast SEO plugin. -->","yoast_head_json":{"title":"Ni\u00f1os de Marruecos y el Sahara Occidental - Humanium","description":"A pesar de los avances en Marruecos en lo que a derechos de los ni\u00f1os se refiere, a\u00fan persiste la violencia sexual, la explotaci\u00f3n y el matrimonio infantil.","robots":{"index":"index","follow":"follow","max-snippet":"max-snippet:-1","max-image-preview":"max-image-preview:large","max-video-preview":"max-video-preview:-1"},"canonical":"https:\/\/www.humanium.org\/es\/marruecos-y-el-sahara-occidental\/","og_locale":"es_ES","og_type":"article","og_title":"Ni\u00f1os de Marruecos y el Sahara Occidental - Humanium","og_description":"A pesar de los avances en Marruecos en lo que a derechos de los ni\u00f1os se refiere, a\u00fan persiste la violencia sexual, la explotaci\u00f3n y el matrimonio infantil.","og_url":"https:\/\/www.humanium.org\/es\/marruecos-y-el-sahara-occidental\/","og_site_name":"Humanium","article_modified_time":"2025-12-05T18:05:59+00:00","twitter_card":"summary_large_image","twitter_misc":{"Tiempo de lectura":"7 minutos"},"schema":{"@context":"https:\/\/schema.org","@graph":[{"@type":"WebPage","@id":"https:\/\/www.humanium.org\/es\/marruecos-y-el-sahara-occidental\/","url":"https:\/\/www.humanium.org\/es\/marruecos-y-el-sahara-occidental\/","name":"Ni\u00f1os de Marruecos y el Sahara Occidental - Humanium","isPartOf":{"@id":"https:\/\/www.humanium.org\/es\/#website"},"primaryImageOfPage":{"@id":"https:\/\/www.humanium.org\/es\/marruecos-y-el-sahara-occidental\/#primaryimage"},"image":{"@id":"https:\/\/www.humanium.org\/es\/marruecos-y-el-sahara-occidental\/#primaryimage"},"thumbnailUrl":"https:\/\/www.humanium.org\/fr\/wp-content\/uploads\/2011\/01\/fillette-flickr-julia-manzerova.jpg","datePublished":"2013-07-29T20:09:36+00:00","dateModified":"2025-12-05T18:05:59+00:00","description":"A pesar de los avances en Marruecos en lo que a derechos de los ni\u00f1os se refiere, a\u00fan persiste la violencia sexual, la explotaci\u00f3n y el matrimonio infantil.","breadcrumb":{"@id":"https:\/\/www.humanium.org\/es\/marruecos-y-el-sahara-occidental\/#breadcrumb"},"inLanguage":"es","potentialAction":[{"@type":"ReadAction","target":["https:\/\/www.humanium.org\/es\/marruecos-y-el-sahara-occidental\/"]}]},{"@type":"ImageObject","inLanguage":"es","@id":"https:\/\/www.humanium.org\/es\/marruecos-y-el-sahara-occidental\/#primaryimage","url":"https:\/\/www.humanium.org\/fr\/wp-content\/uploads\/2011\/01\/fillette-flickr-julia-manzerova.jpg","contentUrl":"https:\/\/www.humanium.org\/fr\/wp-content\/uploads\/2011\/01\/fillette-flickr-julia-manzerova.jpg"},{"@type":"BreadcrumbList","@id":"https:\/\/www.humanium.org\/es\/marruecos-y-el-sahara-occidental\/#breadcrumb","itemListElement":[{"@type":"ListItem","position":1,"name":"Home","item":"https:\/\/www.humanium.org\/es\/"},{"@type":"ListItem","position":2,"name":"Ni\u00f1os de Marruecos y el Sahara Occidental"}]},{"@type":"WebSite","@id":"https:\/\/www.humanium.org\/es\/#website","url":"https:\/\/www.humanium.org\/es\/","name":"Humanium","description":"\u00a1Los ni\u00f1os primero!","potentialAction":[{"@type":"SearchAction","target":{"@type":"EntryPoint","urlTemplate":"https:\/\/www.humanium.org\/es\/?s={search_term_string}"},"query-input":{"@type":"PropertyValueSpecification","valueRequired":true,"valueName":"search_term_string"}}],"inLanguage":"es"}]}},"_links":{"self":[{"href":"https:\/\/www.humanium.org\/es\/wp-json\/wp\/v2\/pages\/3123","targetHints":{"allow":["GET"]}}],"collection":[{"href":"https:\/\/www.humanium.org\/es\/wp-json\/wp\/v2\/pages"}],"about":[{"href":"https:\/\/www.humanium.org\/es\/wp-json\/wp\/v2\/types\/page"}],"author":[{"embeddable":true,"href":"https:\/\/www.humanium.org\/es\/wp-json\/wp\/v2\/users\/1"}],"replies":[{"embeddable":true,"href":"https:\/\/www.humanium.org\/es\/wp-json\/wp\/v2\/comments?post=3123"}],"version-history":[{"count":4,"href":"https:\/\/www.humanium.org\/es\/wp-json\/wp\/v2\/pages\/3123\/revisions"}],"predecessor-version":[{"id":20514,"href":"https:\/\/www.humanium.org\/es\/wp-json\/wp\/v2\/pages\/3123\/revisions\/20514"}],"wp:attachment":[{"href":"https:\/\/www.humanium.org\/es\/wp-json\/wp\/v2\/media?parent=3123"}],"curies":[{"name":"wp","href":"https:\/\/api.w.org\/{rel}","templated":true}]}}