{"id":3212,"date":"2013-08-02T10:46:41","date_gmt":"2013-08-02T10:46:41","guid":{"rendered":"http:\/\/www.humanium.org\/es\/?page_id=3212"},"modified":"2025-12-05T18:02:21","modified_gmt":"2025-12-05T18:02:21","slug":"liechtenstein","status":"publish","type":"page","link":"https:\/\/www.humanium.org\/es\/liechtenstein\/","title":{"rendered":"Ni\u00f1os de Liechtenstein"},"content":{"rendered":"<h1>Ni\u00f1os de Liechtenstein<\/h1>\n<h2>Descubriendo los Derechos del Ni\u00f1o en Liechtenstein<\/h2>\n<p style=\"text-align: center;\"><img loading=\"lazy\" decoding=\"async\" class=\" wp-image-27256 alignnone\" title=\"Ni\u00f1a de Liechtenstein \u00a9Xuoan (flickr\" src=\"https:\/\/www.humanium.org\/fr\/wp-content\/uploads\/2012\/02\/fillette-en-rose-vauvau-flickr.jpg\" alt=\"\" width=\"153\" height=\"200\" \/> <img loading=\"lazy\" decoding=\"async\" class=\"alignnone wp-image-27262\" title=\"Ni\u00f1o de Liechtenstein\u00a9 Mccopa (flickr)\" src=\"https:\/\/www.humanium.org\/fr\/wp-content\/uploads\/2012\/02\/garcon-souriant-sola-deo-gloria-gettyimages.jpg\" alt=\"\" width=\"178\" height=\"200\" \/><\/p>\n<p>Liechtenstein no tiene nada de que avergonzarse en cuesti\u00f3n de protecci\u00f3n de los derechos del ni\u00f1o, ya que est\u00e1 muy cerca de los primeros puestos en el ranking del ICDE. De hecho la situaci\u00f3n de los ni\u00f1os es tan buena en parte, gracias a que el pa\u00eds es muy peque\u00f1o, lo que facilita la supervisi\u00f3n y aplicaci\u00f3n de la ley. Sin embargo, a\u00fan se pueden mejorar algunos aspectos.<\/p>\n<h3>Principales problemas a los que se enfrentan los ni\u00f1os en Liechtenstein:<\/h3>\n<p><a href=\"https:\/\/www.humanium.org\/es\/que-es-justicia\/\"><strong>Justicia<br \/>\n<\/strong><\/a><br \/>\n<img loading=\"lazy\" decoding=\"async\" class=\"alignright size-full wp-image-18659\" title=\"Los ni\u00f1os deben ser detenidos en las condiciones apropiadas \u00a9 Katerha (flickr)\" src=\"https:\/\/www.humanium.org\/fr\/wp-content\/uploads\/2012\/02\/barbele-katerha-flickr.jpg\" alt=\"\" width=\"200\" height=\"150\" \/>La ley en Liechtenstein no define claramente el tiempo m\u00e1ximo que una persona menor de 18 a\u00f1os puede pasar detenida antes de un juicio. Seg\u00fan la <a href=\"https:\/\/www.humanium.org\/es\/convencion\/\">Convenci\u00f3n sobre los Derechos del Ni\u00f1o<\/a>, el l\u00edmite deber\u00eda ser menor que el tiempo m\u00e1ximo permitido para los adultos. Los ni\u00f1os s\u00f3lo deben permanecer detenidos como \u00faltimo recurso, el menor tiempo posible y en condiciones adecuadas.<\/p>\n<p>Liechtenstein no tiene ej\u00e9rcito. Sin embargo en caso de una guerra o situaci\u00f3n de emergencia, los residentes pueden ser llamados a pelear y la ley no especifica un m\u00ednimo de edad para el reclutamiento. En teor\u00eda, los ni\u00f1os podr\u00edan participar.<\/p>\n<p>Igualmente, <a href=\"https:\/\/www.humanium.org\/es\/ninos-soldado\/\">el reclutamiento de ni\u00f1os en grupos militares<\/a> (nacionales o extranjeros) tampoco est\u00e1 prohibido por la ley.<\/p>\n<p><strong>Acogida de extranjeros<br \/>\n<\/strong><br \/>\nAunque Liechtenstein tiene un buen centro de acogida para los solicitantes de asilo, la ONG representante del centro ha informado que no siempre ha estado presente durante las entrevistas de evaluaci\u00f3n de los candidatos. La presencia de esta ONG garantiza que no exista ning\u00fan tipo de <a href=\"https:\/\/www.humanium.org\/es\/no-discriminacion\/\">discriminaci\u00f3n<\/a>.<\/p>\n<p>Adem\u00e1s, la <a href=\"https:\/\/www.humanium.org\/es\/apatridas-invisibles\/\">ciudadan\u00eda<\/a> es muy dif\u00edcil de conseguir en Liechtenstein. Los que no han intentado conseguirla por medio del matrimonio han tenido que vivir durante 30 a\u00f1os en el pa\u00eds (antes de cumplir los 20 a\u00f1os, los a\u00f1os vividos cuentan el doble). Tener doble nacionalidad es ilegal, as\u00ed que los ni\u00f1os que quieren ser liechtensteinianos deben renunciar a su nacionalidad anterior, lo que los aleja de su pa\u00eds de origen.<\/p>\n<p><a href=\"https:\/\/www.humanium.org\/es\/no-discriminacion\/\"><strong>Integraci\u00f3n de extranjeros<br \/>\n<\/strong><\/a><br \/>\nEl gobierno afirma tener controlados los movimientos racistas de extrema derecha que incitan a la violencia, algunos de ellos en las escuelas. Sin embargo la integraci\u00f3n de los extranjeros, que suponen un 35% de la poblaci\u00f3n, no es suficiente y pueden tener problemas para encontrar su lugar en la sociedad.<\/p>\n<p><img loading=\"lazy\" decoding=\"async\" class=\"alignright size-full wp-image-18660\" title=\"Los extranjeros est\u00e1n en desventaje en el colegio \u00a9 Alamosbasement (flickr)\" src=\"https:\/\/www.humanium.org\/fr\/wp-content\/uploads\/2012\/02\/ecole-alamosbasement-flickr.jpg\" alt=\"\" width=\"200\" height=\"150\" \/>El idioma es una barrera importante para los ni\u00f1os inmigrantes que no hablan alem\u00e1n, la lengua oficial del pa\u00eds. En el colegio tienen una considerable desventaja: sus notas no son tan buenas y no llevan a cabo tantos estudios como sus compa\u00f1eros liechtensteinianos.<\/p>\n<p><strong>Sexualidad<br \/>\n<\/strong><br \/>\nEl gobierno no presta suficiente atenci\u00f3n al tema de los embarazos en adolescentes. Se necesita aumentar el acceso de los adolescentes a la informaci\u00f3n sobre salud sexual, as\u00ed como la anticoncepci\u00f3n. Poner esta informaci\u00f3n al alcance de los j\u00f3venes es muy importante, ya que salvo en casos en los que la madre est\u00e1 en peligro o es menor de 14 a\u00f1os, el aborto en Liechtenstein es ilegal.<\/p>\n<p><a href=\"https:\/\/www.humanium.org\/es\/abuso-infantil\/\"><strong>Abuso<br \/>\n<\/strong><\/a><br \/>\n<img loading=\"lazy\" decoding=\"async\" class=\"alignright size-full wp-image-18661\" title=\"Muchos ni\u00f1os sufren abusos \u00a9 Henning K Vogelsang (gettyimages)\" src=\"https:\/\/www.humanium.org\/fr\/wp-content\/uploads\/2012\/02\/fillette-bulle-henning-k-vogelsang-gettyimages.jpg\" alt=\"\" width=\"186\" height=\"139\" \/>La violencia dom\u00e9stica es un problema preocupante debido a que muchos ni\u00f1os sufren malos tratos. La ley que proh\u00edbe el castigo corporal en la familia fue adoptada recientemente y a\u00fan persisten algunos h\u00e1bitos. La ayuda material y psicol\u00f3gica proporcionada por las autoridades no es suficiente para ayudar a las v\u00edctimas adecuadamente. Adem\u00e1s, los recientes esfuerzos para la sensibilizaci\u00f3n y formaci\u00f3n de unidades de polic\u00eda y personal m\u00e9dico sobre este tema tampoco alcanzan para tratar el tema de forma apropiada.<\/p>\n","protected":false},"excerpt":{"rendered":"<p>Ni\u00f1os de Liechtenstein Descubriendo los Derechos del Ni\u00f1o en Liechtenstein Liechtenstein no tiene nada de que avergonzarse en cuesti\u00f3n de protecci\u00f3n de los derechos del ni\u00f1o, ya que est\u00e1 muy cerca de los primeros puestos en el ranking del ICDE. De hecho la situaci\u00f3n de los ni\u00f1os es tan buena en parte, gracias a que [&hellip;]<\/p>\n","protected":false},"author":1,"featured_media":0,"parent":0,"menu_order":0,"comment_status":"closed","ping_status":"open","template":"","meta":{"footnotes":""},"class_list":["post-3212","page","type-page","status-publish","hentry"],"yoast_head":"<!-- This site is optimized with the Yoast SEO plugin v26.5 - https:\/\/yoast.com\/wordpress\/plugins\/seo\/ -->\n<title>Ni\u00f1os de Liechtenstein - Humanium<\/title>\n<meta name=\"description\" content=\"En cuesti\u00f3n de protecci\u00f3n de los derechos del ni\u00f1o, la situaci\u00f3n en Liechtenstein es realmente buena, Sin embargo el pa\u00eds a\u00fan puede hacer algunas mejoras.\" \/>\n<meta name=\"robots\" content=\"index, follow, max-snippet:-1, max-image-preview:large, max-video-preview:-1\" \/>\n<link rel=\"canonical\" href=\"https:\/\/www.humanium.org\/es\/liechtenstein\/\" \/>\n<meta property=\"og:locale\" content=\"es_ES\" \/>\n<meta property=\"og:type\" content=\"article\" \/>\n<meta property=\"og:title\" content=\"Ni\u00f1os de Liechtenstein - Humanium\" \/>\n<meta property=\"og:description\" content=\"En cuesti\u00f3n de protecci\u00f3n de los derechos del ni\u00f1o, la situaci\u00f3n en Liechtenstein es realmente buena, Sin embargo el pa\u00eds a\u00fan puede hacer algunas mejoras.\" \/>\n<meta property=\"og:url\" content=\"https:\/\/www.humanium.org\/es\/liechtenstein\/\" \/>\n<meta property=\"og:site_name\" content=\"Humanium\" \/>\n<meta property=\"article:modified_time\" content=\"2025-12-05T18:02:21+00:00\" \/>\n<meta name=\"twitter:card\" content=\"summary_large_image\" \/>\n<meta name=\"twitter:label1\" content=\"Tiempo de lectura\" \/>\n\t<meta name=\"twitter:data1\" content=\"4 minutos\" \/>\n<script type=\"application\/ld+json\" class=\"yoast-schema-graph\">{\"@context\":\"https:\/\/schema.org\",\"@graph\":[{\"@type\":\"WebPage\",\"@id\":\"https:\/\/www.humanium.org\/es\/liechtenstein\/\",\"url\":\"https:\/\/www.humanium.org\/es\/liechtenstein\/\",\"name\":\"Ni\u00f1os de Liechtenstein - Humanium\",\"isPartOf\":{\"@id\":\"https:\/\/www.humanium.org\/es\/#website\"},\"primaryImageOfPage\":{\"@id\":\"https:\/\/www.humanium.org\/es\/liechtenstein\/#primaryimage\"},\"image\":{\"@id\":\"https:\/\/www.humanium.org\/es\/liechtenstein\/#primaryimage\"},\"thumbnailUrl\":\"https:\/\/www.humanium.org\/fr\/wp-content\/uploads\/2012\/02\/fillette-en-rose-vauvau-flickr.jpg\",\"datePublished\":\"2013-08-02T10:46:41+00:00\",\"dateModified\":\"2025-12-05T18:02:21+00:00\",\"description\":\"En cuesti\u00f3n de protecci\u00f3n de los derechos del ni\u00f1o, la situaci\u00f3n en Liechtenstein es realmente buena, Sin embargo el pa\u00eds a\u00fan puede hacer algunas mejoras.\",\"breadcrumb\":{\"@id\":\"https:\/\/www.humanium.org\/es\/liechtenstein\/#breadcrumb\"},\"inLanguage\":\"es\",\"potentialAction\":[{\"@type\":\"ReadAction\",\"target\":[\"https:\/\/www.humanium.org\/es\/liechtenstein\/\"]}]},{\"@type\":\"ImageObject\",\"inLanguage\":\"es\",\"@id\":\"https:\/\/www.humanium.org\/es\/liechtenstein\/#primaryimage\",\"url\":\"https:\/\/www.humanium.org\/fr\/wp-content\/uploads\/2012\/02\/fillette-en-rose-vauvau-flickr.jpg\",\"contentUrl\":\"https:\/\/www.humanium.org\/fr\/wp-content\/uploads\/2012\/02\/fillette-en-rose-vauvau-flickr.jpg\"},{\"@type\":\"BreadcrumbList\",\"@id\":\"https:\/\/www.humanium.org\/es\/liechtenstein\/#breadcrumb\",\"itemListElement\":[{\"@type\":\"ListItem\",\"position\":1,\"name\":\"Home\",\"item\":\"https:\/\/www.humanium.org\/es\/\"},{\"@type\":\"ListItem\",\"position\":2,\"name\":\"Ni\u00f1os de Liechtenstein\"}]},{\"@type\":\"WebSite\",\"@id\":\"https:\/\/www.humanium.org\/es\/#website\",\"url\":\"https:\/\/www.humanium.org\/es\/\",\"name\":\"Humanium\",\"description\":\"\u00a1Los ni\u00f1os primero!\",\"potentialAction\":[{\"@type\":\"SearchAction\",\"target\":{\"@type\":\"EntryPoint\",\"urlTemplate\":\"https:\/\/www.humanium.org\/es\/?s={search_term_string}\"},\"query-input\":{\"@type\":\"PropertyValueSpecification\",\"valueRequired\":true,\"valueName\":\"search_term_string\"}}],\"inLanguage\":\"es\"}]}<\/script>\n<!-- \/ Yoast SEO plugin. -->","yoast_head_json":{"title":"Ni\u00f1os de Liechtenstein - Humanium","description":"En cuesti\u00f3n de protecci\u00f3n de los derechos del ni\u00f1o, la situaci\u00f3n en Liechtenstein es realmente buena, Sin embargo el pa\u00eds a\u00fan puede hacer algunas mejoras.","robots":{"index":"index","follow":"follow","max-snippet":"max-snippet:-1","max-image-preview":"max-image-preview:large","max-video-preview":"max-video-preview:-1"},"canonical":"https:\/\/www.humanium.org\/es\/liechtenstein\/","og_locale":"es_ES","og_type":"article","og_title":"Ni\u00f1os de Liechtenstein - Humanium","og_description":"En cuesti\u00f3n de protecci\u00f3n de los derechos del ni\u00f1o, la situaci\u00f3n en Liechtenstein es realmente buena, Sin embargo el pa\u00eds a\u00fan puede hacer algunas mejoras.","og_url":"https:\/\/www.humanium.org\/es\/liechtenstein\/","og_site_name":"Humanium","article_modified_time":"2025-12-05T18:02:21+00:00","twitter_card":"summary_large_image","twitter_misc":{"Tiempo de lectura":"4 minutos"},"schema":{"@context":"https:\/\/schema.org","@graph":[{"@type":"WebPage","@id":"https:\/\/www.humanium.org\/es\/liechtenstein\/","url":"https:\/\/www.humanium.org\/es\/liechtenstein\/","name":"Ni\u00f1os de Liechtenstein - Humanium","isPartOf":{"@id":"https:\/\/www.humanium.org\/es\/#website"},"primaryImageOfPage":{"@id":"https:\/\/www.humanium.org\/es\/liechtenstein\/#primaryimage"},"image":{"@id":"https:\/\/www.humanium.org\/es\/liechtenstein\/#primaryimage"},"thumbnailUrl":"https:\/\/www.humanium.org\/fr\/wp-content\/uploads\/2012\/02\/fillette-en-rose-vauvau-flickr.jpg","datePublished":"2013-08-02T10:46:41+00:00","dateModified":"2025-12-05T18:02:21+00:00","description":"En cuesti\u00f3n de protecci\u00f3n de los derechos del ni\u00f1o, la situaci\u00f3n en Liechtenstein es realmente buena, Sin embargo el pa\u00eds a\u00fan puede hacer algunas mejoras.","breadcrumb":{"@id":"https:\/\/www.humanium.org\/es\/liechtenstein\/#breadcrumb"},"inLanguage":"es","potentialAction":[{"@type":"ReadAction","target":["https:\/\/www.humanium.org\/es\/liechtenstein\/"]}]},{"@type":"ImageObject","inLanguage":"es","@id":"https:\/\/www.humanium.org\/es\/liechtenstein\/#primaryimage","url":"https:\/\/www.humanium.org\/fr\/wp-content\/uploads\/2012\/02\/fillette-en-rose-vauvau-flickr.jpg","contentUrl":"https:\/\/www.humanium.org\/fr\/wp-content\/uploads\/2012\/02\/fillette-en-rose-vauvau-flickr.jpg"},{"@type":"BreadcrumbList","@id":"https:\/\/www.humanium.org\/es\/liechtenstein\/#breadcrumb","itemListElement":[{"@type":"ListItem","position":1,"name":"Home","item":"https:\/\/www.humanium.org\/es\/"},{"@type":"ListItem","position":2,"name":"Ni\u00f1os de Liechtenstein"}]},{"@type":"WebSite","@id":"https:\/\/www.humanium.org\/es\/#website","url":"https:\/\/www.humanium.org\/es\/","name":"Humanium","description":"\u00a1Los ni\u00f1os primero!","potentialAction":[{"@type":"SearchAction","target":{"@type":"EntryPoint","urlTemplate":"https:\/\/www.humanium.org\/es\/?s={search_term_string}"},"query-input":{"@type":"PropertyValueSpecification","valueRequired":true,"valueName":"search_term_string"}}],"inLanguage":"es"}]}},"_links":{"self":[{"href":"https:\/\/www.humanium.org\/es\/wp-json\/wp\/v2\/pages\/3212","targetHints":{"allow":["GET"]}}],"collection":[{"href":"https:\/\/www.humanium.org\/es\/wp-json\/wp\/v2\/pages"}],"about":[{"href":"https:\/\/www.humanium.org\/es\/wp-json\/wp\/v2\/types\/page"}],"author":[{"embeddable":true,"href":"https:\/\/www.humanium.org\/es\/wp-json\/wp\/v2\/users\/1"}],"replies":[{"embeddable":true,"href":"https:\/\/www.humanium.org\/es\/wp-json\/wp\/v2\/comments?post=3212"}],"version-history":[{"count":3,"href":"https:\/\/www.humanium.org\/es\/wp-json\/wp\/v2\/pages\/3212\/revisions"}],"predecessor-version":[{"id":20501,"href":"https:\/\/www.humanium.org\/es\/wp-json\/wp\/v2\/pages\/3212\/revisions\/20501"}],"wp:attachment":[{"href":"https:\/\/www.humanium.org\/es\/wp-json\/wp\/v2\/media?parent=3212"}],"curies":[{"name":"wp","href":"https:\/\/api.w.org\/{rel}","templated":true}]}}